{"id":9758,"date":"2025-06-16T19:57:45","date_gmt":"2025-06-16T22:57:45","guid":{"rendered":"https:\/\/elkaminante.com.uy\/paquetes\/salvador-de-bahia-2\/"},"modified":"2026-05-15T14:47:34","modified_gmt":"2026-05-15T17:47:34","slug":"salvador-de-bahia-2","status":"publish","type":"product","link":"https:\/\/staging.elkaminante.com.uy\/en\/paquetes\/salvador-de-bahia-2\/","title":{"rendered":"Salvador de Bah\u00eda"},"content":{"rendered":"","protected":false},"excerpt":{"rendered":"<p><b>Salvador de Bah\u00eda,<\/b> la capital del estado de Bah\u00eda en el noreste de Brasil, es famosa por su arquitectura colonial portuguesa, su cultura afrobrasile\u00f1a y su costa tropical. El barrio de Pelourinho es su centro hist\u00f3rico, con calles de adoquines que se abren en grandes plazas, coloridos edificios e iglesias barrocas. Constituye una cita obligada por su singular diversidad cultural que se expresa en la mezcla de las tradiciones amerindias, europeas y africanas, las cuales se ven reflejadas en su gastronom\u00eda, folclore y en su producci\u00f3n artesanal. El clima c\u00e1lido de Salvador da Bah\u00eda se complementa de una gran cantidad de horas de sol anuales, lo que permite el amplio disfrute de sus playas.<\/p>\n","protected":false},"featured_media":9756,"template":"","meta":{"_acf_changed":false,"inline_featured_image":false},"product_brand":[],"product_cat":[28,1579],"product_tag":[4181,88,35,260,376,64,2054,558,2125,245,65,91,90,373,372,371,61,89,2953,1092,2952,93,92,374,119],"class_list":{"0":"post-9758","1":"product","2":"type-product","3":"status-publish","4":"has-post-thumbnail","6":"product_cat-paquetes","7":"product_cat-uruguay","8":"product_tag-28-de-junio-de-2026","9":"product_tag-america-del-sur","10":"product_tag-brasil","11":"product_tag-brasil-en-junio","12":"product_tag-brasil-en-salvador-de-bahia","13":"product_tag-desayuno","14":"product_tag-en-brasil","15":"product_tag-en-junio","16":"product_tag-en-salvador-de-bahia","17":"product_tag-junio","18":"product_tag-no-aplica","19":"product_tag-paquetes-a-america-del-sur","20":"product_tag-paquetes-a-brasil","21":"product_tag-paquetes-a-salvador-de-bahia","22":"product_tag-salvador-bahia","23":"product_tag-salvador-de-bahia","24":"product_tag-sin-destino","25":"product_tag-sudamerica","26":"product_tag-vacaciones-de-invierno","27":"product_tag-vacaciones-de-julio","28":"product_tag-vacaciones-julio","29":"product_tag-viajes-a-america-del-sur","30":"product_tag-viajes-a-brasil","31":"product_tag-viajes-a-salvador-de-bahia","32":"product_tag-vuelo-y-hotel","33":"entry","34":"has-media","36":"first","37":"instock","38":"shipping-taxable","39":"purchasable","40":"product-type-simple"},"acf":[],"yoast_head":"<!-- This site is optimized with the Yoast SEO plugin v27.6 - https:\/\/yoast.com\/product\/yoast-seo-wordpress\/ -->\n<title>Salvador de Bah\u00eda - El Kaminante<\/title>\n<meta name=\"robots\" content=\"noindex, follow, max-snippet:-1, max-image-preview:large, max-video-preview:-1\" \/>\n<meta property=\"og:locale\" content=\"en_US\" \/>\n<meta property=\"og:type\" content=\"article\" \/>\n<meta property=\"og:title\" content=\"Salvador de Bah\u00eda - El Kaminante\" \/>\n<meta property=\"og:description\" content=\"Salvador de Bah\u00eda, la capital del estado de Bah\u00eda en el noreste de Brasil, es famosa por su arquitectura colonial portuguesa, su cultura afrobrasile\u00f1a y su costa tropical. El barrio de Pelourinho es su centro hist\u00f3rico, con calles de adoquines que se abren en grandes plazas, coloridos edificios e iglesias barrocas. Constituye una cita obligada por su singular diversidad cultural que se expresa en la mezcla de las tradiciones amerindias, europeas y africanas, las cuales se ven reflejadas en su gastronom\u00eda, folclore y en su producci\u00f3n artesanal. El clima c\u00e1lido de Salvador da Bah\u00eda se complementa de una gran cantidad de horas de sol anuales, lo que permite el amplio disfrute de sus playas.\" \/>\n<meta property=\"og:url\" content=\"https:\/\/staging.elkaminante.com.uy\/paquetes\/salvador-de-bahia-2\/\" \/>\n<meta property=\"og:site_name\" content=\"El Kaminante\" \/>\n<meta property=\"article:modified_time\" content=\"2026-05-15T17:47:34+00:00\" \/>\n<meta property=\"og:image\" content=\"https:\/\/staging.elkaminante.com.uy\/wp-content\/uploads\/2025\/06\/PAQ47.webp\" \/>\n\t<meta property=\"og:image:width\" content=\"800\" \/>\n\t<meta property=\"og:image:height\" content=\"457\" \/>\n\t<meta property=\"og:image:type\" content=\"image\/webp\" \/>\n<meta name=\"twitter:card\" content=\"summary_large_image\" \/>\n<script type=\"application\/ld+json\" class=\"yoast-schema-graph\">{\"@context\":\"https:\\\/\\\/schema.org\",\"@graph\":[{\"@type\":\"WebPage\",\"@id\":\"https:\\\/\\\/staging.elkaminante.com.uy\\\/paquetes\\\/salvador-de-bahia-2\\\/\",\"url\":\"https:\\\/\\\/staging.elkaminante.com.uy\\\/paquetes\\\/salvador-de-bahia-2\\\/\",\"name\":\"Salvador de Bah\u00eda - El Kaminante\",\"isPartOf\":{\"@id\":\"https:\\\/\\\/staging.elkaminante.com.uy\\\/#website\"},\"primaryImageOfPage\":{\"@id\":\"https:\\\/\\\/staging.elkaminante.com.uy\\\/paquetes\\\/salvador-de-bahia-2\\\/#primaryimage\"},\"image\":{\"@id\":\"https:\\\/\\\/staging.elkaminante.com.uy\\\/paquetes\\\/salvador-de-bahia-2\\\/#primaryimage\"},\"thumbnailUrl\":\"https:\\\/\\\/staging.elkaminante.com.uy\\\/wp-content\\\/uploads\\\/2025\\\/06\\\/PAQ47.webp\",\"datePublished\":\"2025-06-16T22:57:45+00:00\",\"dateModified\":\"2026-05-15T17:47:34+00:00\",\"breadcrumb\":{\"@id\":\"https:\\\/\\\/staging.elkaminante.com.uy\\\/paquetes\\\/salvador-de-bahia-2\\\/#breadcrumb\"},\"inLanguage\":\"en-US\",\"potentialAction\":[{\"@type\":\"ReadAction\",\"target\":[\"https:\\\/\\\/staging.elkaminante.com.uy\\\/paquetes\\\/salvador-de-bahia-2\\\/\"]}]},{\"@type\":\"ImageObject\",\"inLanguage\":\"en-US\",\"@id\":\"https:\\\/\\\/staging.elkaminante.com.uy\\\/paquetes\\\/salvador-de-bahia-2\\\/#primaryimage\",\"url\":\"https:\\\/\\\/staging.elkaminante.com.uy\\\/wp-content\\\/uploads\\\/2025\\\/06\\\/PAQ47.webp\",\"contentUrl\":\"https:\\\/\\\/staging.elkaminante.com.uy\\\/wp-content\\\/uploads\\\/2025\\\/06\\\/PAQ47.webp\",\"width\":800,\"height\":457},{\"@type\":\"BreadcrumbList\",\"@id\":\"https:\\\/\\\/staging.elkaminante.com.uy\\\/paquetes\\\/salvador-de-bahia-2\\\/#breadcrumb\",\"itemListElement\":[{\"@type\":\"ListItem\",\"position\":1,\"name\":\"Inicio\",\"item\":\"https:\\\/\\\/staging.elkaminante.com.uy\\\/en\\\/\"},{\"@type\":\"ListItem\",\"position\":2,\"name\":\"Viajes por el mundo\",\"item\":\"https:\\\/\\\/staging.elkaminante.com.uy\\\/en\\\/paquetes\\\/\"},{\"@type\":\"ListItem\",\"position\":3,\"name\":\"Salvador de Bah\u00eda\"}]},{\"@type\":\"WebSite\",\"@id\":\"https:\\\/\\\/staging.elkaminante.com.uy\\\/#website\",\"url\":\"https:\\\/\\\/staging.elkaminante.com.uy\\\/\",\"name\":\"El Kaminante\",\"description\":\"Viajes &amp; Turismo\",\"publisher\":{\"@id\":\"https:\\\/\\\/staging.elkaminante.com.uy\\\/#organization\"},\"potentialAction\":[{\"@type\":\"SearchAction\",\"target\":{\"@type\":\"EntryPoint\",\"urlTemplate\":\"https:\\\/\\\/staging.elkaminante.com.uy\\\/?s={search_term_string}\"},\"query-input\":{\"@type\":\"PropertyValueSpecification\",\"valueRequired\":true,\"valueName\":\"search_term_string\"}}],\"inLanguage\":\"en-US\"},{\"@type\":\"Organization\",\"@id\":\"https:\\\/\\\/staging.elkaminante.com.uy\\\/#organization\",\"name\":\"El Kaminante\",\"url\":\"https:\\\/\\\/staging.elkaminante.com.uy\\\/\",\"logo\":{\"@type\":\"ImageObject\",\"inLanguage\":\"en-US\",\"@id\":\"https:\\\/\\\/staging.elkaminante.com.uy\\\/#\\\/schema\\\/logo\\\/image\\\/\",\"url\":\"https:\\\/\\\/staging.elkaminante.com.uy\\\/wp-content\\\/uploads\\\/2025\\\/02\\\/logo-elkaminante-blanco.svg\",\"contentUrl\":\"https:\\\/\\\/staging.elkaminante.com.uy\\\/wp-content\\\/uploads\\\/2025\\\/02\\\/logo-elkaminante-blanco.svg\",\"caption\":\"El Kaminante\"},\"image\":{\"@id\":\"https:\\\/\\\/staging.elkaminante.com.uy\\\/#\\\/schema\\\/logo\\\/image\\\/\"}}]}<\/script>\n<!-- \/ Yoast SEO plugin. -->","yoast_head_json":{"title":"Salvador de Bah\u00eda - El Kaminante","robots":{"index":"noindex","follow":"follow","max-snippet":"max-snippet:-1","max-image-preview":"max-image-preview:large","max-video-preview":"max-video-preview:-1"},"og_locale":"en_US","og_type":"article","og_title":"Salvador de Bah\u00eda - El Kaminante","og_description":"Salvador de Bah\u00eda, la capital del estado de Bah\u00eda en el noreste de Brasil, es famosa por su arquitectura colonial portuguesa, su cultura afrobrasile\u00f1a y su costa tropical. El barrio de Pelourinho es su centro hist\u00f3rico, con calles de adoquines que se abren en grandes plazas, coloridos edificios e iglesias barrocas. Constituye una cita obligada por su singular diversidad cultural que se expresa en la mezcla de las tradiciones amerindias, europeas y africanas, las cuales se ven reflejadas en su gastronom\u00eda, folclore y en su producci\u00f3n artesanal. El clima c\u00e1lido de Salvador da Bah\u00eda se complementa de una gran cantidad de horas de sol anuales, lo que permite el amplio disfrute de sus playas.","og_url":"https:\/\/staging.elkaminante.com.uy\/paquetes\/salvador-de-bahia-2\/","og_site_name":"El Kaminante","article_modified_time":"2026-05-15T17:47:34+00:00","og_image":[{"width":800,"height":457,"url":"https:\/\/staging.elkaminante.com.uy\/wp-content\/uploads\/2025\/06\/PAQ47.webp","type":"image\/webp"}],"twitter_card":"summary_large_image","schema":{"@context":"https:\/\/schema.org","@graph":[{"@type":"WebPage","@id":"https:\/\/staging.elkaminante.com.uy\/paquetes\/salvador-de-bahia-2\/","url":"https:\/\/staging.elkaminante.com.uy\/paquetes\/salvador-de-bahia-2\/","name":"Salvador de Bah\u00eda - El Kaminante","isPartOf":{"@id":"https:\/\/staging.elkaminante.com.uy\/#website"},"primaryImageOfPage":{"@id":"https:\/\/staging.elkaminante.com.uy\/paquetes\/salvador-de-bahia-2\/#primaryimage"},"image":{"@id":"https:\/\/staging.elkaminante.com.uy\/paquetes\/salvador-de-bahia-2\/#primaryimage"},"thumbnailUrl":"https:\/\/staging.elkaminante.com.uy\/wp-content\/uploads\/2025\/06\/PAQ47.webp","datePublished":"2025-06-16T22:57:45+00:00","dateModified":"2026-05-15T17:47:34+00:00","breadcrumb":{"@id":"https:\/\/staging.elkaminante.com.uy\/paquetes\/salvador-de-bahia-2\/#breadcrumb"},"inLanguage":"en-US","potentialAction":[{"@type":"ReadAction","target":["https:\/\/staging.elkaminante.com.uy\/paquetes\/salvador-de-bahia-2\/"]}]},{"@type":"ImageObject","inLanguage":"en-US","@id":"https:\/\/staging.elkaminante.com.uy\/paquetes\/salvador-de-bahia-2\/#primaryimage","url":"https:\/\/staging.elkaminante.com.uy\/wp-content\/uploads\/2025\/06\/PAQ47.webp","contentUrl":"https:\/\/staging.elkaminante.com.uy\/wp-content\/uploads\/2025\/06\/PAQ47.webp","width":800,"height":457},{"@type":"BreadcrumbList","@id":"https:\/\/staging.elkaminante.com.uy\/paquetes\/salvador-de-bahia-2\/#breadcrumb","itemListElement":[{"@type":"ListItem","position":1,"name":"Inicio","item":"https:\/\/staging.elkaminante.com.uy\/en\/"},{"@type":"ListItem","position":2,"name":"Viajes por el mundo","item":"https:\/\/staging.elkaminante.com.uy\/en\/paquetes\/"},{"@type":"ListItem","position":3,"name":"Salvador de Bah\u00eda"}]},{"@type":"WebSite","@id":"https:\/\/staging.elkaminante.com.uy\/#website","url":"https:\/\/staging.elkaminante.com.uy\/","name":"El Kaminante","description":"Viajes &amp; Turismo","publisher":{"@id":"https:\/\/staging.elkaminante.com.uy\/#organization"},"potentialAction":[{"@type":"SearchAction","target":{"@type":"EntryPoint","urlTemplate":"https:\/\/staging.elkaminante.com.uy\/?s={search_term_string}"},"query-input":{"@type":"PropertyValueSpecification","valueRequired":true,"valueName":"search_term_string"}}],"inLanguage":"en-US"},{"@type":"Organization","@id":"https:\/\/staging.elkaminante.com.uy\/#organization","name":"El Kaminante","url":"https:\/\/staging.elkaminante.com.uy\/","logo":{"@type":"ImageObject","inLanguage":"en-US","@id":"https:\/\/staging.elkaminante.com.uy\/#\/schema\/logo\/image\/","url":"https:\/\/staging.elkaminante.com.uy\/wp-content\/uploads\/2025\/02\/logo-elkaminante-blanco.svg","contentUrl":"https:\/\/staging.elkaminante.com.uy\/wp-content\/uploads\/2025\/02\/logo-elkaminante-blanco.svg","caption":"El Kaminante"},"image":{"@id":"https:\/\/staging.elkaminante.com.uy\/#\/schema\/logo\/image\/"}}]}},"_links":{"self":[{"href":"https:\/\/staging.elkaminante.com.uy\/en\/wp-json\/wp\/v2\/product\/9758","targetHints":{"allow":["GET"]}}],"collection":[{"href":"https:\/\/staging.elkaminante.com.uy\/en\/wp-json\/wp\/v2\/product"}],"about":[{"href":"https:\/\/staging.elkaminante.com.uy\/en\/wp-json\/wp\/v2\/types\/product"}],"wp:featuredmedia":[{"embeddable":true,"href":"https:\/\/staging.elkaminante.com.uy\/en\/wp-json\/wp\/v2\/media\/9756"}],"wp:attachment":[{"href":"https:\/\/staging.elkaminante.com.uy\/en\/wp-json\/wp\/v2\/media?parent=9758"}],"wp:term":[{"taxonomy":"product_brand","embeddable":true,"href":"https:\/\/staging.elkaminante.com.uy\/en\/wp-json\/wp\/v2\/product_brand?post=9758"},{"taxonomy":"product_cat","embeddable":true,"href":"https:\/\/staging.elkaminante.com.uy\/en\/wp-json\/wp\/v2\/product_cat?post=9758"},{"taxonomy":"product_tag","embeddable":true,"href":"https:\/\/staging.elkaminante.com.uy\/en\/wp-json\/wp\/v2\/product_tag?post=9758"}],"curies":[{"name":"wp","href":"https:\/\/api.w.org\/{rel}","templated":true}]}}