{"id":13111,"date":"2026-05-08T11:18:11","date_gmt":"2026-05-08T14:18:11","guid":{"rendered":"https:\/\/elkaminante.com.uy\/paquetes\/londres-fashion-week\/"},"modified":"2026-05-15T14:49:05","modified_gmt":"2026-05-15T17:49:05","slug":"londres-fashion-week","status":"publish","type":"product","link":"https:\/\/staging.elkaminante.com.uy\/en\/paquetes\/londres-fashion-week\/","title":{"rendered":"Londres Fashion Week"},"content":{"rendered":"","protected":false},"excerpt":{"rendered":"<p><b>Londres<\/b> es una ciudad apasionante, con un ambiente \u00fanico, una mezcla entre lo m\u00e1s tradicional de los ingleses y la modernidad de una ciudad a la vanguardia, pero sin olvidar la herencia del imperio brit\u00e1nico, que ha propiciado en esta ciudad una mezcla cultural que te sorprender\u00e1 en cada esquina.Es una de las resaltantes ciudades de Europa, capital de Inglaterra y de Reino Unido; es una ciudad cuya historia data de milenios atr\u00e1s y fue fundada originalmente bajo el nombre de Londinium, guardando hasta la actualidad lo m\u00e1s importante de su cultura y tradiciones medievales. <i>Principales atractivos tur\u00edsticos:<\/i> Big Ben, la Torre de Londres, la Abad\u00eda de Westminster, la Catedral de St. Paul, el Museo Madame Tussaud, el Palacio de Buckingham, el Palacio de Kensington, Piccadilly Circus, el Hyde Park, Borough Market y el barrio Notting Hill entre otros.<\/p>\n","protected":false},"featured_media":13109,"template":"","meta":{"_acf_changed":false,"inline_featured_image":false},"product_brand":[],"product_cat":[28,1579],"product_tag":[2155,2156,2074,124,4687,4686,504,502,4689,65,126,507,505,4685,503,511,2284,667,666,3854,120,61,128,508,506,119],"class_list":{"0":"post-13111","1":"product","2":"type-product","3":"status-publish","4":"has-post-thumbnail","6":"product_cat-paquetes","7":"product_cat-uruguay","8":"product_tag-en-londres","9":"product_tag-en-reino-unido","10":"product_tag-en-setiembre","11":"product_tag-europa","12":"product_tag-flash","13":"product_tag-flash-sale","14":"product_tag-inglaterra","15":"product_tag-londres","16":"product_tag-londres-fashion-week","17":"product_tag-no-aplica","18":"product_tag-paquetes-a-europa","19":"product_tag-paquetes-a-londres","20":"product_tag-paquetes-a-reino-unido","21":"product_tag-promo-flash","22":"product_tag-reino-unido","23":"product_tag-reino-unido-en-londres","24":"product_tag-reino-unido-en-setiembre","25":"product_tag-septiembre","26":"product_tag-setiembre","27":"product_tag-setiembre-2026","28":"product_tag-sin-comidas","29":"product_tag-sin-destino","30":"product_tag-viajes-a-europa","31":"product_tag-viajes-a-londres","32":"product_tag-viajes-a-reino-unido","33":"product_tag-vuelo-y-hotel","34":"entry","35":"has-media","37":"first","38":"instock","39":"shipping-taxable","40":"purchasable","41":"product-type-simple"},"acf":[],"yoast_head":"<!-- This site is optimized with the Yoast SEO plugin v27.6 - https:\/\/yoast.com\/product\/yoast-seo-wordpress\/ -->\n<title>Londres Fashion Week - El Kaminante<\/title>\n<meta name=\"robots\" content=\"noindex, follow, max-snippet:-1, max-image-preview:large, max-video-preview:-1\" \/>\n<meta property=\"og:locale\" content=\"en_US\" \/>\n<meta property=\"og:type\" content=\"article\" \/>\n<meta property=\"og:title\" content=\"Londres Fashion Week - El Kaminante\" \/>\n<meta property=\"og:description\" content=\"Londres es una ciudad apasionante, con un ambiente \u00fanico, una mezcla entre lo m\u00e1s tradicional de los ingleses y la modernidad de una ciudad a la vanguardia, pero sin olvidar la herencia del imperio brit\u00e1nico, que ha propiciado en esta ciudad una mezcla cultural que te sorprender\u00e1 en cada esquina.Es una de las resaltantes ciudades de Europa, capital de Inglaterra y de Reino Unido; es una ciudad cuya historia data de milenios atr\u00e1s y fue fundada originalmente bajo el nombre de Londinium, guardando hasta la actualidad lo m\u00e1s importante de su cultura y tradiciones medievales. Principales atractivos tur\u00edsticos: Big Ben, la Torre de Londres, la Abad\u00eda de Westminster, la Catedral de St. Paul, el Museo Madame Tussaud, el Palacio de Buckingham, el Palacio de Kensington, Piccadilly Circus, el Hyde Park, Borough Market y el barrio Notting Hill entre otros.\" \/>\n<meta property=\"og:url\" content=\"https:\/\/staging.elkaminante.com.uy\/paquetes\/londres-fashion-week\/\" \/>\n<meta property=\"og:site_name\" content=\"El Kaminante\" \/>\n<meta property=\"article:modified_time\" content=\"2026-05-15T17:49:05+00:00\" \/>\n<meta name=\"twitter:card\" content=\"summary_large_image\" \/>\n<script type=\"application\/ld+json\" class=\"yoast-schema-graph\">{\"@context\":\"https:\\\/\\\/schema.org\",\"@graph\":[{\"@type\":\"WebPage\",\"@id\":\"https:\\\/\\\/staging.elkaminante.com.uy\\\/paquetes\\\/londres-fashion-week\\\/\",\"url\":\"https:\\\/\\\/staging.elkaminante.com.uy\\\/paquetes\\\/londres-fashion-week\\\/\",\"name\":\"Londres Fashion Week - El Kaminante\",\"isPartOf\":{\"@id\":\"https:\\\/\\\/staging.elkaminante.com.uy\\\/#website\"},\"primaryImageOfPage\":{\"@id\":\"https:\\\/\\\/staging.elkaminante.com.uy\\\/paquetes\\\/londres-fashion-week\\\/#primaryimage\"},\"image\":{\"@id\":\"https:\\\/\\\/staging.elkaminante.com.uy\\\/paquetes\\\/londres-fashion-week\\\/#primaryimage\"},\"thumbnailUrl\":\"https:\\\/\\\/staging.elkaminante.com.uy\\\/wp-content\\\/uploads\\\/2026\\\/05\\\/PAQ723.webp\",\"datePublished\":\"2026-05-08T14:18:11+00:00\",\"dateModified\":\"2026-05-15T17:49:05+00:00\",\"breadcrumb\":{\"@id\":\"https:\\\/\\\/staging.elkaminante.com.uy\\\/paquetes\\\/londres-fashion-week\\\/#breadcrumb\"},\"inLanguage\":\"en-US\",\"potentialAction\":[{\"@type\":\"ReadAction\",\"target\":[\"https:\\\/\\\/staging.elkaminante.com.uy\\\/paquetes\\\/londres-fashion-week\\\/\"]}]},{\"@type\":\"ImageObject\",\"inLanguage\":\"en-US\",\"@id\":\"https:\\\/\\\/staging.elkaminante.com.uy\\\/paquetes\\\/londres-fashion-week\\\/#primaryimage\",\"url\":\"https:\\\/\\\/staging.elkaminante.com.uy\\\/wp-content\\\/uploads\\\/2026\\\/05\\\/PAQ723.webp\",\"contentUrl\":\"https:\\\/\\\/staging.elkaminante.com.uy\\\/wp-content\\\/uploads\\\/2026\\\/05\\\/PAQ723.webp\",\"width\":800,\"height\":457},{\"@type\":\"BreadcrumbList\",\"@id\":\"https:\\\/\\\/staging.elkaminante.com.uy\\\/paquetes\\\/londres-fashion-week\\\/#breadcrumb\",\"itemListElement\":[{\"@type\":\"ListItem\",\"position\":1,\"name\":\"Inicio\",\"item\":\"https:\\\/\\\/staging.elkaminante.com.uy\\\/en\\\/\"},{\"@type\":\"ListItem\",\"position\":2,\"name\":\"Viajes por el mundo\",\"item\":\"https:\\\/\\\/staging.elkaminante.com.uy\\\/en\\\/paquetes\\\/\"},{\"@type\":\"ListItem\",\"position\":3,\"name\":\"Londres Fashion Week\"}]},{\"@type\":\"WebSite\",\"@id\":\"https:\\\/\\\/staging.elkaminante.com.uy\\\/#website\",\"url\":\"https:\\\/\\\/staging.elkaminante.com.uy\\\/\",\"name\":\"El Kaminante\",\"description\":\"Viajes &amp; Turismo\",\"publisher\":{\"@id\":\"https:\\\/\\\/staging.elkaminante.com.uy\\\/#organization\"},\"potentialAction\":[{\"@type\":\"SearchAction\",\"target\":{\"@type\":\"EntryPoint\",\"urlTemplate\":\"https:\\\/\\\/staging.elkaminante.com.uy\\\/?s={search_term_string}\"},\"query-input\":{\"@type\":\"PropertyValueSpecification\",\"valueRequired\":true,\"valueName\":\"search_term_string\"}}],\"inLanguage\":\"en-US\"},{\"@type\":\"Organization\",\"@id\":\"https:\\\/\\\/staging.elkaminante.com.uy\\\/#organization\",\"name\":\"El Kaminante\",\"url\":\"https:\\\/\\\/staging.elkaminante.com.uy\\\/\",\"logo\":{\"@type\":\"ImageObject\",\"inLanguage\":\"en-US\",\"@id\":\"https:\\\/\\\/staging.elkaminante.com.uy\\\/#\\\/schema\\\/logo\\\/image\\\/\",\"url\":\"https:\\\/\\\/staging.elkaminante.com.uy\\\/wp-content\\\/uploads\\\/2025\\\/02\\\/logo-elkaminante-blanco.svg\",\"contentUrl\":\"https:\\\/\\\/staging.elkaminante.com.uy\\\/wp-content\\\/uploads\\\/2025\\\/02\\\/logo-elkaminante-blanco.svg\",\"caption\":\"El Kaminante\"},\"image\":{\"@id\":\"https:\\\/\\\/staging.elkaminante.com.uy\\\/#\\\/schema\\\/logo\\\/image\\\/\"}}]}<\/script>\n<!-- \/ Yoast SEO plugin. -->","yoast_head_json":{"title":"Londres Fashion Week - El Kaminante","robots":{"index":"noindex","follow":"follow","max-snippet":"max-snippet:-1","max-image-preview":"max-image-preview:large","max-video-preview":"max-video-preview:-1"},"og_locale":"en_US","og_type":"article","og_title":"Londres Fashion Week - El Kaminante","og_description":"Londres es una ciudad apasionante, con un ambiente \u00fanico, una mezcla entre lo m\u00e1s tradicional de los ingleses y la modernidad de una ciudad a la vanguardia, pero sin olvidar la herencia del imperio brit\u00e1nico, que ha propiciado en esta ciudad una mezcla cultural que te sorprender\u00e1 en cada esquina.Es una de las resaltantes ciudades de Europa, capital de Inglaterra y de Reino Unido; es una ciudad cuya historia data de milenios atr\u00e1s y fue fundada originalmente bajo el nombre de Londinium, guardando hasta la actualidad lo m\u00e1s importante de su cultura y tradiciones medievales. Principales atractivos tur\u00edsticos: Big Ben, la Torre de Londres, la Abad\u00eda de Westminster, la Catedral de St. Paul, el Museo Madame Tussaud, el Palacio de Buckingham, el Palacio de Kensington, Piccadilly Circus, el Hyde Park, Borough Market y el barrio Notting Hill entre otros.","og_url":"https:\/\/staging.elkaminante.com.uy\/paquetes\/londres-fashion-week\/","og_site_name":"El Kaminante","article_modified_time":"2026-05-15T17:49:05+00:00","twitter_card":"summary_large_image","schema":{"@context":"https:\/\/schema.org","@graph":[{"@type":"WebPage","@id":"https:\/\/staging.elkaminante.com.uy\/paquetes\/londres-fashion-week\/","url":"https:\/\/staging.elkaminante.com.uy\/paquetes\/londres-fashion-week\/","name":"Londres Fashion Week - El Kaminante","isPartOf":{"@id":"https:\/\/staging.elkaminante.com.uy\/#website"},"primaryImageOfPage":{"@id":"https:\/\/staging.elkaminante.com.uy\/paquetes\/londres-fashion-week\/#primaryimage"},"image":{"@id":"https:\/\/staging.elkaminante.com.uy\/paquetes\/londres-fashion-week\/#primaryimage"},"thumbnailUrl":"https:\/\/staging.elkaminante.com.uy\/wp-content\/uploads\/2026\/05\/PAQ723.webp","datePublished":"2026-05-08T14:18:11+00:00","dateModified":"2026-05-15T17:49:05+00:00","breadcrumb":{"@id":"https:\/\/staging.elkaminante.com.uy\/paquetes\/londres-fashion-week\/#breadcrumb"},"inLanguage":"en-US","potentialAction":[{"@type":"ReadAction","target":["https:\/\/staging.elkaminante.com.uy\/paquetes\/londres-fashion-week\/"]}]},{"@type":"ImageObject","inLanguage":"en-US","@id":"https:\/\/staging.elkaminante.com.uy\/paquetes\/londres-fashion-week\/#primaryimage","url":"https:\/\/staging.elkaminante.com.uy\/wp-content\/uploads\/2026\/05\/PAQ723.webp","contentUrl":"https:\/\/staging.elkaminante.com.uy\/wp-content\/uploads\/2026\/05\/PAQ723.webp","width":800,"height":457},{"@type":"BreadcrumbList","@id":"https:\/\/staging.elkaminante.com.uy\/paquetes\/londres-fashion-week\/#breadcrumb","itemListElement":[{"@type":"ListItem","position":1,"name":"Inicio","item":"https:\/\/staging.elkaminante.com.uy\/en\/"},{"@type":"ListItem","position":2,"name":"Viajes por el mundo","item":"https:\/\/staging.elkaminante.com.uy\/en\/paquetes\/"},{"@type":"ListItem","position":3,"name":"Londres Fashion Week"}]},{"@type":"WebSite","@id":"https:\/\/staging.elkaminante.com.uy\/#website","url":"https:\/\/staging.elkaminante.com.uy\/","name":"El Kaminante","description":"Viajes &amp; Turismo","publisher":{"@id":"https:\/\/staging.elkaminante.com.uy\/#organization"},"potentialAction":[{"@type":"SearchAction","target":{"@type":"EntryPoint","urlTemplate":"https:\/\/staging.elkaminante.com.uy\/?s={search_term_string}"},"query-input":{"@type":"PropertyValueSpecification","valueRequired":true,"valueName":"search_term_string"}}],"inLanguage":"en-US"},{"@type":"Organization","@id":"https:\/\/staging.elkaminante.com.uy\/#organization","name":"El Kaminante","url":"https:\/\/staging.elkaminante.com.uy\/","logo":{"@type":"ImageObject","inLanguage":"en-US","@id":"https:\/\/staging.elkaminante.com.uy\/#\/schema\/logo\/image\/","url":"https:\/\/staging.elkaminante.com.uy\/wp-content\/uploads\/2025\/02\/logo-elkaminante-blanco.svg","contentUrl":"https:\/\/staging.elkaminante.com.uy\/wp-content\/uploads\/2025\/02\/logo-elkaminante-blanco.svg","caption":"El Kaminante"},"image":{"@id":"https:\/\/staging.elkaminante.com.uy\/#\/schema\/logo\/image\/"}}]}},"_links":{"self":[{"href":"https:\/\/staging.elkaminante.com.uy\/en\/wp-json\/wp\/v2\/product\/13111","targetHints":{"allow":["GET"]}}],"collection":[{"href":"https:\/\/staging.elkaminante.com.uy\/en\/wp-json\/wp\/v2\/product"}],"about":[{"href":"https:\/\/staging.elkaminante.com.uy\/en\/wp-json\/wp\/v2\/types\/product"}],"wp:featuredmedia":[{"embeddable":true,"href":"https:\/\/staging.elkaminante.com.uy\/en\/wp-json\/wp\/v2\/media\/13109"}],"wp:attachment":[{"href":"https:\/\/staging.elkaminante.com.uy\/en\/wp-json\/wp\/v2\/media?parent=13111"}],"wp:term":[{"taxonomy":"product_brand","embeddable":true,"href":"https:\/\/staging.elkaminante.com.uy\/en\/wp-json\/wp\/v2\/product_brand?post=13111"},{"taxonomy":"product_cat","embeddable":true,"href":"https:\/\/staging.elkaminante.com.uy\/en\/wp-json\/wp\/v2\/product_cat?post=13111"},{"taxonomy":"product_tag","embeddable":true,"href":"https:\/\/staging.elkaminante.com.uy\/en\/wp-json\/wp\/v2\/product_tag?post=13111"}],"curies":[{"name":"wp","href":"https:\/\/api.w.org\/{rel}","templated":true}]}}