{"id":13108,"date":"2026-05-08T11:18:07","date_gmt":"2026-05-08T14:18:07","guid":{"rendered":"https:\/\/elkaminante.com.uy\/paquetes\/new-york-fashion-week\/"},"modified":"2026-05-15T14:49:05","modified_gmt":"2026-05-15T17:49:05","slug":"new-york-fashion-week","status":"publish","type":"product","link":"https:\/\/staging.elkaminante.com.uy\/en\/paquetes\/new-york-fashion-week\/","title":{"rendered":"New York Fashion Week"},"content":{"rendered":"","protected":false},"excerpt":{"rendered":"<p><b>Nueva York<\/b>, en Estados Unidos, se ha convertido en los \u00faltimos a\u00f1os y por m\u00e9ritos propios en la capital econ\u00f3mica y cultural m\u00e1s importante del mundo. La ciudad ofrece un ambiente y un estilo de vida \u00fanico dif\u00edciles de explicar en unas l\u00edneas: hay que vivirlo y disfrutarlo. Asistir a un musical en Broadway, pasar una noche en Times Square, recorrer de un lado a otro el Puente de Brooklyn, disfrutar de una tarde de compras en la Quinta Avenida o sentirte como un broker en Wall Street, son algunas de las cosas que s\u00f3lo se pueden hacer en Nueva York. Arte, arquitectura, gastronom\u00eda del mundo, compras, entretenimiento y un sin fin de actividades en la ciudad que realmente \u201cnunca duerme\u201d. <i>Principales atractivos tur\u00edsticos:<\/i>el Museo Metropolitano, el Museo de Arte Moderno, el Museo Guggenheim, la Catedral de Nueva York, la Iglesia Memorial Judson, el Memorial del 11S, la Estatua de la Libertad, el Empire State, el City Hall, Broadway, la Quinta Avenida, Wall Street, el Central Park, Bryant Park, Times Square, el Opera House, Chinatown, la High Line, el Top of The Rock, el puente de Brooklyn, The Vessel y los claustros entre otros.<\/p>\n","protected":false},"featured_media":13106,"template":"","meta":{"_acf_changed":false,"inline_featured_image":false},"product_brand":[],"product_cat":[28,1579],"product_tag":[70,68,2093,2092,2074,67,253,2091,4687,4686,4688,65,71,244,393,73,246,248,4685,667,666,3854,120,61,69,75,247,249,119],"class_list":{"0":"post-13108","1":"product","2":"type-product","3":"status-publish","4":"has-post-thumbnail","6":"product_cat-paquetes","7":"product_cat-uruguay","8":"product_tag-america-del-norte","9":"product_tag-eeuu","10":"product_tag-en-estados-unidos","11":"product_tag-en-nueva-york","12":"product_tag-en-setiembre","13":"product_tag-estados-unidos","14":"product_tag-estados-unidos-en-nueva-york","15":"product_tag-estados-unidos-en-setiembre","16":"product_tag-flash","17":"product_tag-flash-sale","18":"product_tag-new-york-fashion-week","19":"product_tag-no-aplica","20":"product_tag-norte-america","21":"product_tag-nueva-york","22":"product_tag-otros-destinos","23":"product_tag-paquetes-a-america-del-norte","24":"product_tag-paquetes-a-estados-unidos","25":"product_tag-paquetes-a-nueva-york","26":"product_tag-promo-flash","27":"product_tag-septiembre","28":"product_tag-setiembre","29":"product_tag-setiembre-2026","30":"product_tag-sin-comidas","31":"product_tag-sin-destino","32":"product_tag-usa","33":"product_tag-viajes-a-america-del-norte","34":"product_tag-viajes-a-estados-unidos","35":"product_tag-viajes-a-nueva-york","36":"product_tag-vuelo-y-hotel","37":"entry","38":"has-media","40":"first","41":"instock","42":"shipping-taxable","43":"purchasable","44":"product-type-simple"},"acf":[],"yoast_head":"<!-- This site is optimized with the Yoast SEO plugin v27.6 - https:\/\/yoast.com\/product\/yoast-seo-wordpress\/ -->\n<title>New York Fashion Week - El Kaminante<\/title>\n<meta name=\"robots\" content=\"noindex, follow, max-snippet:-1, max-image-preview:large, max-video-preview:-1\" \/>\n<meta property=\"og:locale\" content=\"en_US\" \/>\n<meta property=\"og:type\" content=\"article\" \/>\n<meta property=\"og:title\" content=\"New York Fashion Week - El Kaminante\" \/>\n<meta property=\"og:description\" content=\"Nueva York, en Estados Unidos, se ha convertido en los \u00faltimos a\u00f1os y por m\u00e9ritos propios en la capital econ\u00f3mica y cultural m\u00e1s importante del mundo. La ciudad ofrece un ambiente y un estilo de vida \u00fanico dif\u00edciles de explicar en unas l\u00edneas: hay que vivirlo y disfrutarlo. Asistir a un musical en Broadway, pasar una noche en Times Square, recorrer de un lado a otro el Puente de Brooklyn, disfrutar de una tarde de compras en la Quinta Avenida o sentirte como un broker en Wall Street, son algunas de las cosas que s\u00f3lo se pueden hacer en Nueva York. Arte, arquitectura, gastronom\u00eda del mundo, compras, entretenimiento y un sin fin de actividades en la ciudad que realmente \u201cnunca duerme\u201d. Principales atractivos tur\u00edsticos:el Museo Metropolitano, el Museo de Arte Moderno, el Museo Guggenheim, la Catedral de Nueva York, la Iglesia Memorial Judson, el Memorial del 11S, la Estatua de la Libertad, el Empire State, el City Hall, Broadway, la Quinta Avenida, Wall Street, el Central Park, Bryant Park, Times Square, el Opera House, Chinatown, la High Line, el Top of The Rock, el puente de Brooklyn, The Vessel y los claustros entre otros.\" \/>\n<meta property=\"og:url\" content=\"https:\/\/staging.elkaminante.com.uy\/paquetes\/new-york-fashion-week\/\" \/>\n<meta property=\"og:site_name\" content=\"El Kaminante\" \/>\n<meta property=\"article:modified_time\" content=\"2026-05-15T17:49:05+00:00\" \/>\n<meta name=\"twitter:card\" content=\"summary_large_image\" \/>\n<script type=\"application\/ld+json\" class=\"yoast-schema-graph\">{\"@context\":\"https:\\\/\\\/schema.org\",\"@graph\":[{\"@type\":\"WebPage\",\"@id\":\"https:\\\/\\\/staging.elkaminante.com.uy\\\/paquetes\\\/new-york-fashion-week\\\/\",\"url\":\"https:\\\/\\\/staging.elkaminante.com.uy\\\/paquetes\\\/new-york-fashion-week\\\/\",\"name\":\"New York Fashion Week - El Kaminante\",\"isPartOf\":{\"@id\":\"https:\\\/\\\/staging.elkaminante.com.uy\\\/#website\"},\"primaryImageOfPage\":{\"@id\":\"https:\\\/\\\/staging.elkaminante.com.uy\\\/paquetes\\\/new-york-fashion-week\\\/#primaryimage\"},\"image\":{\"@id\":\"https:\\\/\\\/staging.elkaminante.com.uy\\\/paquetes\\\/new-york-fashion-week\\\/#primaryimage\"},\"thumbnailUrl\":\"https:\\\/\\\/staging.elkaminante.com.uy\\\/wp-content\\\/uploads\\\/2026\\\/05\\\/PAQ722.webp\",\"datePublished\":\"2026-05-08T14:18:07+00:00\",\"dateModified\":\"2026-05-15T17:49:05+00:00\",\"breadcrumb\":{\"@id\":\"https:\\\/\\\/staging.elkaminante.com.uy\\\/paquetes\\\/new-york-fashion-week\\\/#breadcrumb\"},\"inLanguage\":\"en-US\",\"potentialAction\":[{\"@type\":\"ReadAction\",\"target\":[\"https:\\\/\\\/staging.elkaminante.com.uy\\\/paquetes\\\/new-york-fashion-week\\\/\"]}]},{\"@type\":\"ImageObject\",\"inLanguage\":\"en-US\",\"@id\":\"https:\\\/\\\/staging.elkaminante.com.uy\\\/paquetes\\\/new-york-fashion-week\\\/#primaryimage\",\"url\":\"https:\\\/\\\/staging.elkaminante.com.uy\\\/wp-content\\\/uploads\\\/2026\\\/05\\\/PAQ722.webp\",\"contentUrl\":\"https:\\\/\\\/staging.elkaminante.com.uy\\\/wp-content\\\/uploads\\\/2026\\\/05\\\/PAQ722.webp\",\"width\":800,\"height\":457},{\"@type\":\"BreadcrumbList\",\"@id\":\"https:\\\/\\\/staging.elkaminante.com.uy\\\/paquetes\\\/new-york-fashion-week\\\/#breadcrumb\",\"itemListElement\":[{\"@type\":\"ListItem\",\"position\":1,\"name\":\"Inicio\",\"item\":\"https:\\\/\\\/staging.elkaminante.com.uy\\\/en\\\/\"},{\"@type\":\"ListItem\",\"position\":2,\"name\":\"Viajes por el mundo\",\"item\":\"https:\\\/\\\/staging.elkaminante.com.uy\\\/en\\\/paquetes\\\/\"},{\"@type\":\"ListItem\",\"position\":3,\"name\":\"New York Fashion Week\"}]},{\"@type\":\"WebSite\",\"@id\":\"https:\\\/\\\/staging.elkaminante.com.uy\\\/#website\",\"url\":\"https:\\\/\\\/staging.elkaminante.com.uy\\\/\",\"name\":\"El Kaminante\",\"description\":\"Viajes &amp; Turismo\",\"publisher\":{\"@id\":\"https:\\\/\\\/staging.elkaminante.com.uy\\\/#organization\"},\"potentialAction\":[{\"@type\":\"SearchAction\",\"target\":{\"@type\":\"EntryPoint\",\"urlTemplate\":\"https:\\\/\\\/staging.elkaminante.com.uy\\\/?s={search_term_string}\"},\"query-input\":{\"@type\":\"PropertyValueSpecification\",\"valueRequired\":true,\"valueName\":\"search_term_string\"}}],\"inLanguage\":\"en-US\"},{\"@type\":\"Organization\",\"@id\":\"https:\\\/\\\/staging.elkaminante.com.uy\\\/#organization\",\"name\":\"El Kaminante\",\"url\":\"https:\\\/\\\/staging.elkaminante.com.uy\\\/\",\"logo\":{\"@type\":\"ImageObject\",\"inLanguage\":\"en-US\",\"@id\":\"https:\\\/\\\/staging.elkaminante.com.uy\\\/#\\\/schema\\\/logo\\\/image\\\/\",\"url\":\"https:\\\/\\\/staging.elkaminante.com.uy\\\/wp-content\\\/uploads\\\/2025\\\/02\\\/logo-elkaminante-blanco.svg\",\"contentUrl\":\"https:\\\/\\\/staging.elkaminante.com.uy\\\/wp-content\\\/uploads\\\/2025\\\/02\\\/logo-elkaminante-blanco.svg\",\"caption\":\"El Kaminante\"},\"image\":{\"@id\":\"https:\\\/\\\/staging.elkaminante.com.uy\\\/#\\\/schema\\\/logo\\\/image\\\/\"}}]}<\/script>\n<!-- \/ Yoast SEO plugin. -->","yoast_head_json":{"title":"New York Fashion Week - El Kaminante","robots":{"index":"noindex","follow":"follow","max-snippet":"max-snippet:-1","max-image-preview":"max-image-preview:large","max-video-preview":"max-video-preview:-1"},"og_locale":"en_US","og_type":"article","og_title":"New York Fashion Week - El Kaminante","og_description":"Nueva York, en Estados Unidos, se ha convertido en los \u00faltimos a\u00f1os y por m\u00e9ritos propios en la capital econ\u00f3mica y cultural m\u00e1s importante del mundo. La ciudad ofrece un ambiente y un estilo de vida \u00fanico dif\u00edciles de explicar en unas l\u00edneas: hay que vivirlo y disfrutarlo. Asistir a un musical en Broadway, pasar una noche en Times Square, recorrer de un lado a otro el Puente de Brooklyn, disfrutar de una tarde de compras en la Quinta Avenida o sentirte como un broker en Wall Street, son algunas de las cosas que s\u00f3lo se pueden hacer en Nueva York. Arte, arquitectura, gastronom\u00eda del mundo, compras, entretenimiento y un sin fin de actividades en la ciudad que realmente \u201cnunca duerme\u201d. Principales atractivos tur\u00edsticos:el Museo Metropolitano, el Museo de Arte Moderno, el Museo Guggenheim, la Catedral de Nueva York, la Iglesia Memorial Judson, el Memorial del 11S, la Estatua de la Libertad, el Empire State, el City Hall, Broadway, la Quinta Avenida, Wall Street, el Central Park, Bryant Park, Times Square, el Opera House, Chinatown, la High Line, el Top of The Rock, el puente de Brooklyn, The Vessel y los claustros entre otros.","og_url":"https:\/\/staging.elkaminante.com.uy\/paquetes\/new-york-fashion-week\/","og_site_name":"El Kaminante","article_modified_time":"2026-05-15T17:49:05+00:00","twitter_card":"summary_large_image","schema":{"@context":"https:\/\/schema.org","@graph":[{"@type":"WebPage","@id":"https:\/\/staging.elkaminante.com.uy\/paquetes\/new-york-fashion-week\/","url":"https:\/\/staging.elkaminante.com.uy\/paquetes\/new-york-fashion-week\/","name":"New York Fashion Week - El Kaminante","isPartOf":{"@id":"https:\/\/staging.elkaminante.com.uy\/#website"},"primaryImageOfPage":{"@id":"https:\/\/staging.elkaminante.com.uy\/paquetes\/new-york-fashion-week\/#primaryimage"},"image":{"@id":"https:\/\/staging.elkaminante.com.uy\/paquetes\/new-york-fashion-week\/#primaryimage"},"thumbnailUrl":"https:\/\/staging.elkaminante.com.uy\/wp-content\/uploads\/2026\/05\/PAQ722.webp","datePublished":"2026-05-08T14:18:07+00:00","dateModified":"2026-05-15T17:49:05+00:00","breadcrumb":{"@id":"https:\/\/staging.elkaminante.com.uy\/paquetes\/new-york-fashion-week\/#breadcrumb"},"inLanguage":"en-US","potentialAction":[{"@type":"ReadAction","target":["https:\/\/staging.elkaminante.com.uy\/paquetes\/new-york-fashion-week\/"]}]},{"@type":"ImageObject","inLanguage":"en-US","@id":"https:\/\/staging.elkaminante.com.uy\/paquetes\/new-york-fashion-week\/#primaryimage","url":"https:\/\/staging.elkaminante.com.uy\/wp-content\/uploads\/2026\/05\/PAQ722.webp","contentUrl":"https:\/\/staging.elkaminante.com.uy\/wp-content\/uploads\/2026\/05\/PAQ722.webp","width":800,"height":457},{"@type":"BreadcrumbList","@id":"https:\/\/staging.elkaminante.com.uy\/paquetes\/new-york-fashion-week\/#breadcrumb","itemListElement":[{"@type":"ListItem","position":1,"name":"Inicio","item":"https:\/\/staging.elkaminante.com.uy\/en\/"},{"@type":"ListItem","position":2,"name":"Viajes por el mundo","item":"https:\/\/staging.elkaminante.com.uy\/en\/paquetes\/"},{"@type":"ListItem","position":3,"name":"New York Fashion Week"}]},{"@type":"WebSite","@id":"https:\/\/staging.elkaminante.com.uy\/#website","url":"https:\/\/staging.elkaminante.com.uy\/","name":"El Kaminante","description":"Viajes &amp; Turismo","publisher":{"@id":"https:\/\/staging.elkaminante.com.uy\/#organization"},"potentialAction":[{"@type":"SearchAction","target":{"@type":"EntryPoint","urlTemplate":"https:\/\/staging.elkaminante.com.uy\/?s={search_term_string}"},"query-input":{"@type":"PropertyValueSpecification","valueRequired":true,"valueName":"search_term_string"}}],"inLanguage":"en-US"},{"@type":"Organization","@id":"https:\/\/staging.elkaminante.com.uy\/#organization","name":"El Kaminante","url":"https:\/\/staging.elkaminante.com.uy\/","logo":{"@type":"ImageObject","inLanguage":"en-US","@id":"https:\/\/staging.elkaminante.com.uy\/#\/schema\/logo\/image\/","url":"https:\/\/staging.elkaminante.com.uy\/wp-content\/uploads\/2025\/02\/logo-elkaminante-blanco.svg","contentUrl":"https:\/\/staging.elkaminante.com.uy\/wp-content\/uploads\/2025\/02\/logo-elkaminante-blanco.svg","caption":"El Kaminante"},"image":{"@id":"https:\/\/staging.elkaminante.com.uy\/#\/schema\/logo\/image\/"}}]}},"_links":{"self":[{"href":"https:\/\/staging.elkaminante.com.uy\/en\/wp-json\/wp\/v2\/product\/13108","targetHints":{"allow":["GET"]}}],"collection":[{"href":"https:\/\/staging.elkaminante.com.uy\/en\/wp-json\/wp\/v2\/product"}],"about":[{"href":"https:\/\/staging.elkaminante.com.uy\/en\/wp-json\/wp\/v2\/types\/product"}],"wp:featuredmedia":[{"embeddable":true,"href":"https:\/\/staging.elkaminante.com.uy\/en\/wp-json\/wp\/v2\/media\/13106"}],"wp:attachment":[{"href":"https:\/\/staging.elkaminante.com.uy\/en\/wp-json\/wp\/v2\/media?parent=13108"}],"wp:term":[{"taxonomy":"product_brand","embeddable":true,"href":"https:\/\/staging.elkaminante.com.uy\/en\/wp-json\/wp\/v2\/product_brand?post=13108"},{"taxonomy":"product_cat","embeddable":true,"href":"https:\/\/staging.elkaminante.com.uy\/en\/wp-json\/wp\/v2\/product_cat?post=13108"},{"taxonomy":"product_tag","embeddable":true,"href":"https:\/\/staging.elkaminante.com.uy\/en\/wp-json\/wp\/v2\/product_tag?post=13108"}],"curies":[{"name":"wp","href":"https:\/\/api.w.org\/{rel}","templated":true}]}}