{"id":13064,"date":"2026-04-26T16:59:31","date_gmt":"2026-04-26T19:59:31","guid":{"rendered":"https:\/\/elkaminante.com.uy\/paquetes\/curazao-y-aruba\/"},"modified":"2026-05-15T14:49:04","modified_gmt":"2026-05-15T17:49:04","slug":"curazao-y-aruba","status":"publish","type":"product","link":"https:\/\/staging.elkaminante.com.uy\/en\/paquetes\/curazao-y-aruba\/","title":{"rendered":"Curazao y Aruba"},"content":{"rendered":"","protected":false},"excerpt":{"rendered":"<p>Mar turquesa, playas de arena blanca, palmeras y cielo azul \u2013 <b>Cura\u00e7ao<\/b> es puro Caribe. Es la isla m\u00e1s grande de las Antillas Holandesas y tiene como caracter\u00edstica sus bellas playas y creaciones arquitect\u00f3nicas, pintorescas de la isla que hacen de ella la identificaci\u00f3n y reconocimiento como uno de los lugares m\u00e1s maravillosos y atractivos para los visitantes del mundo. <i>Principales atractivos tur\u00edsticos:<\/i> las zonas de Punda y Otrobanda, el Museo Kura Hulanda, la Plaza Bri\u00f3n y el Rif Fort, la Sinagoga Jud\u00eda, los Fuertes Waterford y Fort \u00c1msterdam, El Museo Postal, la Plaza Jojo Correa, el Mercado Flotante y la Plaza Wilhelmina Park, entre otros.<\/p>\n<p>Entre las aguas c\u00e1lidas del Caribe del Sur del Caribe, por fuera de la franja del cintur\u00f3n de de huracanes, se encuentra <b>Aruba<\/b>, conocida como la isla feliz. Hacia el sur y el oeste, Aruba est\u00e1 colmada de resorts, centros comerciales y vida nocturna. Hacia el norte, las olas y el viento esculpen las costas escarpadas y los riscos de piedra caliza. Y en su coraz\u00f3n, el Parque Nacional de Arikok protege un paisaje extenso de arena des\u00e9rtica, cactus enormes y maravillas naturales. Con tantas cosas para hacer en Aruba, seguramente se puede encontrar una actividad, lugar de inter\u00e9s, atracci\u00f3n o un evento que se adapte a todas las necesidades y gustos. <i>Realmente: &#8220;la isla feliz&#8221;.<\/i><\/p>\n","protected":false},"featured_media":13062,"template":"","meta":{"_acf_changed":false,"inline_featured_image":false},"product_brand":[],"product_cat":[28,1579],"product_tag":[562,3981,96,175,357,34,176,352,4661,356,4662,64,568,2121,65,180,358,353,177,61,3282,182,359,354,178,119],"class_list":{"0":"post-13064","1":"product","2":"type-product","3":"status-publish","4":"has-post-thumbnail","6":"product_cat-paquetes","7":"product_cat-uruguay","8":"product_tag-agosto","9":"product_tag-agosto-2026alarma-precios-bajos","10":"product_tag-alarma-precios-bajos","11":"product_tag-america-central","12":"product_tag-aruba","13":"product_tag-caribe","14":"product_tag-centro-america","15":"product_tag-curazao","16":"product_tag-curazao-en-agosto","17":"product_tag-curazao-en-curazao","18":"product_tag-curazao-y-aruba","19":"product_tag-desayuno","20":"product_tag-en-agosto","21":"product_tag-en-curazao","22":"product_tag-no-aplica","23":"product_tag-paquetes-a-america-central","24":"product_tag-paquetes-a-aruba","25":"product_tag-paquetes-a-curazao","26":"product_tag-paquetes-al-caribe","27":"product_tag-sin-destino","28":"product_tag-temporada-baja","29":"product_tag-viajes-a-america-central","30":"product_tag-viajes-a-aruba","31":"product_tag-viajes-a-curazao","32":"product_tag-viajes-al-caribe","33":"product_tag-vuelo-y-hotel","34":"entry","35":"has-media","37":"first","38":"instock","39":"shipping-taxable","40":"purchasable","41":"product-type-simple"},"acf":[],"yoast_head":"<!-- This site is optimized with the Yoast SEO plugin v27.6 - https:\/\/yoast.com\/product\/yoast-seo-wordpress\/ -->\n<title>Curazao y Aruba - El Kaminante<\/title>\n<meta name=\"robots\" content=\"noindex, follow, max-snippet:-1, max-image-preview:large, max-video-preview:-1\" \/>\n<meta property=\"og:locale\" content=\"en_US\" \/>\n<meta property=\"og:type\" content=\"article\" \/>\n<meta property=\"og:title\" content=\"Curazao y Aruba - El Kaminante\" \/>\n<meta property=\"og:description\" content=\"Mar turquesa, playas de arena blanca, palmeras y cielo azul \u2013 Cura\u00e7ao es puro Caribe. Es la isla m\u00e1s grande de las Antillas Holandesas y tiene como caracter\u00edstica sus bellas playas y creaciones arquitect\u00f3nicas, pintorescas de la isla que hacen de ella la identificaci\u00f3n y reconocimiento como uno de los lugares m\u00e1s maravillosos y atractivos para los visitantes del mundo. Principales atractivos tur\u00edsticos: las zonas de Punda y Otrobanda, el Museo Kura Hulanda, la Plaza Bri\u00f3n y el Rif Fort, la Sinagoga Jud\u00eda, los Fuertes Waterford y Fort \u00c1msterdam, El Museo Postal, la Plaza Jojo Correa, el Mercado Flotante y la Plaza Wilhelmina Park, entre otros.Entre las aguas c\u00e1lidas del Caribe del Sur del Caribe, por fuera de la franja del cintur\u00f3n de de huracanes, se encuentra Aruba, conocida como la isla feliz. Hacia el sur y el oeste, Aruba est\u00e1 colmada de resorts, centros comerciales y vida nocturna. Hacia el norte, las olas y el viento esculpen las costas escarpadas y los riscos de piedra caliza. Y en su coraz\u00f3n, el Parque Nacional de Arikok protege un paisaje extenso de arena des\u00e9rtica, cactus enormes y maravillas naturales. Con tantas cosas para hacer en Aruba, seguramente se puede encontrar una actividad, lugar de inter\u00e9s, atracci\u00f3n o un evento que se adapte a todas las necesidades y gustos. Realmente: &quot;la isla feliz&quot;.\" \/>\n<meta property=\"og:url\" content=\"https:\/\/staging.elkaminante.com.uy\/paquetes\/curazao-y-aruba\/\" \/>\n<meta property=\"og:site_name\" content=\"El Kaminante\" \/>\n<meta property=\"article:modified_time\" content=\"2026-05-15T17:49:04+00:00\" \/>\n<meta name=\"twitter:card\" content=\"summary_large_image\" \/>\n<script type=\"application\/ld+json\" class=\"yoast-schema-graph\">{\"@context\":\"https:\\\/\\\/schema.org\",\"@graph\":[{\"@type\":\"WebPage\",\"@id\":\"https:\\\/\\\/staging.elkaminante.com.uy\\\/paquetes\\\/curazao-y-aruba\\\/\",\"url\":\"https:\\\/\\\/staging.elkaminante.com.uy\\\/paquetes\\\/curazao-y-aruba\\\/\",\"name\":\"Curazao y Aruba - El Kaminante\",\"isPartOf\":{\"@id\":\"https:\\\/\\\/staging.elkaminante.com.uy\\\/#website\"},\"primaryImageOfPage\":{\"@id\":\"https:\\\/\\\/staging.elkaminante.com.uy\\\/paquetes\\\/curazao-y-aruba\\\/#primaryimage\"},\"image\":{\"@id\":\"https:\\\/\\\/staging.elkaminante.com.uy\\\/paquetes\\\/curazao-y-aruba\\\/#primaryimage\"},\"thumbnailUrl\":\"https:\\\/\\\/staging.elkaminante.com.uy\\\/wp-content\\\/uploads\\\/2026\\\/04\\\/PAQ709.webp\",\"datePublished\":\"2026-04-26T19:59:31+00:00\",\"dateModified\":\"2026-05-15T17:49:04+00:00\",\"breadcrumb\":{\"@id\":\"https:\\\/\\\/staging.elkaminante.com.uy\\\/paquetes\\\/curazao-y-aruba\\\/#breadcrumb\"},\"inLanguage\":\"en-US\",\"potentialAction\":[{\"@type\":\"ReadAction\",\"target\":[\"https:\\\/\\\/staging.elkaminante.com.uy\\\/paquetes\\\/curazao-y-aruba\\\/\"]}]},{\"@type\":\"ImageObject\",\"inLanguage\":\"en-US\",\"@id\":\"https:\\\/\\\/staging.elkaminante.com.uy\\\/paquetes\\\/curazao-y-aruba\\\/#primaryimage\",\"url\":\"https:\\\/\\\/staging.elkaminante.com.uy\\\/wp-content\\\/uploads\\\/2026\\\/04\\\/PAQ709.webp\",\"contentUrl\":\"https:\\\/\\\/staging.elkaminante.com.uy\\\/wp-content\\\/uploads\\\/2026\\\/04\\\/PAQ709.webp\",\"width\":800,\"height\":457},{\"@type\":\"BreadcrumbList\",\"@id\":\"https:\\\/\\\/staging.elkaminante.com.uy\\\/paquetes\\\/curazao-y-aruba\\\/#breadcrumb\",\"itemListElement\":[{\"@type\":\"ListItem\",\"position\":1,\"name\":\"Inicio\",\"item\":\"https:\\\/\\\/staging.elkaminante.com.uy\\\/en\\\/\"},{\"@type\":\"ListItem\",\"position\":2,\"name\":\"Viajes por el mundo\",\"item\":\"https:\\\/\\\/staging.elkaminante.com.uy\\\/en\\\/paquetes\\\/\"},{\"@type\":\"ListItem\",\"position\":3,\"name\":\"Curazao y Aruba\"}]},{\"@type\":\"WebSite\",\"@id\":\"https:\\\/\\\/staging.elkaminante.com.uy\\\/#website\",\"url\":\"https:\\\/\\\/staging.elkaminante.com.uy\\\/\",\"name\":\"El Kaminante\",\"description\":\"Viajes &amp; Turismo\",\"publisher\":{\"@id\":\"https:\\\/\\\/staging.elkaminante.com.uy\\\/#organization\"},\"potentialAction\":[{\"@type\":\"SearchAction\",\"target\":{\"@type\":\"EntryPoint\",\"urlTemplate\":\"https:\\\/\\\/staging.elkaminante.com.uy\\\/?s={search_term_string}\"},\"query-input\":{\"@type\":\"PropertyValueSpecification\",\"valueRequired\":true,\"valueName\":\"search_term_string\"}}],\"inLanguage\":\"en-US\"},{\"@type\":\"Organization\",\"@id\":\"https:\\\/\\\/staging.elkaminante.com.uy\\\/#organization\",\"name\":\"El Kaminante\",\"url\":\"https:\\\/\\\/staging.elkaminante.com.uy\\\/\",\"logo\":{\"@type\":\"ImageObject\",\"inLanguage\":\"en-US\",\"@id\":\"https:\\\/\\\/staging.elkaminante.com.uy\\\/#\\\/schema\\\/logo\\\/image\\\/\",\"url\":\"https:\\\/\\\/staging.elkaminante.com.uy\\\/wp-content\\\/uploads\\\/2025\\\/02\\\/logo-elkaminante-blanco.svg\",\"contentUrl\":\"https:\\\/\\\/staging.elkaminante.com.uy\\\/wp-content\\\/uploads\\\/2025\\\/02\\\/logo-elkaminante-blanco.svg\",\"caption\":\"El Kaminante\"},\"image\":{\"@id\":\"https:\\\/\\\/staging.elkaminante.com.uy\\\/#\\\/schema\\\/logo\\\/image\\\/\"}}]}<\/script>\n<!-- \/ Yoast SEO plugin. -->","yoast_head_json":{"title":"Curazao y Aruba - El Kaminante","robots":{"index":"noindex","follow":"follow","max-snippet":"max-snippet:-1","max-image-preview":"max-image-preview:large","max-video-preview":"max-video-preview:-1"},"og_locale":"en_US","og_type":"article","og_title":"Curazao y Aruba - El Kaminante","og_description":"Mar turquesa, playas de arena blanca, palmeras y cielo azul \u2013 Cura\u00e7ao es puro Caribe. Es la isla m\u00e1s grande de las Antillas Holandesas y tiene como caracter\u00edstica sus bellas playas y creaciones arquitect\u00f3nicas, pintorescas de la isla que hacen de ella la identificaci\u00f3n y reconocimiento como uno de los lugares m\u00e1s maravillosos y atractivos para los visitantes del mundo. Principales atractivos tur\u00edsticos: las zonas de Punda y Otrobanda, el Museo Kura Hulanda, la Plaza Bri\u00f3n y el Rif Fort, la Sinagoga Jud\u00eda, los Fuertes Waterford y Fort \u00c1msterdam, El Museo Postal, la Plaza Jojo Correa, el Mercado Flotante y la Plaza Wilhelmina Park, entre otros.Entre las aguas c\u00e1lidas del Caribe del Sur del Caribe, por fuera de la franja del cintur\u00f3n de de huracanes, se encuentra Aruba, conocida como la isla feliz. Hacia el sur y el oeste, Aruba est\u00e1 colmada de resorts, centros comerciales y vida nocturna. Hacia el norte, las olas y el viento esculpen las costas escarpadas y los riscos de piedra caliza. Y en su coraz\u00f3n, el Parque Nacional de Arikok protege un paisaje extenso de arena des\u00e9rtica, cactus enormes y maravillas naturales. Con tantas cosas para hacer en Aruba, seguramente se puede encontrar una actividad, lugar de inter\u00e9s, atracci\u00f3n o un evento que se adapte a todas las necesidades y gustos. Realmente: \"la isla feliz\".","og_url":"https:\/\/staging.elkaminante.com.uy\/paquetes\/curazao-y-aruba\/","og_site_name":"El Kaminante","article_modified_time":"2026-05-15T17:49:04+00:00","twitter_card":"summary_large_image","schema":{"@context":"https:\/\/schema.org","@graph":[{"@type":"WebPage","@id":"https:\/\/staging.elkaminante.com.uy\/paquetes\/curazao-y-aruba\/","url":"https:\/\/staging.elkaminante.com.uy\/paquetes\/curazao-y-aruba\/","name":"Curazao y Aruba - El Kaminante","isPartOf":{"@id":"https:\/\/staging.elkaminante.com.uy\/#website"},"primaryImageOfPage":{"@id":"https:\/\/staging.elkaminante.com.uy\/paquetes\/curazao-y-aruba\/#primaryimage"},"image":{"@id":"https:\/\/staging.elkaminante.com.uy\/paquetes\/curazao-y-aruba\/#primaryimage"},"thumbnailUrl":"https:\/\/staging.elkaminante.com.uy\/wp-content\/uploads\/2026\/04\/PAQ709.webp","datePublished":"2026-04-26T19:59:31+00:00","dateModified":"2026-05-15T17:49:04+00:00","breadcrumb":{"@id":"https:\/\/staging.elkaminante.com.uy\/paquetes\/curazao-y-aruba\/#breadcrumb"},"inLanguage":"en-US","potentialAction":[{"@type":"ReadAction","target":["https:\/\/staging.elkaminante.com.uy\/paquetes\/curazao-y-aruba\/"]}]},{"@type":"ImageObject","inLanguage":"en-US","@id":"https:\/\/staging.elkaminante.com.uy\/paquetes\/curazao-y-aruba\/#primaryimage","url":"https:\/\/staging.elkaminante.com.uy\/wp-content\/uploads\/2026\/04\/PAQ709.webp","contentUrl":"https:\/\/staging.elkaminante.com.uy\/wp-content\/uploads\/2026\/04\/PAQ709.webp","width":800,"height":457},{"@type":"BreadcrumbList","@id":"https:\/\/staging.elkaminante.com.uy\/paquetes\/curazao-y-aruba\/#breadcrumb","itemListElement":[{"@type":"ListItem","position":1,"name":"Inicio","item":"https:\/\/staging.elkaminante.com.uy\/en\/"},{"@type":"ListItem","position":2,"name":"Viajes por el mundo","item":"https:\/\/staging.elkaminante.com.uy\/en\/paquetes\/"},{"@type":"ListItem","position":3,"name":"Curazao y Aruba"}]},{"@type":"WebSite","@id":"https:\/\/staging.elkaminante.com.uy\/#website","url":"https:\/\/staging.elkaminante.com.uy\/","name":"El Kaminante","description":"Viajes &amp; Turismo","publisher":{"@id":"https:\/\/staging.elkaminante.com.uy\/#organization"},"potentialAction":[{"@type":"SearchAction","target":{"@type":"EntryPoint","urlTemplate":"https:\/\/staging.elkaminante.com.uy\/?s={search_term_string}"},"query-input":{"@type":"PropertyValueSpecification","valueRequired":true,"valueName":"search_term_string"}}],"inLanguage":"en-US"},{"@type":"Organization","@id":"https:\/\/staging.elkaminante.com.uy\/#organization","name":"El Kaminante","url":"https:\/\/staging.elkaminante.com.uy\/","logo":{"@type":"ImageObject","inLanguage":"en-US","@id":"https:\/\/staging.elkaminante.com.uy\/#\/schema\/logo\/image\/","url":"https:\/\/staging.elkaminante.com.uy\/wp-content\/uploads\/2025\/02\/logo-elkaminante-blanco.svg","contentUrl":"https:\/\/staging.elkaminante.com.uy\/wp-content\/uploads\/2025\/02\/logo-elkaminante-blanco.svg","caption":"El Kaminante"},"image":{"@id":"https:\/\/staging.elkaminante.com.uy\/#\/schema\/logo\/image\/"}}]}},"_links":{"self":[{"href":"https:\/\/staging.elkaminante.com.uy\/en\/wp-json\/wp\/v2\/product\/13064","targetHints":{"allow":["GET"]}}],"collection":[{"href":"https:\/\/staging.elkaminante.com.uy\/en\/wp-json\/wp\/v2\/product"}],"about":[{"href":"https:\/\/staging.elkaminante.com.uy\/en\/wp-json\/wp\/v2\/types\/product"}],"wp:featuredmedia":[{"embeddable":true,"href":"https:\/\/staging.elkaminante.com.uy\/en\/wp-json\/wp\/v2\/media\/13062"}],"wp:attachment":[{"href":"https:\/\/staging.elkaminante.com.uy\/en\/wp-json\/wp\/v2\/media?parent=13064"}],"wp:term":[{"taxonomy":"product_brand","embeddable":true,"href":"https:\/\/staging.elkaminante.com.uy\/en\/wp-json\/wp\/v2\/product_brand?post=13064"},{"taxonomy":"product_cat","embeddable":true,"href":"https:\/\/staging.elkaminante.com.uy\/en\/wp-json\/wp\/v2\/product_cat?post=13064"},{"taxonomy":"product_tag","embeddable":true,"href":"https:\/\/staging.elkaminante.com.uy\/en\/wp-json\/wp\/v2\/product_tag?post=13064"}],"curies":[{"name":"wp","href":"https:\/\/api.w.org\/{rel}","templated":true}]}}