{"id":13009,"date":"2026-03-27T20:57:03","date_gmt":"2026-03-27T23:57:03","guid":{"rendered":"https:\/\/elkaminante.com.uy\/paquetes\/harry-potter-experience\/"},"modified":"2026-05-15T14:49:04","modified_gmt":"2026-05-15T17:49:04","slug":"harry-potter-experience","status":"publish","type":"product","link":"https:\/\/staging.elkaminante.com.uy\/en\/paquetes\/harry-potter-experience\/","title":{"rendered":"Harry Potter Experience"},"content":{"rendered":"","protected":false},"excerpt":{"rendered":"<p>En la Harry Potter Experience, el viaje comienza mucho antes de hacer las maletas: empieza con una chispa de magia. Este recorrido tem\u00e1tico por Londres, York, Edimburgo y Liverpool invita a cruzar la frontera entre el mundo muggle y el universo encantado que ha cautivado a generaciones. Cada ciudad revela escenarios que parecen susurrar hechizos, desde callejones ocultos y estaciones legendarias hasta imponentes castillos y antiguas bibliotecas que evocan los pasillos de Hogwarts.<\/p>\n<p>A lo largo del camino, no solo se visitan locaciones reales donde la magia cobr\u00f3 vida en la pantalla, sino tambi\u00e9n aquellos rincones que inspiraron su est\u00e9tica y atm\u00f3sfera. Entre nieblas, arquitectura g\u00f3tica y paisajes que parecen salidos de un libro de hechicer\u00eda, cada paso se siente como seguir las huellas de j\u00f3venes magos en plena aventura.<\/p>\n<p>Esta experiencia est\u00e1 pensada para quienes a\u00fan esperan su carta de Hogwarts, para los que creen en los detalles ocultos y para todo aquel dispuesto a dejarse llevar por la imaginaci\u00f3n. Porque aqu\u00ed, la magia no solo se observa\u2026 se vive.<\/p>\n<p>En <b>Inglaterra<\/b>, la historia y la modernidad se entrelazan de manera asombrosa. Desde los majestuosos castillos y la rica herencia cultural hasta la bulliciosa vida en la ciudad de Londres, este pa\u00eds tiene mucho que ofrecer. Descubrir la grandeza de Stonehenge, explorar museos de clase mundial como el British Museum y disfrutar de la elegancia de Buckingham Palace, son algunas de las joyas de este destino. La diversidad gastron\u00f3mica es un punto culminante, con opciones que van desde platos tradicionales hasta la alta cocina internacional. Un viaje a Inglaterra es un viaje a trav\u00e9s del tiempo y la cultura. <i>Principales atractivos tur\u00edsticos:<\/i> Londres, Bath, Oxford, Stratford Upon Avon, Liverpool, el Parque Nacional de Snowdonia, Gales y Cambridge, entre otros.<\/p>\n<p>En <b>Escocia<\/b>, la impresionante belleza natural se entrelaza con una historia rica y cautivadora. Desde los majestuosos paisajes de las Highlands hasta las antiguas calles empedradas de Edimburgo, Escocia ofrece una experiencia que combina la grandiosidad de la naturaleza con la herencia cultural. Explora los imponentes castillos que se alzan en medio de colinas verdes, sum\u00e9rgete en la tradici\u00f3n escocesa a trav\u00e9s de festivales y m\u00fasica folk, y degusta el delicioso whisky escoc\u00e9s que se destila en las destiler\u00edas locales. Con sus paisajes dram\u00e1ticos y la acogedora hospitalidad de sus habitantes, Escocia te invita a descubrir la magia de Europa con autenticidad y encanto.<\/p>\n","protected":false},"featured_media":13007,"template":"","meta":{"_acf_changed":false,"inline_featured_image":false},"product_brand":[],"product_cat":[28,1579],"product_tag":[4314,4317,2708,64,2712,4316,2156,2074,862,124,4311,504,2719,502,126,4312,505,503,4315,2284,667,666,4041,2541,2542,665,2543,128,4313,506,63,2955],"class_list":{"0":"post-13009","1":"product","2":"type-product","3":"status-publish","4":"has-post-thumbnail","6":"product_cat-paquetes","7":"product_cat-uruguay","8":"product_tag-18-de-setiembre-de-2026","9":"product_tag-alnwick-castle","10":"product_tag-cambridge","11":"product_tag-desayuno","12":"product_tag-edimburgo","13":"product_tag-en-harry-potter-experience","14":"product_tag-en-reino-unido","15":"product_tag-en-setiembre","16":"product_tag-escocia","17":"product_tag-europa","18":"product_tag-harry-potter-experience","19":"product_tag-inglaterra","20":"product_tag-liverpool","21":"product_tag-londres","22":"product_tag-paquetes-a-europa","23":"product_tag-paquetes-a-harry-potter-experience","24":"product_tag-paquetes-a-reino-unido","25":"product_tag-reino-unido","26":"product_tag-reino-unido-en-harry-potter-experience","27":"product_tag-reino-unido-en-setiembre","28":"product_tag-septiembre","29":"product_tag-setiembre","30":"product_tag-stratford-upon-avon","31":"product_tag-vacaciones-de-primavera","32":"product_tag-vacaciones-de-septiembre","33":"product_tag-vacaciones-de-setiembre","34":"product_tag-vacaciones-primavera","35":"product_tag-viajes-a-europa","36":"product_tag-viajes-a-harry-potter-experience","37":"product_tag-viajes-a-reino-unido","38":"product_tag-vuelo-y-circuito","39":"product_tag-york","40":"entry","41":"has-media","43":"first","44":"instock","45":"shipping-taxable","46":"purchasable","47":"product-type-simple"},"acf":[],"yoast_head":"<!-- This site is optimized with the Yoast SEO plugin v27.6 - https:\/\/yoast.com\/product\/yoast-seo-wordpress\/ -->\n<title>Harry Potter Experience - El Kaminante<\/title>\n<meta name=\"robots\" content=\"noindex, follow, max-snippet:-1, max-image-preview:large, max-video-preview:-1\" \/>\n<meta property=\"og:locale\" content=\"en_US\" \/>\n<meta property=\"og:type\" content=\"article\" \/>\n<meta property=\"og:title\" content=\"Harry Potter Experience - El Kaminante\" \/>\n<meta property=\"og:description\" content=\"En la Harry Potter Experience, el viaje comienza mucho antes de hacer las maletas: empieza con una chispa de magia. Este recorrido tem\u00e1tico por Londres, York, Edimburgo y Liverpool invita a cruzar la frontera entre el mundo muggle y el universo encantado que ha cautivado a generaciones. Cada ciudad revela escenarios que parecen susurrar hechizos, desde callejones ocultos y estaciones legendarias hasta imponentes castillos y antiguas bibliotecas que evocan los pasillos de Hogwarts. A lo largo del camino, no solo se visitan locaciones reales donde la magia cobr\u00f3 vida en la pantalla, sino tambi\u00e9n aquellos rincones que inspiraron su est\u00e9tica y atm\u00f3sfera. Entre nieblas, arquitectura g\u00f3tica y paisajes que parecen salidos de un libro de hechicer\u00eda, cada paso se siente como seguir las huellas de j\u00f3venes magos en plena aventura. Esta experiencia est\u00e1 pensada para quienes a\u00fan esperan su carta de Hogwarts, para los que creen en los detalles ocultos y para todo aquel dispuesto a dejarse llevar por la imaginaci\u00f3n. Porque aqu\u00ed, la magia no solo se observa\u2026 se vive.En Inglaterra, la historia y la modernidad se entrelazan de manera asombrosa. Desde los majestuosos castillos y la rica herencia cultural hasta la bulliciosa vida en la ciudad de Londres, este pa\u00eds tiene mucho que ofrecer. Descubrir la grandeza de Stonehenge, explorar museos de clase mundial como el British Museum y disfrutar de la elegancia de Buckingham Palace, son algunas de las joyas de este destino. La diversidad gastron\u00f3mica es un punto culminante, con opciones que van desde platos tradicionales hasta la alta cocina internacional. Un viaje a Inglaterra es un viaje a trav\u00e9s del tiempo y la cultura. Principales atractivos tur\u00edsticos: Londres, Bath, Oxford, Stratford Upon Avon, Liverpool, el Parque Nacional de Snowdonia, Gales y Cambridge, entre otros.En Escocia, la impresionante belleza natural se entrelaza con una historia rica y cautivadora. Desde los majestuosos paisajes de las Highlands hasta las antiguas calles empedradas de Edimburgo, Escocia ofrece una experiencia que combina la grandiosidad de la naturaleza con la herencia cultural. Explora los imponentes castillos que se alzan en medio de colinas verdes, sum\u00e9rgete en la tradici\u00f3n escocesa a trav\u00e9s de festivales y m\u00fasica folk, y degusta el delicioso whisky escoc\u00e9s que se destila en las destiler\u00edas locales. Con sus paisajes dram\u00e1ticos y la acogedora hospitalidad de sus habitantes, Escocia te invita a descubrir la magia de Europa con autenticidad y encanto.\" \/>\n<meta property=\"og:url\" content=\"https:\/\/staging.elkaminante.com.uy\/paquetes\/harry-potter-experience\/\" \/>\n<meta property=\"og:site_name\" content=\"El Kaminante\" \/>\n<meta property=\"article:modified_time\" content=\"2026-05-15T17:49:04+00:00\" \/>\n<meta name=\"twitter:card\" content=\"summary_large_image\" \/>\n<script type=\"application\/ld+json\" class=\"yoast-schema-graph\">{\"@context\":\"https:\\\/\\\/schema.org\",\"@graph\":[{\"@type\":\"WebPage\",\"@id\":\"https:\\\/\\\/staging.elkaminante.com.uy\\\/paquetes\\\/harry-potter-experience\\\/\",\"url\":\"https:\\\/\\\/staging.elkaminante.com.uy\\\/paquetes\\\/harry-potter-experience\\\/\",\"name\":\"Harry Potter Experience - El Kaminante\",\"isPartOf\":{\"@id\":\"https:\\\/\\\/staging.elkaminante.com.uy\\\/#website\"},\"primaryImageOfPage\":{\"@id\":\"https:\\\/\\\/staging.elkaminante.com.uy\\\/paquetes\\\/harry-potter-experience\\\/#primaryimage\"},\"image\":{\"@id\":\"https:\\\/\\\/staging.elkaminante.com.uy\\\/paquetes\\\/harry-potter-experience\\\/#primaryimage\"},\"thumbnailUrl\":\"https:\\\/\\\/staging.elkaminante.com.uy\\\/wp-content\\\/uploads\\\/2026\\\/03\\\/PAQ705.webp\",\"datePublished\":\"2026-03-27T23:57:03+00:00\",\"dateModified\":\"2026-05-15T17:49:04+00:00\",\"breadcrumb\":{\"@id\":\"https:\\\/\\\/staging.elkaminante.com.uy\\\/paquetes\\\/harry-potter-experience\\\/#breadcrumb\"},\"inLanguage\":\"en-US\",\"potentialAction\":[{\"@type\":\"ReadAction\",\"target\":[\"https:\\\/\\\/staging.elkaminante.com.uy\\\/paquetes\\\/harry-potter-experience\\\/\"]}]},{\"@type\":\"ImageObject\",\"inLanguage\":\"en-US\",\"@id\":\"https:\\\/\\\/staging.elkaminante.com.uy\\\/paquetes\\\/harry-potter-experience\\\/#primaryimage\",\"url\":\"https:\\\/\\\/staging.elkaminante.com.uy\\\/wp-content\\\/uploads\\\/2026\\\/03\\\/PAQ705.webp\",\"contentUrl\":\"https:\\\/\\\/staging.elkaminante.com.uy\\\/wp-content\\\/uploads\\\/2026\\\/03\\\/PAQ705.webp\",\"width\":800,\"height\":457},{\"@type\":\"BreadcrumbList\",\"@id\":\"https:\\\/\\\/staging.elkaminante.com.uy\\\/paquetes\\\/harry-potter-experience\\\/#breadcrumb\",\"itemListElement\":[{\"@type\":\"ListItem\",\"position\":1,\"name\":\"Inicio\",\"item\":\"https:\\\/\\\/staging.elkaminante.com.uy\\\/en\\\/\"},{\"@type\":\"ListItem\",\"position\":2,\"name\":\"Viajes por el mundo\",\"item\":\"https:\\\/\\\/staging.elkaminante.com.uy\\\/en\\\/paquetes\\\/\"},{\"@type\":\"ListItem\",\"position\":3,\"name\":\"Harry Potter Experience\"}]},{\"@type\":\"WebSite\",\"@id\":\"https:\\\/\\\/staging.elkaminante.com.uy\\\/#website\",\"url\":\"https:\\\/\\\/staging.elkaminante.com.uy\\\/\",\"name\":\"El Kaminante\",\"description\":\"Viajes &amp; Turismo\",\"publisher\":{\"@id\":\"https:\\\/\\\/staging.elkaminante.com.uy\\\/#organization\"},\"potentialAction\":[{\"@type\":\"SearchAction\",\"target\":{\"@type\":\"EntryPoint\",\"urlTemplate\":\"https:\\\/\\\/staging.elkaminante.com.uy\\\/?s={search_term_string}\"},\"query-input\":{\"@type\":\"PropertyValueSpecification\",\"valueRequired\":true,\"valueName\":\"search_term_string\"}}],\"inLanguage\":\"en-US\"},{\"@type\":\"Organization\",\"@id\":\"https:\\\/\\\/staging.elkaminante.com.uy\\\/#organization\",\"name\":\"El Kaminante\",\"url\":\"https:\\\/\\\/staging.elkaminante.com.uy\\\/\",\"logo\":{\"@type\":\"ImageObject\",\"inLanguage\":\"en-US\",\"@id\":\"https:\\\/\\\/staging.elkaminante.com.uy\\\/#\\\/schema\\\/logo\\\/image\\\/\",\"url\":\"https:\\\/\\\/staging.elkaminante.com.uy\\\/wp-content\\\/uploads\\\/2025\\\/02\\\/logo-elkaminante-blanco.svg\",\"contentUrl\":\"https:\\\/\\\/staging.elkaminante.com.uy\\\/wp-content\\\/uploads\\\/2025\\\/02\\\/logo-elkaminante-blanco.svg\",\"caption\":\"El Kaminante\"},\"image\":{\"@id\":\"https:\\\/\\\/staging.elkaminante.com.uy\\\/#\\\/schema\\\/logo\\\/image\\\/\"}}]}<\/script>\n<!-- \/ Yoast SEO plugin. -->","yoast_head_json":{"title":"Harry Potter Experience - El Kaminante","robots":{"index":"noindex","follow":"follow","max-snippet":"max-snippet:-1","max-image-preview":"max-image-preview:large","max-video-preview":"max-video-preview:-1"},"og_locale":"en_US","og_type":"article","og_title":"Harry Potter Experience - El Kaminante","og_description":"En la Harry Potter Experience, el viaje comienza mucho antes de hacer las maletas: empieza con una chispa de magia. Este recorrido tem\u00e1tico por Londres, York, Edimburgo y Liverpool invita a cruzar la frontera entre el mundo muggle y el universo encantado que ha cautivado a generaciones. Cada ciudad revela escenarios que parecen susurrar hechizos, desde callejones ocultos y estaciones legendarias hasta imponentes castillos y antiguas bibliotecas que evocan los pasillos de Hogwarts. A lo largo del camino, no solo se visitan locaciones reales donde la magia cobr\u00f3 vida en la pantalla, sino tambi\u00e9n aquellos rincones que inspiraron su est\u00e9tica y atm\u00f3sfera. Entre nieblas, arquitectura g\u00f3tica y paisajes que parecen salidos de un libro de hechicer\u00eda, cada paso se siente como seguir las huellas de j\u00f3venes magos en plena aventura. Esta experiencia est\u00e1 pensada para quienes a\u00fan esperan su carta de Hogwarts, para los que creen en los detalles ocultos y para todo aquel dispuesto a dejarse llevar por la imaginaci\u00f3n. Porque aqu\u00ed, la magia no solo se observa\u2026 se vive.En Inglaterra, la historia y la modernidad se entrelazan de manera asombrosa. Desde los majestuosos castillos y la rica herencia cultural hasta la bulliciosa vida en la ciudad de Londres, este pa\u00eds tiene mucho que ofrecer. Descubrir la grandeza de Stonehenge, explorar museos de clase mundial como el British Museum y disfrutar de la elegancia de Buckingham Palace, son algunas de las joyas de este destino. La diversidad gastron\u00f3mica es un punto culminante, con opciones que van desde platos tradicionales hasta la alta cocina internacional. Un viaje a Inglaterra es un viaje a trav\u00e9s del tiempo y la cultura. Principales atractivos tur\u00edsticos: Londres, Bath, Oxford, Stratford Upon Avon, Liverpool, el Parque Nacional de Snowdonia, Gales y Cambridge, entre otros.En Escocia, la impresionante belleza natural se entrelaza con una historia rica y cautivadora. Desde los majestuosos paisajes de las Highlands hasta las antiguas calles empedradas de Edimburgo, Escocia ofrece una experiencia que combina la grandiosidad de la naturaleza con la herencia cultural. Explora los imponentes castillos que se alzan en medio de colinas verdes, sum\u00e9rgete en la tradici\u00f3n escocesa a trav\u00e9s de festivales y m\u00fasica folk, y degusta el delicioso whisky escoc\u00e9s que se destila en las destiler\u00edas locales. Con sus paisajes dram\u00e1ticos y la acogedora hospitalidad de sus habitantes, Escocia te invita a descubrir la magia de Europa con autenticidad y encanto.","og_url":"https:\/\/staging.elkaminante.com.uy\/paquetes\/harry-potter-experience\/","og_site_name":"El Kaminante","article_modified_time":"2026-05-15T17:49:04+00:00","twitter_card":"summary_large_image","schema":{"@context":"https:\/\/schema.org","@graph":[{"@type":"WebPage","@id":"https:\/\/staging.elkaminante.com.uy\/paquetes\/harry-potter-experience\/","url":"https:\/\/staging.elkaminante.com.uy\/paquetes\/harry-potter-experience\/","name":"Harry Potter Experience - El Kaminante","isPartOf":{"@id":"https:\/\/staging.elkaminante.com.uy\/#website"},"primaryImageOfPage":{"@id":"https:\/\/staging.elkaminante.com.uy\/paquetes\/harry-potter-experience\/#primaryimage"},"image":{"@id":"https:\/\/staging.elkaminante.com.uy\/paquetes\/harry-potter-experience\/#primaryimage"},"thumbnailUrl":"https:\/\/staging.elkaminante.com.uy\/wp-content\/uploads\/2026\/03\/PAQ705.webp","datePublished":"2026-03-27T23:57:03+00:00","dateModified":"2026-05-15T17:49:04+00:00","breadcrumb":{"@id":"https:\/\/staging.elkaminante.com.uy\/paquetes\/harry-potter-experience\/#breadcrumb"},"inLanguage":"en-US","potentialAction":[{"@type":"ReadAction","target":["https:\/\/staging.elkaminante.com.uy\/paquetes\/harry-potter-experience\/"]}]},{"@type":"ImageObject","inLanguage":"en-US","@id":"https:\/\/staging.elkaminante.com.uy\/paquetes\/harry-potter-experience\/#primaryimage","url":"https:\/\/staging.elkaminante.com.uy\/wp-content\/uploads\/2026\/03\/PAQ705.webp","contentUrl":"https:\/\/staging.elkaminante.com.uy\/wp-content\/uploads\/2026\/03\/PAQ705.webp","width":800,"height":457},{"@type":"BreadcrumbList","@id":"https:\/\/staging.elkaminante.com.uy\/paquetes\/harry-potter-experience\/#breadcrumb","itemListElement":[{"@type":"ListItem","position":1,"name":"Inicio","item":"https:\/\/staging.elkaminante.com.uy\/en\/"},{"@type":"ListItem","position":2,"name":"Viajes por el mundo","item":"https:\/\/staging.elkaminante.com.uy\/en\/paquetes\/"},{"@type":"ListItem","position":3,"name":"Harry Potter Experience"}]},{"@type":"WebSite","@id":"https:\/\/staging.elkaminante.com.uy\/#website","url":"https:\/\/staging.elkaminante.com.uy\/","name":"El Kaminante","description":"Viajes &amp; Turismo","publisher":{"@id":"https:\/\/staging.elkaminante.com.uy\/#organization"},"potentialAction":[{"@type":"SearchAction","target":{"@type":"EntryPoint","urlTemplate":"https:\/\/staging.elkaminante.com.uy\/?s={search_term_string}"},"query-input":{"@type":"PropertyValueSpecification","valueRequired":true,"valueName":"search_term_string"}}],"inLanguage":"en-US"},{"@type":"Organization","@id":"https:\/\/staging.elkaminante.com.uy\/#organization","name":"El Kaminante","url":"https:\/\/staging.elkaminante.com.uy\/","logo":{"@type":"ImageObject","inLanguage":"en-US","@id":"https:\/\/staging.elkaminante.com.uy\/#\/schema\/logo\/image\/","url":"https:\/\/staging.elkaminante.com.uy\/wp-content\/uploads\/2025\/02\/logo-elkaminante-blanco.svg","contentUrl":"https:\/\/staging.elkaminante.com.uy\/wp-content\/uploads\/2025\/02\/logo-elkaminante-blanco.svg","caption":"El Kaminante"},"image":{"@id":"https:\/\/staging.elkaminante.com.uy\/#\/schema\/logo\/image\/"}}]}},"_links":{"self":[{"href":"https:\/\/staging.elkaminante.com.uy\/en\/wp-json\/wp\/v2\/product\/13009","targetHints":{"allow":["GET"]}}],"collection":[{"href":"https:\/\/staging.elkaminante.com.uy\/en\/wp-json\/wp\/v2\/product"}],"about":[{"href":"https:\/\/staging.elkaminante.com.uy\/en\/wp-json\/wp\/v2\/types\/product"}],"wp:featuredmedia":[{"embeddable":true,"href":"https:\/\/staging.elkaminante.com.uy\/en\/wp-json\/wp\/v2\/media\/13007"}],"wp:attachment":[{"href":"https:\/\/staging.elkaminante.com.uy\/en\/wp-json\/wp\/v2\/media?parent=13009"}],"wp:term":[{"taxonomy":"product_brand","embeddable":true,"href":"https:\/\/staging.elkaminante.com.uy\/en\/wp-json\/wp\/v2\/product_brand?post=13009"},{"taxonomy":"product_cat","embeddable":true,"href":"https:\/\/staging.elkaminante.com.uy\/en\/wp-json\/wp\/v2\/product_cat?post=13009"},{"taxonomy":"product_tag","embeddable":true,"href":"https:\/\/staging.elkaminante.com.uy\/en\/wp-json\/wp\/v2\/product_tag?post=13009"}],"curies":[{"name":"wp","href":"https:\/\/api.w.org\/{rel}","templated":true}]}}