{"id":12973,"date":"2026-03-22T12:08:46","date_gmt":"2026-03-22T15:08:46","guid":{"rendered":"https:\/\/elkaminante.com.uy\/paquetes\/playa-en-valencia\/"},"modified":"2026-05-15T14:49:04","modified_gmt":"2026-05-15T17:49:04","slug":"playa-en-valencia","status":"publish","type":"product","link":"https:\/\/staging.elkaminante.com.uy\/en\/paquetes\/playa-en-valencia\/","title":{"rendered":"Playa en Valencia"},"content":{"rendered":"","protected":false},"excerpt":{"rendered":"<p>En <b>Valencia<\/b>, la belleza mediterr\u00e1nea se combina con una vibrante vida cultural y un legado hist\u00f3rico fascinante. Con sus extensas playas como la Malvarrosa y la innovadora Ciudad de las Artes y las Ciencias como emblema moderno, Valencia ofrece un equilibrio perfecto entre tradici\u00f3n y vanguardia. Pasea por su casco antiguo, descubre la imponente catedral y disfruta de sus animadas plazas y mercados locales. La gastronom\u00eda, con la aut\u00e9ntica paella como protagonista, y su clima soleado durante gran parte del a\u00f1o hacen de Valencia un destino acogedor y lleno de vida que invita a ser explorado con calma y entusiasmo.<\/p>\n","protected":false},"featured_media":12971,"template":"","meta":{"_acf_changed":false,"inline_featured_image":false},"product_brand":[],"product_cat":[28,1579],"product_tag":[562,2059,1610,4280,123,1149,4279,124,879,3734,65,125,126,4277,4281,120,61,3282,3235,127,128,4278,119],"class_list":{"0":"post-12973","1":"product","2":"type-product","3":"status-publish","4":"has-post-thumbnail","6":"product_cat-paquetes","7":"product_cat-uruguay","8":"product_tag-agosto","9":"product_tag-en-espana","10":"product_tag-en-julio","11":"product_tag-en-valencia","12":"product_tag-espana","13":"product_tag-espana-en-julio","14":"product_tag-espana-en-valencia","15":"product_tag-europa","16":"product_tag-julio","17":"product_tag-julio-agosto-2026","18":"product_tag-no-aplica","19":"product_tag-paquetes-a-espana","20":"product_tag-paquetes-a-europa","21":"product_tag-paquetes-a-valencia","22":"product_tag-playa-en-valencia","23":"product_tag-sin-comidas","24":"product_tag-sin-destino","25":"product_tag-temporada-baja","26":"product_tag-valencia","27":"product_tag-viajes-a-espana","28":"product_tag-viajes-a-europa","29":"product_tag-viajes-a-valencia","30":"product_tag-vuelo-y-hotel","31":"entry","32":"has-media","34":"first","35":"instock","36":"shipping-taxable","37":"purchasable","38":"product-type-simple"},"acf":[],"yoast_head":"<!-- This site is optimized with the Yoast SEO plugin v27.6 - https:\/\/yoast.com\/product\/yoast-seo-wordpress\/ -->\n<title>Playa en Valencia - El Kaminante<\/title>\n<meta name=\"robots\" content=\"noindex, follow, max-snippet:-1, max-image-preview:large, max-video-preview:-1\" \/>\n<meta property=\"og:locale\" content=\"en_US\" \/>\n<meta property=\"og:type\" content=\"article\" \/>\n<meta property=\"og:title\" content=\"Playa en Valencia - El Kaminante\" \/>\n<meta property=\"og:description\" content=\"En Valencia, la belleza mediterr\u00e1nea se combina con una vibrante vida cultural y un legado hist\u00f3rico fascinante. Con sus extensas playas como la Malvarrosa y la innovadora Ciudad de las Artes y las Ciencias como emblema moderno, Valencia ofrece un equilibrio perfecto entre tradici\u00f3n y vanguardia. Pasea por su casco antiguo, descubre la imponente catedral y disfruta de sus animadas plazas y mercados locales. La gastronom\u00eda, con la aut\u00e9ntica paella como protagonista, y su clima soleado durante gran parte del a\u00f1o hacen de Valencia un destino acogedor y lleno de vida que invita a ser explorado con calma y entusiasmo.\" \/>\n<meta property=\"og:url\" content=\"https:\/\/staging.elkaminante.com.uy\/paquetes\/playa-en-valencia\/\" \/>\n<meta property=\"og:site_name\" content=\"El Kaminante\" \/>\n<meta property=\"article:modified_time\" content=\"2026-05-15T17:49:04+00:00\" \/>\n<meta name=\"twitter:card\" content=\"summary_large_image\" \/>\n<script type=\"application\/ld+json\" class=\"yoast-schema-graph\">{\"@context\":\"https:\\\/\\\/schema.org\",\"@graph\":[{\"@type\":\"WebPage\",\"@id\":\"https:\\\/\\\/staging.elkaminante.com.uy\\\/paquetes\\\/playa-en-valencia\\\/\",\"url\":\"https:\\\/\\\/staging.elkaminante.com.uy\\\/paquetes\\\/playa-en-valencia\\\/\",\"name\":\"Playa en Valencia - El Kaminante\",\"isPartOf\":{\"@id\":\"https:\\\/\\\/staging.elkaminante.com.uy\\\/#website\"},\"primaryImageOfPage\":{\"@id\":\"https:\\\/\\\/staging.elkaminante.com.uy\\\/paquetes\\\/playa-en-valencia\\\/#primaryimage\"},\"image\":{\"@id\":\"https:\\\/\\\/staging.elkaminante.com.uy\\\/paquetes\\\/playa-en-valencia\\\/#primaryimage\"},\"thumbnailUrl\":\"https:\\\/\\\/staging.elkaminante.com.uy\\\/wp-content\\\/uploads\\\/2026\\\/03\\\/PAQ701.webp\",\"datePublished\":\"2026-03-22T15:08:46+00:00\",\"dateModified\":\"2026-05-15T17:49:04+00:00\",\"breadcrumb\":{\"@id\":\"https:\\\/\\\/staging.elkaminante.com.uy\\\/paquetes\\\/playa-en-valencia\\\/#breadcrumb\"},\"inLanguage\":\"en-US\",\"potentialAction\":[{\"@type\":\"ReadAction\",\"target\":[\"https:\\\/\\\/staging.elkaminante.com.uy\\\/paquetes\\\/playa-en-valencia\\\/\"]}]},{\"@type\":\"ImageObject\",\"inLanguage\":\"en-US\",\"@id\":\"https:\\\/\\\/staging.elkaminante.com.uy\\\/paquetes\\\/playa-en-valencia\\\/#primaryimage\",\"url\":\"https:\\\/\\\/staging.elkaminante.com.uy\\\/wp-content\\\/uploads\\\/2026\\\/03\\\/PAQ701.webp\",\"contentUrl\":\"https:\\\/\\\/staging.elkaminante.com.uy\\\/wp-content\\\/uploads\\\/2026\\\/03\\\/PAQ701.webp\",\"width\":800,\"height\":457},{\"@type\":\"BreadcrumbList\",\"@id\":\"https:\\\/\\\/staging.elkaminante.com.uy\\\/paquetes\\\/playa-en-valencia\\\/#breadcrumb\",\"itemListElement\":[{\"@type\":\"ListItem\",\"position\":1,\"name\":\"Inicio\",\"item\":\"https:\\\/\\\/staging.elkaminante.com.uy\\\/en\\\/\"},{\"@type\":\"ListItem\",\"position\":2,\"name\":\"Viajes por el mundo\",\"item\":\"https:\\\/\\\/staging.elkaminante.com.uy\\\/en\\\/paquetes\\\/\"},{\"@type\":\"ListItem\",\"position\":3,\"name\":\"Playa en Valencia\"}]},{\"@type\":\"WebSite\",\"@id\":\"https:\\\/\\\/staging.elkaminante.com.uy\\\/#website\",\"url\":\"https:\\\/\\\/staging.elkaminante.com.uy\\\/\",\"name\":\"El Kaminante\",\"description\":\"Viajes &amp; Turismo\",\"publisher\":{\"@id\":\"https:\\\/\\\/staging.elkaminante.com.uy\\\/#organization\"},\"potentialAction\":[{\"@type\":\"SearchAction\",\"target\":{\"@type\":\"EntryPoint\",\"urlTemplate\":\"https:\\\/\\\/staging.elkaminante.com.uy\\\/?s={search_term_string}\"},\"query-input\":{\"@type\":\"PropertyValueSpecification\",\"valueRequired\":true,\"valueName\":\"search_term_string\"}}],\"inLanguage\":\"en-US\"},{\"@type\":\"Organization\",\"@id\":\"https:\\\/\\\/staging.elkaminante.com.uy\\\/#organization\",\"name\":\"El Kaminante\",\"url\":\"https:\\\/\\\/staging.elkaminante.com.uy\\\/\",\"logo\":{\"@type\":\"ImageObject\",\"inLanguage\":\"en-US\",\"@id\":\"https:\\\/\\\/staging.elkaminante.com.uy\\\/#\\\/schema\\\/logo\\\/image\\\/\",\"url\":\"https:\\\/\\\/staging.elkaminante.com.uy\\\/wp-content\\\/uploads\\\/2025\\\/02\\\/logo-elkaminante-blanco.svg\",\"contentUrl\":\"https:\\\/\\\/staging.elkaminante.com.uy\\\/wp-content\\\/uploads\\\/2025\\\/02\\\/logo-elkaminante-blanco.svg\",\"caption\":\"El Kaminante\"},\"image\":{\"@id\":\"https:\\\/\\\/staging.elkaminante.com.uy\\\/#\\\/schema\\\/logo\\\/image\\\/\"}}]}<\/script>\n<!-- \/ Yoast SEO plugin. -->","yoast_head_json":{"title":"Playa en Valencia - El Kaminante","robots":{"index":"noindex","follow":"follow","max-snippet":"max-snippet:-1","max-image-preview":"max-image-preview:large","max-video-preview":"max-video-preview:-1"},"og_locale":"en_US","og_type":"article","og_title":"Playa en Valencia - El Kaminante","og_description":"En Valencia, la belleza mediterr\u00e1nea se combina con una vibrante vida cultural y un legado hist\u00f3rico fascinante. Con sus extensas playas como la Malvarrosa y la innovadora Ciudad de las Artes y las Ciencias como emblema moderno, Valencia ofrece un equilibrio perfecto entre tradici\u00f3n y vanguardia. Pasea por su casco antiguo, descubre la imponente catedral y disfruta de sus animadas plazas y mercados locales. La gastronom\u00eda, con la aut\u00e9ntica paella como protagonista, y su clima soleado durante gran parte del a\u00f1o hacen de Valencia un destino acogedor y lleno de vida que invita a ser explorado con calma y entusiasmo.","og_url":"https:\/\/staging.elkaminante.com.uy\/paquetes\/playa-en-valencia\/","og_site_name":"El Kaminante","article_modified_time":"2026-05-15T17:49:04+00:00","twitter_card":"summary_large_image","schema":{"@context":"https:\/\/schema.org","@graph":[{"@type":"WebPage","@id":"https:\/\/staging.elkaminante.com.uy\/paquetes\/playa-en-valencia\/","url":"https:\/\/staging.elkaminante.com.uy\/paquetes\/playa-en-valencia\/","name":"Playa en Valencia - El Kaminante","isPartOf":{"@id":"https:\/\/staging.elkaminante.com.uy\/#website"},"primaryImageOfPage":{"@id":"https:\/\/staging.elkaminante.com.uy\/paquetes\/playa-en-valencia\/#primaryimage"},"image":{"@id":"https:\/\/staging.elkaminante.com.uy\/paquetes\/playa-en-valencia\/#primaryimage"},"thumbnailUrl":"https:\/\/staging.elkaminante.com.uy\/wp-content\/uploads\/2026\/03\/PAQ701.webp","datePublished":"2026-03-22T15:08:46+00:00","dateModified":"2026-05-15T17:49:04+00:00","breadcrumb":{"@id":"https:\/\/staging.elkaminante.com.uy\/paquetes\/playa-en-valencia\/#breadcrumb"},"inLanguage":"en-US","potentialAction":[{"@type":"ReadAction","target":["https:\/\/staging.elkaminante.com.uy\/paquetes\/playa-en-valencia\/"]}]},{"@type":"ImageObject","inLanguage":"en-US","@id":"https:\/\/staging.elkaminante.com.uy\/paquetes\/playa-en-valencia\/#primaryimage","url":"https:\/\/staging.elkaminante.com.uy\/wp-content\/uploads\/2026\/03\/PAQ701.webp","contentUrl":"https:\/\/staging.elkaminante.com.uy\/wp-content\/uploads\/2026\/03\/PAQ701.webp","width":800,"height":457},{"@type":"BreadcrumbList","@id":"https:\/\/staging.elkaminante.com.uy\/paquetes\/playa-en-valencia\/#breadcrumb","itemListElement":[{"@type":"ListItem","position":1,"name":"Inicio","item":"https:\/\/staging.elkaminante.com.uy\/en\/"},{"@type":"ListItem","position":2,"name":"Viajes por el mundo","item":"https:\/\/staging.elkaminante.com.uy\/en\/paquetes\/"},{"@type":"ListItem","position":3,"name":"Playa en Valencia"}]},{"@type":"WebSite","@id":"https:\/\/staging.elkaminante.com.uy\/#website","url":"https:\/\/staging.elkaminante.com.uy\/","name":"El Kaminante","description":"Viajes &amp; Turismo","publisher":{"@id":"https:\/\/staging.elkaminante.com.uy\/#organization"},"potentialAction":[{"@type":"SearchAction","target":{"@type":"EntryPoint","urlTemplate":"https:\/\/staging.elkaminante.com.uy\/?s={search_term_string}"},"query-input":{"@type":"PropertyValueSpecification","valueRequired":true,"valueName":"search_term_string"}}],"inLanguage":"en-US"},{"@type":"Organization","@id":"https:\/\/staging.elkaminante.com.uy\/#organization","name":"El Kaminante","url":"https:\/\/staging.elkaminante.com.uy\/","logo":{"@type":"ImageObject","inLanguage":"en-US","@id":"https:\/\/staging.elkaminante.com.uy\/#\/schema\/logo\/image\/","url":"https:\/\/staging.elkaminante.com.uy\/wp-content\/uploads\/2025\/02\/logo-elkaminante-blanco.svg","contentUrl":"https:\/\/staging.elkaminante.com.uy\/wp-content\/uploads\/2025\/02\/logo-elkaminante-blanco.svg","caption":"El Kaminante"},"image":{"@id":"https:\/\/staging.elkaminante.com.uy\/#\/schema\/logo\/image\/"}}]}},"_links":{"self":[{"href":"https:\/\/staging.elkaminante.com.uy\/en\/wp-json\/wp\/v2\/product\/12973","targetHints":{"allow":["GET"]}}],"collection":[{"href":"https:\/\/staging.elkaminante.com.uy\/en\/wp-json\/wp\/v2\/product"}],"about":[{"href":"https:\/\/staging.elkaminante.com.uy\/en\/wp-json\/wp\/v2\/types\/product"}],"wp:featuredmedia":[{"embeddable":true,"href":"https:\/\/staging.elkaminante.com.uy\/en\/wp-json\/wp\/v2\/media\/12971"}],"wp:attachment":[{"href":"https:\/\/staging.elkaminante.com.uy\/en\/wp-json\/wp\/v2\/media?parent=12973"}],"wp:term":[{"taxonomy":"product_brand","embeddable":true,"href":"https:\/\/staging.elkaminante.com.uy\/en\/wp-json\/wp\/v2\/product_brand?post=12973"},{"taxonomy":"product_cat","embeddable":true,"href":"https:\/\/staging.elkaminante.com.uy\/en\/wp-json\/wp\/v2\/product_cat?post=12973"},{"taxonomy":"product_tag","embeddable":true,"href":"https:\/\/staging.elkaminante.com.uy\/en\/wp-json\/wp\/v2\/product_tag?post=12973"}],"curies":[{"name":"wp","href":"https:\/\/api.w.org\/{rel}","templated":true}]}}