{"id":12949,"date":"2026-03-22T12:08:29","date_gmt":"2026-03-22T15:08:29","guid":{"rendered":"https:\/\/elkaminante.com.uy\/paquetes\/playas-de-la-costa-azul-de-francia\/"},"modified":"2026-05-15T14:49:03","modified_gmt":"2026-05-15T17:49:03","slug":"playas-de-la-costa-azul-de-francia","status":"publish","type":"product","link":"https:\/\/staging.elkaminante.com.uy\/en\/paquetes\/playas-de-la-costa-azul-de-francia\/","title":{"rendered":"Playas de la Costa Azul de Francia"},"content":{"rendered":"","protected":false},"excerpt":{"rendered":"<p><b>La Costa Azul<\/b> es uno de los destinos m\u00e1s elegantes y cautivadores de Europa, famoso por su deslumbrante combinaci\u00f3n de mar turquesa, paisajes mediterr\u00e1neos y sofisticaci\u00f3n cultural. Ubicada en el sureste de Francia, esta regi\u00f3n ofrece desde glamorosas ciudades costeras hasta pintorescos pueblos enclavados en colinas. La Costa Azul invita a disfrutar de playas soleadas, puertos llenos de yates, festivales internacionales y una exquisita gastronom\u00eda basada en productos frescos del mar y sabores provenzales. Su clima templado, su riqueza art\u00edstica \u2014que ha inspirado a numerosos pintores y escritores\u2014 y su ambiente exclusivo la convierten en un destino ideal para el descanso, el lujo, la cultura y el turismo esc\u00e9nico.<br \/>\n<i>Principales atractivos tur\u00edsticos:<\/i> playas mediterr\u00e1neas, ciudades ic\u00f3nicas como Niza, Cannes y M\u00f3naco, pueblos con encanto como \u00c8ze y Saint-Paul-de-Vence, rutas panor\u00e1micas junto al mar, museos de arte, mercados provenzales y experiencias de ocio, cultura y lujo a lo largo de toda la costa.<\/p>\n","protected":false},"featured_media":12947,"template":"","meta":{"_acf_changed":false,"inline_featured_image":false},"product_brand":[],"product_cat":[28,1579],"product_tag":[562,3800,4265,518,4264,2752,568,4262,2062,124,142,4260,4261,2747,4258,126,143,4266,4263,120,61,3282,4259,128,144,119],"class_list":{"0":"post-12949","1":"product","2":"type-product","3":"status-publish","4":"has-post-thumbnail","6":"product_cat-paquetes","7":"product_cat-uruguay","8":"product_tag-agosto","9":"product_tag-agosto-2026auto-incluido","10":"product_tag-antibes","11":"product_tag-auto-incluido","12":"product_tag-cannes","13":"product_tag-costa-azul","14":"product_tag-en-agosto","15":"product_tag-en-costa-azul","16":"product_tag-en-francia","17":"product_tag-europa","18":"product_tag-francia","19":"product_tag-francia-en-agosto","20":"product_tag-francia-en-costa-azul","21":"product_tag-niza","22":"product_tag-paquetes-a-costa-azul","23":"product_tag-paquetes-a-europa","24":"product_tag-paquetes-a-francia","25":"product_tag-playas-de-la-costa-azul-de-francia","26":"product_tag-saint-jean-cap-ferrat","27":"product_tag-sin-comidas","28":"product_tag-sin-destino","29":"product_tag-temporada-baja","30":"product_tag-viajes-a-costa-azul","31":"product_tag-viajes-a-europa","32":"product_tag-viajes-a-francia","33":"product_tag-vuelo-y-hotel","34":"entry","35":"has-media","37":"first","38":"instock","39":"shipping-taxable","40":"purchasable","41":"product-type-simple"},"acf":[],"yoast_head":"<!-- This site is optimized with the Yoast SEO plugin v27.6 - https:\/\/yoast.com\/product\/yoast-seo-wordpress\/ -->\n<title>Playas de la Costa Azul de Francia - El Kaminante<\/title>\n<meta name=\"robots\" content=\"noindex, follow, max-snippet:-1, max-image-preview:large, max-video-preview:-1\" \/>\n<meta property=\"og:locale\" content=\"en_US\" \/>\n<meta property=\"og:type\" content=\"article\" \/>\n<meta property=\"og:title\" content=\"Playas de la Costa Azul de Francia - El Kaminante\" \/>\n<meta property=\"og:description\" content=\"La Costa Azul es uno de los destinos m\u00e1s elegantes y cautivadores de Europa, famoso por su deslumbrante combinaci\u00f3n de mar turquesa, paisajes mediterr\u00e1neos y sofisticaci\u00f3n cultural. Ubicada en el sureste de Francia, esta regi\u00f3n ofrece desde glamorosas ciudades costeras hasta pintorescos pueblos enclavados en colinas. La Costa Azul invita a disfrutar de playas soleadas, puertos llenos de yates, festivales internacionales y una exquisita gastronom\u00eda basada en productos frescos del mar y sabores provenzales. Su clima templado, su riqueza art\u00edstica \u2014que ha inspirado a numerosos pintores y escritores\u2014 y su ambiente exclusivo la convierten en un destino ideal para el descanso, el lujo, la cultura y el turismo esc\u00e9nico. Principales atractivos tur\u00edsticos: playas mediterr\u00e1neas, ciudades ic\u00f3nicas como Niza, Cannes y M\u00f3naco, pueblos con encanto como \u00c8ze y Saint-Paul-de-Vence, rutas panor\u00e1micas junto al mar, museos de arte, mercados provenzales y experiencias de ocio, cultura y lujo a lo largo de toda la costa.\" \/>\n<meta property=\"og:url\" content=\"https:\/\/staging.elkaminante.com.uy\/paquetes\/playas-de-la-costa-azul-de-francia\/\" \/>\n<meta property=\"og:site_name\" content=\"El Kaminante\" \/>\n<meta property=\"article:modified_time\" content=\"2026-05-15T17:49:03+00:00\" \/>\n<meta name=\"twitter:card\" content=\"summary_large_image\" \/>\n<script type=\"application\/ld+json\" class=\"yoast-schema-graph\">{\"@context\":\"https:\\\/\\\/schema.org\",\"@graph\":[{\"@type\":\"WebPage\",\"@id\":\"https:\\\/\\\/staging.elkaminante.com.uy\\\/paquetes\\\/playas-de-la-costa-azul-de-francia\\\/\",\"url\":\"https:\\\/\\\/staging.elkaminante.com.uy\\\/paquetes\\\/playas-de-la-costa-azul-de-francia\\\/\",\"name\":\"Playas de la Costa Azul de Francia - El Kaminante\",\"isPartOf\":{\"@id\":\"https:\\\/\\\/staging.elkaminante.com.uy\\\/#website\"},\"primaryImageOfPage\":{\"@id\":\"https:\\\/\\\/staging.elkaminante.com.uy\\\/paquetes\\\/playas-de-la-costa-azul-de-francia\\\/#primaryimage\"},\"image\":{\"@id\":\"https:\\\/\\\/staging.elkaminante.com.uy\\\/paquetes\\\/playas-de-la-costa-azul-de-francia\\\/#primaryimage\"},\"thumbnailUrl\":\"https:\\\/\\\/staging.elkaminante.com.uy\\\/wp-content\\\/uploads\\\/2026\\\/03\\\/PAQ697.webp\",\"datePublished\":\"2026-03-22T15:08:29+00:00\",\"dateModified\":\"2026-05-15T17:49:03+00:00\",\"breadcrumb\":{\"@id\":\"https:\\\/\\\/staging.elkaminante.com.uy\\\/paquetes\\\/playas-de-la-costa-azul-de-francia\\\/#breadcrumb\"},\"inLanguage\":\"en-US\",\"potentialAction\":[{\"@type\":\"ReadAction\",\"target\":[\"https:\\\/\\\/staging.elkaminante.com.uy\\\/paquetes\\\/playas-de-la-costa-azul-de-francia\\\/\"]}]},{\"@type\":\"ImageObject\",\"inLanguage\":\"en-US\",\"@id\":\"https:\\\/\\\/staging.elkaminante.com.uy\\\/paquetes\\\/playas-de-la-costa-azul-de-francia\\\/#primaryimage\",\"url\":\"https:\\\/\\\/staging.elkaminante.com.uy\\\/wp-content\\\/uploads\\\/2026\\\/03\\\/PAQ697.webp\",\"contentUrl\":\"https:\\\/\\\/staging.elkaminante.com.uy\\\/wp-content\\\/uploads\\\/2026\\\/03\\\/PAQ697.webp\",\"width\":800,\"height\":457},{\"@type\":\"BreadcrumbList\",\"@id\":\"https:\\\/\\\/staging.elkaminante.com.uy\\\/paquetes\\\/playas-de-la-costa-azul-de-francia\\\/#breadcrumb\",\"itemListElement\":[{\"@type\":\"ListItem\",\"position\":1,\"name\":\"Inicio\",\"item\":\"https:\\\/\\\/staging.elkaminante.com.uy\\\/en\\\/\"},{\"@type\":\"ListItem\",\"position\":2,\"name\":\"Viajes por el mundo\",\"item\":\"https:\\\/\\\/staging.elkaminante.com.uy\\\/en\\\/paquetes\\\/\"},{\"@type\":\"ListItem\",\"position\":3,\"name\":\"Playas de la Costa Azul de Francia\"}]},{\"@type\":\"WebSite\",\"@id\":\"https:\\\/\\\/staging.elkaminante.com.uy\\\/#website\",\"url\":\"https:\\\/\\\/staging.elkaminante.com.uy\\\/\",\"name\":\"El Kaminante\",\"description\":\"Viajes &amp; Turismo\",\"publisher\":{\"@id\":\"https:\\\/\\\/staging.elkaminante.com.uy\\\/#organization\"},\"potentialAction\":[{\"@type\":\"SearchAction\",\"target\":{\"@type\":\"EntryPoint\",\"urlTemplate\":\"https:\\\/\\\/staging.elkaminante.com.uy\\\/?s={search_term_string}\"},\"query-input\":{\"@type\":\"PropertyValueSpecification\",\"valueRequired\":true,\"valueName\":\"search_term_string\"}}],\"inLanguage\":\"en-US\"},{\"@type\":\"Organization\",\"@id\":\"https:\\\/\\\/staging.elkaminante.com.uy\\\/#organization\",\"name\":\"El Kaminante\",\"url\":\"https:\\\/\\\/staging.elkaminante.com.uy\\\/\",\"logo\":{\"@type\":\"ImageObject\",\"inLanguage\":\"en-US\",\"@id\":\"https:\\\/\\\/staging.elkaminante.com.uy\\\/#\\\/schema\\\/logo\\\/image\\\/\",\"url\":\"https:\\\/\\\/staging.elkaminante.com.uy\\\/wp-content\\\/uploads\\\/2025\\\/02\\\/logo-elkaminante-blanco.svg\",\"contentUrl\":\"https:\\\/\\\/staging.elkaminante.com.uy\\\/wp-content\\\/uploads\\\/2025\\\/02\\\/logo-elkaminante-blanco.svg\",\"caption\":\"El Kaminante\"},\"image\":{\"@id\":\"https:\\\/\\\/staging.elkaminante.com.uy\\\/#\\\/schema\\\/logo\\\/image\\\/\"}}]}<\/script>\n<!-- \/ Yoast SEO plugin. -->","yoast_head_json":{"title":"Playas de la Costa Azul de Francia - El Kaminante","robots":{"index":"noindex","follow":"follow","max-snippet":"max-snippet:-1","max-image-preview":"max-image-preview:large","max-video-preview":"max-video-preview:-1"},"og_locale":"en_US","og_type":"article","og_title":"Playas de la Costa Azul de Francia - El Kaminante","og_description":"La Costa Azul es uno de los destinos m\u00e1s elegantes y cautivadores de Europa, famoso por su deslumbrante combinaci\u00f3n de mar turquesa, paisajes mediterr\u00e1neos y sofisticaci\u00f3n cultural. Ubicada en el sureste de Francia, esta regi\u00f3n ofrece desde glamorosas ciudades costeras hasta pintorescos pueblos enclavados en colinas. La Costa Azul invita a disfrutar de playas soleadas, puertos llenos de yates, festivales internacionales y una exquisita gastronom\u00eda basada en productos frescos del mar y sabores provenzales. Su clima templado, su riqueza art\u00edstica \u2014que ha inspirado a numerosos pintores y escritores\u2014 y su ambiente exclusivo la convierten en un destino ideal para el descanso, el lujo, la cultura y el turismo esc\u00e9nico. Principales atractivos tur\u00edsticos: playas mediterr\u00e1neas, ciudades ic\u00f3nicas como Niza, Cannes y M\u00f3naco, pueblos con encanto como \u00c8ze y Saint-Paul-de-Vence, rutas panor\u00e1micas junto al mar, museos de arte, mercados provenzales y experiencias de ocio, cultura y lujo a lo largo de toda la costa.","og_url":"https:\/\/staging.elkaminante.com.uy\/paquetes\/playas-de-la-costa-azul-de-francia\/","og_site_name":"El Kaminante","article_modified_time":"2026-05-15T17:49:03+00:00","twitter_card":"summary_large_image","schema":{"@context":"https:\/\/schema.org","@graph":[{"@type":"WebPage","@id":"https:\/\/staging.elkaminante.com.uy\/paquetes\/playas-de-la-costa-azul-de-francia\/","url":"https:\/\/staging.elkaminante.com.uy\/paquetes\/playas-de-la-costa-azul-de-francia\/","name":"Playas de la Costa Azul de Francia - El Kaminante","isPartOf":{"@id":"https:\/\/staging.elkaminante.com.uy\/#website"},"primaryImageOfPage":{"@id":"https:\/\/staging.elkaminante.com.uy\/paquetes\/playas-de-la-costa-azul-de-francia\/#primaryimage"},"image":{"@id":"https:\/\/staging.elkaminante.com.uy\/paquetes\/playas-de-la-costa-azul-de-francia\/#primaryimage"},"thumbnailUrl":"https:\/\/staging.elkaminante.com.uy\/wp-content\/uploads\/2026\/03\/PAQ697.webp","datePublished":"2026-03-22T15:08:29+00:00","dateModified":"2026-05-15T17:49:03+00:00","breadcrumb":{"@id":"https:\/\/staging.elkaminante.com.uy\/paquetes\/playas-de-la-costa-azul-de-francia\/#breadcrumb"},"inLanguage":"en-US","potentialAction":[{"@type":"ReadAction","target":["https:\/\/staging.elkaminante.com.uy\/paquetes\/playas-de-la-costa-azul-de-francia\/"]}]},{"@type":"ImageObject","inLanguage":"en-US","@id":"https:\/\/staging.elkaminante.com.uy\/paquetes\/playas-de-la-costa-azul-de-francia\/#primaryimage","url":"https:\/\/staging.elkaminante.com.uy\/wp-content\/uploads\/2026\/03\/PAQ697.webp","contentUrl":"https:\/\/staging.elkaminante.com.uy\/wp-content\/uploads\/2026\/03\/PAQ697.webp","width":800,"height":457},{"@type":"BreadcrumbList","@id":"https:\/\/staging.elkaminante.com.uy\/paquetes\/playas-de-la-costa-azul-de-francia\/#breadcrumb","itemListElement":[{"@type":"ListItem","position":1,"name":"Inicio","item":"https:\/\/staging.elkaminante.com.uy\/en\/"},{"@type":"ListItem","position":2,"name":"Viajes por el mundo","item":"https:\/\/staging.elkaminante.com.uy\/en\/paquetes\/"},{"@type":"ListItem","position":3,"name":"Playas de la Costa Azul de Francia"}]},{"@type":"WebSite","@id":"https:\/\/staging.elkaminante.com.uy\/#website","url":"https:\/\/staging.elkaminante.com.uy\/","name":"El Kaminante","description":"Viajes &amp; Turismo","publisher":{"@id":"https:\/\/staging.elkaminante.com.uy\/#organization"},"potentialAction":[{"@type":"SearchAction","target":{"@type":"EntryPoint","urlTemplate":"https:\/\/staging.elkaminante.com.uy\/?s={search_term_string}"},"query-input":{"@type":"PropertyValueSpecification","valueRequired":true,"valueName":"search_term_string"}}],"inLanguage":"en-US"},{"@type":"Organization","@id":"https:\/\/staging.elkaminante.com.uy\/#organization","name":"El Kaminante","url":"https:\/\/staging.elkaminante.com.uy\/","logo":{"@type":"ImageObject","inLanguage":"en-US","@id":"https:\/\/staging.elkaminante.com.uy\/#\/schema\/logo\/image\/","url":"https:\/\/staging.elkaminante.com.uy\/wp-content\/uploads\/2025\/02\/logo-elkaminante-blanco.svg","contentUrl":"https:\/\/staging.elkaminante.com.uy\/wp-content\/uploads\/2025\/02\/logo-elkaminante-blanco.svg","caption":"El Kaminante"},"image":{"@id":"https:\/\/staging.elkaminante.com.uy\/#\/schema\/logo\/image\/"}}]}},"_links":{"self":[{"href":"https:\/\/staging.elkaminante.com.uy\/en\/wp-json\/wp\/v2\/product\/12949","targetHints":{"allow":["GET"]}}],"collection":[{"href":"https:\/\/staging.elkaminante.com.uy\/en\/wp-json\/wp\/v2\/product"}],"about":[{"href":"https:\/\/staging.elkaminante.com.uy\/en\/wp-json\/wp\/v2\/types\/product"}],"wp:featuredmedia":[{"embeddable":true,"href":"https:\/\/staging.elkaminante.com.uy\/en\/wp-json\/wp\/v2\/media\/12947"}],"wp:attachment":[{"href":"https:\/\/staging.elkaminante.com.uy\/en\/wp-json\/wp\/v2\/media?parent=12949"}],"wp:term":[{"taxonomy":"product_brand","embeddable":true,"href":"https:\/\/staging.elkaminante.com.uy\/en\/wp-json\/wp\/v2\/product_brand?post=12949"},{"taxonomy":"product_cat","embeddable":true,"href":"https:\/\/staging.elkaminante.com.uy\/en\/wp-json\/wp\/v2\/product_cat?post=12949"},{"taxonomy":"product_tag","embeddable":true,"href":"https:\/\/staging.elkaminante.com.uy\/en\/wp-json\/wp\/v2\/product_tag?post=12949"}],"curies":[{"name":"wp","href":"https:\/\/api.w.org\/{rel}","templated":true}]}}