{"id":12932,"date":"2026-03-22T12:08:16","date_gmt":"2026-03-22T15:08:16","guid":{"rendered":"https:\/\/elkaminante.com.uy\/paquetes\/estambul-y-reino-unido-en-grupo-desde-bs-as\/"},"modified":"2026-05-15T14:49:00","modified_gmt":"2026-05-15T17:49:00","slug":"estambul-y-reino-unido-en-grupo-desde-bs-as","status":"publish","type":"product","link":"https:\/\/staging.elkaminante.com.uy\/en\/paquetes\/estambul-y-reino-unido-en-grupo-desde-bs-as\/","title":{"rendered":"Estambul y Reino Unido en grupo desde Bs.As"},"content":{"rendered":"","protected":false},"excerpt":{"rendered":"<p>En <b>Inglaterra<\/b>, la historia y la modernidad se entrelazan de manera asombrosa. Desde los majestuosos castillos y la rica herencia cultural hasta la bulliciosa vida en la ciudad de Londres, este pa\u00eds tiene mucho que ofrecer. Descubrir la grandeza de Stonehenge, explorar museos de clase mundial como el British Museum y disfrutar de la elegancia de Buckingham Palace, son algunas de las joyas de este destino. La diversidad gastron\u00f3mica es un punto culminante, con opciones que van desde platos tradicionales hasta la alta cocina internacional. Un viaje a Inglaterra es un viaje a trav\u00e9s del tiempo y la cultura. <i>Principales atractivos tur\u00edsticos:<\/i> Londres, Bath, Oxford, Stratford Upon Avon, Liverpool, el Parque Nacional de Snowdonia, Gales y Cambridge, entre otros.<\/p>\n<p><b>Turqu\u00eda<\/b> es rica en historia, arquitectura y belleza natural, el vasto y variado patrimonio cultural, que abarca miles de a\u00f1os, se refleja en su paisaje, su arquitectura, su cocina y la gran variedad de costumbres que existen en todo el pa\u00eds. Es un destino que espera ser descubierto con muchas atracciones culturales en ciudades como Estambul, Ankara e Izmir, entre otras. En Estambul, visitar El Gran Bazar, con sus m\u00e1s de 4.00 tiendas y la casi obligaci\u00f3n de regatear con los mercaderes en busca de gangas, es otra de las experiencias que ofrece la ciudad. Al igual que admirar las centenarias mezquitas que pueblan la ciudad, entre ellas la Azul o la de Solim\u00e1n, o realizar un crucero por el B\u00f3sforo observando sus puentes y los palacios y fortalezas que pueblan sus orillas. <i>Principales atractivos tur\u00edsticos:<\/i>Ankara, Capadocia, el valle de Goremo, el castillo Uchistar, las ciudades subterr\u00e1neas, Konya, Pamukkale y su Castillo de Algod\u00f3n, las ruinas de Hier\u00e1polis, \u00c9feso, Esmirna, el mar Egeo y las ruinas del Templo de Artemisa, entre otros.<\/p>\n","protected":false},"featured_media":12930,"template":"","meta":{"_acf_changed":false,"inline_featured_image":false},"product_brand":[],"product_cat":[28,1579],"product_tag":[4235,4036,562,2711,392,2716,2708,4038,64,2717,2710,2712,568,2244,2156,2610,4238,124,1634,4035,2715,504,4037,2719,502,65,2721,395,126,863,505,676,503,1660,868,1152,61,4031,4237,675,674,397,128,864,506,677,63,4236],"class_list":{"0":"post-12932","1":"product","2":"type-product","3":"status-publish","4":"has-post-thumbnail","6":"product_cat-paquetes","7":"product_cat-uruguay","8":"product_tag-25-de-agosto-de-2026","9":"product_tag-acantilados-de-moher","10":"product_tag-agosto","11":"product_tag-alnwick","12":"product_tag-asia","13":"product_tag-belfast","14":"product_tag-cambridge","15":"product_tag-cork","16":"product_tag-desayuno","17":"product_tag-dublin","18":"product_tag-durham","19":"product_tag-edimburgo","20":"product_tag-en-agosto","21":"product_tag-en-inglaterra","22":"product_tag-en-reino-unido","23":"product_tag-estambul","24":"product_tag-estambul-y-reino-unido-en-grupo-desde-bs-as","25":"product_tag-europa","26":"product_tag-exhotico","27":"product_tag-galway","28":"product_tag-glasgow","29":"product_tag-inglaterra","30":"product_tag-limerick","31":"product_tag-liverpool","32":"product_tag-londres","33":"product_tag-no-aplica","34":"product_tag-oxford","35":"product_tag-paquetes-a-asia","36":"product_tag-paquetes-a-europa","37":"product_tag-paquetes-a-inglaterra","38":"product_tag-paquetes-a-reino-unido","39":"product_tag-paquetes-a-turquia","40":"product_tag-reino-unido","41":"product_tag-reino-unido-en-agosto","42":"product_tag-reino-unido-en-inglaterra","43":"product_tag-salida-grupal","44":"product_tag-sin-destino","45":"product_tag-stirling","46":"product_tag-trossachs","47":"product_tag-turkiye","48":"product_tag-turquia","49":"product_tag-viajes-a-asia","50":"product_tag-viajes-a-europa","51":"product_tag-viajes-a-inglaterra","52":"product_tag-viajes-a-reino-unido","53":"product_tag-viajes-a-turquia","54":"product_tag-vuelo-y-circuito","55":"product_tag-york-harrogate","56":"entry","57":"has-media","59":"first","60":"instock","61":"shipping-taxable","62":"purchasable","63":"product-type-simple"},"acf":[],"yoast_head":"<!-- This site is optimized with the Yoast SEO plugin v27.6 - https:\/\/yoast.com\/product\/yoast-seo-wordpress\/ -->\n<title>Estambul y Reino Unido en grupo desde Bs.As - El Kaminante<\/title>\n<meta name=\"robots\" content=\"noindex, follow, max-snippet:-1, max-image-preview:large, max-video-preview:-1\" \/>\n<meta property=\"og:locale\" content=\"en_US\" \/>\n<meta property=\"og:type\" content=\"article\" \/>\n<meta property=\"og:title\" content=\"Estambul y Reino Unido en grupo desde Bs.As - El Kaminante\" \/>\n<meta property=\"og:description\" content=\"En Inglaterra, la historia y la modernidad se entrelazan de manera asombrosa. Desde los majestuosos castillos y la rica herencia cultural hasta la bulliciosa vida en la ciudad de Londres, este pa\u00eds tiene mucho que ofrecer. Descubrir la grandeza de Stonehenge, explorar museos de clase mundial como el British Museum y disfrutar de la elegancia de Buckingham Palace, son algunas de las joyas de este destino. La diversidad gastron\u00f3mica es un punto culminante, con opciones que van desde platos tradicionales hasta la alta cocina internacional. Un viaje a Inglaterra es un viaje a trav\u00e9s del tiempo y la cultura. Principales atractivos tur\u00edsticos: Londres, Bath, Oxford, Stratford Upon Avon, Liverpool, el Parque Nacional de Snowdonia, Gales y Cambridge, entre otros.Turqu\u00eda es rica en historia, arquitectura y belleza natural, el vasto y variado patrimonio cultural, que abarca miles de a\u00f1os, se refleja en su paisaje, su arquitectura, su cocina y la gran variedad de costumbres que existen en todo el pa\u00eds. Es un destino que espera ser descubierto con muchas atracciones culturales en ciudades como Estambul, Ankara e Izmir, entre otras. En Estambul, visitar El Gran Bazar, con sus m\u00e1s de 4.00 tiendas y la casi obligaci\u00f3n de regatear con los mercaderes en busca de gangas, es otra de las experiencias que ofrece la ciudad. Al igual que admirar las centenarias mezquitas que pueblan la ciudad, entre ellas la Azul o la de Solim\u00e1n, o realizar un crucero por el B\u00f3sforo observando sus puentes y los palacios y fortalezas que pueblan sus orillas. Principales atractivos tur\u00edsticos:Ankara, Capadocia, el valle de Goremo, el castillo Uchistar, las ciudades subterr\u00e1neas, Konya, Pamukkale y su Castillo de Algod\u00f3n, las ruinas de Hier\u00e1polis, \u00c9feso, Esmirna, el mar Egeo y las ruinas del Templo de Artemisa, entre otros.\" \/>\n<meta property=\"og:url\" content=\"https:\/\/staging.elkaminante.com.uy\/paquetes\/estambul-y-reino-unido-en-grupo-desde-bs-as\/\" \/>\n<meta property=\"og:site_name\" content=\"El Kaminante\" \/>\n<meta property=\"article:modified_time\" content=\"2026-05-15T17:49:00+00:00\" \/>\n<meta name=\"twitter:card\" content=\"summary_large_image\" \/>\n<script type=\"application\/ld+json\" class=\"yoast-schema-graph\">{\"@context\":\"https:\\\/\\\/schema.org\",\"@graph\":[{\"@type\":\"WebPage\",\"@id\":\"https:\\\/\\\/staging.elkaminante.com.uy\\\/paquetes\\\/estambul-y-reino-unido-en-grupo-desde-bs-as\\\/\",\"url\":\"https:\\\/\\\/staging.elkaminante.com.uy\\\/paquetes\\\/estambul-y-reino-unido-en-grupo-desde-bs-as\\\/\",\"name\":\"Estambul y Reino Unido en grupo desde Bs.As - El Kaminante\",\"isPartOf\":{\"@id\":\"https:\\\/\\\/staging.elkaminante.com.uy\\\/#website\"},\"primaryImageOfPage\":{\"@id\":\"https:\\\/\\\/staging.elkaminante.com.uy\\\/paquetes\\\/estambul-y-reino-unido-en-grupo-desde-bs-as\\\/#primaryimage\"},\"image\":{\"@id\":\"https:\\\/\\\/staging.elkaminante.com.uy\\\/paquetes\\\/estambul-y-reino-unido-en-grupo-desde-bs-as\\\/#primaryimage\"},\"thumbnailUrl\":\"https:\\\/\\\/staging.elkaminante.com.uy\\\/wp-content\\\/uploads\\\/2026\\\/03\\\/PAQ692.webp\",\"datePublished\":\"2026-03-22T15:08:16+00:00\",\"dateModified\":\"2026-05-15T17:49:00+00:00\",\"breadcrumb\":{\"@id\":\"https:\\\/\\\/staging.elkaminante.com.uy\\\/paquetes\\\/estambul-y-reino-unido-en-grupo-desde-bs-as\\\/#breadcrumb\"},\"inLanguage\":\"en-US\",\"potentialAction\":[{\"@type\":\"ReadAction\",\"target\":[\"https:\\\/\\\/staging.elkaminante.com.uy\\\/paquetes\\\/estambul-y-reino-unido-en-grupo-desde-bs-as\\\/\"]}]},{\"@type\":\"ImageObject\",\"inLanguage\":\"en-US\",\"@id\":\"https:\\\/\\\/staging.elkaminante.com.uy\\\/paquetes\\\/estambul-y-reino-unido-en-grupo-desde-bs-as\\\/#primaryimage\",\"url\":\"https:\\\/\\\/staging.elkaminante.com.uy\\\/wp-content\\\/uploads\\\/2026\\\/03\\\/PAQ692.webp\",\"contentUrl\":\"https:\\\/\\\/staging.elkaminante.com.uy\\\/wp-content\\\/uploads\\\/2026\\\/03\\\/PAQ692.webp\",\"width\":800,\"height\":457},{\"@type\":\"BreadcrumbList\",\"@id\":\"https:\\\/\\\/staging.elkaminante.com.uy\\\/paquetes\\\/estambul-y-reino-unido-en-grupo-desde-bs-as\\\/#breadcrumb\",\"itemListElement\":[{\"@type\":\"ListItem\",\"position\":1,\"name\":\"Inicio\",\"item\":\"https:\\\/\\\/staging.elkaminante.com.uy\\\/en\\\/\"},{\"@type\":\"ListItem\",\"position\":2,\"name\":\"Viajes por el mundo\",\"item\":\"https:\\\/\\\/staging.elkaminante.com.uy\\\/en\\\/paquetes\\\/\"},{\"@type\":\"ListItem\",\"position\":3,\"name\":\"Estambul y Reino Unido en grupo desde Bs.As\"}]},{\"@type\":\"WebSite\",\"@id\":\"https:\\\/\\\/staging.elkaminante.com.uy\\\/#website\",\"url\":\"https:\\\/\\\/staging.elkaminante.com.uy\\\/\",\"name\":\"El Kaminante\",\"description\":\"Viajes &amp; Turismo\",\"publisher\":{\"@id\":\"https:\\\/\\\/staging.elkaminante.com.uy\\\/#organization\"},\"potentialAction\":[{\"@type\":\"SearchAction\",\"target\":{\"@type\":\"EntryPoint\",\"urlTemplate\":\"https:\\\/\\\/staging.elkaminante.com.uy\\\/?s={search_term_string}\"},\"query-input\":{\"@type\":\"PropertyValueSpecification\",\"valueRequired\":true,\"valueName\":\"search_term_string\"}}],\"inLanguage\":\"en-US\"},{\"@type\":\"Organization\",\"@id\":\"https:\\\/\\\/staging.elkaminante.com.uy\\\/#organization\",\"name\":\"El Kaminante\",\"url\":\"https:\\\/\\\/staging.elkaminante.com.uy\\\/\",\"logo\":{\"@type\":\"ImageObject\",\"inLanguage\":\"en-US\",\"@id\":\"https:\\\/\\\/staging.elkaminante.com.uy\\\/#\\\/schema\\\/logo\\\/image\\\/\",\"url\":\"https:\\\/\\\/staging.elkaminante.com.uy\\\/wp-content\\\/uploads\\\/2025\\\/02\\\/logo-elkaminante-blanco.svg\",\"contentUrl\":\"https:\\\/\\\/staging.elkaminante.com.uy\\\/wp-content\\\/uploads\\\/2025\\\/02\\\/logo-elkaminante-blanco.svg\",\"caption\":\"El Kaminante\"},\"image\":{\"@id\":\"https:\\\/\\\/staging.elkaminante.com.uy\\\/#\\\/schema\\\/logo\\\/image\\\/\"}}]}<\/script>\n<!-- \/ Yoast SEO plugin. -->","yoast_head_json":{"title":"Estambul y Reino Unido en grupo desde Bs.As - El Kaminante","robots":{"index":"noindex","follow":"follow","max-snippet":"max-snippet:-1","max-image-preview":"max-image-preview:large","max-video-preview":"max-video-preview:-1"},"og_locale":"en_US","og_type":"article","og_title":"Estambul y Reino Unido en grupo desde Bs.As - El Kaminante","og_description":"En Inglaterra, la historia y la modernidad se entrelazan de manera asombrosa. Desde los majestuosos castillos y la rica herencia cultural hasta la bulliciosa vida en la ciudad de Londres, este pa\u00eds tiene mucho que ofrecer. Descubrir la grandeza de Stonehenge, explorar museos de clase mundial como el British Museum y disfrutar de la elegancia de Buckingham Palace, son algunas de las joyas de este destino. La diversidad gastron\u00f3mica es un punto culminante, con opciones que van desde platos tradicionales hasta la alta cocina internacional. Un viaje a Inglaterra es un viaje a trav\u00e9s del tiempo y la cultura. Principales atractivos tur\u00edsticos: Londres, Bath, Oxford, Stratford Upon Avon, Liverpool, el Parque Nacional de Snowdonia, Gales y Cambridge, entre otros.Turqu\u00eda es rica en historia, arquitectura y belleza natural, el vasto y variado patrimonio cultural, que abarca miles de a\u00f1os, se refleja en su paisaje, su arquitectura, su cocina y la gran variedad de costumbres que existen en todo el pa\u00eds. Es un destino que espera ser descubierto con muchas atracciones culturales en ciudades como Estambul, Ankara e Izmir, entre otras. En Estambul, visitar El Gran Bazar, con sus m\u00e1s de 4.00 tiendas y la casi obligaci\u00f3n de regatear con los mercaderes en busca de gangas, es otra de las experiencias que ofrece la ciudad. Al igual que admirar las centenarias mezquitas que pueblan la ciudad, entre ellas la Azul o la de Solim\u00e1n, o realizar un crucero por el B\u00f3sforo observando sus puentes y los palacios y fortalezas que pueblan sus orillas. Principales atractivos tur\u00edsticos:Ankara, Capadocia, el valle de Goremo, el castillo Uchistar, las ciudades subterr\u00e1neas, Konya, Pamukkale y su Castillo de Algod\u00f3n, las ruinas de Hier\u00e1polis, \u00c9feso, Esmirna, el mar Egeo y las ruinas del Templo de Artemisa, entre otros.","og_url":"https:\/\/staging.elkaminante.com.uy\/paquetes\/estambul-y-reino-unido-en-grupo-desde-bs-as\/","og_site_name":"El Kaminante","article_modified_time":"2026-05-15T17:49:00+00:00","twitter_card":"summary_large_image","schema":{"@context":"https:\/\/schema.org","@graph":[{"@type":"WebPage","@id":"https:\/\/staging.elkaminante.com.uy\/paquetes\/estambul-y-reino-unido-en-grupo-desde-bs-as\/","url":"https:\/\/staging.elkaminante.com.uy\/paquetes\/estambul-y-reino-unido-en-grupo-desde-bs-as\/","name":"Estambul y Reino Unido en grupo desde Bs.As - El Kaminante","isPartOf":{"@id":"https:\/\/staging.elkaminante.com.uy\/#website"},"primaryImageOfPage":{"@id":"https:\/\/staging.elkaminante.com.uy\/paquetes\/estambul-y-reino-unido-en-grupo-desde-bs-as\/#primaryimage"},"image":{"@id":"https:\/\/staging.elkaminante.com.uy\/paquetes\/estambul-y-reino-unido-en-grupo-desde-bs-as\/#primaryimage"},"thumbnailUrl":"https:\/\/staging.elkaminante.com.uy\/wp-content\/uploads\/2026\/03\/PAQ692.webp","datePublished":"2026-03-22T15:08:16+00:00","dateModified":"2026-05-15T17:49:00+00:00","breadcrumb":{"@id":"https:\/\/staging.elkaminante.com.uy\/paquetes\/estambul-y-reino-unido-en-grupo-desde-bs-as\/#breadcrumb"},"inLanguage":"en-US","potentialAction":[{"@type":"ReadAction","target":["https:\/\/staging.elkaminante.com.uy\/paquetes\/estambul-y-reino-unido-en-grupo-desde-bs-as\/"]}]},{"@type":"ImageObject","inLanguage":"en-US","@id":"https:\/\/staging.elkaminante.com.uy\/paquetes\/estambul-y-reino-unido-en-grupo-desde-bs-as\/#primaryimage","url":"https:\/\/staging.elkaminante.com.uy\/wp-content\/uploads\/2026\/03\/PAQ692.webp","contentUrl":"https:\/\/staging.elkaminante.com.uy\/wp-content\/uploads\/2026\/03\/PAQ692.webp","width":800,"height":457},{"@type":"BreadcrumbList","@id":"https:\/\/staging.elkaminante.com.uy\/paquetes\/estambul-y-reino-unido-en-grupo-desde-bs-as\/#breadcrumb","itemListElement":[{"@type":"ListItem","position":1,"name":"Inicio","item":"https:\/\/staging.elkaminante.com.uy\/en\/"},{"@type":"ListItem","position":2,"name":"Viajes por el mundo","item":"https:\/\/staging.elkaminante.com.uy\/en\/paquetes\/"},{"@type":"ListItem","position":3,"name":"Estambul y Reino Unido en grupo desde Bs.As"}]},{"@type":"WebSite","@id":"https:\/\/staging.elkaminante.com.uy\/#website","url":"https:\/\/staging.elkaminante.com.uy\/","name":"El Kaminante","description":"Viajes &amp; Turismo","publisher":{"@id":"https:\/\/staging.elkaminante.com.uy\/#organization"},"potentialAction":[{"@type":"SearchAction","target":{"@type":"EntryPoint","urlTemplate":"https:\/\/staging.elkaminante.com.uy\/?s={search_term_string}"},"query-input":{"@type":"PropertyValueSpecification","valueRequired":true,"valueName":"search_term_string"}}],"inLanguage":"en-US"},{"@type":"Organization","@id":"https:\/\/staging.elkaminante.com.uy\/#organization","name":"El Kaminante","url":"https:\/\/staging.elkaminante.com.uy\/","logo":{"@type":"ImageObject","inLanguage":"en-US","@id":"https:\/\/staging.elkaminante.com.uy\/#\/schema\/logo\/image\/","url":"https:\/\/staging.elkaminante.com.uy\/wp-content\/uploads\/2025\/02\/logo-elkaminante-blanco.svg","contentUrl":"https:\/\/staging.elkaminante.com.uy\/wp-content\/uploads\/2025\/02\/logo-elkaminante-blanco.svg","caption":"El Kaminante"},"image":{"@id":"https:\/\/staging.elkaminante.com.uy\/#\/schema\/logo\/image\/"}}]}},"_links":{"self":[{"href":"https:\/\/staging.elkaminante.com.uy\/en\/wp-json\/wp\/v2\/product\/12932","targetHints":{"allow":["GET"]}}],"collection":[{"href":"https:\/\/staging.elkaminante.com.uy\/en\/wp-json\/wp\/v2\/product"}],"about":[{"href":"https:\/\/staging.elkaminante.com.uy\/en\/wp-json\/wp\/v2\/types\/product"}],"wp:featuredmedia":[{"embeddable":true,"href":"https:\/\/staging.elkaminante.com.uy\/en\/wp-json\/wp\/v2\/media\/12930"}],"wp:attachment":[{"href":"https:\/\/staging.elkaminante.com.uy\/en\/wp-json\/wp\/v2\/media?parent=12932"}],"wp:term":[{"taxonomy":"product_brand","embeddable":true,"href":"https:\/\/staging.elkaminante.com.uy\/en\/wp-json\/wp\/v2\/product_brand?post=12932"},{"taxonomy":"product_cat","embeddable":true,"href":"https:\/\/staging.elkaminante.com.uy\/en\/wp-json\/wp\/v2\/product_cat?post=12932"},{"taxonomy":"product_tag","embeddable":true,"href":"https:\/\/staging.elkaminante.com.uy\/en\/wp-json\/wp\/v2\/product_tag?post=12932"}],"curies":[{"name":"wp","href":"https:\/\/api.w.org\/{rel}","templated":true}]}}