{"id":12801,"date":"2026-03-06T13:54:52","date_gmt":"2026-03-06T16:54:52","guid":{"rendered":"https:\/\/elkaminante.com.uy\/paquetes\/reino-unido-de-pelicula\/"},"modified":"2026-05-15T14:49:00","modified_gmt":"2026-05-15T17:49:00","slug":"reino-unido-de-pelicula","status":"publish","type":"product","link":"https:\/\/staging.elkaminante.com.uy\/en\/paquetes\/reino-unido-de-pelicula\/","title":{"rendered":"Reino Unido de pel\u00edcula"},"content":{"rendered":"","protected":false},"excerpt":{"rendered":"<p><b>Londres<\/b> es una ciudad apasionante, con un ambiente \u00fanico, una mezcla entre lo m\u00e1s tradicional de los ingleses y la modernidad de una ciudad a la vanguardia, pero sin olvidar la herencia del imperio brit\u00e1nico, que ha propiciado en esta ciudad una mezcla cultural que te sorprender\u00e1 en cada esquina.Es una de las resaltantes ciudades de Europa, capital de Inglaterra y de Reino Unido; es una ciudad cuya historia data de milenios atr\u00e1s y fue fundada originalmente bajo el nombre de Londinium, guardando hasta la actualidad lo m\u00e1s importante de su cultura y tradiciones medievales. <i>Principales atractivos tur\u00edsticos:<\/i> Big Ben, la Torre de Londres, la Abad\u00eda de Westminster, la Catedral de St. Paul, el Museo Madame Tussaud, el Palacio de Buckingham, el Palacio de Kensington, Piccadilly Circus, el Hyde Park, Borough Market y el barrio Notting Hill entre otros.<\/p>\n<p>En <b>Escocia<\/b>, la impresionante belleza natural se entrelaza con una historia rica y cautivadora. Desde los majestuosos paisajes de las Highlands hasta las antiguas calles empedradas de Edimburgo, Escocia ofrece una experiencia que combina la grandiosidad de la naturaleza con la herencia cultural. Explora los imponentes castillos que se alzan en medio de colinas verdes, sum\u00e9rgete en la tradici\u00f3n escocesa a trav\u00e9s de festivales y m\u00fasica folk, y degusta el delicioso whisky escoc\u00e9s que se destila en las destiler\u00edas locales. Con sus paisajes dram\u00e1ticos y la acogedora hospitalidad de sus habitantes, Escocia te invita a descubrir la magia de Europa con autenticidad y encanto.<\/p>\n","protected":false},"featured_media":12799,"template":"","meta":{"_acf_changed":false,"inline_featured_image":false},"product_brand":[],"product_cat":[28,1579],"product_tag":[2712,2155,2156,2074,862,124,504,502,65,1220,126,507,505,503,4159,511,2284,667,666,3854,120,61,3282,1221,128,508,506,119],"class_list":{"0":"post-12801","1":"product","2":"type-product","3":"status-publish","4":"has-post-thumbnail","6":"product_cat-paquetes","7":"product_cat-uruguay","8":"product_tag-edimburgo","9":"product_tag-en-londres","10":"product_tag-en-reino-unido","11":"product_tag-en-setiembre","12":"product_tag-escocia","13":"product_tag-europa","14":"product_tag-inglaterra","15":"product_tag-londres","16":"product_tag-no-aplica","17":"product_tag-paquetes-a-escocia","18":"product_tag-paquetes-a-europa","19":"product_tag-paquetes-a-londres","20":"product_tag-paquetes-a-reino-unido","21":"product_tag-reino-unido","22":"product_tag-reino-unido-de-pelicula","23":"product_tag-reino-unido-en-londres","24":"product_tag-reino-unido-en-setiembre","25":"product_tag-septiembre","26":"product_tag-setiembre","27":"product_tag-setiembre-2026","28":"product_tag-sin-comidas","29":"product_tag-sin-destino","30":"product_tag-temporada-baja","31":"product_tag-viajes-a-escocia","32":"product_tag-viajes-a-europa","33":"product_tag-viajes-a-londres","34":"product_tag-viajes-a-reino-unido","35":"product_tag-vuelo-y-hotel","36":"entry","37":"has-media","39":"first","40":"instock","41":"shipping-taxable","42":"purchasable","43":"product-type-simple"},"acf":[],"yoast_head":"<!-- This site is optimized with the Yoast SEO plugin v27.6 - https:\/\/yoast.com\/product\/yoast-seo-wordpress\/ -->\n<title>Reino Unido de pel\u00edcula - El Kaminante<\/title>\n<meta name=\"robots\" content=\"noindex, follow, max-snippet:-1, max-image-preview:large, max-video-preview:-1\" \/>\n<meta property=\"og:locale\" content=\"en_US\" \/>\n<meta property=\"og:type\" content=\"article\" \/>\n<meta property=\"og:title\" content=\"Reino Unido de pel\u00edcula - El Kaminante\" \/>\n<meta property=\"og:description\" content=\"Londres es una ciudad apasionante, con un ambiente \u00fanico, una mezcla entre lo m\u00e1s tradicional de los ingleses y la modernidad de una ciudad a la vanguardia, pero sin olvidar la herencia del imperio brit\u00e1nico, que ha propiciado en esta ciudad una mezcla cultural que te sorprender\u00e1 en cada esquina.Es una de las resaltantes ciudades de Europa, capital de Inglaterra y de Reino Unido; es una ciudad cuya historia data de milenios atr\u00e1s y fue fundada originalmente bajo el nombre de Londinium, guardando hasta la actualidad lo m\u00e1s importante de su cultura y tradiciones medievales. Principales atractivos tur\u00edsticos: Big Ben, la Torre de Londres, la Abad\u00eda de Westminster, la Catedral de St. Paul, el Museo Madame Tussaud, el Palacio de Buckingham, el Palacio de Kensington, Piccadilly Circus, el Hyde Park, Borough Market y el barrio Notting Hill entre otros.En Escocia, la impresionante belleza natural se entrelaza con una historia rica y cautivadora. Desde los majestuosos paisajes de las Highlands hasta las antiguas calles empedradas de Edimburgo, Escocia ofrece una experiencia que combina la grandiosidad de la naturaleza con la herencia cultural. Explora los imponentes castillos que se alzan en medio de colinas verdes, sum\u00e9rgete en la tradici\u00f3n escocesa a trav\u00e9s de festivales y m\u00fasica folk, y degusta el delicioso whisky escoc\u00e9s que se destila en las destiler\u00edas locales. Con sus paisajes dram\u00e1ticos y la acogedora hospitalidad de sus habitantes, Escocia te invita a descubrir la magia de Europa con autenticidad y encanto.\" \/>\n<meta property=\"og:url\" content=\"https:\/\/staging.elkaminante.com.uy\/paquetes\/reino-unido-de-pelicula\/\" \/>\n<meta property=\"og:site_name\" content=\"El Kaminante\" \/>\n<meta property=\"article:modified_time\" content=\"2026-05-15T17:49:00+00:00\" \/>\n<meta name=\"twitter:card\" content=\"summary_large_image\" \/>\n<script type=\"application\/ld+json\" class=\"yoast-schema-graph\">{\"@context\":\"https:\\\/\\\/schema.org\",\"@graph\":[{\"@type\":\"WebPage\",\"@id\":\"https:\\\/\\\/staging.elkaminante.com.uy\\\/paquetes\\\/reino-unido-de-pelicula\\\/\",\"url\":\"https:\\\/\\\/staging.elkaminante.com.uy\\\/paquetes\\\/reino-unido-de-pelicula\\\/\",\"name\":\"Reino Unido de pel\u00edcula - El Kaminante\",\"isPartOf\":{\"@id\":\"https:\\\/\\\/staging.elkaminante.com.uy\\\/#website\"},\"primaryImageOfPage\":{\"@id\":\"https:\\\/\\\/staging.elkaminante.com.uy\\\/paquetes\\\/reino-unido-de-pelicula\\\/#primaryimage\"},\"image\":{\"@id\":\"https:\\\/\\\/staging.elkaminante.com.uy\\\/paquetes\\\/reino-unido-de-pelicula\\\/#primaryimage\"},\"thumbnailUrl\":\"https:\\\/\\\/staging.elkaminante.com.uy\\\/wp-content\\\/uploads\\\/2026\\\/03\\\/PAQ683.webp\",\"datePublished\":\"2026-03-06T16:54:52+00:00\",\"dateModified\":\"2026-05-15T17:49:00+00:00\",\"breadcrumb\":{\"@id\":\"https:\\\/\\\/staging.elkaminante.com.uy\\\/paquetes\\\/reino-unido-de-pelicula\\\/#breadcrumb\"},\"inLanguage\":\"en-US\",\"potentialAction\":[{\"@type\":\"ReadAction\",\"target\":[\"https:\\\/\\\/staging.elkaminante.com.uy\\\/paquetes\\\/reino-unido-de-pelicula\\\/\"]}]},{\"@type\":\"ImageObject\",\"inLanguage\":\"en-US\",\"@id\":\"https:\\\/\\\/staging.elkaminante.com.uy\\\/paquetes\\\/reino-unido-de-pelicula\\\/#primaryimage\",\"url\":\"https:\\\/\\\/staging.elkaminante.com.uy\\\/wp-content\\\/uploads\\\/2026\\\/03\\\/PAQ683.webp\",\"contentUrl\":\"https:\\\/\\\/staging.elkaminante.com.uy\\\/wp-content\\\/uploads\\\/2026\\\/03\\\/PAQ683.webp\",\"width\":800,\"height\":457},{\"@type\":\"BreadcrumbList\",\"@id\":\"https:\\\/\\\/staging.elkaminante.com.uy\\\/paquetes\\\/reino-unido-de-pelicula\\\/#breadcrumb\",\"itemListElement\":[{\"@type\":\"ListItem\",\"position\":1,\"name\":\"Inicio\",\"item\":\"https:\\\/\\\/staging.elkaminante.com.uy\\\/en\\\/\"},{\"@type\":\"ListItem\",\"position\":2,\"name\":\"Viajes por el mundo\",\"item\":\"https:\\\/\\\/staging.elkaminante.com.uy\\\/en\\\/paquetes\\\/\"},{\"@type\":\"ListItem\",\"position\":3,\"name\":\"Reino Unido de pel\u00edcula\"}]},{\"@type\":\"WebSite\",\"@id\":\"https:\\\/\\\/staging.elkaminante.com.uy\\\/#website\",\"url\":\"https:\\\/\\\/staging.elkaminante.com.uy\\\/\",\"name\":\"El Kaminante\",\"description\":\"Viajes &amp; Turismo\",\"publisher\":{\"@id\":\"https:\\\/\\\/staging.elkaminante.com.uy\\\/#organization\"},\"potentialAction\":[{\"@type\":\"SearchAction\",\"target\":{\"@type\":\"EntryPoint\",\"urlTemplate\":\"https:\\\/\\\/staging.elkaminante.com.uy\\\/?s={search_term_string}\"},\"query-input\":{\"@type\":\"PropertyValueSpecification\",\"valueRequired\":true,\"valueName\":\"search_term_string\"}}],\"inLanguage\":\"en-US\"},{\"@type\":\"Organization\",\"@id\":\"https:\\\/\\\/staging.elkaminante.com.uy\\\/#organization\",\"name\":\"El Kaminante\",\"url\":\"https:\\\/\\\/staging.elkaminante.com.uy\\\/\",\"logo\":{\"@type\":\"ImageObject\",\"inLanguage\":\"en-US\",\"@id\":\"https:\\\/\\\/staging.elkaminante.com.uy\\\/#\\\/schema\\\/logo\\\/image\\\/\",\"url\":\"https:\\\/\\\/staging.elkaminante.com.uy\\\/wp-content\\\/uploads\\\/2025\\\/02\\\/logo-elkaminante-blanco.svg\",\"contentUrl\":\"https:\\\/\\\/staging.elkaminante.com.uy\\\/wp-content\\\/uploads\\\/2025\\\/02\\\/logo-elkaminante-blanco.svg\",\"caption\":\"El Kaminante\"},\"image\":{\"@id\":\"https:\\\/\\\/staging.elkaminante.com.uy\\\/#\\\/schema\\\/logo\\\/image\\\/\"}}]}<\/script>\n<!-- \/ Yoast SEO plugin. -->","yoast_head_json":{"title":"Reino Unido de pel\u00edcula - El Kaminante","robots":{"index":"noindex","follow":"follow","max-snippet":"max-snippet:-1","max-image-preview":"max-image-preview:large","max-video-preview":"max-video-preview:-1"},"og_locale":"en_US","og_type":"article","og_title":"Reino Unido de pel\u00edcula - El Kaminante","og_description":"Londres es una ciudad apasionante, con un ambiente \u00fanico, una mezcla entre lo m\u00e1s tradicional de los ingleses y la modernidad de una ciudad a la vanguardia, pero sin olvidar la herencia del imperio brit\u00e1nico, que ha propiciado en esta ciudad una mezcla cultural que te sorprender\u00e1 en cada esquina.Es una de las resaltantes ciudades de Europa, capital de Inglaterra y de Reino Unido; es una ciudad cuya historia data de milenios atr\u00e1s y fue fundada originalmente bajo el nombre de Londinium, guardando hasta la actualidad lo m\u00e1s importante de su cultura y tradiciones medievales. Principales atractivos tur\u00edsticos: Big Ben, la Torre de Londres, la Abad\u00eda de Westminster, la Catedral de St. Paul, el Museo Madame Tussaud, el Palacio de Buckingham, el Palacio de Kensington, Piccadilly Circus, el Hyde Park, Borough Market y el barrio Notting Hill entre otros.En Escocia, la impresionante belleza natural se entrelaza con una historia rica y cautivadora. Desde los majestuosos paisajes de las Highlands hasta las antiguas calles empedradas de Edimburgo, Escocia ofrece una experiencia que combina la grandiosidad de la naturaleza con la herencia cultural. Explora los imponentes castillos que se alzan en medio de colinas verdes, sum\u00e9rgete en la tradici\u00f3n escocesa a trav\u00e9s de festivales y m\u00fasica folk, y degusta el delicioso whisky escoc\u00e9s que se destila en las destiler\u00edas locales. Con sus paisajes dram\u00e1ticos y la acogedora hospitalidad de sus habitantes, Escocia te invita a descubrir la magia de Europa con autenticidad y encanto.","og_url":"https:\/\/staging.elkaminante.com.uy\/paquetes\/reino-unido-de-pelicula\/","og_site_name":"El Kaminante","article_modified_time":"2026-05-15T17:49:00+00:00","twitter_card":"summary_large_image","schema":{"@context":"https:\/\/schema.org","@graph":[{"@type":"WebPage","@id":"https:\/\/staging.elkaminante.com.uy\/paquetes\/reino-unido-de-pelicula\/","url":"https:\/\/staging.elkaminante.com.uy\/paquetes\/reino-unido-de-pelicula\/","name":"Reino Unido de pel\u00edcula - El Kaminante","isPartOf":{"@id":"https:\/\/staging.elkaminante.com.uy\/#website"},"primaryImageOfPage":{"@id":"https:\/\/staging.elkaminante.com.uy\/paquetes\/reino-unido-de-pelicula\/#primaryimage"},"image":{"@id":"https:\/\/staging.elkaminante.com.uy\/paquetes\/reino-unido-de-pelicula\/#primaryimage"},"thumbnailUrl":"https:\/\/staging.elkaminante.com.uy\/wp-content\/uploads\/2026\/03\/PAQ683.webp","datePublished":"2026-03-06T16:54:52+00:00","dateModified":"2026-05-15T17:49:00+00:00","breadcrumb":{"@id":"https:\/\/staging.elkaminante.com.uy\/paquetes\/reino-unido-de-pelicula\/#breadcrumb"},"inLanguage":"en-US","potentialAction":[{"@type":"ReadAction","target":["https:\/\/staging.elkaminante.com.uy\/paquetes\/reino-unido-de-pelicula\/"]}]},{"@type":"ImageObject","inLanguage":"en-US","@id":"https:\/\/staging.elkaminante.com.uy\/paquetes\/reino-unido-de-pelicula\/#primaryimage","url":"https:\/\/staging.elkaminante.com.uy\/wp-content\/uploads\/2026\/03\/PAQ683.webp","contentUrl":"https:\/\/staging.elkaminante.com.uy\/wp-content\/uploads\/2026\/03\/PAQ683.webp","width":800,"height":457},{"@type":"BreadcrumbList","@id":"https:\/\/staging.elkaminante.com.uy\/paquetes\/reino-unido-de-pelicula\/#breadcrumb","itemListElement":[{"@type":"ListItem","position":1,"name":"Inicio","item":"https:\/\/staging.elkaminante.com.uy\/en\/"},{"@type":"ListItem","position":2,"name":"Viajes por el mundo","item":"https:\/\/staging.elkaminante.com.uy\/en\/paquetes\/"},{"@type":"ListItem","position":3,"name":"Reino Unido de pel\u00edcula"}]},{"@type":"WebSite","@id":"https:\/\/staging.elkaminante.com.uy\/#website","url":"https:\/\/staging.elkaminante.com.uy\/","name":"El Kaminante","description":"Viajes &amp; Turismo","publisher":{"@id":"https:\/\/staging.elkaminante.com.uy\/#organization"},"potentialAction":[{"@type":"SearchAction","target":{"@type":"EntryPoint","urlTemplate":"https:\/\/staging.elkaminante.com.uy\/?s={search_term_string}"},"query-input":{"@type":"PropertyValueSpecification","valueRequired":true,"valueName":"search_term_string"}}],"inLanguage":"en-US"},{"@type":"Organization","@id":"https:\/\/staging.elkaminante.com.uy\/#organization","name":"El Kaminante","url":"https:\/\/staging.elkaminante.com.uy\/","logo":{"@type":"ImageObject","inLanguage":"en-US","@id":"https:\/\/staging.elkaminante.com.uy\/#\/schema\/logo\/image\/","url":"https:\/\/staging.elkaminante.com.uy\/wp-content\/uploads\/2025\/02\/logo-elkaminante-blanco.svg","contentUrl":"https:\/\/staging.elkaminante.com.uy\/wp-content\/uploads\/2025\/02\/logo-elkaminante-blanco.svg","caption":"El Kaminante"},"image":{"@id":"https:\/\/staging.elkaminante.com.uy\/#\/schema\/logo\/image\/"}}]}},"_links":{"self":[{"href":"https:\/\/staging.elkaminante.com.uy\/en\/wp-json\/wp\/v2\/product\/12801","targetHints":{"allow":["GET"]}}],"collection":[{"href":"https:\/\/staging.elkaminante.com.uy\/en\/wp-json\/wp\/v2\/product"}],"about":[{"href":"https:\/\/staging.elkaminante.com.uy\/en\/wp-json\/wp\/v2\/types\/product"}],"wp:featuredmedia":[{"embeddable":true,"href":"https:\/\/staging.elkaminante.com.uy\/en\/wp-json\/wp\/v2\/media\/12799"}],"wp:attachment":[{"href":"https:\/\/staging.elkaminante.com.uy\/en\/wp-json\/wp\/v2\/media?parent=12801"}],"wp:term":[{"taxonomy":"product_brand","embeddable":true,"href":"https:\/\/staging.elkaminante.com.uy\/en\/wp-json\/wp\/v2\/product_brand?post=12801"},{"taxonomy":"product_cat","embeddable":true,"href":"https:\/\/staging.elkaminante.com.uy\/en\/wp-json\/wp\/v2\/product_cat?post=12801"},{"taxonomy":"product_tag","embeddable":true,"href":"https:\/\/staging.elkaminante.com.uy\/en\/wp-json\/wp\/v2\/product_tag?post=12801"}],"curies":[{"name":"wp","href":"https:\/\/api.w.org\/{rel}","templated":true}]}}