{"id":12772,"date":"2026-03-06T13:54:34","date_gmt":"2026-03-06T16:54:34","guid":{"rendered":"https:\/\/elkaminante.com.uy\/paquetes\/costa-rica-en-grupo\/"},"modified":"2026-05-15T14:48:59","modified_gmt":"2026-05-15T17:48:59","slug":"costa-rica-en-grupo","status":"publish","type":"product","link":"https:\/\/staging.elkaminante.com.uy\/en\/paquetes\/costa-rica-en-grupo\/","title":{"rendered":"Costa Rica en grupo"},"content":{"rendered":"","protected":false},"excerpt":{"rendered":"<p><b>Costa Rica<\/b> es uno de los destinos tur\u00edsticos m\u00e1s visitados en el mundo. La variedad de paisaje y microclimas que se pueden disfrutar en un mismo d\u00eda, hacen de este pa\u00eds un destino paradis\u00edaco. En s\u00f3lo 51.000 kms cuadrados podr\u00e1 encontrar: sol, playas tropicales, aventura, naturaleza y cultura; componentes necesarios para satisfacer el gusto de miles de turistas que encuentran en Costa Rica su lugar de vacaci\u00f3n ideal. Con tan solo el 0,03% de la superficie global, abarca el 6% de la biodiversidad mundial. Es una tierra de volcanes, bosques h\u00famedos y nubosos, enormes cataratas y r\u00edos caudalosos. Esta naturaleza generosa hace dif\u00edcil decidir entre la variada oferta de actividades, que incluye rafting, windsurf, buceo, kayaking, pesca deportiva y surf.<\/p>\n","protected":false},"featured_media":12770,"template":"","meta":{"_acf_changed":false,"inline_featured_image":false},"product_brand":[],"product_cat":[28,1579],"product_tag":[4108,562,175,34,176,931,1778,935,4113,64,568,2259,4109,4110,65,180,932,177,4111,1152,2757,61,4112,2758,182,933,178,3255,63],"class_list":{"0":"post-12772","1":"product","2":"type-product","3":"status-publish","4":"has-post-thumbnail","6":"product_cat-paquetes","7":"product_cat-uruguay","8":"product_tag-15-de-agosto-de-2026","9":"product_tag-agosto","10":"product_tag-america-central","11":"product_tag-caribe","12":"product_tag-centro-america","13":"product_tag-costa-rica","14":"product_tag-costa-rica-en-agosto","15":"product_tag-costa-rica-en-costa-rica","16":"product_tag-costa-rica-en-grupo","17":"product_tag-desayuno","18":"product_tag-en-agosto","19":"product_tag-en-costa-rica","20":"product_tag-la-fortuna","21":"product_tag-monteverde","22":"product_tag-no-aplica","23":"product_tag-paquetes-a-america-central","24":"product_tag-paquetes-a-costa-rica","25":"product_tag-paquetes-al-caribe","26":"product_tag-rincon-de-la-vieja","27":"product_tag-salida-grupal","28":"product_tag-san-jose","29":"product_tag-sin-destino","30":"product_tag-tamarindo","31":"product_tag-tortuguero","32":"product_tag-viajes-a-america-central","33":"product_tag-viajes-a-costa-rica","34":"product_tag-viajes-al-caribe","35":"product_tag-volcan-arenal","36":"product_tag-vuelo-y-circuito","37":"entry","38":"has-media","40":"first","41":"instock","42":"shipping-taxable","43":"purchasable","44":"product-type-simple"},"acf":[],"yoast_head":"<!-- This site is optimized with the Yoast SEO plugin v27.6 - https:\/\/yoast.com\/product\/yoast-seo-wordpress\/ -->\n<title>Costa Rica en grupo - El Kaminante<\/title>\n<meta name=\"robots\" content=\"noindex, follow, max-snippet:-1, max-image-preview:large, max-video-preview:-1\" \/>\n<meta property=\"og:locale\" content=\"en_US\" \/>\n<meta property=\"og:type\" content=\"article\" \/>\n<meta property=\"og:title\" content=\"Costa Rica en grupo - El Kaminante\" \/>\n<meta property=\"og:description\" content=\"Costa Rica es uno de los destinos tur\u00edsticos m\u00e1s visitados en el mundo. La variedad de paisaje y microclimas que se pueden disfrutar en un mismo d\u00eda, hacen de este pa\u00eds un destino paradis\u00edaco. En s\u00f3lo 51.000 kms cuadrados podr\u00e1 encontrar: sol, playas tropicales, aventura, naturaleza y cultura; componentes necesarios para satisfacer el gusto de miles de turistas que encuentran en Costa Rica su lugar de vacaci\u00f3n ideal. Con tan solo el 0,03% de la superficie global, abarca el 6% de la biodiversidad mundial. Es una tierra de volcanes, bosques h\u00famedos y nubosos, enormes cataratas y r\u00edos caudalosos. Esta naturaleza generosa hace dif\u00edcil decidir entre la variada oferta de actividades, que incluye rafting, windsurf, buceo, kayaking, pesca deportiva y surf.\" \/>\n<meta property=\"og:url\" content=\"https:\/\/staging.elkaminante.com.uy\/paquetes\/costa-rica-en-grupo\/\" \/>\n<meta property=\"og:site_name\" content=\"El Kaminante\" \/>\n<meta property=\"article:modified_time\" content=\"2026-05-15T17:48:59+00:00\" \/>\n<meta name=\"twitter:card\" content=\"summary_large_image\" \/>\n<script type=\"application\/ld+json\" class=\"yoast-schema-graph\">{\"@context\":\"https:\\\/\\\/schema.org\",\"@graph\":[{\"@type\":\"WebPage\",\"@id\":\"https:\\\/\\\/staging.elkaminante.com.uy\\\/paquetes\\\/costa-rica-en-grupo\\\/\",\"url\":\"https:\\\/\\\/staging.elkaminante.com.uy\\\/paquetes\\\/costa-rica-en-grupo\\\/\",\"name\":\"Costa Rica en grupo - El Kaminante\",\"isPartOf\":{\"@id\":\"https:\\\/\\\/staging.elkaminante.com.uy\\\/#website\"},\"primaryImageOfPage\":{\"@id\":\"https:\\\/\\\/staging.elkaminante.com.uy\\\/paquetes\\\/costa-rica-en-grupo\\\/#primaryimage\"},\"image\":{\"@id\":\"https:\\\/\\\/staging.elkaminante.com.uy\\\/paquetes\\\/costa-rica-en-grupo\\\/#primaryimage\"},\"thumbnailUrl\":\"https:\\\/\\\/staging.elkaminante.com.uy\\\/wp-content\\\/uploads\\\/2026\\\/03\\\/PAQ674.webp\",\"datePublished\":\"2026-03-06T16:54:34+00:00\",\"dateModified\":\"2026-05-15T17:48:59+00:00\",\"breadcrumb\":{\"@id\":\"https:\\\/\\\/staging.elkaminante.com.uy\\\/paquetes\\\/costa-rica-en-grupo\\\/#breadcrumb\"},\"inLanguage\":\"en-US\",\"potentialAction\":[{\"@type\":\"ReadAction\",\"target\":[\"https:\\\/\\\/staging.elkaminante.com.uy\\\/paquetes\\\/costa-rica-en-grupo\\\/\"]}]},{\"@type\":\"ImageObject\",\"inLanguage\":\"en-US\",\"@id\":\"https:\\\/\\\/staging.elkaminante.com.uy\\\/paquetes\\\/costa-rica-en-grupo\\\/#primaryimage\",\"url\":\"https:\\\/\\\/staging.elkaminante.com.uy\\\/wp-content\\\/uploads\\\/2026\\\/03\\\/PAQ674.webp\",\"contentUrl\":\"https:\\\/\\\/staging.elkaminante.com.uy\\\/wp-content\\\/uploads\\\/2026\\\/03\\\/PAQ674.webp\",\"width\":800,\"height\":457},{\"@type\":\"BreadcrumbList\",\"@id\":\"https:\\\/\\\/staging.elkaminante.com.uy\\\/paquetes\\\/costa-rica-en-grupo\\\/#breadcrumb\",\"itemListElement\":[{\"@type\":\"ListItem\",\"position\":1,\"name\":\"Inicio\",\"item\":\"https:\\\/\\\/staging.elkaminante.com.uy\\\/en\\\/\"},{\"@type\":\"ListItem\",\"position\":2,\"name\":\"Viajes por el mundo\",\"item\":\"https:\\\/\\\/staging.elkaminante.com.uy\\\/en\\\/paquetes\\\/\"},{\"@type\":\"ListItem\",\"position\":3,\"name\":\"Costa Rica en grupo\"}]},{\"@type\":\"WebSite\",\"@id\":\"https:\\\/\\\/staging.elkaminante.com.uy\\\/#website\",\"url\":\"https:\\\/\\\/staging.elkaminante.com.uy\\\/\",\"name\":\"El Kaminante\",\"description\":\"Viajes &amp; Turismo\",\"publisher\":{\"@id\":\"https:\\\/\\\/staging.elkaminante.com.uy\\\/#organization\"},\"potentialAction\":[{\"@type\":\"SearchAction\",\"target\":{\"@type\":\"EntryPoint\",\"urlTemplate\":\"https:\\\/\\\/staging.elkaminante.com.uy\\\/?s={search_term_string}\"},\"query-input\":{\"@type\":\"PropertyValueSpecification\",\"valueRequired\":true,\"valueName\":\"search_term_string\"}}],\"inLanguage\":\"en-US\"},{\"@type\":\"Organization\",\"@id\":\"https:\\\/\\\/staging.elkaminante.com.uy\\\/#organization\",\"name\":\"El Kaminante\",\"url\":\"https:\\\/\\\/staging.elkaminante.com.uy\\\/\",\"logo\":{\"@type\":\"ImageObject\",\"inLanguage\":\"en-US\",\"@id\":\"https:\\\/\\\/staging.elkaminante.com.uy\\\/#\\\/schema\\\/logo\\\/image\\\/\",\"url\":\"https:\\\/\\\/staging.elkaminante.com.uy\\\/wp-content\\\/uploads\\\/2025\\\/02\\\/logo-elkaminante-blanco.svg\",\"contentUrl\":\"https:\\\/\\\/staging.elkaminante.com.uy\\\/wp-content\\\/uploads\\\/2025\\\/02\\\/logo-elkaminante-blanco.svg\",\"caption\":\"El Kaminante\"},\"image\":{\"@id\":\"https:\\\/\\\/staging.elkaminante.com.uy\\\/#\\\/schema\\\/logo\\\/image\\\/\"}}]}<\/script>\n<!-- \/ Yoast SEO plugin. -->","yoast_head_json":{"title":"Costa Rica en grupo - El Kaminante","robots":{"index":"noindex","follow":"follow","max-snippet":"max-snippet:-1","max-image-preview":"max-image-preview:large","max-video-preview":"max-video-preview:-1"},"og_locale":"en_US","og_type":"article","og_title":"Costa Rica en grupo - El Kaminante","og_description":"Costa Rica es uno de los destinos tur\u00edsticos m\u00e1s visitados en el mundo. La variedad de paisaje y microclimas que se pueden disfrutar en un mismo d\u00eda, hacen de este pa\u00eds un destino paradis\u00edaco. En s\u00f3lo 51.000 kms cuadrados podr\u00e1 encontrar: sol, playas tropicales, aventura, naturaleza y cultura; componentes necesarios para satisfacer el gusto de miles de turistas que encuentran en Costa Rica su lugar de vacaci\u00f3n ideal. Con tan solo el 0,03% de la superficie global, abarca el 6% de la biodiversidad mundial. Es una tierra de volcanes, bosques h\u00famedos y nubosos, enormes cataratas y r\u00edos caudalosos. Esta naturaleza generosa hace dif\u00edcil decidir entre la variada oferta de actividades, que incluye rafting, windsurf, buceo, kayaking, pesca deportiva y surf.","og_url":"https:\/\/staging.elkaminante.com.uy\/paquetes\/costa-rica-en-grupo\/","og_site_name":"El Kaminante","article_modified_time":"2026-05-15T17:48:59+00:00","twitter_card":"summary_large_image","schema":{"@context":"https:\/\/schema.org","@graph":[{"@type":"WebPage","@id":"https:\/\/staging.elkaminante.com.uy\/paquetes\/costa-rica-en-grupo\/","url":"https:\/\/staging.elkaminante.com.uy\/paquetes\/costa-rica-en-grupo\/","name":"Costa Rica en grupo - El Kaminante","isPartOf":{"@id":"https:\/\/staging.elkaminante.com.uy\/#website"},"primaryImageOfPage":{"@id":"https:\/\/staging.elkaminante.com.uy\/paquetes\/costa-rica-en-grupo\/#primaryimage"},"image":{"@id":"https:\/\/staging.elkaminante.com.uy\/paquetes\/costa-rica-en-grupo\/#primaryimage"},"thumbnailUrl":"https:\/\/staging.elkaminante.com.uy\/wp-content\/uploads\/2026\/03\/PAQ674.webp","datePublished":"2026-03-06T16:54:34+00:00","dateModified":"2026-05-15T17:48:59+00:00","breadcrumb":{"@id":"https:\/\/staging.elkaminante.com.uy\/paquetes\/costa-rica-en-grupo\/#breadcrumb"},"inLanguage":"en-US","potentialAction":[{"@type":"ReadAction","target":["https:\/\/staging.elkaminante.com.uy\/paquetes\/costa-rica-en-grupo\/"]}]},{"@type":"ImageObject","inLanguage":"en-US","@id":"https:\/\/staging.elkaminante.com.uy\/paquetes\/costa-rica-en-grupo\/#primaryimage","url":"https:\/\/staging.elkaminante.com.uy\/wp-content\/uploads\/2026\/03\/PAQ674.webp","contentUrl":"https:\/\/staging.elkaminante.com.uy\/wp-content\/uploads\/2026\/03\/PAQ674.webp","width":800,"height":457},{"@type":"BreadcrumbList","@id":"https:\/\/staging.elkaminante.com.uy\/paquetes\/costa-rica-en-grupo\/#breadcrumb","itemListElement":[{"@type":"ListItem","position":1,"name":"Inicio","item":"https:\/\/staging.elkaminante.com.uy\/en\/"},{"@type":"ListItem","position":2,"name":"Viajes por el mundo","item":"https:\/\/staging.elkaminante.com.uy\/en\/paquetes\/"},{"@type":"ListItem","position":3,"name":"Costa Rica en grupo"}]},{"@type":"WebSite","@id":"https:\/\/staging.elkaminante.com.uy\/#website","url":"https:\/\/staging.elkaminante.com.uy\/","name":"El Kaminante","description":"Viajes &amp; Turismo","publisher":{"@id":"https:\/\/staging.elkaminante.com.uy\/#organization"},"potentialAction":[{"@type":"SearchAction","target":{"@type":"EntryPoint","urlTemplate":"https:\/\/staging.elkaminante.com.uy\/?s={search_term_string}"},"query-input":{"@type":"PropertyValueSpecification","valueRequired":true,"valueName":"search_term_string"}}],"inLanguage":"en-US"},{"@type":"Organization","@id":"https:\/\/staging.elkaminante.com.uy\/#organization","name":"El Kaminante","url":"https:\/\/staging.elkaminante.com.uy\/","logo":{"@type":"ImageObject","inLanguage":"en-US","@id":"https:\/\/staging.elkaminante.com.uy\/#\/schema\/logo\/image\/","url":"https:\/\/staging.elkaminante.com.uy\/wp-content\/uploads\/2025\/02\/logo-elkaminante-blanco.svg","contentUrl":"https:\/\/staging.elkaminante.com.uy\/wp-content\/uploads\/2025\/02\/logo-elkaminante-blanco.svg","caption":"El Kaminante"},"image":{"@id":"https:\/\/staging.elkaminante.com.uy\/#\/schema\/logo\/image\/"}}]}},"_links":{"self":[{"href":"https:\/\/staging.elkaminante.com.uy\/en\/wp-json\/wp\/v2\/product\/12772","targetHints":{"allow":["GET"]}}],"collection":[{"href":"https:\/\/staging.elkaminante.com.uy\/en\/wp-json\/wp\/v2\/product"}],"about":[{"href":"https:\/\/staging.elkaminante.com.uy\/en\/wp-json\/wp\/v2\/types\/product"}],"wp:featuredmedia":[{"embeddable":true,"href":"https:\/\/staging.elkaminante.com.uy\/en\/wp-json\/wp\/v2\/media\/12770"}],"wp:attachment":[{"href":"https:\/\/staging.elkaminante.com.uy\/en\/wp-json\/wp\/v2\/media?parent=12772"}],"wp:term":[{"taxonomy":"product_brand","embeddable":true,"href":"https:\/\/staging.elkaminante.com.uy\/en\/wp-json\/wp\/v2\/product_brand?post=12772"},{"taxonomy":"product_cat","embeddable":true,"href":"https:\/\/staging.elkaminante.com.uy\/en\/wp-json\/wp\/v2\/product_cat?post=12772"},{"taxonomy":"product_tag","embeddable":true,"href":"https:\/\/staging.elkaminante.com.uy\/en\/wp-json\/wp\/v2\/product_tag?post=12772"}],"curies":[{"name":"wp","href":"https:\/\/api.w.org\/{rel}","templated":true}]}}