{"id":12754,"date":"2026-03-06T13:54:22","date_gmt":"2026-03-06T16:54:22","guid":{"rendered":"https:\/\/elkaminante.com.uy\/paquetes\/cabo-frio\/"},"modified":"2026-05-15T14:48:59","modified_gmt":"2026-05-15T17:48:59","slug":"cabo-frio","status":"publish","type":"product","link":"https:\/\/staging.elkaminante.com.uy\/en\/paquetes\/cabo-frio\/","title":{"rendered":"Cabo Fr\u00edo"},"content":{"rendered":"","protected":false},"excerpt":{"rendered":"<p><b>Cabo Fr\u00edo<\/b> es una ciudad tur\u00edstica del estado de R\u00edo de Janeiro, Brasil. Su nombre se debe a la regi\u00f3n que est\u00e1 localizada en una pen\u00ednsula, por eso el nombre de Cabo y sus aguas son m\u00e1s fr\u00edas que de las dem\u00e1s ciudades vecinas, por eso Fr\u00edo. Sus caracter\u00edsticas son playas de arena fina y blanca, que al no contener mica, no se calienta y uno puede caminar sobre ella sin quemarse los pies. Sus aguas color turquesa dan a este verdadero para\u00edso un marco de ensue\u00f1o. Entre sus playas m\u00e1s conocidas se encuentran Praia do Forte, Praia das Conchas e Praia do Per\u00f3. Para navegar los lugare\u00f1os aconsejan recorrer todo Arraial do Cabo y visitar la imponente gruta azul. La vida nocturna es muy intensa en actividades para ciudadanos de todas las edades.<\/p>\n","protected":false},"featured_media":12752,"template":"","meta":{"_acf_changed":false,"inline_featured_image":false},"product_brand":[],"product_cat":[28,1579],"product_tag":[88,35,4095,629,4092,64,2054,4096,2050,65,121,3907,91,90,4093,61,89,3282,93,92,4094,119],"class_list":{"0":"post-12754","1":"product","2":"type-product","3":"status-publish","4":"has-post-thumbnail","6":"product_cat-paquetes","7":"product_cat-uruguay","8":"product_tag-america-del-sur","9":"product_tag-brasil","10":"product_tag-brasil-en-cabo-frio","11":"product_tag-brasil-en-octubre","12":"product_tag-cabo-frio","13":"product_tag-desayuno","14":"product_tag-en-brasil","15":"product_tag-en-cabo-frio","16":"product_tag-en-octubre","17":"product_tag-no-aplica","18":"product_tag-octubre","19":"product_tag-octubre-2026","20":"product_tag-paquetes-a-america-del-sur","21":"product_tag-paquetes-a-brasil","22":"product_tag-paquetes-a-cabo-frio","23":"product_tag-sin-destino","24":"product_tag-sudamerica","25":"product_tag-temporada-baja","26":"product_tag-viajes-a-america-del-sur","27":"product_tag-viajes-a-brasil","28":"product_tag-viajes-a-cabo-frio","29":"product_tag-vuelo-y-hotel","30":"entry","31":"has-media","33":"first","34":"instock","35":"shipping-taxable","36":"purchasable","37":"product-type-simple"},"acf":[],"yoast_head":"<!-- This site is optimized with the Yoast SEO plugin v27.6 - https:\/\/yoast.com\/product\/yoast-seo-wordpress\/ -->\n<title>Cabo Fr\u00edo - El Kaminante<\/title>\n<meta name=\"robots\" content=\"noindex, follow, max-snippet:-1, max-image-preview:large, max-video-preview:-1\" \/>\n<meta property=\"og:locale\" content=\"en_US\" \/>\n<meta property=\"og:type\" content=\"article\" \/>\n<meta property=\"og:title\" content=\"Cabo Fr\u00edo - El Kaminante\" \/>\n<meta property=\"og:description\" content=\"Cabo Fr\u00edo es una ciudad tur\u00edstica del estado de R\u00edo de Janeiro, Brasil. Su nombre se debe a la regi\u00f3n que est\u00e1 localizada en una pen\u00ednsula, por eso el nombre de Cabo y sus aguas son m\u00e1s fr\u00edas que de las dem\u00e1s ciudades vecinas, por eso Fr\u00edo. Sus caracter\u00edsticas son playas de arena fina y blanca, que al no contener mica, no se calienta y uno puede caminar sobre ella sin quemarse los pies. Sus aguas color turquesa dan a este verdadero para\u00edso un marco de ensue\u00f1o. Entre sus playas m\u00e1s conocidas se encuentran Praia do Forte, Praia das Conchas e Praia do Per\u00f3. Para navegar los lugare\u00f1os aconsejan recorrer todo Arraial do Cabo y visitar la imponente gruta azul. La vida nocturna es muy intensa en actividades para ciudadanos de todas las edades.\" \/>\n<meta property=\"og:url\" content=\"https:\/\/staging.elkaminante.com.uy\/paquetes\/cabo-frio\/\" \/>\n<meta property=\"og:site_name\" content=\"El Kaminante\" \/>\n<meta property=\"article:modified_time\" content=\"2026-05-15T17:48:59+00:00\" \/>\n<meta name=\"twitter:card\" content=\"summary_large_image\" \/>\n<script type=\"application\/ld+json\" class=\"yoast-schema-graph\">{\"@context\":\"https:\\\/\\\/schema.org\",\"@graph\":[{\"@type\":\"WebPage\",\"@id\":\"https:\\\/\\\/staging.elkaminante.com.uy\\\/paquetes\\\/cabo-frio\\\/\",\"url\":\"https:\\\/\\\/staging.elkaminante.com.uy\\\/paquetes\\\/cabo-frio\\\/\",\"name\":\"Cabo Fr\u00edo - El Kaminante\",\"isPartOf\":{\"@id\":\"https:\\\/\\\/staging.elkaminante.com.uy\\\/#website\"},\"primaryImageOfPage\":{\"@id\":\"https:\\\/\\\/staging.elkaminante.com.uy\\\/paquetes\\\/cabo-frio\\\/#primaryimage\"},\"image\":{\"@id\":\"https:\\\/\\\/staging.elkaminante.com.uy\\\/paquetes\\\/cabo-frio\\\/#primaryimage\"},\"thumbnailUrl\":\"https:\\\/\\\/staging.elkaminante.com.uy\\\/wp-content\\\/uploads\\\/2026\\\/03\\\/PAQ672.webp\",\"datePublished\":\"2026-03-06T16:54:22+00:00\",\"dateModified\":\"2026-05-15T17:48:59+00:00\",\"breadcrumb\":{\"@id\":\"https:\\\/\\\/staging.elkaminante.com.uy\\\/paquetes\\\/cabo-frio\\\/#breadcrumb\"},\"inLanguage\":\"en-US\",\"potentialAction\":[{\"@type\":\"ReadAction\",\"target\":[\"https:\\\/\\\/staging.elkaminante.com.uy\\\/paquetes\\\/cabo-frio\\\/\"]}]},{\"@type\":\"ImageObject\",\"inLanguage\":\"en-US\",\"@id\":\"https:\\\/\\\/staging.elkaminante.com.uy\\\/paquetes\\\/cabo-frio\\\/#primaryimage\",\"url\":\"https:\\\/\\\/staging.elkaminante.com.uy\\\/wp-content\\\/uploads\\\/2026\\\/03\\\/PAQ672.webp\",\"contentUrl\":\"https:\\\/\\\/staging.elkaminante.com.uy\\\/wp-content\\\/uploads\\\/2026\\\/03\\\/PAQ672.webp\",\"width\":800,\"height\":457},{\"@type\":\"BreadcrumbList\",\"@id\":\"https:\\\/\\\/staging.elkaminante.com.uy\\\/paquetes\\\/cabo-frio\\\/#breadcrumb\",\"itemListElement\":[{\"@type\":\"ListItem\",\"position\":1,\"name\":\"Inicio\",\"item\":\"https:\\\/\\\/staging.elkaminante.com.uy\\\/en\\\/\"},{\"@type\":\"ListItem\",\"position\":2,\"name\":\"Viajes por el mundo\",\"item\":\"https:\\\/\\\/staging.elkaminante.com.uy\\\/en\\\/paquetes\\\/\"},{\"@type\":\"ListItem\",\"position\":3,\"name\":\"Cabo Fr\u00edo\"}]},{\"@type\":\"WebSite\",\"@id\":\"https:\\\/\\\/staging.elkaminante.com.uy\\\/#website\",\"url\":\"https:\\\/\\\/staging.elkaminante.com.uy\\\/\",\"name\":\"El Kaminante\",\"description\":\"Viajes &amp; Turismo\",\"publisher\":{\"@id\":\"https:\\\/\\\/staging.elkaminante.com.uy\\\/#organization\"},\"potentialAction\":[{\"@type\":\"SearchAction\",\"target\":{\"@type\":\"EntryPoint\",\"urlTemplate\":\"https:\\\/\\\/staging.elkaminante.com.uy\\\/?s={search_term_string}\"},\"query-input\":{\"@type\":\"PropertyValueSpecification\",\"valueRequired\":true,\"valueName\":\"search_term_string\"}}],\"inLanguage\":\"en-US\"},{\"@type\":\"Organization\",\"@id\":\"https:\\\/\\\/staging.elkaminante.com.uy\\\/#organization\",\"name\":\"El Kaminante\",\"url\":\"https:\\\/\\\/staging.elkaminante.com.uy\\\/\",\"logo\":{\"@type\":\"ImageObject\",\"inLanguage\":\"en-US\",\"@id\":\"https:\\\/\\\/staging.elkaminante.com.uy\\\/#\\\/schema\\\/logo\\\/image\\\/\",\"url\":\"https:\\\/\\\/staging.elkaminante.com.uy\\\/wp-content\\\/uploads\\\/2025\\\/02\\\/logo-elkaminante-blanco.svg\",\"contentUrl\":\"https:\\\/\\\/staging.elkaminante.com.uy\\\/wp-content\\\/uploads\\\/2025\\\/02\\\/logo-elkaminante-blanco.svg\",\"caption\":\"El Kaminante\"},\"image\":{\"@id\":\"https:\\\/\\\/staging.elkaminante.com.uy\\\/#\\\/schema\\\/logo\\\/image\\\/\"}}]}<\/script>\n<!-- \/ Yoast SEO plugin. -->","yoast_head_json":{"title":"Cabo Fr\u00edo - El Kaminante","robots":{"index":"noindex","follow":"follow","max-snippet":"max-snippet:-1","max-image-preview":"max-image-preview:large","max-video-preview":"max-video-preview:-1"},"og_locale":"en_US","og_type":"article","og_title":"Cabo Fr\u00edo - El Kaminante","og_description":"Cabo Fr\u00edo es una ciudad tur\u00edstica del estado de R\u00edo de Janeiro, Brasil. Su nombre se debe a la regi\u00f3n que est\u00e1 localizada en una pen\u00ednsula, por eso el nombre de Cabo y sus aguas son m\u00e1s fr\u00edas que de las dem\u00e1s ciudades vecinas, por eso Fr\u00edo. Sus caracter\u00edsticas son playas de arena fina y blanca, que al no contener mica, no se calienta y uno puede caminar sobre ella sin quemarse los pies. Sus aguas color turquesa dan a este verdadero para\u00edso un marco de ensue\u00f1o. Entre sus playas m\u00e1s conocidas se encuentran Praia do Forte, Praia das Conchas e Praia do Per\u00f3. Para navegar los lugare\u00f1os aconsejan recorrer todo Arraial do Cabo y visitar la imponente gruta azul. La vida nocturna es muy intensa en actividades para ciudadanos de todas las edades.","og_url":"https:\/\/staging.elkaminante.com.uy\/paquetes\/cabo-frio\/","og_site_name":"El Kaminante","article_modified_time":"2026-05-15T17:48:59+00:00","twitter_card":"summary_large_image","schema":{"@context":"https:\/\/schema.org","@graph":[{"@type":"WebPage","@id":"https:\/\/staging.elkaminante.com.uy\/paquetes\/cabo-frio\/","url":"https:\/\/staging.elkaminante.com.uy\/paquetes\/cabo-frio\/","name":"Cabo Fr\u00edo - El Kaminante","isPartOf":{"@id":"https:\/\/staging.elkaminante.com.uy\/#website"},"primaryImageOfPage":{"@id":"https:\/\/staging.elkaminante.com.uy\/paquetes\/cabo-frio\/#primaryimage"},"image":{"@id":"https:\/\/staging.elkaminante.com.uy\/paquetes\/cabo-frio\/#primaryimage"},"thumbnailUrl":"https:\/\/staging.elkaminante.com.uy\/wp-content\/uploads\/2026\/03\/PAQ672.webp","datePublished":"2026-03-06T16:54:22+00:00","dateModified":"2026-05-15T17:48:59+00:00","breadcrumb":{"@id":"https:\/\/staging.elkaminante.com.uy\/paquetes\/cabo-frio\/#breadcrumb"},"inLanguage":"en-US","potentialAction":[{"@type":"ReadAction","target":["https:\/\/staging.elkaminante.com.uy\/paquetes\/cabo-frio\/"]}]},{"@type":"ImageObject","inLanguage":"en-US","@id":"https:\/\/staging.elkaminante.com.uy\/paquetes\/cabo-frio\/#primaryimage","url":"https:\/\/staging.elkaminante.com.uy\/wp-content\/uploads\/2026\/03\/PAQ672.webp","contentUrl":"https:\/\/staging.elkaminante.com.uy\/wp-content\/uploads\/2026\/03\/PAQ672.webp","width":800,"height":457},{"@type":"BreadcrumbList","@id":"https:\/\/staging.elkaminante.com.uy\/paquetes\/cabo-frio\/#breadcrumb","itemListElement":[{"@type":"ListItem","position":1,"name":"Inicio","item":"https:\/\/staging.elkaminante.com.uy\/en\/"},{"@type":"ListItem","position":2,"name":"Viajes por el mundo","item":"https:\/\/staging.elkaminante.com.uy\/en\/paquetes\/"},{"@type":"ListItem","position":3,"name":"Cabo Fr\u00edo"}]},{"@type":"WebSite","@id":"https:\/\/staging.elkaminante.com.uy\/#website","url":"https:\/\/staging.elkaminante.com.uy\/","name":"El Kaminante","description":"Viajes &amp; Turismo","publisher":{"@id":"https:\/\/staging.elkaminante.com.uy\/#organization"},"potentialAction":[{"@type":"SearchAction","target":{"@type":"EntryPoint","urlTemplate":"https:\/\/staging.elkaminante.com.uy\/?s={search_term_string}"},"query-input":{"@type":"PropertyValueSpecification","valueRequired":true,"valueName":"search_term_string"}}],"inLanguage":"en-US"},{"@type":"Organization","@id":"https:\/\/staging.elkaminante.com.uy\/#organization","name":"El Kaminante","url":"https:\/\/staging.elkaminante.com.uy\/","logo":{"@type":"ImageObject","inLanguage":"en-US","@id":"https:\/\/staging.elkaminante.com.uy\/#\/schema\/logo\/image\/","url":"https:\/\/staging.elkaminante.com.uy\/wp-content\/uploads\/2025\/02\/logo-elkaminante-blanco.svg","contentUrl":"https:\/\/staging.elkaminante.com.uy\/wp-content\/uploads\/2025\/02\/logo-elkaminante-blanco.svg","caption":"El Kaminante"},"image":{"@id":"https:\/\/staging.elkaminante.com.uy\/#\/schema\/logo\/image\/"}}]}},"_links":{"self":[{"href":"https:\/\/staging.elkaminante.com.uy\/en\/wp-json\/wp\/v2\/product\/12754","targetHints":{"allow":["GET"]}}],"collection":[{"href":"https:\/\/staging.elkaminante.com.uy\/en\/wp-json\/wp\/v2\/product"}],"about":[{"href":"https:\/\/staging.elkaminante.com.uy\/en\/wp-json\/wp\/v2\/types\/product"}],"wp:featuredmedia":[{"embeddable":true,"href":"https:\/\/staging.elkaminante.com.uy\/en\/wp-json\/wp\/v2\/media\/12752"}],"wp:attachment":[{"href":"https:\/\/staging.elkaminante.com.uy\/en\/wp-json\/wp\/v2\/media?parent=12754"}],"wp:term":[{"taxonomy":"product_brand","embeddable":true,"href":"https:\/\/staging.elkaminante.com.uy\/en\/wp-json\/wp\/v2\/product_brand?post=12754"},{"taxonomy":"product_cat","embeddable":true,"href":"https:\/\/staging.elkaminante.com.uy\/en\/wp-json\/wp\/v2\/product_cat?post=12754"},{"taxonomy":"product_tag","embeddable":true,"href":"https:\/\/staging.elkaminante.com.uy\/en\/wp-json\/wp\/v2\/product_tag?post=12754"}],"curies":[{"name":"wp","href":"https:\/\/api.w.org\/{rel}","templated":true}]}}