{"id":12738,"date":"2026-02-27T11:04:42","date_gmt":"2026-02-27T14:04:42","guid":{"rendered":"https:\/\/elkaminante.com.uy\/paquetes\/sicilia-y-malta-en-grupo\/"},"modified":"2026-05-15T14:48:59","modified_gmt":"2026-05-15T17:48:59","slug":"sicilia-y-malta-en-grupo","status":"publish","type":"product","link":"https:\/\/staging.elkaminante.com.uy\/en\/paquetes\/sicilia-y-malta-en-grupo\/","title":{"rendered":"Sicilia y Malta en grupo"},"content":{"rendered":"","protected":false},"excerpt":{"rendered":"<p>Ubicado en Europa mediterr\u00e1nea, <b>Italia<\/b> es uno de los pa\u00edses europeos de gran importancia tur\u00edstica tanto por su gran cantidad de historia como por su peculiar tradici\u00f3n y gastronom\u00eda, convirti\u00e9ndolo en uno de los lugares m\u00e1s populares para hacer turismo. Est\u00e1 dividido en cinco regiones geogr\u00e1ficas, y entre las ciudades m\u00e1s populares que posee son <i>Roma, Mil\u00e1n, Venecia, Florencia, Bolonia, N\u00e1poles y Pisa, adem\u00e1s de contar con las islas de Sicilia y Cerde\u00f1a<\/i>.Su gastronom\u00eda es uno de los aspectos que m\u00e1s atraen a los turistas, la variedad y distinci\u00f3n de platillos est\u00e1n a lo largo del pa\u00eds, siempre con una caracter\u00edstica regional. En este pa\u00eds el rubro con mayor popularidad a nivel mundial es la moda, con gran cantidad de marcas de vestido y calzado, adem\u00e1s del sector automovil\u00edstico.<\/p>\n<p>En <b>Malta<\/b>, la belleza mediterr\u00e1nea se mezcla con una rica historia. Con playas como la impresionante Bah\u00eda de Golden Sands y la encantadora capital, La Valeta, con su arquitectura hist\u00f3rica, Malta ofrece una experiencia costera \u00fanica. Explora templos antiguos, disfruta de la autenticidad de los mercados locales y sum\u00e9rgete en la animada vida nocturna. Con encantadores paisajes y hospitalidad, Malta te invita a descubrir el Mediterr\u00e1neo con autenticidad y encanto.<\/p>\n","protected":false},"featured_media":12736,"template":"","meta":{"_acf_changed":false,"inline_featured_image":false},"product_brand":[],"product_cat":[28,1579],"product_tag":[4054,562,3116,3114,64,568,2279,123,124,856,1394,1005,117,1143,65,3200,125,126,1144,4055,1152,4057,4058,61,4056,127,128,1145,63],"class_list":{"0":"post-12738","1":"product","2":"type-product","3":"status-publish","4":"has-post-thumbnail","6":"product_cat-paquetes","7":"product_cat-uruguay","8":"product_tag-16-de-agosto-de-2026","9":"product_tag-agosto","10":"product_tag-agrigento","11":"product_tag-catania","12":"product_tag-desayuno","13":"product_tag-en-agosto","14":"product_tag-en-italia","15":"product_tag-espana","16":"product_tag-europa","17":"product_tag-italia","18":"product_tag-italia-en-agosto","19":"product_tag-italia-en-italia","20":"product_tag-madrid","21":"product_tag-malta","22":"product_tag-no-aplica","23":"product_tag-palermo","24":"product_tag-paquetes-a-espana","25":"product_tag-paquetes-a-europa","26":"product_tag-paquetes-a-malta","27":"product_tag-ragusa","28":"product_tag-salida-grupal","29":"product_tag-sicilia","30":"product_tag-sicilia-y-malta-en-grupo","31":"product_tag-sin-destino","32":"product_tag-siracusa","33":"product_tag-viajes-a-espana","34":"product_tag-viajes-a-europa","35":"product_tag-viajes-a-malta","36":"product_tag-vuelo-y-circuito","37":"entry","38":"has-media","40":"first","41":"instock","42":"shipping-taxable","43":"purchasable","44":"product-type-simple"},"acf":[],"yoast_head":"<!-- This site is optimized with the Yoast SEO plugin v27.6 - https:\/\/yoast.com\/product\/yoast-seo-wordpress\/ -->\n<title>Sicilia y Malta en grupo - El Kaminante<\/title>\n<meta name=\"robots\" content=\"noindex, follow, max-snippet:-1, max-image-preview:large, max-video-preview:-1\" \/>\n<meta property=\"og:locale\" content=\"en_US\" \/>\n<meta property=\"og:type\" content=\"article\" \/>\n<meta property=\"og:title\" content=\"Sicilia y Malta en grupo - El Kaminante\" \/>\n<meta property=\"og:description\" content=\"Ubicado en Europa mediterr\u00e1nea, Italia es uno de los pa\u00edses europeos de gran importancia tur\u00edstica tanto por su gran cantidad de historia como por su peculiar tradici\u00f3n y gastronom\u00eda, convirti\u00e9ndolo en uno de los lugares m\u00e1s populares para hacer turismo. Est\u00e1 dividido en cinco regiones geogr\u00e1ficas, y entre las ciudades m\u00e1s populares que posee son Roma, Mil\u00e1n, Venecia, Florencia, Bolonia, N\u00e1poles y Pisa, adem\u00e1s de contar con las islas de Sicilia y Cerde\u00f1a.Su gastronom\u00eda es uno de los aspectos que m\u00e1s atraen a los turistas, la variedad y distinci\u00f3n de platillos est\u00e1n a lo largo del pa\u00eds, siempre con una caracter\u00edstica regional. En este pa\u00eds el rubro con mayor popularidad a nivel mundial es la moda, con gran cantidad de marcas de vestido y calzado, adem\u00e1s del sector automovil\u00edstico.En Malta, la belleza mediterr\u00e1nea se mezcla con una rica historia. Con playas como la impresionante Bah\u00eda de Golden Sands y la encantadora capital, La Valeta, con su arquitectura hist\u00f3rica, Malta ofrece una experiencia costera \u00fanica. Explora templos antiguos, disfruta de la autenticidad de los mercados locales y sum\u00e9rgete en la animada vida nocturna. Con encantadores paisajes y hospitalidad, Malta te invita a descubrir el Mediterr\u00e1neo con autenticidad y encanto.\" \/>\n<meta property=\"og:url\" content=\"https:\/\/staging.elkaminante.com.uy\/paquetes\/sicilia-y-malta-en-grupo\/\" \/>\n<meta property=\"og:site_name\" content=\"El Kaminante\" \/>\n<meta property=\"article:modified_time\" content=\"2026-05-15T17:48:59+00:00\" \/>\n<meta name=\"twitter:card\" content=\"summary_large_image\" \/>\n<script type=\"application\/ld+json\" class=\"yoast-schema-graph\">{\"@context\":\"https:\\\/\\\/schema.org\",\"@graph\":[{\"@type\":\"WebPage\",\"@id\":\"https:\\\/\\\/staging.elkaminante.com.uy\\\/paquetes\\\/sicilia-y-malta-en-grupo\\\/\",\"url\":\"https:\\\/\\\/staging.elkaminante.com.uy\\\/paquetes\\\/sicilia-y-malta-en-grupo\\\/\",\"name\":\"Sicilia y Malta en grupo - El Kaminante\",\"isPartOf\":{\"@id\":\"https:\\\/\\\/staging.elkaminante.com.uy\\\/#website\"},\"primaryImageOfPage\":{\"@id\":\"https:\\\/\\\/staging.elkaminante.com.uy\\\/paquetes\\\/sicilia-y-malta-en-grupo\\\/#primaryimage\"},\"image\":{\"@id\":\"https:\\\/\\\/staging.elkaminante.com.uy\\\/paquetes\\\/sicilia-y-malta-en-grupo\\\/#primaryimage\"},\"thumbnailUrl\":\"https:\\\/\\\/staging.elkaminante.com.uy\\\/wp-content\\\/uploads\\\/2026\\\/02\\\/PAQ669.webp\",\"datePublished\":\"2026-02-27T14:04:42+00:00\",\"dateModified\":\"2026-05-15T17:48:59+00:00\",\"breadcrumb\":{\"@id\":\"https:\\\/\\\/staging.elkaminante.com.uy\\\/paquetes\\\/sicilia-y-malta-en-grupo\\\/#breadcrumb\"},\"inLanguage\":\"en-US\",\"potentialAction\":[{\"@type\":\"ReadAction\",\"target\":[\"https:\\\/\\\/staging.elkaminante.com.uy\\\/paquetes\\\/sicilia-y-malta-en-grupo\\\/\"]}]},{\"@type\":\"ImageObject\",\"inLanguage\":\"en-US\",\"@id\":\"https:\\\/\\\/staging.elkaminante.com.uy\\\/paquetes\\\/sicilia-y-malta-en-grupo\\\/#primaryimage\",\"url\":\"https:\\\/\\\/staging.elkaminante.com.uy\\\/wp-content\\\/uploads\\\/2026\\\/02\\\/PAQ669.webp\",\"contentUrl\":\"https:\\\/\\\/staging.elkaminante.com.uy\\\/wp-content\\\/uploads\\\/2026\\\/02\\\/PAQ669.webp\",\"width\":800,\"height\":457},{\"@type\":\"BreadcrumbList\",\"@id\":\"https:\\\/\\\/staging.elkaminante.com.uy\\\/paquetes\\\/sicilia-y-malta-en-grupo\\\/#breadcrumb\",\"itemListElement\":[{\"@type\":\"ListItem\",\"position\":1,\"name\":\"Inicio\",\"item\":\"https:\\\/\\\/staging.elkaminante.com.uy\\\/en\\\/\"},{\"@type\":\"ListItem\",\"position\":2,\"name\":\"Viajes por el mundo\",\"item\":\"https:\\\/\\\/staging.elkaminante.com.uy\\\/en\\\/paquetes\\\/\"},{\"@type\":\"ListItem\",\"position\":3,\"name\":\"Sicilia y Malta en grupo\"}]},{\"@type\":\"WebSite\",\"@id\":\"https:\\\/\\\/staging.elkaminante.com.uy\\\/#website\",\"url\":\"https:\\\/\\\/staging.elkaminante.com.uy\\\/\",\"name\":\"El Kaminante\",\"description\":\"Viajes &amp; Turismo\",\"publisher\":{\"@id\":\"https:\\\/\\\/staging.elkaminante.com.uy\\\/#organization\"},\"potentialAction\":[{\"@type\":\"SearchAction\",\"target\":{\"@type\":\"EntryPoint\",\"urlTemplate\":\"https:\\\/\\\/staging.elkaminante.com.uy\\\/?s={search_term_string}\"},\"query-input\":{\"@type\":\"PropertyValueSpecification\",\"valueRequired\":true,\"valueName\":\"search_term_string\"}}],\"inLanguage\":\"en-US\"},{\"@type\":\"Organization\",\"@id\":\"https:\\\/\\\/staging.elkaminante.com.uy\\\/#organization\",\"name\":\"El Kaminante\",\"url\":\"https:\\\/\\\/staging.elkaminante.com.uy\\\/\",\"logo\":{\"@type\":\"ImageObject\",\"inLanguage\":\"en-US\",\"@id\":\"https:\\\/\\\/staging.elkaminante.com.uy\\\/#\\\/schema\\\/logo\\\/image\\\/\",\"url\":\"https:\\\/\\\/staging.elkaminante.com.uy\\\/wp-content\\\/uploads\\\/2025\\\/02\\\/logo-elkaminante-blanco.svg\",\"contentUrl\":\"https:\\\/\\\/staging.elkaminante.com.uy\\\/wp-content\\\/uploads\\\/2025\\\/02\\\/logo-elkaminante-blanco.svg\",\"caption\":\"El Kaminante\"},\"image\":{\"@id\":\"https:\\\/\\\/staging.elkaminante.com.uy\\\/#\\\/schema\\\/logo\\\/image\\\/\"}}]}<\/script>\n<!-- \/ Yoast SEO plugin. -->","yoast_head_json":{"title":"Sicilia y Malta en grupo - El Kaminante","robots":{"index":"noindex","follow":"follow","max-snippet":"max-snippet:-1","max-image-preview":"max-image-preview:large","max-video-preview":"max-video-preview:-1"},"og_locale":"en_US","og_type":"article","og_title":"Sicilia y Malta en grupo - El Kaminante","og_description":"Ubicado en Europa mediterr\u00e1nea, Italia es uno de los pa\u00edses europeos de gran importancia tur\u00edstica tanto por su gran cantidad de historia como por su peculiar tradici\u00f3n y gastronom\u00eda, convirti\u00e9ndolo en uno de los lugares m\u00e1s populares para hacer turismo. Est\u00e1 dividido en cinco regiones geogr\u00e1ficas, y entre las ciudades m\u00e1s populares que posee son Roma, Mil\u00e1n, Venecia, Florencia, Bolonia, N\u00e1poles y Pisa, adem\u00e1s de contar con las islas de Sicilia y Cerde\u00f1a.Su gastronom\u00eda es uno de los aspectos que m\u00e1s atraen a los turistas, la variedad y distinci\u00f3n de platillos est\u00e1n a lo largo del pa\u00eds, siempre con una caracter\u00edstica regional. En este pa\u00eds el rubro con mayor popularidad a nivel mundial es la moda, con gran cantidad de marcas de vestido y calzado, adem\u00e1s del sector automovil\u00edstico.En Malta, la belleza mediterr\u00e1nea se mezcla con una rica historia. Con playas como la impresionante Bah\u00eda de Golden Sands y la encantadora capital, La Valeta, con su arquitectura hist\u00f3rica, Malta ofrece una experiencia costera \u00fanica. Explora templos antiguos, disfruta de la autenticidad de los mercados locales y sum\u00e9rgete en la animada vida nocturna. Con encantadores paisajes y hospitalidad, Malta te invita a descubrir el Mediterr\u00e1neo con autenticidad y encanto.","og_url":"https:\/\/staging.elkaminante.com.uy\/paquetes\/sicilia-y-malta-en-grupo\/","og_site_name":"El Kaminante","article_modified_time":"2026-05-15T17:48:59+00:00","twitter_card":"summary_large_image","schema":{"@context":"https:\/\/schema.org","@graph":[{"@type":"WebPage","@id":"https:\/\/staging.elkaminante.com.uy\/paquetes\/sicilia-y-malta-en-grupo\/","url":"https:\/\/staging.elkaminante.com.uy\/paquetes\/sicilia-y-malta-en-grupo\/","name":"Sicilia y Malta en grupo - El Kaminante","isPartOf":{"@id":"https:\/\/staging.elkaminante.com.uy\/#website"},"primaryImageOfPage":{"@id":"https:\/\/staging.elkaminante.com.uy\/paquetes\/sicilia-y-malta-en-grupo\/#primaryimage"},"image":{"@id":"https:\/\/staging.elkaminante.com.uy\/paquetes\/sicilia-y-malta-en-grupo\/#primaryimage"},"thumbnailUrl":"https:\/\/staging.elkaminante.com.uy\/wp-content\/uploads\/2026\/02\/PAQ669.webp","datePublished":"2026-02-27T14:04:42+00:00","dateModified":"2026-05-15T17:48:59+00:00","breadcrumb":{"@id":"https:\/\/staging.elkaminante.com.uy\/paquetes\/sicilia-y-malta-en-grupo\/#breadcrumb"},"inLanguage":"en-US","potentialAction":[{"@type":"ReadAction","target":["https:\/\/staging.elkaminante.com.uy\/paquetes\/sicilia-y-malta-en-grupo\/"]}]},{"@type":"ImageObject","inLanguage":"en-US","@id":"https:\/\/staging.elkaminante.com.uy\/paquetes\/sicilia-y-malta-en-grupo\/#primaryimage","url":"https:\/\/staging.elkaminante.com.uy\/wp-content\/uploads\/2026\/02\/PAQ669.webp","contentUrl":"https:\/\/staging.elkaminante.com.uy\/wp-content\/uploads\/2026\/02\/PAQ669.webp","width":800,"height":457},{"@type":"BreadcrumbList","@id":"https:\/\/staging.elkaminante.com.uy\/paquetes\/sicilia-y-malta-en-grupo\/#breadcrumb","itemListElement":[{"@type":"ListItem","position":1,"name":"Inicio","item":"https:\/\/staging.elkaminante.com.uy\/en\/"},{"@type":"ListItem","position":2,"name":"Viajes por el mundo","item":"https:\/\/staging.elkaminante.com.uy\/en\/paquetes\/"},{"@type":"ListItem","position":3,"name":"Sicilia y Malta en grupo"}]},{"@type":"WebSite","@id":"https:\/\/staging.elkaminante.com.uy\/#website","url":"https:\/\/staging.elkaminante.com.uy\/","name":"El Kaminante","description":"Viajes &amp; Turismo","publisher":{"@id":"https:\/\/staging.elkaminante.com.uy\/#organization"},"potentialAction":[{"@type":"SearchAction","target":{"@type":"EntryPoint","urlTemplate":"https:\/\/staging.elkaminante.com.uy\/?s={search_term_string}"},"query-input":{"@type":"PropertyValueSpecification","valueRequired":true,"valueName":"search_term_string"}}],"inLanguage":"en-US"},{"@type":"Organization","@id":"https:\/\/staging.elkaminante.com.uy\/#organization","name":"El Kaminante","url":"https:\/\/staging.elkaminante.com.uy\/","logo":{"@type":"ImageObject","inLanguage":"en-US","@id":"https:\/\/staging.elkaminante.com.uy\/#\/schema\/logo\/image\/","url":"https:\/\/staging.elkaminante.com.uy\/wp-content\/uploads\/2025\/02\/logo-elkaminante-blanco.svg","contentUrl":"https:\/\/staging.elkaminante.com.uy\/wp-content\/uploads\/2025\/02\/logo-elkaminante-blanco.svg","caption":"El Kaminante"},"image":{"@id":"https:\/\/staging.elkaminante.com.uy\/#\/schema\/logo\/image\/"}}]}},"_links":{"self":[{"href":"https:\/\/staging.elkaminante.com.uy\/en\/wp-json\/wp\/v2\/product\/12738","targetHints":{"allow":["GET"]}}],"collection":[{"href":"https:\/\/staging.elkaminante.com.uy\/en\/wp-json\/wp\/v2\/product"}],"about":[{"href":"https:\/\/staging.elkaminante.com.uy\/en\/wp-json\/wp\/v2\/types\/product"}],"wp:featuredmedia":[{"embeddable":true,"href":"https:\/\/staging.elkaminante.com.uy\/en\/wp-json\/wp\/v2\/media\/12736"}],"wp:attachment":[{"href":"https:\/\/staging.elkaminante.com.uy\/en\/wp-json\/wp\/v2\/media?parent=12738"}],"wp:term":[{"taxonomy":"product_brand","embeddable":true,"href":"https:\/\/staging.elkaminante.com.uy\/en\/wp-json\/wp\/v2\/product_brand?post=12738"},{"taxonomy":"product_cat","embeddable":true,"href":"https:\/\/staging.elkaminante.com.uy\/en\/wp-json\/wp\/v2\/product_cat?post=12738"},{"taxonomy":"product_tag","embeddable":true,"href":"https:\/\/staging.elkaminante.com.uy\/en\/wp-json\/wp\/v2\/product_tag?post=12738"}],"curies":[{"name":"wp","href":"https:\/\/api.w.org\/{rel}","templated":true}]}}