{"id":12511,"date":"2026-02-01T18:00:19","date_gmt":"2026-02-01T21:00:19","guid":{"rendered":"https:\/\/elkaminante.com.uy\/paquetes\/mendoza-en-avion-2\/"},"modified":"2026-05-15T14:48:56","modified_gmt":"2026-05-15T17:48:56","slug":"mendoza-en-avion-2","status":"publish","type":"product","link":"https:\/\/staging.elkaminante.com.uy\/en\/paquetes\/mendoza-en-avion-2\/","title":{"rendered":"Mendoza en avi\u00f3n"},"content":{"rendered":"","protected":false},"excerpt":{"rendered":"<p><b>Mendoza<\/b> se extiende en un vasto territorio situado en el centro-oeste de la Rep\u00fablica Argentina y al borde de la Cordillera de los Andes, la m\u00e1s alta de Am\u00e9rica.Junto a las provincias vecinas de San Juan, San Luis y la Rioja, Mendoza conforma la Regi\u00f3n de Cuyo. El clima es agradable, templado y con escasas lluvias. El sol tiene un pacto con esta tierra, y convierte la diafanidad de los cielos en un valor agregado del destino Mendoza. Los espacios rurales huelen a hortalizas, manzanas, cerezas, duraznos y sobre todo a uva. Mendoza es el centro vitivin\u00edcola l\u00edder en Sudam\u00e9rica, y como tal, produce y exporta vinos a numerosos pa\u00edses, fundamentalmente su variedad emblem\u00e1tica, el malbec. El Cerro Aconcagua, la cumbre de Am\u00e9rica,lidera toda esta provincia, donde la geograf\u00eda generosa en monta\u00f1as, nieves eternas, valles, r\u00edos, termas, llanuras, desiertos y m\u00e1gicos oasis, ofrecen posibilidades de disfrutar este destino los 365 d\u00edas del a\u00f1o.<\/p>\n","protected":false},"featured_media":12509,"template":"","meta":{"_acf_changed":false,"inline_featured_image":false},"product_brand":[],"product_cat":[28,1579],"product_tag":[88,36,430,1267,406,1641,1642,64,2134,2137,2050,425,3582,65,121,3907,393,91,407,426,61,89,3282,93,408,427,119],"class_list":{"0":"post-12511","1":"product","2":"type-product","3":"status-publish","4":"has-post-thumbnail","6":"product_cat-paquetes","7":"product_cat-uruguay","8":"product_tag-america-del-sur","9":"product_tag-argentina","10":"product_tag-argentina-en-mendoza","11":"product_tag-argentina-en-octubre","12":"product_tag-barco","13":"product_tag-ciudad","14":"product_tag-cultural","15":"product_tag-desayuno","16":"product_tag-en-argentina","17":"product_tag-en-mendoza","18":"product_tag-en-octubre","19":"product_tag-mendoza","20":"product_tag-mendoza-en-avion","21":"product_tag-no-aplica","22":"product_tag-octubre","23":"product_tag-octubre-2026","24":"product_tag-otros-destinos","25":"product_tag-paquetes-a-america-del-sur","26":"product_tag-paquetes-a-argentina","27":"product_tag-paquetes-a-mendoza","28":"product_tag-sin-destino","29":"product_tag-sudamerica","30":"product_tag-temporada-baja","31":"product_tag-viajes-a-america-del-sur","32":"product_tag-viajes-a-argentina","33":"product_tag-viajes-a-mendoza","34":"product_tag-vuelo-y-hotel","35":"entry","36":"has-media","38":"first","39":"instock","40":"shipping-taxable","41":"purchasable","42":"product-type-simple"},"acf":[],"yoast_head":"<!-- This site is optimized with the Yoast SEO plugin v27.6 - https:\/\/yoast.com\/product\/yoast-seo-wordpress\/ -->\n<title>Mendoza en avi\u00f3n - El Kaminante<\/title>\n<meta name=\"robots\" content=\"noindex, follow, max-snippet:-1, max-image-preview:large, max-video-preview:-1\" \/>\n<meta property=\"og:locale\" content=\"en_US\" \/>\n<meta property=\"og:type\" content=\"article\" \/>\n<meta property=\"og:title\" content=\"Mendoza en avi\u00f3n - El Kaminante\" \/>\n<meta property=\"og:description\" content=\"Mendoza se extiende en un vasto territorio situado en el centro-oeste de la Rep\u00fablica Argentina y al borde de la Cordillera de los Andes, la m\u00e1s alta de Am\u00e9rica.Junto a las provincias vecinas de San Juan, San Luis y la Rioja, Mendoza conforma la Regi\u00f3n de Cuyo. El clima es agradable, templado y con escasas lluvias. El sol tiene un pacto con esta tierra, y convierte la diafanidad de los cielos en un valor agregado del destino Mendoza. Los espacios rurales huelen a hortalizas, manzanas, cerezas, duraznos y sobre todo a uva. Mendoza es el centro vitivin\u00edcola l\u00edder en Sudam\u00e9rica, y como tal, produce y exporta vinos a numerosos pa\u00edses, fundamentalmente su variedad emblem\u00e1tica, el malbec. El Cerro Aconcagua, la cumbre de Am\u00e9rica,lidera toda esta provincia, donde la geograf\u00eda generosa en monta\u00f1as, nieves eternas, valles, r\u00edos, termas, llanuras, desiertos y m\u00e1gicos oasis, ofrecen posibilidades de disfrutar este destino los 365 d\u00edas del a\u00f1o.\" \/>\n<meta property=\"og:url\" content=\"https:\/\/staging.elkaminante.com.uy\/paquetes\/mendoza-en-avion-2\/\" \/>\n<meta property=\"og:site_name\" content=\"El Kaminante\" \/>\n<meta property=\"article:modified_time\" content=\"2026-05-15T17:48:56+00:00\" \/>\n<meta property=\"og:image\" content=\"https:\/\/staging.elkaminante.com.uy\/wp-content\/uploads\/2026\/02\/PAQ661.webp\" \/>\n\t<meta property=\"og:image:width\" content=\"800\" \/>\n\t<meta property=\"og:image:height\" content=\"457\" \/>\n\t<meta property=\"og:image:type\" content=\"image\/webp\" \/>\n<meta name=\"twitter:card\" content=\"summary_large_image\" \/>\n<script type=\"application\/ld+json\" class=\"yoast-schema-graph\">{\"@context\":\"https:\\\/\\\/schema.org\",\"@graph\":[{\"@type\":\"WebPage\",\"@id\":\"https:\\\/\\\/staging.elkaminante.com.uy\\\/paquetes\\\/mendoza-en-avion-2\\\/\",\"url\":\"https:\\\/\\\/staging.elkaminante.com.uy\\\/paquetes\\\/mendoza-en-avion-2\\\/\",\"name\":\"Mendoza en avi\u00f3n - El Kaminante\",\"isPartOf\":{\"@id\":\"https:\\\/\\\/staging.elkaminante.com.uy\\\/#website\"},\"primaryImageOfPage\":{\"@id\":\"https:\\\/\\\/staging.elkaminante.com.uy\\\/paquetes\\\/mendoza-en-avion-2\\\/#primaryimage\"},\"image\":{\"@id\":\"https:\\\/\\\/staging.elkaminante.com.uy\\\/paquetes\\\/mendoza-en-avion-2\\\/#primaryimage\"},\"thumbnailUrl\":\"https:\\\/\\\/staging.elkaminante.com.uy\\\/wp-content\\\/uploads\\\/2026\\\/02\\\/PAQ661.webp\",\"datePublished\":\"2026-02-01T21:00:19+00:00\",\"dateModified\":\"2026-05-15T17:48:56+00:00\",\"breadcrumb\":{\"@id\":\"https:\\\/\\\/staging.elkaminante.com.uy\\\/paquetes\\\/mendoza-en-avion-2\\\/#breadcrumb\"},\"inLanguage\":\"en-US\",\"potentialAction\":[{\"@type\":\"ReadAction\",\"target\":[\"https:\\\/\\\/staging.elkaminante.com.uy\\\/paquetes\\\/mendoza-en-avion-2\\\/\"]}]},{\"@type\":\"ImageObject\",\"inLanguage\":\"en-US\",\"@id\":\"https:\\\/\\\/staging.elkaminante.com.uy\\\/paquetes\\\/mendoza-en-avion-2\\\/#primaryimage\",\"url\":\"https:\\\/\\\/staging.elkaminante.com.uy\\\/wp-content\\\/uploads\\\/2026\\\/02\\\/PAQ661.webp\",\"contentUrl\":\"https:\\\/\\\/staging.elkaminante.com.uy\\\/wp-content\\\/uploads\\\/2026\\\/02\\\/PAQ661.webp\",\"width\":800,\"height\":457},{\"@type\":\"BreadcrumbList\",\"@id\":\"https:\\\/\\\/staging.elkaminante.com.uy\\\/paquetes\\\/mendoza-en-avion-2\\\/#breadcrumb\",\"itemListElement\":[{\"@type\":\"ListItem\",\"position\":1,\"name\":\"Inicio\",\"item\":\"https:\\\/\\\/staging.elkaminante.com.uy\\\/en\\\/\"},{\"@type\":\"ListItem\",\"position\":2,\"name\":\"Viajes por el mundo\",\"item\":\"https:\\\/\\\/staging.elkaminante.com.uy\\\/en\\\/paquetes\\\/\"},{\"@type\":\"ListItem\",\"position\":3,\"name\":\"Mendoza en avi\u00f3n\"}]},{\"@type\":\"WebSite\",\"@id\":\"https:\\\/\\\/staging.elkaminante.com.uy\\\/#website\",\"url\":\"https:\\\/\\\/staging.elkaminante.com.uy\\\/\",\"name\":\"El Kaminante\",\"description\":\"Viajes &amp; Turismo\",\"publisher\":{\"@id\":\"https:\\\/\\\/staging.elkaminante.com.uy\\\/#organization\"},\"potentialAction\":[{\"@type\":\"SearchAction\",\"target\":{\"@type\":\"EntryPoint\",\"urlTemplate\":\"https:\\\/\\\/staging.elkaminante.com.uy\\\/?s={search_term_string}\"},\"query-input\":{\"@type\":\"PropertyValueSpecification\",\"valueRequired\":true,\"valueName\":\"search_term_string\"}}],\"inLanguage\":\"en-US\"},{\"@type\":\"Organization\",\"@id\":\"https:\\\/\\\/staging.elkaminante.com.uy\\\/#organization\",\"name\":\"El Kaminante\",\"url\":\"https:\\\/\\\/staging.elkaminante.com.uy\\\/\",\"logo\":{\"@type\":\"ImageObject\",\"inLanguage\":\"en-US\",\"@id\":\"https:\\\/\\\/staging.elkaminante.com.uy\\\/#\\\/schema\\\/logo\\\/image\\\/\",\"url\":\"https:\\\/\\\/staging.elkaminante.com.uy\\\/wp-content\\\/uploads\\\/2025\\\/02\\\/logo-elkaminante-blanco.svg\",\"contentUrl\":\"https:\\\/\\\/staging.elkaminante.com.uy\\\/wp-content\\\/uploads\\\/2025\\\/02\\\/logo-elkaminante-blanco.svg\",\"caption\":\"El Kaminante\"},\"image\":{\"@id\":\"https:\\\/\\\/staging.elkaminante.com.uy\\\/#\\\/schema\\\/logo\\\/image\\\/\"}}]}<\/script>\n<!-- \/ Yoast SEO plugin. -->","yoast_head_json":{"title":"Mendoza en avi\u00f3n - El Kaminante","robots":{"index":"noindex","follow":"follow","max-snippet":"max-snippet:-1","max-image-preview":"max-image-preview:large","max-video-preview":"max-video-preview:-1"},"og_locale":"en_US","og_type":"article","og_title":"Mendoza en avi\u00f3n - El Kaminante","og_description":"Mendoza se extiende en un vasto territorio situado en el centro-oeste de la Rep\u00fablica Argentina y al borde de la Cordillera de los Andes, la m\u00e1s alta de Am\u00e9rica.Junto a las provincias vecinas de San Juan, San Luis y la Rioja, Mendoza conforma la Regi\u00f3n de Cuyo. El clima es agradable, templado y con escasas lluvias. El sol tiene un pacto con esta tierra, y convierte la diafanidad de los cielos en un valor agregado del destino Mendoza. Los espacios rurales huelen a hortalizas, manzanas, cerezas, duraznos y sobre todo a uva. Mendoza es el centro vitivin\u00edcola l\u00edder en Sudam\u00e9rica, y como tal, produce y exporta vinos a numerosos pa\u00edses, fundamentalmente su variedad emblem\u00e1tica, el malbec. El Cerro Aconcagua, la cumbre de Am\u00e9rica,lidera toda esta provincia, donde la geograf\u00eda generosa en monta\u00f1as, nieves eternas, valles, r\u00edos, termas, llanuras, desiertos y m\u00e1gicos oasis, ofrecen posibilidades de disfrutar este destino los 365 d\u00edas del a\u00f1o.","og_url":"https:\/\/staging.elkaminante.com.uy\/paquetes\/mendoza-en-avion-2\/","og_site_name":"El Kaminante","article_modified_time":"2026-05-15T17:48:56+00:00","og_image":[{"width":800,"height":457,"url":"https:\/\/staging.elkaminante.com.uy\/wp-content\/uploads\/2026\/02\/PAQ661.webp","type":"image\/webp"}],"twitter_card":"summary_large_image","schema":{"@context":"https:\/\/schema.org","@graph":[{"@type":"WebPage","@id":"https:\/\/staging.elkaminante.com.uy\/paquetes\/mendoza-en-avion-2\/","url":"https:\/\/staging.elkaminante.com.uy\/paquetes\/mendoza-en-avion-2\/","name":"Mendoza en avi\u00f3n - El Kaminante","isPartOf":{"@id":"https:\/\/staging.elkaminante.com.uy\/#website"},"primaryImageOfPage":{"@id":"https:\/\/staging.elkaminante.com.uy\/paquetes\/mendoza-en-avion-2\/#primaryimage"},"image":{"@id":"https:\/\/staging.elkaminante.com.uy\/paquetes\/mendoza-en-avion-2\/#primaryimage"},"thumbnailUrl":"https:\/\/staging.elkaminante.com.uy\/wp-content\/uploads\/2026\/02\/PAQ661.webp","datePublished":"2026-02-01T21:00:19+00:00","dateModified":"2026-05-15T17:48:56+00:00","breadcrumb":{"@id":"https:\/\/staging.elkaminante.com.uy\/paquetes\/mendoza-en-avion-2\/#breadcrumb"},"inLanguage":"en-US","potentialAction":[{"@type":"ReadAction","target":["https:\/\/staging.elkaminante.com.uy\/paquetes\/mendoza-en-avion-2\/"]}]},{"@type":"ImageObject","inLanguage":"en-US","@id":"https:\/\/staging.elkaminante.com.uy\/paquetes\/mendoza-en-avion-2\/#primaryimage","url":"https:\/\/staging.elkaminante.com.uy\/wp-content\/uploads\/2026\/02\/PAQ661.webp","contentUrl":"https:\/\/staging.elkaminante.com.uy\/wp-content\/uploads\/2026\/02\/PAQ661.webp","width":800,"height":457},{"@type":"BreadcrumbList","@id":"https:\/\/staging.elkaminante.com.uy\/paquetes\/mendoza-en-avion-2\/#breadcrumb","itemListElement":[{"@type":"ListItem","position":1,"name":"Inicio","item":"https:\/\/staging.elkaminante.com.uy\/en\/"},{"@type":"ListItem","position":2,"name":"Viajes por el mundo","item":"https:\/\/staging.elkaminante.com.uy\/en\/paquetes\/"},{"@type":"ListItem","position":3,"name":"Mendoza en avi\u00f3n"}]},{"@type":"WebSite","@id":"https:\/\/staging.elkaminante.com.uy\/#website","url":"https:\/\/staging.elkaminante.com.uy\/","name":"El Kaminante","description":"Viajes &amp; Turismo","publisher":{"@id":"https:\/\/staging.elkaminante.com.uy\/#organization"},"potentialAction":[{"@type":"SearchAction","target":{"@type":"EntryPoint","urlTemplate":"https:\/\/staging.elkaminante.com.uy\/?s={search_term_string}"},"query-input":{"@type":"PropertyValueSpecification","valueRequired":true,"valueName":"search_term_string"}}],"inLanguage":"en-US"},{"@type":"Organization","@id":"https:\/\/staging.elkaminante.com.uy\/#organization","name":"El Kaminante","url":"https:\/\/staging.elkaminante.com.uy\/","logo":{"@type":"ImageObject","inLanguage":"en-US","@id":"https:\/\/staging.elkaminante.com.uy\/#\/schema\/logo\/image\/","url":"https:\/\/staging.elkaminante.com.uy\/wp-content\/uploads\/2025\/02\/logo-elkaminante-blanco.svg","contentUrl":"https:\/\/staging.elkaminante.com.uy\/wp-content\/uploads\/2025\/02\/logo-elkaminante-blanco.svg","caption":"El Kaminante"},"image":{"@id":"https:\/\/staging.elkaminante.com.uy\/#\/schema\/logo\/image\/"}}]}},"_links":{"self":[{"href":"https:\/\/staging.elkaminante.com.uy\/en\/wp-json\/wp\/v2\/product\/12511","targetHints":{"allow":["GET"]}}],"collection":[{"href":"https:\/\/staging.elkaminante.com.uy\/en\/wp-json\/wp\/v2\/product"}],"about":[{"href":"https:\/\/staging.elkaminante.com.uy\/en\/wp-json\/wp\/v2\/types\/product"}],"wp:featuredmedia":[{"embeddable":true,"href":"https:\/\/staging.elkaminante.com.uy\/en\/wp-json\/wp\/v2\/media\/12509"}],"wp:attachment":[{"href":"https:\/\/staging.elkaminante.com.uy\/en\/wp-json\/wp\/v2\/media?parent=12511"}],"wp:term":[{"taxonomy":"product_brand","embeddable":true,"href":"https:\/\/staging.elkaminante.com.uy\/en\/wp-json\/wp\/v2\/product_brand?post=12511"},{"taxonomy":"product_cat","embeddable":true,"href":"https:\/\/staging.elkaminante.com.uy\/en\/wp-json\/wp\/v2\/product_cat?post=12511"},{"taxonomy":"product_tag","embeddable":true,"href":"https:\/\/staging.elkaminante.com.uy\/en\/wp-json\/wp\/v2\/product_tag?post=12511"}],"curies":[{"name":"wp","href":"https:\/\/api.w.org\/{rel}","templated":true}]}}