{"id":12446,"date":"2026-01-18T21:49:38","date_gmt":"2026-01-19T00:49:38","guid":{"rendered":"https:\/\/elkaminante.com.uy\/paquetes\/de-bariloche-a-san-martin-de-los-andes\/"},"modified":"2026-05-15T14:48:56","modified_gmt":"2026-05-15T17:48:56","slug":"de-bariloche-a-san-martin-de-los-andes","status":"publish","type":"product","link":"https:\/\/staging.elkaminante.com.uy\/en\/paquetes\/de-bariloche-a-san-martin-de-los-andes\/","title":{"rendered":"De Bariloche a San Mart\u00edn de los Andes"},"content":{"rendered":"","protected":false},"excerpt":{"rendered":"<p><b>Bariloche<\/b> es una ciudad ubicada entre bosques milenarios, monta\u00f1as cubiertas de nieve y lagos cristalinos, en la provincia de R\u00edo Negro, Argentina. Est\u00e1 ubicada dentro del parque nacional Nahuel Huapi, junto a la cordillera de los Andes. En el 2012 fue declarada capital nacional del turismo de aventura, y en el 2015 capital nacional del chocolate. En Bariloche ten\u00e9s variedad de actividades para disfrutar: excursiones tradicionales, paseos lacustres, nieve para todos los gustos, la mejor gastronom\u00eda, turismo joven, salidas rom\u00e1nticas, actividades familiares, aventura, tranquilidad y una agenda cultural diversa.<\/p>\n<p>La ciudad de <b>San Mart\u00edn de los Andes<\/b> ofrece todo lo necesario para satisfacer al visitante. Un entorno natural privilegiado, custodiado por el Parque Nacional Lan\u00edn, circuitos tur\u00edsticos de gran atractivo, y la calidez de su gente, se suman a una completa infraestructura de servicios. Bosques milenarios, lagos de origen glaciario, balnearios, arroyos de aguas cristalinas, aire puro, flores, aves, volcanes, cascadas y cielos estrellados son parte de una abrumadora puesta en escena en la cual la Naturaleza patag\u00f3nica se exhibe contundente, y en la cual el goce y la admiraci\u00f3n forman parte de unas vacaciones inolvidables. Gran cantidad de circuitos tur\u00edsticos, que van desde cl\u00e1sicos como la Ruta de los Siete Lagos, el lago Huechulafquen con el volc\u00e1n Lan\u00edn, o el cerro Chapelco, hasta rincones escondidos como los lagos Que\u00f1i y Filo Hua Hum, pasando por r\u00edos de lava como El Escorial, aguas termales en Lahuen Co, o playas de arena volc\u00e1nica, permiten al visitante acercarse a una verdadera postal del para\u00edso en la tierra.<\/p>\n","protected":false},"featured_media":12444,"template":"","meta":{"_acf_changed":false,"inline_featured_image":false},"product_brand":[],"product_cat":[28,1579],"product_tag":[88,36,416,1272,518,406,404,405,1641,1642,3951,64,2134,2133,1610,879,3340,393,91,407,409,3949,3948,61,89,2953,1092,2952,93,408,410,3950,2553,119],"class_list":{"0":"post-12446","1":"product","2":"type-product","3":"status-publish","4":"has-post-thumbnail","6":"product_cat-paquetes","7":"product_cat-uruguay","8":"product_tag-america-del-sur","9":"product_tag-argentina","10":"product_tag-argentina-en-bariloche","11":"product_tag-argentina-en-julio","12":"product_tag-auto-incluido","13":"product_tag-barco","14":"product_tag-bariloche","15":"product_tag-buenos-aires","16":"product_tag-ciudad","17":"product_tag-cultural","18":"product_tag-de-bariloche-a-san-martin-de-los-andes","19":"product_tag-desayuno","20":"product_tag-en-argentina","21":"product_tag-en-bariloche","22":"product_tag-en-julio","23":"product_tag-julio","24":"product_tag-julio-2026auto-incluido","25":"product_tag-otros-destinos","26":"product_tag-paquetes-a-america-del-sur","27":"product_tag-paquetes-a-argentina","28":"product_tag-paquetes-a-bariloche","29":"product_tag-paquetes-a-san-martin-de-los-andes","30":"product_tag-san-martin-de-los-andes","31":"product_tag-sin-destino","32":"product_tag-sudamerica","33":"product_tag-vacaciones-de-invierno","34":"product_tag-vacaciones-de-julio","35":"product_tag-vacaciones-julio","36":"product_tag-viajes-a-america-del-sur","37":"product_tag-viajes-a-argentina","38":"product_tag-viajes-a-bariloche","39":"product_tag-viajes-a-san-martin-de-los-andes","40":"product_tag-villa-la-angostura","41":"product_tag-vuelo-y-hotel","42":"entry","43":"has-media","45":"first","46":"instock","47":"shipping-taxable","48":"purchasable","49":"product-type-simple"},"acf":[],"yoast_head":"<!-- This site is optimized with the Yoast SEO plugin v27.6 - https:\/\/yoast.com\/product\/yoast-seo-wordpress\/ -->\n<title>De Bariloche a San Mart\u00edn de los Andes - El Kaminante<\/title>\n<meta name=\"robots\" content=\"noindex, follow, max-snippet:-1, max-image-preview:large, max-video-preview:-1\" \/>\n<meta property=\"og:locale\" content=\"en_US\" \/>\n<meta property=\"og:type\" content=\"article\" \/>\n<meta property=\"og:title\" content=\"De Bariloche a San Mart\u00edn de los Andes - El Kaminante\" \/>\n<meta property=\"og:description\" content=\"Bariloche es una ciudad ubicada entre bosques milenarios, monta\u00f1as cubiertas de nieve y lagos cristalinos, en la provincia de R\u00edo Negro, Argentina. Est\u00e1 ubicada dentro del parque nacional Nahuel Huapi, junto a la cordillera de los Andes. En el 2012 fue declarada capital nacional del turismo de aventura, y en el 2015 capital nacional del chocolate. En Bariloche ten\u00e9s variedad de actividades para disfrutar: excursiones tradicionales, paseos lacustres, nieve para todos los gustos, la mejor gastronom\u00eda, turismo joven, salidas rom\u00e1nticas, actividades familiares, aventura, tranquilidad y una agenda cultural diversa.La ciudad de San Mart\u00edn de los Andes ofrece todo lo necesario para satisfacer al visitante. Un entorno natural privilegiado, custodiado por el Parque Nacional Lan\u00edn, circuitos tur\u00edsticos de gran atractivo, y la calidez de su gente, se suman a una completa infraestructura de servicios. Bosques milenarios, lagos de origen glaciario, balnearios, arroyos de aguas cristalinas, aire puro, flores, aves, volcanes, cascadas y cielos estrellados son parte de una abrumadora puesta en escena en la cual la Naturaleza patag\u00f3nica se exhibe contundente, y en la cual el goce y la admiraci\u00f3n forman parte de unas vacaciones inolvidables. Gran cantidad de circuitos tur\u00edsticos, que van desde cl\u00e1sicos como la Ruta de los Siete Lagos, el lago Huechulafquen con el volc\u00e1n Lan\u00edn, o el cerro Chapelco, hasta rincones escondidos como los lagos Que\u00f1i y Filo Hua Hum, pasando por r\u00edos de lava como El Escorial, aguas termales en Lahuen Co, o playas de arena volc\u00e1nica, permiten al visitante acercarse a una verdadera postal del para\u00edso en la tierra.\" \/>\n<meta property=\"og:url\" content=\"https:\/\/staging.elkaminante.com.uy\/paquetes\/de-bariloche-a-san-martin-de-los-andes\/\" \/>\n<meta property=\"og:site_name\" content=\"El Kaminante\" \/>\n<meta property=\"article:modified_time\" content=\"2026-05-15T17:48:56+00:00\" \/>\n<meta name=\"twitter:card\" content=\"summary_large_image\" \/>\n<script type=\"application\/ld+json\" class=\"yoast-schema-graph\">{\"@context\":\"https:\\\/\\\/schema.org\",\"@graph\":[{\"@type\":\"WebPage\",\"@id\":\"https:\\\/\\\/staging.elkaminante.com.uy\\\/paquetes\\\/de-bariloche-a-san-martin-de-los-andes\\\/\",\"url\":\"https:\\\/\\\/staging.elkaminante.com.uy\\\/paquetes\\\/de-bariloche-a-san-martin-de-los-andes\\\/\",\"name\":\"De Bariloche a San Mart\u00edn de los Andes - El Kaminante\",\"isPartOf\":{\"@id\":\"https:\\\/\\\/staging.elkaminante.com.uy\\\/#website\"},\"primaryImageOfPage\":{\"@id\":\"https:\\\/\\\/staging.elkaminante.com.uy\\\/paquetes\\\/de-bariloche-a-san-martin-de-los-andes\\\/#primaryimage\"},\"image\":{\"@id\":\"https:\\\/\\\/staging.elkaminante.com.uy\\\/paquetes\\\/de-bariloche-a-san-martin-de-los-andes\\\/#primaryimage\"},\"thumbnailUrl\":\"https:\\\/\\\/staging.elkaminante.com.uy\\\/wp-content\\\/uploads\\\/2026\\\/01\\\/PAQ658.webp\",\"datePublished\":\"2026-01-19T00:49:38+00:00\",\"dateModified\":\"2026-05-15T17:48:56+00:00\",\"breadcrumb\":{\"@id\":\"https:\\\/\\\/staging.elkaminante.com.uy\\\/paquetes\\\/de-bariloche-a-san-martin-de-los-andes\\\/#breadcrumb\"},\"inLanguage\":\"en-US\",\"potentialAction\":[{\"@type\":\"ReadAction\",\"target\":[\"https:\\\/\\\/staging.elkaminante.com.uy\\\/paquetes\\\/de-bariloche-a-san-martin-de-los-andes\\\/\"]}]},{\"@type\":\"ImageObject\",\"inLanguage\":\"en-US\",\"@id\":\"https:\\\/\\\/staging.elkaminante.com.uy\\\/paquetes\\\/de-bariloche-a-san-martin-de-los-andes\\\/#primaryimage\",\"url\":\"https:\\\/\\\/staging.elkaminante.com.uy\\\/wp-content\\\/uploads\\\/2026\\\/01\\\/PAQ658.webp\",\"contentUrl\":\"https:\\\/\\\/staging.elkaminante.com.uy\\\/wp-content\\\/uploads\\\/2026\\\/01\\\/PAQ658.webp\",\"width\":800,\"height\":457},{\"@type\":\"BreadcrumbList\",\"@id\":\"https:\\\/\\\/staging.elkaminante.com.uy\\\/paquetes\\\/de-bariloche-a-san-martin-de-los-andes\\\/#breadcrumb\",\"itemListElement\":[{\"@type\":\"ListItem\",\"position\":1,\"name\":\"Inicio\",\"item\":\"https:\\\/\\\/staging.elkaminante.com.uy\\\/en\\\/\"},{\"@type\":\"ListItem\",\"position\":2,\"name\":\"Viajes por el mundo\",\"item\":\"https:\\\/\\\/staging.elkaminante.com.uy\\\/en\\\/paquetes\\\/\"},{\"@type\":\"ListItem\",\"position\":3,\"name\":\"De Bariloche a San Mart\u00edn de los Andes\"}]},{\"@type\":\"WebSite\",\"@id\":\"https:\\\/\\\/staging.elkaminante.com.uy\\\/#website\",\"url\":\"https:\\\/\\\/staging.elkaminante.com.uy\\\/\",\"name\":\"El Kaminante\",\"description\":\"Viajes &amp; Turismo\",\"publisher\":{\"@id\":\"https:\\\/\\\/staging.elkaminante.com.uy\\\/#organization\"},\"potentialAction\":[{\"@type\":\"SearchAction\",\"target\":{\"@type\":\"EntryPoint\",\"urlTemplate\":\"https:\\\/\\\/staging.elkaminante.com.uy\\\/?s={search_term_string}\"},\"query-input\":{\"@type\":\"PropertyValueSpecification\",\"valueRequired\":true,\"valueName\":\"search_term_string\"}}],\"inLanguage\":\"en-US\"},{\"@type\":\"Organization\",\"@id\":\"https:\\\/\\\/staging.elkaminante.com.uy\\\/#organization\",\"name\":\"El Kaminante\",\"url\":\"https:\\\/\\\/staging.elkaminante.com.uy\\\/\",\"logo\":{\"@type\":\"ImageObject\",\"inLanguage\":\"en-US\",\"@id\":\"https:\\\/\\\/staging.elkaminante.com.uy\\\/#\\\/schema\\\/logo\\\/image\\\/\",\"url\":\"https:\\\/\\\/staging.elkaminante.com.uy\\\/wp-content\\\/uploads\\\/2025\\\/02\\\/logo-elkaminante-blanco.svg\",\"contentUrl\":\"https:\\\/\\\/staging.elkaminante.com.uy\\\/wp-content\\\/uploads\\\/2025\\\/02\\\/logo-elkaminante-blanco.svg\",\"caption\":\"El Kaminante\"},\"image\":{\"@id\":\"https:\\\/\\\/staging.elkaminante.com.uy\\\/#\\\/schema\\\/logo\\\/image\\\/\"}}]}<\/script>\n<!-- \/ Yoast SEO plugin. -->","yoast_head_json":{"title":"De Bariloche a San Mart\u00edn de los Andes - El Kaminante","robots":{"index":"noindex","follow":"follow","max-snippet":"max-snippet:-1","max-image-preview":"max-image-preview:large","max-video-preview":"max-video-preview:-1"},"og_locale":"en_US","og_type":"article","og_title":"De Bariloche a San Mart\u00edn de los Andes - El Kaminante","og_description":"Bariloche es una ciudad ubicada entre bosques milenarios, monta\u00f1as cubiertas de nieve y lagos cristalinos, en la provincia de R\u00edo Negro, Argentina. Est\u00e1 ubicada dentro del parque nacional Nahuel Huapi, junto a la cordillera de los Andes. En el 2012 fue declarada capital nacional del turismo de aventura, y en el 2015 capital nacional del chocolate. En Bariloche ten\u00e9s variedad de actividades para disfrutar: excursiones tradicionales, paseos lacustres, nieve para todos los gustos, la mejor gastronom\u00eda, turismo joven, salidas rom\u00e1nticas, actividades familiares, aventura, tranquilidad y una agenda cultural diversa.La ciudad de San Mart\u00edn de los Andes ofrece todo lo necesario para satisfacer al visitante. Un entorno natural privilegiado, custodiado por el Parque Nacional Lan\u00edn, circuitos tur\u00edsticos de gran atractivo, y la calidez de su gente, se suman a una completa infraestructura de servicios. Bosques milenarios, lagos de origen glaciario, balnearios, arroyos de aguas cristalinas, aire puro, flores, aves, volcanes, cascadas y cielos estrellados son parte de una abrumadora puesta en escena en la cual la Naturaleza patag\u00f3nica se exhibe contundente, y en la cual el goce y la admiraci\u00f3n forman parte de unas vacaciones inolvidables. Gran cantidad de circuitos tur\u00edsticos, que van desde cl\u00e1sicos como la Ruta de los Siete Lagos, el lago Huechulafquen con el volc\u00e1n Lan\u00edn, o el cerro Chapelco, hasta rincones escondidos como los lagos Que\u00f1i y Filo Hua Hum, pasando por r\u00edos de lava como El Escorial, aguas termales en Lahuen Co, o playas de arena volc\u00e1nica, permiten al visitante acercarse a una verdadera postal del para\u00edso en la tierra.","og_url":"https:\/\/staging.elkaminante.com.uy\/paquetes\/de-bariloche-a-san-martin-de-los-andes\/","og_site_name":"El Kaminante","article_modified_time":"2026-05-15T17:48:56+00:00","twitter_card":"summary_large_image","schema":{"@context":"https:\/\/schema.org","@graph":[{"@type":"WebPage","@id":"https:\/\/staging.elkaminante.com.uy\/paquetes\/de-bariloche-a-san-martin-de-los-andes\/","url":"https:\/\/staging.elkaminante.com.uy\/paquetes\/de-bariloche-a-san-martin-de-los-andes\/","name":"De Bariloche a San Mart\u00edn de los Andes - El Kaminante","isPartOf":{"@id":"https:\/\/staging.elkaminante.com.uy\/#website"},"primaryImageOfPage":{"@id":"https:\/\/staging.elkaminante.com.uy\/paquetes\/de-bariloche-a-san-martin-de-los-andes\/#primaryimage"},"image":{"@id":"https:\/\/staging.elkaminante.com.uy\/paquetes\/de-bariloche-a-san-martin-de-los-andes\/#primaryimage"},"thumbnailUrl":"https:\/\/staging.elkaminante.com.uy\/wp-content\/uploads\/2026\/01\/PAQ658.webp","datePublished":"2026-01-19T00:49:38+00:00","dateModified":"2026-05-15T17:48:56+00:00","breadcrumb":{"@id":"https:\/\/staging.elkaminante.com.uy\/paquetes\/de-bariloche-a-san-martin-de-los-andes\/#breadcrumb"},"inLanguage":"en-US","potentialAction":[{"@type":"ReadAction","target":["https:\/\/staging.elkaminante.com.uy\/paquetes\/de-bariloche-a-san-martin-de-los-andes\/"]}]},{"@type":"ImageObject","inLanguage":"en-US","@id":"https:\/\/staging.elkaminante.com.uy\/paquetes\/de-bariloche-a-san-martin-de-los-andes\/#primaryimage","url":"https:\/\/staging.elkaminante.com.uy\/wp-content\/uploads\/2026\/01\/PAQ658.webp","contentUrl":"https:\/\/staging.elkaminante.com.uy\/wp-content\/uploads\/2026\/01\/PAQ658.webp","width":800,"height":457},{"@type":"BreadcrumbList","@id":"https:\/\/staging.elkaminante.com.uy\/paquetes\/de-bariloche-a-san-martin-de-los-andes\/#breadcrumb","itemListElement":[{"@type":"ListItem","position":1,"name":"Inicio","item":"https:\/\/staging.elkaminante.com.uy\/en\/"},{"@type":"ListItem","position":2,"name":"Viajes por el mundo","item":"https:\/\/staging.elkaminante.com.uy\/en\/paquetes\/"},{"@type":"ListItem","position":3,"name":"De Bariloche a San Mart\u00edn de los Andes"}]},{"@type":"WebSite","@id":"https:\/\/staging.elkaminante.com.uy\/#website","url":"https:\/\/staging.elkaminante.com.uy\/","name":"El Kaminante","description":"Viajes &amp; Turismo","publisher":{"@id":"https:\/\/staging.elkaminante.com.uy\/#organization"},"potentialAction":[{"@type":"SearchAction","target":{"@type":"EntryPoint","urlTemplate":"https:\/\/staging.elkaminante.com.uy\/?s={search_term_string}"},"query-input":{"@type":"PropertyValueSpecification","valueRequired":true,"valueName":"search_term_string"}}],"inLanguage":"en-US"},{"@type":"Organization","@id":"https:\/\/staging.elkaminante.com.uy\/#organization","name":"El Kaminante","url":"https:\/\/staging.elkaminante.com.uy\/","logo":{"@type":"ImageObject","inLanguage":"en-US","@id":"https:\/\/staging.elkaminante.com.uy\/#\/schema\/logo\/image\/","url":"https:\/\/staging.elkaminante.com.uy\/wp-content\/uploads\/2025\/02\/logo-elkaminante-blanco.svg","contentUrl":"https:\/\/staging.elkaminante.com.uy\/wp-content\/uploads\/2025\/02\/logo-elkaminante-blanco.svg","caption":"El Kaminante"},"image":{"@id":"https:\/\/staging.elkaminante.com.uy\/#\/schema\/logo\/image\/"}}]}},"_links":{"self":[{"href":"https:\/\/staging.elkaminante.com.uy\/en\/wp-json\/wp\/v2\/product\/12446","targetHints":{"allow":["GET"]}}],"collection":[{"href":"https:\/\/staging.elkaminante.com.uy\/en\/wp-json\/wp\/v2\/product"}],"about":[{"href":"https:\/\/staging.elkaminante.com.uy\/en\/wp-json\/wp\/v2\/types\/product"}],"wp:featuredmedia":[{"embeddable":true,"href":"https:\/\/staging.elkaminante.com.uy\/en\/wp-json\/wp\/v2\/media\/12444"}],"wp:attachment":[{"href":"https:\/\/staging.elkaminante.com.uy\/en\/wp-json\/wp\/v2\/media?parent=12446"}],"wp:term":[{"taxonomy":"product_brand","embeddable":true,"href":"https:\/\/staging.elkaminante.com.uy\/en\/wp-json\/wp\/v2\/product_brand?post=12446"},{"taxonomy":"product_cat","embeddable":true,"href":"https:\/\/staging.elkaminante.com.uy\/en\/wp-json\/wp\/v2\/product_cat?post=12446"},{"taxonomy":"product_tag","embeddable":true,"href":"https:\/\/staging.elkaminante.com.uy\/en\/wp-json\/wp\/v2\/product_tag?post=12446"}],"curies":[{"name":"wp","href":"https:\/\/api.w.org\/{rel}","templated":true}]}}