{"id":12437,"date":"2026-01-18T21:49:33","date_gmt":"2026-01-19T00:49:33","guid":{"rendered":"https:\/\/elkaminante.com.uy\/paquetes\/camboriu-y-parques-tematicos\/"},"modified":"2026-05-15T14:48:56","modified_gmt":"2026-05-15T17:48:56","slug":"camboriu-y-parques-tematicos","status":"publish","type":"product","link":"https:\/\/staging.elkaminante.com.uy\/en\/paquetes\/camboriu-y-parques-tematicos\/","title":{"rendered":"Cambori\u00fa y Parques Tem\u00e1ticos"},"content":{"rendered":"","protected":false},"excerpt":{"rendered":"<p><b>Cambori\u00fa<\/b> es una enorme bah\u00eda con una vida nocturna que llama a miles de turistas al a\u00f1o, con clubes nocturnos, fiestas en la playa, bares, restaurantes y todo lo que una ciudad puede ofrecerte. Tiene un gran y atractivo parque, El Unipraias, que es el preferido de muchos al visitar este destino.<i>Principales atractivos tur\u00edsticos:<\/i> la Isla das Cabras, el Parque Balneario Santur, la iglesia Matriz Santa In\u00e9s y la iglesia Santo Amaro, entre otros.<\/p>\n","protected":false},"featured_media":12435,"template":"","meta":{"_acf_changed":false,"inline_featured_image":false},"product_brand":[],"product_cat":[28,1579],"product_tag":[88,35,903,2109,899,3943,64,2054,2254,2074,65,91,90,900,3929,667,666,4091,61,89,2541,2542,665,2543,93,92,901,119],"class_list":{"0":"post-12437","1":"product","2":"type-product","3":"status-publish","4":"has-post-thumbnail","6":"product_cat-paquetes","7":"product_cat-uruguay","8":"product_tag-america-del-sur","9":"product_tag-brasil","10":"product_tag-brasil-en-camboriu","11":"product_tag-brasil-en-setiembre","12":"product_tag-camboriu","13":"product_tag-camboriu-y-parques-tematicos","14":"product_tag-desayuno","15":"product_tag-en-brasil","16":"product_tag-en-camboriu","17":"product_tag-en-setiembre","18":"product_tag-no-aplica","19":"product_tag-paquetes-a-america-del-sur","20":"product_tag-paquetes-a-brasil","21":"product_tag-paquetes-a-camboriu","22":"product_tag-parques-tematicos","23":"product_tag-septiembre","24":"product_tag-setiembre","25":"product_tag-setiembre-2026parques-tematicos","26":"product_tag-sin-destino","27":"product_tag-sudamerica","28":"product_tag-vacaciones-de-primavera","29":"product_tag-vacaciones-de-septiembre","30":"product_tag-vacaciones-de-setiembre","31":"product_tag-vacaciones-primavera","32":"product_tag-viajes-a-america-del-sur","33":"product_tag-viajes-a-brasil","34":"product_tag-viajes-a-camboriu","35":"product_tag-vuelo-y-hotel","36":"entry","37":"has-media","39":"first","40":"instock","41":"shipping-taxable","42":"purchasable","43":"product-type-simple"},"acf":[],"yoast_head":"<!-- This site is optimized with the Yoast SEO plugin v27.6 - https:\/\/yoast.com\/product\/yoast-seo-wordpress\/ -->\n<title>Cambori\u00fa y Parques Tem\u00e1ticos - El Kaminante<\/title>\n<meta name=\"robots\" content=\"noindex, follow, max-snippet:-1, max-image-preview:large, max-video-preview:-1\" \/>\n<meta property=\"og:locale\" content=\"en_US\" \/>\n<meta property=\"og:type\" content=\"article\" \/>\n<meta property=\"og:title\" content=\"Cambori\u00fa y Parques Tem\u00e1ticos - El Kaminante\" \/>\n<meta property=\"og:description\" content=\"Cambori\u00fa es una enorme bah\u00eda con una vida nocturna que llama a miles de turistas al a\u00f1o, con clubes nocturnos, fiestas en la playa, bares, restaurantes y todo lo que una ciudad puede ofrecerte. Tiene un gran y atractivo parque, El Unipraias, que es el preferido de muchos al visitar este destino.Principales atractivos tur\u00edsticos: la Isla das Cabras, el Parque Balneario Santur, la iglesia Matriz Santa In\u00e9s y la iglesia Santo Amaro, entre otros.\" \/>\n<meta property=\"og:url\" content=\"https:\/\/staging.elkaminante.com.uy\/paquetes\/camboriu-y-parques-tematicos\/\" \/>\n<meta property=\"og:site_name\" content=\"El Kaminante\" \/>\n<meta property=\"article:modified_time\" content=\"2026-05-15T17:48:56+00:00\" \/>\n<meta name=\"twitter:card\" content=\"summary_large_image\" \/>\n<script type=\"application\/ld+json\" class=\"yoast-schema-graph\">{\"@context\":\"https:\\\/\\\/schema.org\",\"@graph\":[{\"@type\":\"WebPage\",\"@id\":\"https:\\\/\\\/staging.elkaminante.com.uy\\\/paquetes\\\/camboriu-y-parques-tematicos\\\/\",\"url\":\"https:\\\/\\\/staging.elkaminante.com.uy\\\/paquetes\\\/camboriu-y-parques-tematicos\\\/\",\"name\":\"Cambori\u00fa y Parques Tem\u00e1ticos - El Kaminante\",\"isPartOf\":{\"@id\":\"https:\\\/\\\/staging.elkaminante.com.uy\\\/#website\"},\"primaryImageOfPage\":{\"@id\":\"https:\\\/\\\/staging.elkaminante.com.uy\\\/paquetes\\\/camboriu-y-parques-tematicos\\\/#primaryimage\"},\"image\":{\"@id\":\"https:\\\/\\\/staging.elkaminante.com.uy\\\/paquetes\\\/camboriu-y-parques-tematicos\\\/#primaryimage\"},\"thumbnailUrl\":\"https:\\\/\\\/staging.elkaminante.com.uy\\\/wp-content\\\/uploads\\\/2026\\\/01\\\/PAQ655.webp\",\"datePublished\":\"2026-01-19T00:49:33+00:00\",\"dateModified\":\"2026-05-15T17:48:56+00:00\",\"breadcrumb\":{\"@id\":\"https:\\\/\\\/staging.elkaminante.com.uy\\\/paquetes\\\/camboriu-y-parques-tematicos\\\/#breadcrumb\"},\"inLanguage\":\"en-US\",\"potentialAction\":[{\"@type\":\"ReadAction\",\"target\":[\"https:\\\/\\\/staging.elkaminante.com.uy\\\/paquetes\\\/camboriu-y-parques-tematicos\\\/\"]}]},{\"@type\":\"ImageObject\",\"inLanguage\":\"en-US\",\"@id\":\"https:\\\/\\\/staging.elkaminante.com.uy\\\/paquetes\\\/camboriu-y-parques-tematicos\\\/#primaryimage\",\"url\":\"https:\\\/\\\/staging.elkaminante.com.uy\\\/wp-content\\\/uploads\\\/2026\\\/01\\\/PAQ655.webp\",\"contentUrl\":\"https:\\\/\\\/staging.elkaminante.com.uy\\\/wp-content\\\/uploads\\\/2026\\\/01\\\/PAQ655.webp\",\"width\":800,\"height\":457},{\"@type\":\"BreadcrumbList\",\"@id\":\"https:\\\/\\\/staging.elkaminante.com.uy\\\/paquetes\\\/camboriu-y-parques-tematicos\\\/#breadcrumb\",\"itemListElement\":[{\"@type\":\"ListItem\",\"position\":1,\"name\":\"Inicio\",\"item\":\"https:\\\/\\\/staging.elkaminante.com.uy\\\/en\\\/\"},{\"@type\":\"ListItem\",\"position\":2,\"name\":\"Viajes por el mundo\",\"item\":\"https:\\\/\\\/staging.elkaminante.com.uy\\\/en\\\/paquetes\\\/\"},{\"@type\":\"ListItem\",\"position\":3,\"name\":\"Cambori\u00fa y Parques Tem\u00e1ticos\"}]},{\"@type\":\"WebSite\",\"@id\":\"https:\\\/\\\/staging.elkaminante.com.uy\\\/#website\",\"url\":\"https:\\\/\\\/staging.elkaminante.com.uy\\\/\",\"name\":\"El Kaminante\",\"description\":\"Viajes &amp; Turismo\",\"publisher\":{\"@id\":\"https:\\\/\\\/staging.elkaminante.com.uy\\\/#organization\"},\"potentialAction\":[{\"@type\":\"SearchAction\",\"target\":{\"@type\":\"EntryPoint\",\"urlTemplate\":\"https:\\\/\\\/staging.elkaminante.com.uy\\\/?s={search_term_string}\"},\"query-input\":{\"@type\":\"PropertyValueSpecification\",\"valueRequired\":true,\"valueName\":\"search_term_string\"}}],\"inLanguage\":\"en-US\"},{\"@type\":\"Organization\",\"@id\":\"https:\\\/\\\/staging.elkaminante.com.uy\\\/#organization\",\"name\":\"El Kaminante\",\"url\":\"https:\\\/\\\/staging.elkaminante.com.uy\\\/\",\"logo\":{\"@type\":\"ImageObject\",\"inLanguage\":\"en-US\",\"@id\":\"https:\\\/\\\/staging.elkaminante.com.uy\\\/#\\\/schema\\\/logo\\\/image\\\/\",\"url\":\"https:\\\/\\\/staging.elkaminante.com.uy\\\/wp-content\\\/uploads\\\/2025\\\/02\\\/logo-elkaminante-blanco.svg\",\"contentUrl\":\"https:\\\/\\\/staging.elkaminante.com.uy\\\/wp-content\\\/uploads\\\/2025\\\/02\\\/logo-elkaminante-blanco.svg\",\"caption\":\"El Kaminante\"},\"image\":{\"@id\":\"https:\\\/\\\/staging.elkaminante.com.uy\\\/#\\\/schema\\\/logo\\\/image\\\/\"}}]}<\/script>\n<!-- \/ Yoast SEO plugin. -->","yoast_head_json":{"title":"Cambori\u00fa y Parques Tem\u00e1ticos - El Kaminante","robots":{"index":"noindex","follow":"follow","max-snippet":"max-snippet:-1","max-image-preview":"max-image-preview:large","max-video-preview":"max-video-preview:-1"},"og_locale":"en_US","og_type":"article","og_title":"Cambori\u00fa y Parques Tem\u00e1ticos - El Kaminante","og_description":"Cambori\u00fa es una enorme bah\u00eda con una vida nocturna que llama a miles de turistas al a\u00f1o, con clubes nocturnos, fiestas en la playa, bares, restaurantes y todo lo que una ciudad puede ofrecerte. Tiene un gran y atractivo parque, El Unipraias, que es el preferido de muchos al visitar este destino.Principales atractivos tur\u00edsticos: la Isla das Cabras, el Parque Balneario Santur, la iglesia Matriz Santa In\u00e9s y la iglesia Santo Amaro, entre otros.","og_url":"https:\/\/staging.elkaminante.com.uy\/paquetes\/camboriu-y-parques-tematicos\/","og_site_name":"El Kaminante","article_modified_time":"2026-05-15T17:48:56+00:00","twitter_card":"summary_large_image","schema":{"@context":"https:\/\/schema.org","@graph":[{"@type":"WebPage","@id":"https:\/\/staging.elkaminante.com.uy\/paquetes\/camboriu-y-parques-tematicos\/","url":"https:\/\/staging.elkaminante.com.uy\/paquetes\/camboriu-y-parques-tematicos\/","name":"Cambori\u00fa y Parques Tem\u00e1ticos - El Kaminante","isPartOf":{"@id":"https:\/\/staging.elkaminante.com.uy\/#website"},"primaryImageOfPage":{"@id":"https:\/\/staging.elkaminante.com.uy\/paquetes\/camboriu-y-parques-tematicos\/#primaryimage"},"image":{"@id":"https:\/\/staging.elkaminante.com.uy\/paquetes\/camboriu-y-parques-tematicos\/#primaryimage"},"thumbnailUrl":"https:\/\/staging.elkaminante.com.uy\/wp-content\/uploads\/2026\/01\/PAQ655.webp","datePublished":"2026-01-19T00:49:33+00:00","dateModified":"2026-05-15T17:48:56+00:00","breadcrumb":{"@id":"https:\/\/staging.elkaminante.com.uy\/paquetes\/camboriu-y-parques-tematicos\/#breadcrumb"},"inLanguage":"en-US","potentialAction":[{"@type":"ReadAction","target":["https:\/\/staging.elkaminante.com.uy\/paquetes\/camboriu-y-parques-tematicos\/"]}]},{"@type":"ImageObject","inLanguage":"en-US","@id":"https:\/\/staging.elkaminante.com.uy\/paquetes\/camboriu-y-parques-tematicos\/#primaryimage","url":"https:\/\/staging.elkaminante.com.uy\/wp-content\/uploads\/2026\/01\/PAQ655.webp","contentUrl":"https:\/\/staging.elkaminante.com.uy\/wp-content\/uploads\/2026\/01\/PAQ655.webp","width":800,"height":457},{"@type":"BreadcrumbList","@id":"https:\/\/staging.elkaminante.com.uy\/paquetes\/camboriu-y-parques-tematicos\/#breadcrumb","itemListElement":[{"@type":"ListItem","position":1,"name":"Inicio","item":"https:\/\/staging.elkaminante.com.uy\/en\/"},{"@type":"ListItem","position":2,"name":"Viajes por el mundo","item":"https:\/\/staging.elkaminante.com.uy\/en\/paquetes\/"},{"@type":"ListItem","position":3,"name":"Cambori\u00fa y Parques Tem\u00e1ticos"}]},{"@type":"WebSite","@id":"https:\/\/staging.elkaminante.com.uy\/#website","url":"https:\/\/staging.elkaminante.com.uy\/","name":"El Kaminante","description":"Viajes &amp; Turismo","publisher":{"@id":"https:\/\/staging.elkaminante.com.uy\/#organization"},"potentialAction":[{"@type":"SearchAction","target":{"@type":"EntryPoint","urlTemplate":"https:\/\/staging.elkaminante.com.uy\/?s={search_term_string}"},"query-input":{"@type":"PropertyValueSpecification","valueRequired":true,"valueName":"search_term_string"}}],"inLanguage":"en-US"},{"@type":"Organization","@id":"https:\/\/staging.elkaminante.com.uy\/#organization","name":"El Kaminante","url":"https:\/\/staging.elkaminante.com.uy\/","logo":{"@type":"ImageObject","inLanguage":"en-US","@id":"https:\/\/staging.elkaminante.com.uy\/#\/schema\/logo\/image\/","url":"https:\/\/staging.elkaminante.com.uy\/wp-content\/uploads\/2025\/02\/logo-elkaminante-blanco.svg","contentUrl":"https:\/\/staging.elkaminante.com.uy\/wp-content\/uploads\/2025\/02\/logo-elkaminante-blanco.svg","caption":"El Kaminante"},"image":{"@id":"https:\/\/staging.elkaminante.com.uy\/#\/schema\/logo\/image\/"}}]}},"_links":{"self":[{"href":"https:\/\/staging.elkaminante.com.uy\/en\/wp-json\/wp\/v2\/product\/12437","targetHints":{"allow":["GET"]}}],"collection":[{"href":"https:\/\/staging.elkaminante.com.uy\/en\/wp-json\/wp\/v2\/product"}],"about":[{"href":"https:\/\/staging.elkaminante.com.uy\/en\/wp-json\/wp\/v2\/types\/product"}],"wp:featuredmedia":[{"embeddable":true,"href":"https:\/\/staging.elkaminante.com.uy\/en\/wp-json\/wp\/v2\/media\/12435"}],"wp:attachment":[{"href":"https:\/\/staging.elkaminante.com.uy\/en\/wp-json\/wp\/v2\/media?parent=12437"}],"wp:term":[{"taxonomy":"product_brand","embeddable":true,"href":"https:\/\/staging.elkaminante.com.uy\/en\/wp-json\/wp\/v2\/product_brand?post=12437"},{"taxonomy":"product_cat","embeddable":true,"href":"https:\/\/staging.elkaminante.com.uy\/en\/wp-json\/wp\/v2\/product_cat?post=12437"},{"taxonomy":"product_tag","embeddable":true,"href":"https:\/\/staging.elkaminante.com.uy\/en\/wp-json\/wp\/v2\/product_tag?post=12437"}],"curies":[{"name":"wp","href":"https:\/\/api.w.org\/{rel}","templated":true}]}}