{"id":12111,"date":"2025-09-05T19:58:11","date_gmt":"2025-09-05T22:58:11","guid":{"rendered":"https:\/\/elkaminante.com.uy\/paquetes\/porto-galinhas-y-maragogi\/"},"modified":"2026-05-15T14:48:52","modified_gmt":"2026-05-15T17:48:52","slug":"porto-galinhas-y-maragogi","status":"publish","type":"product","link":"https:\/\/staging.elkaminante.com.uy\/en\/paquetes\/porto-galinhas-y-maragogi\/","title":{"rendered":"Porto Galinhas y Maragogi"},"content":{"rendered":"","protected":false},"excerpt":{"rendered":"<p><b>Maragogi<\/b> es la segunda ciudad tur\u00edstica m\u00e1s importante del estado de Alagoas. Maragogi est\u00e1 situada en la parte noreste de Brasil, con lo que gracias a su proximidad al ecuador cuenta con un excelente clima que ronda los 25\u00ba grados de media anuales. Para muchos esta ciudad es considerada un para\u00edso; ya que posee la m\u00e1s importante barrera de coral de todo Brasil e incre\u00edbles playas de arena fina, piscinas naturales y aguas transparentes. Adem\u00e1s los habitantes de Maragogi a diferencia de lo que se pueda creer, sienten un gran respeto hacia los turistas, trat\u00e1ndolos con calidez y generosidad. En el centro de la ciudad hay multitud de tiendas artesanales e innumerables locales donde poder probar la deliciosa gastronom\u00eda local en terrazas, ni m\u00e1s ni menos situadas encima de la playa.<\/p>\n<p><b>Porto de Galinhas<\/b> lo encontramos en Ipojuca, concretamente en el estado de Pernambuco, Brasil. Este polo tur\u00edstico es uno de los mejores de todo Brasil, gracias a sus piscinas naturales de agua clara y tipa que se forman entre corales, estuarios, pantanos y plantaciones de coco. Pero en esta ciudad no tan solo puedes visitar las playas, si no, que tambi\u00e9n podr\u00e1s bucear o dar paseos n\u00e1uticos. Para estos paseos tienes varias opciones como el paseo de jangadas que te lleva hasta las piscinas naturales y visitas la fauna marina. O el paseo a los pantanos donde conocer\u00e1s el habita de los caballitos de mar. Y por ultimo tienes la opci\u00f3n de dar un paseo en barco por el que recorrer\u00e1s las playas de la regi\u00f3n. Si al margen de todo esto, lo que quieres son deportes extremos, en Porto de Galinhas tambi\u00e9n lo encontraras. Podr\u00e1s realizar surf en la playa de Maracaipe con olas de hasta dos metros de altura.<\/p>\n","protected":false},"featured_media":12109,"template":"","meta":{"_acf_changed":false,"inline_featured_image":false},"product_brand":[],"product_cat":[28,1579],"product_tag":[562,3981,96,88,35,1617,527,64,568,2054,2161,523,65,91,90,524,195,191,194,3728,61,89,3282,93,92,525,196,119],"class_list":{"0":"post-12111","1":"product","2":"type-product","3":"status-publish","4":"has-post-thumbnail","6":"product_cat-paquetes","7":"product_cat-uruguay","8":"product_tag-agosto","9":"product_tag-agosto-2026alarma-precios-bajos","10":"product_tag-alarma-precios-bajos","11":"product_tag-america-del-sur","12":"product_tag-brasil","13":"product_tag-brasil-en-agosto","14":"product_tag-brasil-en-maragogi","15":"product_tag-desayuno","16":"product_tag-en-agosto","17":"product_tag-en-brasil","18":"product_tag-en-maragogi","19":"product_tag-maragogi","20":"product_tag-no-aplica","21":"product_tag-paquetes-a-america-del-sur","22":"product_tag-paquetes-a-brasil","23":"product_tag-paquetes-a-maragogi","24":"product_tag-paquetes-a-porto-de-galinhas","25":"product_tag-porto-de-galinhas","26":"product_tag-porto-galinhas","27":"product_tag-porto-galinhas-y-maragogi","28":"product_tag-sin-destino","29":"product_tag-sudamerica","30":"product_tag-temporada-baja","31":"product_tag-viajes-a-america-del-sur","32":"product_tag-viajes-a-brasil","33":"product_tag-viajes-a-maragogi","34":"product_tag-viajes-a-porto-de-galinhas","35":"product_tag-vuelo-y-hotel","36":"entry","37":"has-media","39":"first","40":"instock","41":"shipping-taxable","42":"purchasable","43":"product-type-simple"},"acf":[],"yoast_head":"<!-- This site is optimized with the Yoast SEO plugin v27.6 - https:\/\/yoast.com\/product\/yoast-seo-wordpress\/ -->\n<title>Porto Galinhas y Maragogi - El Kaminante<\/title>\n<meta name=\"robots\" content=\"noindex, follow, max-snippet:-1, max-image-preview:large, max-video-preview:-1\" \/>\n<meta property=\"og:locale\" content=\"en_US\" \/>\n<meta property=\"og:type\" content=\"article\" \/>\n<meta property=\"og:title\" content=\"Porto Galinhas y Maragogi - El Kaminante\" \/>\n<meta property=\"og:description\" content=\"Maragogi es la segunda ciudad tur\u00edstica m\u00e1s importante del estado de Alagoas. Maragogi est\u00e1 situada en la parte noreste de Brasil, con lo que gracias a su proximidad al ecuador cuenta con un excelente clima que ronda los 25\u00ba grados de media anuales. Para muchos esta ciudad es considerada un para\u00edso; ya que posee la m\u00e1s importante barrera de coral de todo Brasil e incre\u00edbles playas de arena fina, piscinas naturales y aguas transparentes. Adem\u00e1s los habitantes de Maragogi a diferencia de lo que se pueda creer, sienten un gran respeto hacia los turistas, trat\u00e1ndolos con calidez y generosidad. En el centro de la ciudad hay multitud de tiendas artesanales e innumerables locales donde poder probar la deliciosa gastronom\u00eda local en terrazas, ni m\u00e1s ni menos situadas encima de la playa.Porto de Galinhas lo encontramos en Ipojuca, concretamente en el estado de Pernambuco, Brasil. Este polo tur\u00edstico es uno de los mejores de todo Brasil, gracias a sus piscinas naturales de agua clara y tipa que se forman entre corales, estuarios, pantanos y plantaciones de coco. Pero en esta ciudad no tan solo puedes visitar las playas, si no, que tambi\u00e9n podr\u00e1s bucear o dar paseos n\u00e1uticos. Para estos paseos tienes varias opciones como el paseo de jangadas que te lleva hasta las piscinas naturales y visitas la fauna marina. O el paseo a los pantanos donde conocer\u00e1s el habita de los caballitos de mar. Y por ultimo tienes la opci\u00f3n de dar un paseo en barco por el que recorrer\u00e1s las playas de la regi\u00f3n. Si al margen de todo esto, lo que quieres son deportes extremos, en Porto de Galinhas tambi\u00e9n lo encontraras. Podr\u00e1s realizar surf en la playa de Maracaipe con olas de hasta dos metros de altura.\" \/>\n<meta property=\"og:url\" content=\"https:\/\/staging.elkaminante.com.uy\/paquetes\/porto-galinhas-y-maragogi\/\" \/>\n<meta property=\"og:site_name\" content=\"El Kaminante\" \/>\n<meta property=\"article:modified_time\" content=\"2026-05-15T17:48:52+00:00\" \/>\n<meta name=\"twitter:card\" content=\"summary_large_image\" \/>\n<script type=\"application\/ld+json\" class=\"yoast-schema-graph\">{\"@context\":\"https:\\\/\\\/schema.org\",\"@graph\":[{\"@type\":\"WebPage\",\"@id\":\"https:\\\/\\\/staging.elkaminante.com.uy\\\/paquetes\\\/porto-galinhas-y-maragogi\\\/\",\"url\":\"https:\\\/\\\/staging.elkaminante.com.uy\\\/paquetes\\\/porto-galinhas-y-maragogi\\\/\",\"name\":\"Porto Galinhas y Maragogi - El Kaminante\",\"isPartOf\":{\"@id\":\"https:\\\/\\\/staging.elkaminante.com.uy\\\/#website\"},\"primaryImageOfPage\":{\"@id\":\"https:\\\/\\\/staging.elkaminante.com.uy\\\/paquetes\\\/porto-galinhas-y-maragogi\\\/#primaryimage\"},\"image\":{\"@id\":\"https:\\\/\\\/staging.elkaminante.com.uy\\\/paquetes\\\/porto-galinhas-y-maragogi\\\/#primaryimage\"},\"thumbnailUrl\":\"https:\\\/\\\/staging.elkaminante.com.uy\\\/wp-content\\\/uploads\\\/2025\\\/09\\\/PAQ631.webp\",\"datePublished\":\"2025-09-05T22:58:11+00:00\",\"dateModified\":\"2026-05-15T17:48:52+00:00\",\"breadcrumb\":{\"@id\":\"https:\\\/\\\/staging.elkaminante.com.uy\\\/paquetes\\\/porto-galinhas-y-maragogi\\\/#breadcrumb\"},\"inLanguage\":\"en-US\",\"potentialAction\":[{\"@type\":\"ReadAction\",\"target\":[\"https:\\\/\\\/staging.elkaminante.com.uy\\\/paquetes\\\/porto-galinhas-y-maragogi\\\/\"]}]},{\"@type\":\"ImageObject\",\"inLanguage\":\"en-US\",\"@id\":\"https:\\\/\\\/staging.elkaminante.com.uy\\\/paquetes\\\/porto-galinhas-y-maragogi\\\/#primaryimage\",\"url\":\"https:\\\/\\\/staging.elkaminante.com.uy\\\/wp-content\\\/uploads\\\/2025\\\/09\\\/PAQ631.webp\",\"contentUrl\":\"https:\\\/\\\/staging.elkaminante.com.uy\\\/wp-content\\\/uploads\\\/2025\\\/09\\\/PAQ631.webp\",\"width\":800,\"height\":457},{\"@type\":\"BreadcrumbList\",\"@id\":\"https:\\\/\\\/staging.elkaminante.com.uy\\\/paquetes\\\/porto-galinhas-y-maragogi\\\/#breadcrumb\",\"itemListElement\":[{\"@type\":\"ListItem\",\"position\":1,\"name\":\"Inicio\",\"item\":\"https:\\\/\\\/staging.elkaminante.com.uy\\\/en\\\/\"},{\"@type\":\"ListItem\",\"position\":2,\"name\":\"Viajes por el mundo\",\"item\":\"https:\\\/\\\/staging.elkaminante.com.uy\\\/en\\\/paquetes\\\/\"},{\"@type\":\"ListItem\",\"position\":3,\"name\":\"Porto Galinhas y Maragogi\"}]},{\"@type\":\"WebSite\",\"@id\":\"https:\\\/\\\/staging.elkaminante.com.uy\\\/#website\",\"url\":\"https:\\\/\\\/staging.elkaminante.com.uy\\\/\",\"name\":\"El Kaminante\",\"description\":\"Viajes &amp; Turismo\",\"publisher\":{\"@id\":\"https:\\\/\\\/staging.elkaminante.com.uy\\\/#organization\"},\"potentialAction\":[{\"@type\":\"SearchAction\",\"target\":{\"@type\":\"EntryPoint\",\"urlTemplate\":\"https:\\\/\\\/staging.elkaminante.com.uy\\\/?s={search_term_string}\"},\"query-input\":{\"@type\":\"PropertyValueSpecification\",\"valueRequired\":true,\"valueName\":\"search_term_string\"}}],\"inLanguage\":\"en-US\"},{\"@type\":\"Organization\",\"@id\":\"https:\\\/\\\/staging.elkaminante.com.uy\\\/#organization\",\"name\":\"El Kaminante\",\"url\":\"https:\\\/\\\/staging.elkaminante.com.uy\\\/\",\"logo\":{\"@type\":\"ImageObject\",\"inLanguage\":\"en-US\",\"@id\":\"https:\\\/\\\/staging.elkaminante.com.uy\\\/#\\\/schema\\\/logo\\\/image\\\/\",\"url\":\"https:\\\/\\\/staging.elkaminante.com.uy\\\/wp-content\\\/uploads\\\/2025\\\/02\\\/logo-elkaminante-blanco.svg\",\"contentUrl\":\"https:\\\/\\\/staging.elkaminante.com.uy\\\/wp-content\\\/uploads\\\/2025\\\/02\\\/logo-elkaminante-blanco.svg\",\"caption\":\"El Kaminante\"},\"image\":{\"@id\":\"https:\\\/\\\/staging.elkaminante.com.uy\\\/#\\\/schema\\\/logo\\\/image\\\/\"}}]}<\/script>\n<!-- \/ Yoast SEO plugin. -->","yoast_head_json":{"title":"Porto Galinhas y Maragogi - El Kaminante","robots":{"index":"noindex","follow":"follow","max-snippet":"max-snippet:-1","max-image-preview":"max-image-preview:large","max-video-preview":"max-video-preview:-1"},"og_locale":"en_US","og_type":"article","og_title":"Porto Galinhas y Maragogi - El Kaminante","og_description":"Maragogi es la segunda ciudad tur\u00edstica m\u00e1s importante del estado de Alagoas. Maragogi est\u00e1 situada en la parte noreste de Brasil, con lo que gracias a su proximidad al ecuador cuenta con un excelente clima que ronda los 25\u00ba grados de media anuales. Para muchos esta ciudad es considerada un para\u00edso; ya que posee la m\u00e1s importante barrera de coral de todo Brasil e incre\u00edbles playas de arena fina, piscinas naturales y aguas transparentes. Adem\u00e1s los habitantes de Maragogi a diferencia de lo que se pueda creer, sienten un gran respeto hacia los turistas, trat\u00e1ndolos con calidez y generosidad. En el centro de la ciudad hay multitud de tiendas artesanales e innumerables locales donde poder probar la deliciosa gastronom\u00eda local en terrazas, ni m\u00e1s ni menos situadas encima de la playa.Porto de Galinhas lo encontramos en Ipojuca, concretamente en el estado de Pernambuco, Brasil. Este polo tur\u00edstico es uno de los mejores de todo Brasil, gracias a sus piscinas naturales de agua clara y tipa que se forman entre corales, estuarios, pantanos y plantaciones de coco. Pero en esta ciudad no tan solo puedes visitar las playas, si no, que tambi\u00e9n podr\u00e1s bucear o dar paseos n\u00e1uticos. Para estos paseos tienes varias opciones como el paseo de jangadas que te lleva hasta las piscinas naturales y visitas la fauna marina. O el paseo a los pantanos donde conocer\u00e1s el habita de los caballitos de mar. Y por ultimo tienes la opci\u00f3n de dar un paseo en barco por el que recorrer\u00e1s las playas de la regi\u00f3n. Si al margen de todo esto, lo que quieres son deportes extremos, en Porto de Galinhas tambi\u00e9n lo encontraras. Podr\u00e1s realizar surf en la playa de Maracaipe con olas de hasta dos metros de altura.","og_url":"https:\/\/staging.elkaminante.com.uy\/paquetes\/porto-galinhas-y-maragogi\/","og_site_name":"El Kaminante","article_modified_time":"2026-05-15T17:48:52+00:00","twitter_card":"summary_large_image","schema":{"@context":"https:\/\/schema.org","@graph":[{"@type":"WebPage","@id":"https:\/\/staging.elkaminante.com.uy\/paquetes\/porto-galinhas-y-maragogi\/","url":"https:\/\/staging.elkaminante.com.uy\/paquetes\/porto-galinhas-y-maragogi\/","name":"Porto Galinhas y Maragogi - El Kaminante","isPartOf":{"@id":"https:\/\/staging.elkaminante.com.uy\/#website"},"primaryImageOfPage":{"@id":"https:\/\/staging.elkaminante.com.uy\/paquetes\/porto-galinhas-y-maragogi\/#primaryimage"},"image":{"@id":"https:\/\/staging.elkaminante.com.uy\/paquetes\/porto-galinhas-y-maragogi\/#primaryimage"},"thumbnailUrl":"https:\/\/staging.elkaminante.com.uy\/wp-content\/uploads\/2025\/09\/PAQ631.webp","datePublished":"2025-09-05T22:58:11+00:00","dateModified":"2026-05-15T17:48:52+00:00","breadcrumb":{"@id":"https:\/\/staging.elkaminante.com.uy\/paquetes\/porto-galinhas-y-maragogi\/#breadcrumb"},"inLanguage":"en-US","potentialAction":[{"@type":"ReadAction","target":["https:\/\/staging.elkaminante.com.uy\/paquetes\/porto-galinhas-y-maragogi\/"]}]},{"@type":"ImageObject","inLanguage":"en-US","@id":"https:\/\/staging.elkaminante.com.uy\/paquetes\/porto-galinhas-y-maragogi\/#primaryimage","url":"https:\/\/staging.elkaminante.com.uy\/wp-content\/uploads\/2025\/09\/PAQ631.webp","contentUrl":"https:\/\/staging.elkaminante.com.uy\/wp-content\/uploads\/2025\/09\/PAQ631.webp","width":800,"height":457},{"@type":"BreadcrumbList","@id":"https:\/\/staging.elkaminante.com.uy\/paquetes\/porto-galinhas-y-maragogi\/#breadcrumb","itemListElement":[{"@type":"ListItem","position":1,"name":"Inicio","item":"https:\/\/staging.elkaminante.com.uy\/en\/"},{"@type":"ListItem","position":2,"name":"Viajes por el mundo","item":"https:\/\/staging.elkaminante.com.uy\/en\/paquetes\/"},{"@type":"ListItem","position":3,"name":"Porto Galinhas y Maragogi"}]},{"@type":"WebSite","@id":"https:\/\/staging.elkaminante.com.uy\/#website","url":"https:\/\/staging.elkaminante.com.uy\/","name":"El Kaminante","description":"Viajes &amp; Turismo","publisher":{"@id":"https:\/\/staging.elkaminante.com.uy\/#organization"},"potentialAction":[{"@type":"SearchAction","target":{"@type":"EntryPoint","urlTemplate":"https:\/\/staging.elkaminante.com.uy\/?s={search_term_string}"},"query-input":{"@type":"PropertyValueSpecification","valueRequired":true,"valueName":"search_term_string"}}],"inLanguage":"en-US"},{"@type":"Organization","@id":"https:\/\/staging.elkaminante.com.uy\/#organization","name":"El Kaminante","url":"https:\/\/staging.elkaminante.com.uy\/","logo":{"@type":"ImageObject","inLanguage":"en-US","@id":"https:\/\/staging.elkaminante.com.uy\/#\/schema\/logo\/image\/","url":"https:\/\/staging.elkaminante.com.uy\/wp-content\/uploads\/2025\/02\/logo-elkaminante-blanco.svg","contentUrl":"https:\/\/staging.elkaminante.com.uy\/wp-content\/uploads\/2025\/02\/logo-elkaminante-blanco.svg","caption":"El Kaminante"},"image":{"@id":"https:\/\/staging.elkaminante.com.uy\/#\/schema\/logo\/image\/"}}]}},"_links":{"self":[{"href":"https:\/\/staging.elkaminante.com.uy\/en\/wp-json\/wp\/v2\/product\/12111","targetHints":{"allow":["GET"]}}],"collection":[{"href":"https:\/\/staging.elkaminante.com.uy\/en\/wp-json\/wp\/v2\/product"}],"about":[{"href":"https:\/\/staging.elkaminante.com.uy\/en\/wp-json\/wp\/v2\/types\/product"}],"wp:featuredmedia":[{"embeddable":true,"href":"https:\/\/staging.elkaminante.com.uy\/en\/wp-json\/wp\/v2\/media\/12109"}],"wp:attachment":[{"href":"https:\/\/staging.elkaminante.com.uy\/en\/wp-json\/wp\/v2\/media?parent=12111"}],"wp:term":[{"taxonomy":"product_brand","embeddable":true,"href":"https:\/\/staging.elkaminante.com.uy\/en\/wp-json\/wp\/v2\/product_brand?post=12111"},{"taxonomy":"product_cat","embeddable":true,"href":"https:\/\/staging.elkaminante.com.uy\/en\/wp-json\/wp\/v2\/product_cat?post=12111"},{"taxonomy":"product_tag","embeddable":true,"href":"https:\/\/staging.elkaminante.com.uy\/en\/wp-json\/wp\/v2\/product_tag?post=12111"}],"curies":[{"name":"wp","href":"https:\/\/api.w.org\/{rel}","templated":true}]}}