{"id":12097,"date":"2025-08-22T10:44:49","date_gmt":"2025-08-22T13:44:49","guid":{"rendered":"https:\/\/elkaminante.com.uy\/paquetes\/croacia-y-eslovenia\/"},"modified":"2026-05-15T14:48:52","modified_gmt":"2026-05-15T17:48:52","slug":"croacia-y-eslovenia","status":"publish","type":"product","link":"https:\/\/staging.elkaminante.com.uy\/en\/paquetes\/croacia-y-eslovenia\/","title":{"rendered":"Croacia y Eslovenia"},"content":{"rendered":"","protected":false},"excerpt":{"rendered":"<p>Conocer <b>Europa<\/b> con circuitos dise\u00f1ados para que recorras los mejores destinos, con todo organizado y sin preocupaciones. Adem\u00e1s, para que disfrutes de un mayor conocimiento hist\u00f3rico y cultural de cada destino, con visitas de cada ciudad con expertos gu\u00edas locales, que con sus detalladas explicaciones les har\u00e1n conocer de una forma m\u00e1s amplia y completa la ciudad y sus principales atractivos tur\u00edsticos.<i>Principales caracter\u00edsticas de los circuitos:<\/i> autobuses de \u00faltima generaci\u00f3n, con butacas reclinables, conexi\u00f3n wifi y ventanas panor\u00e1micas; equipaje de 20 kgs. permitido, gu\u00edas acompa\u00f1antes experimentados, visitas opcionales en cada destino, visitas panor\u00e1micas y seguro b\u00e1sico de asistencia durante el recorrido del circuito.<\/p>\n<p><b>Croacia<\/b>, historia, playas, islas, paisajes naturales, arte y todo a orillas del mar Adri\u00e1tico. Adem\u00e1s de paisajes naturales que le sorprender\u00e1n, las ciudades de Croacia le llevar\u00e1n a viajar a otro tiempo, e incluso, a la ficci\u00f3n. Conocer\u00a0Dubrovnik, ciudad que parece detenida en el tiempo, su monasterio, su catedral y sus palacios.\u00a0<i>Principales atractivos tur\u00edsticos:<\/i> Split, Trogir, Opatija, Pula, Zada, Zagreb, y Plitvice, que forma parte de la red de Parques Naturales del pa\u00eds, con m\u00e1s de 4.000 a\u00f1os de antig\u00fcedad, este espacio cuenta con cascadas de cuento de hadas y lindos lagos en los que poder disfrutar de un rato de relax.<\/p>\n<p>Eslovenia es un rinc\u00f3n de Europa donde la naturaleza virgen y la historia milenaria se entrelazan en perfecta armon\u00eda. Sus paisajes var\u00edan desde lagos cristalinos y monta\u00f1as cubiertas de bosques hasta pueblos encantadores que parecen sacados de un cuento. La peque\u00f1a pero extraordinaria Eslovenia invita a quienes buscan una aventura aut\u00e9ntica, llena de descubrimientos y belleza en cada esquina.<\/p>\n<p>Ljubljana, su capital, deslumbra con su casco antiguo compacto y lleno de vida, donde caf\u00e9s acogedores y calles empedradas crean un ambiente bohemio y relajado. La ciudad combina a la perfecci\u00f3n su historia con una vibrante escena art\u00edstica y cultural que late en cada rinc\u00f3n. A solo minutos de all\u00ed, el Lago de Bled, con su isla y su castillo medieval, ofrece una postal perfecta y momentos m\u00e1gicos de paz y contemplaci\u00f3n.<\/p>\n<p>Pero Eslovenia no solo cautiva por su urbanismo, sino tambi\u00e9n por su naturaleza ind\u00f3mita. Las cadenas monta\u00f1osas de los Alpes julianos invitan a practicar senderismo, esqu\u00ed y aventuras al aire libre. Los parques nacionales y las cascadas, como los de Velika Paklenica, revelan un mundo de belleza salvaje y serenidad. En este peque\u00f1o gigante, la naturaleza y el patrimonio cultural se unen para crear un destino inolvidable.<\/p>\n<p>Vivir en Eslovenia es conectar con un esp\u00edritu aventurero y una rica herencia. Es un lugar donde cada paisaje invita a explorar, y cada encuentro revela la calidez y hospitalidad de su gente. Un destino que cautiva pasiones, despierta emociones y deja una huella duradera en el coraz\u00f3n de quienes lo visitan.<\/p>\n","protected":false},"featured_media":12095,"template":"","meta":{"_acf_changed":false,"inline_featured_image":false},"product_brand":[],"product_cat":[28,1579],"product_tag":[3184,155,1037,3240,3103,2067,2068,1687,1960,124,160,132,1680,3239,3186,424,65,122,3933,3182,1038,3181,3183,3162,3180,1039,63,3161],"class_list":{"0":"post-12097","1":"product","2":"type-product","3":"status-publish","4":"has-post-thumbnail","6":"product_cat-paquetes","7":"product_cat-uruguay","8":"product_tag-bled","9":"product_tag-circuito-europa-solo-descripcion","10":"product_tag-croacia","11":"product_tag-croacia-y-eslovenia","12":"product_tag-dubrovnik","13":"product_tag-en-circuito-europa-solo-descripcion","14":"product_tag-en-europa","15":"product_tag-en-noviembre","16":"product_tag-eslovenia","17":"product_tag-europa","18":"product_tag-europa-en-circuito-europa-solo-descripcion","19":"product_tag-europa-en-noviembre","20":"product_tag-europamundo","21":"product_tag-liubliana","22":"product_tag-maribor","23":"product_tag-media-pension","24":"product_tag-no-aplica","25":"product_tag-noviembre","26":"product_tag-noviembre-2026","27":"product_tag-opatija","28":"product_tag-paquetes-a-croacia","29":"product_tag-plitvice","30":"product_tag-postjona","31":"product_tag-split","32":"product_tag-ston","33":"product_tag-viajes-a-croacia","34":"product_tag-vuelo-y-circuito","35":"product_tag-zagreb","36":"entry","37":"has-media","39":"first","40":"instock","41":"shipping-taxable","42":"purchasable","43":"product-type-simple"},"acf":[],"yoast_head":"<!-- This site is optimized with the Yoast SEO plugin v27.6 - https:\/\/yoast.com\/product\/yoast-seo-wordpress\/ -->\n<title>Croacia y Eslovenia - El Kaminante<\/title>\n<meta name=\"robots\" content=\"noindex, follow, max-snippet:-1, max-image-preview:large, max-video-preview:-1\" \/>\n<meta property=\"og:locale\" content=\"en_US\" \/>\n<meta property=\"og:type\" content=\"article\" \/>\n<meta property=\"og:title\" content=\"Croacia y Eslovenia - El Kaminante\" \/>\n<meta property=\"og:description\" content=\"Conocer Europa con circuitos dise\u00f1ados para que recorras los mejores destinos, con todo organizado y sin preocupaciones. Adem\u00e1s, para que disfrutes de un mayor conocimiento hist\u00f3rico y cultural de cada destino, con visitas de cada ciudad con expertos gu\u00edas locales, que con sus detalladas explicaciones les har\u00e1n conocer de una forma m\u00e1s amplia y completa la ciudad y sus principales atractivos tur\u00edsticos.Principales caracter\u00edsticas de los circuitos: autobuses de \u00faltima generaci\u00f3n, con butacas reclinables, conexi\u00f3n wifi y ventanas panor\u00e1micas; equipaje de 20 kgs. permitido, gu\u00edas acompa\u00f1antes experimentados, visitas opcionales en cada destino, visitas panor\u00e1micas y seguro b\u00e1sico de asistencia durante el recorrido del circuito.Croacia, historia, playas, islas, paisajes naturales, arte y todo a orillas del mar Adri\u00e1tico. Adem\u00e1s de paisajes naturales que le sorprender\u00e1n, las ciudades de Croacia le llevar\u00e1n a viajar a otro tiempo, e incluso, a la ficci\u00f3n. Conocer\u00a0Dubrovnik, ciudad que parece detenida en el tiempo, su monasterio, su catedral y sus palacios.\u00a0Principales atractivos tur\u00edsticos: Split, Trogir, Opatija, Pula, Zada, Zagreb, y Plitvice, que forma parte de la red de Parques Naturales del pa\u00eds, con m\u00e1s de 4.000 a\u00f1os de antig\u00fcedad, este espacio cuenta con cascadas de cuento de hadas y lindos lagos en los que poder disfrutar de un rato de relax.Eslovenia es un rinc\u00f3n de Europa donde la naturaleza virgen y la historia milenaria se entrelazan en perfecta armon\u00eda. Sus paisajes var\u00edan desde lagos cristalinos y monta\u00f1as cubiertas de bosques hasta pueblos encantadores que parecen sacados de un cuento. La peque\u00f1a pero extraordinaria Eslovenia invita a quienes buscan una aventura aut\u00e9ntica, llena de descubrimientos y belleza en cada esquina.  Ljubljana, su capital, deslumbra con su casco antiguo compacto y lleno de vida, donde caf\u00e9s acogedores y calles empedradas crean un ambiente bohemio y relajado. La ciudad combina a la perfecci\u00f3n su historia con una vibrante escena art\u00edstica y cultural que late en cada rinc\u00f3n. A solo minutos de all\u00ed, el Lago de Bled, con su isla y su castillo medieval, ofrece una postal perfecta y momentos m\u00e1gicos de paz y contemplaci\u00f3n.  Pero Eslovenia no solo cautiva por su urbanismo, sino tambi\u00e9n por su naturaleza ind\u00f3mita. Las cadenas monta\u00f1osas de los Alpes julianos invitan a practicar senderismo, esqu\u00ed y aventuras al aire libre. Los parques nacionales y las cascadas, como los de Velika Paklenica, revelan un mundo de belleza salvaje y serenidad. En este peque\u00f1o gigante, la naturaleza y el patrimonio cultural se unen para crear un destino inolvidable.  Vivir en Eslovenia es conectar con un esp\u00edritu aventurero y una rica herencia. Es un lugar donde cada paisaje invita a explorar, y cada encuentro revela la calidez y hospitalidad de su gente. Un destino que cautiva pasiones, despierta emociones y deja una huella duradera en el coraz\u00f3n de quienes lo visitan.\" \/>\n<meta property=\"og:url\" content=\"https:\/\/staging.elkaminante.com.uy\/paquetes\/croacia-y-eslovenia\/\" \/>\n<meta property=\"og:site_name\" content=\"El Kaminante\" \/>\n<meta property=\"article:modified_time\" content=\"2026-05-15T17:48:52+00:00\" \/>\n<meta name=\"twitter:card\" content=\"summary_large_image\" \/>\n<script type=\"application\/ld+json\" class=\"yoast-schema-graph\">{\"@context\":\"https:\\\/\\\/schema.org\",\"@graph\":[{\"@type\":\"WebPage\",\"@id\":\"https:\\\/\\\/staging.elkaminante.com.uy\\\/paquetes\\\/croacia-y-eslovenia\\\/\",\"url\":\"https:\\\/\\\/staging.elkaminante.com.uy\\\/paquetes\\\/croacia-y-eslovenia\\\/\",\"name\":\"Croacia y Eslovenia - El Kaminante\",\"isPartOf\":{\"@id\":\"https:\\\/\\\/staging.elkaminante.com.uy\\\/#website\"},\"primaryImageOfPage\":{\"@id\":\"https:\\\/\\\/staging.elkaminante.com.uy\\\/paquetes\\\/croacia-y-eslovenia\\\/#primaryimage\"},\"image\":{\"@id\":\"https:\\\/\\\/staging.elkaminante.com.uy\\\/paquetes\\\/croacia-y-eslovenia\\\/#primaryimage\"},\"thumbnailUrl\":\"https:\\\/\\\/staging.elkaminante.com.uy\\\/wp-content\\\/uploads\\\/2025\\\/08\\\/PAQ630.webp\",\"datePublished\":\"2025-08-22T13:44:49+00:00\",\"dateModified\":\"2026-05-15T17:48:52+00:00\",\"breadcrumb\":{\"@id\":\"https:\\\/\\\/staging.elkaminante.com.uy\\\/paquetes\\\/croacia-y-eslovenia\\\/#breadcrumb\"},\"inLanguage\":\"en-US\",\"potentialAction\":[{\"@type\":\"ReadAction\",\"target\":[\"https:\\\/\\\/staging.elkaminante.com.uy\\\/paquetes\\\/croacia-y-eslovenia\\\/\"]}]},{\"@type\":\"ImageObject\",\"inLanguage\":\"en-US\",\"@id\":\"https:\\\/\\\/staging.elkaminante.com.uy\\\/paquetes\\\/croacia-y-eslovenia\\\/#primaryimage\",\"url\":\"https:\\\/\\\/staging.elkaminante.com.uy\\\/wp-content\\\/uploads\\\/2025\\\/08\\\/PAQ630.webp\",\"contentUrl\":\"https:\\\/\\\/staging.elkaminante.com.uy\\\/wp-content\\\/uploads\\\/2025\\\/08\\\/PAQ630.webp\",\"width\":800,\"height\":457},{\"@type\":\"BreadcrumbList\",\"@id\":\"https:\\\/\\\/staging.elkaminante.com.uy\\\/paquetes\\\/croacia-y-eslovenia\\\/#breadcrumb\",\"itemListElement\":[{\"@type\":\"ListItem\",\"position\":1,\"name\":\"Inicio\",\"item\":\"https:\\\/\\\/staging.elkaminante.com.uy\\\/en\\\/\"},{\"@type\":\"ListItem\",\"position\":2,\"name\":\"Viajes por el mundo\",\"item\":\"https:\\\/\\\/staging.elkaminante.com.uy\\\/en\\\/paquetes\\\/\"},{\"@type\":\"ListItem\",\"position\":3,\"name\":\"Croacia y Eslovenia\"}]},{\"@type\":\"WebSite\",\"@id\":\"https:\\\/\\\/staging.elkaminante.com.uy\\\/#website\",\"url\":\"https:\\\/\\\/staging.elkaminante.com.uy\\\/\",\"name\":\"El Kaminante\",\"description\":\"Viajes &amp; Turismo\",\"publisher\":{\"@id\":\"https:\\\/\\\/staging.elkaminante.com.uy\\\/#organization\"},\"potentialAction\":[{\"@type\":\"SearchAction\",\"target\":{\"@type\":\"EntryPoint\",\"urlTemplate\":\"https:\\\/\\\/staging.elkaminante.com.uy\\\/?s={search_term_string}\"},\"query-input\":{\"@type\":\"PropertyValueSpecification\",\"valueRequired\":true,\"valueName\":\"search_term_string\"}}],\"inLanguage\":\"en-US\"},{\"@type\":\"Organization\",\"@id\":\"https:\\\/\\\/staging.elkaminante.com.uy\\\/#organization\",\"name\":\"El Kaminante\",\"url\":\"https:\\\/\\\/staging.elkaminante.com.uy\\\/\",\"logo\":{\"@type\":\"ImageObject\",\"inLanguage\":\"en-US\",\"@id\":\"https:\\\/\\\/staging.elkaminante.com.uy\\\/#\\\/schema\\\/logo\\\/image\\\/\",\"url\":\"https:\\\/\\\/staging.elkaminante.com.uy\\\/wp-content\\\/uploads\\\/2025\\\/02\\\/logo-elkaminante-blanco.svg\",\"contentUrl\":\"https:\\\/\\\/staging.elkaminante.com.uy\\\/wp-content\\\/uploads\\\/2025\\\/02\\\/logo-elkaminante-blanco.svg\",\"caption\":\"El Kaminante\"},\"image\":{\"@id\":\"https:\\\/\\\/staging.elkaminante.com.uy\\\/#\\\/schema\\\/logo\\\/image\\\/\"}}]}<\/script>\n<!-- \/ Yoast SEO plugin. -->","yoast_head_json":{"title":"Croacia y Eslovenia - El Kaminante","robots":{"index":"noindex","follow":"follow","max-snippet":"max-snippet:-1","max-image-preview":"max-image-preview:large","max-video-preview":"max-video-preview:-1"},"og_locale":"en_US","og_type":"article","og_title":"Croacia y Eslovenia - El Kaminante","og_description":"Conocer Europa con circuitos dise\u00f1ados para que recorras los mejores destinos, con todo organizado y sin preocupaciones. Adem\u00e1s, para que disfrutes de un mayor conocimiento hist\u00f3rico y cultural de cada destino, con visitas de cada ciudad con expertos gu\u00edas locales, que con sus detalladas explicaciones les har\u00e1n conocer de una forma m\u00e1s amplia y completa la ciudad y sus principales atractivos tur\u00edsticos.Principales caracter\u00edsticas de los circuitos: autobuses de \u00faltima generaci\u00f3n, con butacas reclinables, conexi\u00f3n wifi y ventanas panor\u00e1micas; equipaje de 20 kgs. permitido, gu\u00edas acompa\u00f1antes experimentados, visitas opcionales en cada destino, visitas panor\u00e1micas y seguro b\u00e1sico de asistencia durante el recorrido del circuito.Croacia, historia, playas, islas, paisajes naturales, arte y todo a orillas del mar Adri\u00e1tico. Adem\u00e1s de paisajes naturales que le sorprender\u00e1n, las ciudades de Croacia le llevar\u00e1n a viajar a otro tiempo, e incluso, a la ficci\u00f3n. Conocer\u00a0Dubrovnik, ciudad que parece detenida en el tiempo, su monasterio, su catedral y sus palacios.\u00a0Principales atractivos tur\u00edsticos: Split, Trogir, Opatija, Pula, Zada, Zagreb, y Plitvice, que forma parte de la red de Parques Naturales del pa\u00eds, con m\u00e1s de 4.000 a\u00f1os de antig\u00fcedad, este espacio cuenta con cascadas de cuento de hadas y lindos lagos en los que poder disfrutar de un rato de relax.Eslovenia es un rinc\u00f3n de Europa donde la naturaleza virgen y la historia milenaria se entrelazan en perfecta armon\u00eda. Sus paisajes var\u00edan desde lagos cristalinos y monta\u00f1as cubiertas de bosques hasta pueblos encantadores que parecen sacados de un cuento. La peque\u00f1a pero extraordinaria Eslovenia invita a quienes buscan una aventura aut\u00e9ntica, llena de descubrimientos y belleza en cada esquina.  Ljubljana, su capital, deslumbra con su casco antiguo compacto y lleno de vida, donde caf\u00e9s acogedores y calles empedradas crean un ambiente bohemio y relajado. La ciudad combina a la perfecci\u00f3n su historia con una vibrante escena art\u00edstica y cultural que late en cada rinc\u00f3n. A solo minutos de all\u00ed, el Lago de Bled, con su isla y su castillo medieval, ofrece una postal perfecta y momentos m\u00e1gicos de paz y contemplaci\u00f3n.  Pero Eslovenia no solo cautiva por su urbanismo, sino tambi\u00e9n por su naturaleza ind\u00f3mita. Las cadenas monta\u00f1osas de los Alpes julianos invitan a practicar senderismo, esqu\u00ed y aventuras al aire libre. Los parques nacionales y las cascadas, como los de Velika Paklenica, revelan un mundo de belleza salvaje y serenidad. En este peque\u00f1o gigante, la naturaleza y el patrimonio cultural se unen para crear un destino inolvidable.  Vivir en Eslovenia es conectar con un esp\u00edritu aventurero y una rica herencia. Es un lugar donde cada paisaje invita a explorar, y cada encuentro revela la calidez y hospitalidad de su gente. Un destino que cautiva pasiones, despierta emociones y deja una huella duradera en el coraz\u00f3n de quienes lo visitan.","og_url":"https:\/\/staging.elkaminante.com.uy\/paquetes\/croacia-y-eslovenia\/","og_site_name":"El Kaminante","article_modified_time":"2026-05-15T17:48:52+00:00","twitter_card":"summary_large_image","schema":{"@context":"https:\/\/schema.org","@graph":[{"@type":"WebPage","@id":"https:\/\/staging.elkaminante.com.uy\/paquetes\/croacia-y-eslovenia\/","url":"https:\/\/staging.elkaminante.com.uy\/paquetes\/croacia-y-eslovenia\/","name":"Croacia y Eslovenia - El Kaminante","isPartOf":{"@id":"https:\/\/staging.elkaminante.com.uy\/#website"},"primaryImageOfPage":{"@id":"https:\/\/staging.elkaminante.com.uy\/paquetes\/croacia-y-eslovenia\/#primaryimage"},"image":{"@id":"https:\/\/staging.elkaminante.com.uy\/paquetes\/croacia-y-eslovenia\/#primaryimage"},"thumbnailUrl":"https:\/\/staging.elkaminante.com.uy\/wp-content\/uploads\/2025\/08\/PAQ630.webp","datePublished":"2025-08-22T13:44:49+00:00","dateModified":"2026-05-15T17:48:52+00:00","breadcrumb":{"@id":"https:\/\/staging.elkaminante.com.uy\/paquetes\/croacia-y-eslovenia\/#breadcrumb"},"inLanguage":"en-US","potentialAction":[{"@type":"ReadAction","target":["https:\/\/staging.elkaminante.com.uy\/paquetes\/croacia-y-eslovenia\/"]}]},{"@type":"ImageObject","inLanguage":"en-US","@id":"https:\/\/staging.elkaminante.com.uy\/paquetes\/croacia-y-eslovenia\/#primaryimage","url":"https:\/\/staging.elkaminante.com.uy\/wp-content\/uploads\/2025\/08\/PAQ630.webp","contentUrl":"https:\/\/staging.elkaminante.com.uy\/wp-content\/uploads\/2025\/08\/PAQ630.webp","width":800,"height":457},{"@type":"BreadcrumbList","@id":"https:\/\/staging.elkaminante.com.uy\/paquetes\/croacia-y-eslovenia\/#breadcrumb","itemListElement":[{"@type":"ListItem","position":1,"name":"Inicio","item":"https:\/\/staging.elkaminante.com.uy\/en\/"},{"@type":"ListItem","position":2,"name":"Viajes por el mundo","item":"https:\/\/staging.elkaminante.com.uy\/en\/paquetes\/"},{"@type":"ListItem","position":3,"name":"Croacia y Eslovenia"}]},{"@type":"WebSite","@id":"https:\/\/staging.elkaminante.com.uy\/#website","url":"https:\/\/staging.elkaminante.com.uy\/","name":"El Kaminante","description":"Viajes &amp; Turismo","publisher":{"@id":"https:\/\/staging.elkaminante.com.uy\/#organization"},"potentialAction":[{"@type":"SearchAction","target":{"@type":"EntryPoint","urlTemplate":"https:\/\/staging.elkaminante.com.uy\/?s={search_term_string}"},"query-input":{"@type":"PropertyValueSpecification","valueRequired":true,"valueName":"search_term_string"}}],"inLanguage":"en-US"},{"@type":"Organization","@id":"https:\/\/staging.elkaminante.com.uy\/#organization","name":"El Kaminante","url":"https:\/\/staging.elkaminante.com.uy\/","logo":{"@type":"ImageObject","inLanguage":"en-US","@id":"https:\/\/staging.elkaminante.com.uy\/#\/schema\/logo\/image\/","url":"https:\/\/staging.elkaminante.com.uy\/wp-content\/uploads\/2025\/02\/logo-elkaminante-blanco.svg","contentUrl":"https:\/\/staging.elkaminante.com.uy\/wp-content\/uploads\/2025\/02\/logo-elkaminante-blanco.svg","caption":"El Kaminante"},"image":{"@id":"https:\/\/staging.elkaminante.com.uy\/#\/schema\/logo\/image\/"}}]}},"_links":{"self":[{"href":"https:\/\/staging.elkaminante.com.uy\/en\/wp-json\/wp\/v2\/product\/12097","targetHints":{"allow":["GET"]}}],"collection":[{"href":"https:\/\/staging.elkaminante.com.uy\/en\/wp-json\/wp\/v2\/product"}],"about":[{"href":"https:\/\/staging.elkaminante.com.uy\/en\/wp-json\/wp\/v2\/types\/product"}],"wp:featuredmedia":[{"embeddable":true,"href":"https:\/\/staging.elkaminante.com.uy\/en\/wp-json\/wp\/v2\/media\/12095"}],"wp:attachment":[{"href":"https:\/\/staging.elkaminante.com.uy\/en\/wp-json\/wp\/v2\/media?parent=12097"}],"wp:term":[{"taxonomy":"product_brand","embeddable":true,"href":"https:\/\/staging.elkaminante.com.uy\/en\/wp-json\/wp\/v2\/product_brand?post=12097"},{"taxonomy":"product_cat","embeddable":true,"href":"https:\/\/staging.elkaminante.com.uy\/en\/wp-json\/wp\/v2\/product_cat?post=12097"},{"taxonomy":"product_tag","embeddable":true,"href":"https:\/\/staging.elkaminante.com.uy\/en\/wp-json\/wp\/v2\/product_tag?post=12097"}],"curies":[{"name":"wp","href":"https:\/\/api.w.org\/{rel}","templated":true}]}}