{"id":12094,"date":"2025-08-22T10:44:47","date_gmt":"2025-08-22T13:44:47","guid":{"rendered":"https:\/\/elkaminante.com.uy\/paquetes\/andalucia-y-costa-mediterranea\/"},"modified":"2026-05-15T14:48:52","modified_gmt":"2026-05-15T17:48:52","slug":"andalucia-y-costa-mediterranea","status":"publish","type":"product","link":"https:\/\/staging.elkaminante.com.uy\/en\/paquetes\/andalucia-y-costa-mediterranea\/","title":{"rendered":"Andalucia y Costa Mediterranea"},"content":{"rendered":"","protected":false},"excerpt":{"rendered":"<p>Espa\u00f1a es un pa\u00eds lleno de encanto y diversidad, donde la historia y la cultura se entrelazan con paisajes impresionantes. Desde las playas doradas de la Costa del Sol hasta las majestuosas monta\u00f1as de los Picos de Europa, Espa\u00f1a ofrece una experiencia \u00fanica para los viajeros. Sum\u00e9rgete en la vibrante vida nocturna de Madrid, explora la arquitectura \u00fanica de Barcelona y d\u00e9jate cautivar por la magia de Sevilla con su flamenco y su rica historia. Con una cocina deliciosa que var\u00eda de regi\u00f3n a regi\u00f3n y una gente c\u00e1lida y acogedora, Espa\u00f1a invita a descubrir su diversidad y su belleza en cada rinc\u00f3n del pa\u00eds.<\/p>\n<p><b>Madrid<\/b>, Espa\u00f1a, es algo m\u00e1s que la capital del pa\u00eds. Es una de las ciudades tur\u00edsticas m\u00e1s importantes de la Pen\u00ednsula Ib\u00e9rica. En esta ciudad podr\u00e1 admirar los monumentos que se construyeron en los siglos XVI y XVII y XVIII y hacen de Madrid una de las ciudades m\u00e1s interesantes y bellas de Europa. Turismo en este centro hist\u00f3rico es pasear por callejuelas estrechas que destilan el aroma del siglo XVI, cuando \u201cen Espa\u00f1a nunca se pon\u00eda el sol&#8221;, disfrutar de su gente, sus barrios, su gastronom\u00eda y dejarse enamorar por esta cosmopolita y gran ciudad. <i>Principales atractivos tur\u00edsticos:<\/i>la Plaza Mayor, el Mercado de San Miguel, la Puerta del Sol, la calle Preciados, el Palacio Real, la Plaza de Oriente, la Catedral de la Almudena, la Plaza de Espa\u00f1a, el Templo de Debod, la Castellana, la Gran V\u00eda, Callao, La Cibeles, el Banco de Espa\u00f1a, la Puerta de Alcal\u00e1, el Parque del Retiro, el Museo del Prado y el Museo Reina Sof\u00eda, entre otros.<\/p>\n<p><b>Sevilla<\/b>, capital de la provincia y de Andaluc\u00eda, es una ciudad universal, enclavada en el Bajo Guadalquivir, hasta donde \u00e9ste es navegable. En sus tierras se han asentado romanos, visigodos, musulmanes y cristianos a lo largo de los siglos, por lo que la riqueza de su patrimonio es s\u00f3lo igualable a su extensi\u00f3n. En definitiva, Sevilla representa la m\u00e1s pura esencia andaluza, su cultura, sus monumentos, hacen de ella una de las ciudades m\u00e1s bellas y singulares que el viajero puede contemplar, transport\u00e1ndolo al volver cada esquina, al recuerdo de una \u00e9poca gloriosa. Adem\u00e1s, la gastronom\u00eda sevillana es un reflejo de toda su historia, destacando platos como el menudo, la ternera a la sevillana, las espinacas con garbanzos, y de postre, las tortas de aceite. <i>Principales atractivos tur\u00edsticos:<\/i>la Plaza de Espa\u00f1a, Real Alc\u00e1zar de Sevilla, la Giralda, la Torre de Oro, las Setas de Sevilla, el Parque Mar\u00eda Luisa, La Plaza de Toros y los barrios de la Triana y la Santa Cruz entre otros.<\/p>\n","protected":false},"featured_media":12092,"template":"","meta":{"_acf_changed":false,"inline_featured_image":false},"product_brand":[],"product_cat":[28,1579],"product_tag":[3990,3234,3236,3727,2586,64,2067,2068,558,123,124,160,859,1680,2985,245,117,3237,1135,65,125,126,129,874,3238,873,1092,3235,127,128,130,875,63],"class_list":{"0":"post-12094","1":"product","2":"type-product","3":"status-publish","4":"has-post-thumbnail","6":"product_cat-paquetes","7":"product_cat-uruguay","8":"product_tag-25-de-junio-de-2026vacaciones-de-julio","9":"product_tag-alarcon","10":"product_tag-alicante","11":"product_tag-andalucia-y-costa-mediterranea","12":"product_tag-cordoba","13":"product_tag-desayuno","14":"product_tag-en-circuito-europa-solo-descripcion","15":"product_tag-en-europa","16":"product_tag-en-junio","17":"product_tag-espana","18":"product_tag-europa","19":"product_tag-europa-en-circuito-europa-solo-descripcion","20":"product_tag-europa-en-junio","21":"product_tag-europamundo","22":"product_tag-granada","23":"product_tag-junio","24":"product_tag-madrid","25":"product_tag-malaga","26":"product_tag-marbella","27":"product_tag-no-aplica","28":"product_tag-paquetes-a-espana","29":"product_tag-paquetes-a-europa","30":"product_tag-paquetes-a-madrid","31":"product_tag-paquetes-a-sevilla","32":"product_tag-ronda","33":"product_tag-sevilla","34":"product_tag-vacaciones-de-julio","35":"product_tag-valencia","36":"product_tag-viajes-a-espana","37":"product_tag-viajes-a-europa","38":"product_tag-viajes-a-madrid","39":"product_tag-viajes-a-sevilla","40":"product_tag-vuelo-y-circuito","41":"entry","42":"has-media","44":"first","45":"instock","46":"shipping-taxable","47":"purchasable","48":"product-type-simple"},"acf":[],"yoast_head":"<!-- This site is optimized with the Yoast SEO plugin v27.6 - https:\/\/yoast.com\/product\/yoast-seo-wordpress\/ -->\n<title>Andalucia y Costa Mediterranea - El Kaminante<\/title>\n<meta name=\"robots\" content=\"noindex, follow, max-snippet:-1, max-image-preview:large, max-video-preview:-1\" \/>\n<meta property=\"og:locale\" content=\"en_US\" \/>\n<meta property=\"og:type\" content=\"article\" \/>\n<meta property=\"og:title\" content=\"Andalucia y Costa Mediterranea - El Kaminante\" \/>\n<meta property=\"og:description\" content=\"Espa\u00f1a es un pa\u00eds lleno de encanto y diversidad, donde la historia y la cultura se entrelazan con paisajes impresionantes. Desde las playas doradas de la Costa del Sol hasta las majestuosas monta\u00f1as de los Picos de Europa, Espa\u00f1a ofrece una experiencia \u00fanica para los viajeros. Sum\u00e9rgete en la vibrante vida nocturna de Madrid, explora la arquitectura \u00fanica de Barcelona y d\u00e9jate cautivar por la magia de Sevilla con su flamenco y su rica historia. Con una cocina deliciosa que var\u00eda de regi\u00f3n a regi\u00f3n y una gente c\u00e1lida y acogedora, Espa\u00f1a invita a descubrir su diversidad y su belleza en cada rinc\u00f3n del pa\u00eds.Madrid, Espa\u00f1a, es algo m\u00e1s que la capital del pa\u00eds. Es una de las ciudades tur\u00edsticas m\u00e1s importantes de la Pen\u00ednsula Ib\u00e9rica. En esta ciudad podr\u00e1 admirar los monumentos que se construyeron en los siglos XVI y XVII y XVIII y hacen de Madrid una de las ciudades m\u00e1s interesantes y bellas de Europa. Turismo en este centro hist\u00f3rico es pasear por callejuelas estrechas que destilan el aroma del siglo XVI, cuando \u201cen Espa\u00f1a nunca se pon\u00eda el sol&quot;, disfrutar de su gente, sus barrios, su gastronom\u00eda y dejarse enamorar por esta cosmopolita y gran ciudad. Principales atractivos tur\u00edsticos:la Plaza Mayor, el Mercado de San Miguel, la Puerta del Sol, la calle Preciados, el Palacio Real, la Plaza de Oriente, la Catedral de la Almudena, la Plaza de Espa\u00f1a, el Templo de Debod, la Castellana, la Gran V\u00eda, Callao, La Cibeles, el Banco de Espa\u00f1a, la Puerta de Alcal\u00e1, el Parque del Retiro, el Museo del Prado y el Museo Reina Sof\u00eda, entre otros.Sevilla, capital de la provincia y de Andaluc\u00eda, es una ciudad universal, enclavada en el Bajo Guadalquivir, hasta donde \u00e9ste es navegable. En sus tierras se han asentado romanos, visigodos, musulmanes y cristianos a lo largo de los siglos, por lo que la riqueza de su patrimonio es s\u00f3lo igualable a su extensi\u00f3n. En definitiva, Sevilla representa la m\u00e1s pura esencia andaluza, su cultura, sus monumentos, hacen de ella una de las ciudades m\u00e1s bellas y singulares que el viajero puede contemplar, transport\u00e1ndolo al volver cada esquina, al recuerdo de una \u00e9poca gloriosa. Adem\u00e1s, la gastronom\u00eda sevillana es un reflejo de toda su historia, destacando platos como el menudo, la ternera a la sevillana, las espinacas con garbanzos, y de postre, las tortas de aceite. Principales atractivos tur\u00edsticos:la Plaza de Espa\u00f1a, Real Alc\u00e1zar de Sevilla, la Giralda, la Torre de Oro, las Setas de Sevilla, el Parque Mar\u00eda Luisa, La Plaza de Toros y los barrios de la Triana y la Santa Cruz entre otros.\" \/>\n<meta property=\"og:url\" content=\"https:\/\/staging.elkaminante.com.uy\/paquetes\/andalucia-y-costa-mediterranea\/\" \/>\n<meta property=\"og:site_name\" content=\"El Kaminante\" \/>\n<meta property=\"article:modified_time\" content=\"2026-05-15T17:48:52+00:00\" \/>\n<meta name=\"twitter:card\" content=\"summary_large_image\" \/>\n<script type=\"application\/ld+json\" class=\"yoast-schema-graph\">{\"@context\":\"https:\\\/\\\/schema.org\",\"@graph\":[{\"@type\":\"WebPage\",\"@id\":\"https:\\\/\\\/staging.elkaminante.com.uy\\\/paquetes\\\/andalucia-y-costa-mediterranea\\\/\",\"url\":\"https:\\\/\\\/staging.elkaminante.com.uy\\\/paquetes\\\/andalucia-y-costa-mediterranea\\\/\",\"name\":\"Andalucia y Costa Mediterranea - El Kaminante\",\"isPartOf\":{\"@id\":\"https:\\\/\\\/staging.elkaminante.com.uy\\\/#website\"},\"primaryImageOfPage\":{\"@id\":\"https:\\\/\\\/staging.elkaminante.com.uy\\\/paquetes\\\/andalucia-y-costa-mediterranea\\\/#primaryimage\"},\"image\":{\"@id\":\"https:\\\/\\\/staging.elkaminante.com.uy\\\/paquetes\\\/andalucia-y-costa-mediterranea\\\/#primaryimage\"},\"thumbnailUrl\":\"https:\\\/\\\/staging.elkaminante.com.uy\\\/wp-content\\\/uploads\\\/2025\\\/08\\\/PAQ629.webp\",\"datePublished\":\"2025-08-22T13:44:47+00:00\",\"dateModified\":\"2026-05-15T17:48:52+00:00\",\"breadcrumb\":{\"@id\":\"https:\\\/\\\/staging.elkaminante.com.uy\\\/paquetes\\\/andalucia-y-costa-mediterranea\\\/#breadcrumb\"},\"inLanguage\":\"en-US\",\"potentialAction\":[{\"@type\":\"ReadAction\",\"target\":[\"https:\\\/\\\/staging.elkaminante.com.uy\\\/paquetes\\\/andalucia-y-costa-mediterranea\\\/\"]}]},{\"@type\":\"ImageObject\",\"inLanguage\":\"en-US\",\"@id\":\"https:\\\/\\\/staging.elkaminante.com.uy\\\/paquetes\\\/andalucia-y-costa-mediterranea\\\/#primaryimage\",\"url\":\"https:\\\/\\\/staging.elkaminante.com.uy\\\/wp-content\\\/uploads\\\/2025\\\/08\\\/PAQ629.webp\",\"contentUrl\":\"https:\\\/\\\/staging.elkaminante.com.uy\\\/wp-content\\\/uploads\\\/2025\\\/08\\\/PAQ629.webp\",\"width\":800,\"height\":457},{\"@type\":\"BreadcrumbList\",\"@id\":\"https:\\\/\\\/staging.elkaminante.com.uy\\\/paquetes\\\/andalucia-y-costa-mediterranea\\\/#breadcrumb\",\"itemListElement\":[{\"@type\":\"ListItem\",\"position\":1,\"name\":\"Inicio\",\"item\":\"https:\\\/\\\/staging.elkaminante.com.uy\\\/en\\\/\"},{\"@type\":\"ListItem\",\"position\":2,\"name\":\"Viajes por el mundo\",\"item\":\"https:\\\/\\\/staging.elkaminante.com.uy\\\/en\\\/paquetes\\\/\"},{\"@type\":\"ListItem\",\"position\":3,\"name\":\"Andalucia y Costa Mediterranea\"}]},{\"@type\":\"WebSite\",\"@id\":\"https:\\\/\\\/staging.elkaminante.com.uy\\\/#website\",\"url\":\"https:\\\/\\\/staging.elkaminante.com.uy\\\/\",\"name\":\"El Kaminante\",\"description\":\"Viajes &amp; Turismo\",\"publisher\":{\"@id\":\"https:\\\/\\\/staging.elkaminante.com.uy\\\/#organization\"},\"potentialAction\":[{\"@type\":\"SearchAction\",\"target\":{\"@type\":\"EntryPoint\",\"urlTemplate\":\"https:\\\/\\\/staging.elkaminante.com.uy\\\/?s={search_term_string}\"},\"query-input\":{\"@type\":\"PropertyValueSpecification\",\"valueRequired\":true,\"valueName\":\"search_term_string\"}}],\"inLanguage\":\"en-US\"},{\"@type\":\"Organization\",\"@id\":\"https:\\\/\\\/staging.elkaminante.com.uy\\\/#organization\",\"name\":\"El Kaminante\",\"url\":\"https:\\\/\\\/staging.elkaminante.com.uy\\\/\",\"logo\":{\"@type\":\"ImageObject\",\"inLanguage\":\"en-US\",\"@id\":\"https:\\\/\\\/staging.elkaminante.com.uy\\\/#\\\/schema\\\/logo\\\/image\\\/\",\"url\":\"https:\\\/\\\/staging.elkaminante.com.uy\\\/wp-content\\\/uploads\\\/2025\\\/02\\\/logo-elkaminante-blanco.svg\",\"contentUrl\":\"https:\\\/\\\/staging.elkaminante.com.uy\\\/wp-content\\\/uploads\\\/2025\\\/02\\\/logo-elkaminante-blanco.svg\",\"caption\":\"El Kaminante\"},\"image\":{\"@id\":\"https:\\\/\\\/staging.elkaminante.com.uy\\\/#\\\/schema\\\/logo\\\/image\\\/\"}}]}<\/script>\n<!-- \/ Yoast SEO plugin. -->","yoast_head_json":{"title":"Andalucia y Costa Mediterranea - El Kaminante","robots":{"index":"noindex","follow":"follow","max-snippet":"max-snippet:-1","max-image-preview":"max-image-preview:large","max-video-preview":"max-video-preview:-1"},"og_locale":"en_US","og_type":"article","og_title":"Andalucia y Costa Mediterranea - El Kaminante","og_description":"Espa\u00f1a es un pa\u00eds lleno de encanto y diversidad, donde la historia y la cultura se entrelazan con paisajes impresionantes. Desde las playas doradas de la Costa del Sol hasta las majestuosas monta\u00f1as de los Picos de Europa, Espa\u00f1a ofrece una experiencia \u00fanica para los viajeros. Sum\u00e9rgete en la vibrante vida nocturna de Madrid, explora la arquitectura \u00fanica de Barcelona y d\u00e9jate cautivar por la magia de Sevilla con su flamenco y su rica historia. Con una cocina deliciosa que var\u00eda de regi\u00f3n a regi\u00f3n y una gente c\u00e1lida y acogedora, Espa\u00f1a invita a descubrir su diversidad y su belleza en cada rinc\u00f3n del pa\u00eds.Madrid, Espa\u00f1a, es algo m\u00e1s que la capital del pa\u00eds. Es una de las ciudades tur\u00edsticas m\u00e1s importantes de la Pen\u00ednsula Ib\u00e9rica. En esta ciudad podr\u00e1 admirar los monumentos que se construyeron en los siglos XVI y XVII y XVIII y hacen de Madrid una de las ciudades m\u00e1s interesantes y bellas de Europa. Turismo en este centro hist\u00f3rico es pasear por callejuelas estrechas que destilan el aroma del siglo XVI, cuando \u201cen Espa\u00f1a nunca se pon\u00eda el sol\", disfrutar de su gente, sus barrios, su gastronom\u00eda y dejarse enamorar por esta cosmopolita y gran ciudad. Principales atractivos tur\u00edsticos:la Plaza Mayor, el Mercado de San Miguel, la Puerta del Sol, la calle Preciados, el Palacio Real, la Plaza de Oriente, la Catedral de la Almudena, la Plaza de Espa\u00f1a, el Templo de Debod, la Castellana, la Gran V\u00eda, Callao, La Cibeles, el Banco de Espa\u00f1a, la Puerta de Alcal\u00e1, el Parque del Retiro, el Museo del Prado y el Museo Reina Sof\u00eda, entre otros.Sevilla, capital de la provincia y de Andaluc\u00eda, es una ciudad universal, enclavada en el Bajo Guadalquivir, hasta donde \u00e9ste es navegable. En sus tierras se han asentado romanos, visigodos, musulmanes y cristianos a lo largo de los siglos, por lo que la riqueza de su patrimonio es s\u00f3lo igualable a su extensi\u00f3n. En definitiva, Sevilla representa la m\u00e1s pura esencia andaluza, su cultura, sus monumentos, hacen de ella una de las ciudades m\u00e1s bellas y singulares que el viajero puede contemplar, transport\u00e1ndolo al volver cada esquina, al recuerdo de una \u00e9poca gloriosa. Adem\u00e1s, la gastronom\u00eda sevillana es un reflejo de toda su historia, destacando platos como el menudo, la ternera a la sevillana, las espinacas con garbanzos, y de postre, las tortas de aceite. Principales atractivos tur\u00edsticos:la Plaza de Espa\u00f1a, Real Alc\u00e1zar de Sevilla, la Giralda, la Torre de Oro, las Setas de Sevilla, el Parque Mar\u00eda Luisa, La Plaza de Toros y los barrios de la Triana y la Santa Cruz entre otros.","og_url":"https:\/\/staging.elkaminante.com.uy\/paquetes\/andalucia-y-costa-mediterranea\/","og_site_name":"El Kaminante","article_modified_time":"2026-05-15T17:48:52+00:00","twitter_card":"summary_large_image","schema":{"@context":"https:\/\/schema.org","@graph":[{"@type":"WebPage","@id":"https:\/\/staging.elkaminante.com.uy\/paquetes\/andalucia-y-costa-mediterranea\/","url":"https:\/\/staging.elkaminante.com.uy\/paquetes\/andalucia-y-costa-mediterranea\/","name":"Andalucia y Costa Mediterranea - El Kaminante","isPartOf":{"@id":"https:\/\/staging.elkaminante.com.uy\/#website"},"primaryImageOfPage":{"@id":"https:\/\/staging.elkaminante.com.uy\/paquetes\/andalucia-y-costa-mediterranea\/#primaryimage"},"image":{"@id":"https:\/\/staging.elkaminante.com.uy\/paquetes\/andalucia-y-costa-mediterranea\/#primaryimage"},"thumbnailUrl":"https:\/\/staging.elkaminante.com.uy\/wp-content\/uploads\/2025\/08\/PAQ629.webp","datePublished":"2025-08-22T13:44:47+00:00","dateModified":"2026-05-15T17:48:52+00:00","breadcrumb":{"@id":"https:\/\/staging.elkaminante.com.uy\/paquetes\/andalucia-y-costa-mediterranea\/#breadcrumb"},"inLanguage":"en-US","potentialAction":[{"@type":"ReadAction","target":["https:\/\/staging.elkaminante.com.uy\/paquetes\/andalucia-y-costa-mediterranea\/"]}]},{"@type":"ImageObject","inLanguage":"en-US","@id":"https:\/\/staging.elkaminante.com.uy\/paquetes\/andalucia-y-costa-mediterranea\/#primaryimage","url":"https:\/\/staging.elkaminante.com.uy\/wp-content\/uploads\/2025\/08\/PAQ629.webp","contentUrl":"https:\/\/staging.elkaminante.com.uy\/wp-content\/uploads\/2025\/08\/PAQ629.webp","width":800,"height":457},{"@type":"BreadcrumbList","@id":"https:\/\/staging.elkaminante.com.uy\/paquetes\/andalucia-y-costa-mediterranea\/#breadcrumb","itemListElement":[{"@type":"ListItem","position":1,"name":"Inicio","item":"https:\/\/staging.elkaminante.com.uy\/en\/"},{"@type":"ListItem","position":2,"name":"Viajes por el mundo","item":"https:\/\/staging.elkaminante.com.uy\/en\/paquetes\/"},{"@type":"ListItem","position":3,"name":"Andalucia y Costa Mediterranea"}]},{"@type":"WebSite","@id":"https:\/\/staging.elkaminante.com.uy\/#website","url":"https:\/\/staging.elkaminante.com.uy\/","name":"El Kaminante","description":"Viajes &amp; Turismo","publisher":{"@id":"https:\/\/staging.elkaminante.com.uy\/#organization"},"potentialAction":[{"@type":"SearchAction","target":{"@type":"EntryPoint","urlTemplate":"https:\/\/staging.elkaminante.com.uy\/?s={search_term_string}"},"query-input":{"@type":"PropertyValueSpecification","valueRequired":true,"valueName":"search_term_string"}}],"inLanguage":"en-US"},{"@type":"Organization","@id":"https:\/\/staging.elkaminante.com.uy\/#organization","name":"El Kaminante","url":"https:\/\/staging.elkaminante.com.uy\/","logo":{"@type":"ImageObject","inLanguage":"en-US","@id":"https:\/\/staging.elkaminante.com.uy\/#\/schema\/logo\/image\/","url":"https:\/\/staging.elkaminante.com.uy\/wp-content\/uploads\/2025\/02\/logo-elkaminante-blanco.svg","contentUrl":"https:\/\/staging.elkaminante.com.uy\/wp-content\/uploads\/2025\/02\/logo-elkaminante-blanco.svg","caption":"El Kaminante"},"image":{"@id":"https:\/\/staging.elkaminante.com.uy\/#\/schema\/logo\/image\/"}}]}},"_links":{"self":[{"href":"https:\/\/staging.elkaminante.com.uy\/en\/wp-json\/wp\/v2\/product\/12094","targetHints":{"allow":["GET"]}}],"collection":[{"href":"https:\/\/staging.elkaminante.com.uy\/en\/wp-json\/wp\/v2\/product"}],"about":[{"href":"https:\/\/staging.elkaminante.com.uy\/en\/wp-json\/wp\/v2\/types\/product"}],"wp:featuredmedia":[{"embeddable":true,"href":"https:\/\/staging.elkaminante.com.uy\/en\/wp-json\/wp\/v2\/media\/12092"}],"wp:attachment":[{"href":"https:\/\/staging.elkaminante.com.uy\/en\/wp-json\/wp\/v2\/media?parent=12094"}],"wp:term":[{"taxonomy":"product_brand","embeddable":true,"href":"https:\/\/staging.elkaminante.com.uy\/en\/wp-json\/wp\/v2\/product_brand?post=12094"},{"taxonomy":"product_cat","embeddable":true,"href":"https:\/\/staging.elkaminante.com.uy\/en\/wp-json\/wp\/v2\/product_cat?post=12094"},{"taxonomy":"product_tag","embeddable":true,"href":"https:\/\/staging.elkaminante.com.uy\/en\/wp-json\/wp\/v2\/product_tag?post=12094"}],"curies":[{"name":"wp","href":"https:\/\/api.w.org\/{rel}","templated":true}]}}