{"id":11986,"date":"2025-06-28T20:26:41","date_gmt":"2025-06-28T23:26:41","guid":{"rendered":"https:\/\/elkaminante.com.uy\/paquetes\/viva-miches-by-wyndham\/"},"modified":"2026-05-15T14:48:52","modified_gmt":"2026-05-15T17:48:52","slug":"viva-miches-by-wyndham","status":"publish","type":"product","link":"https:\/\/staging.elkaminante.com.uy\/en\/paquetes\/viva-miches-by-wyndham\/","title":{"rendered":"Wyndham Miches Dominicana All Inclusive"},"content":{"rendered":"","protected":false},"excerpt":{"rendered":"<p>Hotel Viva Wyndam Mich\u00e9s se encuentra en un hermoso entorno en la exclusiva isla de Mich\u00e9s, en Rep\u00fablica Dominicana. Rodeado de playas de arena blanca y aguas turquesas, el resort ofrece un refugio perfecto para quienes buscan tranquilidad y belleza natural. Sus jardines tropicales exuberantes y su orientaci\u00f3n hacia el oc\u00e9ano crean una atm\u00f3sfera relajante y paradis\u00edaca.<\/p>\n<p>El hotel cuenta con c\u00f3modas habitaciones y suites con vistas impresionantes, dise\u00f1adas para brindar confort y descanso. Sus amplias instalaciones incluyen piscinas infinitas, restaurantes de gastronom\u00eda local e internacional, bares junto a la piscina y espacios para actividades recreativas y deportes acu\u00e1ticos. Adem\u00e1s, ofrece servicios de spa y bienestar para que los hu\u00e9spedes puedan relajarse por completo.<\/p>\n<p>En definitiva, Hotel Viva Wyndam Mich\u00e9s combina la naturaleza, el lujo y la diversi\u00f3n en un escenario id\u00edlico, ideal para unas vacaciones memorables rodeado de belleza y serenidad.<\/p>\n<p><b>Punta Cana<\/b> es considerada uno de los mayores polos de atracci\u00f3n tur\u00edstica de la Rep\u00fablica Dominicana, ofrece alrededor de 50 Km. de playas, una infraestructura hotelera de excelencia, aeropuerto internacional, facilidades para todos los deportes, desde paseos en veleros hasta las bondades de algunas de las mejores canchas de golf del Caribe y el placer de saborear deliciosos mariscos a la orilla del mar. Queda en el extremo oriental de la isla, exactamente en el punto de confluencia entre el Atl\u00e1ntico y el Caribe. Adoptada desde hace a\u00f1os por el turismo de origen europeo, alberga a algunos de los resorts m\u00e1s renombrados del Caribe. Un reporte de la UNESCO reconoce las playas de Bavaro como las mejores del mundo.<\/p>\n","protected":false},"featured_media":11984,"template":"","meta":{"_acf_changed":false,"inline_featured_image":false},"product_brand":[],"product_cat":[28,1579],"product_tag":[562,3776,96,173,175,34,176,225,568,2087,2088,65,180,226,2014,177,3213,223,224,1827,230,61,3282,1583,182,227,2015,178,2013,119,3722],"class_list":{"0":"post-11986","1":"product","2":"type-product","3":"status-publish","4":"has-post-thumbnail","6":"product_cat-paquetes","7":"product_cat-uruguay","8":"product_tag-agosto","9":"product_tag-agosto-2026all-inclusive","10":"product_tag-alarma-precios-bajos","11":"product_tag-all-inclusive","12":"product_tag-america-central","13":"product_tag-caribe","14":"product_tag-centro-america","15":"product_tag-dominicana","16":"product_tag-en-agosto","17":"product_tag-en-punta-cana","18":"product_tag-en-republica-dominicana","19":"product_tag-no-aplica","20":"product_tag-paquetes-a-america-central","21":"product_tag-paquetes-a-republica-dominicana","22":"product_tag-paquetes-a-viva-miches-by-wyndham","23":"product_tag-paquetes-al-caribe","24":"product_tag-playa-miches","25":"product_tag-punta-cana","26":"product_tag-republica-dominicana","27":"product_tag-republica-dominicana-en-agosto","28":"product_tag-republica-dominicana-en-punta-cana","29":"product_tag-sin-destino","30":"product_tag-temporada-baja","31":"product_tag-viaje-familiar","32":"product_tag-viajes-a-america-central","33":"product_tag-viajes-a-republica-dominicana","34":"product_tag-viajes-a-viva-miches-by-wyndham","35":"product_tag-viajes-al-caribe","36":"product_tag-viva-miches-by-wyndham","37":"product_tag-vuelo-y-hotel","38":"product_tag-wyndham-miches-dominicana-all-inclusive","39":"entry","40":"has-media","42":"first","43":"instock","44":"shipping-taxable","45":"purchasable","46":"product-type-simple"},"acf":[],"yoast_head":"<!-- This site is optimized with the Yoast SEO plugin v27.6 - https:\/\/yoast.com\/product\/yoast-seo-wordpress\/ -->\n<title>Wyndham Miches Dominicana All Inclusive - El Kaminante<\/title>\n<meta name=\"robots\" content=\"noindex, follow, max-snippet:-1, max-image-preview:large, max-video-preview:-1\" \/>\n<meta property=\"og:locale\" content=\"en_US\" \/>\n<meta property=\"og:type\" content=\"article\" \/>\n<meta property=\"og:title\" content=\"Wyndham Miches Dominicana All Inclusive - El Kaminante\" \/>\n<meta property=\"og:description\" content=\"Hotel Viva Wyndam Mich\u00e9s se encuentra en un hermoso entorno en la exclusiva isla de Mich\u00e9s, en Rep\u00fablica Dominicana. Rodeado de playas de arena blanca y aguas turquesas, el resort ofrece un refugio perfecto para quienes buscan tranquilidad y belleza natural. Sus jardines tropicales exuberantes y su orientaci\u00f3n hacia el oc\u00e9ano crean una atm\u00f3sfera relajante y paradis\u00edaca.  El hotel cuenta con c\u00f3modas habitaciones y suites con vistas impresionantes, dise\u00f1adas para brindar confort y descanso. Sus amplias instalaciones incluyen piscinas infinitas, restaurantes de gastronom\u00eda local e internacional, bares junto a la piscina y espacios para actividades recreativas y deportes acu\u00e1ticos. Adem\u00e1s, ofrece servicios de spa y bienestar para que los hu\u00e9spedes puedan relajarse por completo.  En definitiva, Hotel Viva Wyndam Mich\u00e9s combina la naturaleza, el lujo y la diversi\u00f3n en un escenario id\u00edlico, ideal para unas vacaciones memorables rodeado de belleza y serenidad.Punta Cana es considerada uno de los mayores polos de atracci\u00f3n tur\u00edstica de la Rep\u00fablica Dominicana, ofrece alrededor de 50 Km. de playas, una infraestructura hotelera de excelencia, aeropuerto internacional, facilidades para todos los deportes, desde paseos en veleros hasta las bondades de algunas de las mejores canchas de golf del Caribe y el placer de saborear deliciosos mariscos a la orilla del mar. Queda en el extremo oriental de la isla, exactamente en el punto de confluencia entre el Atl\u00e1ntico y el Caribe. Adoptada desde hace a\u00f1os por el turismo de origen europeo, alberga a algunos de los resorts m\u00e1s renombrados del Caribe. Un reporte de la UNESCO reconoce las playas de Bavaro como las mejores del mundo.\" \/>\n<meta property=\"og:url\" content=\"https:\/\/staging.elkaminante.com.uy\/paquetes\/viva-miches-by-wyndham\/\" \/>\n<meta property=\"og:site_name\" content=\"El Kaminante\" \/>\n<meta property=\"article:modified_time\" content=\"2026-05-15T17:48:52+00:00\" \/>\n<meta property=\"og:image\" content=\"https:\/\/staging.elkaminante.com.uy\/wp-content\/uploads\/2025\/06\/PAQ624.webp\" \/>\n\t<meta property=\"og:image:width\" content=\"800\" \/>\n\t<meta property=\"og:image:height\" content=\"457\" \/>\n\t<meta property=\"og:image:type\" content=\"image\/webp\" \/>\n<meta name=\"twitter:card\" content=\"summary_large_image\" \/>\n<script type=\"application\/ld+json\" class=\"yoast-schema-graph\">{\"@context\":\"https:\\\/\\\/schema.org\",\"@graph\":[{\"@type\":\"WebPage\",\"@id\":\"https:\\\/\\\/staging.elkaminante.com.uy\\\/paquetes\\\/viva-miches-by-wyndham\\\/\",\"url\":\"https:\\\/\\\/staging.elkaminante.com.uy\\\/paquetes\\\/viva-miches-by-wyndham\\\/\",\"name\":\"Wyndham Miches Dominicana All Inclusive - El Kaminante\",\"isPartOf\":{\"@id\":\"https:\\\/\\\/staging.elkaminante.com.uy\\\/#website\"},\"primaryImageOfPage\":{\"@id\":\"https:\\\/\\\/staging.elkaminante.com.uy\\\/paquetes\\\/viva-miches-by-wyndham\\\/#primaryimage\"},\"image\":{\"@id\":\"https:\\\/\\\/staging.elkaminante.com.uy\\\/paquetes\\\/viva-miches-by-wyndham\\\/#primaryimage\"},\"thumbnailUrl\":\"https:\\\/\\\/staging.elkaminante.com.uy\\\/wp-content\\\/uploads\\\/2025\\\/06\\\/PAQ624.webp\",\"datePublished\":\"2025-06-28T23:26:41+00:00\",\"dateModified\":\"2026-05-15T17:48:52+00:00\",\"breadcrumb\":{\"@id\":\"https:\\\/\\\/staging.elkaminante.com.uy\\\/paquetes\\\/viva-miches-by-wyndham\\\/#breadcrumb\"},\"inLanguage\":\"en-US\",\"potentialAction\":[{\"@type\":\"ReadAction\",\"target\":[\"https:\\\/\\\/staging.elkaminante.com.uy\\\/paquetes\\\/viva-miches-by-wyndham\\\/\"]}]},{\"@type\":\"ImageObject\",\"inLanguage\":\"en-US\",\"@id\":\"https:\\\/\\\/staging.elkaminante.com.uy\\\/paquetes\\\/viva-miches-by-wyndham\\\/#primaryimage\",\"url\":\"https:\\\/\\\/staging.elkaminante.com.uy\\\/wp-content\\\/uploads\\\/2025\\\/06\\\/PAQ624.webp\",\"contentUrl\":\"https:\\\/\\\/staging.elkaminante.com.uy\\\/wp-content\\\/uploads\\\/2025\\\/06\\\/PAQ624.webp\",\"width\":800,\"height\":457},{\"@type\":\"BreadcrumbList\",\"@id\":\"https:\\\/\\\/staging.elkaminante.com.uy\\\/paquetes\\\/viva-miches-by-wyndham\\\/#breadcrumb\",\"itemListElement\":[{\"@type\":\"ListItem\",\"position\":1,\"name\":\"Inicio\",\"item\":\"https:\\\/\\\/staging.elkaminante.com.uy\\\/en\\\/\"},{\"@type\":\"ListItem\",\"position\":2,\"name\":\"Viajes por el mundo\",\"item\":\"https:\\\/\\\/staging.elkaminante.com.uy\\\/en\\\/paquetes\\\/\"},{\"@type\":\"ListItem\",\"position\":3,\"name\":\"Wyndham Miches Dominicana All Inclusive\"}]},{\"@type\":\"WebSite\",\"@id\":\"https:\\\/\\\/staging.elkaminante.com.uy\\\/#website\",\"url\":\"https:\\\/\\\/staging.elkaminante.com.uy\\\/\",\"name\":\"El Kaminante\",\"description\":\"Viajes &amp; Turismo\",\"publisher\":{\"@id\":\"https:\\\/\\\/staging.elkaminante.com.uy\\\/#organization\"},\"potentialAction\":[{\"@type\":\"SearchAction\",\"target\":{\"@type\":\"EntryPoint\",\"urlTemplate\":\"https:\\\/\\\/staging.elkaminante.com.uy\\\/?s={search_term_string}\"},\"query-input\":{\"@type\":\"PropertyValueSpecification\",\"valueRequired\":true,\"valueName\":\"search_term_string\"}}],\"inLanguage\":\"en-US\"},{\"@type\":\"Organization\",\"@id\":\"https:\\\/\\\/staging.elkaminante.com.uy\\\/#organization\",\"name\":\"El Kaminante\",\"url\":\"https:\\\/\\\/staging.elkaminante.com.uy\\\/\",\"logo\":{\"@type\":\"ImageObject\",\"inLanguage\":\"en-US\",\"@id\":\"https:\\\/\\\/staging.elkaminante.com.uy\\\/#\\\/schema\\\/logo\\\/image\\\/\",\"url\":\"https:\\\/\\\/staging.elkaminante.com.uy\\\/wp-content\\\/uploads\\\/2025\\\/02\\\/logo-elkaminante-blanco.svg\",\"contentUrl\":\"https:\\\/\\\/staging.elkaminante.com.uy\\\/wp-content\\\/uploads\\\/2025\\\/02\\\/logo-elkaminante-blanco.svg\",\"caption\":\"El Kaminante\"},\"image\":{\"@id\":\"https:\\\/\\\/staging.elkaminante.com.uy\\\/#\\\/schema\\\/logo\\\/image\\\/\"}}]}<\/script>\n<!-- \/ Yoast SEO plugin. -->","yoast_head_json":{"title":"Wyndham Miches Dominicana All Inclusive - El Kaminante","robots":{"index":"noindex","follow":"follow","max-snippet":"max-snippet:-1","max-image-preview":"max-image-preview:large","max-video-preview":"max-video-preview:-1"},"og_locale":"en_US","og_type":"article","og_title":"Wyndham Miches Dominicana All Inclusive - El Kaminante","og_description":"Hotel Viva Wyndam Mich\u00e9s se encuentra en un hermoso entorno en la exclusiva isla de Mich\u00e9s, en Rep\u00fablica Dominicana. Rodeado de playas de arena blanca y aguas turquesas, el resort ofrece un refugio perfecto para quienes buscan tranquilidad y belleza natural. Sus jardines tropicales exuberantes y su orientaci\u00f3n hacia el oc\u00e9ano crean una atm\u00f3sfera relajante y paradis\u00edaca.  El hotel cuenta con c\u00f3modas habitaciones y suites con vistas impresionantes, dise\u00f1adas para brindar confort y descanso. Sus amplias instalaciones incluyen piscinas infinitas, restaurantes de gastronom\u00eda local e internacional, bares junto a la piscina y espacios para actividades recreativas y deportes acu\u00e1ticos. Adem\u00e1s, ofrece servicios de spa y bienestar para que los hu\u00e9spedes puedan relajarse por completo.  En definitiva, Hotel Viva Wyndam Mich\u00e9s combina la naturaleza, el lujo y la diversi\u00f3n en un escenario id\u00edlico, ideal para unas vacaciones memorables rodeado de belleza y serenidad.Punta Cana es considerada uno de los mayores polos de atracci\u00f3n tur\u00edstica de la Rep\u00fablica Dominicana, ofrece alrededor de 50 Km. de playas, una infraestructura hotelera de excelencia, aeropuerto internacional, facilidades para todos los deportes, desde paseos en veleros hasta las bondades de algunas de las mejores canchas de golf del Caribe y el placer de saborear deliciosos mariscos a la orilla del mar. Queda en el extremo oriental de la isla, exactamente en el punto de confluencia entre el Atl\u00e1ntico y el Caribe. Adoptada desde hace a\u00f1os por el turismo de origen europeo, alberga a algunos de los resorts m\u00e1s renombrados del Caribe. Un reporte de la UNESCO reconoce las playas de Bavaro como las mejores del mundo.","og_url":"https:\/\/staging.elkaminante.com.uy\/paquetes\/viva-miches-by-wyndham\/","og_site_name":"El Kaminante","article_modified_time":"2026-05-15T17:48:52+00:00","og_image":[{"width":800,"height":457,"url":"https:\/\/staging.elkaminante.com.uy\/wp-content\/uploads\/2025\/06\/PAQ624.webp","type":"image\/webp"}],"twitter_card":"summary_large_image","schema":{"@context":"https:\/\/schema.org","@graph":[{"@type":"WebPage","@id":"https:\/\/staging.elkaminante.com.uy\/paquetes\/viva-miches-by-wyndham\/","url":"https:\/\/staging.elkaminante.com.uy\/paquetes\/viva-miches-by-wyndham\/","name":"Wyndham Miches Dominicana All Inclusive - El Kaminante","isPartOf":{"@id":"https:\/\/staging.elkaminante.com.uy\/#website"},"primaryImageOfPage":{"@id":"https:\/\/staging.elkaminante.com.uy\/paquetes\/viva-miches-by-wyndham\/#primaryimage"},"image":{"@id":"https:\/\/staging.elkaminante.com.uy\/paquetes\/viva-miches-by-wyndham\/#primaryimage"},"thumbnailUrl":"https:\/\/staging.elkaminante.com.uy\/wp-content\/uploads\/2025\/06\/PAQ624.webp","datePublished":"2025-06-28T23:26:41+00:00","dateModified":"2026-05-15T17:48:52+00:00","breadcrumb":{"@id":"https:\/\/staging.elkaminante.com.uy\/paquetes\/viva-miches-by-wyndham\/#breadcrumb"},"inLanguage":"en-US","potentialAction":[{"@type":"ReadAction","target":["https:\/\/staging.elkaminante.com.uy\/paquetes\/viva-miches-by-wyndham\/"]}]},{"@type":"ImageObject","inLanguage":"en-US","@id":"https:\/\/staging.elkaminante.com.uy\/paquetes\/viva-miches-by-wyndham\/#primaryimage","url":"https:\/\/staging.elkaminante.com.uy\/wp-content\/uploads\/2025\/06\/PAQ624.webp","contentUrl":"https:\/\/staging.elkaminante.com.uy\/wp-content\/uploads\/2025\/06\/PAQ624.webp","width":800,"height":457},{"@type":"BreadcrumbList","@id":"https:\/\/staging.elkaminante.com.uy\/paquetes\/viva-miches-by-wyndham\/#breadcrumb","itemListElement":[{"@type":"ListItem","position":1,"name":"Inicio","item":"https:\/\/staging.elkaminante.com.uy\/en\/"},{"@type":"ListItem","position":2,"name":"Viajes por el mundo","item":"https:\/\/staging.elkaminante.com.uy\/en\/paquetes\/"},{"@type":"ListItem","position":3,"name":"Wyndham Miches Dominicana All Inclusive"}]},{"@type":"WebSite","@id":"https:\/\/staging.elkaminante.com.uy\/#website","url":"https:\/\/staging.elkaminante.com.uy\/","name":"El Kaminante","description":"Viajes &amp; Turismo","publisher":{"@id":"https:\/\/staging.elkaminante.com.uy\/#organization"},"potentialAction":[{"@type":"SearchAction","target":{"@type":"EntryPoint","urlTemplate":"https:\/\/staging.elkaminante.com.uy\/?s={search_term_string}"},"query-input":{"@type":"PropertyValueSpecification","valueRequired":true,"valueName":"search_term_string"}}],"inLanguage":"en-US"},{"@type":"Organization","@id":"https:\/\/staging.elkaminante.com.uy\/#organization","name":"El Kaminante","url":"https:\/\/staging.elkaminante.com.uy\/","logo":{"@type":"ImageObject","inLanguage":"en-US","@id":"https:\/\/staging.elkaminante.com.uy\/#\/schema\/logo\/image\/","url":"https:\/\/staging.elkaminante.com.uy\/wp-content\/uploads\/2025\/02\/logo-elkaminante-blanco.svg","contentUrl":"https:\/\/staging.elkaminante.com.uy\/wp-content\/uploads\/2025\/02\/logo-elkaminante-blanco.svg","caption":"El Kaminante"},"image":{"@id":"https:\/\/staging.elkaminante.com.uy\/#\/schema\/logo\/image\/"}}]}},"_links":{"self":[{"href":"https:\/\/staging.elkaminante.com.uy\/en\/wp-json\/wp\/v2\/product\/11986","targetHints":{"allow":["GET"]}}],"collection":[{"href":"https:\/\/staging.elkaminante.com.uy\/en\/wp-json\/wp\/v2\/product"}],"about":[{"href":"https:\/\/staging.elkaminante.com.uy\/en\/wp-json\/wp\/v2\/types\/product"}],"wp:featuredmedia":[{"embeddable":true,"href":"https:\/\/staging.elkaminante.com.uy\/en\/wp-json\/wp\/v2\/media\/11984"}],"wp:attachment":[{"href":"https:\/\/staging.elkaminante.com.uy\/en\/wp-json\/wp\/v2\/media?parent=11986"}],"wp:term":[{"taxonomy":"product_brand","embeddable":true,"href":"https:\/\/staging.elkaminante.com.uy\/en\/wp-json\/wp\/v2\/product_brand?post=11986"},{"taxonomy":"product_cat","embeddable":true,"href":"https:\/\/staging.elkaminante.com.uy\/en\/wp-json\/wp\/v2\/product_cat?post=11986"},{"taxonomy":"product_tag","embeddable":true,"href":"https:\/\/staging.elkaminante.com.uy\/en\/wp-json\/wp\/v2\/product_tag?post=11986"}],"curies":[{"name":"wp","href":"https:\/\/api.w.org\/{rel}","templated":true}]}}