{"id":11959,"date":"2025-06-16T20:24:45","date_gmt":"2025-06-16T23:24:45","guid":{"rendered":"https:\/\/elkaminante.com.uy\/paquetes\/todo-portugal\/"},"modified":"2026-05-15T14:48:51","modified_gmt":"2026-05-15T17:48:51","slug":"todo-portugal","status":"publish","type":"product","link":"https:\/\/staging.elkaminante.com.uy\/en\/paquetes\/todo-portugal\/","title":{"rendered":"Todo Portugal"},"content":{"rendered":"","protected":false},"excerpt":{"rendered":"<p><b>Portugal<\/b> pertenece a la Uni\u00f3n Europea y tiene como capital a la ciudad de Lisboa, la cual es, tambi\u00e9n la m\u00e1s poblada, incluyendo tambi\u00e9n dentro de su territorio a los archipi\u00e9lagos aut\u00f3nomos de las Azores y de Madeira, que se ubican en el hemisferio norte del oc\u00e9ano Atl\u00e1ntico. La gastronom\u00eda de Portugal es principalmente mediterr\u00e1nea con influencias \u00e1rabes, espa\u00f1olas y brasile\u00f1as que presentan ingredientes como el pan, aceites, especias, quesos y dem\u00e1s carnes, destacando tambi\u00e9n su tradici\u00f3n vin\u00edcola. Portugal es un pa\u00eds muy religioso, por lo que se celebran todas las festividades mundiales para el catolicismo, adem\u00e1s de sus particulares fiestas religiosas como el Carnaval, la Fiesta de la Flor en Madeiras y la Fiesta del Esp\u00edritu Santo en las Azores. <i>Principales ciudades:<\/i>Lisboa (capital), Oporto, Aveiro, Braga, Co\u00edmbra, Guimar\u00e3es, \u00c9vora y Faro, entre otras.<\/p>\n","protected":false},"featured_media":11957,"template":"","meta":{"_acf_changed":false,"inline_featured_image":false},"product_brand":[],"product_cat":[28,1579],"product_tag":[2588,3191,2591,64,2050,2184,124,1680,2589,2590,3192,4698,3188,926,3190,3189,3193,65,121,4219,2755,126,586,585,4186,590,61,3717,128,587,63],"class_list":{"0":"post-11959","1":"product","2":"type-product","3":"status-publish","4":"has-post-thumbnail","6":"product_cat-paquetes","7":"product_cat-uruguay","8":"product_tag-albufeira","9":"product_tag-braga","10":"product_tag-coimbra","11":"product_tag-desayuno","12":"product_tag-en-octubre","13":"product_tag-en-portugal","14":"product_tag-europa","15":"product_tag-europamundo","16":"product_tag-evora","17":"product_tag-fatima","18":"product_tag-guimaraes","19":"product_tag-hot-week","20":"product_tag-lagos","21":"product_tag-lisboa","22":"product_tag-marvao","23":"product_tag-mertola","24":"product_tag-nazare","25":"product_tag-no-aplica","26":"product_tag-octubre","27":"product_tag-octubre-2026europamundo","28":"product_tag-oporto","29":"product_tag-paquetes-a-europa","30":"product_tag-paquetes-a-portugal","31":"product_tag-portugal","32":"product_tag-portugal-en-octubre","33":"product_tag-portugal-en-portugal","34":"product_tag-sin-destino","35":"product_tag-todo-portugal","36":"product_tag-viajes-a-europa","37":"product_tag-viajes-a-portugal","38":"product_tag-vuelo-y-circuito","39":"entry","40":"has-media","42":"first","43":"instock","44":"shipping-taxable","45":"purchasable","46":"product-type-simple"},"acf":[],"yoast_head":"<!-- This site is optimized with the Yoast SEO plugin v27.6 - https:\/\/yoast.com\/product\/yoast-seo-wordpress\/ -->\n<title>Todo Portugal - El Kaminante<\/title>\n<meta name=\"robots\" content=\"noindex, follow, max-snippet:-1, max-image-preview:large, max-video-preview:-1\" \/>\n<meta property=\"og:locale\" content=\"en_US\" \/>\n<meta property=\"og:type\" content=\"article\" \/>\n<meta property=\"og:title\" content=\"Todo Portugal - El Kaminante\" \/>\n<meta property=\"og:description\" content=\"Portugal pertenece a la Uni\u00f3n Europea y tiene como capital a la ciudad de Lisboa, la cual es, tambi\u00e9n la m\u00e1s poblada, incluyendo tambi\u00e9n dentro de su territorio a los archipi\u00e9lagos aut\u00f3nomos de las Azores y de Madeira, que se ubican en el hemisferio norte del oc\u00e9ano Atl\u00e1ntico. La gastronom\u00eda de Portugal es principalmente mediterr\u00e1nea con influencias \u00e1rabes, espa\u00f1olas y brasile\u00f1as que presentan ingredientes como el pan, aceites, especias, quesos y dem\u00e1s carnes, destacando tambi\u00e9n su tradici\u00f3n vin\u00edcola. Portugal es un pa\u00eds muy religioso, por lo que se celebran todas las festividades mundiales para el catolicismo, adem\u00e1s de sus particulares fiestas religiosas como el Carnaval, la Fiesta de la Flor en Madeiras y la Fiesta del Esp\u00edritu Santo en las Azores. Principales ciudades:Lisboa (capital), Oporto, Aveiro, Braga, Co\u00edmbra, Guimar\u00e3es, \u00c9vora y Faro, entre otras.\" \/>\n<meta property=\"og:url\" content=\"https:\/\/staging.elkaminante.com.uy\/paquetes\/todo-portugal\/\" \/>\n<meta property=\"og:site_name\" content=\"El Kaminante\" \/>\n<meta property=\"article:modified_time\" content=\"2026-05-15T17:48:51+00:00\" \/>\n<meta name=\"twitter:card\" content=\"summary_large_image\" \/>\n<script type=\"application\/ld+json\" class=\"yoast-schema-graph\">{\"@context\":\"https:\\\/\\\/schema.org\",\"@graph\":[{\"@type\":\"WebPage\",\"@id\":\"https:\\\/\\\/staging.elkaminante.com.uy\\\/paquetes\\\/todo-portugal\\\/\",\"url\":\"https:\\\/\\\/staging.elkaminante.com.uy\\\/paquetes\\\/todo-portugal\\\/\",\"name\":\"Todo Portugal - El Kaminante\",\"isPartOf\":{\"@id\":\"https:\\\/\\\/staging.elkaminante.com.uy\\\/#website\"},\"primaryImageOfPage\":{\"@id\":\"https:\\\/\\\/staging.elkaminante.com.uy\\\/paquetes\\\/todo-portugal\\\/#primaryimage\"},\"image\":{\"@id\":\"https:\\\/\\\/staging.elkaminante.com.uy\\\/paquetes\\\/todo-portugal\\\/#primaryimage\"},\"thumbnailUrl\":\"https:\\\/\\\/staging.elkaminante.com.uy\\\/wp-content\\\/uploads\\\/2025\\\/06\\\/PAQ619.webp\",\"datePublished\":\"2025-06-16T23:24:45+00:00\",\"dateModified\":\"2026-05-15T17:48:51+00:00\",\"breadcrumb\":{\"@id\":\"https:\\\/\\\/staging.elkaminante.com.uy\\\/paquetes\\\/todo-portugal\\\/#breadcrumb\"},\"inLanguage\":\"en-US\",\"potentialAction\":[{\"@type\":\"ReadAction\",\"target\":[\"https:\\\/\\\/staging.elkaminante.com.uy\\\/paquetes\\\/todo-portugal\\\/\"]}]},{\"@type\":\"ImageObject\",\"inLanguage\":\"en-US\",\"@id\":\"https:\\\/\\\/staging.elkaminante.com.uy\\\/paquetes\\\/todo-portugal\\\/#primaryimage\",\"url\":\"https:\\\/\\\/staging.elkaminante.com.uy\\\/wp-content\\\/uploads\\\/2025\\\/06\\\/PAQ619.webp\",\"contentUrl\":\"https:\\\/\\\/staging.elkaminante.com.uy\\\/wp-content\\\/uploads\\\/2025\\\/06\\\/PAQ619.webp\",\"width\":800,\"height\":457},{\"@type\":\"BreadcrumbList\",\"@id\":\"https:\\\/\\\/staging.elkaminante.com.uy\\\/paquetes\\\/todo-portugal\\\/#breadcrumb\",\"itemListElement\":[{\"@type\":\"ListItem\",\"position\":1,\"name\":\"Inicio\",\"item\":\"https:\\\/\\\/staging.elkaminante.com.uy\\\/en\\\/\"},{\"@type\":\"ListItem\",\"position\":2,\"name\":\"Viajes por el mundo\",\"item\":\"https:\\\/\\\/staging.elkaminante.com.uy\\\/en\\\/paquetes\\\/\"},{\"@type\":\"ListItem\",\"position\":3,\"name\":\"Todo Portugal\"}]},{\"@type\":\"WebSite\",\"@id\":\"https:\\\/\\\/staging.elkaminante.com.uy\\\/#website\",\"url\":\"https:\\\/\\\/staging.elkaminante.com.uy\\\/\",\"name\":\"El Kaminante\",\"description\":\"Viajes &amp; Turismo\",\"publisher\":{\"@id\":\"https:\\\/\\\/staging.elkaminante.com.uy\\\/#organization\"},\"potentialAction\":[{\"@type\":\"SearchAction\",\"target\":{\"@type\":\"EntryPoint\",\"urlTemplate\":\"https:\\\/\\\/staging.elkaminante.com.uy\\\/?s={search_term_string}\"},\"query-input\":{\"@type\":\"PropertyValueSpecification\",\"valueRequired\":true,\"valueName\":\"search_term_string\"}}],\"inLanguage\":\"en-US\"},{\"@type\":\"Organization\",\"@id\":\"https:\\\/\\\/staging.elkaminante.com.uy\\\/#organization\",\"name\":\"El Kaminante\",\"url\":\"https:\\\/\\\/staging.elkaminante.com.uy\\\/\",\"logo\":{\"@type\":\"ImageObject\",\"inLanguage\":\"en-US\",\"@id\":\"https:\\\/\\\/staging.elkaminante.com.uy\\\/#\\\/schema\\\/logo\\\/image\\\/\",\"url\":\"https:\\\/\\\/staging.elkaminante.com.uy\\\/wp-content\\\/uploads\\\/2025\\\/02\\\/logo-elkaminante-blanco.svg\",\"contentUrl\":\"https:\\\/\\\/staging.elkaminante.com.uy\\\/wp-content\\\/uploads\\\/2025\\\/02\\\/logo-elkaminante-blanco.svg\",\"caption\":\"El Kaminante\"},\"image\":{\"@id\":\"https:\\\/\\\/staging.elkaminante.com.uy\\\/#\\\/schema\\\/logo\\\/image\\\/\"}}]}<\/script>\n<!-- \/ Yoast SEO plugin. -->","yoast_head_json":{"title":"Todo Portugal - El Kaminante","robots":{"index":"noindex","follow":"follow","max-snippet":"max-snippet:-1","max-image-preview":"max-image-preview:large","max-video-preview":"max-video-preview:-1"},"og_locale":"en_US","og_type":"article","og_title":"Todo Portugal - El Kaminante","og_description":"Portugal pertenece a la Uni\u00f3n Europea y tiene como capital a la ciudad de Lisboa, la cual es, tambi\u00e9n la m\u00e1s poblada, incluyendo tambi\u00e9n dentro de su territorio a los archipi\u00e9lagos aut\u00f3nomos de las Azores y de Madeira, que se ubican en el hemisferio norte del oc\u00e9ano Atl\u00e1ntico. La gastronom\u00eda de Portugal es principalmente mediterr\u00e1nea con influencias \u00e1rabes, espa\u00f1olas y brasile\u00f1as que presentan ingredientes como el pan, aceites, especias, quesos y dem\u00e1s carnes, destacando tambi\u00e9n su tradici\u00f3n vin\u00edcola. Portugal es un pa\u00eds muy religioso, por lo que se celebran todas las festividades mundiales para el catolicismo, adem\u00e1s de sus particulares fiestas religiosas como el Carnaval, la Fiesta de la Flor en Madeiras y la Fiesta del Esp\u00edritu Santo en las Azores. Principales ciudades:Lisboa (capital), Oporto, Aveiro, Braga, Co\u00edmbra, Guimar\u00e3es, \u00c9vora y Faro, entre otras.","og_url":"https:\/\/staging.elkaminante.com.uy\/paquetes\/todo-portugal\/","og_site_name":"El Kaminante","article_modified_time":"2026-05-15T17:48:51+00:00","twitter_card":"summary_large_image","schema":{"@context":"https:\/\/schema.org","@graph":[{"@type":"WebPage","@id":"https:\/\/staging.elkaminante.com.uy\/paquetes\/todo-portugal\/","url":"https:\/\/staging.elkaminante.com.uy\/paquetes\/todo-portugal\/","name":"Todo Portugal - El Kaminante","isPartOf":{"@id":"https:\/\/staging.elkaminante.com.uy\/#website"},"primaryImageOfPage":{"@id":"https:\/\/staging.elkaminante.com.uy\/paquetes\/todo-portugal\/#primaryimage"},"image":{"@id":"https:\/\/staging.elkaminante.com.uy\/paquetes\/todo-portugal\/#primaryimage"},"thumbnailUrl":"https:\/\/staging.elkaminante.com.uy\/wp-content\/uploads\/2025\/06\/PAQ619.webp","datePublished":"2025-06-16T23:24:45+00:00","dateModified":"2026-05-15T17:48:51+00:00","breadcrumb":{"@id":"https:\/\/staging.elkaminante.com.uy\/paquetes\/todo-portugal\/#breadcrumb"},"inLanguage":"en-US","potentialAction":[{"@type":"ReadAction","target":["https:\/\/staging.elkaminante.com.uy\/paquetes\/todo-portugal\/"]}]},{"@type":"ImageObject","inLanguage":"en-US","@id":"https:\/\/staging.elkaminante.com.uy\/paquetes\/todo-portugal\/#primaryimage","url":"https:\/\/staging.elkaminante.com.uy\/wp-content\/uploads\/2025\/06\/PAQ619.webp","contentUrl":"https:\/\/staging.elkaminante.com.uy\/wp-content\/uploads\/2025\/06\/PAQ619.webp","width":800,"height":457},{"@type":"BreadcrumbList","@id":"https:\/\/staging.elkaminante.com.uy\/paquetes\/todo-portugal\/#breadcrumb","itemListElement":[{"@type":"ListItem","position":1,"name":"Inicio","item":"https:\/\/staging.elkaminante.com.uy\/en\/"},{"@type":"ListItem","position":2,"name":"Viajes por el mundo","item":"https:\/\/staging.elkaminante.com.uy\/en\/paquetes\/"},{"@type":"ListItem","position":3,"name":"Todo Portugal"}]},{"@type":"WebSite","@id":"https:\/\/staging.elkaminante.com.uy\/#website","url":"https:\/\/staging.elkaminante.com.uy\/","name":"El Kaminante","description":"Viajes &amp; Turismo","publisher":{"@id":"https:\/\/staging.elkaminante.com.uy\/#organization"},"potentialAction":[{"@type":"SearchAction","target":{"@type":"EntryPoint","urlTemplate":"https:\/\/staging.elkaminante.com.uy\/?s={search_term_string}"},"query-input":{"@type":"PropertyValueSpecification","valueRequired":true,"valueName":"search_term_string"}}],"inLanguage":"en-US"},{"@type":"Organization","@id":"https:\/\/staging.elkaminante.com.uy\/#organization","name":"El Kaminante","url":"https:\/\/staging.elkaminante.com.uy\/","logo":{"@type":"ImageObject","inLanguage":"en-US","@id":"https:\/\/staging.elkaminante.com.uy\/#\/schema\/logo\/image\/","url":"https:\/\/staging.elkaminante.com.uy\/wp-content\/uploads\/2025\/02\/logo-elkaminante-blanco.svg","contentUrl":"https:\/\/staging.elkaminante.com.uy\/wp-content\/uploads\/2025\/02\/logo-elkaminante-blanco.svg","caption":"El Kaminante"},"image":{"@id":"https:\/\/staging.elkaminante.com.uy\/#\/schema\/logo\/image\/"}}]}},"_links":{"self":[{"href":"https:\/\/staging.elkaminante.com.uy\/en\/wp-json\/wp\/v2\/product\/11959","targetHints":{"allow":["GET"]}}],"collection":[{"href":"https:\/\/staging.elkaminante.com.uy\/en\/wp-json\/wp\/v2\/product"}],"about":[{"href":"https:\/\/staging.elkaminante.com.uy\/en\/wp-json\/wp\/v2\/types\/product"}],"wp:featuredmedia":[{"embeddable":true,"href":"https:\/\/staging.elkaminante.com.uy\/en\/wp-json\/wp\/v2\/media\/11957"}],"wp:attachment":[{"href":"https:\/\/staging.elkaminante.com.uy\/en\/wp-json\/wp\/v2\/media?parent=11959"}],"wp:term":[{"taxonomy":"product_brand","embeddable":true,"href":"https:\/\/staging.elkaminante.com.uy\/en\/wp-json\/wp\/v2\/product_brand?post=11959"},{"taxonomy":"product_cat","embeddable":true,"href":"https:\/\/staging.elkaminante.com.uy\/en\/wp-json\/wp\/v2\/product_cat?post=11959"},{"taxonomy":"product_tag","embeddable":true,"href":"https:\/\/staging.elkaminante.com.uy\/en\/wp-json\/wp\/v2\/product_tag?post=11959"}],"curies":[{"name":"wp","href":"https:\/\/api.w.org\/{rel}","templated":true}]}}