{"id":11912,"date":"2025-06-16T20:24:19","date_gmt":"2025-06-16T23:24:19","guid":{"rendered":"https:\/\/elkaminante.com.uy\/paquetes\/vietnam-y-tailandia\/"},"modified":"2026-05-15T14:48:50","modified_gmt":"2026-05-15T17:48:50","slug":"vietnam-y-tailandia","status":"publish","type":"product","link":"https:\/\/staging.elkaminante.com.uy\/en\/paquetes\/vietnam-y-tailandia\/","title":{"rendered":"Vietnam  y Tailandia"},"content":{"rendered":"","protected":false},"excerpt":{"rendered":"<p><b>Vietnam<\/b> invita al relax, a disfrutar de los paisajes, a vivir experiencias \u00fanica y a mucho m\u00e1s. Hacer turismo en Vietnam le llevar\u00e1 a conocer miles de rincones que le parecer\u00e1 que solo pueden existir en un para\u00edso, disfrutando de escenarios que parecen sacados de una pel\u00edcula. <i>Principales atractivos tur\u00edsticos:<\/i>Han\u00f3i, la Bah\u00eda de Hanlong, el golfo de Tonk\u00edn, Hoi An, el r\u00edo Thu Bon, Ho Chi Minh, Saig\u00f3n, los t\u00faneles de Cu Chi, el Binh Thay, las pagodas de Thien Hau y Giac Lam y el valle de Sapa, entre otros.<\/p>\n<p>Ex\u00f3tica y llena de atractivos, <b>Tailandia<\/b> sugiere playas e islas paradis\u00edacas, interesantes tribus de monta\u00f1a del norte, animadas calles y mercados en Bangkok o algunos de los mejores rincones para bucear del planeta. Tailandia es uno de los destinos m\u00e1s so\u00f1ados y visitados del mundo. Los motivos son muchos: una cultura milenaria llena de historia, una gastronom\u00eda sabrosa y low cost, monta\u00f1as verdes salpicadas de cascadas, templos donde acercarse al budismo, playas de ensue\u00f1o y una capital que nunca descansa. El Templo del Buda de Oro, o Wat Traimit, es un lugar que debe visitar al viajar a Tailandia. En su interior podr\u00e1 disfrutar de una impresionante figura de oro macizo. No se pierda tampoco el Templo del Amanecer, el m\u00e1s antiguo y m\u00e1s alto de todos los santuarios de la ciudad.<\/p>\n","protected":false},"featured_media":11910,"template":"","meta":{"_acf_changed":false,"inline_featured_image":false},"product_brand":[],"product_cat":[28,1579],"product_tag":[392,2050,2255,1634,2534,62,65,122,121,3923,395,394,905,2904,120,61,389,397,396,906,719,3927,908,3703,119],"class_list":{"0":"post-11912","1":"product","2":"type-product","3":"status-publish","4":"has-post-thumbnail","6":"product_cat-paquetes","7":"product_cat-uruguay","8":"product_tag-asia","9":"product_tag-en-octubre","10":"product_tag-en-vietnam","11":"product_tag-exhotico","12":"product_tag-exotico","13":"product_tag-exoticos","14":"product_tag-no-aplica","15":"product_tag-noviembre","16":"product_tag-octubre","17":"product_tag-octubre-noviembre-2026","18":"product_tag-paquetes-a-asia","19":"product_tag-paquetes-a-tailandia","20":"product_tag-paquetes-a-vietnam","21":"product_tag-sao-paulo","22":"product_tag-sin-comidas","23":"product_tag-sin-destino","24":"product_tag-tailandia","25":"product_tag-viajes-a-asia","26":"product_tag-viajes-a-tailandia","27":"product_tag-viajes-a-vietnam","28":"product_tag-vietnam","29":"product_tag-vietnam-en-octubre","30":"product_tag-vietnam-en-vietnam","31":"product_tag-vietnam-y-tailandia","32":"product_tag-vuelo-y-hotel","33":"entry","34":"has-media","36":"first","37":"instock","38":"shipping-taxable","39":"purchasable","40":"product-type-simple"},"acf":[],"yoast_head":"<!-- This site is optimized with the Yoast SEO plugin v27.6 - https:\/\/yoast.com\/product\/yoast-seo-wordpress\/ -->\n<title>Vietnam y Tailandia - El Kaminante<\/title>\n<meta name=\"robots\" content=\"noindex, follow, max-snippet:-1, max-image-preview:large, max-video-preview:-1\" \/>\n<meta property=\"og:locale\" content=\"en_US\" \/>\n<meta property=\"og:type\" content=\"article\" \/>\n<meta property=\"og:title\" content=\"Vietnam y Tailandia - El Kaminante\" \/>\n<meta property=\"og:description\" content=\"Vietnam invita al relax, a disfrutar de los paisajes, a vivir experiencias \u00fanica y a mucho m\u00e1s. Hacer turismo en Vietnam le llevar\u00e1 a conocer miles de rincones que le parecer\u00e1 que solo pueden existir en un para\u00edso, disfrutando de escenarios que parecen sacados de una pel\u00edcula. Principales atractivos tur\u00edsticos:Han\u00f3i, la Bah\u00eda de Hanlong, el golfo de Tonk\u00edn, Hoi An, el r\u00edo Thu Bon, Ho Chi Minh, Saig\u00f3n, los t\u00faneles de Cu Chi, el Binh Thay, las pagodas de Thien Hau y Giac Lam y el valle de Sapa, entre otros.Ex\u00f3tica y llena de atractivos, Tailandia sugiere playas e islas paradis\u00edacas, interesantes tribus de monta\u00f1a del norte, animadas calles y mercados en Bangkok o algunos de los mejores rincones para bucear del planeta. Tailandia es uno de los destinos m\u00e1s so\u00f1ados y visitados del mundo. Los motivos son muchos: una cultura milenaria llena de historia, una gastronom\u00eda sabrosa y low cost, monta\u00f1as verdes salpicadas de cascadas, templos donde acercarse al budismo, playas de ensue\u00f1o y una capital que nunca descansa. El Templo del Buda de Oro, o Wat Traimit, es un lugar que debe visitar al viajar a Tailandia. En su interior podr\u00e1 disfrutar de una impresionante figura de oro macizo. No se pierda tampoco el Templo del Amanecer, el m\u00e1s antiguo y m\u00e1s alto de todos los santuarios de la ciudad.\" \/>\n<meta property=\"og:url\" content=\"https:\/\/staging.elkaminante.com.uy\/paquetes\/vietnam-y-tailandia\/\" \/>\n<meta property=\"og:site_name\" content=\"El Kaminante\" \/>\n<meta property=\"article:modified_time\" content=\"2026-05-15T17:48:50+00:00\" \/>\n<meta name=\"twitter:card\" content=\"summary_large_image\" \/>\n<script type=\"application\/ld+json\" class=\"yoast-schema-graph\">{\"@context\":\"https:\\\/\\\/schema.org\",\"@graph\":[{\"@type\":\"WebPage\",\"@id\":\"https:\\\/\\\/staging.elkaminante.com.uy\\\/paquetes\\\/vietnam-y-tailandia\\\/\",\"url\":\"https:\\\/\\\/staging.elkaminante.com.uy\\\/paquetes\\\/vietnam-y-tailandia\\\/\",\"name\":\"Vietnam y Tailandia - El Kaminante\",\"isPartOf\":{\"@id\":\"https:\\\/\\\/staging.elkaminante.com.uy\\\/#website\"},\"primaryImageOfPage\":{\"@id\":\"https:\\\/\\\/staging.elkaminante.com.uy\\\/paquetes\\\/vietnam-y-tailandia\\\/#primaryimage\"},\"image\":{\"@id\":\"https:\\\/\\\/staging.elkaminante.com.uy\\\/paquetes\\\/vietnam-y-tailandia\\\/#primaryimage\"},\"thumbnailUrl\":\"https:\\\/\\\/staging.elkaminante.com.uy\\\/wp-content\\\/uploads\\\/2025\\\/06\\\/PAQ604.webp\",\"datePublished\":\"2025-06-16T23:24:19+00:00\",\"dateModified\":\"2026-05-15T17:48:50+00:00\",\"breadcrumb\":{\"@id\":\"https:\\\/\\\/staging.elkaminante.com.uy\\\/paquetes\\\/vietnam-y-tailandia\\\/#breadcrumb\"},\"inLanguage\":\"en-US\",\"potentialAction\":[{\"@type\":\"ReadAction\",\"target\":[\"https:\\\/\\\/staging.elkaminante.com.uy\\\/paquetes\\\/vietnam-y-tailandia\\\/\"]}]},{\"@type\":\"ImageObject\",\"inLanguage\":\"en-US\",\"@id\":\"https:\\\/\\\/staging.elkaminante.com.uy\\\/paquetes\\\/vietnam-y-tailandia\\\/#primaryimage\",\"url\":\"https:\\\/\\\/staging.elkaminante.com.uy\\\/wp-content\\\/uploads\\\/2025\\\/06\\\/PAQ604.webp\",\"contentUrl\":\"https:\\\/\\\/staging.elkaminante.com.uy\\\/wp-content\\\/uploads\\\/2025\\\/06\\\/PAQ604.webp\",\"width\":800,\"height\":457},{\"@type\":\"BreadcrumbList\",\"@id\":\"https:\\\/\\\/staging.elkaminante.com.uy\\\/paquetes\\\/vietnam-y-tailandia\\\/#breadcrumb\",\"itemListElement\":[{\"@type\":\"ListItem\",\"position\":1,\"name\":\"Inicio\",\"item\":\"https:\\\/\\\/staging.elkaminante.com.uy\\\/en\\\/\"},{\"@type\":\"ListItem\",\"position\":2,\"name\":\"Viajes por el mundo\",\"item\":\"https:\\\/\\\/staging.elkaminante.com.uy\\\/en\\\/paquetes\\\/\"},{\"@type\":\"ListItem\",\"position\":3,\"name\":\"Vietnam y Tailandia\"}]},{\"@type\":\"WebSite\",\"@id\":\"https:\\\/\\\/staging.elkaminante.com.uy\\\/#website\",\"url\":\"https:\\\/\\\/staging.elkaminante.com.uy\\\/\",\"name\":\"El Kaminante\",\"description\":\"Viajes &amp; Turismo\",\"publisher\":{\"@id\":\"https:\\\/\\\/staging.elkaminante.com.uy\\\/#organization\"},\"potentialAction\":[{\"@type\":\"SearchAction\",\"target\":{\"@type\":\"EntryPoint\",\"urlTemplate\":\"https:\\\/\\\/staging.elkaminante.com.uy\\\/?s={search_term_string}\"},\"query-input\":{\"@type\":\"PropertyValueSpecification\",\"valueRequired\":true,\"valueName\":\"search_term_string\"}}],\"inLanguage\":\"en-US\"},{\"@type\":\"Organization\",\"@id\":\"https:\\\/\\\/staging.elkaminante.com.uy\\\/#organization\",\"name\":\"El Kaminante\",\"url\":\"https:\\\/\\\/staging.elkaminante.com.uy\\\/\",\"logo\":{\"@type\":\"ImageObject\",\"inLanguage\":\"en-US\",\"@id\":\"https:\\\/\\\/staging.elkaminante.com.uy\\\/#\\\/schema\\\/logo\\\/image\\\/\",\"url\":\"https:\\\/\\\/staging.elkaminante.com.uy\\\/wp-content\\\/uploads\\\/2025\\\/02\\\/logo-elkaminante-blanco.svg\",\"contentUrl\":\"https:\\\/\\\/staging.elkaminante.com.uy\\\/wp-content\\\/uploads\\\/2025\\\/02\\\/logo-elkaminante-blanco.svg\",\"caption\":\"El Kaminante\"},\"image\":{\"@id\":\"https:\\\/\\\/staging.elkaminante.com.uy\\\/#\\\/schema\\\/logo\\\/image\\\/\"}}]}<\/script>\n<!-- \/ Yoast SEO plugin. -->","yoast_head_json":{"title":"Vietnam y Tailandia - El Kaminante","robots":{"index":"noindex","follow":"follow","max-snippet":"max-snippet:-1","max-image-preview":"max-image-preview:large","max-video-preview":"max-video-preview:-1"},"og_locale":"en_US","og_type":"article","og_title":"Vietnam y Tailandia - El Kaminante","og_description":"Vietnam invita al relax, a disfrutar de los paisajes, a vivir experiencias \u00fanica y a mucho m\u00e1s. Hacer turismo en Vietnam le llevar\u00e1 a conocer miles de rincones que le parecer\u00e1 que solo pueden existir en un para\u00edso, disfrutando de escenarios que parecen sacados de una pel\u00edcula. Principales atractivos tur\u00edsticos:Han\u00f3i, la Bah\u00eda de Hanlong, el golfo de Tonk\u00edn, Hoi An, el r\u00edo Thu Bon, Ho Chi Minh, Saig\u00f3n, los t\u00faneles de Cu Chi, el Binh Thay, las pagodas de Thien Hau y Giac Lam y el valle de Sapa, entre otros.Ex\u00f3tica y llena de atractivos, Tailandia sugiere playas e islas paradis\u00edacas, interesantes tribus de monta\u00f1a del norte, animadas calles y mercados en Bangkok o algunos de los mejores rincones para bucear del planeta. Tailandia es uno de los destinos m\u00e1s so\u00f1ados y visitados del mundo. Los motivos son muchos: una cultura milenaria llena de historia, una gastronom\u00eda sabrosa y low cost, monta\u00f1as verdes salpicadas de cascadas, templos donde acercarse al budismo, playas de ensue\u00f1o y una capital que nunca descansa. El Templo del Buda de Oro, o Wat Traimit, es un lugar que debe visitar al viajar a Tailandia. En su interior podr\u00e1 disfrutar de una impresionante figura de oro macizo. No se pierda tampoco el Templo del Amanecer, el m\u00e1s antiguo y m\u00e1s alto de todos los santuarios de la ciudad.","og_url":"https:\/\/staging.elkaminante.com.uy\/paquetes\/vietnam-y-tailandia\/","og_site_name":"El Kaminante","article_modified_time":"2026-05-15T17:48:50+00:00","twitter_card":"summary_large_image","schema":{"@context":"https:\/\/schema.org","@graph":[{"@type":"WebPage","@id":"https:\/\/staging.elkaminante.com.uy\/paquetes\/vietnam-y-tailandia\/","url":"https:\/\/staging.elkaminante.com.uy\/paquetes\/vietnam-y-tailandia\/","name":"Vietnam y Tailandia - El Kaminante","isPartOf":{"@id":"https:\/\/staging.elkaminante.com.uy\/#website"},"primaryImageOfPage":{"@id":"https:\/\/staging.elkaminante.com.uy\/paquetes\/vietnam-y-tailandia\/#primaryimage"},"image":{"@id":"https:\/\/staging.elkaminante.com.uy\/paquetes\/vietnam-y-tailandia\/#primaryimage"},"thumbnailUrl":"https:\/\/staging.elkaminante.com.uy\/wp-content\/uploads\/2025\/06\/PAQ604.webp","datePublished":"2025-06-16T23:24:19+00:00","dateModified":"2026-05-15T17:48:50+00:00","breadcrumb":{"@id":"https:\/\/staging.elkaminante.com.uy\/paquetes\/vietnam-y-tailandia\/#breadcrumb"},"inLanguage":"en-US","potentialAction":[{"@type":"ReadAction","target":["https:\/\/staging.elkaminante.com.uy\/paquetes\/vietnam-y-tailandia\/"]}]},{"@type":"ImageObject","inLanguage":"en-US","@id":"https:\/\/staging.elkaminante.com.uy\/paquetes\/vietnam-y-tailandia\/#primaryimage","url":"https:\/\/staging.elkaminante.com.uy\/wp-content\/uploads\/2025\/06\/PAQ604.webp","contentUrl":"https:\/\/staging.elkaminante.com.uy\/wp-content\/uploads\/2025\/06\/PAQ604.webp","width":800,"height":457},{"@type":"BreadcrumbList","@id":"https:\/\/staging.elkaminante.com.uy\/paquetes\/vietnam-y-tailandia\/#breadcrumb","itemListElement":[{"@type":"ListItem","position":1,"name":"Inicio","item":"https:\/\/staging.elkaminante.com.uy\/en\/"},{"@type":"ListItem","position":2,"name":"Viajes por el mundo","item":"https:\/\/staging.elkaminante.com.uy\/en\/paquetes\/"},{"@type":"ListItem","position":3,"name":"Vietnam y Tailandia"}]},{"@type":"WebSite","@id":"https:\/\/staging.elkaminante.com.uy\/#website","url":"https:\/\/staging.elkaminante.com.uy\/","name":"El Kaminante","description":"Viajes &amp; Turismo","publisher":{"@id":"https:\/\/staging.elkaminante.com.uy\/#organization"},"potentialAction":[{"@type":"SearchAction","target":{"@type":"EntryPoint","urlTemplate":"https:\/\/staging.elkaminante.com.uy\/?s={search_term_string}"},"query-input":{"@type":"PropertyValueSpecification","valueRequired":true,"valueName":"search_term_string"}}],"inLanguage":"en-US"},{"@type":"Organization","@id":"https:\/\/staging.elkaminante.com.uy\/#organization","name":"El Kaminante","url":"https:\/\/staging.elkaminante.com.uy\/","logo":{"@type":"ImageObject","inLanguage":"en-US","@id":"https:\/\/staging.elkaminante.com.uy\/#\/schema\/logo\/image\/","url":"https:\/\/staging.elkaminante.com.uy\/wp-content\/uploads\/2025\/02\/logo-elkaminante-blanco.svg","contentUrl":"https:\/\/staging.elkaminante.com.uy\/wp-content\/uploads\/2025\/02\/logo-elkaminante-blanco.svg","caption":"El Kaminante"},"image":{"@id":"https:\/\/staging.elkaminante.com.uy\/#\/schema\/logo\/image\/"}}]}},"_links":{"self":[{"href":"https:\/\/staging.elkaminante.com.uy\/en\/wp-json\/wp\/v2\/product\/11912","targetHints":{"allow":["GET"]}}],"collection":[{"href":"https:\/\/staging.elkaminante.com.uy\/en\/wp-json\/wp\/v2\/product"}],"about":[{"href":"https:\/\/staging.elkaminante.com.uy\/en\/wp-json\/wp\/v2\/types\/product"}],"wp:featuredmedia":[{"embeddable":true,"href":"https:\/\/staging.elkaminante.com.uy\/en\/wp-json\/wp\/v2\/media\/11910"}],"wp:attachment":[{"href":"https:\/\/staging.elkaminante.com.uy\/en\/wp-json\/wp\/v2\/media?parent=11912"}],"wp:term":[{"taxonomy":"product_brand","embeddable":true,"href":"https:\/\/staging.elkaminante.com.uy\/en\/wp-json\/wp\/v2\/product_brand?post=11912"},{"taxonomy":"product_cat","embeddable":true,"href":"https:\/\/staging.elkaminante.com.uy\/en\/wp-json\/wp\/v2\/product_cat?post=11912"},{"taxonomy":"product_tag","embeddable":true,"href":"https:\/\/staging.elkaminante.com.uy\/en\/wp-json\/wp\/v2\/product_tag?post=11912"}],"curies":[{"name":"wp","href":"https:\/\/api.w.org\/{rel}","templated":true}]}}