{"id":11909,"date":"2025-06-16T20:24:18","date_gmt":"2025-06-16T23:24:18","guid":{"rendered":"https:\/\/elkaminante.com.uy\/paquetes\/punta-cana-y-cancun\/"},"modified":"2026-05-15T14:48:48","modified_gmt":"2026-05-15T17:48:48","slug":"punta-cana-y-cancun","status":"publish","type":"product","link":"https:\/\/staging.elkaminante.com.uy\/en\/paquetes\/punta-cana-y-cancun\/","title":{"rendered":"Punta Cana y Canc\u00fan"},"content":{"rendered":"","protected":false},"excerpt":{"rendered":"<p><b>Canc\u00fan<\/b> es considerado el destino de playa m\u00e1s visitado de M\u00e9xico y quiz\u00e1s del mundo; con su gran variedad de paquetes &#8220;Cancun All Inclusive&#8221;, sin duda lo posicionan en uno de los favoritos de todos los p\u00fablicos. Tiene con qu\u00e9, playas de arena fina, lugares arqueol\u00f3gicos, paisajes que deslumbran, comida que deleita al paladar y artesan\u00edas que todo turista quiere comprar. Es un lugar bastante conocido por las vacaciones de primavera de los universitarios, pero su esp\u00edritu de fiesta, los kil\u00f3metros de resorts y su vida nocturna ininterrumpida son solo una peque\u00f1a parte de la historia. Sus playas aterciopeladas son de las mejores que el Caribe tiene para ofrecer, mientras que los buceadores y los aficionados al esn\u00f3rquel encontrar\u00e1n mucha acci\u00f3n entre las olas. En las afueras de la ciudad, se pueden visitar varios sitios hist\u00f3ricos, como las pir\u00e1mides de <i>Chich\u00e9n Itz\u00e1<\/i>, que ofrecen una inmersi\u00f3n profunda en la herencia maya sagrada de la zona.<\/p>\n<p><b>Punta Cana<\/b> es considerada uno de los mayores polos de atracci\u00f3n tur\u00edstica de la Rep\u00fablica Dominicana, ofrece alrededor de 50 Km. de playas, una infraestructura hotelera de excelencia, aeropuerto internacional, facilidades para todos los deportes, desde paseos en veleros hasta las bondades de algunas de las mejores canchas de golf del Caribe y el placer de saborear deliciosos mariscos a la orilla del mar. Queda en el extremo oriental de la isla, exactamente en el punto de confluencia entre el Atl\u00e1ntico y el Caribe. Adoptada desde hace a\u00f1os por el turismo de origen europeo, alberga a algunos de los resorts m\u00e1s renombrados del Caribe. Un reporte de la UNESCO reconoce las playas de Bavaro como las mejores del mundo.<\/p>\n","protected":false},"featured_media":11907,"template":"","meta":{"_acf_changed":false,"inline_featured_image":false},"product_brand":[],"product_cat":[28,1579],"product_tag":[173,175,70,214,34,176,225,2085,2071,2074,163,220,1252,65,71,180,73,215,164,228,226,177,223,3702,224,667,666,3775,61,3282,182,75,216,165,229,227,178,119],"class_list":{"0":"post-11909","1":"product","2":"type-product","3":"status-publish","4":"has-post-thumbnail","6":"product_cat-paquetes","7":"product_cat-uruguay","8":"product_tag-all-inclusive","9":"product_tag-america-central","10":"product_tag-america-del-norte","11":"product_tag-cancun","12":"product_tag-caribe","13":"product_tag-centro-america","14":"product_tag-dominicana","15":"product_tag-en-cancun","16":"product_tag-en-mexico","17":"product_tag-en-setiembre","18":"product_tag-mexico","19":"product_tag-mexico-en-cancun","20":"product_tag-mexico-en-setiembre","21":"product_tag-no-aplica","22":"product_tag-norte-america","23":"product_tag-paquetes-a-america-central","24":"product_tag-paquetes-a-america-del-norte","25":"product_tag-paquetes-a-cancun","26":"product_tag-paquetes-a-mexico","27":"product_tag-paquetes-a-punta-cana","28":"product_tag-paquetes-a-republica-dominicana","29":"product_tag-paquetes-al-caribe","30":"product_tag-punta-cana","31":"product_tag-punta-cana-y-cancun","32":"product_tag-republica-dominicana","33":"product_tag-septiembre","34":"product_tag-setiembre","35":"product_tag-setiembre-2026all-inclusive","36":"product_tag-sin-destino","37":"product_tag-temporada-baja","38":"product_tag-viajes-a-america-central","39":"product_tag-viajes-a-america-del-norte","40":"product_tag-viajes-a-cancun","41":"product_tag-viajes-a-mexico","42":"product_tag-viajes-a-punta-cana","43":"product_tag-viajes-a-republica-dominicana","44":"product_tag-viajes-al-caribe","45":"product_tag-vuelo-y-hotel","46":"entry","47":"has-media","49":"first","50":"instock","51":"shipping-taxable","52":"purchasable","53":"product-type-simple"},"acf":[],"yoast_head":"<!-- This site is optimized with the Yoast SEO plugin v27.6 - https:\/\/yoast.com\/product\/yoast-seo-wordpress\/ -->\n<title>Punta Cana y Canc\u00fan - El Kaminante<\/title>\n<meta name=\"robots\" content=\"noindex, follow, max-snippet:-1, max-image-preview:large, max-video-preview:-1\" \/>\n<meta property=\"og:locale\" content=\"en_US\" \/>\n<meta property=\"og:type\" content=\"article\" \/>\n<meta property=\"og:title\" content=\"Punta Cana y Canc\u00fan - El Kaminante\" \/>\n<meta property=\"og:description\" content=\"Canc\u00fan es considerado el destino de playa m\u00e1s visitado de M\u00e9xico y quiz\u00e1s del mundo; con su gran variedad de paquetes &quot;Cancun All Inclusive&quot;, sin duda lo posicionan en uno de los favoritos de todos los p\u00fablicos. Tiene con qu\u00e9, playas de arena fina, lugares arqueol\u00f3gicos, paisajes que deslumbran, comida que deleita al paladar y artesan\u00edas que todo turista quiere comprar. Es un lugar bastante conocido por las vacaciones de primavera de los universitarios, pero su esp\u00edritu de fiesta, los kil\u00f3metros de resorts y su vida nocturna ininterrumpida son solo una peque\u00f1a parte de la historia. Sus playas aterciopeladas son de las mejores que el Caribe tiene para ofrecer, mientras que los buceadores y los aficionados al esn\u00f3rquel encontrar\u00e1n mucha acci\u00f3n entre las olas. En las afueras de la ciudad, se pueden visitar varios sitios hist\u00f3ricos, como las pir\u00e1mides de Chich\u00e9n Itz\u00e1, que ofrecen una inmersi\u00f3n profunda en la herencia maya sagrada de la zona.Punta Cana es considerada uno de los mayores polos de atracci\u00f3n tur\u00edstica de la Rep\u00fablica Dominicana, ofrece alrededor de 50 Km. de playas, una infraestructura hotelera de excelencia, aeropuerto internacional, facilidades para todos los deportes, desde paseos en veleros hasta las bondades de algunas de las mejores canchas de golf del Caribe y el placer de saborear deliciosos mariscos a la orilla del mar. Queda en el extremo oriental de la isla, exactamente en el punto de confluencia entre el Atl\u00e1ntico y el Caribe. Adoptada desde hace a\u00f1os por el turismo de origen europeo, alberga a algunos de los resorts m\u00e1s renombrados del Caribe. Un reporte de la UNESCO reconoce las playas de Bavaro como las mejores del mundo.\" \/>\n<meta property=\"og:url\" content=\"https:\/\/staging.elkaminante.com.uy\/paquetes\/punta-cana-y-cancun\/\" \/>\n<meta property=\"og:site_name\" content=\"El Kaminante\" \/>\n<meta property=\"article:modified_time\" content=\"2026-05-15T17:48:48+00:00\" \/>\n<meta property=\"og:image\" content=\"https:\/\/staging.elkaminante.com.uy\/wp-content\/uploads\/2025\/06\/PAQ603.webp\" \/>\n\t<meta property=\"og:image:width\" content=\"800\" \/>\n\t<meta property=\"og:image:height\" content=\"457\" \/>\n\t<meta property=\"og:image:type\" content=\"image\/webp\" \/>\n<meta name=\"twitter:card\" content=\"summary_large_image\" \/>\n<script type=\"application\/ld+json\" class=\"yoast-schema-graph\">{\"@context\":\"https:\\\/\\\/schema.org\",\"@graph\":[{\"@type\":\"WebPage\",\"@id\":\"https:\\\/\\\/staging.elkaminante.com.uy\\\/paquetes\\\/punta-cana-y-cancun\\\/\",\"url\":\"https:\\\/\\\/staging.elkaminante.com.uy\\\/paquetes\\\/punta-cana-y-cancun\\\/\",\"name\":\"Punta Cana y Canc\u00fan - El Kaminante\",\"isPartOf\":{\"@id\":\"https:\\\/\\\/staging.elkaminante.com.uy\\\/#website\"},\"primaryImageOfPage\":{\"@id\":\"https:\\\/\\\/staging.elkaminante.com.uy\\\/paquetes\\\/punta-cana-y-cancun\\\/#primaryimage\"},\"image\":{\"@id\":\"https:\\\/\\\/staging.elkaminante.com.uy\\\/paquetes\\\/punta-cana-y-cancun\\\/#primaryimage\"},\"thumbnailUrl\":\"https:\\\/\\\/staging.elkaminante.com.uy\\\/wp-content\\\/uploads\\\/2025\\\/06\\\/PAQ603.webp\",\"datePublished\":\"2025-06-16T23:24:18+00:00\",\"dateModified\":\"2026-05-15T17:48:48+00:00\",\"breadcrumb\":{\"@id\":\"https:\\\/\\\/staging.elkaminante.com.uy\\\/paquetes\\\/punta-cana-y-cancun\\\/#breadcrumb\"},\"inLanguage\":\"en-US\",\"potentialAction\":[{\"@type\":\"ReadAction\",\"target\":[\"https:\\\/\\\/staging.elkaminante.com.uy\\\/paquetes\\\/punta-cana-y-cancun\\\/\"]}]},{\"@type\":\"ImageObject\",\"inLanguage\":\"en-US\",\"@id\":\"https:\\\/\\\/staging.elkaminante.com.uy\\\/paquetes\\\/punta-cana-y-cancun\\\/#primaryimage\",\"url\":\"https:\\\/\\\/staging.elkaminante.com.uy\\\/wp-content\\\/uploads\\\/2025\\\/06\\\/PAQ603.webp\",\"contentUrl\":\"https:\\\/\\\/staging.elkaminante.com.uy\\\/wp-content\\\/uploads\\\/2025\\\/06\\\/PAQ603.webp\",\"width\":800,\"height\":457},{\"@type\":\"BreadcrumbList\",\"@id\":\"https:\\\/\\\/staging.elkaminante.com.uy\\\/paquetes\\\/punta-cana-y-cancun\\\/#breadcrumb\",\"itemListElement\":[{\"@type\":\"ListItem\",\"position\":1,\"name\":\"Inicio\",\"item\":\"https:\\\/\\\/staging.elkaminante.com.uy\\\/en\\\/\"},{\"@type\":\"ListItem\",\"position\":2,\"name\":\"Viajes por el mundo\",\"item\":\"https:\\\/\\\/staging.elkaminante.com.uy\\\/en\\\/paquetes\\\/\"},{\"@type\":\"ListItem\",\"position\":3,\"name\":\"Punta Cana y Canc\u00fan\"}]},{\"@type\":\"WebSite\",\"@id\":\"https:\\\/\\\/staging.elkaminante.com.uy\\\/#website\",\"url\":\"https:\\\/\\\/staging.elkaminante.com.uy\\\/\",\"name\":\"El Kaminante\",\"description\":\"Viajes &amp; Turismo\",\"publisher\":{\"@id\":\"https:\\\/\\\/staging.elkaminante.com.uy\\\/#organization\"},\"potentialAction\":[{\"@type\":\"SearchAction\",\"target\":{\"@type\":\"EntryPoint\",\"urlTemplate\":\"https:\\\/\\\/staging.elkaminante.com.uy\\\/?s={search_term_string}\"},\"query-input\":{\"@type\":\"PropertyValueSpecification\",\"valueRequired\":true,\"valueName\":\"search_term_string\"}}],\"inLanguage\":\"en-US\"},{\"@type\":\"Organization\",\"@id\":\"https:\\\/\\\/staging.elkaminante.com.uy\\\/#organization\",\"name\":\"El Kaminante\",\"url\":\"https:\\\/\\\/staging.elkaminante.com.uy\\\/\",\"logo\":{\"@type\":\"ImageObject\",\"inLanguage\":\"en-US\",\"@id\":\"https:\\\/\\\/staging.elkaminante.com.uy\\\/#\\\/schema\\\/logo\\\/image\\\/\",\"url\":\"https:\\\/\\\/staging.elkaminante.com.uy\\\/wp-content\\\/uploads\\\/2025\\\/02\\\/logo-elkaminante-blanco.svg\",\"contentUrl\":\"https:\\\/\\\/staging.elkaminante.com.uy\\\/wp-content\\\/uploads\\\/2025\\\/02\\\/logo-elkaminante-blanco.svg\",\"caption\":\"El Kaminante\"},\"image\":{\"@id\":\"https:\\\/\\\/staging.elkaminante.com.uy\\\/#\\\/schema\\\/logo\\\/image\\\/\"}}]}<\/script>\n<!-- \/ Yoast SEO plugin. -->","yoast_head_json":{"title":"Punta Cana y Canc\u00fan - El Kaminante","robots":{"index":"noindex","follow":"follow","max-snippet":"max-snippet:-1","max-image-preview":"max-image-preview:large","max-video-preview":"max-video-preview:-1"},"og_locale":"en_US","og_type":"article","og_title":"Punta Cana y Canc\u00fan - El Kaminante","og_description":"Canc\u00fan es considerado el destino de playa m\u00e1s visitado de M\u00e9xico y quiz\u00e1s del mundo; con su gran variedad de paquetes \"Cancun All Inclusive\", sin duda lo posicionan en uno de los favoritos de todos los p\u00fablicos. Tiene con qu\u00e9, playas de arena fina, lugares arqueol\u00f3gicos, paisajes que deslumbran, comida que deleita al paladar y artesan\u00edas que todo turista quiere comprar. Es un lugar bastante conocido por las vacaciones de primavera de los universitarios, pero su esp\u00edritu de fiesta, los kil\u00f3metros de resorts y su vida nocturna ininterrumpida son solo una peque\u00f1a parte de la historia. Sus playas aterciopeladas son de las mejores que el Caribe tiene para ofrecer, mientras que los buceadores y los aficionados al esn\u00f3rquel encontrar\u00e1n mucha acci\u00f3n entre las olas. En las afueras de la ciudad, se pueden visitar varios sitios hist\u00f3ricos, como las pir\u00e1mides de Chich\u00e9n Itz\u00e1, que ofrecen una inmersi\u00f3n profunda en la herencia maya sagrada de la zona.Punta Cana es considerada uno de los mayores polos de atracci\u00f3n tur\u00edstica de la Rep\u00fablica Dominicana, ofrece alrededor de 50 Km. de playas, una infraestructura hotelera de excelencia, aeropuerto internacional, facilidades para todos los deportes, desde paseos en veleros hasta las bondades de algunas de las mejores canchas de golf del Caribe y el placer de saborear deliciosos mariscos a la orilla del mar. Queda en el extremo oriental de la isla, exactamente en el punto de confluencia entre el Atl\u00e1ntico y el Caribe. Adoptada desde hace a\u00f1os por el turismo de origen europeo, alberga a algunos de los resorts m\u00e1s renombrados del Caribe. Un reporte de la UNESCO reconoce las playas de Bavaro como las mejores del mundo.","og_url":"https:\/\/staging.elkaminante.com.uy\/paquetes\/punta-cana-y-cancun\/","og_site_name":"El Kaminante","article_modified_time":"2026-05-15T17:48:48+00:00","og_image":[{"width":800,"height":457,"url":"https:\/\/staging.elkaminante.com.uy\/wp-content\/uploads\/2025\/06\/PAQ603.webp","type":"image\/webp"}],"twitter_card":"summary_large_image","schema":{"@context":"https:\/\/schema.org","@graph":[{"@type":"WebPage","@id":"https:\/\/staging.elkaminante.com.uy\/paquetes\/punta-cana-y-cancun\/","url":"https:\/\/staging.elkaminante.com.uy\/paquetes\/punta-cana-y-cancun\/","name":"Punta Cana y Canc\u00fan - El Kaminante","isPartOf":{"@id":"https:\/\/staging.elkaminante.com.uy\/#website"},"primaryImageOfPage":{"@id":"https:\/\/staging.elkaminante.com.uy\/paquetes\/punta-cana-y-cancun\/#primaryimage"},"image":{"@id":"https:\/\/staging.elkaminante.com.uy\/paquetes\/punta-cana-y-cancun\/#primaryimage"},"thumbnailUrl":"https:\/\/staging.elkaminante.com.uy\/wp-content\/uploads\/2025\/06\/PAQ603.webp","datePublished":"2025-06-16T23:24:18+00:00","dateModified":"2026-05-15T17:48:48+00:00","breadcrumb":{"@id":"https:\/\/staging.elkaminante.com.uy\/paquetes\/punta-cana-y-cancun\/#breadcrumb"},"inLanguage":"en-US","potentialAction":[{"@type":"ReadAction","target":["https:\/\/staging.elkaminante.com.uy\/paquetes\/punta-cana-y-cancun\/"]}]},{"@type":"ImageObject","inLanguage":"en-US","@id":"https:\/\/staging.elkaminante.com.uy\/paquetes\/punta-cana-y-cancun\/#primaryimage","url":"https:\/\/staging.elkaminante.com.uy\/wp-content\/uploads\/2025\/06\/PAQ603.webp","contentUrl":"https:\/\/staging.elkaminante.com.uy\/wp-content\/uploads\/2025\/06\/PAQ603.webp","width":800,"height":457},{"@type":"BreadcrumbList","@id":"https:\/\/staging.elkaminante.com.uy\/paquetes\/punta-cana-y-cancun\/#breadcrumb","itemListElement":[{"@type":"ListItem","position":1,"name":"Inicio","item":"https:\/\/staging.elkaminante.com.uy\/en\/"},{"@type":"ListItem","position":2,"name":"Viajes por el mundo","item":"https:\/\/staging.elkaminante.com.uy\/en\/paquetes\/"},{"@type":"ListItem","position":3,"name":"Punta Cana y Canc\u00fan"}]},{"@type":"WebSite","@id":"https:\/\/staging.elkaminante.com.uy\/#website","url":"https:\/\/staging.elkaminante.com.uy\/","name":"El Kaminante","description":"Viajes &amp; Turismo","publisher":{"@id":"https:\/\/staging.elkaminante.com.uy\/#organization"},"potentialAction":[{"@type":"SearchAction","target":{"@type":"EntryPoint","urlTemplate":"https:\/\/staging.elkaminante.com.uy\/?s={search_term_string}"},"query-input":{"@type":"PropertyValueSpecification","valueRequired":true,"valueName":"search_term_string"}}],"inLanguage":"en-US"},{"@type":"Organization","@id":"https:\/\/staging.elkaminante.com.uy\/#organization","name":"El Kaminante","url":"https:\/\/staging.elkaminante.com.uy\/","logo":{"@type":"ImageObject","inLanguage":"en-US","@id":"https:\/\/staging.elkaminante.com.uy\/#\/schema\/logo\/image\/","url":"https:\/\/staging.elkaminante.com.uy\/wp-content\/uploads\/2025\/02\/logo-elkaminante-blanco.svg","contentUrl":"https:\/\/staging.elkaminante.com.uy\/wp-content\/uploads\/2025\/02\/logo-elkaminante-blanco.svg","caption":"El Kaminante"},"image":{"@id":"https:\/\/staging.elkaminante.com.uy\/#\/schema\/logo\/image\/"}}]}},"_links":{"self":[{"href":"https:\/\/staging.elkaminante.com.uy\/en\/wp-json\/wp\/v2\/product\/11909","targetHints":{"allow":["GET"]}}],"collection":[{"href":"https:\/\/staging.elkaminante.com.uy\/en\/wp-json\/wp\/v2\/product"}],"about":[{"href":"https:\/\/staging.elkaminante.com.uy\/en\/wp-json\/wp\/v2\/types\/product"}],"wp:featuredmedia":[{"embeddable":true,"href":"https:\/\/staging.elkaminante.com.uy\/en\/wp-json\/wp\/v2\/media\/11907"}],"wp:attachment":[{"href":"https:\/\/staging.elkaminante.com.uy\/en\/wp-json\/wp\/v2\/media?parent=11909"}],"wp:term":[{"taxonomy":"product_brand","embeddable":true,"href":"https:\/\/staging.elkaminante.com.uy\/en\/wp-json\/wp\/v2\/product_brand?post=11909"},{"taxonomy":"product_cat","embeddable":true,"href":"https:\/\/staging.elkaminante.com.uy\/en\/wp-json\/wp\/v2\/product_cat?post=11909"},{"taxonomy":"product_tag","embeddable":true,"href":"https:\/\/staging.elkaminante.com.uy\/en\/wp-json\/wp\/v2\/product_tag?post=11909"}],"curies":[{"name":"wp","href":"https:\/\/api.w.org\/{rel}","templated":true}]}}