{"id":11760,"date":"2025-06-16T20:22:48","date_gmt":"2025-06-16T23:22:48","guid":{"rendered":"https:\/\/elkaminante.com.uy\/paquetes\/jericoacoara-y-lencois-maranhenses\/"},"modified":"2026-05-15T14:48:43","modified_gmt":"2026-05-15T17:48:43","slug":"jericoacoara-y-lencois-maranhenses","status":"publish","type":"product","link":"https:\/\/staging.elkaminante.com.uy\/en\/paquetes\/jericoacoara-y-lencois-maranhenses\/","title":{"rendered":"Jericoacoara y Len\u00e7\u00f3is Maranhenses"},"content":{"rendered":"","protected":false},"excerpt":{"rendered":"<p>El <b>Parque Nacional Jericoacoara<\/b> est\u00e1 localizado 300 km al oeste de la ciudad de Fortaleza, capital del estado de Cear\u00e1, en el Noreste de Brasil. Re\u00fane un conjunto de bellezas naturales de diferentes biomas, creando un lugar \u00fanico y ex\u00f3tico. Las playas se encuentran rodeadas de enormes dunas donde se puede respirar un aire \u00fanico y especial, para todo aquel visitante que busque de unas vacaciones totalmente tranquilas y relajantes, donde a\u00fan se conserva el estilo de pueblo de pescadores que en alg\u00fan momento fue este maravilloso lugar.<\/p>\n","protected":false},"featured_media":11758,"template":"","meta":{"_acf_changed":false,"inline_featured_image":false},"product_brand":[],"product_cat":[28,1579],"product_tag":[562,3784,88,3123,3125,35,1617,1508,64,568,2054,2419,2534,62,1503,3667,91,90,1505,3124,3126,61,89,93,92,1506,119],"class_list":{"0":"post-11760","1":"product","2":"type-product","3":"status-publish","4":"has-post-thumbnail","6":"product_cat-paquetes","7":"product_cat-uruguay","8":"product_tag-agosto","9":"product_tag-agosto-2026","10":"product_tag-america-del-sur","11":"product_tag-barra-grande","12":"product_tag-barrerinhas","13":"product_tag-brasil","14":"product_tag-brasil-en-agosto","15":"product_tag-brasil-en-jericoacoara","16":"product_tag-desayuno","17":"product_tag-en-agosto","18":"product_tag-en-brasil","19":"product_tag-en-jericoacoara","20":"product_tag-exotico","21":"product_tag-exoticos","22":"product_tag-jericoacoara","23":"product_tag-jericoacoara-y-lencois-maranhenses","24":"product_tag-paquetes-a-america-del-sur","25":"product_tag-paquetes-a-brasil","26":"product_tag-paquetes-a-jericoacoara","27":"product_tag-parnaiba","28":"product_tag-sao-luis","29":"product_tag-sin-destino","30":"product_tag-sudamerica","31":"product_tag-viajes-a-america-del-sur","32":"product_tag-viajes-a-brasil","33":"product_tag-viajes-a-jericoacoara","34":"product_tag-vuelo-y-hotel","35":"entry","36":"has-media","38":"first","39":"instock","40":"shipping-taxable","41":"purchasable","42":"product-type-simple"},"acf":[],"yoast_head":"<!-- This site is optimized with the Yoast SEO plugin v27.6 - https:\/\/yoast.com\/product\/yoast-seo-wordpress\/ -->\n<title>Jericoacoara y Len\u00e7\u00f3is Maranhenses - El Kaminante<\/title>\n<meta name=\"robots\" content=\"noindex, follow, max-snippet:-1, max-image-preview:large, max-video-preview:-1\" \/>\n<meta property=\"og:locale\" content=\"en_US\" \/>\n<meta property=\"og:type\" content=\"article\" \/>\n<meta property=\"og:title\" content=\"Jericoacoara y Len\u00e7\u00f3is Maranhenses - El Kaminante\" \/>\n<meta property=\"og:description\" content=\"El Parque Nacional Jericoacoara est\u00e1 localizado 300 km al oeste de la ciudad de Fortaleza, capital del estado de Cear\u00e1, en el Noreste de Brasil. Re\u00fane un conjunto de bellezas naturales de diferentes biomas, creando un lugar \u00fanico y ex\u00f3tico. Las playas se encuentran rodeadas de enormes dunas donde se puede respirar un aire \u00fanico y especial, para todo aquel visitante que busque de unas vacaciones totalmente tranquilas y relajantes, donde a\u00fan se conserva el estilo de pueblo de pescadores que en alg\u00fan momento fue este maravilloso lugar.\" \/>\n<meta property=\"og:url\" content=\"https:\/\/staging.elkaminante.com.uy\/paquetes\/jericoacoara-y-lencois-maranhenses\/\" \/>\n<meta property=\"og:site_name\" content=\"El Kaminante\" \/>\n<meta property=\"article:modified_time\" content=\"2026-05-15T17:48:43+00:00\" \/>\n<meta property=\"og:image\" content=\"https:\/\/staging.elkaminante.com.uy\/wp-content\/uploads\/2025\/06\/PAQ567.webp\" \/>\n\t<meta property=\"og:image:width\" content=\"1200\" \/>\n\t<meta property=\"og:image:height\" content=\"630\" \/>\n\t<meta property=\"og:image:type\" content=\"image\/webp\" \/>\n<meta name=\"twitter:card\" content=\"summary_large_image\" \/>\n<script type=\"application\/ld+json\" class=\"yoast-schema-graph\">{\"@context\":\"https:\\\/\\\/schema.org\",\"@graph\":[{\"@type\":\"WebPage\",\"@id\":\"https:\\\/\\\/staging.elkaminante.com.uy\\\/paquetes\\\/jericoacoara-y-lencois-maranhenses\\\/\",\"url\":\"https:\\\/\\\/staging.elkaminante.com.uy\\\/paquetes\\\/jericoacoara-y-lencois-maranhenses\\\/\",\"name\":\"Jericoacoara y Len\u00e7\u00f3is Maranhenses - El Kaminante\",\"isPartOf\":{\"@id\":\"https:\\\/\\\/staging.elkaminante.com.uy\\\/#website\"},\"primaryImageOfPage\":{\"@id\":\"https:\\\/\\\/staging.elkaminante.com.uy\\\/paquetes\\\/jericoacoara-y-lencois-maranhenses\\\/#primaryimage\"},\"image\":{\"@id\":\"https:\\\/\\\/staging.elkaminante.com.uy\\\/paquetes\\\/jericoacoara-y-lencois-maranhenses\\\/#primaryimage\"},\"thumbnailUrl\":\"https:\\\/\\\/staging.elkaminante.com.uy\\\/wp-content\\\/uploads\\\/2025\\\/06\\\/PAQ567.webp\",\"datePublished\":\"2025-06-16T23:22:48+00:00\",\"dateModified\":\"2026-05-15T17:48:43+00:00\",\"breadcrumb\":{\"@id\":\"https:\\\/\\\/staging.elkaminante.com.uy\\\/paquetes\\\/jericoacoara-y-lencois-maranhenses\\\/#breadcrumb\"},\"inLanguage\":\"en-US\",\"potentialAction\":[{\"@type\":\"ReadAction\",\"target\":[\"https:\\\/\\\/staging.elkaminante.com.uy\\\/paquetes\\\/jericoacoara-y-lencois-maranhenses\\\/\"]}]},{\"@type\":\"ImageObject\",\"inLanguage\":\"en-US\",\"@id\":\"https:\\\/\\\/staging.elkaminante.com.uy\\\/paquetes\\\/jericoacoara-y-lencois-maranhenses\\\/#primaryimage\",\"url\":\"https:\\\/\\\/staging.elkaminante.com.uy\\\/wp-content\\\/uploads\\\/2025\\\/06\\\/PAQ567.webp\",\"contentUrl\":\"https:\\\/\\\/staging.elkaminante.com.uy\\\/wp-content\\\/uploads\\\/2025\\\/06\\\/PAQ567.webp\",\"width\":1200,\"height\":630},{\"@type\":\"BreadcrumbList\",\"@id\":\"https:\\\/\\\/staging.elkaminante.com.uy\\\/paquetes\\\/jericoacoara-y-lencois-maranhenses\\\/#breadcrumb\",\"itemListElement\":[{\"@type\":\"ListItem\",\"position\":1,\"name\":\"Inicio\",\"item\":\"https:\\\/\\\/staging.elkaminante.com.uy\\\/en\\\/\"},{\"@type\":\"ListItem\",\"position\":2,\"name\":\"Viajes por el mundo\",\"item\":\"https:\\\/\\\/staging.elkaminante.com.uy\\\/en\\\/paquetes\\\/\"},{\"@type\":\"ListItem\",\"position\":3,\"name\":\"Jericoacoara y Len\u00e7\u00f3is Maranhenses\"}]},{\"@type\":\"WebSite\",\"@id\":\"https:\\\/\\\/staging.elkaminante.com.uy\\\/#website\",\"url\":\"https:\\\/\\\/staging.elkaminante.com.uy\\\/\",\"name\":\"El Kaminante\",\"description\":\"Viajes &amp; Turismo\",\"publisher\":{\"@id\":\"https:\\\/\\\/staging.elkaminante.com.uy\\\/#organization\"},\"potentialAction\":[{\"@type\":\"SearchAction\",\"target\":{\"@type\":\"EntryPoint\",\"urlTemplate\":\"https:\\\/\\\/staging.elkaminante.com.uy\\\/?s={search_term_string}\"},\"query-input\":{\"@type\":\"PropertyValueSpecification\",\"valueRequired\":true,\"valueName\":\"search_term_string\"}}],\"inLanguage\":\"en-US\"},{\"@type\":\"Organization\",\"@id\":\"https:\\\/\\\/staging.elkaminante.com.uy\\\/#organization\",\"name\":\"El Kaminante\",\"url\":\"https:\\\/\\\/staging.elkaminante.com.uy\\\/\",\"logo\":{\"@type\":\"ImageObject\",\"inLanguage\":\"en-US\",\"@id\":\"https:\\\/\\\/staging.elkaminante.com.uy\\\/#\\\/schema\\\/logo\\\/image\\\/\",\"url\":\"https:\\\/\\\/staging.elkaminante.com.uy\\\/wp-content\\\/uploads\\\/2025\\\/02\\\/logo-elkaminante-blanco.svg\",\"contentUrl\":\"https:\\\/\\\/staging.elkaminante.com.uy\\\/wp-content\\\/uploads\\\/2025\\\/02\\\/logo-elkaminante-blanco.svg\",\"caption\":\"El Kaminante\"},\"image\":{\"@id\":\"https:\\\/\\\/staging.elkaminante.com.uy\\\/#\\\/schema\\\/logo\\\/image\\\/\"}}]}<\/script>\n<!-- \/ Yoast SEO plugin. -->","yoast_head_json":{"title":"Jericoacoara y Len\u00e7\u00f3is Maranhenses - El Kaminante","robots":{"index":"noindex","follow":"follow","max-snippet":"max-snippet:-1","max-image-preview":"max-image-preview:large","max-video-preview":"max-video-preview:-1"},"og_locale":"en_US","og_type":"article","og_title":"Jericoacoara y Len\u00e7\u00f3is Maranhenses - El Kaminante","og_description":"El Parque Nacional Jericoacoara est\u00e1 localizado 300 km al oeste de la ciudad de Fortaleza, capital del estado de Cear\u00e1, en el Noreste de Brasil. Re\u00fane un conjunto de bellezas naturales de diferentes biomas, creando un lugar \u00fanico y ex\u00f3tico. Las playas se encuentran rodeadas de enormes dunas donde se puede respirar un aire \u00fanico y especial, para todo aquel visitante que busque de unas vacaciones totalmente tranquilas y relajantes, donde a\u00fan se conserva el estilo de pueblo de pescadores que en alg\u00fan momento fue este maravilloso lugar.","og_url":"https:\/\/staging.elkaminante.com.uy\/paquetes\/jericoacoara-y-lencois-maranhenses\/","og_site_name":"El Kaminante","article_modified_time":"2026-05-15T17:48:43+00:00","og_image":[{"width":1200,"height":630,"url":"https:\/\/staging.elkaminante.com.uy\/wp-content\/uploads\/2025\/06\/PAQ567.webp","type":"image\/webp"}],"twitter_card":"summary_large_image","schema":{"@context":"https:\/\/schema.org","@graph":[{"@type":"WebPage","@id":"https:\/\/staging.elkaminante.com.uy\/paquetes\/jericoacoara-y-lencois-maranhenses\/","url":"https:\/\/staging.elkaminante.com.uy\/paquetes\/jericoacoara-y-lencois-maranhenses\/","name":"Jericoacoara y Len\u00e7\u00f3is Maranhenses - El Kaminante","isPartOf":{"@id":"https:\/\/staging.elkaminante.com.uy\/#website"},"primaryImageOfPage":{"@id":"https:\/\/staging.elkaminante.com.uy\/paquetes\/jericoacoara-y-lencois-maranhenses\/#primaryimage"},"image":{"@id":"https:\/\/staging.elkaminante.com.uy\/paquetes\/jericoacoara-y-lencois-maranhenses\/#primaryimage"},"thumbnailUrl":"https:\/\/staging.elkaminante.com.uy\/wp-content\/uploads\/2025\/06\/PAQ567.webp","datePublished":"2025-06-16T23:22:48+00:00","dateModified":"2026-05-15T17:48:43+00:00","breadcrumb":{"@id":"https:\/\/staging.elkaminante.com.uy\/paquetes\/jericoacoara-y-lencois-maranhenses\/#breadcrumb"},"inLanguage":"en-US","potentialAction":[{"@type":"ReadAction","target":["https:\/\/staging.elkaminante.com.uy\/paquetes\/jericoacoara-y-lencois-maranhenses\/"]}]},{"@type":"ImageObject","inLanguage":"en-US","@id":"https:\/\/staging.elkaminante.com.uy\/paquetes\/jericoacoara-y-lencois-maranhenses\/#primaryimage","url":"https:\/\/staging.elkaminante.com.uy\/wp-content\/uploads\/2025\/06\/PAQ567.webp","contentUrl":"https:\/\/staging.elkaminante.com.uy\/wp-content\/uploads\/2025\/06\/PAQ567.webp","width":1200,"height":630},{"@type":"BreadcrumbList","@id":"https:\/\/staging.elkaminante.com.uy\/paquetes\/jericoacoara-y-lencois-maranhenses\/#breadcrumb","itemListElement":[{"@type":"ListItem","position":1,"name":"Inicio","item":"https:\/\/staging.elkaminante.com.uy\/en\/"},{"@type":"ListItem","position":2,"name":"Viajes por el mundo","item":"https:\/\/staging.elkaminante.com.uy\/en\/paquetes\/"},{"@type":"ListItem","position":3,"name":"Jericoacoara y Len\u00e7\u00f3is Maranhenses"}]},{"@type":"WebSite","@id":"https:\/\/staging.elkaminante.com.uy\/#website","url":"https:\/\/staging.elkaminante.com.uy\/","name":"El Kaminante","description":"Viajes &amp; Turismo","publisher":{"@id":"https:\/\/staging.elkaminante.com.uy\/#organization"},"potentialAction":[{"@type":"SearchAction","target":{"@type":"EntryPoint","urlTemplate":"https:\/\/staging.elkaminante.com.uy\/?s={search_term_string}"},"query-input":{"@type":"PropertyValueSpecification","valueRequired":true,"valueName":"search_term_string"}}],"inLanguage":"en-US"},{"@type":"Organization","@id":"https:\/\/staging.elkaminante.com.uy\/#organization","name":"El Kaminante","url":"https:\/\/staging.elkaminante.com.uy\/","logo":{"@type":"ImageObject","inLanguage":"en-US","@id":"https:\/\/staging.elkaminante.com.uy\/#\/schema\/logo\/image\/","url":"https:\/\/staging.elkaminante.com.uy\/wp-content\/uploads\/2025\/02\/logo-elkaminante-blanco.svg","contentUrl":"https:\/\/staging.elkaminante.com.uy\/wp-content\/uploads\/2025\/02\/logo-elkaminante-blanco.svg","caption":"El Kaminante"},"image":{"@id":"https:\/\/staging.elkaminante.com.uy\/#\/schema\/logo\/image\/"}}]}},"_links":{"self":[{"href":"https:\/\/staging.elkaminante.com.uy\/en\/wp-json\/wp\/v2\/product\/11760","targetHints":{"allow":["GET"]}}],"collection":[{"href":"https:\/\/staging.elkaminante.com.uy\/en\/wp-json\/wp\/v2\/product"}],"about":[{"href":"https:\/\/staging.elkaminante.com.uy\/en\/wp-json\/wp\/v2\/types\/product"}],"wp:featuredmedia":[{"embeddable":true,"href":"https:\/\/staging.elkaminante.com.uy\/en\/wp-json\/wp\/v2\/media\/11758"}],"wp:attachment":[{"href":"https:\/\/staging.elkaminante.com.uy\/en\/wp-json\/wp\/v2\/media?parent=11760"}],"wp:term":[{"taxonomy":"product_brand","embeddable":true,"href":"https:\/\/staging.elkaminante.com.uy\/en\/wp-json\/wp\/v2\/product_brand?post=11760"},{"taxonomy":"product_cat","embeddable":true,"href":"https:\/\/staging.elkaminante.com.uy\/en\/wp-json\/wp\/v2\/product_cat?post=11760"},{"taxonomy":"product_tag","embeddable":true,"href":"https:\/\/staging.elkaminante.com.uy\/en\/wp-json\/wp\/v2\/product_tag?post=11760"}],"curies":[{"name":"wp","href":"https:\/\/api.w.org\/{rel}","templated":true}]}}