{"id":11685,"date":"2025-06-16T20:21:52","date_gmt":"2025-06-16T23:21:52","guid":{"rendered":"https:\/\/elkaminante.com.uy\/paquetes\/club-med-kani-maldivas\/"},"modified":"2026-05-15T14:48:43","modified_gmt":"2026-05-15T17:48:43","slug":"club-med-kani-maldivas","status":"publish","type":"product","link":"https:\/\/staging.elkaminante.com.uy\/en\/paquetes\/club-med-kani-maldivas\/","title":{"rendered":"Club Med Kani Maldivas"},"content":{"rendered":"","protected":false},"excerpt":{"rendered":"<p>Las islas <b>Maldivas<\/b>, turismo en un para\u00edso de arena blanca y aguas turquesas. Este archipi\u00e9lago del \u00cdndico es uno de los mejores lugares donde disfrutar de unas vacaciones de ensue\u00f1o. Las playas de Maldivas son, sin duda, el principal atractivo de este pa\u00eds. Y no es para menos. Arena blanca y fina que se funde con un agua tan cristalina que no necesitar\u00e1 sumergirse en ella para contemplar los peces que juguetean en la orilla. T\u00fambese bajo la sombra de alguna palmera y rel\u00e1jese escuchando el suave ruido de las olas rompiendo contra la orilla para disfrutar de este paisaje espectacular. Por \u00faltimo, podr\u00e1 disfrutar de las puestas de sol m\u00e1s espectaculares, en un entorno casi salvaje, que parece sacado del para\u00edso, con el sol escondi\u00e9ndose bajo las interminables aguas del \u00cdndico. Sin duda, una imagen perfecta para sus vacaciones.<\/p>\n<p>Descubre el para\u00edso en el Club Med Kani, un exclusivo resort ubicado en una isla privada de las Maldivas. Este hotel ofrece un entorno id\u00edlico con playas de arena blanca y aguas cristalinas, perfecto para quienes buscan una experiencia de lujo rodeados de naturaleza.<\/p>\n<p>Las habitaciones del Club Med Kani son modernas y elegantes, con opciones que van desde cuartos con vistas al oc\u00e9ano hasta villas sobre el agua. Cada alojamiento est\u00e1 dise\u00f1ado para proporcionar comodidad y descanso en un ambiente paradis\u00edaco.<\/p>\n<p>Del\u00e9itate con una variada oferta gastron\u00f3mica en sus restaurantes, que combinan delicias locales e internacionales, todo preparado con ingredientes frescos. Despu\u00e9s de un d\u00eda de actividades acu\u00e1ticas como snorkel y buceo, disfruta de espect\u00e1culos y eventos nocturnos organizados por el equipo de entretenimiento del resort.<\/p>\n<p>Ideal para familias, el Club Med Kani cuenta con programas espec\u00edficos para ni\u00f1os, lo que permite que tanto adultos como peque\u00f1os disfruten de momentos memorables. Adem\u00e1s, su spa de primer nivel ofrece tratamientos rejuvenecedores para quienes buscan relajarse.<\/p>\n","protected":false},"featured_media":11683,"template":"","meta":{"_acf_changed":false,"inline_featured_image":false},"product_brand":[],"product_cat":[28,1579],"product_tag":[173,392,1306,1459,1307,2278,2074,1634,2534,62,992,999,2405,65,395,1460,993,667,666,3775,61,914,397,1461,994,119],"class_list":{"0":"post-11685","1":"product","2":"type-product","3":"status-publish","4":"has-post-thumbnail","6":"product_cat-paquetes","7":"product_cat-uruguay","8":"product_tag-all-inclusive","9":"product_tag-asia","10":"product_tag-club-med","11":"product_tag-club-med-kani-maldivas","12":"product_tag-clubmed","13":"product_tag-en-maldivas","14":"product_tag-en-setiembre","15":"product_tag-exhotico","16":"product_tag-exotico","17":"product_tag-exoticos","18":"product_tag-maldivas","19":"product_tag-maldivas-en-maldivas","20":"product_tag-maldivas-en-setiembre","21":"product_tag-no-aplica","22":"product_tag-paquetes-a-asia","23":"product_tag-paquetes-a-club-med-kani-maldivas","24":"product_tag-paquetes-a-maldivas","25":"product_tag-septiembre","26":"product_tag-setiembre","27":"product_tag-setiembre-2026all-inclusive","28":"product_tag-sin-destino","29":"product_tag-todo-incluido","30":"product_tag-viajes-a-asia","31":"product_tag-viajes-a-club-med-kani-maldivas","32":"product_tag-viajes-a-maldivas","33":"product_tag-vuelo-y-hotel","34":"entry","35":"has-media","37":"first","38":"instock","39":"shipping-taxable","40":"purchasable","41":"product-type-simple"},"acf":[],"yoast_head":"<!-- This site is optimized with the Yoast SEO plugin v27.6 - https:\/\/yoast.com\/product\/yoast-seo-wordpress\/ -->\n<title>Club Med Kani Maldivas - El Kaminante<\/title>\n<meta name=\"robots\" content=\"noindex, follow, max-snippet:-1, max-image-preview:large, max-video-preview:-1\" \/>\n<meta property=\"og:locale\" content=\"en_US\" \/>\n<meta property=\"og:type\" content=\"article\" \/>\n<meta property=\"og:title\" content=\"Club Med Kani Maldivas - El Kaminante\" \/>\n<meta property=\"og:description\" content=\"Las islas Maldivas, turismo en un para\u00edso de arena blanca y aguas turquesas. Este archipi\u00e9lago del \u00cdndico es uno de los mejores lugares donde disfrutar de unas vacaciones de ensue\u00f1o. Las playas de Maldivas son, sin duda, el principal atractivo de este pa\u00eds. Y no es para menos. Arena blanca y fina que se funde con un agua tan cristalina que no necesitar\u00e1 sumergirse en ella para contemplar los peces que juguetean en la orilla. T\u00fambese bajo la sombra de alguna palmera y rel\u00e1jese escuchando el suave ruido de las olas rompiendo contra la orilla para disfrutar de este paisaje espectacular. Por \u00faltimo, podr\u00e1 disfrutar de las puestas de sol m\u00e1s espectaculares, en un entorno casi salvaje, que parece sacado del para\u00edso, con el sol escondi\u00e9ndose bajo las interminables aguas del \u00cdndico. Sin duda, una imagen perfecta para sus vacaciones.Descubre el para\u00edso en el Club Med Kani, un exclusivo resort ubicado en una isla privada de las Maldivas. Este hotel ofrece un entorno id\u00edlico con playas de arena blanca y aguas cristalinas, perfecto para quienes buscan una experiencia de lujo rodeados de naturaleza.  Las habitaciones del Club Med Kani son modernas y elegantes, con opciones que van desde cuartos con vistas al oc\u00e9ano hasta villas sobre el agua. Cada alojamiento est\u00e1 dise\u00f1ado para proporcionar comodidad y descanso en un ambiente paradis\u00edaco.  Del\u00e9itate con una variada oferta gastron\u00f3mica en sus restaurantes, que combinan delicias locales e internacionales, todo preparado con ingredientes frescos. Despu\u00e9s de un d\u00eda de actividades acu\u00e1ticas como snorkel y buceo, disfruta de espect\u00e1culos y eventos nocturnos organizados por el equipo de entretenimiento del resort.  Ideal para familias, el Club Med Kani cuenta con programas espec\u00edficos para ni\u00f1os, lo que permite que tanto adultos como peque\u00f1os disfruten de momentos memorables. Adem\u00e1s, su spa de primer nivel ofrece tratamientos rejuvenecedores para quienes buscan relajarse.\" \/>\n<meta property=\"og:url\" content=\"https:\/\/staging.elkaminante.com.uy\/paquetes\/club-med-kani-maldivas\/\" \/>\n<meta property=\"og:site_name\" content=\"El Kaminante\" \/>\n<meta property=\"article:modified_time\" content=\"2026-05-15T17:48:43+00:00\" \/>\n<meta name=\"twitter:card\" content=\"summary_large_image\" \/>\n<script type=\"application\/ld+json\" class=\"yoast-schema-graph\">{\"@context\":\"https:\\\/\\\/schema.org\",\"@graph\":[{\"@type\":\"WebPage\",\"@id\":\"https:\\\/\\\/staging.elkaminante.com.uy\\\/paquetes\\\/club-med-kani-maldivas\\\/\",\"url\":\"https:\\\/\\\/staging.elkaminante.com.uy\\\/paquetes\\\/club-med-kani-maldivas\\\/\",\"name\":\"Club Med Kani Maldivas - El Kaminante\",\"isPartOf\":{\"@id\":\"https:\\\/\\\/staging.elkaminante.com.uy\\\/#website\"},\"primaryImageOfPage\":{\"@id\":\"https:\\\/\\\/staging.elkaminante.com.uy\\\/paquetes\\\/club-med-kani-maldivas\\\/#primaryimage\"},\"image\":{\"@id\":\"https:\\\/\\\/staging.elkaminante.com.uy\\\/paquetes\\\/club-med-kani-maldivas\\\/#primaryimage\"},\"thumbnailUrl\":\"https:\\\/\\\/staging.elkaminante.com.uy\\\/wp-content\\\/uploads\\\/2025\\\/06\\\/PAQ558.webp\",\"datePublished\":\"2025-06-16T23:21:52+00:00\",\"dateModified\":\"2026-05-15T17:48:43+00:00\",\"breadcrumb\":{\"@id\":\"https:\\\/\\\/staging.elkaminante.com.uy\\\/paquetes\\\/club-med-kani-maldivas\\\/#breadcrumb\"},\"inLanguage\":\"en-US\",\"potentialAction\":[{\"@type\":\"ReadAction\",\"target\":[\"https:\\\/\\\/staging.elkaminante.com.uy\\\/paquetes\\\/club-med-kani-maldivas\\\/\"]}]},{\"@type\":\"ImageObject\",\"inLanguage\":\"en-US\",\"@id\":\"https:\\\/\\\/staging.elkaminante.com.uy\\\/paquetes\\\/club-med-kani-maldivas\\\/#primaryimage\",\"url\":\"https:\\\/\\\/staging.elkaminante.com.uy\\\/wp-content\\\/uploads\\\/2025\\\/06\\\/PAQ558.webp\",\"contentUrl\":\"https:\\\/\\\/staging.elkaminante.com.uy\\\/wp-content\\\/uploads\\\/2025\\\/06\\\/PAQ558.webp\",\"width\":1200,\"height\":630},{\"@type\":\"BreadcrumbList\",\"@id\":\"https:\\\/\\\/staging.elkaminante.com.uy\\\/paquetes\\\/club-med-kani-maldivas\\\/#breadcrumb\",\"itemListElement\":[{\"@type\":\"ListItem\",\"position\":1,\"name\":\"Inicio\",\"item\":\"https:\\\/\\\/staging.elkaminante.com.uy\\\/en\\\/\"},{\"@type\":\"ListItem\",\"position\":2,\"name\":\"Viajes por el mundo\",\"item\":\"https:\\\/\\\/staging.elkaminante.com.uy\\\/en\\\/paquetes\\\/\"},{\"@type\":\"ListItem\",\"position\":3,\"name\":\"Club Med Kani Maldivas\"}]},{\"@type\":\"WebSite\",\"@id\":\"https:\\\/\\\/staging.elkaminante.com.uy\\\/#website\",\"url\":\"https:\\\/\\\/staging.elkaminante.com.uy\\\/\",\"name\":\"El Kaminante\",\"description\":\"Viajes &amp; Turismo\",\"publisher\":{\"@id\":\"https:\\\/\\\/staging.elkaminante.com.uy\\\/#organization\"},\"potentialAction\":[{\"@type\":\"SearchAction\",\"target\":{\"@type\":\"EntryPoint\",\"urlTemplate\":\"https:\\\/\\\/staging.elkaminante.com.uy\\\/?s={search_term_string}\"},\"query-input\":{\"@type\":\"PropertyValueSpecification\",\"valueRequired\":true,\"valueName\":\"search_term_string\"}}],\"inLanguage\":\"en-US\"},{\"@type\":\"Organization\",\"@id\":\"https:\\\/\\\/staging.elkaminante.com.uy\\\/#organization\",\"name\":\"El Kaminante\",\"url\":\"https:\\\/\\\/staging.elkaminante.com.uy\\\/\",\"logo\":{\"@type\":\"ImageObject\",\"inLanguage\":\"en-US\",\"@id\":\"https:\\\/\\\/staging.elkaminante.com.uy\\\/#\\\/schema\\\/logo\\\/image\\\/\",\"url\":\"https:\\\/\\\/staging.elkaminante.com.uy\\\/wp-content\\\/uploads\\\/2025\\\/02\\\/logo-elkaminante-blanco.svg\",\"contentUrl\":\"https:\\\/\\\/staging.elkaminante.com.uy\\\/wp-content\\\/uploads\\\/2025\\\/02\\\/logo-elkaminante-blanco.svg\",\"caption\":\"El Kaminante\"},\"image\":{\"@id\":\"https:\\\/\\\/staging.elkaminante.com.uy\\\/#\\\/schema\\\/logo\\\/image\\\/\"}}]}<\/script>\n<!-- \/ Yoast SEO plugin. -->","yoast_head_json":{"title":"Club Med Kani Maldivas - El Kaminante","robots":{"index":"noindex","follow":"follow","max-snippet":"max-snippet:-1","max-image-preview":"max-image-preview:large","max-video-preview":"max-video-preview:-1"},"og_locale":"en_US","og_type":"article","og_title":"Club Med Kani Maldivas - El Kaminante","og_description":"Las islas Maldivas, turismo en un para\u00edso de arena blanca y aguas turquesas. Este archipi\u00e9lago del \u00cdndico es uno de los mejores lugares donde disfrutar de unas vacaciones de ensue\u00f1o. Las playas de Maldivas son, sin duda, el principal atractivo de este pa\u00eds. Y no es para menos. Arena blanca y fina que se funde con un agua tan cristalina que no necesitar\u00e1 sumergirse en ella para contemplar los peces que juguetean en la orilla. T\u00fambese bajo la sombra de alguna palmera y rel\u00e1jese escuchando el suave ruido de las olas rompiendo contra la orilla para disfrutar de este paisaje espectacular. Por \u00faltimo, podr\u00e1 disfrutar de las puestas de sol m\u00e1s espectaculares, en un entorno casi salvaje, que parece sacado del para\u00edso, con el sol escondi\u00e9ndose bajo las interminables aguas del \u00cdndico. Sin duda, una imagen perfecta para sus vacaciones.Descubre el para\u00edso en el Club Med Kani, un exclusivo resort ubicado en una isla privada de las Maldivas. Este hotel ofrece un entorno id\u00edlico con playas de arena blanca y aguas cristalinas, perfecto para quienes buscan una experiencia de lujo rodeados de naturaleza.  Las habitaciones del Club Med Kani son modernas y elegantes, con opciones que van desde cuartos con vistas al oc\u00e9ano hasta villas sobre el agua. Cada alojamiento est\u00e1 dise\u00f1ado para proporcionar comodidad y descanso en un ambiente paradis\u00edaco.  Del\u00e9itate con una variada oferta gastron\u00f3mica en sus restaurantes, que combinan delicias locales e internacionales, todo preparado con ingredientes frescos. Despu\u00e9s de un d\u00eda de actividades acu\u00e1ticas como snorkel y buceo, disfruta de espect\u00e1culos y eventos nocturnos organizados por el equipo de entretenimiento del resort.  Ideal para familias, el Club Med Kani cuenta con programas espec\u00edficos para ni\u00f1os, lo que permite que tanto adultos como peque\u00f1os disfruten de momentos memorables. Adem\u00e1s, su spa de primer nivel ofrece tratamientos rejuvenecedores para quienes buscan relajarse.","og_url":"https:\/\/staging.elkaminante.com.uy\/paquetes\/club-med-kani-maldivas\/","og_site_name":"El Kaminante","article_modified_time":"2026-05-15T17:48:43+00:00","twitter_card":"summary_large_image","schema":{"@context":"https:\/\/schema.org","@graph":[{"@type":"WebPage","@id":"https:\/\/staging.elkaminante.com.uy\/paquetes\/club-med-kani-maldivas\/","url":"https:\/\/staging.elkaminante.com.uy\/paquetes\/club-med-kani-maldivas\/","name":"Club Med Kani Maldivas - El Kaminante","isPartOf":{"@id":"https:\/\/staging.elkaminante.com.uy\/#website"},"primaryImageOfPage":{"@id":"https:\/\/staging.elkaminante.com.uy\/paquetes\/club-med-kani-maldivas\/#primaryimage"},"image":{"@id":"https:\/\/staging.elkaminante.com.uy\/paquetes\/club-med-kani-maldivas\/#primaryimage"},"thumbnailUrl":"https:\/\/staging.elkaminante.com.uy\/wp-content\/uploads\/2025\/06\/PAQ558.webp","datePublished":"2025-06-16T23:21:52+00:00","dateModified":"2026-05-15T17:48:43+00:00","breadcrumb":{"@id":"https:\/\/staging.elkaminante.com.uy\/paquetes\/club-med-kani-maldivas\/#breadcrumb"},"inLanguage":"en-US","potentialAction":[{"@type":"ReadAction","target":["https:\/\/staging.elkaminante.com.uy\/paquetes\/club-med-kani-maldivas\/"]}]},{"@type":"ImageObject","inLanguage":"en-US","@id":"https:\/\/staging.elkaminante.com.uy\/paquetes\/club-med-kani-maldivas\/#primaryimage","url":"https:\/\/staging.elkaminante.com.uy\/wp-content\/uploads\/2025\/06\/PAQ558.webp","contentUrl":"https:\/\/staging.elkaminante.com.uy\/wp-content\/uploads\/2025\/06\/PAQ558.webp","width":1200,"height":630},{"@type":"BreadcrumbList","@id":"https:\/\/staging.elkaminante.com.uy\/paquetes\/club-med-kani-maldivas\/#breadcrumb","itemListElement":[{"@type":"ListItem","position":1,"name":"Inicio","item":"https:\/\/staging.elkaminante.com.uy\/en\/"},{"@type":"ListItem","position":2,"name":"Viajes por el mundo","item":"https:\/\/staging.elkaminante.com.uy\/en\/paquetes\/"},{"@type":"ListItem","position":3,"name":"Club Med Kani Maldivas"}]},{"@type":"WebSite","@id":"https:\/\/staging.elkaminante.com.uy\/#website","url":"https:\/\/staging.elkaminante.com.uy\/","name":"El Kaminante","description":"Viajes &amp; Turismo","publisher":{"@id":"https:\/\/staging.elkaminante.com.uy\/#organization"},"potentialAction":[{"@type":"SearchAction","target":{"@type":"EntryPoint","urlTemplate":"https:\/\/staging.elkaminante.com.uy\/?s={search_term_string}"},"query-input":{"@type":"PropertyValueSpecification","valueRequired":true,"valueName":"search_term_string"}}],"inLanguage":"en-US"},{"@type":"Organization","@id":"https:\/\/staging.elkaminante.com.uy\/#organization","name":"El Kaminante","url":"https:\/\/staging.elkaminante.com.uy\/","logo":{"@type":"ImageObject","inLanguage":"en-US","@id":"https:\/\/staging.elkaminante.com.uy\/#\/schema\/logo\/image\/","url":"https:\/\/staging.elkaminante.com.uy\/wp-content\/uploads\/2025\/02\/logo-elkaminante-blanco.svg","contentUrl":"https:\/\/staging.elkaminante.com.uy\/wp-content\/uploads\/2025\/02\/logo-elkaminante-blanco.svg","caption":"El Kaminante"},"image":{"@id":"https:\/\/staging.elkaminante.com.uy\/#\/schema\/logo\/image\/"}}]}},"_links":{"self":[{"href":"https:\/\/staging.elkaminante.com.uy\/en\/wp-json\/wp\/v2\/product\/11685","targetHints":{"allow":["GET"]}}],"collection":[{"href":"https:\/\/staging.elkaminante.com.uy\/en\/wp-json\/wp\/v2\/product"}],"about":[{"href":"https:\/\/staging.elkaminante.com.uy\/en\/wp-json\/wp\/v2\/types\/product"}],"wp:featuredmedia":[{"embeddable":true,"href":"https:\/\/staging.elkaminante.com.uy\/en\/wp-json\/wp\/v2\/media\/11683"}],"wp:attachment":[{"href":"https:\/\/staging.elkaminante.com.uy\/en\/wp-json\/wp\/v2\/media?parent=11685"}],"wp:term":[{"taxonomy":"product_brand","embeddable":true,"href":"https:\/\/staging.elkaminante.com.uy\/en\/wp-json\/wp\/v2\/product_brand?post=11685"},{"taxonomy":"product_cat","embeddable":true,"href":"https:\/\/staging.elkaminante.com.uy\/en\/wp-json\/wp\/v2\/product_cat?post=11685"},{"taxonomy":"product_tag","embeddable":true,"href":"https:\/\/staging.elkaminante.com.uy\/en\/wp-json\/wp\/v2\/product_tag?post=11685"}],"curies":[{"name":"wp","href":"https:\/\/api.w.org\/{rel}","templated":true}]}}