{"id":11682,"date":"2025-06-16T20:21:50","date_gmt":"2025-06-16T23:21:50","guid":{"rendered":"https:\/\/elkaminante.com.uy\/paquetes\/singapur-malasia-e-indonesia\/"},"modified":"2026-05-15T14:48:43","modified_gmt":"2026-05-15T17:48:43","slug":"singapur-malasia-e-indonesia","status":"publish","type":"product","link":"https:\/\/staging.elkaminante.com.uy\/en\/paquetes\/singapur-malasia-e-indonesia\/","title":{"rendered":"Singapur, Malasia e Indonesia"},"content":{"rendered":"","protected":false},"excerpt":{"rendered":"<p>Indonesia es un destino cautivador en el sudeste asi\u00e1tico, famoso por su diversidad cultural y sus paisajes de ensue\u00f1o. Conocida por sus extensas playas de arena blanca, selvas exuberantes y volcanes imponentes, es el lugar ideal para quienes buscan una escapada a un verdadero para\u00edso tropical. Explora Bali, una de las islas m\u00e1s emblem\u00e1ticas, donde la riqu\u00edsima herencia cultural se manifiesta en sus impresionantes templos y festivales vibrantes. Disfruta de la deliciosa cocina indonesia, que combina sabores ex\u00f3ticos y especias aut\u00f3ctonas, reflejando la historia multicultural del archipi\u00e9lago. Con su c\u00e1lida hospitalidad y un ambiente relajado, Indonesia te ofrece una experiencia inolvidable de paz y autenticidad en un escenario natural extraordinario. \u00a1D\u00e9jate envolver por la magia y el encanto de este destino sin igual!<\/p>\n<p>Conocida como la Isla de los Dioses, <b>Bali<\/b> es una paradis\u00edaca isla de Indonesia, famosa por sus templos y la cordialidad de su pueblo. Sus playas bordeadas de palmeras, sus manantiales, sus densas junglas y sus pueblos con una maravillosa cultura la hacen un destino ex\u00f3tico e interesante. Se encuentra ubicada en una cadena con Java hacia el oeste y con Lombok hacia el este. Es uno de los lugares m\u00e1s enriquecedores del mundo, y en casi todos los rincones de la isla se puede respirar la danza, la pintura, la escultura y la orfebrer\u00eda. Su principal actividad econ\u00f3mica es la agricultura, principalmente los cultivos de arroz, conformando tambi\u00e9n un paisaje extremadamente bello.<\/p>\n<p>Indonesia es un destino cautivador en el sudeste asi\u00e1tico, famoso por su diversidad cultural y sus paisajes de ensue\u00f1o. Conocida por sus extensas playas de arena blanca, selvas exuberantes y volcanes imponentes, es el lugar ideal para quienes buscan una escapada a un verdadero para\u00edso tropical. Explora Bali, una de las islas m\u00e1s emblem\u00e1ticas, donde la riqu\u00edsima herencia cultural se manifiesta en sus impresionantes templos y festivales vibrantes. Disfruta de la deliciosa cocina indonesia, que combina sabores ex\u00f3ticos y especias aut\u00f3ctonas, reflejando la historia multicultural del archipi\u00e9lago. Con su c\u00e1lida hospitalidad y un ambiente relajado, Indonesia te ofrece una experiencia inolvidable de paz y autenticidad en un escenario natural extraordinario. \u00a1D\u00e9jate envolver por la magia y el encanto de este destino sin igual!<\/p>\n","protected":false},"featured_media":11680,"template":"","meta":{"_acf_changed":false,"inline_featured_image":false},"product_brand":[],"product_cat":[28,1579],"product_tag":[392,962,406,323,2270,1687,1634,2534,62,2919,963,1434,1786,2893,3663,65,122,4633,3113,395,966,964,1118,120,1117,2892,2769,397,967,965,1119,119,3112],"class_list":{"0":"post-11682","1":"product","2":"type-product","3":"status-publish","4":"has-post-thumbnail","6":"product_cat-paquetes","7":"product_cat-uruguay","8":"product_tag-asia","9":"product_tag-bali","10":"product_tag-barco","11":"product_tag-diciembre","12":"product_tag-en-indonesia","13":"product_tag-en-noviembre","14":"product_tag-exhotico","15":"product_tag-exotico","16":"product_tag-exoticos","17":"product_tag-gili","18":"product_tag-indonesia","19":"product_tag-indonesia-en-indonesia","20":"product_tag-indonesia-en-noviembre","21":"product_tag-kuala-lumpur","22":"product_tag-malasia-e-indonesia","23":"product_tag-no-aplica","24":"product_tag-noviembre","25":"product_tag-noviembre-diciembre-2026","26":"product_tag-nusa-penida-y-uluwatu","27":"product_tag-paquetes-a-asia","28":"product_tag-paquetes-a-bali","29":"product_tag-paquetes-a-indonesia","30":"product_tag-paquetes-a-singapour","31":"product_tag-sin-comidas","32":"product_tag-singapour","33":"product_tag-singapur","34":"product_tag-ubud","35":"product_tag-viajes-a-asia","36":"product_tag-viajes-a-bali","37":"product_tag-viajes-a-indonesia","38":"product_tag-viajes-a-singapour","39":"product_tag-vuelo-y-hotel","40":"product_tag-yakarta","41":"entry","42":"has-media","44":"first","45":"instock","46":"shipping-taxable","47":"purchasable","48":"product-type-simple"},"acf":[],"yoast_head":"<!-- This site is optimized with the Yoast SEO plugin v27.6 - https:\/\/yoast.com\/product\/yoast-seo-wordpress\/ -->\n<title>Singapur, Malasia e Indonesia - El Kaminante<\/title>\n<meta name=\"robots\" content=\"noindex, follow, max-snippet:-1, max-image-preview:large, max-video-preview:-1\" \/>\n<meta property=\"og:locale\" content=\"en_US\" \/>\n<meta property=\"og:type\" content=\"article\" \/>\n<meta property=\"og:title\" content=\"Singapur, Malasia e Indonesia - El Kaminante\" \/>\n<meta property=\"og:description\" content=\"Indonesia es un destino cautivador en el sudeste asi\u00e1tico, famoso por su diversidad cultural y sus paisajes de ensue\u00f1o. Conocida por sus extensas playas de arena blanca, selvas exuberantes y volcanes imponentes, es el lugar ideal para quienes buscan una escapada a un verdadero para\u00edso tropical. Explora Bali, una de las islas m\u00e1s emblem\u00e1ticas, donde la riqu\u00edsima herencia cultural se manifiesta en sus impresionantes templos y festivales vibrantes. Disfruta de la deliciosa cocina indonesia, que combina sabores ex\u00f3ticos y especias aut\u00f3ctonas, reflejando la historia multicultural del archipi\u00e9lago. Con su c\u00e1lida hospitalidad y un ambiente relajado, Indonesia te ofrece una experiencia inolvidable de paz y autenticidad en un escenario natural extraordinario. \u00a1D\u00e9jate envolver por la magia y el encanto de este destino sin igual!Conocida como la Isla de los Dioses, Bali es una paradis\u00edaca isla de Indonesia, famosa por sus templos y la cordialidad de su pueblo. Sus playas bordeadas de palmeras, sus manantiales, sus densas junglas y sus pueblos con una maravillosa cultura la hacen un destino ex\u00f3tico e interesante. Se encuentra ubicada en una cadena con Java hacia el oeste y con Lombok hacia el este. Es uno de los lugares m\u00e1s enriquecedores del mundo, y en casi todos los rincones de la isla se puede respirar la danza, la pintura, la escultura y la orfebrer\u00eda. Su principal actividad econ\u00f3mica es la agricultura, principalmente los cultivos de arroz, conformando tambi\u00e9n un paisaje extremadamente bello.Indonesia es un destino cautivador en el sudeste asi\u00e1tico, famoso por su diversidad cultural y sus paisajes de ensue\u00f1o. Conocida por sus extensas playas de arena blanca, selvas exuberantes y volcanes imponentes, es el lugar ideal para quienes buscan una escapada a un verdadero para\u00edso tropical. Explora Bali, una de las islas m\u00e1s emblem\u00e1ticas, donde la riqu\u00edsima herencia cultural se manifiesta en sus impresionantes templos y festivales vibrantes. Disfruta de la deliciosa cocina indonesia, que combina sabores ex\u00f3ticos y especias aut\u00f3ctonas, reflejando la historia multicultural del archipi\u00e9lago. Con su c\u00e1lida hospitalidad y un ambiente relajado, Indonesia te ofrece una experiencia inolvidable de paz y autenticidad en un escenario natural extraordinario. \u00a1D\u00e9jate envolver por la magia y el encanto de este destino sin igual!\" \/>\n<meta property=\"og:url\" content=\"https:\/\/staging.elkaminante.com.uy\/paquetes\/singapur-malasia-e-indonesia\/\" \/>\n<meta property=\"og:site_name\" content=\"El Kaminante\" \/>\n<meta property=\"article:modified_time\" content=\"2026-05-15T17:48:43+00:00\" \/>\n<meta property=\"og:image\" content=\"https:\/\/staging.elkaminante.com.uy\/wp-content\/uploads\/2025\/06\/PAQ557.webp\" \/>\n\t<meta property=\"og:image:width\" content=\"1200\" \/>\n\t<meta property=\"og:image:height\" content=\"630\" \/>\n\t<meta property=\"og:image:type\" content=\"image\/webp\" \/>\n<meta name=\"twitter:card\" content=\"summary_large_image\" \/>\n<script type=\"application\/ld+json\" class=\"yoast-schema-graph\">{\"@context\":\"https:\\\/\\\/schema.org\",\"@graph\":[{\"@type\":\"WebPage\",\"@id\":\"https:\\\/\\\/staging.elkaminante.com.uy\\\/paquetes\\\/singapur-malasia-e-indonesia\\\/\",\"url\":\"https:\\\/\\\/staging.elkaminante.com.uy\\\/paquetes\\\/singapur-malasia-e-indonesia\\\/\",\"name\":\"Singapur, Malasia e Indonesia - El Kaminante\",\"isPartOf\":{\"@id\":\"https:\\\/\\\/staging.elkaminante.com.uy\\\/#website\"},\"primaryImageOfPage\":{\"@id\":\"https:\\\/\\\/staging.elkaminante.com.uy\\\/paquetes\\\/singapur-malasia-e-indonesia\\\/#primaryimage\"},\"image\":{\"@id\":\"https:\\\/\\\/staging.elkaminante.com.uy\\\/paquetes\\\/singapur-malasia-e-indonesia\\\/#primaryimage\"},\"thumbnailUrl\":\"https:\\\/\\\/staging.elkaminante.com.uy\\\/wp-content\\\/uploads\\\/2025\\\/06\\\/PAQ557.webp\",\"datePublished\":\"2025-06-16T23:21:50+00:00\",\"dateModified\":\"2026-05-15T17:48:43+00:00\",\"breadcrumb\":{\"@id\":\"https:\\\/\\\/staging.elkaminante.com.uy\\\/paquetes\\\/singapur-malasia-e-indonesia\\\/#breadcrumb\"},\"inLanguage\":\"en-US\",\"potentialAction\":[{\"@type\":\"ReadAction\",\"target\":[\"https:\\\/\\\/staging.elkaminante.com.uy\\\/paquetes\\\/singapur-malasia-e-indonesia\\\/\"]}]},{\"@type\":\"ImageObject\",\"inLanguage\":\"en-US\",\"@id\":\"https:\\\/\\\/staging.elkaminante.com.uy\\\/paquetes\\\/singapur-malasia-e-indonesia\\\/#primaryimage\",\"url\":\"https:\\\/\\\/staging.elkaminante.com.uy\\\/wp-content\\\/uploads\\\/2025\\\/06\\\/PAQ557.webp\",\"contentUrl\":\"https:\\\/\\\/staging.elkaminante.com.uy\\\/wp-content\\\/uploads\\\/2025\\\/06\\\/PAQ557.webp\",\"width\":1200,\"height\":630},{\"@type\":\"BreadcrumbList\",\"@id\":\"https:\\\/\\\/staging.elkaminante.com.uy\\\/paquetes\\\/singapur-malasia-e-indonesia\\\/#breadcrumb\",\"itemListElement\":[{\"@type\":\"ListItem\",\"position\":1,\"name\":\"Inicio\",\"item\":\"https:\\\/\\\/staging.elkaminante.com.uy\\\/en\\\/\"},{\"@type\":\"ListItem\",\"position\":2,\"name\":\"Viajes por el mundo\",\"item\":\"https:\\\/\\\/staging.elkaminante.com.uy\\\/en\\\/paquetes\\\/\"},{\"@type\":\"ListItem\",\"position\":3,\"name\":\"Singapur, Malasia e Indonesia\"}]},{\"@type\":\"WebSite\",\"@id\":\"https:\\\/\\\/staging.elkaminante.com.uy\\\/#website\",\"url\":\"https:\\\/\\\/staging.elkaminante.com.uy\\\/\",\"name\":\"El Kaminante\",\"description\":\"Viajes &amp; Turismo\",\"publisher\":{\"@id\":\"https:\\\/\\\/staging.elkaminante.com.uy\\\/#organization\"},\"potentialAction\":[{\"@type\":\"SearchAction\",\"target\":{\"@type\":\"EntryPoint\",\"urlTemplate\":\"https:\\\/\\\/staging.elkaminante.com.uy\\\/?s={search_term_string}\"},\"query-input\":{\"@type\":\"PropertyValueSpecification\",\"valueRequired\":true,\"valueName\":\"search_term_string\"}}],\"inLanguage\":\"en-US\"},{\"@type\":\"Organization\",\"@id\":\"https:\\\/\\\/staging.elkaminante.com.uy\\\/#organization\",\"name\":\"El Kaminante\",\"url\":\"https:\\\/\\\/staging.elkaminante.com.uy\\\/\",\"logo\":{\"@type\":\"ImageObject\",\"inLanguage\":\"en-US\",\"@id\":\"https:\\\/\\\/staging.elkaminante.com.uy\\\/#\\\/schema\\\/logo\\\/image\\\/\",\"url\":\"https:\\\/\\\/staging.elkaminante.com.uy\\\/wp-content\\\/uploads\\\/2025\\\/02\\\/logo-elkaminante-blanco.svg\",\"contentUrl\":\"https:\\\/\\\/staging.elkaminante.com.uy\\\/wp-content\\\/uploads\\\/2025\\\/02\\\/logo-elkaminante-blanco.svg\",\"caption\":\"El Kaminante\"},\"image\":{\"@id\":\"https:\\\/\\\/staging.elkaminante.com.uy\\\/#\\\/schema\\\/logo\\\/image\\\/\"}}]}<\/script>\n<!-- \/ Yoast SEO plugin. -->","yoast_head_json":{"title":"Singapur, Malasia e Indonesia - El Kaminante","robots":{"index":"noindex","follow":"follow","max-snippet":"max-snippet:-1","max-image-preview":"max-image-preview:large","max-video-preview":"max-video-preview:-1"},"og_locale":"en_US","og_type":"article","og_title":"Singapur, Malasia e Indonesia - El Kaminante","og_description":"Indonesia es un destino cautivador en el sudeste asi\u00e1tico, famoso por su diversidad cultural y sus paisajes de ensue\u00f1o. Conocida por sus extensas playas de arena blanca, selvas exuberantes y volcanes imponentes, es el lugar ideal para quienes buscan una escapada a un verdadero para\u00edso tropical. Explora Bali, una de las islas m\u00e1s emblem\u00e1ticas, donde la riqu\u00edsima herencia cultural se manifiesta en sus impresionantes templos y festivales vibrantes. Disfruta de la deliciosa cocina indonesia, que combina sabores ex\u00f3ticos y especias aut\u00f3ctonas, reflejando la historia multicultural del archipi\u00e9lago. Con su c\u00e1lida hospitalidad y un ambiente relajado, Indonesia te ofrece una experiencia inolvidable de paz y autenticidad en un escenario natural extraordinario. \u00a1D\u00e9jate envolver por la magia y el encanto de este destino sin igual!Conocida como la Isla de los Dioses, Bali es una paradis\u00edaca isla de Indonesia, famosa por sus templos y la cordialidad de su pueblo. Sus playas bordeadas de palmeras, sus manantiales, sus densas junglas y sus pueblos con una maravillosa cultura la hacen un destino ex\u00f3tico e interesante. Se encuentra ubicada en una cadena con Java hacia el oeste y con Lombok hacia el este. Es uno de los lugares m\u00e1s enriquecedores del mundo, y en casi todos los rincones de la isla se puede respirar la danza, la pintura, la escultura y la orfebrer\u00eda. Su principal actividad econ\u00f3mica es la agricultura, principalmente los cultivos de arroz, conformando tambi\u00e9n un paisaje extremadamente bello.Indonesia es un destino cautivador en el sudeste asi\u00e1tico, famoso por su diversidad cultural y sus paisajes de ensue\u00f1o. Conocida por sus extensas playas de arena blanca, selvas exuberantes y volcanes imponentes, es el lugar ideal para quienes buscan una escapada a un verdadero para\u00edso tropical. Explora Bali, una de las islas m\u00e1s emblem\u00e1ticas, donde la riqu\u00edsima herencia cultural se manifiesta en sus impresionantes templos y festivales vibrantes. Disfruta de la deliciosa cocina indonesia, que combina sabores ex\u00f3ticos y especias aut\u00f3ctonas, reflejando la historia multicultural del archipi\u00e9lago. Con su c\u00e1lida hospitalidad y un ambiente relajado, Indonesia te ofrece una experiencia inolvidable de paz y autenticidad en un escenario natural extraordinario. \u00a1D\u00e9jate envolver por la magia y el encanto de este destino sin igual!","og_url":"https:\/\/staging.elkaminante.com.uy\/paquetes\/singapur-malasia-e-indonesia\/","og_site_name":"El Kaminante","article_modified_time":"2026-05-15T17:48:43+00:00","og_image":[{"width":1200,"height":630,"url":"https:\/\/staging.elkaminante.com.uy\/wp-content\/uploads\/2025\/06\/PAQ557.webp","type":"image\/webp"}],"twitter_card":"summary_large_image","schema":{"@context":"https:\/\/schema.org","@graph":[{"@type":"WebPage","@id":"https:\/\/staging.elkaminante.com.uy\/paquetes\/singapur-malasia-e-indonesia\/","url":"https:\/\/staging.elkaminante.com.uy\/paquetes\/singapur-malasia-e-indonesia\/","name":"Singapur, Malasia e Indonesia - El Kaminante","isPartOf":{"@id":"https:\/\/staging.elkaminante.com.uy\/#website"},"primaryImageOfPage":{"@id":"https:\/\/staging.elkaminante.com.uy\/paquetes\/singapur-malasia-e-indonesia\/#primaryimage"},"image":{"@id":"https:\/\/staging.elkaminante.com.uy\/paquetes\/singapur-malasia-e-indonesia\/#primaryimage"},"thumbnailUrl":"https:\/\/staging.elkaminante.com.uy\/wp-content\/uploads\/2025\/06\/PAQ557.webp","datePublished":"2025-06-16T23:21:50+00:00","dateModified":"2026-05-15T17:48:43+00:00","breadcrumb":{"@id":"https:\/\/staging.elkaminante.com.uy\/paquetes\/singapur-malasia-e-indonesia\/#breadcrumb"},"inLanguage":"en-US","potentialAction":[{"@type":"ReadAction","target":["https:\/\/staging.elkaminante.com.uy\/paquetes\/singapur-malasia-e-indonesia\/"]}]},{"@type":"ImageObject","inLanguage":"en-US","@id":"https:\/\/staging.elkaminante.com.uy\/paquetes\/singapur-malasia-e-indonesia\/#primaryimage","url":"https:\/\/staging.elkaminante.com.uy\/wp-content\/uploads\/2025\/06\/PAQ557.webp","contentUrl":"https:\/\/staging.elkaminante.com.uy\/wp-content\/uploads\/2025\/06\/PAQ557.webp","width":1200,"height":630},{"@type":"BreadcrumbList","@id":"https:\/\/staging.elkaminante.com.uy\/paquetes\/singapur-malasia-e-indonesia\/#breadcrumb","itemListElement":[{"@type":"ListItem","position":1,"name":"Inicio","item":"https:\/\/staging.elkaminante.com.uy\/en\/"},{"@type":"ListItem","position":2,"name":"Viajes por el mundo","item":"https:\/\/staging.elkaminante.com.uy\/en\/paquetes\/"},{"@type":"ListItem","position":3,"name":"Singapur, Malasia e Indonesia"}]},{"@type":"WebSite","@id":"https:\/\/staging.elkaminante.com.uy\/#website","url":"https:\/\/staging.elkaminante.com.uy\/","name":"El Kaminante","description":"Viajes &amp; Turismo","publisher":{"@id":"https:\/\/staging.elkaminante.com.uy\/#organization"},"potentialAction":[{"@type":"SearchAction","target":{"@type":"EntryPoint","urlTemplate":"https:\/\/staging.elkaminante.com.uy\/?s={search_term_string}"},"query-input":{"@type":"PropertyValueSpecification","valueRequired":true,"valueName":"search_term_string"}}],"inLanguage":"en-US"},{"@type":"Organization","@id":"https:\/\/staging.elkaminante.com.uy\/#organization","name":"El Kaminante","url":"https:\/\/staging.elkaminante.com.uy\/","logo":{"@type":"ImageObject","inLanguage":"en-US","@id":"https:\/\/staging.elkaminante.com.uy\/#\/schema\/logo\/image\/","url":"https:\/\/staging.elkaminante.com.uy\/wp-content\/uploads\/2025\/02\/logo-elkaminante-blanco.svg","contentUrl":"https:\/\/staging.elkaminante.com.uy\/wp-content\/uploads\/2025\/02\/logo-elkaminante-blanco.svg","caption":"El Kaminante"},"image":{"@id":"https:\/\/staging.elkaminante.com.uy\/#\/schema\/logo\/image\/"}}]}},"_links":{"self":[{"href":"https:\/\/staging.elkaminante.com.uy\/en\/wp-json\/wp\/v2\/product\/11682","targetHints":{"allow":["GET"]}}],"collection":[{"href":"https:\/\/staging.elkaminante.com.uy\/en\/wp-json\/wp\/v2\/product"}],"about":[{"href":"https:\/\/staging.elkaminante.com.uy\/en\/wp-json\/wp\/v2\/types\/product"}],"wp:featuredmedia":[{"embeddable":true,"href":"https:\/\/staging.elkaminante.com.uy\/en\/wp-json\/wp\/v2\/media\/11680"}],"wp:attachment":[{"href":"https:\/\/staging.elkaminante.com.uy\/en\/wp-json\/wp\/v2\/media?parent=11682"}],"wp:term":[{"taxonomy":"product_brand","embeddable":true,"href":"https:\/\/staging.elkaminante.com.uy\/en\/wp-json\/wp\/v2\/product_brand?post=11682"},{"taxonomy":"product_cat","embeddable":true,"href":"https:\/\/staging.elkaminante.com.uy\/en\/wp-json\/wp\/v2\/product_cat?post=11682"},{"taxonomy":"product_tag","embeddable":true,"href":"https:\/\/staging.elkaminante.com.uy\/en\/wp-json\/wp\/v2\/product_tag?post=11682"}],"curies":[{"name":"wp","href":"https:\/\/api.w.org\/{rel}","templated":true}]}}