{"id":11497,"date":"2025-06-16T20:19:51","date_gmt":"2025-06-16T23:19:51","guid":{"rendered":"https:\/\/elkaminante.com.uy\/paquetes\/costa-mujeres-all-inclusive\/"},"modified":"2026-05-15T14:48:34","modified_gmt":"2026-05-15T17:48:34","slug":"costa-mujeres-all-inclusive","status":"publish","type":"product","link":"https:\/\/staging.elkaminante.com.uy\/en\/paquetes\/costa-mujeres-all-inclusive\/","title":{"rendered":"Costa Mujeres All Inclusive"},"content":{"rendered":"","protected":false},"excerpt":{"rendered":"<p>Si adem\u00e1s de mar y las playas buscas descanso, estar alejado de las grandes multitudes y con un contacto con la naturaleza y cultura loca, a solo 30 kms de Canc\u00fan, sin duda te recomendamos este para\u00edso: <b>Costa Mujeres<\/b>. Este destino invita a los turistas a respetar el entorno natural que la rodea. Quiz\u00e1 sea por eso que a\u00fan mantiene ese car\u00e1cter apacible y se convierte en el mejor destino para relajarse y renovar energ\u00edas. Un tour obligado es tomar un ferry hasta la Isla Mujeres y, una vez all\u00ed, visitar el Parque Natural Garraf\u00f3n, ubicado en la punta sur de esta encantadora isla. All\u00ed puedes pasar un d\u00eda muy activo practicando kayak, bicicleta o simplemente relaj\u00e1ndote en una hamaca en la playa.<\/p>\n","protected":false},"featured_media":11495,"template":"","meta":{"_acf_changed":false,"inline_featured_image":false},"product_brand":[],"product_cat":[28,1579],"product_tag":[173,70,611,3622,2193,1610,2071,879,3293,163,615,1664,65,71,73,612,164,61,2953,1092,2952,75,613,165,119],"class_list":{"0":"post-11497","1":"product","2":"type-product","3":"status-publish","4":"has-post-thumbnail","6":"product_cat-paquetes","7":"product_cat-uruguay","8":"product_tag-all-inclusive","9":"product_tag-america-del-norte","10":"product_tag-costa-mujeres","11":"product_tag-costa-mujeres-all-inclusive","12":"product_tag-en-costa-mujeres","13":"product_tag-en-julio","14":"product_tag-en-mexico","15":"product_tag-julio","16":"product_tag-julio-2026all-inclusive","17":"product_tag-mexico","18":"product_tag-mexico-en-costa-mujeres","19":"product_tag-mexico-en-julio","20":"product_tag-no-aplica","21":"product_tag-norte-america","22":"product_tag-paquetes-a-america-del-norte","23":"product_tag-paquetes-a-costa-mujeres","24":"product_tag-paquetes-a-mexico","25":"product_tag-sin-destino","26":"product_tag-vacaciones-de-invierno","27":"product_tag-vacaciones-de-julio","28":"product_tag-vacaciones-julio","29":"product_tag-viajes-a-america-del-norte","30":"product_tag-viajes-a-costa-mujeres","31":"product_tag-viajes-a-mexico","32":"product_tag-vuelo-y-hotel","33":"entry","34":"has-media","36":"first","37":"instock","38":"shipping-taxable","39":"purchasable","40":"product-type-simple"},"acf":[],"yoast_head":"<!-- This site is optimized with the Yoast SEO plugin v27.6 - https:\/\/yoast.com\/product\/yoast-seo-wordpress\/ -->\n<title>Costa Mujeres All Inclusive - El Kaminante<\/title>\n<meta name=\"robots\" content=\"noindex, follow, max-snippet:-1, max-image-preview:large, max-video-preview:-1\" \/>\n<meta property=\"og:locale\" content=\"en_US\" \/>\n<meta property=\"og:type\" content=\"article\" \/>\n<meta property=\"og:title\" content=\"Costa Mujeres All Inclusive - El Kaminante\" \/>\n<meta property=\"og:description\" content=\"Si adem\u00e1s de mar y las playas buscas descanso, estar alejado de las grandes multitudes y con un contacto con la naturaleza y cultura loca, a solo 30 kms de Canc\u00fan, sin duda te recomendamos este para\u00edso: Costa Mujeres. Este destino invita a los turistas a respetar el entorno natural que la rodea. Quiz\u00e1 sea por eso que a\u00fan mantiene ese car\u00e1cter apacible y se convierte en el mejor destino para relajarse y renovar energ\u00edas. Un tour obligado es tomar un ferry hasta la Isla Mujeres y, una vez all\u00ed, visitar el Parque Natural Garraf\u00f3n, ubicado en la punta sur de esta encantadora isla. All\u00ed puedes pasar un d\u00eda muy activo practicando kayak, bicicleta o simplemente relaj\u00e1ndote en una hamaca en la playa.\" \/>\n<meta property=\"og:url\" content=\"https:\/\/staging.elkaminante.com.uy\/paquetes\/costa-mujeres-all-inclusive\/\" \/>\n<meta property=\"og:site_name\" content=\"El Kaminante\" \/>\n<meta property=\"article:modified_time\" content=\"2026-05-15T17:48:34+00:00\" \/>\n<meta name=\"twitter:card\" content=\"summary_large_image\" \/>\n<script type=\"application\/ld+json\" class=\"yoast-schema-graph\">{\"@context\":\"https:\\\/\\\/schema.org\",\"@graph\":[{\"@type\":\"WebPage\",\"@id\":\"https:\\\/\\\/staging.elkaminante.com.uy\\\/paquetes\\\/costa-mujeres-all-inclusive\\\/\",\"url\":\"https:\\\/\\\/staging.elkaminante.com.uy\\\/paquetes\\\/costa-mujeres-all-inclusive\\\/\",\"name\":\"Costa Mujeres All Inclusive - El Kaminante\",\"isPartOf\":{\"@id\":\"https:\\\/\\\/staging.elkaminante.com.uy\\\/#website\"},\"primaryImageOfPage\":{\"@id\":\"https:\\\/\\\/staging.elkaminante.com.uy\\\/paquetes\\\/costa-mujeres-all-inclusive\\\/#primaryimage\"},\"image\":{\"@id\":\"https:\\\/\\\/staging.elkaminante.com.uy\\\/paquetes\\\/costa-mujeres-all-inclusive\\\/#primaryimage\"},\"thumbnailUrl\":\"https:\\\/\\\/staging.elkaminante.com.uy\\\/wp-content\\\/uploads\\\/2025\\\/06\\\/PAQ503.webp\",\"datePublished\":\"2025-06-16T23:19:51+00:00\",\"dateModified\":\"2026-05-15T17:48:34+00:00\",\"breadcrumb\":{\"@id\":\"https:\\\/\\\/staging.elkaminante.com.uy\\\/paquetes\\\/costa-mujeres-all-inclusive\\\/#breadcrumb\"},\"inLanguage\":\"en-US\",\"potentialAction\":[{\"@type\":\"ReadAction\",\"target\":[\"https:\\\/\\\/staging.elkaminante.com.uy\\\/paquetes\\\/costa-mujeres-all-inclusive\\\/\"]}]},{\"@type\":\"ImageObject\",\"inLanguage\":\"en-US\",\"@id\":\"https:\\\/\\\/staging.elkaminante.com.uy\\\/paquetes\\\/costa-mujeres-all-inclusive\\\/#primaryimage\",\"url\":\"https:\\\/\\\/staging.elkaminante.com.uy\\\/wp-content\\\/uploads\\\/2025\\\/06\\\/PAQ503.webp\",\"contentUrl\":\"https:\\\/\\\/staging.elkaminante.com.uy\\\/wp-content\\\/uploads\\\/2025\\\/06\\\/PAQ503.webp\",\"width\":1200,\"height\":630},{\"@type\":\"BreadcrumbList\",\"@id\":\"https:\\\/\\\/staging.elkaminante.com.uy\\\/paquetes\\\/costa-mujeres-all-inclusive\\\/#breadcrumb\",\"itemListElement\":[{\"@type\":\"ListItem\",\"position\":1,\"name\":\"Inicio\",\"item\":\"https:\\\/\\\/staging.elkaminante.com.uy\\\/en\\\/\"},{\"@type\":\"ListItem\",\"position\":2,\"name\":\"Viajes por el mundo\",\"item\":\"https:\\\/\\\/staging.elkaminante.com.uy\\\/en\\\/paquetes\\\/\"},{\"@type\":\"ListItem\",\"position\":3,\"name\":\"Costa Mujeres All Inclusive\"}]},{\"@type\":\"WebSite\",\"@id\":\"https:\\\/\\\/staging.elkaminante.com.uy\\\/#website\",\"url\":\"https:\\\/\\\/staging.elkaminante.com.uy\\\/\",\"name\":\"El Kaminante\",\"description\":\"Viajes &amp; Turismo\",\"publisher\":{\"@id\":\"https:\\\/\\\/staging.elkaminante.com.uy\\\/#organization\"},\"potentialAction\":[{\"@type\":\"SearchAction\",\"target\":{\"@type\":\"EntryPoint\",\"urlTemplate\":\"https:\\\/\\\/staging.elkaminante.com.uy\\\/?s={search_term_string}\"},\"query-input\":{\"@type\":\"PropertyValueSpecification\",\"valueRequired\":true,\"valueName\":\"search_term_string\"}}],\"inLanguage\":\"en-US\"},{\"@type\":\"Organization\",\"@id\":\"https:\\\/\\\/staging.elkaminante.com.uy\\\/#organization\",\"name\":\"El Kaminante\",\"url\":\"https:\\\/\\\/staging.elkaminante.com.uy\\\/\",\"logo\":{\"@type\":\"ImageObject\",\"inLanguage\":\"en-US\",\"@id\":\"https:\\\/\\\/staging.elkaminante.com.uy\\\/#\\\/schema\\\/logo\\\/image\\\/\",\"url\":\"https:\\\/\\\/staging.elkaminante.com.uy\\\/wp-content\\\/uploads\\\/2025\\\/02\\\/logo-elkaminante-blanco.svg\",\"contentUrl\":\"https:\\\/\\\/staging.elkaminante.com.uy\\\/wp-content\\\/uploads\\\/2025\\\/02\\\/logo-elkaminante-blanco.svg\",\"caption\":\"El Kaminante\"},\"image\":{\"@id\":\"https:\\\/\\\/staging.elkaminante.com.uy\\\/#\\\/schema\\\/logo\\\/image\\\/\"}}]}<\/script>\n<!-- \/ Yoast SEO plugin. -->","yoast_head_json":{"title":"Costa Mujeres All Inclusive - El Kaminante","robots":{"index":"noindex","follow":"follow","max-snippet":"max-snippet:-1","max-image-preview":"max-image-preview:large","max-video-preview":"max-video-preview:-1"},"og_locale":"en_US","og_type":"article","og_title":"Costa Mujeres All Inclusive - El Kaminante","og_description":"Si adem\u00e1s de mar y las playas buscas descanso, estar alejado de las grandes multitudes y con un contacto con la naturaleza y cultura loca, a solo 30 kms de Canc\u00fan, sin duda te recomendamos este para\u00edso: Costa Mujeres. Este destino invita a los turistas a respetar el entorno natural que la rodea. Quiz\u00e1 sea por eso que a\u00fan mantiene ese car\u00e1cter apacible y se convierte en el mejor destino para relajarse y renovar energ\u00edas. Un tour obligado es tomar un ferry hasta la Isla Mujeres y, una vez all\u00ed, visitar el Parque Natural Garraf\u00f3n, ubicado en la punta sur de esta encantadora isla. All\u00ed puedes pasar un d\u00eda muy activo practicando kayak, bicicleta o simplemente relaj\u00e1ndote en una hamaca en la playa.","og_url":"https:\/\/staging.elkaminante.com.uy\/paquetes\/costa-mujeres-all-inclusive\/","og_site_name":"El Kaminante","article_modified_time":"2026-05-15T17:48:34+00:00","twitter_card":"summary_large_image","schema":{"@context":"https:\/\/schema.org","@graph":[{"@type":"WebPage","@id":"https:\/\/staging.elkaminante.com.uy\/paquetes\/costa-mujeres-all-inclusive\/","url":"https:\/\/staging.elkaminante.com.uy\/paquetes\/costa-mujeres-all-inclusive\/","name":"Costa Mujeres All Inclusive - El Kaminante","isPartOf":{"@id":"https:\/\/staging.elkaminante.com.uy\/#website"},"primaryImageOfPage":{"@id":"https:\/\/staging.elkaminante.com.uy\/paquetes\/costa-mujeres-all-inclusive\/#primaryimage"},"image":{"@id":"https:\/\/staging.elkaminante.com.uy\/paquetes\/costa-mujeres-all-inclusive\/#primaryimage"},"thumbnailUrl":"https:\/\/staging.elkaminante.com.uy\/wp-content\/uploads\/2025\/06\/PAQ503.webp","datePublished":"2025-06-16T23:19:51+00:00","dateModified":"2026-05-15T17:48:34+00:00","breadcrumb":{"@id":"https:\/\/staging.elkaminante.com.uy\/paquetes\/costa-mujeres-all-inclusive\/#breadcrumb"},"inLanguage":"en-US","potentialAction":[{"@type":"ReadAction","target":["https:\/\/staging.elkaminante.com.uy\/paquetes\/costa-mujeres-all-inclusive\/"]}]},{"@type":"ImageObject","inLanguage":"en-US","@id":"https:\/\/staging.elkaminante.com.uy\/paquetes\/costa-mujeres-all-inclusive\/#primaryimage","url":"https:\/\/staging.elkaminante.com.uy\/wp-content\/uploads\/2025\/06\/PAQ503.webp","contentUrl":"https:\/\/staging.elkaminante.com.uy\/wp-content\/uploads\/2025\/06\/PAQ503.webp","width":1200,"height":630},{"@type":"BreadcrumbList","@id":"https:\/\/staging.elkaminante.com.uy\/paquetes\/costa-mujeres-all-inclusive\/#breadcrumb","itemListElement":[{"@type":"ListItem","position":1,"name":"Inicio","item":"https:\/\/staging.elkaminante.com.uy\/en\/"},{"@type":"ListItem","position":2,"name":"Viajes por el mundo","item":"https:\/\/staging.elkaminante.com.uy\/en\/paquetes\/"},{"@type":"ListItem","position":3,"name":"Costa Mujeres All Inclusive"}]},{"@type":"WebSite","@id":"https:\/\/staging.elkaminante.com.uy\/#website","url":"https:\/\/staging.elkaminante.com.uy\/","name":"El Kaminante","description":"Viajes &amp; Turismo","publisher":{"@id":"https:\/\/staging.elkaminante.com.uy\/#organization"},"potentialAction":[{"@type":"SearchAction","target":{"@type":"EntryPoint","urlTemplate":"https:\/\/staging.elkaminante.com.uy\/?s={search_term_string}"},"query-input":{"@type":"PropertyValueSpecification","valueRequired":true,"valueName":"search_term_string"}}],"inLanguage":"en-US"},{"@type":"Organization","@id":"https:\/\/staging.elkaminante.com.uy\/#organization","name":"El Kaminante","url":"https:\/\/staging.elkaminante.com.uy\/","logo":{"@type":"ImageObject","inLanguage":"en-US","@id":"https:\/\/staging.elkaminante.com.uy\/#\/schema\/logo\/image\/","url":"https:\/\/staging.elkaminante.com.uy\/wp-content\/uploads\/2025\/02\/logo-elkaminante-blanco.svg","contentUrl":"https:\/\/staging.elkaminante.com.uy\/wp-content\/uploads\/2025\/02\/logo-elkaminante-blanco.svg","caption":"El Kaminante"},"image":{"@id":"https:\/\/staging.elkaminante.com.uy\/#\/schema\/logo\/image\/"}}]}},"_links":{"self":[{"href":"https:\/\/staging.elkaminante.com.uy\/en\/wp-json\/wp\/v2\/product\/11497","targetHints":{"allow":["GET"]}}],"collection":[{"href":"https:\/\/staging.elkaminante.com.uy\/en\/wp-json\/wp\/v2\/product"}],"about":[{"href":"https:\/\/staging.elkaminante.com.uy\/en\/wp-json\/wp\/v2\/types\/product"}],"wp:featuredmedia":[{"embeddable":true,"href":"https:\/\/staging.elkaminante.com.uy\/en\/wp-json\/wp\/v2\/media\/11495"}],"wp:attachment":[{"href":"https:\/\/staging.elkaminante.com.uy\/en\/wp-json\/wp\/v2\/media?parent=11497"}],"wp:term":[{"taxonomy":"product_brand","embeddable":true,"href":"https:\/\/staging.elkaminante.com.uy\/en\/wp-json\/wp\/v2\/product_brand?post=11497"},{"taxonomy":"product_cat","embeddable":true,"href":"https:\/\/staging.elkaminante.com.uy\/en\/wp-json\/wp\/v2\/product_cat?post=11497"},{"taxonomy":"product_tag","embeddable":true,"href":"https:\/\/staging.elkaminante.com.uy\/en\/wp-json\/wp\/v2\/product_tag?post=11497"}],"curies":[{"name":"wp","href":"https:\/\/api.w.org\/{rel}","templated":true}]}}