{"id":11296,"date":"2025-06-16T20:17:48","date_gmt":"2025-06-16T23:17:48","guid":{"rendered":"https:\/\/elkaminante.com.uy\/paquetes\/portugal-y-andalucia\/"},"modified":"2026-05-15T14:48:29","modified_gmt":"2026-05-15T17:48:29","slug":"portugal-y-andalucia","status":"publish","type":"product","link":"https:\/\/staging.elkaminante.com.uy\/en\/paquetes\/portugal-y-andalucia\/","title":{"rendered":"Portugal y Andaluc\u00eda"},"content":{"rendered":"","protected":false},"excerpt":{"rendered":"<p><b>Portugal<\/b> pertenece a la Uni\u00f3n Europea y tiene como capital a la ciudad de Lisboa, la cual es, tambi\u00e9n la m\u00e1s poblada, incluyendo tambi\u00e9n dentro de su territorio a los archipi\u00e9lagos aut\u00f3nomos de las Azores y de Madeira, que se ubican en el hemisferio norte del oc\u00e9ano Atl\u00e1ntico. La gastronom\u00eda de Portugal es principalmente mediterr\u00e1nea con influencias \u00e1rabes, espa\u00f1olas y brasile\u00f1as que presentan ingredientes como el pan, aceites, especias, quesos y dem\u00e1s carnes, destacando tambi\u00e9n su tradici\u00f3n vin\u00edcola. Portugal es un pa\u00eds muy religioso, por lo que se celebran todas las festividades mundiales para el catolicismo, adem\u00e1s de sus particulares fiestas religiosas como el Carnaval, la Fiesta de la Flor en Madeiras y la Fiesta del Esp\u00edritu Santo en las Azores. <i>Principales ciudades:<\/i>Lisboa (capital), Oporto, Aveiro, Braga, Co\u00edmbra, Guimar\u00e3es, \u00c9vora y Faro, entre otras.<\/p>\n<p>Espa\u00f1a es un pa\u00eds lleno de encanto y diversidad, donde la historia y la cultura se entrelazan con paisajes impresionantes. Desde las playas doradas de la Costa del Sol hasta las majestuosas monta\u00f1as de los Picos de Europa, Espa\u00f1a ofrece una experiencia \u00fanica para los viajeros. Sum\u00e9rgete en la vibrante vida nocturna de Madrid, explora la arquitectura \u00fanica de Barcelona y d\u00e9jate cautivar por la magia de Sevilla con su flamenco y su rica historia. Con una cocina deliciosa que var\u00eda de regi\u00f3n a regi\u00f3n y una gente c\u00e1lida y acogedora, Espa\u00f1a invita a descubrir su diversidad y su belleza en cada rinc\u00f3n del pa\u00eds.<\/p>\n","protected":false},"featured_media":11294,"template":"","meta":{"_acf_changed":false,"inline_featured_image":false},"product_brand":[],"product_cat":[28,1579],"product_tag":[562,3784,568,2184,123,124,2985,926,117,2755,125,126,4595,129,586,874,585,4180,590,3589,873,120,61,3282,127,128,4596,130,587,875,119],"class_list":{"0":"post-11296","1":"product","2":"type-product","3":"status-publish","4":"has-post-thumbnail","6":"product_cat-paquetes","7":"product_cat-uruguay","8":"product_tag-agosto","9":"product_tag-agosto-2026","10":"product_tag-en-agosto","11":"product_tag-en-portugal","12":"product_tag-espana","13":"product_tag-europa","14":"product_tag-granada","15":"product_tag-lisboa","16":"product_tag-madrid","17":"product_tag-oporto","18":"product_tag-paquetes-a-espana","19":"product_tag-paquetes-a-europa","20":"product_tag-paquetes-a-lisboa","21":"product_tag-paquetes-a-madrid","22":"product_tag-paquetes-a-portugal","23":"product_tag-paquetes-a-sevilla","24":"product_tag-portugal","25":"product_tag-portugal-en-agosto","26":"product_tag-portugal-en-portugal","27":"product_tag-portugal-y-andalucia","28":"product_tag-sevilla","29":"product_tag-sin-comidas","30":"product_tag-sin-destino","31":"product_tag-temporada-baja","32":"product_tag-viajes-a-espana","33":"product_tag-viajes-a-europa","34":"product_tag-viajes-a-lisboa","35":"product_tag-viajes-a-madrid","36":"product_tag-viajes-a-portugal","37":"product_tag-viajes-a-sevilla","38":"product_tag-vuelo-y-hotel","39":"entry","40":"has-media","42":"first","43":"instock","44":"shipping-taxable","45":"purchasable","46":"product-type-simple"},"acf":[],"yoast_head":"<!-- This site is optimized with the Yoast SEO plugin v27.6 - https:\/\/yoast.com\/product\/yoast-seo-wordpress\/ -->\n<title>Portugal y Andaluc\u00eda - El Kaminante<\/title>\n<meta name=\"robots\" content=\"noindex, follow, max-snippet:-1, max-image-preview:large, max-video-preview:-1\" \/>\n<meta property=\"og:locale\" content=\"en_US\" \/>\n<meta property=\"og:type\" content=\"article\" \/>\n<meta property=\"og:title\" content=\"Portugal y Andaluc\u00eda - El Kaminante\" \/>\n<meta property=\"og:description\" content=\"Portugal pertenece a la Uni\u00f3n Europea y tiene como capital a la ciudad de Lisboa, la cual es, tambi\u00e9n la m\u00e1s poblada, incluyendo tambi\u00e9n dentro de su territorio a los archipi\u00e9lagos aut\u00f3nomos de las Azores y de Madeira, que se ubican en el hemisferio norte del oc\u00e9ano Atl\u00e1ntico. La gastronom\u00eda de Portugal es principalmente mediterr\u00e1nea con influencias \u00e1rabes, espa\u00f1olas y brasile\u00f1as que presentan ingredientes como el pan, aceites, especias, quesos y dem\u00e1s carnes, destacando tambi\u00e9n su tradici\u00f3n vin\u00edcola. Portugal es un pa\u00eds muy religioso, por lo que se celebran todas las festividades mundiales para el catolicismo, adem\u00e1s de sus particulares fiestas religiosas como el Carnaval, la Fiesta de la Flor en Madeiras y la Fiesta del Esp\u00edritu Santo en las Azores. Principales ciudades:Lisboa (capital), Oporto, Aveiro, Braga, Co\u00edmbra, Guimar\u00e3es, \u00c9vora y Faro, entre otras. Espa\u00f1a es un pa\u00eds lleno de encanto y diversidad, donde la historia y la cultura se entrelazan con paisajes impresionantes. Desde las playas doradas de la Costa del Sol hasta las majestuosas monta\u00f1as de los Picos de Europa, Espa\u00f1a ofrece una experiencia \u00fanica para los viajeros. Sum\u00e9rgete en la vibrante vida nocturna de Madrid, explora la arquitectura \u00fanica de Barcelona y d\u00e9jate cautivar por la magia de Sevilla con su flamenco y su rica historia. Con una cocina deliciosa que var\u00eda de regi\u00f3n a regi\u00f3n y una gente c\u00e1lida y acogedora, Espa\u00f1a invita a descubrir su diversidad y su belleza en cada rinc\u00f3n del pa\u00eds.\" \/>\n<meta property=\"og:url\" content=\"https:\/\/staging.elkaminante.com.uy\/paquetes\/portugal-y-andalucia\/\" \/>\n<meta property=\"og:site_name\" content=\"El Kaminante\" \/>\n<meta property=\"article:modified_time\" content=\"2026-05-15T17:48:29+00:00\" \/>\n<meta property=\"og:image\" content=\"https:\/\/staging.elkaminante.com.uy\/wp-content\/uploads\/2025\/06\/PAQ464.webp\" \/>\n\t<meta property=\"og:image:width\" content=\"800\" \/>\n\t<meta property=\"og:image:height\" content=\"457\" \/>\n\t<meta property=\"og:image:type\" content=\"image\/webp\" \/>\n<meta name=\"twitter:card\" content=\"summary_large_image\" \/>\n<script type=\"application\/ld+json\" class=\"yoast-schema-graph\">{\"@context\":\"https:\\\/\\\/schema.org\",\"@graph\":[{\"@type\":\"WebPage\",\"@id\":\"https:\\\/\\\/staging.elkaminante.com.uy\\\/paquetes\\\/portugal-y-andalucia\\\/\",\"url\":\"https:\\\/\\\/staging.elkaminante.com.uy\\\/paquetes\\\/portugal-y-andalucia\\\/\",\"name\":\"Portugal y Andaluc\u00eda - El Kaminante\",\"isPartOf\":{\"@id\":\"https:\\\/\\\/staging.elkaminante.com.uy\\\/#website\"},\"primaryImageOfPage\":{\"@id\":\"https:\\\/\\\/staging.elkaminante.com.uy\\\/paquetes\\\/portugal-y-andalucia\\\/#primaryimage\"},\"image\":{\"@id\":\"https:\\\/\\\/staging.elkaminante.com.uy\\\/paquetes\\\/portugal-y-andalucia\\\/#primaryimage\"},\"thumbnailUrl\":\"https:\\\/\\\/staging.elkaminante.com.uy\\\/wp-content\\\/uploads\\\/2025\\\/06\\\/PAQ464.webp\",\"datePublished\":\"2025-06-16T23:17:48+00:00\",\"dateModified\":\"2026-05-15T17:48:29+00:00\",\"breadcrumb\":{\"@id\":\"https:\\\/\\\/staging.elkaminante.com.uy\\\/paquetes\\\/portugal-y-andalucia\\\/#breadcrumb\"},\"inLanguage\":\"en-US\",\"potentialAction\":[{\"@type\":\"ReadAction\",\"target\":[\"https:\\\/\\\/staging.elkaminante.com.uy\\\/paquetes\\\/portugal-y-andalucia\\\/\"]}]},{\"@type\":\"ImageObject\",\"inLanguage\":\"en-US\",\"@id\":\"https:\\\/\\\/staging.elkaminante.com.uy\\\/paquetes\\\/portugal-y-andalucia\\\/#primaryimage\",\"url\":\"https:\\\/\\\/staging.elkaminante.com.uy\\\/wp-content\\\/uploads\\\/2025\\\/06\\\/PAQ464.webp\",\"contentUrl\":\"https:\\\/\\\/staging.elkaminante.com.uy\\\/wp-content\\\/uploads\\\/2025\\\/06\\\/PAQ464.webp\",\"width\":800,\"height\":457},{\"@type\":\"BreadcrumbList\",\"@id\":\"https:\\\/\\\/staging.elkaminante.com.uy\\\/paquetes\\\/portugal-y-andalucia\\\/#breadcrumb\",\"itemListElement\":[{\"@type\":\"ListItem\",\"position\":1,\"name\":\"Inicio\",\"item\":\"https:\\\/\\\/staging.elkaminante.com.uy\\\/en\\\/\"},{\"@type\":\"ListItem\",\"position\":2,\"name\":\"Viajes por el mundo\",\"item\":\"https:\\\/\\\/staging.elkaminante.com.uy\\\/en\\\/paquetes\\\/\"},{\"@type\":\"ListItem\",\"position\":3,\"name\":\"Portugal y Andaluc\u00eda\"}]},{\"@type\":\"WebSite\",\"@id\":\"https:\\\/\\\/staging.elkaminante.com.uy\\\/#website\",\"url\":\"https:\\\/\\\/staging.elkaminante.com.uy\\\/\",\"name\":\"El Kaminante\",\"description\":\"Viajes &amp; Turismo\",\"publisher\":{\"@id\":\"https:\\\/\\\/staging.elkaminante.com.uy\\\/#organization\"},\"potentialAction\":[{\"@type\":\"SearchAction\",\"target\":{\"@type\":\"EntryPoint\",\"urlTemplate\":\"https:\\\/\\\/staging.elkaminante.com.uy\\\/?s={search_term_string}\"},\"query-input\":{\"@type\":\"PropertyValueSpecification\",\"valueRequired\":true,\"valueName\":\"search_term_string\"}}],\"inLanguage\":\"en-US\"},{\"@type\":\"Organization\",\"@id\":\"https:\\\/\\\/staging.elkaminante.com.uy\\\/#organization\",\"name\":\"El Kaminante\",\"url\":\"https:\\\/\\\/staging.elkaminante.com.uy\\\/\",\"logo\":{\"@type\":\"ImageObject\",\"inLanguage\":\"en-US\",\"@id\":\"https:\\\/\\\/staging.elkaminante.com.uy\\\/#\\\/schema\\\/logo\\\/image\\\/\",\"url\":\"https:\\\/\\\/staging.elkaminante.com.uy\\\/wp-content\\\/uploads\\\/2025\\\/02\\\/logo-elkaminante-blanco.svg\",\"contentUrl\":\"https:\\\/\\\/staging.elkaminante.com.uy\\\/wp-content\\\/uploads\\\/2025\\\/02\\\/logo-elkaminante-blanco.svg\",\"caption\":\"El Kaminante\"},\"image\":{\"@id\":\"https:\\\/\\\/staging.elkaminante.com.uy\\\/#\\\/schema\\\/logo\\\/image\\\/\"}}]}<\/script>\n<!-- \/ Yoast SEO plugin. -->","yoast_head_json":{"title":"Portugal y Andaluc\u00eda - El Kaminante","robots":{"index":"noindex","follow":"follow","max-snippet":"max-snippet:-1","max-image-preview":"max-image-preview:large","max-video-preview":"max-video-preview:-1"},"og_locale":"en_US","og_type":"article","og_title":"Portugal y Andaluc\u00eda - El Kaminante","og_description":"Portugal pertenece a la Uni\u00f3n Europea y tiene como capital a la ciudad de Lisboa, la cual es, tambi\u00e9n la m\u00e1s poblada, incluyendo tambi\u00e9n dentro de su territorio a los archipi\u00e9lagos aut\u00f3nomos de las Azores y de Madeira, que se ubican en el hemisferio norte del oc\u00e9ano Atl\u00e1ntico. La gastronom\u00eda de Portugal es principalmente mediterr\u00e1nea con influencias \u00e1rabes, espa\u00f1olas y brasile\u00f1as que presentan ingredientes como el pan, aceites, especias, quesos y dem\u00e1s carnes, destacando tambi\u00e9n su tradici\u00f3n vin\u00edcola. Portugal es un pa\u00eds muy religioso, por lo que se celebran todas las festividades mundiales para el catolicismo, adem\u00e1s de sus particulares fiestas religiosas como el Carnaval, la Fiesta de la Flor en Madeiras y la Fiesta del Esp\u00edritu Santo en las Azores. Principales ciudades:Lisboa (capital), Oporto, Aveiro, Braga, Co\u00edmbra, Guimar\u00e3es, \u00c9vora y Faro, entre otras. Espa\u00f1a es un pa\u00eds lleno de encanto y diversidad, donde la historia y la cultura se entrelazan con paisajes impresionantes. Desde las playas doradas de la Costa del Sol hasta las majestuosas monta\u00f1as de los Picos de Europa, Espa\u00f1a ofrece una experiencia \u00fanica para los viajeros. Sum\u00e9rgete en la vibrante vida nocturna de Madrid, explora la arquitectura \u00fanica de Barcelona y d\u00e9jate cautivar por la magia de Sevilla con su flamenco y su rica historia. Con una cocina deliciosa que var\u00eda de regi\u00f3n a regi\u00f3n y una gente c\u00e1lida y acogedora, Espa\u00f1a invita a descubrir su diversidad y su belleza en cada rinc\u00f3n del pa\u00eds.","og_url":"https:\/\/staging.elkaminante.com.uy\/paquetes\/portugal-y-andalucia\/","og_site_name":"El Kaminante","article_modified_time":"2026-05-15T17:48:29+00:00","og_image":[{"width":800,"height":457,"url":"https:\/\/staging.elkaminante.com.uy\/wp-content\/uploads\/2025\/06\/PAQ464.webp","type":"image\/webp"}],"twitter_card":"summary_large_image","schema":{"@context":"https:\/\/schema.org","@graph":[{"@type":"WebPage","@id":"https:\/\/staging.elkaminante.com.uy\/paquetes\/portugal-y-andalucia\/","url":"https:\/\/staging.elkaminante.com.uy\/paquetes\/portugal-y-andalucia\/","name":"Portugal y Andaluc\u00eda - El Kaminante","isPartOf":{"@id":"https:\/\/staging.elkaminante.com.uy\/#website"},"primaryImageOfPage":{"@id":"https:\/\/staging.elkaminante.com.uy\/paquetes\/portugal-y-andalucia\/#primaryimage"},"image":{"@id":"https:\/\/staging.elkaminante.com.uy\/paquetes\/portugal-y-andalucia\/#primaryimage"},"thumbnailUrl":"https:\/\/staging.elkaminante.com.uy\/wp-content\/uploads\/2025\/06\/PAQ464.webp","datePublished":"2025-06-16T23:17:48+00:00","dateModified":"2026-05-15T17:48:29+00:00","breadcrumb":{"@id":"https:\/\/staging.elkaminante.com.uy\/paquetes\/portugal-y-andalucia\/#breadcrumb"},"inLanguage":"en-US","potentialAction":[{"@type":"ReadAction","target":["https:\/\/staging.elkaminante.com.uy\/paquetes\/portugal-y-andalucia\/"]}]},{"@type":"ImageObject","inLanguage":"en-US","@id":"https:\/\/staging.elkaminante.com.uy\/paquetes\/portugal-y-andalucia\/#primaryimage","url":"https:\/\/staging.elkaminante.com.uy\/wp-content\/uploads\/2025\/06\/PAQ464.webp","contentUrl":"https:\/\/staging.elkaminante.com.uy\/wp-content\/uploads\/2025\/06\/PAQ464.webp","width":800,"height":457},{"@type":"BreadcrumbList","@id":"https:\/\/staging.elkaminante.com.uy\/paquetes\/portugal-y-andalucia\/#breadcrumb","itemListElement":[{"@type":"ListItem","position":1,"name":"Inicio","item":"https:\/\/staging.elkaminante.com.uy\/en\/"},{"@type":"ListItem","position":2,"name":"Viajes por el mundo","item":"https:\/\/staging.elkaminante.com.uy\/en\/paquetes\/"},{"@type":"ListItem","position":3,"name":"Portugal y Andaluc\u00eda"}]},{"@type":"WebSite","@id":"https:\/\/staging.elkaminante.com.uy\/#website","url":"https:\/\/staging.elkaminante.com.uy\/","name":"El Kaminante","description":"Viajes &amp; Turismo","publisher":{"@id":"https:\/\/staging.elkaminante.com.uy\/#organization"},"potentialAction":[{"@type":"SearchAction","target":{"@type":"EntryPoint","urlTemplate":"https:\/\/staging.elkaminante.com.uy\/?s={search_term_string}"},"query-input":{"@type":"PropertyValueSpecification","valueRequired":true,"valueName":"search_term_string"}}],"inLanguage":"en-US"},{"@type":"Organization","@id":"https:\/\/staging.elkaminante.com.uy\/#organization","name":"El Kaminante","url":"https:\/\/staging.elkaminante.com.uy\/","logo":{"@type":"ImageObject","inLanguage":"en-US","@id":"https:\/\/staging.elkaminante.com.uy\/#\/schema\/logo\/image\/","url":"https:\/\/staging.elkaminante.com.uy\/wp-content\/uploads\/2025\/02\/logo-elkaminante-blanco.svg","contentUrl":"https:\/\/staging.elkaminante.com.uy\/wp-content\/uploads\/2025\/02\/logo-elkaminante-blanco.svg","caption":"El Kaminante"},"image":{"@id":"https:\/\/staging.elkaminante.com.uy\/#\/schema\/logo\/image\/"}}]}},"_links":{"self":[{"href":"https:\/\/staging.elkaminante.com.uy\/en\/wp-json\/wp\/v2\/product\/11296","targetHints":{"allow":["GET"]}}],"collection":[{"href":"https:\/\/staging.elkaminante.com.uy\/en\/wp-json\/wp\/v2\/product"}],"about":[{"href":"https:\/\/staging.elkaminante.com.uy\/en\/wp-json\/wp\/v2\/types\/product"}],"wp:featuredmedia":[{"embeddable":true,"href":"https:\/\/staging.elkaminante.com.uy\/en\/wp-json\/wp\/v2\/media\/11294"}],"wp:attachment":[{"href":"https:\/\/staging.elkaminante.com.uy\/en\/wp-json\/wp\/v2\/media?parent=11296"}],"wp:term":[{"taxonomy":"product_brand","embeddable":true,"href":"https:\/\/staging.elkaminante.com.uy\/en\/wp-json\/wp\/v2\/product_brand?post=11296"},{"taxonomy":"product_cat","embeddable":true,"href":"https:\/\/staging.elkaminante.com.uy\/en\/wp-json\/wp\/v2\/product_cat?post=11296"},{"taxonomy":"product_tag","embeddable":true,"href":"https:\/\/staging.elkaminante.com.uy\/en\/wp-json\/wp\/v2\/product_tag?post=11296"}],"curies":[{"name":"wp","href":"https:\/\/api.w.org\/{rel}","templated":true}]}}