{"id":11284,"date":"2025-06-16T20:17:42","date_gmt":"2025-06-16T23:17:42","guid":{"rendered":"https:\/\/elkaminante.com.uy\/paquetes\/travesia-por-el-amazonas\/"},"modified":"2026-05-15T14:48:29","modified_gmt":"2026-05-15T17:48:29","slug":"travesia-por-el-amazonas","status":"publish","type":"product","link":"https:\/\/staging.elkaminante.com.uy\/en\/paquetes\/travesia-por-el-amazonas\/","title":{"rendered":"Traves\u00eda por el Amazonas"},"content":{"rendered":"","protected":false},"excerpt":{"rendered":"<p>La selva del <b>Amazonas<\/b> es una maravilla de la naturaleza, surcada por r\u00edos y bosques y que ocupa casi la mitad del pa\u00eds, extendi\u00e9ndose adem\u00e1s a otros pa\u00edses vecinos. Sus r\u00edos son utilizados como rutas de navegaci\u00f3n para llegar al oc\u00e9ano. Gran parte de la selva contin\u00faa inexplorada y alberga m\u00e1s de 15.000 especies diferentes. Algunas m\u00e1s ex\u00f3ticas que otras y tambi\u00e9n especies pr\u00e1cticamente extinguidas. Es adem\u00e1s una de las siete maravillas naturales del mundo.<\/p>\n<p><b>Manaos<\/b> es la capital del Estado de Amazonas en Brasil y se ubica en la Regi\u00f3n Norte del pa\u00eds. En la ciudad se puede caminar por la selva en la ma\u00f1ana y asistir a una \u00f3pera de noche. Manaos ofrece un espacio rodeado de naturaleza, cultura, arte y gastronom\u00eda.<\/p>\n","protected":false},"featured_media":11282,"template":"","meta":{"_acf_changed":false,"inline_featured_image":false},"product_brand":[],"product_cat":[28,1579],"product_tag":[1289,88,2982,35,1293,260,291,64,2360,2054,558,2534,62,245,2481,786,65,1290,91,90,787,61,89,3587,1291,93,92,788],"class_list":{"0":"post-11284","1":"product","2":"type-product","3":"status-publish","4":"has-post-thumbnail","6":"product_cat-paquetes","7":"product_cat-uruguay","8":"product_tag-amazonas","9":"product_tag-america-del-sur","10":"product_tag-belem","11":"product_tag-brasil","12":"product_tag-brasil-en-amazonas","13":"product_tag-brasil-en-junio","14":"product_tag-crucero-y-vuelo","15":"product_tag-desayuno","16":"product_tag-en-amazonas","17":"product_tag-en-brasil","18":"product_tag-en-junio","19":"product_tag-exotico","20":"product_tag-exoticos","21":"product_tag-junio","22":"product_tag-junio-2026","23":"product_tag-manaos","24":"product_tag-no-aplica","25":"product_tag-paquetes-a-amazonas","26":"product_tag-paquetes-a-america-del-sur","27":"product_tag-paquetes-a-brasil","28":"product_tag-paquetes-a-manaos","29":"product_tag-sin-destino","30":"product_tag-sudamerica","31":"product_tag-travesia-por-el-amazonas","32":"product_tag-viajes-a-amazonas","33":"product_tag-viajes-a-america-del-sur","34":"product_tag-viajes-a-brasil","35":"product_tag-viajes-a-manaos","36":"entry","37":"has-media","39":"first","40":"instock","41":"shipping-taxable","42":"purchasable","43":"product-type-simple"},"acf":[],"yoast_head":"<!-- This site is optimized with the Yoast SEO plugin v27.6 - https:\/\/yoast.com\/product\/yoast-seo-wordpress\/ -->\n<title>Traves\u00eda por el Amazonas - El Kaminante<\/title>\n<meta name=\"robots\" content=\"noindex, follow, max-snippet:-1, max-image-preview:large, max-video-preview:-1\" \/>\n<meta property=\"og:locale\" content=\"en_US\" \/>\n<meta property=\"og:type\" content=\"article\" \/>\n<meta property=\"og:title\" content=\"Traves\u00eda por el Amazonas - El Kaminante\" \/>\n<meta property=\"og:description\" content=\"La selva del Amazonas es una maravilla de la naturaleza, surcada por r\u00edos y bosques y que ocupa casi la mitad del pa\u00eds, extendi\u00e9ndose adem\u00e1s a otros pa\u00edses vecinos. Sus r\u00edos son utilizados como rutas de navegaci\u00f3n para llegar al oc\u00e9ano. Gran parte de la selva contin\u00faa inexplorada y alberga m\u00e1s de 15.000 especies diferentes. Algunas m\u00e1s ex\u00f3ticas que otras y tambi\u00e9n especies pr\u00e1cticamente extinguidas. Es adem\u00e1s una de las siete maravillas naturales del mundo.Manaos es la capital del Estado de Amazonas en Brasil y se ubica en la Regi\u00f3n Norte del pa\u00eds. En la ciudad se puede caminar por la selva en la ma\u00f1ana y asistir a una \u00f3pera de noche. Manaos ofrece un espacio rodeado de naturaleza, cultura, arte y gastronom\u00eda.\" \/>\n<meta property=\"og:url\" content=\"https:\/\/staging.elkaminante.com.uy\/paquetes\/travesia-por-el-amazonas\/\" \/>\n<meta property=\"og:site_name\" content=\"El Kaminante\" \/>\n<meta property=\"article:modified_time\" content=\"2026-05-15T17:48:29+00:00\" \/>\n<meta property=\"og:image\" content=\"https:\/\/staging.elkaminante.com.uy\/wp-content\/uploads\/2025\/06\/PAQ462.webp\" \/>\n\t<meta property=\"og:image:width\" content=\"800\" \/>\n\t<meta property=\"og:image:height\" content=\"457\" \/>\n\t<meta property=\"og:image:type\" content=\"image\/webp\" \/>\n<meta name=\"twitter:card\" content=\"summary_large_image\" \/>\n<script type=\"application\/ld+json\" class=\"yoast-schema-graph\">{\"@context\":\"https:\\\/\\\/schema.org\",\"@graph\":[{\"@type\":\"WebPage\",\"@id\":\"https:\\\/\\\/staging.elkaminante.com.uy\\\/paquetes\\\/travesia-por-el-amazonas\\\/\",\"url\":\"https:\\\/\\\/staging.elkaminante.com.uy\\\/paquetes\\\/travesia-por-el-amazonas\\\/\",\"name\":\"Traves\u00eda por el Amazonas - El Kaminante\",\"isPartOf\":{\"@id\":\"https:\\\/\\\/staging.elkaminante.com.uy\\\/#website\"},\"primaryImageOfPage\":{\"@id\":\"https:\\\/\\\/staging.elkaminante.com.uy\\\/paquetes\\\/travesia-por-el-amazonas\\\/#primaryimage\"},\"image\":{\"@id\":\"https:\\\/\\\/staging.elkaminante.com.uy\\\/paquetes\\\/travesia-por-el-amazonas\\\/#primaryimage\"},\"thumbnailUrl\":\"https:\\\/\\\/staging.elkaminante.com.uy\\\/wp-content\\\/uploads\\\/2025\\\/06\\\/PAQ462.webp\",\"datePublished\":\"2025-06-16T23:17:42+00:00\",\"dateModified\":\"2026-05-15T17:48:29+00:00\",\"breadcrumb\":{\"@id\":\"https:\\\/\\\/staging.elkaminante.com.uy\\\/paquetes\\\/travesia-por-el-amazonas\\\/#breadcrumb\"},\"inLanguage\":\"en-US\",\"potentialAction\":[{\"@type\":\"ReadAction\",\"target\":[\"https:\\\/\\\/staging.elkaminante.com.uy\\\/paquetes\\\/travesia-por-el-amazonas\\\/\"]}]},{\"@type\":\"ImageObject\",\"inLanguage\":\"en-US\",\"@id\":\"https:\\\/\\\/staging.elkaminante.com.uy\\\/paquetes\\\/travesia-por-el-amazonas\\\/#primaryimage\",\"url\":\"https:\\\/\\\/staging.elkaminante.com.uy\\\/wp-content\\\/uploads\\\/2025\\\/06\\\/PAQ462.webp\",\"contentUrl\":\"https:\\\/\\\/staging.elkaminante.com.uy\\\/wp-content\\\/uploads\\\/2025\\\/06\\\/PAQ462.webp\",\"width\":800,\"height\":457},{\"@type\":\"BreadcrumbList\",\"@id\":\"https:\\\/\\\/staging.elkaminante.com.uy\\\/paquetes\\\/travesia-por-el-amazonas\\\/#breadcrumb\",\"itemListElement\":[{\"@type\":\"ListItem\",\"position\":1,\"name\":\"Inicio\",\"item\":\"https:\\\/\\\/staging.elkaminante.com.uy\\\/en\\\/\"},{\"@type\":\"ListItem\",\"position\":2,\"name\":\"Viajes por el mundo\",\"item\":\"https:\\\/\\\/staging.elkaminante.com.uy\\\/en\\\/paquetes\\\/\"},{\"@type\":\"ListItem\",\"position\":3,\"name\":\"Traves\u00eda por el Amazonas\"}]},{\"@type\":\"WebSite\",\"@id\":\"https:\\\/\\\/staging.elkaminante.com.uy\\\/#website\",\"url\":\"https:\\\/\\\/staging.elkaminante.com.uy\\\/\",\"name\":\"El Kaminante\",\"description\":\"Viajes &amp; Turismo\",\"publisher\":{\"@id\":\"https:\\\/\\\/staging.elkaminante.com.uy\\\/#organization\"},\"potentialAction\":[{\"@type\":\"SearchAction\",\"target\":{\"@type\":\"EntryPoint\",\"urlTemplate\":\"https:\\\/\\\/staging.elkaminante.com.uy\\\/?s={search_term_string}\"},\"query-input\":{\"@type\":\"PropertyValueSpecification\",\"valueRequired\":true,\"valueName\":\"search_term_string\"}}],\"inLanguage\":\"en-US\"},{\"@type\":\"Organization\",\"@id\":\"https:\\\/\\\/staging.elkaminante.com.uy\\\/#organization\",\"name\":\"El Kaminante\",\"url\":\"https:\\\/\\\/staging.elkaminante.com.uy\\\/\",\"logo\":{\"@type\":\"ImageObject\",\"inLanguage\":\"en-US\",\"@id\":\"https:\\\/\\\/staging.elkaminante.com.uy\\\/#\\\/schema\\\/logo\\\/image\\\/\",\"url\":\"https:\\\/\\\/staging.elkaminante.com.uy\\\/wp-content\\\/uploads\\\/2025\\\/02\\\/logo-elkaminante-blanco.svg\",\"contentUrl\":\"https:\\\/\\\/staging.elkaminante.com.uy\\\/wp-content\\\/uploads\\\/2025\\\/02\\\/logo-elkaminante-blanco.svg\",\"caption\":\"El Kaminante\"},\"image\":{\"@id\":\"https:\\\/\\\/staging.elkaminante.com.uy\\\/#\\\/schema\\\/logo\\\/image\\\/\"}}]}<\/script>\n<!-- \/ Yoast SEO plugin. -->","yoast_head_json":{"title":"Traves\u00eda por el Amazonas - El Kaminante","robots":{"index":"noindex","follow":"follow","max-snippet":"max-snippet:-1","max-image-preview":"max-image-preview:large","max-video-preview":"max-video-preview:-1"},"og_locale":"en_US","og_type":"article","og_title":"Traves\u00eda por el Amazonas - El Kaminante","og_description":"La selva del Amazonas es una maravilla de la naturaleza, surcada por r\u00edos y bosques y que ocupa casi la mitad del pa\u00eds, extendi\u00e9ndose adem\u00e1s a otros pa\u00edses vecinos. Sus r\u00edos son utilizados como rutas de navegaci\u00f3n para llegar al oc\u00e9ano. Gran parte de la selva contin\u00faa inexplorada y alberga m\u00e1s de 15.000 especies diferentes. Algunas m\u00e1s ex\u00f3ticas que otras y tambi\u00e9n especies pr\u00e1cticamente extinguidas. Es adem\u00e1s una de las siete maravillas naturales del mundo.Manaos es la capital del Estado de Amazonas en Brasil y se ubica en la Regi\u00f3n Norte del pa\u00eds. En la ciudad se puede caminar por la selva en la ma\u00f1ana y asistir a una \u00f3pera de noche. Manaos ofrece un espacio rodeado de naturaleza, cultura, arte y gastronom\u00eda.","og_url":"https:\/\/staging.elkaminante.com.uy\/paquetes\/travesia-por-el-amazonas\/","og_site_name":"El Kaminante","article_modified_time":"2026-05-15T17:48:29+00:00","og_image":[{"width":800,"height":457,"url":"https:\/\/staging.elkaminante.com.uy\/wp-content\/uploads\/2025\/06\/PAQ462.webp","type":"image\/webp"}],"twitter_card":"summary_large_image","schema":{"@context":"https:\/\/schema.org","@graph":[{"@type":"WebPage","@id":"https:\/\/staging.elkaminante.com.uy\/paquetes\/travesia-por-el-amazonas\/","url":"https:\/\/staging.elkaminante.com.uy\/paquetes\/travesia-por-el-amazonas\/","name":"Traves\u00eda por el Amazonas - El Kaminante","isPartOf":{"@id":"https:\/\/staging.elkaminante.com.uy\/#website"},"primaryImageOfPage":{"@id":"https:\/\/staging.elkaminante.com.uy\/paquetes\/travesia-por-el-amazonas\/#primaryimage"},"image":{"@id":"https:\/\/staging.elkaminante.com.uy\/paquetes\/travesia-por-el-amazonas\/#primaryimage"},"thumbnailUrl":"https:\/\/staging.elkaminante.com.uy\/wp-content\/uploads\/2025\/06\/PAQ462.webp","datePublished":"2025-06-16T23:17:42+00:00","dateModified":"2026-05-15T17:48:29+00:00","breadcrumb":{"@id":"https:\/\/staging.elkaminante.com.uy\/paquetes\/travesia-por-el-amazonas\/#breadcrumb"},"inLanguage":"en-US","potentialAction":[{"@type":"ReadAction","target":["https:\/\/staging.elkaminante.com.uy\/paquetes\/travesia-por-el-amazonas\/"]}]},{"@type":"ImageObject","inLanguage":"en-US","@id":"https:\/\/staging.elkaminante.com.uy\/paquetes\/travesia-por-el-amazonas\/#primaryimage","url":"https:\/\/staging.elkaminante.com.uy\/wp-content\/uploads\/2025\/06\/PAQ462.webp","contentUrl":"https:\/\/staging.elkaminante.com.uy\/wp-content\/uploads\/2025\/06\/PAQ462.webp","width":800,"height":457},{"@type":"BreadcrumbList","@id":"https:\/\/staging.elkaminante.com.uy\/paquetes\/travesia-por-el-amazonas\/#breadcrumb","itemListElement":[{"@type":"ListItem","position":1,"name":"Inicio","item":"https:\/\/staging.elkaminante.com.uy\/en\/"},{"@type":"ListItem","position":2,"name":"Viajes por el mundo","item":"https:\/\/staging.elkaminante.com.uy\/en\/paquetes\/"},{"@type":"ListItem","position":3,"name":"Traves\u00eda por el Amazonas"}]},{"@type":"WebSite","@id":"https:\/\/staging.elkaminante.com.uy\/#website","url":"https:\/\/staging.elkaminante.com.uy\/","name":"El Kaminante","description":"Viajes &amp; Turismo","publisher":{"@id":"https:\/\/staging.elkaminante.com.uy\/#organization"},"potentialAction":[{"@type":"SearchAction","target":{"@type":"EntryPoint","urlTemplate":"https:\/\/staging.elkaminante.com.uy\/?s={search_term_string}"},"query-input":{"@type":"PropertyValueSpecification","valueRequired":true,"valueName":"search_term_string"}}],"inLanguage":"en-US"},{"@type":"Organization","@id":"https:\/\/staging.elkaminante.com.uy\/#organization","name":"El Kaminante","url":"https:\/\/staging.elkaminante.com.uy\/","logo":{"@type":"ImageObject","inLanguage":"en-US","@id":"https:\/\/staging.elkaminante.com.uy\/#\/schema\/logo\/image\/","url":"https:\/\/staging.elkaminante.com.uy\/wp-content\/uploads\/2025\/02\/logo-elkaminante-blanco.svg","contentUrl":"https:\/\/staging.elkaminante.com.uy\/wp-content\/uploads\/2025\/02\/logo-elkaminante-blanco.svg","caption":"El Kaminante"},"image":{"@id":"https:\/\/staging.elkaminante.com.uy\/#\/schema\/logo\/image\/"}}]}},"_links":{"self":[{"href":"https:\/\/staging.elkaminante.com.uy\/en\/wp-json\/wp\/v2\/product\/11284","targetHints":{"allow":["GET"]}}],"collection":[{"href":"https:\/\/staging.elkaminante.com.uy\/en\/wp-json\/wp\/v2\/product"}],"about":[{"href":"https:\/\/staging.elkaminante.com.uy\/en\/wp-json\/wp\/v2\/types\/product"}],"wp:featuredmedia":[{"embeddable":true,"href":"https:\/\/staging.elkaminante.com.uy\/en\/wp-json\/wp\/v2\/media\/11282"}],"wp:attachment":[{"href":"https:\/\/staging.elkaminante.com.uy\/en\/wp-json\/wp\/v2\/media?parent=11284"}],"wp:term":[{"taxonomy":"product_brand","embeddable":true,"href":"https:\/\/staging.elkaminante.com.uy\/en\/wp-json\/wp\/v2\/product_brand?post=11284"},{"taxonomy":"product_cat","embeddable":true,"href":"https:\/\/staging.elkaminante.com.uy\/en\/wp-json\/wp\/v2\/product_cat?post=11284"},{"taxonomy":"product_tag","embeddable":true,"href":"https:\/\/staging.elkaminante.com.uy\/en\/wp-json\/wp\/v2\/product_tag?post=11284"}],"curies":[{"name":"wp","href":"https:\/\/api.w.org\/{rel}","templated":true}]}}