{"id":11102,"date":"2025-06-16T20:15:53","date_gmt":"2025-06-16T23:15:53","guid":{"rendered":"https:\/\/elkaminante.com.uy\/paquetes\/salta-y-buenos-aires\/"},"modified":"2026-05-15T14:48:22","modified_gmt":"2026-05-15T17:48:22","slug":"salta-y-buenos-aires","status":"publish","type":"product","link":"https:\/\/staging.elkaminante.com.uy\/en\/paquetes\/salta-y-buenos-aires\/","title":{"rendered":"Esenciales de Salta"},"content":{"rendered":"","protected":false},"excerpt":{"rendered":"<p><b>Salta<\/b> \u201cla linda\u201d, es tierra de tradici\u00f3n, historia, cultura y paz. Se puede disfrutar de todas las bellezas y bondades que la ciudad tiene para ofrecer. La hospitalidad salte\u00f1a permite al visitante sentirse como en casa. Es una de las m\u00e1s pintorescas ciudades de Argentina. Las antiguas casonas con balcones con flores, las iglesias que datan de m\u00e1s de tres siglos atrapan a los visitantes; la arquitectura caracter\u00edstica regresa el tiempo al pasado colonial para ser protagonista directo de la rica historia salte\u00f1a. <i>Principales atractivos tur\u00edsticos:<\/i> Iglesia de San Francisco, Plaza 9 de Julio, Carro San Bernardo, la Calle Balcarce, el Cabildo \/ Museo, la Catedral, el Mercado Municipal, el Convento de San Bernardo y el Monumento a G\u00fcemes, entre otros.<\/p>\n","protected":false},"featured_media":11100,"template":"","meta":{"_acf_changed":false,"inline_featured_image":false},"product_brand":[],"product_cat":[28,1579],"product_tag":[96,88,36,1071,516,1641,1642,64,2134,558,2157,4310,245,3822,65,393,91,407,513,512,61,89,3282,93,408,514,119],"class_list":{"0":"post-11102","1":"product","2":"type-product","3":"status-publish","4":"has-post-thumbnail","6":"product_cat-paquetes","7":"product_cat-uruguay","8":"product_tag-alarma-precios-bajos","9":"product_tag-america-del-sur","10":"product_tag-argentina","11":"product_tag-argentina-en-junio","12":"product_tag-argentina-en-salta","13":"product_tag-ciudad","14":"product_tag-cultural","15":"product_tag-desayuno","16":"product_tag-en-argentina","17":"product_tag-en-junio","18":"product_tag-en-salta","19":"product_tag-esenciales-de-salta","20":"product_tag-junio","21":"product_tag-junio-2026alarma-precios-bajos","22":"product_tag-no-aplica","23":"product_tag-otros-destinos","24":"product_tag-paquetes-a-america-del-sur","25":"product_tag-paquetes-a-argentina","26":"product_tag-paquetes-a-salta","27":"product_tag-salta","28":"product_tag-sin-destino","29":"product_tag-sudamerica","30":"product_tag-temporada-baja","31":"product_tag-viajes-a-america-del-sur","32":"product_tag-viajes-a-argentina","33":"product_tag-viajes-a-salta","34":"product_tag-vuelo-y-hotel","35":"entry","36":"has-media","38":"first","39":"instock","40":"shipping-taxable","41":"purchasable","42":"product-type-simple"},"acf":[],"yoast_head":"<!-- This site is optimized with the Yoast SEO plugin v27.6 - https:\/\/yoast.com\/product\/yoast-seo-wordpress\/ -->\n<title>Esenciales de Salta - El Kaminante<\/title>\n<meta name=\"robots\" content=\"noindex, follow, max-snippet:-1, max-image-preview:large, max-video-preview:-1\" \/>\n<meta property=\"og:locale\" content=\"en_US\" \/>\n<meta property=\"og:type\" content=\"article\" \/>\n<meta property=\"og:title\" content=\"Esenciales de Salta - El Kaminante\" \/>\n<meta property=\"og:description\" content=\"Salta \u201cla linda\u201d, es tierra de tradici\u00f3n, historia, cultura y paz. Se puede disfrutar de todas las bellezas y bondades que la ciudad tiene para ofrecer. La hospitalidad salte\u00f1a permite al visitante sentirse como en casa. Es una de las m\u00e1s pintorescas ciudades de Argentina. Las antiguas casonas con balcones con flores, las iglesias que datan de m\u00e1s de tres siglos atrapan a los visitantes; la arquitectura caracter\u00edstica regresa el tiempo al pasado colonial para ser protagonista directo de la rica historia salte\u00f1a. Principales atractivos tur\u00edsticos: Iglesia de San Francisco, Plaza 9 de Julio, Carro San Bernardo, la Calle Balcarce, el Cabildo \/ Museo, la Catedral, el Mercado Municipal, el Convento de San Bernardo y el Monumento a G\u00fcemes, entre otros.\" \/>\n<meta property=\"og:url\" content=\"https:\/\/staging.elkaminante.com.uy\/paquetes\/salta-y-buenos-aires\/\" \/>\n<meta property=\"og:site_name\" content=\"El Kaminante\" \/>\n<meta property=\"article:modified_time\" content=\"2026-05-15T17:48:22+00:00\" \/>\n<meta property=\"og:image\" content=\"https:\/\/staging.elkaminante.com.uy\/wp-content\/uploads\/2025\/06\/PAQ426.webp\" \/>\n\t<meta property=\"og:image:width\" content=\"1024\" \/>\n\t<meta property=\"og:image:height\" content=\"681\" \/>\n\t<meta property=\"og:image:type\" content=\"image\/webp\" \/>\n<meta name=\"twitter:card\" content=\"summary_large_image\" \/>\n<script type=\"application\/ld+json\" class=\"yoast-schema-graph\">{\"@context\":\"https:\\\/\\\/schema.org\",\"@graph\":[{\"@type\":\"WebPage\",\"@id\":\"https:\\\/\\\/staging.elkaminante.com.uy\\\/paquetes\\\/salta-y-buenos-aires\\\/\",\"url\":\"https:\\\/\\\/staging.elkaminante.com.uy\\\/paquetes\\\/salta-y-buenos-aires\\\/\",\"name\":\"Esenciales de Salta - El Kaminante\",\"isPartOf\":{\"@id\":\"https:\\\/\\\/staging.elkaminante.com.uy\\\/#website\"},\"primaryImageOfPage\":{\"@id\":\"https:\\\/\\\/staging.elkaminante.com.uy\\\/paquetes\\\/salta-y-buenos-aires\\\/#primaryimage\"},\"image\":{\"@id\":\"https:\\\/\\\/staging.elkaminante.com.uy\\\/paquetes\\\/salta-y-buenos-aires\\\/#primaryimage\"},\"thumbnailUrl\":\"https:\\\/\\\/staging.elkaminante.com.uy\\\/wp-content\\\/uploads\\\/2025\\\/06\\\/PAQ426.webp\",\"datePublished\":\"2025-06-16T23:15:53+00:00\",\"dateModified\":\"2026-05-15T17:48:22+00:00\",\"breadcrumb\":{\"@id\":\"https:\\\/\\\/staging.elkaminante.com.uy\\\/paquetes\\\/salta-y-buenos-aires\\\/#breadcrumb\"},\"inLanguage\":\"en-US\",\"potentialAction\":[{\"@type\":\"ReadAction\",\"target\":[\"https:\\\/\\\/staging.elkaminante.com.uy\\\/paquetes\\\/salta-y-buenos-aires\\\/\"]}]},{\"@type\":\"ImageObject\",\"inLanguage\":\"en-US\",\"@id\":\"https:\\\/\\\/staging.elkaminante.com.uy\\\/paquetes\\\/salta-y-buenos-aires\\\/#primaryimage\",\"url\":\"https:\\\/\\\/staging.elkaminante.com.uy\\\/wp-content\\\/uploads\\\/2025\\\/06\\\/PAQ426.webp\",\"contentUrl\":\"https:\\\/\\\/staging.elkaminante.com.uy\\\/wp-content\\\/uploads\\\/2025\\\/06\\\/PAQ426.webp\",\"width\":1024,\"height\":681},{\"@type\":\"BreadcrumbList\",\"@id\":\"https:\\\/\\\/staging.elkaminante.com.uy\\\/paquetes\\\/salta-y-buenos-aires\\\/#breadcrumb\",\"itemListElement\":[{\"@type\":\"ListItem\",\"position\":1,\"name\":\"Inicio\",\"item\":\"https:\\\/\\\/staging.elkaminante.com.uy\\\/en\\\/\"},{\"@type\":\"ListItem\",\"position\":2,\"name\":\"Viajes por el mundo\",\"item\":\"https:\\\/\\\/staging.elkaminante.com.uy\\\/en\\\/paquetes\\\/\"},{\"@type\":\"ListItem\",\"position\":3,\"name\":\"Esenciales de Salta\"}]},{\"@type\":\"WebSite\",\"@id\":\"https:\\\/\\\/staging.elkaminante.com.uy\\\/#website\",\"url\":\"https:\\\/\\\/staging.elkaminante.com.uy\\\/\",\"name\":\"El Kaminante\",\"description\":\"Viajes &amp; Turismo\",\"publisher\":{\"@id\":\"https:\\\/\\\/staging.elkaminante.com.uy\\\/#organization\"},\"potentialAction\":[{\"@type\":\"SearchAction\",\"target\":{\"@type\":\"EntryPoint\",\"urlTemplate\":\"https:\\\/\\\/staging.elkaminante.com.uy\\\/?s={search_term_string}\"},\"query-input\":{\"@type\":\"PropertyValueSpecification\",\"valueRequired\":true,\"valueName\":\"search_term_string\"}}],\"inLanguage\":\"en-US\"},{\"@type\":\"Organization\",\"@id\":\"https:\\\/\\\/staging.elkaminante.com.uy\\\/#organization\",\"name\":\"El Kaminante\",\"url\":\"https:\\\/\\\/staging.elkaminante.com.uy\\\/\",\"logo\":{\"@type\":\"ImageObject\",\"inLanguage\":\"en-US\",\"@id\":\"https:\\\/\\\/staging.elkaminante.com.uy\\\/#\\\/schema\\\/logo\\\/image\\\/\",\"url\":\"https:\\\/\\\/staging.elkaminante.com.uy\\\/wp-content\\\/uploads\\\/2025\\\/02\\\/logo-elkaminante-blanco.svg\",\"contentUrl\":\"https:\\\/\\\/staging.elkaminante.com.uy\\\/wp-content\\\/uploads\\\/2025\\\/02\\\/logo-elkaminante-blanco.svg\",\"caption\":\"El Kaminante\"},\"image\":{\"@id\":\"https:\\\/\\\/staging.elkaminante.com.uy\\\/#\\\/schema\\\/logo\\\/image\\\/\"}}]}<\/script>\n<!-- \/ Yoast SEO plugin. -->","yoast_head_json":{"title":"Esenciales de Salta - El Kaminante","robots":{"index":"noindex","follow":"follow","max-snippet":"max-snippet:-1","max-image-preview":"max-image-preview:large","max-video-preview":"max-video-preview:-1"},"og_locale":"en_US","og_type":"article","og_title":"Esenciales de Salta - El Kaminante","og_description":"Salta \u201cla linda\u201d, es tierra de tradici\u00f3n, historia, cultura y paz. Se puede disfrutar de todas las bellezas y bondades que la ciudad tiene para ofrecer. La hospitalidad salte\u00f1a permite al visitante sentirse como en casa. Es una de las m\u00e1s pintorescas ciudades de Argentina. Las antiguas casonas con balcones con flores, las iglesias que datan de m\u00e1s de tres siglos atrapan a los visitantes; la arquitectura caracter\u00edstica regresa el tiempo al pasado colonial para ser protagonista directo de la rica historia salte\u00f1a. Principales atractivos tur\u00edsticos: Iglesia de San Francisco, Plaza 9 de Julio, Carro San Bernardo, la Calle Balcarce, el Cabildo \/ Museo, la Catedral, el Mercado Municipal, el Convento de San Bernardo y el Monumento a G\u00fcemes, entre otros.","og_url":"https:\/\/staging.elkaminante.com.uy\/paquetes\/salta-y-buenos-aires\/","og_site_name":"El Kaminante","article_modified_time":"2026-05-15T17:48:22+00:00","og_image":[{"width":1024,"height":681,"url":"https:\/\/staging.elkaminante.com.uy\/wp-content\/uploads\/2025\/06\/PAQ426.webp","type":"image\/webp"}],"twitter_card":"summary_large_image","schema":{"@context":"https:\/\/schema.org","@graph":[{"@type":"WebPage","@id":"https:\/\/staging.elkaminante.com.uy\/paquetes\/salta-y-buenos-aires\/","url":"https:\/\/staging.elkaminante.com.uy\/paquetes\/salta-y-buenos-aires\/","name":"Esenciales de Salta - El Kaminante","isPartOf":{"@id":"https:\/\/staging.elkaminante.com.uy\/#website"},"primaryImageOfPage":{"@id":"https:\/\/staging.elkaminante.com.uy\/paquetes\/salta-y-buenos-aires\/#primaryimage"},"image":{"@id":"https:\/\/staging.elkaminante.com.uy\/paquetes\/salta-y-buenos-aires\/#primaryimage"},"thumbnailUrl":"https:\/\/staging.elkaminante.com.uy\/wp-content\/uploads\/2025\/06\/PAQ426.webp","datePublished":"2025-06-16T23:15:53+00:00","dateModified":"2026-05-15T17:48:22+00:00","breadcrumb":{"@id":"https:\/\/staging.elkaminante.com.uy\/paquetes\/salta-y-buenos-aires\/#breadcrumb"},"inLanguage":"en-US","potentialAction":[{"@type":"ReadAction","target":["https:\/\/staging.elkaminante.com.uy\/paquetes\/salta-y-buenos-aires\/"]}]},{"@type":"ImageObject","inLanguage":"en-US","@id":"https:\/\/staging.elkaminante.com.uy\/paquetes\/salta-y-buenos-aires\/#primaryimage","url":"https:\/\/staging.elkaminante.com.uy\/wp-content\/uploads\/2025\/06\/PAQ426.webp","contentUrl":"https:\/\/staging.elkaminante.com.uy\/wp-content\/uploads\/2025\/06\/PAQ426.webp","width":1024,"height":681},{"@type":"BreadcrumbList","@id":"https:\/\/staging.elkaminante.com.uy\/paquetes\/salta-y-buenos-aires\/#breadcrumb","itemListElement":[{"@type":"ListItem","position":1,"name":"Inicio","item":"https:\/\/staging.elkaminante.com.uy\/en\/"},{"@type":"ListItem","position":2,"name":"Viajes por el mundo","item":"https:\/\/staging.elkaminante.com.uy\/en\/paquetes\/"},{"@type":"ListItem","position":3,"name":"Esenciales de Salta"}]},{"@type":"WebSite","@id":"https:\/\/staging.elkaminante.com.uy\/#website","url":"https:\/\/staging.elkaminante.com.uy\/","name":"El Kaminante","description":"Viajes &amp; Turismo","publisher":{"@id":"https:\/\/staging.elkaminante.com.uy\/#organization"},"potentialAction":[{"@type":"SearchAction","target":{"@type":"EntryPoint","urlTemplate":"https:\/\/staging.elkaminante.com.uy\/?s={search_term_string}"},"query-input":{"@type":"PropertyValueSpecification","valueRequired":true,"valueName":"search_term_string"}}],"inLanguage":"en-US"},{"@type":"Organization","@id":"https:\/\/staging.elkaminante.com.uy\/#organization","name":"El Kaminante","url":"https:\/\/staging.elkaminante.com.uy\/","logo":{"@type":"ImageObject","inLanguage":"en-US","@id":"https:\/\/staging.elkaminante.com.uy\/#\/schema\/logo\/image\/","url":"https:\/\/staging.elkaminante.com.uy\/wp-content\/uploads\/2025\/02\/logo-elkaminante-blanco.svg","contentUrl":"https:\/\/staging.elkaminante.com.uy\/wp-content\/uploads\/2025\/02\/logo-elkaminante-blanco.svg","caption":"El Kaminante"},"image":{"@id":"https:\/\/staging.elkaminante.com.uy\/#\/schema\/logo\/image\/"}}]}},"_links":{"self":[{"href":"https:\/\/staging.elkaminante.com.uy\/en\/wp-json\/wp\/v2\/product\/11102","targetHints":{"allow":["GET"]}}],"collection":[{"href":"https:\/\/staging.elkaminante.com.uy\/en\/wp-json\/wp\/v2\/product"}],"about":[{"href":"https:\/\/staging.elkaminante.com.uy\/en\/wp-json\/wp\/v2\/types\/product"}],"wp:featuredmedia":[{"embeddable":true,"href":"https:\/\/staging.elkaminante.com.uy\/en\/wp-json\/wp\/v2\/media\/11100"}],"wp:attachment":[{"href":"https:\/\/staging.elkaminante.com.uy\/en\/wp-json\/wp\/v2\/media?parent=11102"}],"wp:term":[{"taxonomy":"product_brand","embeddable":true,"href":"https:\/\/staging.elkaminante.com.uy\/en\/wp-json\/wp\/v2\/product_brand?post=11102"},{"taxonomy":"product_cat","embeddable":true,"href":"https:\/\/staging.elkaminante.com.uy\/en\/wp-json\/wp\/v2\/product_cat?post=11102"},{"taxonomy":"product_tag","embeddable":true,"href":"https:\/\/staging.elkaminante.com.uy\/en\/wp-json\/wp\/v2\/product_tag?post=11102"}],"curies":[{"name":"wp","href":"https:\/\/api.w.org\/{rel}","templated":true}]}}