{"id":10997,"date":"2025-06-16T20:14:54","date_gmt":"2025-06-16T23:14:54","guid":{"rendered":"https:\/\/elkaminante.com.uy\/paquetes\/egipto-y-dubai\/"},"modified":"2026-05-15T14:48:18","modified_gmt":"2026-05-15T17:48:18","slug":"egipto-y-dubai","status":"publish","type":"product","link":"https:\/\/staging.elkaminante.com.uy\/en\/paquetes\/egipto-y-dubai\/","title":{"rendered":"Egipto y Dubai"},"content":{"rendered":"","protected":false},"excerpt":{"rendered":"<p>Los viajes a <b>Egipto<\/b>, son una forma \u00fanica de conocer el pa\u00eds del Nilo, la oportunidad de descubrir una de las culturas m\u00e1s fascinantes que han dejado su huella en la historia. Sobre la arena del desierto a\u00fan quedan testigos de una de las civilizaciones m\u00e1s importantes de la Humanidad. Las pir\u00e1mides son, sin duda, los monumentos m\u00e1s destacados de Egipto. Turismo en estas moles, las tumbas de los faraones, es la actividad m\u00e1s conocida del pa\u00eds. El legado de Keops, Kefren y Micerinos, perdura bajo la atenta imagen de la Esfinge, que custodia estas maravillas de la Antig\u00fcedad. Los faraones pretend\u00edan as\u00ed conservar su cuerpo para ganarse la inmortalidad, y en cierto modo, lo consiguieron. <i>Principales atractivos tur\u00edsticos:<\/i> el Museo de Arte Fara\u00f3nico de El Cairo, la Ciudadela de Saladino, la Mezquita de Alabastro, los templos de Luxor y Karnak, la Avenida de las Esfinges, el Valle de los Reyes, los monumentos de Rams\u00e9s III y la reina Hatshepsu, el Valle de los Artesanos, el r\u00edo Nilo, Edf\u00fa, el templo de Kom Ombo, un paseo en faluca, Abu Simbel y la presa de Assuan entre otros.<\/p>\n<p><b>Dub\u00e1i<\/b> y el turismo en el desierto, en un lugar donde el lujo espectacular ha ido desarroll\u00e1ndose y creando un panorama incre\u00edble. En los \u00faltimos a\u00f1os, este emirato \u00e1rabe se ha convertido en uno de los destinos tur\u00edsticos m\u00e1s importante del mundo. Ambiciosos proyectos que destilan un lujo incre\u00edble se construyen cada d\u00eda sobre la arena del desierto o sobre las aguas del \u00cdndico. <i>Principales atractivos tur\u00edsticos:<\/i>Burj el Arab, el hotel m\u00e1s lujoso del mundo, el Dub\u00e1i Mall, el Zoco de las Especias, la mezquita de Jumeirah, las monta\u00f1as del Hajar, las termas de Masafi, Abu Dhabi y la isla artificial de Lul\u00fa, entre otros.<\/p>\n","protected":false},"featured_media":10995,"template":"","meta":{"_acf_changed":false,"inline_featured_image":false},"product_brand":[],"product_cat":[28,1579],"product_tag":[432,600,392,2631,2637,64,598,2633,688,694,1746,3538,2630,599,2209,2050,2636,1634,2534,62,2632,2634,424,121,3907,434,395,603,689,601,363,2904,120,61,436,397,604,690,602,63],"class_list":{"0":"post-10997","1":"product","2":"type-product","3":"status-publish","4":"has-post-thumbnail","6":"product_cat-paquetes","7":"product_cat-uruguay","8":"product_tag-africa","9":"product_tag-arabia","10":"product_tag-asia","11":"product_tag-asuan","12":"product_tag-crucero-por-el-nilo","13":"product_tag-desayuno","14":"product_tag-dubai","15":"product_tag-edfu","16":"product_tag-egipto","17":"product_tag-egipto-en-egipto","18":"product_tag-egipto-en-octubre","19":"product_tag-egipto-y-dubai","20":"product_tag-el-cairo","21":"product_tag-emiratos-arabes-unidos","22":"product_tag-en-egipto","23":"product_tag-en-octubre","24":"product_tag-esna","25":"product_tag-exhotico","26":"product_tag-exotico","27":"product_tag-exoticos","28":"product_tag-kom-ombo","29":"product_tag-luxor","30":"product_tag-media-pension","31":"product_tag-octubre","32":"product_tag-octubre-2026","33":"product_tag-paquetes-a-africa","34":"product_tag-paquetes-a-asia","35":"product_tag-paquetes-a-dubai","36":"product_tag-paquetes-a-egipto","37":"product_tag-paquetes-a-emiratos-arabes-unidos","38":"product_tag-rio-de-janeiro","39":"product_tag-sao-paulo","40":"product_tag-sin-comidas","41":"product_tag-sin-destino","42":"product_tag-viajes-a-africa","43":"product_tag-viajes-a-asia","44":"product_tag-viajes-a-dubai","45":"product_tag-viajes-a-egipto","46":"product_tag-viajes-a-emiratos-arabes-unidos","47":"product_tag-vuelo-y-circuito","48":"entry","49":"has-media","51":"first","52":"instock","53":"shipping-taxable","54":"purchasable","55":"product-type-simple"},"acf":[],"yoast_head":"<!-- This site is optimized with the Yoast SEO plugin v27.6 - https:\/\/yoast.com\/product\/yoast-seo-wordpress\/ -->\n<title>Egipto y Dubai - El Kaminante<\/title>\n<meta name=\"robots\" content=\"noindex, follow, max-snippet:-1, max-image-preview:large, max-video-preview:-1\" \/>\n<meta property=\"og:locale\" content=\"en_US\" \/>\n<meta property=\"og:type\" content=\"article\" \/>\n<meta property=\"og:title\" content=\"Egipto y Dubai - El Kaminante\" \/>\n<meta property=\"og:description\" content=\"Los viajes a Egipto, son una forma \u00fanica de conocer el pa\u00eds del Nilo, la oportunidad de descubrir una de las culturas m\u00e1s fascinantes que han dejado su huella en la historia. Sobre la arena del desierto a\u00fan quedan testigos de una de las civilizaciones m\u00e1s importantes de la Humanidad. Las pir\u00e1mides son, sin duda, los monumentos m\u00e1s destacados de Egipto. Turismo en estas moles, las tumbas de los faraones, es la actividad m\u00e1s conocida del pa\u00eds. El legado de Keops, Kefren y Micerinos, perdura bajo la atenta imagen de la Esfinge, que custodia estas maravillas de la Antig\u00fcedad. Los faraones pretend\u00edan as\u00ed conservar su cuerpo para ganarse la inmortalidad, y en cierto modo, lo consiguieron. Principales atractivos tur\u00edsticos: el Museo de Arte Fara\u00f3nico de El Cairo, la Ciudadela de Saladino, la Mezquita de Alabastro, los templos de Luxor y Karnak, la Avenida de las Esfinges, el Valle de los Reyes, los monumentos de Rams\u00e9s III y la reina Hatshepsu, el Valle de los Artesanos, el r\u00edo Nilo, Edf\u00fa, el templo de Kom Ombo, un paseo en faluca, Abu Simbel y la presa de Assuan entre otros.Dub\u00e1i y el turismo en el desierto, en un lugar donde el lujo espectacular ha ido desarroll\u00e1ndose y creando un panorama incre\u00edble. En los \u00faltimos a\u00f1os, este emirato \u00e1rabe se ha convertido en uno de los destinos tur\u00edsticos m\u00e1s importante del mundo. Ambiciosos proyectos que destilan un lujo incre\u00edble se construyen cada d\u00eda sobre la arena del desierto o sobre las aguas del \u00cdndico. Principales atractivos tur\u00edsticos:Burj el Arab, el hotel m\u00e1s lujoso del mundo, el Dub\u00e1i Mall, el Zoco de las Especias, la mezquita de Jumeirah, las monta\u00f1as del Hajar, las termas de Masafi, Abu Dhabi y la isla artificial de Lul\u00fa, entre otros.\" \/>\n<meta property=\"og:url\" content=\"https:\/\/staging.elkaminante.com.uy\/paquetes\/egipto-y-dubai\/\" \/>\n<meta property=\"og:site_name\" content=\"El Kaminante\" \/>\n<meta property=\"article:modified_time\" content=\"2026-05-15T17:48:18+00:00\" \/>\n<meta name=\"twitter:card\" content=\"summary_large_image\" \/>\n<script type=\"application\/ld+json\" class=\"yoast-schema-graph\">{\"@context\":\"https:\\\/\\\/schema.org\",\"@graph\":[{\"@type\":\"WebPage\",\"@id\":\"https:\\\/\\\/staging.elkaminante.com.uy\\\/paquetes\\\/egipto-y-dubai\\\/\",\"url\":\"https:\\\/\\\/staging.elkaminante.com.uy\\\/paquetes\\\/egipto-y-dubai\\\/\",\"name\":\"Egipto y Dubai - El Kaminante\",\"isPartOf\":{\"@id\":\"https:\\\/\\\/staging.elkaminante.com.uy\\\/#website\"},\"primaryImageOfPage\":{\"@id\":\"https:\\\/\\\/staging.elkaminante.com.uy\\\/paquetes\\\/egipto-y-dubai\\\/#primaryimage\"},\"image\":{\"@id\":\"https:\\\/\\\/staging.elkaminante.com.uy\\\/paquetes\\\/egipto-y-dubai\\\/#primaryimage\"},\"thumbnailUrl\":\"https:\\\/\\\/staging.elkaminante.com.uy\\\/wp-content\\\/uploads\\\/2025\\\/06\\\/PAQ399.webp\",\"datePublished\":\"2025-06-16T23:14:54+00:00\",\"dateModified\":\"2026-05-15T17:48:18+00:00\",\"breadcrumb\":{\"@id\":\"https:\\\/\\\/staging.elkaminante.com.uy\\\/paquetes\\\/egipto-y-dubai\\\/#breadcrumb\"},\"inLanguage\":\"en-US\",\"potentialAction\":[{\"@type\":\"ReadAction\",\"target\":[\"https:\\\/\\\/staging.elkaminante.com.uy\\\/paquetes\\\/egipto-y-dubai\\\/\"]}]},{\"@type\":\"ImageObject\",\"inLanguage\":\"en-US\",\"@id\":\"https:\\\/\\\/staging.elkaminante.com.uy\\\/paquetes\\\/egipto-y-dubai\\\/#primaryimage\",\"url\":\"https:\\\/\\\/staging.elkaminante.com.uy\\\/wp-content\\\/uploads\\\/2025\\\/06\\\/PAQ399.webp\",\"contentUrl\":\"https:\\\/\\\/staging.elkaminante.com.uy\\\/wp-content\\\/uploads\\\/2025\\\/06\\\/PAQ399.webp\",\"width\":800,\"height\":457},{\"@type\":\"BreadcrumbList\",\"@id\":\"https:\\\/\\\/staging.elkaminante.com.uy\\\/paquetes\\\/egipto-y-dubai\\\/#breadcrumb\",\"itemListElement\":[{\"@type\":\"ListItem\",\"position\":1,\"name\":\"Inicio\",\"item\":\"https:\\\/\\\/staging.elkaminante.com.uy\\\/en\\\/\"},{\"@type\":\"ListItem\",\"position\":2,\"name\":\"Viajes por el mundo\",\"item\":\"https:\\\/\\\/staging.elkaminante.com.uy\\\/en\\\/paquetes\\\/\"},{\"@type\":\"ListItem\",\"position\":3,\"name\":\"Egipto y Dubai\"}]},{\"@type\":\"WebSite\",\"@id\":\"https:\\\/\\\/staging.elkaminante.com.uy\\\/#website\",\"url\":\"https:\\\/\\\/staging.elkaminante.com.uy\\\/\",\"name\":\"El Kaminante\",\"description\":\"Viajes &amp; Turismo\",\"publisher\":{\"@id\":\"https:\\\/\\\/staging.elkaminante.com.uy\\\/#organization\"},\"potentialAction\":[{\"@type\":\"SearchAction\",\"target\":{\"@type\":\"EntryPoint\",\"urlTemplate\":\"https:\\\/\\\/staging.elkaminante.com.uy\\\/?s={search_term_string}\"},\"query-input\":{\"@type\":\"PropertyValueSpecification\",\"valueRequired\":true,\"valueName\":\"search_term_string\"}}],\"inLanguage\":\"en-US\"},{\"@type\":\"Organization\",\"@id\":\"https:\\\/\\\/staging.elkaminante.com.uy\\\/#organization\",\"name\":\"El Kaminante\",\"url\":\"https:\\\/\\\/staging.elkaminante.com.uy\\\/\",\"logo\":{\"@type\":\"ImageObject\",\"inLanguage\":\"en-US\",\"@id\":\"https:\\\/\\\/staging.elkaminante.com.uy\\\/#\\\/schema\\\/logo\\\/image\\\/\",\"url\":\"https:\\\/\\\/staging.elkaminante.com.uy\\\/wp-content\\\/uploads\\\/2025\\\/02\\\/logo-elkaminante-blanco.svg\",\"contentUrl\":\"https:\\\/\\\/staging.elkaminante.com.uy\\\/wp-content\\\/uploads\\\/2025\\\/02\\\/logo-elkaminante-blanco.svg\",\"caption\":\"El Kaminante\"},\"image\":{\"@id\":\"https:\\\/\\\/staging.elkaminante.com.uy\\\/#\\\/schema\\\/logo\\\/image\\\/\"}}]}<\/script>\n<!-- \/ Yoast SEO plugin. -->","yoast_head_json":{"title":"Egipto y Dubai - El Kaminante","robots":{"index":"noindex","follow":"follow","max-snippet":"max-snippet:-1","max-image-preview":"max-image-preview:large","max-video-preview":"max-video-preview:-1"},"og_locale":"en_US","og_type":"article","og_title":"Egipto y Dubai - El Kaminante","og_description":"Los viajes a Egipto, son una forma \u00fanica de conocer el pa\u00eds del Nilo, la oportunidad de descubrir una de las culturas m\u00e1s fascinantes que han dejado su huella en la historia. Sobre la arena del desierto a\u00fan quedan testigos de una de las civilizaciones m\u00e1s importantes de la Humanidad. Las pir\u00e1mides son, sin duda, los monumentos m\u00e1s destacados de Egipto. Turismo en estas moles, las tumbas de los faraones, es la actividad m\u00e1s conocida del pa\u00eds. El legado de Keops, Kefren y Micerinos, perdura bajo la atenta imagen de la Esfinge, que custodia estas maravillas de la Antig\u00fcedad. Los faraones pretend\u00edan as\u00ed conservar su cuerpo para ganarse la inmortalidad, y en cierto modo, lo consiguieron. Principales atractivos tur\u00edsticos: el Museo de Arte Fara\u00f3nico de El Cairo, la Ciudadela de Saladino, la Mezquita de Alabastro, los templos de Luxor y Karnak, la Avenida de las Esfinges, el Valle de los Reyes, los monumentos de Rams\u00e9s III y la reina Hatshepsu, el Valle de los Artesanos, el r\u00edo Nilo, Edf\u00fa, el templo de Kom Ombo, un paseo en faluca, Abu Simbel y la presa de Assuan entre otros.Dub\u00e1i y el turismo en el desierto, en un lugar donde el lujo espectacular ha ido desarroll\u00e1ndose y creando un panorama incre\u00edble. En los \u00faltimos a\u00f1os, este emirato \u00e1rabe se ha convertido en uno de los destinos tur\u00edsticos m\u00e1s importante del mundo. Ambiciosos proyectos que destilan un lujo incre\u00edble se construyen cada d\u00eda sobre la arena del desierto o sobre las aguas del \u00cdndico. Principales atractivos tur\u00edsticos:Burj el Arab, el hotel m\u00e1s lujoso del mundo, el Dub\u00e1i Mall, el Zoco de las Especias, la mezquita de Jumeirah, las monta\u00f1as del Hajar, las termas de Masafi, Abu Dhabi y la isla artificial de Lul\u00fa, entre otros.","og_url":"https:\/\/staging.elkaminante.com.uy\/paquetes\/egipto-y-dubai\/","og_site_name":"El Kaminante","article_modified_time":"2026-05-15T17:48:18+00:00","twitter_card":"summary_large_image","schema":{"@context":"https:\/\/schema.org","@graph":[{"@type":"WebPage","@id":"https:\/\/staging.elkaminante.com.uy\/paquetes\/egipto-y-dubai\/","url":"https:\/\/staging.elkaminante.com.uy\/paquetes\/egipto-y-dubai\/","name":"Egipto y Dubai - El Kaminante","isPartOf":{"@id":"https:\/\/staging.elkaminante.com.uy\/#website"},"primaryImageOfPage":{"@id":"https:\/\/staging.elkaminante.com.uy\/paquetes\/egipto-y-dubai\/#primaryimage"},"image":{"@id":"https:\/\/staging.elkaminante.com.uy\/paquetes\/egipto-y-dubai\/#primaryimage"},"thumbnailUrl":"https:\/\/staging.elkaminante.com.uy\/wp-content\/uploads\/2025\/06\/PAQ399.webp","datePublished":"2025-06-16T23:14:54+00:00","dateModified":"2026-05-15T17:48:18+00:00","breadcrumb":{"@id":"https:\/\/staging.elkaminante.com.uy\/paquetes\/egipto-y-dubai\/#breadcrumb"},"inLanguage":"en-US","potentialAction":[{"@type":"ReadAction","target":["https:\/\/staging.elkaminante.com.uy\/paquetes\/egipto-y-dubai\/"]}]},{"@type":"ImageObject","inLanguage":"en-US","@id":"https:\/\/staging.elkaminante.com.uy\/paquetes\/egipto-y-dubai\/#primaryimage","url":"https:\/\/staging.elkaminante.com.uy\/wp-content\/uploads\/2025\/06\/PAQ399.webp","contentUrl":"https:\/\/staging.elkaminante.com.uy\/wp-content\/uploads\/2025\/06\/PAQ399.webp","width":800,"height":457},{"@type":"BreadcrumbList","@id":"https:\/\/staging.elkaminante.com.uy\/paquetes\/egipto-y-dubai\/#breadcrumb","itemListElement":[{"@type":"ListItem","position":1,"name":"Inicio","item":"https:\/\/staging.elkaminante.com.uy\/en\/"},{"@type":"ListItem","position":2,"name":"Viajes por el mundo","item":"https:\/\/staging.elkaminante.com.uy\/en\/paquetes\/"},{"@type":"ListItem","position":3,"name":"Egipto y Dubai"}]},{"@type":"WebSite","@id":"https:\/\/staging.elkaminante.com.uy\/#website","url":"https:\/\/staging.elkaminante.com.uy\/","name":"El Kaminante","description":"Viajes &amp; Turismo","publisher":{"@id":"https:\/\/staging.elkaminante.com.uy\/#organization"},"potentialAction":[{"@type":"SearchAction","target":{"@type":"EntryPoint","urlTemplate":"https:\/\/staging.elkaminante.com.uy\/?s={search_term_string}"},"query-input":{"@type":"PropertyValueSpecification","valueRequired":true,"valueName":"search_term_string"}}],"inLanguage":"en-US"},{"@type":"Organization","@id":"https:\/\/staging.elkaminante.com.uy\/#organization","name":"El Kaminante","url":"https:\/\/staging.elkaminante.com.uy\/","logo":{"@type":"ImageObject","inLanguage":"en-US","@id":"https:\/\/staging.elkaminante.com.uy\/#\/schema\/logo\/image\/","url":"https:\/\/staging.elkaminante.com.uy\/wp-content\/uploads\/2025\/02\/logo-elkaminante-blanco.svg","contentUrl":"https:\/\/staging.elkaminante.com.uy\/wp-content\/uploads\/2025\/02\/logo-elkaminante-blanco.svg","caption":"El Kaminante"},"image":{"@id":"https:\/\/staging.elkaminante.com.uy\/#\/schema\/logo\/image\/"}}]}},"_links":{"self":[{"href":"https:\/\/staging.elkaminante.com.uy\/en\/wp-json\/wp\/v2\/product\/10997","targetHints":{"allow":["GET"]}}],"collection":[{"href":"https:\/\/staging.elkaminante.com.uy\/en\/wp-json\/wp\/v2\/product"}],"about":[{"href":"https:\/\/staging.elkaminante.com.uy\/en\/wp-json\/wp\/v2\/types\/product"}],"wp:featuredmedia":[{"embeddable":true,"href":"https:\/\/staging.elkaminante.com.uy\/en\/wp-json\/wp\/v2\/media\/10995"}],"wp:attachment":[{"href":"https:\/\/staging.elkaminante.com.uy\/en\/wp-json\/wp\/v2\/media?parent=10997"}],"wp:term":[{"taxonomy":"product_brand","embeddable":true,"href":"https:\/\/staging.elkaminante.com.uy\/en\/wp-json\/wp\/v2\/product_brand?post=10997"},{"taxonomy":"product_cat","embeddable":true,"href":"https:\/\/staging.elkaminante.com.uy\/en\/wp-json\/wp\/v2\/product_cat?post=10997"},{"taxonomy":"product_tag","embeddable":true,"href":"https:\/\/staging.elkaminante.com.uy\/en\/wp-json\/wp\/v2\/product_tag?post=10997"}],"curies":[{"name":"wp","href":"https:\/\/api.w.org\/{rel}","templated":true}]}}