{"id":10938,"date":"2025-06-16T20:14:21","date_gmt":"2025-06-16T23:14:21","guid":{"rendered":"https:\/\/elkaminante.com.uy\/paquetes\/bayahibe-all-inclusive-3\/"},"modified":"2026-05-15T14:48:15","modified_gmt":"2026-05-15T17:48:15","slug":"bayahibe-all-inclusive-3","status":"publish","type":"product","link":"https:\/\/staging.elkaminante.com.uy\/en\/paquetes\/bayahibe-all-inclusive-3\/","title":{"rendered":"Bayahibe All Inclusive"},"content":{"rendered":"","protected":false},"excerpt":{"rendered":"<p><b>Bayahibe<\/b> es un para\u00edso con aguas azules, exuberantes palmeras y pura arena blanca que engalana la zona este de la Rep\u00fablica Dominicana. La principal atracci\u00f3n tur\u00edstica que nos propone son sus playas paradis\u00edacas, donde se destacan dos playas: <u>Playa Bayahibe:<\/u> Del mismo nombre del pueblo donde se encuentra, es la m\u00e1s concurrida por los habitantes de esta localidad. De arena blanca, aguas c\u00e1lidas poco profundas y adem\u00e1s sin mucho oleaje, es una playa ideal para disfrutar en familia tanto adultos como ni\u00f1os. <u>Playa Dominicus:<\/u> En esta playa se encuentran la mayor\u00eda de complejos de hoteles de Bayahibe. Es de arena blanca, aguas c\u00e1lidas y transparentes, rodeada de una vegetaci\u00f3n exuberante, todo un postal de una playa paradis\u00edaca del Caribe.<\/p>\n","protected":false},"featured_media":10936,"template":"","meta":{"_acf_changed":false,"inline_featured_image":false},"product_brand":[],"product_cat":[28,1579],"product_tag":[96,173,175,277,3344,34,176,225,2101,558,2088,245,3886,65,180,279,226,177,224,284,1535,61,3282,182,280,227,178,119],"class_list":{"0":"post-10938","1":"product","2":"type-product","3":"status-publish","4":"has-post-thumbnail","6":"product_cat-paquetes","7":"product_cat-uruguay","8":"product_tag-alarma-precios-bajos","9":"product_tag-all-inclusive","10":"product_tag-america-central","11":"product_tag-bayahibe","12":"product_tag-bayahibe-all-inclusive","13":"product_tag-caribe","14":"product_tag-centro-america","15":"product_tag-dominicana","16":"product_tag-en-bayahibe","17":"product_tag-en-junio","18":"product_tag-en-republica-dominicana","19":"product_tag-junio","20":"product_tag-junio-2026all-inclusive","21":"product_tag-no-aplica","22":"product_tag-paquetes-a-america-central","23":"product_tag-paquetes-a-bayahibe","24":"product_tag-paquetes-a-republica-dominicana","25":"product_tag-paquetes-al-caribe","26":"product_tag-republica-dominicana","27":"product_tag-republica-dominicana-en-bayahibe","28":"product_tag-republica-dominicana-en-junio","29":"product_tag-sin-destino","30":"product_tag-temporada-baja","31":"product_tag-viajes-a-america-central","32":"product_tag-viajes-a-bayahibe","33":"product_tag-viajes-a-republica-dominicana","34":"product_tag-viajes-al-caribe","35":"product_tag-vuelo-y-hotel","36":"entry","37":"has-media","39":"first","40":"instock","41":"shipping-taxable","42":"purchasable","43":"product-type-simple"},"acf":[],"yoast_head":"<!-- This site is optimized with the Yoast SEO plugin v27.6 - https:\/\/yoast.com\/product\/yoast-seo-wordpress\/ -->\n<title>Bayahibe All Inclusive - El Kaminante<\/title>\n<meta name=\"robots\" content=\"noindex, follow, max-snippet:-1, max-image-preview:large, max-video-preview:-1\" \/>\n<meta property=\"og:locale\" content=\"en_US\" \/>\n<meta property=\"og:type\" content=\"article\" \/>\n<meta property=\"og:title\" content=\"Bayahibe All Inclusive - El Kaminante\" \/>\n<meta property=\"og:description\" content=\"Bayahibe es un para\u00edso con aguas azules, exuberantes palmeras y pura arena blanca que engalana la zona este de la Rep\u00fablica Dominicana. La principal atracci\u00f3n tur\u00edstica que nos propone son sus playas paradis\u00edacas, donde se destacan dos playas: Playa Bayahibe: Del mismo nombre del pueblo donde se encuentra, es la m\u00e1s concurrida por los habitantes de esta localidad. De arena blanca, aguas c\u00e1lidas poco profundas y adem\u00e1s sin mucho oleaje, es una playa ideal para disfrutar en familia tanto adultos como ni\u00f1os. Playa Dominicus: En esta playa se encuentran la mayor\u00eda de complejos de hoteles de Bayahibe. Es de arena blanca, aguas c\u00e1lidas y transparentes, rodeada de una vegetaci\u00f3n exuberante, todo un postal de una playa paradis\u00edaca del Caribe.\" \/>\n<meta property=\"og:url\" content=\"https:\/\/staging.elkaminante.com.uy\/paquetes\/bayahibe-all-inclusive-3\/\" \/>\n<meta property=\"og:site_name\" content=\"El Kaminante\" \/>\n<meta property=\"article:modified_time\" content=\"2026-05-15T17:48:15+00:00\" \/>\n<meta property=\"og:image\" content=\"https:\/\/staging.elkaminante.com.uy\/wp-content\/uploads\/2025\/06\/PAQ386.webp\" \/>\n\t<meta property=\"og:image:width\" content=\"800\" \/>\n\t<meta property=\"og:image:height\" content=\"457\" \/>\n\t<meta property=\"og:image:type\" content=\"image\/webp\" \/>\n<meta name=\"twitter:card\" content=\"summary_large_image\" \/>\n<script type=\"application\/ld+json\" class=\"yoast-schema-graph\">{\"@context\":\"https:\\\/\\\/schema.org\",\"@graph\":[{\"@type\":\"WebPage\",\"@id\":\"https:\\\/\\\/staging.elkaminante.com.uy\\\/paquetes\\\/bayahibe-all-inclusive-3\\\/\",\"url\":\"https:\\\/\\\/staging.elkaminante.com.uy\\\/paquetes\\\/bayahibe-all-inclusive-3\\\/\",\"name\":\"Bayahibe All Inclusive - El Kaminante\",\"isPartOf\":{\"@id\":\"https:\\\/\\\/staging.elkaminante.com.uy\\\/#website\"},\"primaryImageOfPage\":{\"@id\":\"https:\\\/\\\/staging.elkaminante.com.uy\\\/paquetes\\\/bayahibe-all-inclusive-3\\\/#primaryimage\"},\"image\":{\"@id\":\"https:\\\/\\\/staging.elkaminante.com.uy\\\/paquetes\\\/bayahibe-all-inclusive-3\\\/#primaryimage\"},\"thumbnailUrl\":\"https:\\\/\\\/staging.elkaminante.com.uy\\\/wp-content\\\/uploads\\\/2025\\\/06\\\/PAQ386.webp\",\"datePublished\":\"2025-06-16T23:14:21+00:00\",\"dateModified\":\"2026-05-15T17:48:15+00:00\",\"breadcrumb\":{\"@id\":\"https:\\\/\\\/staging.elkaminante.com.uy\\\/paquetes\\\/bayahibe-all-inclusive-3\\\/#breadcrumb\"},\"inLanguage\":\"en-US\",\"potentialAction\":[{\"@type\":\"ReadAction\",\"target\":[\"https:\\\/\\\/staging.elkaminante.com.uy\\\/paquetes\\\/bayahibe-all-inclusive-3\\\/\"]}]},{\"@type\":\"ImageObject\",\"inLanguage\":\"en-US\",\"@id\":\"https:\\\/\\\/staging.elkaminante.com.uy\\\/paquetes\\\/bayahibe-all-inclusive-3\\\/#primaryimage\",\"url\":\"https:\\\/\\\/staging.elkaminante.com.uy\\\/wp-content\\\/uploads\\\/2025\\\/06\\\/PAQ386.webp\",\"contentUrl\":\"https:\\\/\\\/staging.elkaminante.com.uy\\\/wp-content\\\/uploads\\\/2025\\\/06\\\/PAQ386.webp\",\"width\":800,\"height\":457},{\"@type\":\"BreadcrumbList\",\"@id\":\"https:\\\/\\\/staging.elkaminante.com.uy\\\/paquetes\\\/bayahibe-all-inclusive-3\\\/#breadcrumb\",\"itemListElement\":[{\"@type\":\"ListItem\",\"position\":1,\"name\":\"Inicio\",\"item\":\"https:\\\/\\\/staging.elkaminante.com.uy\\\/en\\\/\"},{\"@type\":\"ListItem\",\"position\":2,\"name\":\"Viajes por el mundo\",\"item\":\"https:\\\/\\\/staging.elkaminante.com.uy\\\/en\\\/paquetes\\\/\"},{\"@type\":\"ListItem\",\"position\":3,\"name\":\"Bayahibe All Inclusive\"}]},{\"@type\":\"WebSite\",\"@id\":\"https:\\\/\\\/staging.elkaminante.com.uy\\\/#website\",\"url\":\"https:\\\/\\\/staging.elkaminante.com.uy\\\/\",\"name\":\"El Kaminante\",\"description\":\"Viajes &amp; Turismo\",\"publisher\":{\"@id\":\"https:\\\/\\\/staging.elkaminante.com.uy\\\/#organization\"},\"potentialAction\":[{\"@type\":\"SearchAction\",\"target\":{\"@type\":\"EntryPoint\",\"urlTemplate\":\"https:\\\/\\\/staging.elkaminante.com.uy\\\/?s={search_term_string}\"},\"query-input\":{\"@type\":\"PropertyValueSpecification\",\"valueRequired\":true,\"valueName\":\"search_term_string\"}}],\"inLanguage\":\"en-US\"},{\"@type\":\"Organization\",\"@id\":\"https:\\\/\\\/staging.elkaminante.com.uy\\\/#organization\",\"name\":\"El Kaminante\",\"url\":\"https:\\\/\\\/staging.elkaminante.com.uy\\\/\",\"logo\":{\"@type\":\"ImageObject\",\"inLanguage\":\"en-US\",\"@id\":\"https:\\\/\\\/staging.elkaminante.com.uy\\\/#\\\/schema\\\/logo\\\/image\\\/\",\"url\":\"https:\\\/\\\/staging.elkaminante.com.uy\\\/wp-content\\\/uploads\\\/2025\\\/02\\\/logo-elkaminante-blanco.svg\",\"contentUrl\":\"https:\\\/\\\/staging.elkaminante.com.uy\\\/wp-content\\\/uploads\\\/2025\\\/02\\\/logo-elkaminante-blanco.svg\",\"caption\":\"El Kaminante\"},\"image\":{\"@id\":\"https:\\\/\\\/staging.elkaminante.com.uy\\\/#\\\/schema\\\/logo\\\/image\\\/\"}}]}<\/script>\n<!-- \/ Yoast SEO plugin. -->","yoast_head_json":{"title":"Bayahibe All Inclusive - El Kaminante","robots":{"index":"noindex","follow":"follow","max-snippet":"max-snippet:-1","max-image-preview":"max-image-preview:large","max-video-preview":"max-video-preview:-1"},"og_locale":"en_US","og_type":"article","og_title":"Bayahibe All Inclusive - El Kaminante","og_description":"Bayahibe es un para\u00edso con aguas azules, exuberantes palmeras y pura arena blanca que engalana la zona este de la Rep\u00fablica Dominicana. La principal atracci\u00f3n tur\u00edstica que nos propone son sus playas paradis\u00edacas, donde se destacan dos playas: Playa Bayahibe: Del mismo nombre del pueblo donde se encuentra, es la m\u00e1s concurrida por los habitantes de esta localidad. De arena blanca, aguas c\u00e1lidas poco profundas y adem\u00e1s sin mucho oleaje, es una playa ideal para disfrutar en familia tanto adultos como ni\u00f1os. Playa Dominicus: En esta playa se encuentran la mayor\u00eda de complejos de hoteles de Bayahibe. Es de arena blanca, aguas c\u00e1lidas y transparentes, rodeada de una vegetaci\u00f3n exuberante, todo un postal de una playa paradis\u00edaca del Caribe.","og_url":"https:\/\/staging.elkaminante.com.uy\/paquetes\/bayahibe-all-inclusive-3\/","og_site_name":"El Kaminante","article_modified_time":"2026-05-15T17:48:15+00:00","og_image":[{"width":800,"height":457,"url":"https:\/\/staging.elkaminante.com.uy\/wp-content\/uploads\/2025\/06\/PAQ386.webp","type":"image\/webp"}],"twitter_card":"summary_large_image","schema":{"@context":"https:\/\/schema.org","@graph":[{"@type":"WebPage","@id":"https:\/\/staging.elkaminante.com.uy\/paquetes\/bayahibe-all-inclusive-3\/","url":"https:\/\/staging.elkaminante.com.uy\/paquetes\/bayahibe-all-inclusive-3\/","name":"Bayahibe All Inclusive - El Kaminante","isPartOf":{"@id":"https:\/\/staging.elkaminante.com.uy\/#website"},"primaryImageOfPage":{"@id":"https:\/\/staging.elkaminante.com.uy\/paquetes\/bayahibe-all-inclusive-3\/#primaryimage"},"image":{"@id":"https:\/\/staging.elkaminante.com.uy\/paquetes\/bayahibe-all-inclusive-3\/#primaryimage"},"thumbnailUrl":"https:\/\/staging.elkaminante.com.uy\/wp-content\/uploads\/2025\/06\/PAQ386.webp","datePublished":"2025-06-16T23:14:21+00:00","dateModified":"2026-05-15T17:48:15+00:00","breadcrumb":{"@id":"https:\/\/staging.elkaminante.com.uy\/paquetes\/bayahibe-all-inclusive-3\/#breadcrumb"},"inLanguage":"en-US","potentialAction":[{"@type":"ReadAction","target":["https:\/\/staging.elkaminante.com.uy\/paquetes\/bayahibe-all-inclusive-3\/"]}]},{"@type":"ImageObject","inLanguage":"en-US","@id":"https:\/\/staging.elkaminante.com.uy\/paquetes\/bayahibe-all-inclusive-3\/#primaryimage","url":"https:\/\/staging.elkaminante.com.uy\/wp-content\/uploads\/2025\/06\/PAQ386.webp","contentUrl":"https:\/\/staging.elkaminante.com.uy\/wp-content\/uploads\/2025\/06\/PAQ386.webp","width":800,"height":457},{"@type":"BreadcrumbList","@id":"https:\/\/staging.elkaminante.com.uy\/paquetes\/bayahibe-all-inclusive-3\/#breadcrumb","itemListElement":[{"@type":"ListItem","position":1,"name":"Inicio","item":"https:\/\/staging.elkaminante.com.uy\/en\/"},{"@type":"ListItem","position":2,"name":"Viajes por el mundo","item":"https:\/\/staging.elkaminante.com.uy\/en\/paquetes\/"},{"@type":"ListItem","position":3,"name":"Bayahibe All Inclusive"}]},{"@type":"WebSite","@id":"https:\/\/staging.elkaminante.com.uy\/#website","url":"https:\/\/staging.elkaminante.com.uy\/","name":"El Kaminante","description":"Viajes &amp; Turismo","publisher":{"@id":"https:\/\/staging.elkaminante.com.uy\/#organization"},"potentialAction":[{"@type":"SearchAction","target":{"@type":"EntryPoint","urlTemplate":"https:\/\/staging.elkaminante.com.uy\/?s={search_term_string}"},"query-input":{"@type":"PropertyValueSpecification","valueRequired":true,"valueName":"search_term_string"}}],"inLanguage":"en-US"},{"@type":"Organization","@id":"https:\/\/staging.elkaminante.com.uy\/#organization","name":"El Kaminante","url":"https:\/\/staging.elkaminante.com.uy\/","logo":{"@type":"ImageObject","inLanguage":"en-US","@id":"https:\/\/staging.elkaminante.com.uy\/#\/schema\/logo\/image\/","url":"https:\/\/staging.elkaminante.com.uy\/wp-content\/uploads\/2025\/02\/logo-elkaminante-blanco.svg","contentUrl":"https:\/\/staging.elkaminante.com.uy\/wp-content\/uploads\/2025\/02\/logo-elkaminante-blanco.svg","caption":"El Kaminante"},"image":{"@id":"https:\/\/staging.elkaminante.com.uy\/#\/schema\/logo\/image\/"}}]}},"_links":{"self":[{"href":"https:\/\/staging.elkaminante.com.uy\/en\/wp-json\/wp\/v2\/product\/10938","targetHints":{"allow":["GET"]}}],"collection":[{"href":"https:\/\/staging.elkaminante.com.uy\/en\/wp-json\/wp\/v2\/product"}],"about":[{"href":"https:\/\/staging.elkaminante.com.uy\/en\/wp-json\/wp\/v2\/types\/product"}],"wp:featuredmedia":[{"embeddable":true,"href":"https:\/\/staging.elkaminante.com.uy\/en\/wp-json\/wp\/v2\/media\/10936"}],"wp:attachment":[{"href":"https:\/\/staging.elkaminante.com.uy\/en\/wp-json\/wp\/v2\/media?parent=10938"}],"wp:term":[{"taxonomy":"product_brand","embeddable":true,"href":"https:\/\/staging.elkaminante.com.uy\/en\/wp-json\/wp\/v2\/product_brand?post=10938"},{"taxonomy":"product_cat","embeddable":true,"href":"https:\/\/staging.elkaminante.com.uy\/en\/wp-json\/wp\/v2\/product_cat?post=10938"},{"taxonomy":"product_tag","embeddable":true,"href":"https:\/\/staging.elkaminante.com.uy\/en\/wp-json\/wp\/v2\/product_tag?post=10938"}],"curies":[{"name":"wp","href":"https:\/\/api.w.org\/{rel}","templated":true}]}}