{"id":10887,"date":"2025-06-16T20:13:50","date_gmt":"2025-06-16T23:13:50","guid":{"rendered":"https:\/\/elkaminante.com.uy\/paquetes\/safari-en-tanzania\/"},"modified":"2026-05-15T14:48:14","modified_gmt":"2026-05-15T17:48:14","slug":"safari-en-tanzania","status":"publish","type":"product","link":"https:\/\/staging.elkaminante.com.uy\/en\/paquetes\/safari-en-tanzania\/","title":{"rendered":"Safari en Tanzania"},"content":{"rendered":"","protected":false},"excerpt":{"rendered":"<p>Descubrir Tanzania es adentrarse en un cautivador cuento de tradiciones arraigadas y leyendas que han tejido la rica trama de su folklore. Dar es Salaam, su animada ciudad, emerge como un epicentro fascinante que entrelaza la herencia hist\u00f3rica con la contemporaneidad. <i>Principales atractivos tur\u00edsticos:<\/i> el enigm\u00e1tico <b>Museo Nacional de Tanzania<\/b>, la bulliciosa Kariakoo Market, la costa pintoresca de Coco Beach, las majestuosas monta\u00f1as de Kilimanjaro, la m\u00e1gica isla de Zanz\u00edbar con su ciudad Stone Town, el Parque Nacional del Serengueti y la paradis\u00edaca isla de Mafia, entre otros. Tanzania es un destino en el que la historia y la naturaleza se fusionan para narrar una experiencia \u00fanica.<\/p>\n","protected":false},"featured_media":10885,"template":"","meta":{"_acf_changed":false,"inline_featured_image":false},"product_brand":[],"product_cat":[28,1579],"product_tag":[432,1646,1109,2884,78,2309,2050,2308,1634,2534,62,2885,424,2887,65,121,3907,1106,1105,3521,2886,61,1104,1107,63],"class_list":{"0":"post-10887","1":"product","2":"type-product","3":"status-publish","4":"has-post-thumbnail","6":"product_cat-paquetes","7":"product_cat-uruguay","8":"product_tag-africa","9":"product_tag-africa-en-octubre","10":"product_tag-africa-en-tanzania","11":"product_tag-arusha","12":"product_tag-aventura","13":"product_tag-en-africa","14":"product_tag-en-octubre","15":"product_tag-en-tanzania","16":"product_tag-exhotico","17":"product_tag-exotico","18":"product_tag-exoticos","19":"product_tag-lago-manyara","20":"product_tag-media-pension","21":"product_tag-ngorongoro","22":"product_tag-no-aplica","23":"product_tag-octubre","24":"product_tag-octubre-2026","25":"product_tag-paquetes-a-tanzania","26":"product_tag-safari","27":"product_tag-safari-en-tanzania","28":"product_tag-serengeti","29":"product_tag-sin-destino","30":"product_tag-tanzania","31":"product_tag-viajes-a-tanzania","32":"product_tag-vuelo-y-circuito","33":"entry","34":"has-media","36":"first","37":"instock","38":"shipping-taxable","39":"purchasable","40":"product-type-simple"},"acf":[],"yoast_head":"<!-- This site is optimized with the Yoast SEO plugin v27.6 - https:\/\/yoast.com\/product\/yoast-seo-wordpress\/ -->\n<title>Safari en Tanzania - El Kaminante<\/title>\n<meta name=\"robots\" content=\"noindex, follow, max-snippet:-1, max-image-preview:large, max-video-preview:-1\" \/>\n<meta property=\"og:locale\" content=\"en_US\" \/>\n<meta property=\"og:type\" content=\"article\" \/>\n<meta property=\"og:title\" content=\"Safari en Tanzania - El Kaminante\" \/>\n<meta property=\"og:description\" content=\"Descubrir Tanzania es adentrarse en un cautivador cuento de tradiciones arraigadas y leyendas que han tejido la rica trama de su folklore. Dar es Salaam, su animada ciudad, emerge como un epicentro fascinante que entrelaza la herencia hist\u00f3rica con la contemporaneidad. Principales atractivos tur\u00edsticos: el enigm\u00e1tico Museo Nacional de Tanzania, la bulliciosa Kariakoo Market, la costa pintoresca de Coco Beach, las majestuosas monta\u00f1as de Kilimanjaro, la m\u00e1gica isla de Zanz\u00edbar con su ciudad Stone Town, el Parque Nacional del Serengueti y la paradis\u00edaca isla de Mafia, entre otros. Tanzania es un destino en el que la historia y la naturaleza se fusionan para narrar una experiencia \u00fanica.\" \/>\n<meta property=\"og:url\" content=\"https:\/\/staging.elkaminante.com.uy\/paquetes\/safari-en-tanzania\/\" \/>\n<meta property=\"og:site_name\" content=\"El Kaminante\" \/>\n<meta property=\"article:modified_time\" content=\"2026-05-15T17:48:14+00:00\" \/>\n<meta name=\"twitter:card\" content=\"summary_large_image\" \/>\n<script type=\"application\/ld+json\" class=\"yoast-schema-graph\">{\"@context\":\"https:\\\/\\\/schema.org\",\"@graph\":[{\"@type\":\"WebPage\",\"@id\":\"https:\\\/\\\/staging.elkaminante.com.uy\\\/paquetes\\\/safari-en-tanzania\\\/\",\"url\":\"https:\\\/\\\/staging.elkaminante.com.uy\\\/paquetes\\\/safari-en-tanzania\\\/\",\"name\":\"Safari en Tanzania - El Kaminante\",\"isPartOf\":{\"@id\":\"https:\\\/\\\/staging.elkaminante.com.uy\\\/#website\"},\"primaryImageOfPage\":{\"@id\":\"https:\\\/\\\/staging.elkaminante.com.uy\\\/paquetes\\\/safari-en-tanzania\\\/#primaryimage\"},\"image\":{\"@id\":\"https:\\\/\\\/staging.elkaminante.com.uy\\\/paquetes\\\/safari-en-tanzania\\\/#primaryimage\"},\"thumbnailUrl\":\"https:\\\/\\\/staging.elkaminante.com.uy\\\/wp-content\\\/uploads\\\/2025\\\/06\\\/PAQ377.webp\",\"datePublished\":\"2025-06-16T23:13:50+00:00\",\"dateModified\":\"2026-05-15T17:48:14+00:00\",\"breadcrumb\":{\"@id\":\"https:\\\/\\\/staging.elkaminante.com.uy\\\/paquetes\\\/safari-en-tanzania\\\/#breadcrumb\"},\"inLanguage\":\"en-US\",\"potentialAction\":[{\"@type\":\"ReadAction\",\"target\":[\"https:\\\/\\\/staging.elkaminante.com.uy\\\/paquetes\\\/safari-en-tanzania\\\/\"]}]},{\"@type\":\"ImageObject\",\"inLanguage\":\"en-US\",\"@id\":\"https:\\\/\\\/staging.elkaminante.com.uy\\\/paquetes\\\/safari-en-tanzania\\\/#primaryimage\",\"url\":\"https:\\\/\\\/staging.elkaminante.com.uy\\\/wp-content\\\/uploads\\\/2025\\\/06\\\/PAQ377.webp\",\"contentUrl\":\"https:\\\/\\\/staging.elkaminante.com.uy\\\/wp-content\\\/uploads\\\/2025\\\/06\\\/PAQ377.webp\",\"width\":800,\"height\":457},{\"@type\":\"BreadcrumbList\",\"@id\":\"https:\\\/\\\/staging.elkaminante.com.uy\\\/paquetes\\\/safari-en-tanzania\\\/#breadcrumb\",\"itemListElement\":[{\"@type\":\"ListItem\",\"position\":1,\"name\":\"Inicio\",\"item\":\"https:\\\/\\\/staging.elkaminante.com.uy\\\/en\\\/\"},{\"@type\":\"ListItem\",\"position\":2,\"name\":\"Viajes por el mundo\",\"item\":\"https:\\\/\\\/staging.elkaminante.com.uy\\\/en\\\/paquetes\\\/\"},{\"@type\":\"ListItem\",\"position\":3,\"name\":\"Safari en Tanzania\"}]},{\"@type\":\"WebSite\",\"@id\":\"https:\\\/\\\/staging.elkaminante.com.uy\\\/#website\",\"url\":\"https:\\\/\\\/staging.elkaminante.com.uy\\\/\",\"name\":\"El Kaminante\",\"description\":\"Viajes &amp; Turismo\",\"publisher\":{\"@id\":\"https:\\\/\\\/staging.elkaminante.com.uy\\\/#organization\"},\"potentialAction\":[{\"@type\":\"SearchAction\",\"target\":{\"@type\":\"EntryPoint\",\"urlTemplate\":\"https:\\\/\\\/staging.elkaminante.com.uy\\\/?s={search_term_string}\"},\"query-input\":{\"@type\":\"PropertyValueSpecification\",\"valueRequired\":true,\"valueName\":\"search_term_string\"}}],\"inLanguage\":\"en-US\"},{\"@type\":\"Organization\",\"@id\":\"https:\\\/\\\/staging.elkaminante.com.uy\\\/#organization\",\"name\":\"El Kaminante\",\"url\":\"https:\\\/\\\/staging.elkaminante.com.uy\\\/\",\"logo\":{\"@type\":\"ImageObject\",\"inLanguage\":\"en-US\",\"@id\":\"https:\\\/\\\/staging.elkaminante.com.uy\\\/#\\\/schema\\\/logo\\\/image\\\/\",\"url\":\"https:\\\/\\\/staging.elkaminante.com.uy\\\/wp-content\\\/uploads\\\/2025\\\/02\\\/logo-elkaminante-blanco.svg\",\"contentUrl\":\"https:\\\/\\\/staging.elkaminante.com.uy\\\/wp-content\\\/uploads\\\/2025\\\/02\\\/logo-elkaminante-blanco.svg\",\"caption\":\"El Kaminante\"},\"image\":{\"@id\":\"https:\\\/\\\/staging.elkaminante.com.uy\\\/#\\\/schema\\\/logo\\\/image\\\/\"}}]}<\/script>\n<!-- \/ Yoast SEO plugin. -->","yoast_head_json":{"title":"Safari en Tanzania - El Kaminante","robots":{"index":"noindex","follow":"follow","max-snippet":"max-snippet:-1","max-image-preview":"max-image-preview:large","max-video-preview":"max-video-preview:-1"},"og_locale":"en_US","og_type":"article","og_title":"Safari en Tanzania - El Kaminante","og_description":"Descubrir Tanzania es adentrarse en un cautivador cuento de tradiciones arraigadas y leyendas que han tejido la rica trama de su folklore. Dar es Salaam, su animada ciudad, emerge como un epicentro fascinante que entrelaza la herencia hist\u00f3rica con la contemporaneidad. Principales atractivos tur\u00edsticos: el enigm\u00e1tico Museo Nacional de Tanzania, la bulliciosa Kariakoo Market, la costa pintoresca de Coco Beach, las majestuosas monta\u00f1as de Kilimanjaro, la m\u00e1gica isla de Zanz\u00edbar con su ciudad Stone Town, el Parque Nacional del Serengueti y la paradis\u00edaca isla de Mafia, entre otros. Tanzania es un destino en el que la historia y la naturaleza se fusionan para narrar una experiencia \u00fanica.","og_url":"https:\/\/staging.elkaminante.com.uy\/paquetes\/safari-en-tanzania\/","og_site_name":"El Kaminante","article_modified_time":"2026-05-15T17:48:14+00:00","twitter_card":"summary_large_image","schema":{"@context":"https:\/\/schema.org","@graph":[{"@type":"WebPage","@id":"https:\/\/staging.elkaminante.com.uy\/paquetes\/safari-en-tanzania\/","url":"https:\/\/staging.elkaminante.com.uy\/paquetes\/safari-en-tanzania\/","name":"Safari en Tanzania - El Kaminante","isPartOf":{"@id":"https:\/\/staging.elkaminante.com.uy\/#website"},"primaryImageOfPage":{"@id":"https:\/\/staging.elkaminante.com.uy\/paquetes\/safari-en-tanzania\/#primaryimage"},"image":{"@id":"https:\/\/staging.elkaminante.com.uy\/paquetes\/safari-en-tanzania\/#primaryimage"},"thumbnailUrl":"https:\/\/staging.elkaminante.com.uy\/wp-content\/uploads\/2025\/06\/PAQ377.webp","datePublished":"2025-06-16T23:13:50+00:00","dateModified":"2026-05-15T17:48:14+00:00","breadcrumb":{"@id":"https:\/\/staging.elkaminante.com.uy\/paquetes\/safari-en-tanzania\/#breadcrumb"},"inLanguage":"en-US","potentialAction":[{"@type":"ReadAction","target":["https:\/\/staging.elkaminante.com.uy\/paquetes\/safari-en-tanzania\/"]}]},{"@type":"ImageObject","inLanguage":"en-US","@id":"https:\/\/staging.elkaminante.com.uy\/paquetes\/safari-en-tanzania\/#primaryimage","url":"https:\/\/staging.elkaminante.com.uy\/wp-content\/uploads\/2025\/06\/PAQ377.webp","contentUrl":"https:\/\/staging.elkaminante.com.uy\/wp-content\/uploads\/2025\/06\/PAQ377.webp","width":800,"height":457},{"@type":"BreadcrumbList","@id":"https:\/\/staging.elkaminante.com.uy\/paquetes\/safari-en-tanzania\/#breadcrumb","itemListElement":[{"@type":"ListItem","position":1,"name":"Inicio","item":"https:\/\/staging.elkaminante.com.uy\/en\/"},{"@type":"ListItem","position":2,"name":"Viajes por el mundo","item":"https:\/\/staging.elkaminante.com.uy\/en\/paquetes\/"},{"@type":"ListItem","position":3,"name":"Safari en Tanzania"}]},{"@type":"WebSite","@id":"https:\/\/staging.elkaminante.com.uy\/#website","url":"https:\/\/staging.elkaminante.com.uy\/","name":"El Kaminante","description":"Viajes &amp; Turismo","publisher":{"@id":"https:\/\/staging.elkaminante.com.uy\/#organization"},"potentialAction":[{"@type":"SearchAction","target":{"@type":"EntryPoint","urlTemplate":"https:\/\/staging.elkaminante.com.uy\/?s={search_term_string}"},"query-input":{"@type":"PropertyValueSpecification","valueRequired":true,"valueName":"search_term_string"}}],"inLanguage":"en-US"},{"@type":"Organization","@id":"https:\/\/staging.elkaminante.com.uy\/#organization","name":"El Kaminante","url":"https:\/\/staging.elkaminante.com.uy\/","logo":{"@type":"ImageObject","inLanguage":"en-US","@id":"https:\/\/staging.elkaminante.com.uy\/#\/schema\/logo\/image\/","url":"https:\/\/staging.elkaminante.com.uy\/wp-content\/uploads\/2025\/02\/logo-elkaminante-blanco.svg","contentUrl":"https:\/\/staging.elkaminante.com.uy\/wp-content\/uploads\/2025\/02\/logo-elkaminante-blanco.svg","caption":"El Kaminante"},"image":{"@id":"https:\/\/staging.elkaminante.com.uy\/#\/schema\/logo\/image\/"}}]}},"_links":{"self":[{"href":"https:\/\/staging.elkaminante.com.uy\/en\/wp-json\/wp\/v2\/product\/10887","targetHints":{"allow":["GET"]}}],"collection":[{"href":"https:\/\/staging.elkaminante.com.uy\/en\/wp-json\/wp\/v2\/product"}],"about":[{"href":"https:\/\/staging.elkaminante.com.uy\/en\/wp-json\/wp\/v2\/types\/product"}],"wp:featuredmedia":[{"embeddable":true,"href":"https:\/\/staging.elkaminante.com.uy\/en\/wp-json\/wp\/v2\/media\/10885"}],"wp:attachment":[{"href":"https:\/\/staging.elkaminante.com.uy\/en\/wp-json\/wp\/v2\/media?parent=10887"}],"wp:term":[{"taxonomy":"product_brand","embeddable":true,"href":"https:\/\/staging.elkaminante.com.uy\/en\/wp-json\/wp\/v2\/product_brand?post=10887"},{"taxonomy":"product_cat","embeddable":true,"href":"https:\/\/staging.elkaminante.com.uy\/en\/wp-json\/wp\/v2\/product_cat?post=10887"},{"taxonomy":"product_tag","embeddable":true,"href":"https:\/\/staging.elkaminante.com.uy\/en\/wp-json\/wp\/v2\/product_tag?post=10887"}],"curies":[{"name":"wp","href":"https:\/\/api.w.org\/{rel}","templated":true}]}}