{"id":10813,"date":"2025-06-16T20:13:06","date_gmt":"2025-06-16T23:13:06","guid":{"rendered":"https:\/\/elkaminante.com.uy\/paquetes\/cataratas-del-iguazu-7d-2\/"},"modified":"2026-05-15T14:48:10","modified_gmt":"2026-05-15T17:48:10","slug":"cataratas-del-iguazu-7d-2","status":"publish","type":"product","link":"https:\/\/staging.elkaminante.com.uy\/en\/paquetes\/cataratas-del-iguazu-7d-2\/","title":{"rendered":"Cataratas del Iguaz\u00fa (7d)"},"content":{"rendered":"","protected":false},"excerpt":{"rendered":"<p>Las <b>Cataratas de Iguaz\u00fa<\/b> se localizan en una zona famosa por su riqueza natural, compartida por 3 pa\u00edses: Argentina, Paraguay y Brasil. Entre sus tantos atributos, el que m\u00e1s se destaca es el contacto con la naturaleza. Una vez dentro del Parque, formas parte de \u00e9l. Todo est\u00e1 dise\u00f1ado para que seas el protagonista de una gran aventura: las pasarelas est\u00e1n integradas con la selva y los balcones te dejan en primera fila para ver (y sentir!) las Cataratas, con sus m\u00e1s de 275 saltos. Pero adem\u00e1s de sus cascadas, el parque cuenta con otro atractivo: la flora y fauna. La Selva y sus habitantes est\u00e1n presentes en todo momento y son, sin duda, espectaculares. Declarado como Patrimonio Mundial Natural por la UNESCO en 1984 por su diversidad, alberga 450 especies de aves, gran variedad de insectos, mam\u00edferos, yacar\u00e9s, peces y una vegetaci\u00f3n frondosa, heterog\u00e9nea y aut\u00f3ctona. Un viaje ideal para disfrutar en familia, sin duda un destino obligado para todas las edades. <\/p>\n","protected":false},"featured_media":10811,"template":"","meta":{"_acf_changed":false,"inline_featured_image":false},"product_brand":[],"product_cat":[28,1579],"product_tag":[88,36,460,1272,453,3330,3328,454,2491,1641,1642,2134,2147,1610,2846,879,3445,424,65,393,91,407,455,3982,61,89,2953,1092,2952,93,408,456],"class_list":{"0":"post-10813","1":"product","2":"type-product","3":"status-publish","4":"has-post-thumbnail","6":"product_cat-paquetes","7":"product_cat-uruguay","8":"product_tag-america-del-sur","9":"product_tag-argentina","10":"product_tag-argentina-en-cataratas-de-iguazu","11":"product_tag-argentina-en-julio","12":"product_tag-cataratas-de-iguazu","13":"product_tag-cataratas-del-iguazu","14":"product_tag-cataratas-del-iguazu-7d","15":"product_tag-cataratas-iguazu","16":"product_tag-circuito","17":"product_tag-ciudad","18":"product_tag-cultural","19":"product_tag-en-argentina","20":"product_tag-en-cataratas-de-iguazu","21":"product_tag-en-julio","22":"product_tag-foz-de-iguazu","23":"product_tag-julio","24":"product_tag-julio-2026","25":"product_tag-media-pension","26":"product_tag-no-aplica","27":"product_tag-otros-destinos","28":"product_tag-paquetes-a-america-del-sur","29":"product_tag-paquetes-a-argentina","30":"product_tag-paquetes-a-cataratas-de-iguazu","31":"product_tag-represa-de-itaipu","32":"product_tag-sin-destino","33":"product_tag-sudamerica","34":"product_tag-vacaciones-de-invierno","35":"product_tag-vacaciones-de-julio","36":"product_tag-vacaciones-julio","37":"product_tag-viajes-a-america-del-sur","38":"product_tag-viajes-a-argentina","39":"product_tag-viajes-a-cataratas-de-iguazu","40":"entry","41":"has-media","43":"first","44":"instock","45":"shipping-taxable","46":"purchasable","47":"product-type-simple"},"acf":[],"yoast_head":"<!-- This site is optimized with the Yoast SEO plugin v27.6 - https:\/\/yoast.com\/product\/yoast-seo-wordpress\/ -->\n<title>Cataratas del Iguaz\u00fa (7d) - El Kaminante<\/title>\n<meta name=\"robots\" content=\"noindex, follow, max-snippet:-1, max-image-preview:large, max-video-preview:-1\" \/>\n<meta property=\"og:locale\" content=\"en_US\" \/>\n<meta property=\"og:type\" content=\"article\" \/>\n<meta property=\"og:title\" content=\"Cataratas del Iguaz\u00fa (7d) - El Kaminante\" \/>\n<meta property=\"og:description\" content=\"Las Cataratas de Iguaz\u00fa se localizan en una zona famosa por su riqueza natural, compartida por 3 pa\u00edses: Argentina, Paraguay y Brasil. Entre sus tantos atributos, el que m\u00e1s se destaca es el contacto con la naturaleza. Una vez dentro del Parque, formas parte de \u00e9l. Todo est\u00e1 dise\u00f1ado para que seas el protagonista de una gran aventura: las pasarelas est\u00e1n integradas con la selva y los balcones te dejan en primera fila para ver (y sentir!) las Cataratas, con sus m\u00e1s de 275 saltos. Pero adem\u00e1s de sus cascadas, el parque cuenta con otro atractivo: la flora y fauna. La Selva y sus habitantes est\u00e1n presentes en todo momento y son, sin duda, espectaculares. Declarado como Patrimonio Mundial Natural por la UNESCO en 1984 por su diversidad, alberga 450 especies de aves, gran variedad de insectos, mam\u00edferos, yacar\u00e9s, peces y una vegetaci\u00f3n frondosa, heterog\u00e9nea y aut\u00f3ctona. Un viaje ideal para disfrutar en familia, sin duda un destino obligado para todas las edades.\" \/>\n<meta property=\"og:url\" content=\"https:\/\/staging.elkaminante.com.uy\/paquetes\/cataratas-del-iguazu-7d-2\/\" \/>\n<meta property=\"og:site_name\" content=\"El Kaminante\" \/>\n<meta property=\"article:modified_time\" content=\"2026-05-15T17:48:10+00:00\" \/>\n<meta property=\"og:image\" content=\"https:\/\/staging.elkaminante.com.uy\/wp-content\/uploads\/2025\/06\/PAQ357.webp\" \/>\n\t<meta property=\"og:image:width\" content=\"800\" \/>\n\t<meta property=\"og:image:height\" content=\"457\" \/>\n\t<meta property=\"og:image:type\" content=\"image\/webp\" \/>\n<meta name=\"twitter:card\" content=\"summary_large_image\" \/>\n<script type=\"application\/ld+json\" class=\"yoast-schema-graph\">{\"@context\":\"https:\\\/\\\/schema.org\",\"@graph\":[{\"@type\":\"WebPage\",\"@id\":\"https:\\\/\\\/staging.elkaminante.com.uy\\\/paquetes\\\/cataratas-del-iguazu-7d-2\\\/\",\"url\":\"https:\\\/\\\/staging.elkaminante.com.uy\\\/paquetes\\\/cataratas-del-iguazu-7d-2\\\/\",\"name\":\"Cataratas del Iguaz\u00fa (7d) - El Kaminante\",\"isPartOf\":{\"@id\":\"https:\\\/\\\/staging.elkaminante.com.uy\\\/#website\"},\"primaryImageOfPage\":{\"@id\":\"https:\\\/\\\/staging.elkaminante.com.uy\\\/paquetes\\\/cataratas-del-iguazu-7d-2\\\/#primaryimage\"},\"image\":{\"@id\":\"https:\\\/\\\/staging.elkaminante.com.uy\\\/paquetes\\\/cataratas-del-iguazu-7d-2\\\/#primaryimage\"},\"thumbnailUrl\":\"https:\\\/\\\/staging.elkaminante.com.uy\\\/wp-content\\\/uploads\\\/2025\\\/06\\\/PAQ357.webp\",\"datePublished\":\"2025-06-16T23:13:06+00:00\",\"dateModified\":\"2026-05-15T17:48:10+00:00\",\"breadcrumb\":{\"@id\":\"https:\\\/\\\/staging.elkaminante.com.uy\\\/paquetes\\\/cataratas-del-iguazu-7d-2\\\/#breadcrumb\"},\"inLanguage\":\"en-US\",\"potentialAction\":[{\"@type\":\"ReadAction\",\"target\":[\"https:\\\/\\\/staging.elkaminante.com.uy\\\/paquetes\\\/cataratas-del-iguazu-7d-2\\\/\"]}]},{\"@type\":\"ImageObject\",\"inLanguage\":\"en-US\",\"@id\":\"https:\\\/\\\/staging.elkaminante.com.uy\\\/paquetes\\\/cataratas-del-iguazu-7d-2\\\/#primaryimage\",\"url\":\"https:\\\/\\\/staging.elkaminante.com.uy\\\/wp-content\\\/uploads\\\/2025\\\/06\\\/PAQ357.webp\",\"contentUrl\":\"https:\\\/\\\/staging.elkaminante.com.uy\\\/wp-content\\\/uploads\\\/2025\\\/06\\\/PAQ357.webp\",\"width\":800,\"height\":457},{\"@type\":\"BreadcrumbList\",\"@id\":\"https:\\\/\\\/staging.elkaminante.com.uy\\\/paquetes\\\/cataratas-del-iguazu-7d-2\\\/#breadcrumb\",\"itemListElement\":[{\"@type\":\"ListItem\",\"position\":1,\"name\":\"Inicio\",\"item\":\"https:\\\/\\\/staging.elkaminante.com.uy\\\/en\\\/\"},{\"@type\":\"ListItem\",\"position\":2,\"name\":\"Viajes por el mundo\",\"item\":\"https:\\\/\\\/staging.elkaminante.com.uy\\\/en\\\/paquetes\\\/\"},{\"@type\":\"ListItem\",\"position\":3,\"name\":\"Cataratas del Iguaz\u00fa (7d)\"}]},{\"@type\":\"WebSite\",\"@id\":\"https:\\\/\\\/staging.elkaminante.com.uy\\\/#website\",\"url\":\"https:\\\/\\\/staging.elkaminante.com.uy\\\/\",\"name\":\"El Kaminante\",\"description\":\"Viajes &amp; Turismo\",\"publisher\":{\"@id\":\"https:\\\/\\\/staging.elkaminante.com.uy\\\/#organization\"},\"potentialAction\":[{\"@type\":\"SearchAction\",\"target\":{\"@type\":\"EntryPoint\",\"urlTemplate\":\"https:\\\/\\\/staging.elkaminante.com.uy\\\/?s={search_term_string}\"},\"query-input\":{\"@type\":\"PropertyValueSpecification\",\"valueRequired\":true,\"valueName\":\"search_term_string\"}}],\"inLanguage\":\"en-US\"},{\"@type\":\"Organization\",\"@id\":\"https:\\\/\\\/staging.elkaminante.com.uy\\\/#organization\",\"name\":\"El Kaminante\",\"url\":\"https:\\\/\\\/staging.elkaminante.com.uy\\\/\",\"logo\":{\"@type\":\"ImageObject\",\"inLanguage\":\"en-US\",\"@id\":\"https:\\\/\\\/staging.elkaminante.com.uy\\\/#\\\/schema\\\/logo\\\/image\\\/\",\"url\":\"https:\\\/\\\/staging.elkaminante.com.uy\\\/wp-content\\\/uploads\\\/2025\\\/02\\\/logo-elkaminante-blanco.svg\",\"contentUrl\":\"https:\\\/\\\/staging.elkaminante.com.uy\\\/wp-content\\\/uploads\\\/2025\\\/02\\\/logo-elkaminante-blanco.svg\",\"caption\":\"El Kaminante\"},\"image\":{\"@id\":\"https:\\\/\\\/staging.elkaminante.com.uy\\\/#\\\/schema\\\/logo\\\/image\\\/\"}}]}<\/script>\n<!-- \/ Yoast SEO plugin. -->","yoast_head_json":{"title":"Cataratas del Iguaz\u00fa (7d) - El Kaminante","robots":{"index":"noindex","follow":"follow","max-snippet":"max-snippet:-1","max-image-preview":"max-image-preview:large","max-video-preview":"max-video-preview:-1"},"og_locale":"en_US","og_type":"article","og_title":"Cataratas del Iguaz\u00fa (7d) - El Kaminante","og_description":"Las Cataratas de Iguaz\u00fa se localizan en una zona famosa por su riqueza natural, compartida por 3 pa\u00edses: Argentina, Paraguay y Brasil. Entre sus tantos atributos, el que m\u00e1s se destaca es el contacto con la naturaleza. Una vez dentro del Parque, formas parte de \u00e9l. Todo est\u00e1 dise\u00f1ado para que seas el protagonista de una gran aventura: las pasarelas est\u00e1n integradas con la selva y los balcones te dejan en primera fila para ver (y sentir!) las Cataratas, con sus m\u00e1s de 275 saltos. Pero adem\u00e1s de sus cascadas, el parque cuenta con otro atractivo: la flora y fauna. La Selva y sus habitantes est\u00e1n presentes en todo momento y son, sin duda, espectaculares. Declarado como Patrimonio Mundial Natural por la UNESCO en 1984 por su diversidad, alberga 450 especies de aves, gran variedad de insectos, mam\u00edferos, yacar\u00e9s, peces y una vegetaci\u00f3n frondosa, heterog\u00e9nea y aut\u00f3ctona. Un viaje ideal para disfrutar en familia, sin duda un destino obligado para todas las edades.","og_url":"https:\/\/staging.elkaminante.com.uy\/paquetes\/cataratas-del-iguazu-7d-2\/","og_site_name":"El Kaminante","article_modified_time":"2026-05-15T17:48:10+00:00","og_image":[{"width":800,"height":457,"url":"https:\/\/staging.elkaminante.com.uy\/wp-content\/uploads\/2025\/06\/PAQ357.webp","type":"image\/webp"}],"twitter_card":"summary_large_image","schema":{"@context":"https:\/\/schema.org","@graph":[{"@type":"WebPage","@id":"https:\/\/staging.elkaminante.com.uy\/paquetes\/cataratas-del-iguazu-7d-2\/","url":"https:\/\/staging.elkaminante.com.uy\/paquetes\/cataratas-del-iguazu-7d-2\/","name":"Cataratas del Iguaz\u00fa (7d) - El Kaminante","isPartOf":{"@id":"https:\/\/staging.elkaminante.com.uy\/#website"},"primaryImageOfPage":{"@id":"https:\/\/staging.elkaminante.com.uy\/paquetes\/cataratas-del-iguazu-7d-2\/#primaryimage"},"image":{"@id":"https:\/\/staging.elkaminante.com.uy\/paquetes\/cataratas-del-iguazu-7d-2\/#primaryimage"},"thumbnailUrl":"https:\/\/staging.elkaminante.com.uy\/wp-content\/uploads\/2025\/06\/PAQ357.webp","datePublished":"2025-06-16T23:13:06+00:00","dateModified":"2026-05-15T17:48:10+00:00","breadcrumb":{"@id":"https:\/\/staging.elkaminante.com.uy\/paquetes\/cataratas-del-iguazu-7d-2\/#breadcrumb"},"inLanguage":"en-US","potentialAction":[{"@type":"ReadAction","target":["https:\/\/staging.elkaminante.com.uy\/paquetes\/cataratas-del-iguazu-7d-2\/"]}]},{"@type":"ImageObject","inLanguage":"en-US","@id":"https:\/\/staging.elkaminante.com.uy\/paquetes\/cataratas-del-iguazu-7d-2\/#primaryimage","url":"https:\/\/staging.elkaminante.com.uy\/wp-content\/uploads\/2025\/06\/PAQ357.webp","contentUrl":"https:\/\/staging.elkaminante.com.uy\/wp-content\/uploads\/2025\/06\/PAQ357.webp","width":800,"height":457},{"@type":"BreadcrumbList","@id":"https:\/\/staging.elkaminante.com.uy\/paquetes\/cataratas-del-iguazu-7d-2\/#breadcrumb","itemListElement":[{"@type":"ListItem","position":1,"name":"Inicio","item":"https:\/\/staging.elkaminante.com.uy\/en\/"},{"@type":"ListItem","position":2,"name":"Viajes por el mundo","item":"https:\/\/staging.elkaminante.com.uy\/en\/paquetes\/"},{"@type":"ListItem","position":3,"name":"Cataratas del Iguaz\u00fa (7d)"}]},{"@type":"WebSite","@id":"https:\/\/staging.elkaminante.com.uy\/#website","url":"https:\/\/staging.elkaminante.com.uy\/","name":"El Kaminante","description":"Viajes &amp; Turismo","publisher":{"@id":"https:\/\/staging.elkaminante.com.uy\/#organization"},"potentialAction":[{"@type":"SearchAction","target":{"@type":"EntryPoint","urlTemplate":"https:\/\/staging.elkaminante.com.uy\/?s={search_term_string}"},"query-input":{"@type":"PropertyValueSpecification","valueRequired":true,"valueName":"search_term_string"}}],"inLanguage":"en-US"},{"@type":"Organization","@id":"https:\/\/staging.elkaminante.com.uy\/#organization","name":"El Kaminante","url":"https:\/\/staging.elkaminante.com.uy\/","logo":{"@type":"ImageObject","inLanguage":"en-US","@id":"https:\/\/staging.elkaminante.com.uy\/#\/schema\/logo\/image\/","url":"https:\/\/staging.elkaminante.com.uy\/wp-content\/uploads\/2025\/02\/logo-elkaminante-blanco.svg","contentUrl":"https:\/\/staging.elkaminante.com.uy\/wp-content\/uploads\/2025\/02\/logo-elkaminante-blanco.svg","caption":"El Kaminante"},"image":{"@id":"https:\/\/staging.elkaminante.com.uy\/#\/schema\/logo\/image\/"}}]}},"_links":{"self":[{"href":"https:\/\/staging.elkaminante.com.uy\/en\/wp-json\/wp\/v2\/product\/10813","targetHints":{"allow":["GET"]}}],"collection":[{"href":"https:\/\/staging.elkaminante.com.uy\/en\/wp-json\/wp\/v2\/product"}],"about":[{"href":"https:\/\/staging.elkaminante.com.uy\/en\/wp-json\/wp\/v2\/types\/product"}],"wp:featuredmedia":[{"embeddable":true,"href":"https:\/\/staging.elkaminante.com.uy\/en\/wp-json\/wp\/v2\/media\/10811"}],"wp:attachment":[{"href":"https:\/\/staging.elkaminante.com.uy\/en\/wp-json\/wp\/v2\/media?parent=10813"}],"wp:term":[{"taxonomy":"product_brand","embeddable":true,"href":"https:\/\/staging.elkaminante.com.uy\/en\/wp-json\/wp\/v2\/product_brand?post=10813"},{"taxonomy":"product_cat","embeddable":true,"href":"https:\/\/staging.elkaminante.com.uy\/en\/wp-json\/wp\/v2\/product_cat?post=10813"},{"taxonomy":"product_tag","embeddable":true,"href":"https:\/\/staging.elkaminante.com.uy\/en\/wp-json\/wp\/v2\/product_tag?post=10813"}],"curies":[{"name":"wp","href":"https:\/\/api.w.org\/{rel}","templated":true}]}}