{"id":10722,"date":"2025-06-16T20:12:11","date_gmt":"2025-06-16T23:12:11","guid":{"rendered":"https:\/\/elkaminante.com.uy\/paquetes\/oslo-estocolmo-y-helsinki\/"},"modified":"2026-05-15T14:48:09","modified_gmt":"2026-05-15T17:48:09","slug":"oslo-estocolmo-y-helsinki","status":"publish","type":"product","link":"https:\/\/staging.elkaminante.com.uy\/en\/paquetes\/oslo-estocolmo-y-helsinki\/","title":{"rendered":"Gran Escandinavia \/ Circuito"},"content":{"rendered":"","protected":false},"excerpt":{"rendered":"<p><b>Noruega<\/b> es una joya escandinava con paisajes impresionantes. Los &#8220;fiordos&#8221; son su firma natural: estrechos acantilados con aguas cristalinas y cascadas majestuosas, rodeados de pintorescos pueblos costeros y un sinf\u00edn de aventuras al aire libre. En Oslo, su capital y ciudad m\u00e1s conocida, se puede disfrutar de la cultura, museos de vanguardia y una escena gastron\u00f3mica diversa. <i>Principales atractivos tur\u00edsticos:<\/i> Bergen, los fiordos, entre ellos: Sognefjord, Lyse, Preikestolen y Geiranger, el glaciar de Briksdal, Stavanger, Lom, Stryn, Hellesylt, Alesund y Gudvagen, el lago Mjosa y Lillehammer, entre otros.<\/p>\n<p>Tierra de Vikingos y de tradiciones, las ciudades de <b>Suecia<\/b> son destinos ideales para conocer Europa. Estocolmo, es sin duda una de las ciudades imprescindibles de visitar, constru\u00edda sobre 14 islas del mar B\u00e1ltico unidas por 53 bellos puentes. Animarse a pasear por su centro hist\u00f3rico, conocer el Palacio Real,  descubrir la historia del pa\u00eds y el esplendor de un reino que un d\u00eda lleg\u00f3 a ser uno de los actores principales de Europa. <i>Principales atractivos tur\u00edsticos:<\/i> el Museo Vasa, Karlskoga, Uppsala y Karlstad.<\/p>\n<p>En los <b>fiordos noruegos<\/b>, la naturaleza deslumbra con su esplendor. Estrechos y profundos, estos cuerpos de agua ofrecen un espect\u00e1culo sobrecogedor. Rodeados de majestuosas monta\u00f1as, los fiordos son verdaderas maravillas naturales. Aguas cristalinas, cascadas imponentes y pueblos costeros encantadores son parte de este escenario. Navegar por aqu\u00ed es adentrarse en un cuento de hadas. Perfecto para amantes de la naturaleza y la aventura.<\/p>\n","protected":false},"featured_media":10720,"template":"","meta":{"_acf_changed":false,"inline_featured_image":false},"product_brand":[],"product_cat":[28,1579],"product_tag":[3861,2558,2556,64,2068,2282,1687,2811,124,1023,132,1680,62,561,3862,3863,2813,65,563,122,4612,2809,126,566,564,1019,2561,1018,128,567,565,1020,63],"class_list":{"0":"post-10722","1":"product","2":"type-product","3":"status-publish","4":"has-post-thumbnail","6":"product_cat-paquetes","7":"product_cat-uruguay","8":"product_tag-aarhus","9":"product_tag-bergen","10":"product_tag-copenhague","11":"product_tag-desayuno","12":"product_tag-en-europa","13":"product_tag-en-noruega","14":"product_tag-en-noviembre","15":"product_tag-estocolmo","16":"product_tag-europa","17":"product_tag-europa-en-noruega","18":"product_tag-europa-en-noviembre","19":"product_tag-europamundo","20":"product_tag-exoticos","21":"product_tag-fiordos-noruegos","22":"product_tag-gran-escandinavia","23":"product_tag-gran-escandinavia-circuito","24":"product_tag-helsinki","25":"product_tag-no-aplica","26":"product_tag-noruega","27":"product_tag-noviembre","28":"product_tag-noviembre-2026exoticos","29":"product_tag-oslo","30":"product_tag-paquetes-a-europa","31":"product_tag-paquetes-a-fiordos-noruegos","32":"product_tag-paquetes-a-noruega","33":"product_tag-paquetes-a-suecia","34":"product_tag-stavanger","35":"product_tag-suecia","36":"product_tag-viajes-a-europa","37":"product_tag-viajes-a-fiordos-noruegos","38":"product_tag-viajes-a-noruega","39":"product_tag-viajes-a-suecia","40":"product_tag-vuelo-y-circuito","41":"entry","42":"has-media","44":"first","45":"instock","46":"shipping-taxable","47":"purchasable","48":"product-type-simple"},"acf":[],"yoast_head":"<!-- This site is optimized with the Yoast SEO plugin v27.6 - https:\/\/yoast.com\/product\/yoast-seo-wordpress\/ -->\n<title>Gran Escandinavia \/ Circuito - El Kaminante<\/title>\n<meta name=\"robots\" content=\"noindex, follow, max-snippet:-1, max-image-preview:large, max-video-preview:-1\" \/>\n<meta property=\"og:locale\" content=\"en_US\" \/>\n<meta property=\"og:type\" content=\"article\" \/>\n<meta property=\"og:title\" content=\"Gran Escandinavia \/ Circuito - El Kaminante\" \/>\n<meta property=\"og:description\" content=\"Noruega es una joya escandinava con paisajes impresionantes. Los &quot;fiordos&quot; son su firma natural: estrechos acantilados con aguas cristalinas y cascadas majestuosas, rodeados de pintorescos pueblos costeros y un sinf\u00edn de aventuras al aire libre. En Oslo, su capital y ciudad m\u00e1s conocida, se puede disfrutar de la cultura, museos de vanguardia y una escena gastron\u00f3mica diversa. Principales atractivos tur\u00edsticos: Bergen, los fiordos, entre ellos: Sognefjord, Lyse, Preikestolen y Geiranger, el glaciar de Briksdal, Stavanger, Lom, Stryn, Hellesylt, Alesund y Gudvagen, el lago Mjosa y Lillehammer, entre otros.Tierra de Vikingos y de tradiciones, las ciudades de Suecia son destinos ideales para conocer Europa. Estocolmo, es sin duda una de las ciudades imprescindibles de visitar, constru\u00edda sobre 14 islas del mar B\u00e1ltico unidas por 53 bellos puentes. Animarse a pasear por su centro hist\u00f3rico, conocer el Palacio Real, descubrir la historia del pa\u00eds y el esplendor de un reino que un d\u00eda lleg\u00f3 a ser uno de los actores principales de Europa. Principales atractivos tur\u00edsticos: el Museo Vasa, Karlskoga, Uppsala y Karlstad.En los fiordos noruegos, la naturaleza deslumbra con su esplendor. Estrechos y profundos, estos cuerpos de agua ofrecen un espect\u00e1culo sobrecogedor. Rodeados de majestuosas monta\u00f1as, los fiordos son verdaderas maravillas naturales. Aguas cristalinas, cascadas imponentes y pueblos costeros encantadores son parte de este escenario. Navegar por aqu\u00ed es adentrarse en un cuento de hadas. Perfecto para amantes de la naturaleza y la aventura.\" \/>\n<meta property=\"og:url\" content=\"https:\/\/staging.elkaminante.com.uy\/paquetes\/oslo-estocolmo-y-helsinki\/\" \/>\n<meta property=\"og:site_name\" content=\"El Kaminante\" \/>\n<meta property=\"article:modified_time\" content=\"2026-05-15T17:48:09+00:00\" \/>\n<meta property=\"og:image\" content=\"https:\/\/staging.elkaminante.com.uy\/wp-content\/uploads\/2025\/06\/PAQ339.webp\" \/>\n\t<meta property=\"og:image:width\" content=\"800\" \/>\n\t<meta property=\"og:image:height\" content=\"457\" \/>\n\t<meta property=\"og:image:type\" content=\"image\/webp\" \/>\n<meta name=\"twitter:card\" content=\"summary_large_image\" \/>\n<script type=\"application\/ld+json\" class=\"yoast-schema-graph\">{\"@context\":\"https:\\\/\\\/schema.org\",\"@graph\":[{\"@type\":\"WebPage\",\"@id\":\"https:\\\/\\\/staging.elkaminante.com.uy\\\/paquetes\\\/oslo-estocolmo-y-helsinki\\\/\",\"url\":\"https:\\\/\\\/staging.elkaminante.com.uy\\\/paquetes\\\/oslo-estocolmo-y-helsinki\\\/\",\"name\":\"Gran Escandinavia \\\/ Circuito - El Kaminante\",\"isPartOf\":{\"@id\":\"https:\\\/\\\/staging.elkaminante.com.uy\\\/#website\"},\"primaryImageOfPage\":{\"@id\":\"https:\\\/\\\/staging.elkaminante.com.uy\\\/paquetes\\\/oslo-estocolmo-y-helsinki\\\/#primaryimage\"},\"image\":{\"@id\":\"https:\\\/\\\/staging.elkaminante.com.uy\\\/paquetes\\\/oslo-estocolmo-y-helsinki\\\/#primaryimage\"},\"thumbnailUrl\":\"https:\\\/\\\/staging.elkaminante.com.uy\\\/wp-content\\\/uploads\\\/2025\\\/06\\\/PAQ339.webp\",\"datePublished\":\"2025-06-16T23:12:11+00:00\",\"dateModified\":\"2026-05-15T17:48:09+00:00\",\"breadcrumb\":{\"@id\":\"https:\\\/\\\/staging.elkaminante.com.uy\\\/paquetes\\\/oslo-estocolmo-y-helsinki\\\/#breadcrumb\"},\"inLanguage\":\"en-US\",\"potentialAction\":[{\"@type\":\"ReadAction\",\"target\":[\"https:\\\/\\\/staging.elkaminante.com.uy\\\/paquetes\\\/oslo-estocolmo-y-helsinki\\\/\"]}]},{\"@type\":\"ImageObject\",\"inLanguage\":\"en-US\",\"@id\":\"https:\\\/\\\/staging.elkaminante.com.uy\\\/paquetes\\\/oslo-estocolmo-y-helsinki\\\/#primaryimage\",\"url\":\"https:\\\/\\\/staging.elkaminante.com.uy\\\/wp-content\\\/uploads\\\/2025\\\/06\\\/PAQ339.webp\",\"contentUrl\":\"https:\\\/\\\/staging.elkaminante.com.uy\\\/wp-content\\\/uploads\\\/2025\\\/06\\\/PAQ339.webp\",\"width\":800,\"height\":457},{\"@type\":\"BreadcrumbList\",\"@id\":\"https:\\\/\\\/staging.elkaminante.com.uy\\\/paquetes\\\/oslo-estocolmo-y-helsinki\\\/#breadcrumb\",\"itemListElement\":[{\"@type\":\"ListItem\",\"position\":1,\"name\":\"Inicio\",\"item\":\"https:\\\/\\\/staging.elkaminante.com.uy\\\/en\\\/\"},{\"@type\":\"ListItem\",\"position\":2,\"name\":\"Viajes por el mundo\",\"item\":\"https:\\\/\\\/staging.elkaminante.com.uy\\\/en\\\/paquetes\\\/\"},{\"@type\":\"ListItem\",\"position\":3,\"name\":\"Gran Escandinavia \\\/ Circuito\"}]},{\"@type\":\"WebSite\",\"@id\":\"https:\\\/\\\/staging.elkaminante.com.uy\\\/#website\",\"url\":\"https:\\\/\\\/staging.elkaminante.com.uy\\\/\",\"name\":\"El Kaminante\",\"description\":\"Viajes &amp; Turismo\",\"publisher\":{\"@id\":\"https:\\\/\\\/staging.elkaminante.com.uy\\\/#organization\"},\"potentialAction\":[{\"@type\":\"SearchAction\",\"target\":{\"@type\":\"EntryPoint\",\"urlTemplate\":\"https:\\\/\\\/staging.elkaminante.com.uy\\\/?s={search_term_string}\"},\"query-input\":{\"@type\":\"PropertyValueSpecification\",\"valueRequired\":true,\"valueName\":\"search_term_string\"}}],\"inLanguage\":\"en-US\"},{\"@type\":\"Organization\",\"@id\":\"https:\\\/\\\/staging.elkaminante.com.uy\\\/#organization\",\"name\":\"El Kaminante\",\"url\":\"https:\\\/\\\/staging.elkaminante.com.uy\\\/\",\"logo\":{\"@type\":\"ImageObject\",\"inLanguage\":\"en-US\",\"@id\":\"https:\\\/\\\/staging.elkaminante.com.uy\\\/#\\\/schema\\\/logo\\\/image\\\/\",\"url\":\"https:\\\/\\\/staging.elkaminante.com.uy\\\/wp-content\\\/uploads\\\/2025\\\/02\\\/logo-elkaminante-blanco.svg\",\"contentUrl\":\"https:\\\/\\\/staging.elkaminante.com.uy\\\/wp-content\\\/uploads\\\/2025\\\/02\\\/logo-elkaminante-blanco.svg\",\"caption\":\"El Kaminante\"},\"image\":{\"@id\":\"https:\\\/\\\/staging.elkaminante.com.uy\\\/#\\\/schema\\\/logo\\\/image\\\/\"}}]}<\/script>\n<!-- \/ Yoast SEO plugin. -->","yoast_head_json":{"title":"Gran Escandinavia \/ Circuito - El Kaminante","robots":{"index":"noindex","follow":"follow","max-snippet":"max-snippet:-1","max-image-preview":"max-image-preview:large","max-video-preview":"max-video-preview:-1"},"og_locale":"en_US","og_type":"article","og_title":"Gran Escandinavia \/ Circuito - El Kaminante","og_description":"Noruega es una joya escandinava con paisajes impresionantes. Los \"fiordos\" son su firma natural: estrechos acantilados con aguas cristalinas y cascadas majestuosas, rodeados de pintorescos pueblos costeros y un sinf\u00edn de aventuras al aire libre. En Oslo, su capital y ciudad m\u00e1s conocida, se puede disfrutar de la cultura, museos de vanguardia y una escena gastron\u00f3mica diversa. Principales atractivos tur\u00edsticos: Bergen, los fiordos, entre ellos: Sognefjord, Lyse, Preikestolen y Geiranger, el glaciar de Briksdal, Stavanger, Lom, Stryn, Hellesylt, Alesund y Gudvagen, el lago Mjosa y Lillehammer, entre otros.Tierra de Vikingos y de tradiciones, las ciudades de Suecia son destinos ideales para conocer Europa. Estocolmo, es sin duda una de las ciudades imprescindibles de visitar, constru\u00edda sobre 14 islas del mar B\u00e1ltico unidas por 53 bellos puentes. Animarse a pasear por su centro hist\u00f3rico, conocer el Palacio Real, descubrir la historia del pa\u00eds y el esplendor de un reino que un d\u00eda lleg\u00f3 a ser uno de los actores principales de Europa. Principales atractivos tur\u00edsticos: el Museo Vasa, Karlskoga, Uppsala y Karlstad.En los fiordos noruegos, la naturaleza deslumbra con su esplendor. Estrechos y profundos, estos cuerpos de agua ofrecen un espect\u00e1culo sobrecogedor. Rodeados de majestuosas monta\u00f1as, los fiordos son verdaderas maravillas naturales. Aguas cristalinas, cascadas imponentes y pueblos costeros encantadores son parte de este escenario. Navegar por aqu\u00ed es adentrarse en un cuento de hadas. Perfecto para amantes de la naturaleza y la aventura.","og_url":"https:\/\/staging.elkaminante.com.uy\/paquetes\/oslo-estocolmo-y-helsinki\/","og_site_name":"El Kaminante","article_modified_time":"2026-05-15T17:48:09+00:00","og_image":[{"width":800,"height":457,"url":"https:\/\/staging.elkaminante.com.uy\/wp-content\/uploads\/2025\/06\/PAQ339.webp","type":"image\/webp"}],"twitter_card":"summary_large_image","schema":{"@context":"https:\/\/schema.org","@graph":[{"@type":"WebPage","@id":"https:\/\/staging.elkaminante.com.uy\/paquetes\/oslo-estocolmo-y-helsinki\/","url":"https:\/\/staging.elkaminante.com.uy\/paquetes\/oslo-estocolmo-y-helsinki\/","name":"Gran Escandinavia \/ Circuito - El Kaminante","isPartOf":{"@id":"https:\/\/staging.elkaminante.com.uy\/#website"},"primaryImageOfPage":{"@id":"https:\/\/staging.elkaminante.com.uy\/paquetes\/oslo-estocolmo-y-helsinki\/#primaryimage"},"image":{"@id":"https:\/\/staging.elkaminante.com.uy\/paquetes\/oslo-estocolmo-y-helsinki\/#primaryimage"},"thumbnailUrl":"https:\/\/staging.elkaminante.com.uy\/wp-content\/uploads\/2025\/06\/PAQ339.webp","datePublished":"2025-06-16T23:12:11+00:00","dateModified":"2026-05-15T17:48:09+00:00","breadcrumb":{"@id":"https:\/\/staging.elkaminante.com.uy\/paquetes\/oslo-estocolmo-y-helsinki\/#breadcrumb"},"inLanguage":"en-US","potentialAction":[{"@type":"ReadAction","target":["https:\/\/staging.elkaminante.com.uy\/paquetes\/oslo-estocolmo-y-helsinki\/"]}]},{"@type":"ImageObject","inLanguage":"en-US","@id":"https:\/\/staging.elkaminante.com.uy\/paquetes\/oslo-estocolmo-y-helsinki\/#primaryimage","url":"https:\/\/staging.elkaminante.com.uy\/wp-content\/uploads\/2025\/06\/PAQ339.webp","contentUrl":"https:\/\/staging.elkaminante.com.uy\/wp-content\/uploads\/2025\/06\/PAQ339.webp","width":800,"height":457},{"@type":"BreadcrumbList","@id":"https:\/\/staging.elkaminante.com.uy\/paquetes\/oslo-estocolmo-y-helsinki\/#breadcrumb","itemListElement":[{"@type":"ListItem","position":1,"name":"Inicio","item":"https:\/\/staging.elkaminante.com.uy\/en\/"},{"@type":"ListItem","position":2,"name":"Viajes por el mundo","item":"https:\/\/staging.elkaminante.com.uy\/en\/paquetes\/"},{"@type":"ListItem","position":3,"name":"Gran Escandinavia \/ Circuito"}]},{"@type":"WebSite","@id":"https:\/\/staging.elkaminante.com.uy\/#website","url":"https:\/\/staging.elkaminante.com.uy\/","name":"El Kaminante","description":"Viajes &amp; Turismo","publisher":{"@id":"https:\/\/staging.elkaminante.com.uy\/#organization"},"potentialAction":[{"@type":"SearchAction","target":{"@type":"EntryPoint","urlTemplate":"https:\/\/staging.elkaminante.com.uy\/?s={search_term_string}"},"query-input":{"@type":"PropertyValueSpecification","valueRequired":true,"valueName":"search_term_string"}}],"inLanguage":"en-US"},{"@type":"Organization","@id":"https:\/\/staging.elkaminante.com.uy\/#organization","name":"El Kaminante","url":"https:\/\/staging.elkaminante.com.uy\/","logo":{"@type":"ImageObject","inLanguage":"en-US","@id":"https:\/\/staging.elkaminante.com.uy\/#\/schema\/logo\/image\/","url":"https:\/\/staging.elkaminante.com.uy\/wp-content\/uploads\/2025\/02\/logo-elkaminante-blanco.svg","contentUrl":"https:\/\/staging.elkaminante.com.uy\/wp-content\/uploads\/2025\/02\/logo-elkaminante-blanco.svg","caption":"El Kaminante"},"image":{"@id":"https:\/\/staging.elkaminante.com.uy\/#\/schema\/logo\/image\/"}}]}},"_links":{"self":[{"href":"https:\/\/staging.elkaminante.com.uy\/en\/wp-json\/wp\/v2\/product\/10722","targetHints":{"allow":["GET"]}}],"collection":[{"href":"https:\/\/staging.elkaminante.com.uy\/en\/wp-json\/wp\/v2\/product"}],"about":[{"href":"https:\/\/staging.elkaminante.com.uy\/en\/wp-json\/wp\/v2\/types\/product"}],"wp:featuredmedia":[{"embeddable":true,"href":"https:\/\/staging.elkaminante.com.uy\/en\/wp-json\/wp\/v2\/media\/10720"}],"wp:attachment":[{"href":"https:\/\/staging.elkaminante.com.uy\/en\/wp-json\/wp\/v2\/media?parent=10722"}],"wp:term":[{"taxonomy":"product_brand","embeddable":true,"href":"https:\/\/staging.elkaminante.com.uy\/en\/wp-json\/wp\/v2\/product_brand?post=10722"},{"taxonomy":"product_cat","embeddable":true,"href":"https:\/\/staging.elkaminante.com.uy\/en\/wp-json\/wp\/v2\/product_cat?post=10722"},{"taxonomy":"product_tag","embeddable":true,"href":"https:\/\/staging.elkaminante.com.uy\/en\/wp-json\/wp\/v2\/product_tag?post=10722"}],"curies":[{"name":"wp","href":"https:\/\/api.w.org\/{rel}","templated":true}]}}