{"id":10708,"date":"2025-06-16T20:12:03","date_gmt":"2025-06-16T23:12:03","guid":{"rendered":"https:\/\/elkaminante.com.uy\/paquetes\/berlin-praga-budapest-y-polonia\/"},"modified":"2026-05-15T14:48:09","modified_gmt":"2026-05-15T17:48:09","slug":"berlin-praga-budapest-y-polonia","status":"publish","type":"product","link":"https:\/\/staging.elkaminante.com.uy\/en\/paquetes\/berlin-praga-budapest-y-polonia\/","title":{"rendered":"Berlin, Praga, Budapest y Polonia"},"content":{"rendered":"","protected":false},"excerpt":{"rendered":"<p>Los viajes a <b>Alemania<\/b> son un recorrido a una tierra de contrastes. Ciudades medievales, culturales y algunas de las m\u00e1s cosmopolitas de Europa se suman a espectaculares paisajes de valles, altas monta\u00f1as y destinos ricos en historia. Berl\u00edn es su capital y hoy en d\u00eda es una de las ciudades m\u00e1s influyentes en el \u00e1mbito pol\u00edtico y cultural de la Uni\u00f3n Europea.<i>Principales atractivos tur\u00edsticos:<\/i> Munich, Nuremberg, Rothemburgo, Hamburgo, el castillo de Neuschwanstein, la Puerta de Brandemburgo, los palacios de Postdam y el r\u00edo Rhin entre otros.<\/p>\n<p>A lo largo de <b>Austria<\/b> podr\u00e1 descubrir el esplendor de los imperios europeos y unos paisajes sobrecogedores. Viena es la capital y ciudad m\u00e1s importante de Austria. Recorrer sus calles significa adentrarse en la dinast\u00eda de los Habsburgo, conocer los Palacios, su arquitectura g\u00f3tica medieval que lo llevaran a transportarse a la elegancia y el lujo del esplendor imperial. <i>Principales atractivos tur\u00edsticos:<\/i> el palacio de Belvedere, el palacio de Schonbrunn, la catedral de San Esteban, la iglesia Votiva, el Museo de Historia del Arte o la biblioteca de la Universidad de Viena, las ciudades como Innsbruck, el Tirol, los Alpes, Salzburgo, entre otros.<\/p>\n<p>Las ciudades de <b>Polonia<\/b> le permitir\u00e1n conocer uno de los pa\u00edses m\u00e1s interesantes de toda Europa. En Varsovia, Cracovia o Gdansk podr\u00e1 saborear la esencia eslava en los preciosos monumentos que pueblan sus calles. Sus centros hist\u00f3ricos, museos, castillos y arquitectura, llenan las calles de historia y enriquecedora cultura. Un destino muy concurrido es el escenario del Holocausto jud\u00edao, presente en Auschwitz, adentr\u00e1ndose en un triste episodio de la historia de la humanidad, en un museo cconstruido para que el mundo sepa lo que sucedi\u00f3 y no se olvide. Sin duda, es una de las visitas m\u00e1s emotivas e impactantes de este pa\u00eds. Otros destinos importantes son: Gdansk, las minas de sal en Wieliczka, Czestochowa, Tor\u00fan, Ponzan y Wroclaw, entre otros.<\/p>\n","protected":false},"featured_media":10706,"template":"","meta":{"_acf_changed":false,"inline_featured_image":false},"product_brand":[],"product_cat":[28,1579],"product_tag":[562,3784,1006,1801,1015,2804,1007,1948,2801,2800,3479,2803,1642,2805,64,2798,568,2280,124,1680,2799,65,2802,1009,1011,126,4610,1008,2807,1949,2806,1010,1012,128,4611,2808,63],"class_list":{"0":"post-10708","1":"product","2":"type-product","3":"status-publish","4":"has-post-thumbnail","6":"product_cat-paquetes","7":"product_cat-uruguay","8":"product_tag-agosto","9":"product_tag-agosto-2026","10":"product_tag-alemania","11":"product_tag-alemania-en-agosto","12":"product_tag-alemania-en-alemania","13":"product_tag-auschwitz","14":"product_tag-austria","15":"product_tag-berlin","16":"product_tag-bratislava","17":"product_tag-budapest","18":"product_tag-budapest-y-polonia","19":"product_tag-cracovia","20":"product_tag-cultural","21":"product_tag-czestochowa","22":"product_tag-desayuno","23":"product_tag-dresden","24":"product_tag-en-agosto","25":"product_tag-en-alemania","26":"product_tag-europa","27":"product_tag-europamundo","28":"product_tag-lednice","29":"product_tag-no-aplica","30":"product_tag-olomouc","31":"product_tag-paquetes-a-alemania","32":"product_tag-paquetes-a-austria","33":"product_tag-paquetes-a-europa","34":"product_tag-paquetes-a-polonia","35":"product_tag-polonia","36":"product_tag-poznan","37":"product_tag-praga","38":"product_tag-varsovia","39":"product_tag-viajes-a-alemania","40":"product_tag-viajes-a-austria","41":"product_tag-viajes-a-europa","42":"product_tag-viajes-a-polonia","43":"product_tag-viena-y-polonia","44":"product_tag-vuelo-y-circuito","45":"entry","46":"has-media","48":"first","49":"instock","50":"shipping-taxable","51":"purchasable","52":"product-type-simple"},"acf":[],"yoast_head":"<!-- This site is optimized with the Yoast SEO plugin v27.6 - https:\/\/yoast.com\/product\/yoast-seo-wordpress\/ -->\n<title>Berlin, Praga, Budapest y Polonia - El Kaminante<\/title>\n<meta name=\"robots\" content=\"noindex, follow, max-snippet:-1, max-image-preview:large, max-video-preview:-1\" \/>\n<meta property=\"og:locale\" content=\"en_US\" \/>\n<meta property=\"og:type\" content=\"article\" \/>\n<meta property=\"og:title\" content=\"Berlin, Praga, Budapest y Polonia - El Kaminante\" \/>\n<meta property=\"og:description\" content=\"Los viajes a Alemania son un recorrido a una tierra de contrastes. Ciudades medievales, culturales y algunas de las m\u00e1s cosmopolitas de Europa se suman a espectaculares paisajes de valles, altas monta\u00f1as y destinos ricos en historia. Berl\u00edn es su capital y hoy en d\u00eda es una de las ciudades m\u00e1s influyentes en el \u00e1mbito pol\u00edtico y cultural de la Uni\u00f3n Europea.Principales atractivos tur\u00edsticos: Munich, Nuremberg, Rothemburgo, Hamburgo, el castillo de Neuschwanstein, la Puerta de Brandemburgo, los palacios de Postdam y el r\u00edo Rhin entre otros.A lo largo de Austria podr\u00e1 descubrir el esplendor de los imperios europeos y unos paisajes sobrecogedores. Viena es la capital y ciudad m\u00e1s importante de Austria. Recorrer sus calles significa adentrarse en la dinast\u00eda de los Habsburgo, conocer los Palacios, su arquitectura g\u00f3tica medieval que lo llevaran a transportarse a la elegancia y el lujo del esplendor imperial. Principales atractivos tur\u00edsticos: el palacio de Belvedere, el palacio de Schonbrunn, la catedral de San Esteban, la iglesia Votiva, el Museo de Historia del Arte o la biblioteca de la Universidad de Viena, las ciudades como Innsbruck, el Tirol, los Alpes, Salzburgo, entre otros.Las ciudades de Polonia le permitir\u00e1n conocer uno de los pa\u00edses m\u00e1s interesantes de toda Europa. En Varsovia, Cracovia o Gdansk podr\u00e1 saborear la esencia eslava en los preciosos monumentos que pueblan sus calles. Sus centros hist\u00f3ricos, museos, castillos y arquitectura, llenan las calles de historia y enriquecedora cultura. Un destino muy concurrido es el escenario del Holocausto jud\u00edao, presente en Auschwitz, adentr\u00e1ndose en un triste episodio de la historia de la humanidad, en un museo cconstruido para que el mundo sepa lo que sucedi\u00f3 y no se olvide. Sin duda, es una de las visitas m\u00e1s emotivas e impactantes de este pa\u00eds. Otros destinos importantes son: Gdansk, las minas de sal en Wieliczka, Czestochowa, Tor\u00fan, Ponzan y Wroclaw, entre otros.\" \/>\n<meta property=\"og:url\" content=\"https:\/\/staging.elkaminante.com.uy\/paquetes\/berlin-praga-budapest-y-polonia\/\" \/>\n<meta property=\"og:site_name\" content=\"El Kaminante\" \/>\n<meta property=\"article:modified_time\" content=\"2026-05-15T17:48:09+00:00\" \/>\n<meta property=\"og:image\" content=\"https:\/\/staging.elkaminante.com.uy\/wp-content\/uploads\/2025\/06\/PAQ337.webp\" \/>\n\t<meta property=\"og:image:width\" content=\"800\" \/>\n\t<meta property=\"og:image:height\" content=\"457\" \/>\n\t<meta property=\"og:image:type\" content=\"image\/webp\" \/>\n<meta name=\"twitter:card\" content=\"summary_large_image\" \/>\n<script type=\"application\/ld+json\" class=\"yoast-schema-graph\">{\"@context\":\"https:\\\/\\\/schema.org\",\"@graph\":[{\"@type\":\"WebPage\",\"@id\":\"https:\\\/\\\/staging.elkaminante.com.uy\\\/paquetes\\\/berlin-praga-budapest-y-polonia\\\/\",\"url\":\"https:\\\/\\\/staging.elkaminante.com.uy\\\/paquetes\\\/berlin-praga-budapest-y-polonia\\\/\",\"name\":\"Berlin, Praga, Budapest y Polonia - El Kaminante\",\"isPartOf\":{\"@id\":\"https:\\\/\\\/staging.elkaminante.com.uy\\\/#website\"},\"primaryImageOfPage\":{\"@id\":\"https:\\\/\\\/staging.elkaminante.com.uy\\\/paquetes\\\/berlin-praga-budapest-y-polonia\\\/#primaryimage\"},\"image\":{\"@id\":\"https:\\\/\\\/staging.elkaminante.com.uy\\\/paquetes\\\/berlin-praga-budapest-y-polonia\\\/#primaryimage\"},\"thumbnailUrl\":\"https:\\\/\\\/staging.elkaminante.com.uy\\\/wp-content\\\/uploads\\\/2025\\\/06\\\/PAQ337.webp\",\"datePublished\":\"2025-06-16T23:12:03+00:00\",\"dateModified\":\"2026-05-15T17:48:09+00:00\",\"breadcrumb\":{\"@id\":\"https:\\\/\\\/staging.elkaminante.com.uy\\\/paquetes\\\/berlin-praga-budapest-y-polonia\\\/#breadcrumb\"},\"inLanguage\":\"en-US\",\"potentialAction\":[{\"@type\":\"ReadAction\",\"target\":[\"https:\\\/\\\/staging.elkaminante.com.uy\\\/paquetes\\\/berlin-praga-budapest-y-polonia\\\/\"]}]},{\"@type\":\"ImageObject\",\"inLanguage\":\"en-US\",\"@id\":\"https:\\\/\\\/staging.elkaminante.com.uy\\\/paquetes\\\/berlin-praga-budapest-y-polonia\\\/#primaryimage\",\"url\":\"https:\\\/\\\/staging.elkaminante.com.uy\\\/wp-content\\\/uploads\\\/2025\\\/06\\\/PAQ337.webp\",\"contentUrl\":\"https:\\\/\\\/staging.elkaminante.com.uy\\\/wp-content\\\/uploads\\\/2025\\\/06\\\/PAQ337.webp\",\"width\":800,\"height\":457},{\"@type\":\"BreadcrumbList\",\"@id\":\"https:\\\/\\\/staging.elkaminante.com.uy\\\/paquetes\\\/berlin-praga-budapest-y-polonia\\\/#breadcrumb\",\"itemListElement\":[{\"@type\":\"ListItem\",\"position\":1,\"name\":\"Inicio\",\"item\":\"https:\\\/\\\/staging.elkaminante.com.uy\\\/en\\\/\"},{\"@type\":\"ListItem\",\"position\":2,\"name\":\"Viajes por el mundo\",\"item\":\"https:\\\/\\\/staging.elkaminante.com.uy\\\/en\\\/paquetes\\\/\"},{\"@type\":\"ListItem\",\"position\":3,\"name\":\"Berlin, Praga, Budapest y Polonia\"}]},{\"@type\":\"WebSite\",\"@id\":\"https:\\\/\\\/staging.elkaminante.com.uy\\\/#website\",\"url\":\"https:\\\/\\\/staging.elkaminante.com.uy\\\/\",\"name\":\"El Kaminante\",\"description\":\"Viajes &amp; Turismo\",\"publisher\":{\"@id\":\"https:\\\/\\\/staging.elkaminante.com.uy\\\/#organization\"},\"potentialAction\":[{\"@type\":\"SearchAction\",\"target\":{\"@type\":\"EntryPoint\",\"urlTemplate\":\"https:\\\/\\\/staging.elkaminante.com.uy\\\/?s={search_term_string}\"},\"query-input\":{\"@type\":\"PropertyValueSpecification\",\"valueRequired\":true,\"valueName\":\"search_term_string\"}}],\"inLanguage\":\"en-US\"},{\"@type\":\"Organization\",\"@id\":\"https:\\\/\\\/staging.elkaminante.com.uy\\\/#organization\",\"name\":\"El Kaminante\",\"url\":\"https:\\\/\\\/staging.elkaminante.com.uy\\\/\",\"logo\":{\"@type\":\"ImageObject\",\"inLanguage\":\"en-US\",\"@id\":\"https:\\\/\\\/staging.elkaminante.com.uy\\\/#\\\/schema\\\/logo\\\/image\\\/\",\"url\":\"https:\\\/\\\/staging.elkaminante.com.uy\\\/wp-content\\\/uploads\\\/2025\\\/02\\\/logo-elkaminante-blanco.svg\",\"contentUrl\":\"https:\\\/\\\/staging.elkaminante.com.uy\\\/wp-content\\\/uploads\\\/2025\\\/02\\\/logo-elkaminante-blanco.svg\",\"caption\":\"El Kaminante\"},\"image\":{\"@id\":\"https:\\\/\\\/staging.elkaminante.com.uy\\\/#\\\/schema\\\/logo\\\/image\\\/\"}}]}<\/script>\n<!-- \/ Yoast SEO plugin. -->","yoast_head_json":{"title":"Berlin, Praga, Budapest y Polonia - El Kaminante","robots":{"index":"noindex","follow":"follow","max-snippet":"max-snippet:-1","max-image-preview":"max-image-preview:large","max-video-preview":"max-video-preview:-1"},"og_locale":"en_US","og_type":"article","og_title":"Berlin, Praga, Budapest y Polonia - El Kaminante","og_description":"Los viajes a Alemania son un recorrido a una tierra de contrastes. Ciudades medievales, culturales y algunas de las m\u00e1s cosmopolitas de Europa se suman a espectaculares paisajes de valles, altas monta\u00f1as y destinos ricos en historia. Berl\u00edn es su capital y hoy en d\u00eda es una de las ciudades m\u00e1s influyentes en el \u00e1mbito pol\u00edtico y cultural de la Uni\u00f3n Europea.Principales atractivos tur\u00edsticos: Munich, Nuremberg, Rothemburgo, Hamburgo, el castillo de Neuschwanstein, la Puerta de Brandemburgo, los palacios de Postdam y el r\u00edo Rhin entre otros.A lo largo de Austria podr\u00e1 descubrir el esplendor de los imperios europeos y unos paisajes sobrecogedores. Viena es la capital y ciudad m\u00e1s importante de Austria. Recorrer sus calles significa adentrarse en la dinast\u00eda de los Habsburgo, conocer los Palacios, su arquitectura g\u00f3tica medieval que lo llevaran a transportarse a la elegancia y el lujo del esplendor imperial. Principales atractivos tur\u00edsticos: el palacio de Belvedere, el palacio de Schonbrunn, la catedral de San Esteban, la iglesia Votiva, el Museo de Historia del Arte o la biblioteca de la Universidad de Viena, las ciudades como Innsbruck, el Tirol, los Alpes, Salzburgo, entre otros.Las ciudades de Polonia le permitir\u00e1n conocer uno de los pa\u00edses m\u00e1s interesantes de toda Europa. En Varsovia, Cracovia o Gdansk podr\u00e1 saborear la esencia eslava en los preciosos monumentos que pueblan sus calles. Sus centros hist\u00f3ricos, museos, castillos y arquitectura, llenan las calles de historia y enriquecedora cultura. Un destino muy concurrido es el escenario del Holocausto jud\u00edao, presente en Auschwitz, adentr\u00e1ndose en un triste episodio de la historia de la humanidad, en un museo cconstruido para que el mundo sepa lo que sucedi\u00f3 y no se olvide. Sin duda, es una de las visitas m\u00e1s emotivas e impactantes de este pa\u00eds. Otros destinos importantes son: Gdansk, las minas de sal en Wieliczka, Czestochowa, Tor\u00fan, Ponzan y Wroclaw, entre otros.","og_url":"https:\/\/staging.elkaminante.com.uy\/paquetes\/berlin-praga-budapest-y-polonia\/","og_site_name":"El Kaminante","article_modified_time":"2026-05-15T17:48:09+00:00","og_image":[{"width":800,"height":457,"url":"https:\/\/staging.elkaminante.com.uy\/wp-content\/uploads\/2025\/06\/PAQ337.webp","type":"image\/webp"}],"twitter_card":"summary_large_image","schema":{"@context":"https:\/\/schema.org","@graph":[{"@type":"WebPage","@id":"https:\/\/staging.elkaminante.com.uy\/paquetes\/berlin-praga-budapest-y-polonia\/","url":"https:\/\/staging.elkaminante.com.uy\/paquetes\/berlin-praga-budapest-y-polonia\/","name":"Berlin, Praga, Budapest y Polonia - El Kaminante","isPartOf":{"@id":"https:\/\/staging.elkaminante.com.uy\/#website"},"primaryImageOfPage":{"@id":"https:\/\/staging.elkaminante.com.uy\/paquetes\/berlin-praga-budapest-y-polonia\/#primaryimage"},"image":{"@id":"https:\/\/staging.elkaminante.com.uy\/paquetes\/berlin-praga-budapest-y-polonia\/#primaryimage"},"thumbnailUrl":"https:\/\/staging.elkaminante.com.uy\/wp-content\/uploads\/2025\/06\/PAQ337.webp","datePublished":"2025-06-16T23:12:03+00:00","dateModified":"2026-05-15T17:48:09+00:00","breadcrumb":{"@id":"https:\/\/staging.elkaminante.com.uy\/paquetes\/berlin-praga-budapest-y-polonia\/#breadcrumb"},"inLanguage":"en-US","potentialAction":[{"@type":"ReadAction","target":["https:\/\/staging.elkaminante.com.uy\/paquetes\/berlin-praga-budapest-y-polonia\/"]}]},{"@type":"ImageObject","inLanguage":"en-US","@id":"https:\/\/staging.elkaminante.com.uy\/paquetes\/berlin-praga-budapest-y-polonia\/#primaryimage","url":"https:\/\/staging.elkaminante.com.uy\/wp-content\/uploads\/2025\/06\/PAQ337.webp","contentUrl":"https:\/\/staging.elkaminante.com.uy\/wp-content\/uploads\/2025\/06\/PAQ337.webp","width":800,"height":457},{"@type":"BreadcrumbList","@id":"https:\/\/staging.elkaminante.com.uy\/paquetes\/berlin-praga-budapest-y-polonia\/#breadcrumb","itemListElement":[{"@type":"ListItem","position":1,"name":"Inicio","item":"https:\/\/staging.elkaminante.com.uy\/en\/"},{"@type":"ListItem","position":2,"name":"Viajes por el mundo","item":"https:\/\/staging.elkaminante.com.uy\/en\/paquetes\/"},{"@type":"ListItem","position":3,"name":"Berlin, Praga, Budapest y Polonia"}]},{"@type":"WebSite","@id":"https:\/\/staging.elkaminante.com.uy\/#website","url":"https:\/\/staging.elkaminante.com.uy\/","name":"El Kaminante","description":"Viajes &amp; Turismo","publisher":{"@id":"https:\/\/staging.elkaminante.com.uy\/#organization"},"potentialAction":[{"@type":"SearchAction","target":{"@type":"EntryPoint","urlTemplate":"https:\/\/staging.elkaminante.com.uy\/?s={search_term_string}"},"query-input":{"@type":"PropertyValueSpecification","valueRequired":true,"valueName":"search_term_string"}}],"inLanguage":"en-US"},{"@type":"Organization","@id":"https:\/\/staging.elkaminante.com.uy\/#organization","name":"El Kaminante","url":"https:\/\/staging.elkaminante.com.uy\/","logo":{"@type":"ImageObject","inLanguage":"en-US","@id":"https:\/\/staging.elkaminante.com.uy\/#\/schema\/logo\/image\/","url":"https:\/\/staging.elkaminante.com.uy\/wp-content\/uploads\/2025\/02\/logo-elkaminante-blanco.svg","contentUrl":"https:\/\/staging.elkaminante.com.uy\/wp-content\/uploads\/2025\/02\/logo-elkaminante-blanco.svg","caption":"El Kaminante"},"image":{"@id":"https:\/\/staging.elkaminante.com.uy\/#\/schema\/logo\/image\/"}}]}},"_links":{"self":[{"href":"https:\/\/staging.elkaminante.com.uy\/en\/wp-json\/wp\/v2\/product\/10708","targetHints":{"allow":["GET"]}}],"collection":[{"href":"https:\/\/staging.elkaminante.com.uy\/en\/wp-json\/wp\/v2\/product"}],"about":[{"href":"https:\/\/staging.elkaminante.com.uy\/en\/wp-json\/wp\/v2\/types\/product"}],"wp:featuredmedia":[{"embeddable":true,"href":"https:\/\/staging.elkaminante.com.uy\/en\/wp-json\/wp\/v2\/media\/10706"}],"wp:attachment":[{"href":"https:\/\/staging.elkaminante.com.uy\/en\/wp-json\/wp\/v2\/media?parent=10708"}],"wp:term":[{"taxonomy":"product_brand","embeddable":true,"href":"https:\/\/staging.elkaminante.com.uy\/en\/wp-json\/wp\/v2\/product_brand?post=10708"},{"taxonomy":"product_cat","embeddable":true,"href":"https:\/\/staging.elkaminante.com.uy\/en\/wp-json\/wp\/v2\/product_cat?post=10708"},{"taxonomy":"product_tag","embeddable":true,"href":"https:\/\/staging.elkaminante.com.uy\/en\/wp-json\/wp\/v2\/product_tag?post=10708"}],"curies":[{"name":"wp","href":"https:\/\/api.w.org\/{rel}","templated":true}]}}