{"id":10670,"date":"2025-06-16T20:11:40","date_gmt":"2025-06-16T23:11:40","guid":{"rendered":"https:\/\/elkaminante.com.uy\/paquetes\/jericoacoara-y-fortaleza\/"},"modified":"2026-05-15T14:48:06","modified_gmt":"2026-05-15T17:48:06","slug":"jericoacoara-y-fortaleza","status":"publish","type":"product","link":"https:\/\/staging.elkaminante.com.uy\/en\/paquetes\/jericoacoara-y-fortaleza\/","title":{"rendered":"Jericoacoara y Fortaleza"},"content":{"rendered":"","protected":false},"excerpt":{"rendered":"<p><b>Fortaleza<\/b> es la capital del Estado de Cear\u00e1, uno de los estados m\u00e1s peque\u00f1os de Brasil. Es la cuarta ciudad con m\u00e1s extensi\u00f3n de Brasil y en los \u00faltimos a\u00f1os ha sufrido una gran subida de turismo que asegura a todo aquel que tenga pensado ir, una gran infraestructura y servicios. Ofrece gran variedad de actividades y para los amantes de la danza, la m\u00fasica y otras artes hay gran variedad de espect\u00e1culos, como el de la danza Tor\u00e9m practicada por ind\u00edgenas propios de la zona. Posee la tercera catedral m\u00e1s grande de Brasil, sin lugar a dudas uno de los monumentos que uno no puede perderse en su visita. Tambi\u00e9n el comercio y el ocio ocupan un papel fundamental el la ciudad, adem\u00e1s de sus inigualables playas de aguas limpias y c\u00e1lidas y de arenas principalmente finas,  donde cabe destacar: la playa Jericoacoara y la playa Canoa Quebrada.<\/p>\n","protected":false},"featured_media":10668,"template":"","meta":{"_acf_changed":false,"inline_featured_image":false},"product_brand":[],"product_cat":[28,1579],"product_tag":[4704,96,88,35,655,2109,64,2054,2202,2074,651,4698,1503,3473,65,91,90,652,1505,667,666,61,89,665,93,92,653,1506,119],"class_list":{"0":"post-10670","1":"product","2":"type-product","3":"status-publish","4":"has-post-thumbnail","6":"product_cat-paquetes","7":"product_cat-uruguay","8":"product_tag-20-de-setiembre-de-2026vacaciones-de-setiembre","9":"product_tag-alarma-precios-bajos","10":"product_tag-america-del-sur","11":"product_tag-brasil","12":"product_tag-brasil-en-fortaleza","13":"product_tag-brasil-en-setiembre","14":"product_tag-desayuno","15":"product_tag-en-brasil","16":"product_tag-en-fortaleza","17":"product_tag-en-setiembre","18":"product_tag-fortaleza","19":"product_tag-hot-week","20":"product_tag-jericoacoara","21":"product_tag-jericoacoara-y-fortaleza","22":"product_tag-no-aplica","23":"product_tag-paquetes-a-america-del-sur","24":"product_tag-paquetes-a-brasil","25":"product_tag-paquetes-a-fortaleza","26":"product_tag-paquetes-a-jericoacoara","27":"product_tag-septiembre","28":"product_tag-setiembre","29":"product_tag-sin-destino","30":"product_tag-sudamerica","31":"product_tag-vacaciones-de-setiembre","32":"product_tag-viajes-a-america-del-sur","33":"product_tag-viajes-a-brasil","34":"product_tag-viajes-a-fortaleza","35":"product_tag-viajes-a-jericoacoara","36":"product_tag-vuelo-y-hotel","37":"entry","38":"has-media","40":"first","41":"instock","42":"shipping-taxable","43":"purchasable","44":"product-type-simple"},"acf":[],"yoast_head":"<!-- This site is optimized with the Yoast SEO plugin v27.6 - https:\/\/yoast.com\/product\/yoast-seo-wordpress\/ -->\n<title>Jericoacoara y Fortaleza - El Kaminante<\/title>\n<meta name=\"robots\" content=\"noindex, follow, max-snippet:-1, max-image-preview:large, max-video-preview:-1\" \/>\n<meta property=\"og:locale\" content=\"en_US\" \/>\n<meta property=\"og:type\" content=\"article\" \/>\n<meta property=\"og:title\" content=\"Jericoacoara y Fortaleza - El Kaminante\" \/>\n<meta property=\"og:description\" content=\"Fortaleza es la capital del Estado de Cear\u00e1, uno de los estados m\u00e1s peque\u00f1os de Brasil. Es la cuarta ciudad con m\u00e1s extensi\u00f3n de Brasil y en los \u00faltimos a\u00f1os ha sufrido una gran subida de turismo que asegura a todo aquel que tenga pensado ir, una gran infraestructura y servicios. Ofrece gran variedad de actividades y para los amantes de la danza, la m\u00fasica y otras artes hay gran variedad de espect\u00e1culos, como el de la danza Tor\u00e9m practicada por ind\u00edgenas propios de la zona. Posee la tercera catedral m\u00e1s grande de Brasil, sin lugar a dudas uno de los monumentos que uno no puede perderse en su visita. Tambi\u00e9n el comercio y el ocio ocupan un papel fundamental el la ciudad, adem\u00e1s de sus inigualables playas de aguas limpias y c\u00e1lidas y de arenas principalmente finas, donde cabe destacar: la playa Jericoacoara y la playa Canoa Quebrada.\" \/>\n<meta property=\"og:url\" content=\"https:\/\/staging.elkaminante.com.uy\/paquetes\/jericoacoara-y-fortaleza\/\" \/>\n<meta property=\"og:site_name\" content=\"El Kaminante\" \/>\n<meta property=\"article:modified_time\" content=\"2026-05-15T17:48:06+00:00\" \/>\n<meta property=\"og:image\" content=\"https:\/\/staging.elkaminante.com.uy\/wp-content\/uploads\/2025\/06\/PAQ331.webp\" \/>\n\t<meta property=\"og:image:width\" content=\"800\" \/>\n\t<meta property=\"og:image:height\" content=\"457\" \/>\n\t<meta property=\"og:image:type\" content=\"image\/webp\" \/>\n<meta name=\"twitter:card\" content=\"summary_large_image\" \/>\n<script type=\"application\/ld+json\" class=\"yoast-schema-graph\">{\"@context\":\"https:\\\/\\\/schema.org\",\"@graph\":[{\"@type\":\"WebPage\",\"@id\":\"https:\\\/\\\/staging.elkaminante.com.uy\\\/paquetes\\\/jericoacoara-y-fortaleza\\\/\",\"url\":\"https:\\\/\\\/staging.elkaminante.com.uy\\\/paquetes\\\/jericoacoara-y-fortaleza\\\/\",\"name\":\"Jericoacoara y Fortaleza - El Kaminante\",\"isPartOf\":{\"@id\":\"https:\\\/\\\/staging.elkaminante.com.uy\\\/#website\"},\"primaryImageOfPage\":{\"@id\":\"https:\\\/\\\/staging.elkaminante.com.uy\\\/paquetes\\\/jericoacoara-y-fortaleza\\\/#primaryimage\"},\"image\":{\"@id\":\"https:\\\/\\\/staging.elkaminante.com.uy\\\/paquetes\\\/jericoacoara-y-fortaleza\\\/#primaryimage\"},\"thumbnailUrl\":\"https:\\\/\\\/staging.elkaminante.com.uy\\\/wp-content\\\/uploads\\\/2025\\\/06\\\/PAQ331.webp\",\"datePublished\":\"2025-06-16T23:11:40+00:00\",\"dateModified\":\"2026-05-15T17:48:06+00:00\",\"breadcrumb\":{\"@id\":\"https:\\\/\\\/staging.elkaminante.com.uy\\\/paquetes\\\/jericoacoara-y-fortaleza\\\/#breadcrumb\"},\"inLanguage\":\"en-US\",\"potentialAction\":[{\"@type\":\"ReadAction\",\"target\":[\"https:\\\/\\\/staging.elkaminante.com.uy\\\/paquetes\\\/jericoacoara-y-fortaleza\\\/\"]}]},{\"@type\":\"ImageObject\",\"inLanguage\":\"en-US\",\"@id\":\"https:\\\/\\\/staging.elkaminante.com.uy\\\/paquetes\\\/jericoacoara-y-fortaleza\\\/#primaryimage\",\"url\":\"https:\\\/\\\/staging.elkaminante.com.uy\\\/wp-content\\\/uploads\\\/2025\\\/06\\\/PAQ331.webp\",\"contentUrl\":\"https:\\\/\\\/staging.elkaminante.com.uy\\\/wp-content\\\/uploads\\\/2025\\\/06\\\/PAQ331.webp\",\"width\":800,\"height\":457},{\"@type\":\"BreadcrumbList\",\"@id\":\"https:\\\/\\\/staging.elkaminante.com.uy\\\/paquetes\\\/jericoacoara-y-fortaleza\\\/#breadcrumb\",\"itemListElement\":[{\"@type\":\"ListItem\",\"position\":1,\"name\":\"Inicio\",\"item\":\"https:\\\/\\\/staging.elkaminante.com.uy\\\/en\\\/\"},{\"@type\":\"ListItem\",\"position\":2,\"name\":\"Viajes por el mundo\",\"item\":\"https:\\\/\\\/staging.elkaminante.com.uy\\\/en\\\/paquetes\\\/\"},{\"@type\":\"ListItem\",\"position\":3,\"name\":\"Jericoacoara y Fortaleza\"}]},{\"@type\":\"WebSite\",\"@id\":\"https:\\\/\\\/staging.elkaminante.com.uy\\\/#website\",\"url\":\"https:\\\/\\\/staging.elkaminante.com.uy\\\/\",\"name\":\"El Kaminante\",\"description\":\"Viajes &amp; Turismo\",\"publisher\":{\"@id\":\"https:\\\/\\\/staging.elkaminante.com.uy\\\/#organization\"},\"potentialAction\":[{\"@type\":\"SearchAction\",\"target\":{\"@type\":\"EntryPoint\",\"urlTemplate\":\"https:\\\/\\\/staging.elkaminante.com.uy\\\/?s={search_term_string}\"},\"query-input\":{\"@type\":\"PropertyValueSpecification\",\"valueRequired\":true,\"valueName\":\"search_term_string\"}}],\"inLanguage\":\"en-US\"},{\"@type\":\"Organization\",\"@id\":\"https:\\\/\\\/staging.elkaminante.com.uy\\\/#organization\",\"name\":\"El Kaminante\",\"url\":\"https:\\\/\\\/staging.elkaminante.com.uy\\\/\",\"logo\":{\"@type\":\"ImageObject\",\"inLanguage\":\"en-US\",\"@id\":\"https:\\\/\\\/staging.elkaminante.com.uy\\\/#\\\/schema\\\/logo\\\/image\\\/\",\"url\":\"https:\\\/\\\/staging.elkaminante.com.uy\\\/wp-content\\\/uploads\\\/2025\\\/02\\\/logo-elkaminante-blanco.svg\",\"contentUrl\":\"https:\\\/\\\/staging.elkaminante.com.uy\\\/wp-content\\\/uploads\\\/2025\\\/02\\\/logo-elkaminante-blanco.svg\",\"caption\":\"El Kaminante\"},\"image\":{\"@id\":\"https:\\\/\\\/staging.elkaminante.com.uy\\\/#\\\/schema\\\/logo\\\/image\\\/\"}}]}<\/script>\n<!-- \/ Yoast SEO plugin. -->","yoast_head_json":{"title":"Jericoacoara y Fortaleza - El Kaminante","robots":{"index":"noindex","follow":"follow","max-snippet":"max-snippet:-1","max-image-preview":"max-image-preview:large","max-video-preview":"max-video-preview:-1"},"og_locale":"en_US","og_type":"article","og_title":"Jericoacoara y Fortaleza - El Kaminante","og_description":"Fortaleza es la capital del Estado de Cear\u00e1, uno de los estados m\u00e1s peque\u00f1os de Brasil. Es la cuarta ciudad con m\u00e1s extensi\u00f3n de Brasil y en los \u00faltimos a\u00f1os ha sufrido una gran subida de turismo que asegura a todo aquel que tenga pensado ir, una gran infraestructura y servicios. Ofrece gran variedad de actividades y para los amantes de la danza, la m\u00fasica y otras artes hay gran variedad de espect\u00e1culos, como el de la danza Tor\u00e9m practicada por ind\u00edgenas propios de la zona. Posee la tercera catedral m\u00e1s grande de Brasil, sin lugar a dudas uno de los monumentos que uno no puede perderse en su visita. Tambi\u00e9n el comercio y el ocio ocupan un papel fundamental el la ciudad, adem\u00e1s de sus inigualables playas de aguas limpias y c\u00e1lidas y de arenas principalmente finas, donde cabe destacar: la playa Jericoacoara y la playa Canoa Quebrada.","og_url":"https:\/\/staging.elkaminante.com.uy\/paquetes\/jericoacoara-y-fortaleza\/","og_site_name":"El Kaminante","article_modified_time":"2026-05-15T17:48:06+00:00","og_image":[{"width":800,"height":457,"url":"https:\/\/staging.elkaminante.com.uy\/wp-content\/uploads\/2025\/06\/PAQ331.webp","type":"image\/webp"}],"twitter_card":"summary_large_image","schema":{"@context":"https:\/\/schema.org","@graph":[{"@type":"WebPage","@id":"https:\/\/staging.elkaminante.com.uy\/paquetes\/jericoacoara-y-fortaleza\/","url":"https:\/\/staging.elkaminante.com.uy\/paquetes\/jericoacoara-y-fortaleza\/","name":"Jericoacoara y Fortaleza - El Kaminante","isPartOf":{"@id":"https:\/\/staging.elkaminante.com.uy\/#website"},"primaryImageOfPage":{"@id":"https:\/\/staging.elkaminante.com.uy\/paquetes\/jericoacoara-y-fortaleza\/#primaryimage"},"image":{"@id":"https:\/\/staging.elkaminante.com.uy\/paquetes\/jericoacoara-y-fortaleza\/#primaryimage"},"thumbnailUrl":"https:\/\/staging.elkaminante.com.uy\/wp-content\/uploads\/2025\/06\/PAQ331.webp","datePublished":"2025-06-16T23:11:40+00:00","dateModified":"2026-05-15T17:48:06+00:00","breadcrumb":{"@id":"https:\/\/staging.elkaminante.com.uy\/paquetes\/jericoacoara-y-fortaleza\/#breadcrumb"},"inLanguage":"en-US","potentialAction":[{"@type":"ReadAction","target":["https:\/\/staging.elkaminante.com.uy\/paquetes\/jericoacoara-y-fortaleza\/"]}]},{"@type":"ImageObject","inLanguage":"en-US","@id":"https:\/\/staging.elkaminante.com.uy\/paquetes\/jericoacoara-y-fortaleza\/#primaryimage","url":"https:\/\/staging.elkaminante.com.uy\/wp-content\/uploads\/2025\/06\/PAQ331.webp","contentUrl":"https:\/\/staging.elkaminante.com.uy\/wp-content\/uploads\/2025\/06\/PAQ331.webp","width":800,"height":457},{"@type":"BreadcrumbList","@id":"https:\/\/staging.elkaminante.com.uy\/paquetes\/jericoacoara-y-fortaleza\/#breadcrumb","itemListElement":[{"@type":"ListItem","position":1,"name":"Inicio","item":"https:\/\/staging.elkaminante.com.uy\/en\/"},{"@type":"ListItem","position":2,"name":"Viajes por el mundo","item":"https:\/\/staging.elkaminante.com.uy\/en\/paquetes\/"},{"@type":"ListItem","position":3,"name":"Jericoacoara y Fortaleza"}]},{"@type":"WebSite","@id":"https:\/\/staging.elkaminante.com.uy\/#website","url":"https:\/\/staging.elkaminante.com.uy\/","name":"El Kaminante","description":"Viajes &amp; Turismo","publisher":{"@id":"https:\/\/staging.elkaminante.com.uy\/#organization"},"potentialAction":[{"@type":"SearchAction","target":{"@type":"EntryPoint","urlTemplate":"https:\/\/staging.elkaminante.com.uy\/?s={search_term_string}"},"query-input":{"@type":"PropertyValueSpecification","valueRequired":true,"valueName":"search_term_string"}}],"inLanguage":"en-US"},{"@type":"Organization","@id":"https:\/\/staging.elkaminante.com.uy\/#organization","name":"El Kaminante","url":"https:\/\/staging.elkaminante.com.uy\/","logo":{"@type":"ImageObject","inLanguage":"en-US","@id":"https:\/\/staging.elkaminante.com.uy\/#\/schema\/logo\/image\/","url":"https:\/\/staging.elkaminante.com.uy\/wp-content\/uploads\/2025\/02\/logo-elkaminante-blanco.svg","contentUrl":"https:\/\/staging.elkaminante.com.uy\/wp-content\/uploads\/2025\/02\/logo-elkaminante-blanco.svg","caption":"El Kaminante"},"image":{"@id":"https:\/\/staging.elkaminante.com.uy\/#\/schema\/logo\/image\/"}}]}},"_links":{"self":[{"href":"https:\/\/staging.elkaminante.com.uy\/en\/wp-json\/wp\/v2\/product\/10670","targetHints":{"allow":["GET"]}}],"collection":[{"href":"https:\/\/staging.elkaminante.com.uy\/en\/wp-json\/wp\/v2\/product"}],"about":[{"href":"https:\/\/staging.elkaminante.com.uy\/en\/wp-json\/wp\/v2\/types\/product"}],"wp:featuredmedia":[{"embeddable":true,"href":"https:\/\/staging.elkaminante.com.uy\/en\/wp-json\/wp\/v2\/media\/10668"}],"wp:attachment":[{"href":"https:\/\/staging.elkaminante.com.uy\/en\/wp-json\/wp\/v2\/media?parent=10670"}],"wp:term":[{"taxonomy":"product_brand","embeddable":true,"href":"https:\/\/staging.elkaminante.com.uy\/en\/wp-json\/wp\/v2\/product_brand?post=10670"},{"taxonomy":"product_cat","embeddable":true,"href":"https:\/\/staging.elkaminante.com.uy\/en\/wp-json\/wp\/v2\/product_cat?post=10670"},{"taxonomy":"product_tag","embeddable":true,"href":"https:\/\/staging.elkaminante.com.uy\/en\/wp-json\/wp\/v2\/product_tag?post=10670"}],"curies":[{"name":"wp","href":"https:\/\/api.w.org\/{rel}","templated":true}]}}