{"id":10576,"date":"2025-06-16T20:10:45","date_gmt":"2025-06-16T23:10:45","guid":{"rendered":"https:\/\/elkaminante.com.uy\/paquetes\/fernando-de-noronha\/"},"modified":"2026-05-15T14:48:05","modified_gmt":"2026-05-15T17:48:05","slug":"fernando-de-noronha","status":"publish","type":"product","link":"https:\/\/staging.elkaminante.com.uy\/en\/paquetes\/fernando-de-noronha\/","title":{"rendered":"Fernando de Noronha"},"content":{"rendered":"","protected":false},"excerpt":{"rendered":"<p>La isla <b>Fernando de Noronha<\/b> es uno de los mejores lugares del mundo para disfrutar de la naturaleza. ste archipi\u00e9lago, conocido como la esmeralda del atl\u00e1ntico por sus aguas cristalinas, se encuentra a poco m\u00e1s de 300 kil\u00f3metros de la ciudad de Natal. destaca por su belleza, la calidad de sus aguas y su arena. Gran parte del territorio ha sido declarado como Parque Natural Marinho y est\u00e1 considerado como el mejor ejemplo de desarrollo sostenible de Brasil. <i>Cuidado del medio ambiente:<\/i>El archipi\u00e9lago s\u00f3lo permite el acceso de 600 personas al mismo tiempo (incluye a los turistas) y la construcci\u00f3n de grandes complejos hoteleros est\u00e1 prohibida, por lo que el \u00fanico medio de hospedaje es a trav\u00e9s de peque\u00f1as posadas. Esto lo hace un destino especial y atractivo para quienes quieran disfrutar de un cuidado ambiente natural y v\u00edrgen.<\/p>\n","protected":false},"featured_media":10574,"template":"","meta":{"_acf_changed":false,"inline_featured_image":false},"product_brand":[],"product_cat":[28,1579],"product_tag":[96,88,35,950,630,64,2054,2264,1687,944,945,65,122,4176,91,90,946,61,89,3282,93,92,947,119],"class_list":{"0":"post-10576","1":"product","2":"type-product","3":"status-publish","4":"has-post-thumbnail","6":"product_cat-paquetes","7":"product_cat-uruguay","8":"product_tag-alarma-precios-bajos","9":"product_tag-america-del-sur","10":"product_tag-brasil","11":"product_tag-brasil-en-fernando-de-noronha","12":"product_tag-brasil-en-noviembre","13":"product_tag-desayuno","14":"product_tag-en-brasil","15":"product_tag-en-fernando-de-noronha","16":"product_tag-en-noviembre","17":"product_tag-fernando-de-noronha","18":"product_tag-fernando-noronha","19":"product_tag-no-aplica","20":"product_tag-noviembre","21":"product_tag-noviembre-2026alarma-precios-bajos","22":"product_tag-paquetes-a-america-del-sur","23":"product_tag-paquetes-a-brasil","24":"product_tag-paquetes-a-fernando-de-noronha","25":"product_tag-sin-destino","26":"product_tag-sudamerica","27":"product_tag-temporada-baja","28":"product_tag-viajes-a-america-del-sur","29":"product_tag-viajes-a-brasil","30":"product_tag-viajes-a-fernando-de-noronha","31":"product_tag-vuelo-y-hotel","32":"entry","33":"has-media","35":"first","36":"instock","37":"shipping-taxable","38":"purchasable","39":"product-type-simple"},"acf":[],"yoast_head":"<!-- This site is optimized with the Yoast SEO plugin v27.6 - https:\/\/yoast.com\/product\/yoast-seo-wordpress\/ -->\n<title>Fernando de Noronha - El Kaminante<\/title>\n<meta name=\"robots\" content=\"noindex, follow, max-snippet:-1, max-image-preview:large, max-video-preview:-1\" \/>\n<meta property=\"og:locale\" content=\"en_US\" \/>\n<meta property=\"og:type\" content=\"article\" \/>\n<meta property=\"og:title\" content=\"Fernando de Noronha - El Kaminante\" \/>\n<meta property=\"og:description\" content=\"La isla Fernando de Noronha es uno de los mejores lugares del mundo para disfrutar de la naturaleza. ste archipi\u00e9lago, conocido como la esmeralda del atl\u00e1ntico por sus aguas cristalinas, se encuentra a poco m\u00e1s de 300 kil\u00f3metros de la ciudad de Natal. destaca por su belleza, la calidad de sus aguas y su arena. Gran parte del territorio ha sido declarado como Parque Natural Marinho y est\u00e1 considerado como el mejor ejemplo de desarrollo sostenible de Brasil. Cuidado del medio ambiente:El archipi\u00e9lago s\u00f3lo permite el acceso de 600 personas al mismo tiempo (incluye a los turistas) y la construcci\u00f3n de grandes complejos hoteleros est\u00e1 prohibida, por lo que el \u00fanico medio de hospedaje es a trav\u00e9s de peque\u00f1as posadas. Esto lo hace un destino especial y atractivo para quienes quieran disfrutar de un cuidado ambiente natural y v\u00edrgen.\" \/>\n<meta property=\"og:url\" content=\"https:\/\/staging.elkaminante.com.uy\/paquetes\/fernando-de-noronha\/\" \/>\n<meta property=\"og:site_name\" content=\"El Kaminante\" \/>\n<meta property=\"article:modified_time\" content=\"2026-05-15T17:48:05+00:00\" \/>\n<meta property=\"og:image\" content=\"https:\/\/staging.elkaminante.com.uy\/wp-content\/uploads\/2025\/06\/PAQ315.webp\" \/>\n\t<meta property=\"og:image:width\" content=\"800\" \/>\n\t<meta property=\"og:image:height\" content=\"457\" \/>\n\t<meta property=\"og:image:type\" content=\"image\/webp\" \/>\n<meta name=\"twitter:card\" content=\"summary_large_image\" \/>\n<script type=\"application\/ld+json\" class=\"yoast-schema-graph\">{\"@context\":\"https:\\\/\\\/schema.org\",\"@graph\":[{\"@type\":\"WebPage\",\"@id\":\"https:\\\/\\\/staging.elkaminante.com.uy\\\/paquetes\\\/fernando-de-noronha\\\/\",\"url\":\"https:\\\/\\\/staging.elkaminante.com.uy\\\/paquetes\\\/fernando-de-noronha\\\/\",\"name\":\"Fernando de Noronha - El Kaminante\",\"isPartOf\":{\"@id\":\"https:\\\/\\\/staging.elkaminante.com.uy\\\/#website\"},\"primaryImageOfPage\":{\"@id\":\"https:\\\/\\\/staging.elkaminante.com.uy\\\/paquetes\\\/fernando-de-noronha\\\/#primaryimage\"},\"image\":{\"@id\":\"https:\\\/\\\/staging.elkaminante.com.uy\\\/paquetes\\\/fernando-de-noronha\\\/#primaryimage\"},\"thumbnailUrl\":\"https:\\\/\\\/staging.elkaminante.com.uy\\\/wp-content\\\/uploads\\\/2025\\\/06\\\/PAQ315.webp\",\"datePublished\":\"2025-06-16T23:10:45+00:00\",\"dateModified\":\"2026-05-15T17:48:05+00:00\",\"breadcrumb\":{\"@id\":\"https:\\\/\\\/staging.elkaminante.com.uy\\\/paquetes\\\/fernando-de-noronha\\\/#breadcrumb\"},\"inLanguage\":\"en-US\",\"potentialAction\":[{\"@type\":\"ReadAction\",\"target\":[\"https:\\\/\\\/staging.elkaminante.com.uy\\\/paquetes\\\/fernando-de-noronha\\\/\"]}]},{\"@type\":\"ImageObject\",\"inLanguage\":\"en-US\",\"@id\":\"https:\\\/\\\/staging.elkaminante.com.uy\\\/paquetes\\\/fernando-de-noronha\\\/#primaryimage\",\"url\":\"https:\\\/\\\/staging.elkaminante.com.uy\\\/wp-content\\\/uploads\\\/2025\\\/06\\\/PAQ315.webp\",\"contentUrl\":\"https:\\\/\\\/staging.elkaminante.com.uy\\\/wp-content\\\/uploads\\\/2025\\\/06\\\/PAQ315.webp\",\"width\":800,\"height\":457},{\"@type\":\"BreadcrumbList\",\"@id\":\"https:\\\/\\\/staging.elkaminante.com.uy\\\/paquetes\\\/fernando-de-noronha\\\/#breadcrumb\",\"itemListElement\":[{\"@type\":\"ListItem\",\"position\":1,\"name\":\"Inicio\",\"item\":\"https:\\\/\\\/staging.elkaminante.com.uy\\\/en\\\/\"},{\"@type\":\"ListItem\",\"position\":2,\"name\":\"Viajes por el mundo\",\"item\":\"https:\\\/\\\/staging.elkaminante.com.uy\\\/en\\\/paquetes\\\/\"},{\"@type\":\"ListItem\",\"position\":3,\"name\":\"Fernando de Noronha\"}]},{\"@type\":\"WebSite\",\"@id\":\"https:\\\/\\\/staging.elkaminante.com.uy\\\/#website\",\"url\":\"https:\\\/\\\/staging.elkaminante.com.uy\\\/\",\"name\":\"El Kaminante\",\"description\":\"Viajes &amp; Turismo\",\"publisher\":{\"@id\":\"https:\\\/\\\/staging.elkaminante.com.uy\\\/#organization\"},\"potentialAction\":[{\"@type\":\"SearchAction\",\"target\":{\"@type\":\"EntryPoint\",\"urlTemplate\":\"https:\\\/\\\/staging.elkaminante.com.uy\\\/?s={search_term_string}\"},\"query-input\":{\"@type\":\"PropertyValueSpecification\",\"valueRequired\":true,\"valueName\":\"search_term_string\"}}],\"inLanguage\":\"en-US\"},{\"@type\":\"Organization\",\"@id\":\"https:\\\/\\\/staging.elkaminante.com.uy\\\/#organization\",\"name\":\"El Kaminante\",\"url\":\"https:\\\/\\\/staging.elkaminante.com.uy\\\/\",\"logo\":{\"@type\":\"ImageObject\",\"inLanguage\":\"en-US\",\"@id\":\"https:\\\/\\\/staging.elkaminante.com.uy\\\/#\\\/schema\\\/logo\\\/image\\\/\",\"url\":\"https:\\\/\\\/staging.elkaminante.com.uy\\\/wp-content\\\/uploads\\\/2025\\\/02\\\/logo-elkaminante-blanco.svg\",\"contentUrl\":\"https:\\\/\\\/staging.elkaminante.com.uy\\\/wp-content\\\/uploads\\\/2025\\\/02\\\/logo-elkaminante-blanco.svg\",\"caption\":\"El Kaminante\"},\"image\":{\"@id\":\"https:\\\/\\\/staging.elkaminante.com.uy\\\/#\\\/schema\\\/logo\\\/image\\\/\"}}]}<\/script>\n<!-- \/ Yoast SEO plugin. -->","yoast_head_json":{"title":"Fernando de Noronha - El Kaminante","robots":{"index":"noindex","follow":"follow","max-snippet":"max-snippet:-1","max-image-preview":"max-image-preview:large","max-video-preview":"max-video-preview:-1"},"og_locale":"en_US","og_type":"article","og_title":"Fernando de Noronha - El Kaminante","og_description":"La isla Fernando de Noronha es uno de los mejores lugares del mundo para disfrutar de la naturaleza. ste archipi\u00e9lago, conocido como la esmeralda del atl\u00e1ntico por sus aguas cristalinas, se encuentra a poco m\u00e1s de 300 kil\u00f3metros de la ciudad de Natal. destaca por su belleza, la calidad de sus aguas y su arena. Gran parte del territorio ha sido declarado como Parque Natural Marinho y est\u00e1 considerado como el mejor ejemplo de desarrollo sostenible de Brasil. Cuidado del medio ambiente:El archipi\u00e9lago s\u00f3lo permite el acceso de 600 personas al mismo tiempo (incluye a los turistas) y la construcci\u00f3n de grandes complejos hoteleros est\u00e1 prohibida, por lo que el \u00fanico medio de hospedaje es a trav\u00e9s de peque\u00f1as posadas. Esto lo hace un destino especial y atractivo para quienes quieran disfrutar de un cuidado ambiente natural y v\u00edrgen.","og_url":"https:\/\/staging.elkaminante.com.uy\/paquetes\/fernando-de-noronha\/","og_site_name":"El Kaminante","article_modified_time":"2026-05-15T17:48:05+00:00","og_image":[{"width":800,"height":457,"url":"https:\/\/staging.elkaminante.com.uy\/wp-content\/uploads\/2025\/06\/PAQ315.webp","type":"image\/webp"}],"twitter_card":"summary_large_image","schema":{"@context":"https:\/\/schema.org","@graph":[{"@type":"WebPage","@id":"https:\/\/staging.elkaminante.com.uy\/paquetes\/fernando-de-noronha\/","url":"https:\/\/staging.elkaminante.com.uy\/paquetes\/fernando-de-noronha\/","name":"Fernando de Noronha - El Kaminante","isPartOf":{"@id":"https:\/\/staging.elkaminante.com.uy\/#website"},"primaryImageOfPage":{"@id":"https:\/\/staging.elkaminante.com.uy\/paquetes\/fernando-de-noronha\/#primaryimage"},"image":{"@id":"https:\/\/staging.elkaminante.com.uy\/paquetes\/fernando-de-noronha\/#primaryimage"},"thumbnailUrl":"https:\/\/staging.elkaminante.com.uy\/wp-content\/uploads\/2025\/06\/PAQ315.webp","datePublished":"2025-06-16T23:10:45+00:00","dateModified":"2026-05-15T17:48:05+00:00","breadcrumb":{"@id":"https:\/\/staging.elkaminante.com.uy\/paquetes\/fernando-de-noronha\/#breadcrumb"},"inLanguage":"en-US","potentialAction":[{"@type":"ReadAction","target":["https:\/\/staging.elkaminante.com.uy\/paquetes\/fernando-de-noronha\/"]}]},{"@type":"ImageObject","inLanguage":"en-US","@id":"https:\/\/staging.elkaminante.com.uy\/paquetes\/fernando-de-noronha\/#primaryimage","url":"https:\/\/staging.elkaminante.com.uy\/wp-content\/uploads\/2025\/06\/PAQ315.webp","contentUrl":"https:\/\/staging.elkaminante.com.uy\/wp-content\/uploads\/2025\/06\/PAQ315.webp","width":800,"height":457},{"@type":"BreadcrumbList","@id":"https:\/\/staging.elkaminante.com.uy\/paquetes\/fernando-de-noronha\/#breadcrumb","itemListElement":[{"@type":"ListItem","position":1,"name":"Inicio","item":"https:\/\/staging.elkaminante.com.uy\/en\/"},{"@type":"ListItem","position":2,"name":"Viajes por el mundo","item":"https:\/\/staging.elkaminante.com.uy\/en\/paquetes\/"},{"@type":"ListItem","position":3,"name":"Fernando de Noronha"}]},{"@type":"WebSite","@id":"https:\/\/staging.elkaminante.com.uy\/#website","url":"https:\/\/staging.elkaminante.com.uy\/","name":"El Kaminante","description":"Viajes &amp; Turismo","publisher":{"@id":"https:\/\/staging.elkaminante.com.uy\/#organization"},"potentialAction":[{"@type":"SearchAction","target":{"@type":"EntryPoint","urlTemplate":"https:\/\/staging.elkaminante.com.uy\/?s={search_term_string}"},"query-input":{"@type":"PropertyValueSpecification","valueRequired":true,"valueName":"search_term_string"}}],"inLanguage":"en-US"},{"@type":"Organization","@id":"https:\/\/staging.elkaminante.com.uy\/#organization","name":"El Kaminante","url":"https:\/\/staging.elkaminante.com.uy\/","logo":{"@type":"ImageObject","inLanguage":"en-US","@id":"https:\/\/staging.elkaminante.com.uy\/#\/schema\/logo\/image\/","url":"https:\/\/staging.elkaminante.com.uy\/wp-content\/uploads\/2025\/02\/logo-elkaminante-blanco.svg","contentUrl":"https:\/\/staging.elkaminante.com.uy\/wp-content\/uploads\/2025\/02\/logo-elkaminante-blanco.svg","caption":"El Kaminante"},"image":{"@id":"https:\/\/staging.elkaminante.com.uy\/#\/schema\/logo\/image\/"}}]}},"_links":{"self":[{"href":"https:\/\/staging.elkaminante.com.uy\/en\/wp-json\/wp\/v2\/product\/10576","targetHints":{"allow":["GET"]}}],"collection":[{"href":"https:\/\/staging.elkaminante.com.uy\/en\/wp-json\/wp\/v2\/product"}],"about":[{"href":"https:\/\/staging.elkaminante.com.uy\/en\/wp-json\/wp\/v2\/types\/product"}],"wp:featuredmedia":[{"embeddable":true,"href":"https:\/\/staging.elkaminante.com.uy\/en\/wp-json\/wp\/v2\/media\/10574"}],"wp:attachment":[{"href":"https:\/\/staging.elkaminante.com.uy\/en\/wp-json\/wp\/v2\/media?parent=10576"}],"wp:term":[{"taxonomy":"product_brand","embeddable":true,"href":"https:\/\/staging.elkaminante.com.uy\/en\/wp-json\/wp\/v2\/product_brand?post=10576"},{"taxonomy":"product_cat","embeddable":true,"href":"https:\/\/staging.elkaminante.com.uy\/en\/wp-json\/wp\/v2\/product_cat?post=10576"},{"taxonomy":"product_tag","embeddable":true,"href":"https:\/\/staging.elkaminante.com.uy\/en\/wp-json\/wp\/v2\/product_tag?post=10576"}],"curies":[{"name":"wp","href":"https:\/\/api.w.org\/{rel}","templated":true}]}}