{"id":10539,"date":"2025-06-16T20:10:23","date_gmt":"2025-06-16T23:10:23","guid":{"rendered":"https:\/\/elkaminante.com.uy\/paquetes\/madrid-lisboa-y-oporto-circuito\/"},"modified":"2026-05-15T14:48:05","modified_gmt":"2026-05-15T17:48:05","slug":"madrid-lisboa-y-oporto-circuito","status":"publish","type":"product","link":"https:\/\/staging.elkaminante.com.uy\/en\/paquetes\/madrid-lisboa-y-oporto-circuito\/","title":{"rendered":"Madrid, Lisboa y Oporto \/ Circuito"},"content":{"rendered":"","protected":false},"excerpt":{"rendered":"<p><b>Madrid<\/b>, Espa\u00f1a, es algo m\u00e1s que la capital del pa\u00eds. Es una de las ciudades tur\u00edsticas m\u00e1s importantes de la Pen\u00ednsula Ib\u00e9rica. En esta ciudad podr\u00e1 admirar los monumentos que se construyeron en los siglos XVI y XVII y XVIII y hacen de Madrid una de las ciudades m\u00e1s interesantes y bellas de Europa. Turismo en este centro hist\u00f3rico es pasear por callejuelas estrechas que destilan el aroma del siglo XVI, cuando \u201cen Espa\u00f1a nunca se pon\u00eda el sol&#8221;, disfrutar de su gente, sus barrios, su gastronom\u00eda y dejarse enamorar por esta cosmopolita y gran ciudad. <i>Principales atractivos tur\u00edsticos:<\/i>la Plaza Mayor, el Mercado de San Miguel, la Puerta del Sol, la calle Preciados, el Palacio Real, la Plaza de Oriente, la Catedral de la Almudena, la Plaza de Espa\u00f1a, el Templo de Debod, la Castellana, la Gran V\u00eda, Callao, La Cibeles, el Banco de Espa\u00f1a, la Puerta de Alcal\u00e1, el Parque del Retiro, el Museo del Prado y el Museo Reina Sof\u00eda, entre otros.<\/p>\n<p><b>Portugal<\/b> pertenece a la Uni\u00f3n Europea y tiene como capital a la ciudad de Lisboa, la cual es, tambi\u00e9n la m\u00e1s poblada, incluyendo tambi\u00e9n dentro de su territorio a los archipi\u00e9lagos aut\u00f3nomos de las Azores y de Madeira, que se ubican en el hemisferio norte del oc\u00e9ano Atl\u00e1ntico. La gastronom\u00eda de Portugal es principalmente mediterr\u00e1nea con influencias \u00e1rabes, espa\u00f1olas y brasile\u00f1as que presentan ingredientes como el pan, aceites, especias, quesos y dem\u00e1s carnes, destacando tambi\u00e9n su tradici\u00f3n vin\u00edcola. Portugal es un pa\u00eds muy religioso, por lo que se celebran todas las festividades mundiales para el catolicismo, adem\u00e1s de sus particulares fiestas religiosas como el Carnaval, la Fiesta de la Flor en Madeiras y la Fiesta del Esp\u00edritu Santo en las Azores. <i>Principales ciudades:<\/i>Lisboa (capital), Oporto, Aveiro, Braga, Co\u00edmbra, Guimar\u00e3es, \u00c9vora y Faro, entre otras.<\/p>\n<p>Ubicada a orillas de la desembocadura del Tajo, <b>Lisboa<\/b> es la capital de Portugal y cuenta con una poblaci\u00f3n de m\u00e1s de 2.000.000 de habitantes. Est\u00e1 edificada sobre 7 colinas y existen distribuidos por toda la ciudad m\u00e1s de 20 miradores que se conectan mediante funiculares. Contando con gran cantidad de museos, bibliotecas, un inmenso puerto, iglesias y palacios, la ciudad de Lisboa sorprende con su belleza natural, atrayendo cada a\u00f1o a mayor cantidad de turistas.  <i>Principales atractivos tur\u00edsticos:<\/i>la Fundaci\u00f3n Calouste Gulbenkian, el Museo Nacional de Arte Antiguo, el Monumento a los Descubrimientos, la Torre de Bel\u00e9m, la Iglesia de San Vicente de Fora, el Parque de las Naciones, el Palacio de Sao Bento y el acueducto, entre otros.<\/p>\n","protected":false},"featured_media":10537,"template":"","meta":{"_acf_changed":false,"inline_featured_image":false},"product_brand":[],"product_cat":[28,1579],"product_tag":[64,2059,2058,2074,123,137,1189,124,1680,2589,2590,926,2756,3452,117,2746,65,2755,125,126,4595,129,586,585,667,666,3816,2541,2542,665,2543,1583,127,128,4596,130,587,63],"class_list":{"0":"post-10539","1":"product","2":"type-product","3":"status-publish","4":"has-post-thumbnail","6":"product_cat-paquetes","7":"product_cat-uruguay","8":"product_tag-desayuno","9":"product_tag-en-espana","10":"product_tag-en-madrid","11":"product_tag-en-setiembre","12":"product_tag-espana","13":"product_tag-espana-en-madrid","14":"product_tag-espana-en-setiembre","15":"product_tag-europa","16":"product_tag-europamundo","17":"product_tag-evora","18":"product_tag-fatima","19":"product_tag-lisboa","20":"product_tag-lisboa-y-oporto","21":"product_tag-lisboa-y-oporto-circuito","22":"product_tag-madrid","23":"product_tag-merida","24":"product_tag-no-aplica","25":"product_tag-oporto","26":"product_tag-paquetes-a-espana","27":"product_tag-paquetes-a-europa","28":"product_tag-paquetes-a-lisboa","29":"product_tag-paquetes-a-madrid","30":"product_tag-paquetes-a-portugal","31":"product_tag-portugal","32":"product_tag-septiembre","33":"product_tag-setiembre","34":"product_tag-setiembre-2026europamundo","35":"product_tag-vacaciones-de-primavera","36":"product_tag-vacaciones-de-septiembre","37":"product_tag-vacaciones-de-setiembre","38":"product_tag-vacaciones-primavera","39":"product_tag-viaje-familiar","40":"product_tag-viajes-a-espana","41":"product_tag-viajes-a-europa","42":"product_tag-viajes-a-lisboa","43":"product_tag-viajes-a-madrid","44":"product_tag-viajes-a-portugal","45":"product_tag-vuelo-y-circuito","46":"entry","47":"has-media","49":"first","50":"instock","51":"shipping-taxable","52":"purchasable","53":"product-type-simple"},"acf":[],"yoast_head":"<!-- This site is optimized with the Yoast SEO plugin v27.6 - https:\/\/yoast.com\/product\/yoast-seo-wordpress\/ -->\n<title>Madrid, Lisboa y Oporto \/ Circuito - El Kaminante<\/title>\n<meta name=\"robots\" content=\"noindex, follow, max-snippet:-1, max-image-preview:large, max-video-preview:-1\" \/>\n<meta property=\"og:locale\" content=\"en_US\" \/>\n<meta property=\"og:type\" content=\"article\" \/>\n<meta property=\"og:title\" content=\"Madrid, Lisboa y Oporto \/ Circuito - El Kaminante\" \/>\n<meta property=\"og:description\" content=\"Madrid, Espa\u00f1a, es algo m\u00e1s que la capital del pa\u00eds. Es una de las ciudades tur\u00edsticas m\u00e1s importantes de la Pen\u00ednsula Ib\u00e9rica. En esta ciudad podr\u00e1 admirar los monumentos que se construyeron en los siglos XVI y XVII y XVIII y hacen de Madrid una de las ciudades m\u00e1s interesantes y bellas de Europa. Turismo en este centro hist\u00f3rico es pasear por callejuelas estrechas que destilan el aroma del siglo XVI, cuando \u201cen Espa\u00f1a nunca se pon\u00eda el sol&quot;, disfrutar de su gente, sus barrios, su gastronom\u00eda y dejarse enamorar por esta cosmopolita y gran ciudad. Principales atractivos tur\u00edsticos:la Plaza Mayor, el Mercado de San Miguel, la Puerta del Sol, la calle Preciados, el Palacio Real, la Plaza de Oriente, la Catedral de la Almudena, la Plaza de Espa\u00f1a, el Templo de Debod, la Castellana, la Gran V\u00eda, Callao, La Cibeles, el Banco de Espa\u00f1a, la Puerta de Alcal\u00e1, el Parque del Retiro, el Museo del Prado y el Museo Reina Sof\u00eda, entre otros.Portugal pertenece a la Uni\u00f3n Europea y tiene como capital a la ciudad de Lisboa, la cual es, tambi\u00e9n la m\u00e1s poblada, incluyendo tambi\u00e9n dentro de su territorio a los archipi\u00e9lagos aut\u00f3nomos de las Azores y de Madeira, que se ubican en el hemisferio norte del oc\u00e9ano Atl\u00e1ntico. La gastronom\u00eda de Portugal es principalmente mediterr\u00e1nea con influencias \u00e1rabes, espa\u00f1olas y brasile\u00f1as que presentan ingredientes como el pan, aceites, especias, quesos y dem\u00e1s carnes, destacando tambi\u00e9n su tradici\u00f3n vin\u00edcola. Portugal es un pa\u00eds muy religioso, por lo que se celebran todas las festividades mundiales para el catolicismo, adem\u00e1s de sus particulares fiestas religiosas como el Carnaval, la Fiesta de la Flor en Madeiras y la Fiesta del Esp\u00edritu Santo en las Azores. Principales ciudades:Lisboa (capital), Oporto, Aveiro, Braga, Co\u00edmbra, Guimar\u00e3es, \u00c9vora y Faro, entre otras. Ubicada a orillas de la desembocadura del Tajo, Lisboa es la capital de Portugal y cuenta con una poblaci\u00f3n de m\u00e1s de 2.000.000 de habitantes. Est\u00e1 edificada sobre 7 colinas y existen distribuidos por toda la ciudad m\u00e1s de 20 miradores que se conectan mediante funiculares. Contando con gran cantidad de museos, bibliotecas, un inmenso puerto, iglesias y palacios, la ciudad de Lisboa sorprende con su belleza natural, atrayendo cada a\u00f1o a mayor cantidad de turistas. Principales atractivos tur\u00edsticos:la Fundaci\u00f3n Calouste Gulbenkian, el Museo Nacional de Arte Antiguo, el Monumento a los Descubrimientos, la Torre de Bel\u00e9m, la Iglesia de San Vicente de Fora, el Parque de las Naciones, el Palacio de Sao Bento y el acueducto, entre otros.\" \/>\n<meta property=\"og:url\" content=\"https:\/\/staging.elkaminante.com.uy\/paquetes\/madrid-lisboa-y-oporto-circuito\/\" \/>\n<meta property=\"og:site_name\" content=\"El Kaminante\" \/>\n<meta property=\"article:modified_time\" content=\"2026-05-15T17:48:05+00:00\" \/>\n<meta property=\"og:image\" content=\"https:\/\/staging.elkaminante.com.uy\/wp-content\/uploads\/2025\/06\/PAQ308.webp\" \/>\n\t<meta property=\"og:image:width\" content=\"800\" \/>\n\t<meta property=\"og:image:height\" content=\"457\" \/>\n\t<meta property=\"og:image:type\" content=\"image\/webp\" \/>\n<meta name=\"twitter:card\" content=\"summary_large_image\" \/>\n<script type=\"application\/ld+json\" class=\"yoast-schema-graph\">{\"@context\":\"https:\\\/\\\/schema.org\",\"@graph\":[{\"@type\":\"WebPage\",\"@id\":\"https:\\\/\\\/staging.elkaminante.com.uy\\\/paquetes\\\/madrid-lisboa-y-oporto-circuito\\\/\",\"url\":\"https:\\\/\\\/staging.elkaminante.com.uy\\\/paquetes\\\/madrid-lisboa-y-oporto-circuito\\\/\",\"name\":\"Madrid, Lisboa y Oporto \\\/ Circuito - El Kaminante\",\"isPartOf\":{\"@id\":\"https:\\\/\\\/staging.elkaminante.com.uy\\\/#website\"},\"primaryImageOfPage\":{\"@id\":\"https:\\\/\\\/staging.elkaminante.com.uy\\\/paquetes\\\/madrid-lisboa-y-oporto-circuito\\\/#primaryimage\"},\"image\":{\"@id\":\"https:\\\/\\\/staging.elkaminante.com.uy\\\/paquetes\\\/madrid-lisboa-y-oporto-circuito\\\/#primaryimage\"},\"thumbnailUrl\":\"https:\\\/\\\/staging.elkaminante.com.uy\\\/wp-content\\\/uploads\\\/2025\\\/06\\\/PAQ308.webp\",\"datePublished\":\"2025-06-16T23:10:23+00:00\",\"dateModified\":\"2026-05-15T17:48:05+00:00\",\"breadcrumb\":{\"@id\":\"https:\\\/\\\/staging.elkaminante.com.uy\\\/paquetes\\\/madrid-lisboa-y-oporto-circuito\\\/#breadcrumb\"},\"inLanguage\":\"en-US\",\"potentialAction\":[{\"@type\":\"ReadAction\",\"target\":[\"https:\\\/\\\/staging.elkaminante.com.uy\\\/paquetes\\\/madrid-lisboa-y-oporto-circuito\\\/\"]}]},{\"@type\":\"ImageObject\",\"inLanguage\":\"en-US\",\"@id\":\"https:\\\/\\\/staging.elkaminante.com.uy\\\/paquetes\\\/madrid-lisboa-y-oporto-circuito\\\/#primaryimage\",\"url\":\"https:\\\/\\\/staging.elkaminante.com.uy\\\/wp-content\\\/uploads\\\/2025\\\/06\\\/PAQ308.webp\",\"contentUrl\":\"https:\\\/\\\/staging.elkaminante.com.uy\\\/wp-content\\\/uploads\\\/2025\\\/06\\\/PAQ308.webp\",\"width\":800,\"height\":457},{\"@type\":\"BreadcrumbList\",\"@id\":\"https:\\\/\\\/staging.elkaminante.com.uy\\\/paquetes\\\/madrid-lisboa-y-oporto-circuito\\\/#breadcrumb\",\"itemListElement\":[{\"@type\":\"ListItem\",\"position\":1,\"name\":\"Inicio\",\"item\":\"https:\\\/\\\/staging.elkaminante.com.uy\\\/en\\\/\"},{\"@type\":\"ListItem\",\"position\":2,\"name\":\"Viajes por el mundo\",\"item\":\"https:\\\/\\\/staging.elkaminante.com.uy\\\/en\\\/paquetes\\\/\"},{\"@type\":\"ListItem\",\"position\":3,\"name\":\"Madrid, Lisboa y Oporto \\\/ Circuito\"}]},{\"@type\":\"WebSite\",\"@id\":\"https:\\\/\\\/staging.elkaminante.com.uy\\\/#website\",\"url\":\"https:\\\/\\\/staging.elkaminante.com.uy\\\/\",\"name\":\"El Kaminante\",\"description\":\"Viajes &amp; Turismo\",\"publisher\":{\"@id\":\"https:\\\/\\\/staging.elkaminante.com.uy\\\/#organization\"},\"potentialAction\":[{\"@type\":\"SearchAction\",\"target\":{\"@type\":\"EntryPoint\",\"urlTemplate\":\"https:\\\/\\\/staging.elkaminante.com.uy\\\/?s={search_term_string}\"},\"query-input\":{\"@type\":\"PropertyValueSpecification\",\"valueRequired\":true,\"valueName\":\"search_term_string\"}}],\"inLanguage\":\"en-US\"},{\"@type\":\"Organization\",\"@id\":\"https:\\\/\\\/staging.elkaminante.com.uy\\\/#organization\",\"name\":\"El Kaminante\",\"url\":\"https:\\\/\\\/staging.elkaminante.com.uy\\\/\",\"logo\":{\"@type\":\"ImageObject\",\"inLanguage\":\"en-US\",\"@id\":\"https:\\\/\\\/staging.elkaminante.com.uy\\\/#\\\/schema\\\/logo\\\/image\\\/\",\"url\":\"https:\\\/\\\/staging.elkaminante.com.uy\\\/wp-content\\\/uploads\\\/2025\\\/02\\\/logo-elkaminante-blanco.svg\",\"contentUrl\":\"https:\\\/\\\/staging.elkaminante.com.uy\\\/wp-content\\\/uploads\\\/2025\\\/02\\\/logo-elkaminante-blanco.svg\",\"caption\":\"El Kaminante\"},\"image\":{\"@id\":\"https:\\\/\\\/staging.elkaminante.com.uy\\\/#\\\/schema\\\/logo\\\/image\\\/\"}}]}<\/script>\n<!-- \/ Yoast SEO plugin. -->","yoast_head_json":{"title":"Madrid, Lisboa y Oporto \/ Circuito - El Kaminante","robots":{"index":"noindex","follow":"follow","max-snippet":"max-snippet:-1","max-image-preview":"max-image-preview:large","max-video-preview":"max-video-preview:-1"},"og_locale":"en_US","og_type":"article","og_title":"Madrid, Lisboa y Oporto \/ Circuito - El Kaminante","og_description":"Madrid, Espa\u00f1a, es algo m\u00e1s que la capital del pa\u00eds. Es una de las ciudades tur\u00edsticas m\u00e1s importantes de la Pen\u00ednsula Ib\u00e9rica. En esta ciudad podr\u00e1 admirar los monumentos que se construyeron en los siglos XVI y XVII y XVIII y hacen de Madrid una de las ciudades m\u00e1s interesantes y bellas de Europa. Turismo en este centro hist\u00f3rico es pasear por callejuelas estrechas que destilan el aroma del siglo XVI, cuando \u201cen Espa\u00f1a nunca se pon\u00eda el sol\", disfrutar de su gente, sus barrios, su gastronom\u00eda y dejarse enamorar por esta cosmopolita y gran ciudad. Principales atractivos tur\u00edsticos:la Plaza Mayor, el Mercado de San Miguel, la Puerta del Sol, la calle Preciados, el Palacio Real, la Plaza de Oriente, la Catedral de la Almudena, la Plaza de Espa\u00f1a, el Templo de Debod, la Castellana, la Gran V\u00eda, Callao, La Cibeles, el Banco de Espa\u00f1a, la Puerta de Alcal\u00e1, el Parque del Retiro, el Museo del Prado y el Museo Reina Sof\u00eda, entre otros.Portugal pertenece a la Uni\u00f3n Europea y tiene como capital a la ciudad de Lisboa, la cual es, tambi\u00e9n la m\u00e1s poblada, incluyendo tambi\u00e9n dentro de su territorio a los archipi\u00e9lagos aut\u00f3nomos de las Azores y de Madeira, que se ubican en el hemisferio norte del oc\u00e9ano Atl\u00e1ntico. La gastronom\u00eda de Portugal es principalmente mediterr\u00e1nea con influencias \u00e1rabes, espa\u00f1olas y brasile\u00f1as que presentan ingredientes como el pan, aceites, especias, quesos y dem\u00e1s carnes, destacando tambi\u00e9n su tradici\u00f3n vin\u00edcola. Portugal es un pa\u00eds muy religioso, por lo que se celebran todas las festividades mundiales para el catolicismo, adem\u00e1s de sus particulares fiestas religiosas como el Carnaval, la Fiesta de la Flor en Madeiras y la Fiesta del Esp\u00edritu Santo en las Azores. Principales ciudades:Lisboa (capital), Oporto, Aveiro, Braga, Co\u00edmbra, Guimar\u00e3es, \u00c9vora y Faro, entre otras. Ubicada a orillas de la desembocadura del Tajo, Lisboa es la capital de Portugal y cuenta con una poblaci\u00f3n de m\u00e1s de 2.000.000 de habitantes. Est\u00e1 edificada sobre 7 colinas y existen distribuidos por toda la ciudad m\u00e1s de 20 miradores que se conectan mediante funiculares. Contando con gran cantidad de museos, bibliotecas, un inmenso puerto, iglesias y palacios, la ciudad de Lisboa sorprende con su belleza natural, atrayendo cada a\u00f1o a mayor cantidad de turistas. Principales atractivos tur\u00edsticos:la Fundaci\u00f3n Calouste Gulbenkian, el Museo Nacional de Arte Antiguo, el Monumento a los Descubrimientos, la Torre de Bel\u00e9m, la Iglesia de San Vicente de Fora, el Parque de las Naciones, el Palacio de Sao Bento y el acueducto, entre otros.","og_url":"https:\/\/staging.elkaminante.com.uy\/paquetes\/madrid-lisboa-y-oporto-circuito\/","og_site_name":"El Kaminante","article_modified_time":"2026-05-15T17:48:05+00:00","og_image":[{"width":800,"height":457,"url":"https:\/\/staging.elkaminante.com.uy\/wp-content\/uploads\/2025\/06\/PAQ308.webp","type":"image\/webp"}],"twitter_card":"summary_large_image","schema":{"@context":"https:\/\/schema.org","@graph":[{"@type":"WebPage","@id":"https:\/\/staging.elkaminante.com.uy\/paquetes\/madrid-lisboa-y-oporto-circuito\/","url":"https:\/\/staging.elkaminante.com.uy\/paquetes\/madrid-lisboa-y-oporto-circuito\/","name":"Madrid, Lisboa y Oporto \/ Circuito - El Kaminante","isPartOf":{"@id":"https:\/\/staging.elkaminante.com.uy\/#website"},"primaryImageOfPage":{"@id":"https:\/\/staging.elkaminante.com.uy\/paquetes\/madrid-lisboa-y-oporto-circuito\/#primaryimage"},"image":{"@id":"https:\/\/staging.elkaminante.com.uy\/paquetes\/madrid-lisboa-y-oporto-circuito\/#primaryimage"},"thumbnailUrl":"https:\/\/staging.elkaminante.com.uy\/wp-content\/uploads\/2025\/06\/PAQ308.webp","datePublished":"2025-06-16T23:10:23+00:00","dateModified":"2026-05-15T17:48:05+00:00","breadcrumb":{"@id":"https:\/\/staging.elkaminante.com.uy\/paquetes\/madrid-lisboa-y-oporto-circuito\/#breadcrumb"},"inLanguage":"en-US","potentialAction":[{"@type":"ReadAction","target":["https:\/\/staging.elkaminante.com.uy\/paquetes\/madrid-lisboa-y-oporto-circuito\/"]}]},{"@type":"ImageObject","inLanguage":"en-US","@id":"https:\/\/staging.elkaminante.com.uy\/paquetes\/madrid-lisboa-y-oporto-circuito\/#primaryimage","url":"https:\/\/staging.elkaminante.com.uy\/wp-content\/uploads\/2025\/06\/PAQ308.webp","contentUrl":"https:\/\/staging.elkaminante.com.uy\/wp-content\/uploads\/2025\/06\/PAQ308.webp","width":800,"height":457},{"@type":"BreadcrumbList","@id":"https:\/\/staging.elkaminante.com.uy\/paquetes\/madrid-lisboa-y-oporto-circuito\/#breadcrumb","itemListElement":[{"@type":"ListItem","position":1,"name":"Inicio","item":"https:\/\/staging.elkaminante.com.uy\/en\/"},{"@type":"ListItem","position":2,"name":"Viajes por el mundo","item":"https:\/\/staging.elkaminante.com.uy\/en\/paquetes\/"},{"@type":"ListItem","position":3,"name":"Madrid, Lisboa y Oporto \/ Circuito"}]},{"@type":"WebSite","@id":"https:\/\/staging.elkaminante.com.uy\/#website","url":"https:\/\/staging.elkaminante.com.uy\/","name":"El Kaminante","description":"Viajes &amp; Turismo","publisher":{"@id":"https:\/\/staging.elkaminante.com.uy\/#organization"},"potentialAction":[{"@type":"SearchAction","target":{"@type":"EntryPoint","urlTemplate":"https:\/\/staging.elkaminante.com.uy\/?s={search_term_string}"},"query-input":{"@type":"PropertyValueSpecification","valueRequired":true,"valueName":"search_term_string"}}],"inLanguage":"en-US"},{"@type":"Organization","@id":"https:\/\/staging.elkaminante.com.uy\/#organization","name":"El Kaminante","url":"https:\/\/staging.elkaminante.com.uy\/","logo":{"@type":"ImageObject","inLanguage":"en-US","@id":"https:\/\/staging.elkaminante.com.uy\/#\/schema\/logo\/image\/","url":"https:\/\/staging.elkaminante.com.uy\/wp-content\/uploads\/2025\/02\/logo-elkaminante-blanco.svg","contentUrl":"https:\/\/staging.elkaminante.com.uy\/wp-content\/uploads\/2025\/02\/logo-elkaminante-blanco.svg","caption":"El Kaminante"},"image":{"@id":"https:\/\/staging.elkaminante.com.uy\/#\/schema\/logo\/image\/"}}]}},"_links":{"self":[{"href":"https:\/\/staging.elkaminante.com.uy\/en\/wp-json\/wp\/v2\/product\/10539","targetHints":{"allow":["GET"]}}],"collection":[{"href":"https:\/\/staging.elkaminante.com.uy\/en\/wp-json\/wp\/v2\/product"}],"about":[{"href":"https:\/\/staging.elkaminante.com.uy\/en\/wp-json\/wp\/v2\/types\/product"}],"wp:featuredmedia":[{"embeddable":true,"href":"https:\/\/staging.elkaminante.com.uy\/en\/wp-json\/wp\/v2\/media\/10537"}],"wp:attachment":[{"href":"https:\/\/staging.elkaminante.com.uy\/en\/wp-json\/wp\/v2\/media?parent=10539"}],"wp:term":[{"taxonomy":"product_brand","embeddable":true,"href":"https:\/\/staging.elkaminante.com.uy\/en\/wp-json\/wp\/v2\/product_brand?post=10539"},{"taxonomy":"product_cat","embeddable":true,"href":"https:\/\/staging.elkaminante.com.uy\/en\/wp-json\/wp\/v2\/product_cat?post=10539"},{"taxonomy":"product_tag","embeddable":true,"href":"https:\/\/staging.elkaminante.com.uy\/en\/wp-json\/wp\/v2\/product_tag?post=10539"}],"curies":[{"name":"wp","href":"https:\/\/api.w.org\/{rel}","templated":true}]}}