{"id":10477,"date":"2025-06-16T20:09:47","date_gmt":"2025-06-16T23:09:47","guid":{"rendered":"https:\/\/elkaminante.com.uy\/paquetes\/nueva-york-orlando-miami\/"},"modified":"2026-05-15T14:48:01","modified_gmt":"2026-05-15T17:48:01","slug":"nueva-york-orlando-miami","status":"publish","type":"product","link":"https:\/\/staging.elkaminante.com.uy\/en\/paquetes\/nueva-york-orlando-miami\/","title":{"rendered":"Nueva York Orlando &#038; Miami"},"content":{"rendered":"","protected":false},"excerpt":{"rendered":"<p><b>Nueva York<\/b>, en Estados Unidos, se ha convertido en los \u00faltimos a\u00f1os y por m\u00e9ritos propios en la capital econ\u00f3mica y cultural m\u00e1s importante del mundo. La ciudad ofrece un ambiente y un estilo de vida \u00fanico dif\u00edciles de explicar en unas l\u00edneas: hay que vivirlo y disfrutarlo. Asistir a un musical en Broadway, pasar una noche en Times Square, recorrer de un lado a otro el Puente de Brooklyn, disfrutar de una tarde de compras en la Quinta Avenida o sentirte como un broker en Wall Street, son algunas de las cosas que s\u00f3lo se pueden hacer en Nueva York. Arte, arquitectura, gastronom\u00eda del mundo, compras, entretenimiento y un sin fin de actividades en la ciudad que realmente \u201cnunca duerme\u201d. <i>Principales atractivos tur\u00edsticos:<\/i>el Museo Metropolitano, el Museo de Arte Moderno, el Museo Guggenheim, la Catedral de Nueva York, la Iglesia Memorial Judson, el Memorial del 11S, la Estatua de la Libertad, el Empire State, el City Hall, Broadway, la Quinta Avenida, Wall Street, el Central Park, Bryant Park, Times Square, el Opera House, Chinatown, la High Line, el Top of The Rock, el puente de Brooklyn, The Vessel y los claustros entre otros.<\/p>\n<p>Considerada como la ciudad central del \u00e1rea metropolitana que lleva el mismo nombre, <b>Orlando<\/b> se encuentra en el estado de Florida, en la regi\u00f3n de la Florida Central en Estados Unidos. Hablar de Orlando implica imaginar enormes parques de diversiones, y no es para menos, ya que alberga y le dan vida al destino las atracciones de Walt Disney World , Universal Studios y Sea World, entre otros. El clima es subtropical h\u00famedo, con largos, calurosos y lluviosos veranos, mientras que los inviernos son breves y, por lo general, c\u00e1lidos. La diversi\u00f3n nocturna no puede pasar desapercibida, ya que encontrar\u00e1 una infinidad de lugares para bailar, cenar, o simplemente pasear por la noche. El \u00e1rea de Orlando est\u00e1 repleta de salas de fiestas tem\u00e1ticas, desde los banquetes medievales hasta los bares de piano y clubes occidentales, seguramente encontrar\u00e1 donde divertirse. <i>Principales atractivos tur\u00edsticos:<\/i>Walt Disney World, Universal Studios, Sea World, The Weel en ICON Park, Centro Espacial Kennedy, el aut\u00f3dromo de Daytona, Fun Spot America, Madame Tussauds, Museo de las Ilusiones, Wonder Works y los outlets de compras, entre otros.<\/p>\n<p>Destino tur\u00edstico de sol y playa por excelencia, <b>Miami<\/b>, ubicado en el estado de Florida, Estados Unidos, es un para\u00edso tropical que todo el mundo deber\u00eda conocer. Su privilegiada ubicaci\u00f3n lo convierte en un destino tur\u00edstico en el que se puede disfrutar de un clima c\u00e1lido durante los doce meses del a\u00f1o. Sus interminables extensiones de arena blanca combinadas con su agua de un color azul casi irreal forman un marco incomparable en el que pasar las vacaciones. Sin duda es un lugar que tiene mucho m\u00e1s que ofrecer que sus playas, tambi\u00e9n se puede disfrutar de un d\u00eda en el Parque Nacional de los Everglades, degustar un caf\u00e9 al estilo cubano en Little Havana, pasar un d\u00eda con los animales de Jungle Island o pasear por Ocean Drive y disfrutar de South Beach. <\/p>\n","protected":false},"featured_media":10475,"template":"","meta":{"_acf_changed":false,"inline_featured_image":false},"product_brand":[],"product_cat":[28,1579],"product_tag":[70,68,2093,2092,2050,67,253,1413,289,65,71,244,3442,121,3907,316,393,73,246,294,248,317,120,3282,69,75,247,295,249,318,119],"class_list":{"0":"post-10477","1":"product","2":"type-product","3":"status-publish","4":"has-post-thumbnail","6":"product_cat-paquetes","7":"product_cat-uruguay","8":"product_tag-america-del-norte","9":"product_tag-eeuu","10":"product_tag-en-estados-unidos","11":"product_tag-en-nueva-york","12":"product_tag-en-octubre","13":"product_tag-estados-unidos","14":"product_tag-estados-unidos-en-nueva-york","15":"product_tag-estados-unidos-en-octubre","16":"product_tag-miami","17":"product_tag-no-aplica","18":"product_tag-norte-america","19":"product_tag-nueva-york","20":"product_tag-nueva-york-orlando-miami","21":"product_tag-octubre","22":"product_tag-octubre-2026","23":"product_tag-orlando","24":"product_tag-otros-destinos","25":"product_tag-paquetes-a-america-del-norte","26":"product_tag-paquetes-a-estados-unidos","27":"product_tag-paquetes-a-miami","28":"product_tag-paquetes-a-nueva-york","29":"product_tag-paquetes-a-orlando","30":"product_tag-sin-comidas","31":"product_tag-temporada-baja","32":"product_tag-usa","33":"product_tag-viajes-a-america-del-norte","34":"product_tag-viajes-a-estados-unidos","35":"product_tag-viajes-a-miami","36":"product_tag-viajes-a-nueva-york","37":"product_tag-viajes-a-orlando","38":"product_tag-vuelo-y-hotel","39":"entry","40":"has-media","42":"first","43":"instock","44":"shipping-taxable","45":"purchasable","46":"product-type-simple"},"acf":[],"yoast_head":"<!-- This site is optimized with the Yoast SEO plugin v27.6 - https:\/\/yoast.com\/product\/yoast-seo-wordpress\/ -->\n<title>Nueva York Orlando &amp; Miami - El Kaminante<\/title>\n<meta name=\"robots\" content=\"noindex, follow, max-snippet:-1, max-image-preview:large, max-video-preview:-1\" \/>\n<meta property=\"og:locale\" content=\"en_US\" \/>\n<meta property=\"og:type\" content=\"article\" \/>\n<meta property=\"og:title\" content=\"Nueva York Orlando &amp; Miami - El Kaminante\" \/>\n<meta property=\"og:description\" content=\"Nueva York, en Estados Unidos, se ha convertido en los \u00faltimos a\u00f1os y por m\u00e9ritos propios en la capital econ\u00f3mica y cultural m\u00e1s importante del mundo. La ciudad ofrece un ambiente y un estilo de vida \u00fanico dif\u00edciles de explicar en unas l\u00edneas: hay que vivirlo y disfrutarlo. Asistir a un musical en Broadway, pasar una noche en Times Square, recorrer de un lado a otro el Puente de Brooklyn, disfrutar de una tarde de compras en la Quinta Avenida o sentirte como un broker en Wall Street, son algunas de las cosas que s\u00f3lo se pueden hacer en Nueva York. Arte, arquitectura, gastronom\u00eda del mundo, compras, entretenimiento y un sin fin de actividades en la ciudad que realmente \u201cnunca duerme\u201d. Principales atractivos tur\u00edsticos:el Museo Metropolitano, el Museo de Arte Moderno, el Museo Guggenheim, la Catedral de Nueva York, la Iglesia Memorial Judson, el Memorial del 11S, la Estatua de la Libertad, el Empire State, el City Hall, Broadway, la Quinta Avenida, Wall Street, el Central Park, Bryant Park, Times Square, el Opera House, Chinatown, la High Line, el Top of The Rock, el puente de Brooklyn, The Vessel y los claustros entre otros.Considerada como la ciudad central del \u00e1rea metropolitana que lleva el mismo nombre, Orlando se encuentra en el estado de Florida, en la regi\u00f3n de la Florida Central en Estados Unidos. Hablar de Orlando implica imaginar enormes parques de diversiones, y no es para menos, ya que alberga y le dan vida al destino las atracciones de Walt Disney World , Universal Studios y Sea World, entre otros. El clima es subtropical h\u00famedo, con largos, calurosos y lluviosos veranos, mientras que los inviernos son breves y, por lo general, c\u00e1lidos. La diversi\u00f3n nocturna no puede pasar desapercibida, ya que encontrar\u00e1 una infinidad de lugares para bailar, cenar, o simplemente pasear por la noche. El \u00e1rea de Orlando est\u00e1 repleta de salas de fiestas tem\u00e1ticas, desde los banquetes medievales hasta los bares de piano y clubes occidentales, seguramente encontrar\u00e1 donde divertirse. Principales atractivos tur\u00edsticos:Walt Disney World, Universal Studios, Sea World, The Weel en ICON Park, Centro Espacial Kennedy, el aut\u00f3dromo de Daytona, Fun Spot America, Madame Tussauds, Museo de las Ilusiones, Wonder Works y los outlets de compras, entre otros.Destino tur\u00edstico de sol y playa por excelencia, Miami, ubicado en el estado de Florida, Estados Unidos, es un para\u00edso tropical que todo el mundo deber\u00eda conocer. Su privilegiada ubicaci\u00f3n lo convierte en un destino tur\u00edstico en el que se puede disfrutar de un clima c\u00e1lido durante los doce meses del a\u00f1o. Sus interminables extensiones de arena blanca combinadas con su agua de un color azul casi irreal forman un marco incomparable en el que pasar las vacaciones. Sin duda es un lugar que tiene mucho m\u00e1s que ofrecer que sus playas, tambi\u00e9n se puede disfrutar de un d\u00eda en el Parque Nacional de los Everglades, degustar un caf\u00e9 al estilo cubano en Little Havana, pasar un d\u00eda con los animales de Jungle Island o pasear por Ocean Drive y disfrutar de South Beach.\" \/>\n<meta property=\"og:url\" content=\"https:\/\/staging.elkaminante.com.uy\/paquetes\/nueva-york-orlando-miami\/\" \/>\n<meta property=\"og:site_name\" content=\"El Kaminante\" \/>\n<meta property=\"article:modified_time\" content=\"2026-05-15T17:48:01+00:00\" \/>\n<meta name=\"twitter:card\" content=\"summary_large_image\" \/>\n<script type=\"application\/ld+json\" class=\"yoast-schema-graph\">{\"@context\":\"https:\\\/\\\/schema.org\",\"@graph\":[{\"@type\":\"WebPage\",\"@id\":\"https:\\\/\\\/staging.elkaminante.com.uy\\\/paquetes\\\/nueva-york-orlando-miami\\\/\",\"url\":\"https:\\\/\\\/staging.elkaminante.com.uy\\\/paquetes\\\/nueva-york-orlando-miami\\\/\",\"name\":\"Nueva York Orlando & Miami - El Kaminante\",\"isPartOf\":{\"@id\":\"https:\\\/\\\/staging.elkaminante.com.uy\\\/#website\"},\"primaryImageOfPage\":{\"@id\":\"https:\\\/\\\/staging.elkaminante.com.uy\\\/paquetes\\\/nueva-york-orlando-miami\\\/#primaryimage\"},\"image\":{\"@id\":\"https:\\\/\\\/staging.elkaminante.com.uy\\\/paquetes\\\/nueva-york-orlando-miami\\\/#primaryimage\"},\"thumbnailUrl\":\"https:\\\/\\\/staging.elkaminante.com.uy\\\/wp-content\\\/uploads\\\/2025\\\/06\\\/PAQ289.webp\",\"datePublished\":\"2025-06-16T23:09:47+00:00\",\"dateModified\":\"2026-05-15T17:48:01+00:00\",\"breadcrumb\":{\"@id\":\"https:\\\/\\\/staging.elkaminante.com.uy\\\/paquetes\\\/nueva-york-orlando-miami\\\/#breadcrumb\"},\"inLanguage\":\"en-US\",\"potentialAction\":[{\"@type\":\"ReadAction\",\"target\":[\"https:\\\/\\\/staging.elkaminante.com.uy\\\/paquetes\\\/nueva-york-orlando-miami\\\/\"]}]},{\"@type\":\"ImageObject\",\"inLanguage\":\"en-US\",\"@id\":\"https:\\\/\\\/staging.elkaminante.com.uy\\\/paquetes\\\/nueva-york-orlando-miami\\\/#primaryimage\",\"url\":\"https:\\\/\\\/staging.elkaminante.com.uy\\\/wp-content\\\/uploads\\\/2025\\\/06\\\/PAQ289.webp\",\"contentUrl\":\"https:\\\/\\\/staging.elkaminante.com.uy\\\/wp-content\\\/uploads\\\/2025\\\/06\\\/PAQ289.webp\",\"width\":800,\"height\":457},{\"@type\":\"BreadcrumbList\",\"@id\":\"https:\\\/\\\/staging.elkaminante.com.uy\\\/paquetes\\\/nueva-york-orlando-miami\\\/#breadcrumb\",\"itemListElement\":[{\"@type\":\"ListItem\",\"position\":1,\"name\":\"Inicio\",\"item\":\"https:\\\/\\\/staging.elkaminante.com.uy\\\/en\\\/\"},{\"@type\":\"ListItem\",\"position\":2,\"name\":\"Viajes por el mundo\",\"item\":\"https:\\\/\\\/staging.elkaminante.com.uy\\\/en\\\/paquetes\\\/\"},{\"@type\":\"ListItem\",\"position\":3,\"name\":\"Nueva York Orlando &#038; Miami\"}]},{\"@type\":\"WebSite\",\"@id\":\"https:\\\/\\\/staging.elkaminante.com.uy\\\/#website\",\"url\":\"https:\\\/\\\/staging.elkaminante.com.uy\\\/\",\"name\":\"El Kaminante\",\"description\":\"Viajes &amp; Turismo\",\"publisher\":{\"@id\":\"https:\\\/\\\/staging.elkaminante.com.uy\\\/#organization\"},\"potentialAction\":[{\"@type\":\"SearchAction\",\"target\":{\"@type\":\"EntryPoint\",\"urlTemplate\":\"https:\\\/\\\/staging.elkaminante.com.uy\\\/?s={search_term_string}\"},\"query-input\":{\"@type\":\"PropertyValueSpecification\",\"valueRequired\":true,\"valueName\":\"search_term_string\"}}],\"inLanguage\":\"en-US\"},{\"@type\":\"Organization\",\"@id\":\"https:\\\/\\\/staging.elkaminante.com.uy\\\/#organization\",\"name\":\"El Kaminante\",\"url\":\"https:\\\/\\\/staging.elkaminante.com.uy\\\/\",\"logo\":{\"@type\":\"ImageObject\",\"inLanguage\":\"en-US\",\"@id\":\"https:\\\/\\\/staging.elkaminante.com.uy\\\/#\\\/schema\\\/logo\\\/image\\\/\",\"url\":\"https:\\\/\\\/staging.elkaminante.com.uy\\\/wp-content\\\/uploads\\\/2025\\\/02\\\/logo-elkaminante-blanco.svg\",\"contentUrl\":\"https:\\\/\\\/staging.elkaminante.com.uy\\\/wp-content\\\/uploads\\\/2025\\\/02\\\/logo-elkaminante-blanco.svg\",\"caption\":\"El Kaminante\"},\"image\":{\"@id\":\"https:\\\/\\\/staging.elkaminante.com.uy\\\/#\\\/schema\\\/logo\\\/image\\\/\"}}]}<\/script>\n<!-- \/ Yoast SEO plugin. -->","yoast_head_json":{"title":"Nueva York Orlando & Miami - El Kaminante","robots":{"index":"noindex","follow":"follow","max-snippet":"max-snippet:-1","max-image-preview":"max-image-preview:large","max-video-preview":"max-video-preview:-1"},"og_locale":"en_US","og_type":"article","og_title":"Nueva York Orlando & Miami - El Kaminante","og_description":"Nueva York, en Estados Unidos, se ha convertido en los \u00faltimos a\u00f1os y por m\u00e9ritos propios en la capital econ\u00f3mica y cultural m\u00e1s importante del mundo. La ciudad ofrece un ambiente y un estilo de vida \u00fanico dif\u00edciles de explicar en unas l\u00edneas: hay que vivirlo y disfrutarlo. Asistir a un musical en Broadway, pasar una noche en Times Square, recorrer de un lado a otro el Puente de Brooklyn, disfrutar de una tarde de compras en la Quinta Avenida o sentirte como un broker en Wall Street, son algunas de las cosas que s\u00f3lo se pueden hacer en Nueva York. Arte, arquitectura, gastronom\u00eda del mundo, compras, entretenimiento y un sin fin de actividades en la ciudad que realmente \u201cnunca duerme\u201d. Principales atractivos tur\u00edsticos:el Museo Metropolitano, el Museo de Arte Moderno, el Museo Guggenheim, la Catedral de Nueva York, la Iglesia Memorial Judson, el Memorial del 11S, la Estatua de la Libertad, el Empire State, el City Hall, Broadway, la Quinta Avenida, Wall Street, el Central Park, Bryant Park, Times Square, el Opera House, Chinatown, la High Line, el Top of The Rock, el puente de Brooklyn, The Vessel y los claustros entre otros.Considerada como la ciudad central del \u00e1rea metropolitana que lleva el mismo nombre, Orlando se encuentra en el estado de Florida, en la regi\u00f3n de la Florida Central en Estados Unidos. Hablar de Orlando implica imaginar enormes parques de diversiones, y no es para menos, ya que alberga y le dan vida al destino las atracciones de Walt Disney World , Universal Studios y Sea World, entre otros. El clima es subtropical h\u00famedo, con largos, calurosos y lluviosos veranos, mientras que los inviernos son breves y, por lo general, c\u00e1lidos. La diversi\u00f3n nocturna no puede pasar desapercibida, ya que encontrar\u00e1 una infinidad de lugares para bailar, cenar, o simplemente pasear por la noche. El \u00e1rea de Orlando est\u00e1 repleta de salas de fiestas tem\u00e1ticas, desde los banquetes medievales hasta los bares de piano y clubes occidentales, seguramente encontrar\u00e1 donde divertirse. Principales atractivos tur\u00edsticos:Walt Disney World, Universal Studios, Sea World, The Weel en ICON Park, Centro Espacial Kennedy, el aut\u00f3dromo de Daytona, Fun Spot America, Madame Tussauds, Museo de las Ilusiones, Wonder Works y los outlets de compras, entre otros.Destino tur\u00edstico de sol y playa por excelencia, Miami, ubicado en el estado de Florida, Estados Unidos, es un para\u00edso tropical que todo el mundo deber\u00eda conocer. Su privilegiada ubicaci\u00f3n lo convierte en un destino tur\u00edstico en el que se puede disfrutar de un clima c\u00e1lido durante los doce meses del a\u00f1o. Sus interminables extensiones de arena blanca combinadas con su agua de un color azul casi irreal forman un marco incomparable en el que pasar las vacaciones. Sin duda es un lugar que tiene mucho m\u00e1s que ofrecer que sus playas, tambi\u00e9n se puede disfrutar de un d\u00eda en el Parque Nacional de los Everglades, degustar un caf\u00e9 al estilo cubano en Little Havana, pasar un d\u00eda con los animales de Jungle Island o pasear por Ocean Drive y disfrutar de South Beach.","og_url":"https:\/\/staging.elkaminante.com.uy\/paquetes\/nueva-york-orlando-miami\/","og_site_name":"El Kaminante","article_modified_time":"2026-05-15T17:48:01+00:00","twitter_card":"summary_large_image","schema":{"@context":"https:\/\/schema.org","@graph":[{"@type":"WebPage","@id":"https:\/\/staging.elkaminante.com.uy\/paquetes\/nueva-york-orlando-miami\/","url":"https:\/\/staging.elkaminante.com.uy\/paquetes\/nueva-york-orlando-miami\/","name":"Nueva York Orlando & Miami - El Kaminante","isPartOf":{"@id":"https:\/\/staging.elkaminante.com.uy\/#website"},"primaryImageOfPage":{"@id":"https:\/\/staging.elkaminante.com.uy\/paquetes\/nueva-york-orlando-miami\/#primaryimage"},"image":{"@id":"https:\/\/staging.elkaminante.com.uy\/paquetes\/nueva-york-orlando-miami\/#primaryimage"},"thumbnailUrl":"https:\/\/staging.elkaminante.com.uy\/wp-content\/uploads\/2025\/06\/PAQ289.webp","datePublished":"2025-06-16T23:09:47+00:00","dateModified":"2026-05-15T17:48:01+00:00","breadcrumb":{"@id":"https:\/\/staging.elkaminante.com.uy\/paquetes\/nueva-york-orlando-miami\/#breadcrumb"},"inLanguage":"en-US","potentialAction":[{"@type":"ReadAction","target":["https:\/\/staging.elkaminante.com.uy\/paquetes\/nueva-york-orlando-miami\/"]}]},{"@type":"ImageObject","inLanguage":"en-US","@id":"https:\/\/staging.elkaminante.com.uy\/paquetes\/nueva-york-orlando-miami\/#primaryimage","url":"https:\/\/staging.elkaminante.com.uy\/wp-content\/uploads\/2025\/06\/PAQ289.webp","contentUrl":"https:\/\/staging.elkaminante.com.uy\/wp-content\/uploads\/2025\/06\/PAQ289.webp","width":800,"height":457},{"@type":"BreadcrumbList","@id":"https:\/\/staging.elkaminante.com.uy\/paquetes\/nueva-york-orlando-miami\/#breadcrumb","itemListElement":[{"@type":"ListItem","position":1,"name":"Inicio","item":"https:\/\/staging.elkaminante.com.uy\/en\/"},{"@type":"ListItem","position":2,"name":"Viajes por el mundo","item":"https:\/\/staging.elkaminante.com.uy\/en\/paquetes\/"},{"@type":"ListItem","position":3,"name":"Nueva York Orlando &#038; Miami"}]},{"@type":"WebSite","@id":"https:\/\/staging.elkaminante.com.uy\/#website","url":"https:\/\/staging.elkaminante.com.uy\/","name":"El Kaminante","description":"Viajes &amp; Turismo","publisher":{"@id":"https:\/\/staging.elkaminante.com.uy\/#organization"},"potentialAction":[{"@type":"SearchAction","target":{"@type":"EntryPoint","urlTemplate":"https:\/\/staging.elkaminante.com.uy\/?s={search_term_string}"},"query-input":{"@type":"PropertyValueSpecification","valueRequired":true,"valueName":"search_term_string"}}],"inLanguage":"en-US"},{"@type":"Organization","@id":"https:\/\/staging.elkaminante.com.uy\/#organization","name":"El Kaminante","url":"https:\/\/staging.elkaminante.com.uy\/","logo":{"@type":"ImageObject","inLanguage":"en-US","@id":"https:\/\/staging.elkaminante.com.uy\/#\/schema\/logo\/image\/","url":"https:\/\/staging.elkaminante.com.uy\/wp-content\/uploads\/2025\/02\/logo-elkaminante-blanco.svg","contentUrl":"https:\/\/staging.elkaminante.com.uy\/wp-content\/uploads\/2025\/02\/logo-elkaminante-blanco.svg","caption":"El Kaminante"},"image":{"@id":"https:\/\/staging.elkaminante.com.uy\/#\/schema\/logo\/image\/"}}]}},"_links":{"self":[{"href":"https:\/\/staging.elkaminante.com.uy\/en\/wp-json\/wp\/v2\/product\/10477","targetHints":{"allow":["GET"]}}],"collection":[{"href":"https:\/\/staging.elkaminante.com.uy\/en\/wp-json\/wp\/v2\/product"}],"about":[{"href":"https:\/\/staging.elkaminante.com.uy\/en\/wp-json\/wp\/v2\/types\/product"}],"wp:featuredmedia":[{"embeddable":true,"href":"https:\/\/staging.elkaminante.com.uy\/en\/wp-json\/wp\/v2\/media\/10475"}],"wp:attachment":[{"href":"https:\/\/staging.elkaminante.com.uy\/en\/wp-json\/wp\/v2\/media?parent=10477"}],"wp:term":[{"taxonomy":"product_brand","embeddable":true,"href":"https:\/\/staging.elkaminante.com.uy\/en\/wp-json\/wp\/v2\/product_brand?post=10477"},{"taxonomy":"product_cat","embeddable":true,"href":"https:\/\/staging.elkaminante.com.uy\/en\/wp-json\/wp\/v2\/product_cat?post=10477"},{"taxonomy":"product_tag","embeddable":true,"href":"https:\/\/staging.elkaminante.com.uy\/en\/wp-json\/wp\/v2\/product_tag?post=10477"}],"curies":[{"name":"wp","href":"https:\/\/api.w.org\/{rel}","templated":true}]}}