{"id":10333,"date":"2025-06-16T20:08:00","date_gmt":"2025-06-16T23:08:00","guid":{"rendered":"https:\/\/elkaminante.com.uy\/paquetes\/egipto-con-hurghada\/"},"modified":"2026-05-15T14:47:57","modified_gmt":"2026-05-15T17:47:57","slug":"egipto-con-hurghada","status":"publish","type":"product","link":"https:\/\/staging.elkaminante.com.uy\/en\/paquetes\/egipto-con-hurghada\/","title":{"rendered":"Egipto con Hurghada"},"content":{"rendered":"","protected":false},"excerpt":{"rendered":"<p>Los viajes a <b>Egipto<\/b>, son una forma \u00fanica de conocer el pa\u00eds del Nilo, la oportunidad de descubrir una de las culturas m\u00e1s fascinantes que han dejado su huella en la historia. Sobre la arena del desierto a\u00fan quedan testigos de una de las civilizaciones m\u00e1s importantes de la Humanidad. Las pir\u00e1mides son, sin duda, los monumentos m\u00e1s destacados de Egipto. Turismo en estas moles, las tumbas de los faraones, es la actividad m\u00e1s conocida del pa\u00eds. El legado de Keops, Kefren y Micerinos, perdura bajo la atenta imagen de la Esfinge, que custodia estas maravillas de la Antig\u00fcedad. Los faraones pretend\u00edan as\u00ed conservar su cuerpo para ganarse la inmortalidad, y en cierto modo, lo consiguieron. <i>Principales atractivos tur\u00edsticos:<\/i> el Museo de Arte Fara\u00f3nico de El Cairo, la Ciudadela de Saladino, la Mezquita de Alabastro, los templos de Luxor y Karnak, la Avenida de las Esfinges, el Valle de los Reyes, los monumentos de Rams\u00e9s III y la reina Hatshepsu, el Valle de los Artesanos, el r\u00edo Nilo, Edf\u00fa, el templo de Kom Ombo, un paseo en faluca, Abu Simbel y la presa de Assuan entre otros.<\/p>\n<p><b>Hurghada<\/b> es un destino costero situado a lo largo del Mar Rojo. Conocido por sus playas de arena blanca y aguas cristalinas, es un para\u00edso para los amantes del sol y el mar. Los arrecifes de coral submarinos hacen de Hurghada un lugar ideal para el buceo y el snorkel, ofreciendo vistas asombrosas de la vida marina.<\/p>\n","protected":false},"featured_media":10331,"template":"","meta":{"_acf_changed":false,"inline_featured_image":false},"product_brand":[],"product_cat":[28,1579],"product_tag":[432,173,2631,64,2633,688,3781,3419,694,1746,2630,2209,2050,2636,1634,2534,62,804,2632,2634,117,65,121,3907,434,689,120,61,436,690,63],"class_list":{"0":"post-10333","1":"product","2":"type-product","3":"status-publish","4":"has-post-thumbnail","6":"product_cat-paquetes","7":"product_cat-uruguay","8":"product_tag-africa","9":"product_tag-all-inclusive","10":"product_tag-asuan","11":"product_tag-desayuno","12":"product_tag-edfu","13":"product_tag-egipto","14":"product_tag-egipto-con-crucero-nilo","15":"product_tag-egipto-con-hurghada","16":"product_tag-egipto-en-egipto","17":"product_tag-egipto-en-octubre","18":"product_tag-el-cairo","19":"product_tag-en-egipto","20":"product_tag-en-octubre","21":"product_tag-esna","22":"product_tag-exhotico","23":"product_tag-exotico","24":"product_tag-exoticos","25":"product_tag-hurghada","26":"product_tag-kom-ombo","27":"product_tag-luxor","28":"product_tag-madrid","29":"product_tag-no-aplica","30":"product_tag-octubre","31":"product_tag-octubre-2026","32":"product_tag-paquetes-a-africa","33":"product_tag-paquetes-a-egipto","34":"product_tag-sin-comidas","35":"product_tag-sin-destino","36":"product_tag-viajes-a-africa","37":"product_tag-viajes-a-egipto","38":"product_tag-vuelo-y-circuito","39":"entry","40":"has-media","42":"first","43":"instock","44":"shipping-taxable","45":"purchasable","46":"product-type-simple"},"acf":[],"yoast_head":"<!-- This site is optimized with the Yoast SEO plugin v27.6 - https:\/\/yoast.com\/product\/yoast-seo-wordpress\/ -->\n<title>Egipto con Hurghada - El Kaminante<\/title>\n<meta name=\"robots\" content=\"noindex, follow, max-snippet:-1, max-image-preview:large, max-video-preview:-1\" \/>\n<meta property=\"og:locale\" content=\"en_US\" \/>\n<meta property=\"og:type\" content=\"article\" \/>\n<meta property=\"og:title\" content=\"Egipto con Hurghada - El Kaminante\" \/>\n<meta property=\"og:description\" content=\"Los viajes a Egipto, son una forma \u00fanica de conocer el pa\u00eds del Nilo, la oportunidad de descubrir una de las culturas m\u00e1s fascinantes que han dejado su huella en la historia. Sobre la arena del desierto a\u00fan quedan testigos de una de las civilizaciones m\u00e1s importantes de la Humanidad. Las pir\u00e1mides son, sin duda, los monumentos m\u00e1s destacados de Egipto. Turismo en estas moles, las tumbas de los faraones, es la actividad m\u00e1s conocida del pa\u00eds. El legado de Keops, Kefren y Micerinos, perdura bajo la atenta imagen de la Esfinge, que custodia estas maravillas de la Antig\u00fcedad. Los faraones pretend\u00edan as\u00ed conservar su cuerpo para ganarse la inmortalidad, y en cierto modo, lo consiguieron. Principales atractivos tur\u00edsticos: el Museo de Arte Fara\u00f3nico de El Cairo, la Ciudadela de Saladino, la Mezquita de Alabastro, los templos de Luxor y Karnak, la Avenida de las Esfinges, el Valle de los Reyes, los monumentos de Rams\u00e9s III y la reina Hatshepsu, el Valle de los Artesanos, el r\u00edo Nilo, Edf\u00fa, el templo de Kom Ombo, un paseo en faluca, Abu Simbel y la presa de Assuan entre otros.Hurghada es un destino costero situado a lo largo del Mar Rojo. Conocido por sus playas de arena blanca y aguas cristalinas, es un para\u00edso para los amantes del sol y el mar. Los arrecifes de coral submarinos hacen de Hurghada un lugar ideal para el buceo y el snorkel, ofreciendo vistas asombrosas de la vida marina.\" \/>\n<meta property=\"og:url\" content=\"https:\/\/staging.elkaminante.com.uy\/paquetes\/egipto-con-hurghada\/\" \/>\n<meta property=\"og:site_name\" content=\"El Kaminante\" \/>\n<meta property=\"article:modified_time\" content=\"2026-05-15T17:47:57+00:00\" \/>\n<meta name=\"twitter:card\" content=\"summary_large_image\" \/>\n<script type=\"application\/ld+json\" class=\"yoast-schema-graph\">{\"@context\":\"https:\\\/\\\/schema.org\",\"@graph\":[{\"@type\":\"WebPage\",\"@id\":\"https:\\\/\\\/staging.elkaminante.com.uy\\\/paquetes\\\/egipto-con-hurghada\\\/\",\"url\":\"https:\\\/\\\/staging.elkaminante.com.uy\\\/paquetes\\\/egipto-con-hurghada\\\/\",\"name\":\"Egipto con Hurghada - El Kaminante\",\"isPartOf\":{\"@id\":\"https:\\\/\\\/staging.elkaminante.com.uy\\\/#website\"},\"primaryImageOfPage\":{\"@id\":\"https:\\\/\\\/staging.elkaminante.com.uy\\\/paquetes\\\/egipto-con-hurghada\\\/#primaryimage\"},\"image\":{\"@id\":\"https:\\\/\\\/staging.elkaminante.com.uy\\\/paquetes\\\/egipto-con-hurghada\\\/#primaryimage\"},\"thumbnailUrl\":\"https:\\\/\\\/staging.elkaminante.com.uy\\\/wp-content\\\/uploads\\\/2025\\\/06\\\/PAQ259.webp\",\"datePublished\":\"2025-06-16T23:08:00+00:00\",\"dateModified\":\"2026-05-15T17:47:57+00:00\",\"breadcrumb\":{\"@id\":\"https:\\\/\\\/staging.elkaminante.com.uy\\\/paquetes\\\/egipto-con-hurghada\\\/#breadcrumb\"},\"inLanguage\":\"en-US\",\"potentialAction\":[{\"@type\":\"ReadAction\",\"target\":[\"https:\\\/\\\/staging.elkaminante.com.uy\\\/paquetes\\\/egipto-con-hurghada\\\/\"]}]},{\"@type\":\"ImageObject\",\"inLanguage\":\"en-US\",\"@id\":\"https:\\\/\\\/staging.elkaminante.com.uy\\\/paquetes\\\/egipto-con-hurghada\\\/#primaryimage\",\"url\":\"https:\\\/\\\/staging.elkaminante.com.uy\\\/wp-content\\\/uploads\\\/2025\\\/06\\\/PAQ259.webp\",\"contentUrl\":\"https:\\\/\\\/staging.elkaminante.com.uy\\\/wp-content\\\/uploads\\\/2025\\\/06\\\/PAQ259.webp\",\"width\":800,\"height\":457},{\"@type\":\"BreadcrumbList\",\"@id\":\"https:\\\/\\\/staging.elkaminante.com.uy\\\/paquetes\\\/egipto-con-hurghada\\\/#breadcrumb\",\"itemListElement\":[{\"@type\":\"ListItem\",\"position\":1,\"name\":\"Inicio\",\"item\":\"https:\\\/\\\/staging.elkaminante.com.uy\\\/en\\\/\"},{\"@type\":\"ListItem\",\"position\":2,\"name\":\"Viajes por el mundo\",\"item\":\"https:\\\/\\\/staging.elkaminante.com.uy\\\/en\\\/paquetes\\\/\"},{\"@type\":\"ListItem\",\"position\":3,\"name\":\"Egipto con Hurghada\"}]},{\"@type\":\"WebSite\",\"@id\":\"https:\\\/\\\/staging.elkaminante.com.uy\\\/#website\",\"url\":\"https:\\\/\\\/staging.elkaminante.com.uy\\\/\",\"name\":\"El Kaminante\",\"description\":\"Viajes &amp; Turismo\",\"publisher\":{\"@id\":\"https:\\\/\\\/staging.elkaminante.com.uy\\\/#organization\"},\"potentialAction\":[{\"@type\":\"SearchAction\",\"target\":{\"@type\":\"EntryPoint\",\"urlTemplate\":\"https:\\\/\\\/staging.elkaminante.com.uy\\\/?s={search_term_string}\"},\"query-input\":{\"@type\":\"PropertyValueSpecification\",\"valueRequired\":true,\"valueName\":\"search_term_string\"}}],\"inLanguage\":\"en-US\"},{\"@type\":\"Organization\",\"@id\":\"https:\\\/\\\/staging.elkaminante.com.uy\\\/#organization\",\"name\":\"El Kaminante\",\"url\":\"https:\\\/\\\/staging.elkaminante.com.uy\\\/\",\"logo\":{\"@type\":\"ImageObject\",\"inLanguage\":\"en-US\",\"@id\":\"https:\\\/\\\/staging.elkaminante.com.uy\\\/#\\\/schema\\\/logo\\\/image\\\/\",\"url\":\"https:\\\/\\\/staging.elkaminante.com.uy\\\/wp-content\\\/uploads\\\/2025\\\/02\\\/logo-elkaminante-blanco.svg\",\"contentUrl\":\"https:\\\/\\\/staging.elkaminante.com.uy\\\/wp-content\\\/uploads\\\/2025\\\/02\\\/logo-elkaminante-blanco.svg\",\"caption\":\"El Kaminante\"},\"image\":{\"@id\":\"https:\\\/\\\/staging.elkaminante.com.uy\\\/#\\\/schema\\\/logo\\\/image\\\/\"}}]}<\/script>\n<!-- \/ Yoast SEO plugin. -->","yoast_head_json":{"title":"Egipto con Hurghada - El Kaminante","robots":{"index":"noindex","follow":"follow","max-snippet":"max-snippet:-1","max-image-preview":"max-image-preview:large","max-video-preview":"max-video-preview:-1"},"og_locale":"en_US","og_type":"article","og_title":"Egipto con Hurghada - El Kaminante","og_description":"Los viajes a Egipto, son una forma \u00fanica de conocer el pa\u00eds del Nilo, la oportunidad de descubrir una de las culturas m\u00e1s fascinantes que han dejado su huella en la historia. Sobre la arena del desierto a\u00fan quedan testigos de una de las civilizaciones m\u00e1s importantes de la Humanidad. Las pir\u00e1mides son, sin duda, los monumentos m\u00e1s destacados de Egipto. Turismo en estas moles, las tumbas de los faraones, es la actividad m\u00e1s conocida del pa\u00eds. El legado de Keops, Kefren y Micerinos, perdura bajo la atenta imagen de la Esfinge, que custodia estas maravillas de la Antig\u00fcedad. Los faraones pretend\u00edan as\u00ed conservar su cuerpo para ganarse la inmortalidad, y en cierto modo, lo consiguieron. Principales atractivos tur\u00edsticos: el Museo de Arte Fara\u00f3nico de El Cairo, la Ciudadela de Saladino, la Mezquita de Alabastro, los templos de Luxor y Karnak, la Avenida de las Esfinges, el Valle de los Reyes, los monumentos de Rams\u00e9s III y la reina Hatshepsu, el Valle de los Artesanos, el r\u00edo Nilo, Edf\u00fa, el templo de Kom Ombo, un paseo en faluca, Abu Simbel y la presa de Assuan entre otros.Hurghada es un destino costero situado a lo largo del Mar Rojo. Conocido por sus playas de arena blanca y aguas cristalinas, es un para\u00edso para los amantes del sol y el mar. Los arrecifes de coral submarinos hacen de Hurghada un lugar ideal para el buceo y el snorkel, ofreciendo vistas asombrosas de la vida marina.","og_url":"https:\/\/staging.elkaminante.com.uy\/paquetes\/egipto-con-hurghada\/","og_site_name":"El Kaminante","article_modified_time":"2026-05-15T17:47:57+00:00","twitter_card":"summary_large_image","schema":{"@context":"https:\/\/schema.org","@graph":[{"@type":"WebPage","@id":"https:\/\/staging.elkaminante.com.uy\/paquetes\/egipto-con-hurghada\/","url":"https:\/\/staging.elkaminante.com.uy\/paquetes\/egipto-con-hurghada\/","name":"Egipto con Hurghada - El Kaminante","isPartOf":{"@id":"https:\/\/staging.elkaminante.com.uy\/#website"},"primaryImageOfPage":{"@id":"https:\/\/staging.elkaminante.com.uy\/paquetes\/egipto-con-hurghada\/#primaryimage"},"image":{"@id":"https:\/\/staging.elkaminante.com.uy\/paquetes\/egipto-con-hurghada\/#primaryimage"},"thumbnailUrl":"https:\/\/staging.elkaminante.com.uy\/wp-content\/uploads\/2025\/06\/PAQ259.webp","datePublished":"2025-06-16T23:08:00+00:00","dateModified":"2026-05-15T17:47:57+00:00","breadcrumb":{"@id":"https:\/\/staging.elkaminante.com.uy\/paquetes\/egipto-con-hurghada\/#breadcrumb"},"inLanguage":"en-US","potentialAction":[{"@type":"ReadAction","target":["https:\/\/staging.elkaminante.com.uy\/paquetes\/egipto-con-hurghada\/"]}]},{"@type":"ImageObject","inLanguage":"en-US","@id":"https:\/\/staging.elkaminante.com.uy\/paquetes\/egipto-con-hurghada\/#primaryimage","url":"https:\/\/staging.elkaminante.com.uy\/wp-content\/uploads\/2025\/06\/PAQ259.webp","contentUrl":"https:\/\/staging.elkaminante.com.uy\/wp-content\/uploads\/2025\/06\/PAQ259.webp","width":800,"height":457},{"@type":"BreadcrumbList","@id":"https:\/\/staging.elkaminante.com.uy\/paquetes\/egipto-con-hurghada\/#breadcrumb","itemListElement":[{"@type":"ListItem","position":1,"name":"Inicio","item":"https:\/\/staging.elkaminante.com.uy\/en\/"},{"@type":"ListItem","position":2,"name":"Viajes por el mundo","item":"https:\/\/staging.elkaminante.com.uy\/en\/paquetes\/"},{"@type":"ListItem","position":3,"name":"Egipto con Hurghada"}]},{"@type":"WebSite","@id":"https:\/\/staging.elkaminante.com.uy\/#website","url":"https:\/\/staging.elkaminante.com.uy\/","name":"El Kaminante","description":"Viajes &amp; Turismo","publisher":{"@id":"https:\/\/staging.elkaminante.com.uy\/#organization"},"potentialAction":[{"@type":"SearchAction","target":{"@type":"EntryPoint","urlTemplate":"https:\/\/staging.elkaminante.com.uy\/?s={search_term_string}"},"query-input":{"@type":"PropertyValueSpecification","valueRequired":true,"valueName":"search_term_string"}}],"inLanguage":"en-US"},{"@type":"Organization","@id":"https:\/\/staging.elkaminante.com.uy\/#organization","name":"El Kaminante","url":"https:\/\/staging.elkaminante.com.uy\/","logo":{"@type":"ImageObject","inLanguage":"en-US","@id":"https:\/\/staging.elkaminante.com.uy\/#\/schema\/logo\/image\/","url":"https:\/\/staging.elkaminante.com.uy\/wp-content\/uploads\/2025\/02\/logo-elkaminante-blanco.svg","contentUrl":"https:\/\/staging.elkaminante.com.uy\/wp-content\/uploads\/2025\/02\/logo-elkaminante-blanco.svg","caption":"El Kaminante"},"image":{"@id":"https:\/\/staging.elkaminante.com.uy\/#\/schema\/logo\/image\/"}}]}},"_links":{"self":[{"href":"https:\/\/staging.elkaminante.com.uy\/en\/wp-json\/wp\/v2\/product\/10333","targetHints":{"allow":["GET"]}}],"collection":[{"href":"https:\/\/staging.elkaminante.com.uy\/en\/wp-json\/wp\/v2\/product"}],"about":[{"href":"https:\/\/staging.elkaminante.com.uy\/en\/wp-json\/wp\/v2\/types\/product"}],"wp:featuredmedia":[{"embeddable":true,"href":"https:\/\/staging.elkaminante.com.uy\/en\/wp-json\/wp\/v2\/media\/10331"}],"wp:attachment":[{"href":"https:\/\/staging.elkaminante.com.uy\/en\/wp-json\/wp\/v2\/media?parent=10333"}],"wp:term":[{"taxonomy":"product_brand","embeddable":true,"href":"https:\/\/staging.elkaminante.com.uy\/en\/wp-json\/wp\/v2\/product_brand?post=10333"},{"taxonomy":"product_cat","embeddable":true,"href":"https:\/\/staging.elkaminante.com.uy\/en\/wp-json\/wp\/v2\/product_cat?post=10333"},{"taxonomy":"product_tag","embeddable":true,"href":"https:\/\/staging.elkaminante.com.uy\/en\/wp-json\/wp\/v2\/product_tag?post=10333"}],"curies":[{"name":"wp","href":"https:\/\/api.w.org\/{rel}","templated":true}]}}