{"id":10229,"date":"2025-06-16T20:06:57","date_gmt":"2025-06-16T23:06:57","guid":{"rendered":"https:\/\/elkaminante.com.uy\/paquetes\/riu-negril-all-inclusive\/"},"modified":"2026-05-15T14:47:53","modified_gmt":"2026-05-15T17:47:53","slug":"riu-negril-all-inclusive","status":"publish","type":"product","link":"https:\/\/staging.elkaminante.com.uy\/en\/paquetes\/riu-negril-all-inclusive\/","title":{"rendered":"RIU Negril All Inclusive"},"content":{"rendered":"","protected":false},"excerpt":{"rendered":"<p>Bienvenido a <b>Jamaica<\/b>, la tercera isla m\u00e1s grande del Caribe y el lugar de nacimiento de Bob Marley y James Bond 007. Es un lugar \u00fanico y familiar con las playas de aguas siempre \u201cazules y claros\u201d, y las horas aparentemente infinitas debajo del sol caliente del Caribe. Un viaje a Jamaica puede incluir un paseo en canoa o en balsa, un paseo a caballo y un paseo en la playa. Tambien se puede subir en globo, zambullirse, hacer la pesca submarina, dar una vuelta en motocicleta por las monta\u00f1as, o relajarse en una hamaca que se sacude durante la puesta del sol. Pod\u00e9s sumergirte en el Agujero Azul, hacer rafting en el r\u00edo Martha Brae e incluso descender en trineo de la Monta\u00f1a M\u00edstica. Carg\u00e1 energ\u00edas con deliciosa y nutritiva comida, como el pollo jerk, antes de salir a explorar. Tambi\u00e9n vale la pena visitar los aut\u00e9nticos clubes de m\u00fasica de Kingston, especialmente para los fan\u00e1ticos del reggae.<\/p>\n<p><b>Montego Bay<\/b> o MoBay, situada en la costa noroeste de Jamaica, es la tercera ciudad m\u00e1s poblada de la isla. La ciudad est\u00e1 localizada en una peque\u00f1a y hermosa bah\u00eda, bautizada por Crist\u00f3bal Col\u00f3n como el \u201cGolfo del Buen Tiempo\u201d que conserva una atm\u00f3sfera l\u00fadica y amigable. Lo que hoy es conocido como un destino tur\u00edstico de primer orden gracias a sus espectaculares playas, el azul turquesa del mar, un clima c\u00e1lido y estable, as\u00ed como una magn\u00edfica planta hotelera, fue en su momento un importante puerto comercial desde donde se exportaba manteca, az\u00facar y bananos. <i>Principales atractivos tur\u00edsticos:<\/i>Sandy Bay, St. Ann\u2019s Bay, Dunn\u2019s River Falls, Dolphins Cove, MargaritaVille y todos sus mercados, entre otros.<\/p>\n","protected":false},"featured_media":10227,"template":"","meta":{"_acf_changed":false,"inline_featured_image":false},"product_brand":[],"product_cat":[28,1579],"product_tag":[562,3851,173,175,34,176,568,2107,4698,307,3924,312,748,2662,65,180,308,177,3402,61,3282,182,309,178,119],"class_list":{"0":"post-10229","1":"product","2":"type-product","3":"status-publish","4":"has-post-thumbnail","6":"product_cat-paquetes","7":"product_cat-uruguay","8":"product_tag-agosto","9":"product_tag-agosto-2026temporada-baja","10":"product_tag-all-inclusive","11":"product_tag-america-central","12":"product_tag-caribe","13":"product_tag-centro-america","14":"product_tag-en-agosto","15":"product_tag-en-jamaica","16":"product_tag-hot-week","17":"product_tag-jamaica","18":"product_tag-jamaica-en-agosto","19":"product_tag-jamaica-en-jamaica","20":"product_tag-montego-bay","21":"product_tag-negril","22":"product_tag-no-aplica","23":"product_tag-paquetes-a-america-central","24":"product_tag-paquetes-a-jamaica","25":"product_tag-paquetes-al-caribe","26":"product_tag-riu-negril-all-inclusive","27":"product_tag-sin-destino","28":"product_tag-temporada-baja","29":"product_tag-viajes-a-america-central","30":"product_tag-viajes-a-jamaica","31":"product_tag-viajes-al-caribe","32":"product_tag-vuelo-y-hotel","33":"entry","34":"has-media","36":"first","37":"instock","38":"shipping-taxable","39":"purchasable","40":"product-type-simple"},"acf":[],"yoast_head":"<!-- This site is optimized with the Yoast SEO plugin v27.6 - https:\/\/yoast.com\/product\/yoast-seo-wordpress\/ -->\n<title>RIU Negril All Inclusive - El Kaminante<\/title>\n<meta name=\"robots\" content=\"noindex, follow, max-snippet:-1, max-image-preview:large, max-video-preview:-1\" \/>\n<meta property=\"og:locale\" content=\"en_US\" \/>\n<meta property=\"og:type\" content=\"article\" \/>\n<meta property=\"og:title\" content=\"RIU Negril All Inclusive - El Kaminante\" \/>\n<meta property=\"og:description\" content=\"Bienvenido a Jamaica, la tercera isla m\u00e1s grande del Caribe y el lugar de nacimiento de Bob Marley y James Bond 007. Es un lugar \u00fanico y familiar con las playas de aguas siempre \u201cazules y claros\u201d, y las horas aparentemente infinitas debajo del sol caliente del Caribe. Un viaje a Jamaica puede incluir un paseo en canoa o en balsa, un paseo a caballo y un paseo en la playa. Tambien se puede subir en globo, zambullirse, hacer la pesca submarina, dar una vuelta en motocicleta por las monta\u00f1as, o relajarse en una hamaca que se sacude durante la puesta del sol. Pod\u00e9s sumergirte en el Agujero Azul, hacer rafting en el r\u00edo Martha Brae e incluso descender en trineo de la Monta\u00f1a M\u00edstica. Carg\u00e1 energ\u00edas con deliciosa y nutritiva comida, como el pollo jerk, antes de salir a explorar. Tambi\u00e9n vale la pena visitar los aut\u00e9nticos clubes de m\u00fasica de Kingston, especialmente para los fan\u00e1ticos del reggae.Montego Bay o MoBay, situada en la costa noroeste de Jamaica, es la tercera ciudad m\u00e1s poblada de la isla. La ciudad est\u00e1 localizada en una peque\u00f1a y hermosa bah\u00eda, bautizada por Crist\u00f3bal Col\u00f3n como el \u201cGolfo del Buen Tiempo\u201d que conserva una atm\u00f3sfera l\u00fadica y amigable. Lo que hoy es conocido como un destino tur\u00edstico de primer orden gracias a sus espectaculares playas, el azul turquesa del mar, un clima c\u00e1lido y estable, as\u00ed como una magn\u00edfica planta hotelera, fue en su momento un importante puerto comercial desde donde se exportaba manteca, az\u00facar y bananos. Principales atractivos tur\u00edsticos:Sandy Bay, St. Ann\u2019s Bay, Dunn\u2019s River Falls, Dolphins Cove, MargaritaVille y todos sus mercados, entre otros.\" \/>\n<meta property=\"og:url\" content=\"https:\/\/staging.elkaminante.com.uy\/paquetes\/riu-negril-all-inclusive\/\" \/>\n<meta property=\"og:site_name\" content=\"El Kaminante\" \/>\n<meta property=\"article:modified_time\" content=\"2026-05-15T17:47:53+00:00\" \/>\n<meta property=\"og:image\" content=\"https:\/\/staging.elkaminante.com.uy\/wp-content\/uploads\/2025\/06\/PAQ230.webp\" \/>\n\t<meta property=\"og:image:width\" content=\"800\" \/>\n\t<meta property=\"og:image:height\" content=\"457\" \/>\n\t<meta property=\"og:image:type\" content=\"image\/webp\" \/>\n<meta name=\"twitter:card\" content=\"summary_large_image\" \/>\n<script type=\"application\/ld+json\" class=\"yoast-schema-graph\">{\"@context\":\"https:\\\/\\\/schema.org\",\"@graph\":[{\"@type\":\"WebPage\",\"@id\":\"https:\\\/\\\/staging.elkaminante.com.uy\\\/paquetes\\\/riu-negril-all-inclusive\\\/\",\"url\":\"https:\\\/\\\/staging.elkaminante.com.uy\\\/paquetes\\\/riu-negril-all-inclusive\\\/\",\"name\":\"RIU Negril All Inclusive - El Kaminante\",\"isPartOf\":{\"@id\":\"https:\\\/\\\/staging.elkaminante.com.uy\\\/#website\"},\"primaryImageOfPage\":{\"@id\":\"https:\\\/\\\/staging.elkaminante.com.uy\\\/paquetes\\\/riu-negril-all-inclusive\\\/#primaryimage\"},\"image\":{\"@id\":\"https:\\\/\\\/staging.elkaminante.com.uy\\\/paquetes\\\/riu-negril-all-inclusive\\\/#primaryimage\"},\"thumbnailUrl\":\"https:\\\/\\\/staging.elkaminante.com.uy\\\/wp-content\\\/uploads\\\/2025\\\/06\\\/PAQ230.webp\",\"datePublished\":\"2025-06-16T23:06:57+00:00\",\"dateModified\":\"2026-05-15T17:47:53+00:00\",\"breadcrumb\":{\"@id\":\"https:\\\/\\\/staging.elkaminante.com.uy\\\/paquetes\\\/riu-negril-all-inclusive\\\/#breadcrumb\"},\"inLanguage\":\"en-US\",\"potentialAction\":[{\"@type\":\"ReadAction\",\"target\":[\"https:\\\/\\\/staging.elkaminante.com.uy\\\/paquetes\\\/riu-negril-all-inclusive\\\/\"]}]},{\"@type\":\"ImageObject\",\"inLanguage\":\"en-US\",\"@id\":\"https:\\\/\\\/staging.elkaminante.com.uy\\\/paquetes\\\/riu-negril-all-inclusive\\\/#primaryimage\",\"url\":\"https:\\\/\\\/staging.elkaminante.com.uy\\\/wp-content\\\/uploads\\\/2025\\\/06\\\/PAQ230.webp\",\"contentUrl\":\"https:\\\/\\\/staging.elkaminante.com.uy\\\/wp-content\\\/uploads\\\/2025\\\/06\\\/PAQ230.webp\",\"width\":800,\"height\":457},{\"@type\":\"BreadcrumbList\",\"@id\":\"https:\\\/\\\/staging.elkaminante.com.uy\\\/paquetes\\\/riu-negril-all-inclusive\\\/#breadcrumb\",\"itemListElement\":[{\"@type\":\"ListItem\",\"position\":1,\"name\":\"Inicio\",\"item\":\"https:\\\/\\\/staging.elkaminante.com.uy\\\/en\\\/\"},{\"@type\":\"ListItem\",\"position\":2,\"name\":\"Viajes por el mundo\",\"item\":\"https:\\\/\\\/staging.elkaminante.com.uy\\\/en\\\/paquetes\\\/\"},{\"@type\":\"ListItem\",\"position\":3,\"name\":\"RIU Negril All Inclusive\"}]},{\"@type\":\"WebSite\",\"@id\":\"https:\\\/\\\/staging.elkaminante.com.uy\\\/#website\",\"url\":\"https:\\\/\\\/staging.elkaminante.com.uy\\\/\",\"name\":\"El Kaminante\",\"description\":\"Viajes &amp; Turismo\",\"publisher\":{\"@id\":\"https:\\\/\\\/staging.elkaminante.com.uy\\\/#organization\"},\"potentialAction\":[{\"@type\":\"SearchAction\",\"target\":{\"@type\":\"EntryPoint\",\"urlTemplate\":\"https:\\\/\\\/staging.elkaminante.com.uy\\\/?s={search_term_string}\"},\"query-input\":{\"@type\":\"PropertyValueSpecification\",\"valueRequired\":true,\"valueName\":\"search_term_string\"}}],\"inLanguage\":\"en-US\"},{\"@type\":\"Organization\",\"@id\":\"https:\\\/\\\/staging.elkaminante.com.uy\\\/#organization\",\"name\":\"El Kaminante\",\"url\":\"https:\\\/\\\/staging.elkaminante.com.uy\\\/\",\"logo\":{\"@type\":\"ImageObject\",\"inLanguage\":\"en-US\",\"@id\":\"https:\\\/\\\/staging.elkaminante.com.uy\\\/#\\\/schema\\\/logo\\\/image\\\/\",\"url\":\"https:\\\/\\\/staging.elkaminante.com.uy\\\/wp-content\\\/uploads\\\/2025\\\/02\\\/logo-elkaminante-blanco.svg\",\"contentUrl\":\"https:\\\/\\\/staging.elkaminante.com.uy\\\/wp-content\\\/uploads\\\/2025\\\/02\\\/logo-elkaminante-blanco.svg\",\"caption\":\"El Kaminante\"},\"image\":{\"@id\":\"https:\\\/\\\/staging.elkaminante.com.uy\\\/#\\\/schema\\\/logo\\\/image\\\/\"}}]}<\/script>\n<!-- \/ Yoast SEO plugin. -->","yoast_head_json":{"title":"RIU Negril All Inclusive - El Kaminante","robots":{"index":"noindex","follow":"follow","max-snippet":"max-snippet:-1","max-image-preview":"max-image-preview:large","max-video-preview":"max-video-preview:-1"},"og_locale":"en_US","og_type":"article","og_title":"RIU Negril All Inclusive - El Kaminante","og_description":"Bienvenido a Jamaica, la tercera isla m\u00e1s grande del Caribe y el lugar de nacimiento de Bob Marley y James Bond 007. Es un lugar \u00fanico y familiar con las playas de aguas siempre \u201cazules y claros\u201d, y las horas aparentemente infinitas debajo del sol caliente del Caribe. Un viaje a Jamaica puede incluir un paseo en canoa o en balsa, un paseo a caballo y un paseo en la playa. Tambien se puede subir en globo, zambullirse, hacer la pesca submarina, dar una vuelta en motocicleta por las monta\u00f1as, o relajarse en una hamaca que se sacude durante la puesta del sol. Pod\u00e9s sumergirte en el Agujero Azul, hacer rafting en el r\u00edo Martha Brae e incluso descender en trineo de la Monta\u00f1a M\u00edstica. Carg\u00e1 energ\u00edas con deliciosa y nutritiva comida, como el pollo jerk, antes de salir a explorar. Tambi\u00e9n vale la pena visitar los aut\u00e9nticos clubes de m\u00fasica de Kingston, especialmente para los fan\u00e1ticos del reggae.Montego Bay o MoBay, situada en la costa noroeste de Jamaica, es la tercera ciudad m\u00e1s poblada de la isla. La ciudad est\u00e1 localizada en una peque\u00f1a y hermosa bah\u00eda, bautizada por Crist\u00f3bal Col\u00f3n como el \u201cGolfo del Buen Tiempo\u201d que conserva una atm\u00f3sfera l\u00fadica y amigable. Lo que hoy es conocido como un destino tur\u00edstico de primer orden gracias a sus espectaculares playas, el azul turquesa del mar, un clima c\u00e1lido y estable, as\u00ed como una magn\u00edfica planta hotelera, fue en su momento un importante puerto comercial desde donde se exportaba manteca, az\u00facar y bananos. Principales atractivos tur\u00edsticos:Sandy Bay, St. Ann\u2019s Bay, Dunn\u2019s River Falls, Dolphins Cove, MargaritaVille y todos sus mercados, entre otros.","og_url":"https:\/\/staging.elkaminante.com.uy\/paquetes\/riu-negril-all-inclusive\/","og_site_name":"El Kaminante","article_modified_time":"2026-05-15T17:47:53+00:00","og_image":[{"width":800,"height":457,"url":"https:\/\/staging.elkaminante.com.uy\/wp-content\/uploads\/2025\/06\/PAQ230.webp","type":"image\/webp"}],"twitter_card":"summary_large_image","schema":{"@context":"https:\/\/schema.org","@graph":[{"@type":"WebPage","@id":"https:\/\/staging.elkaminante.com.uy\/paquetes\/riu-negril-all-inclusive\/","url":"https:\/\/staging.elkaminante.com.uy\/paquetes\/riu-negril-all-inclusive\/","name":"RIU Negril All Inclusive - El Kaminante","isPartOf":{"@id":"https:\/\/staging.elkaminante.com.uy\/#website"},"primaryImageOfPage":{"@id":"https:\/\/staging.elkaminante.com.uy\/paquetes\/riu-negril-all-inclusive\/#primaryimage"},"image":{"@id":"https:\/\/staging.elkaminante.com.uy\/paquetes\/riu-negril-all-inclusive\/#primaryimage"},"thumbnailUrl":"https:\/\/staging.elkaminante.com.uy\/wp-content\/uploads\/2025\/06\/PAQ230.webp","datePublished":"2025-06-16T23:06:57+00:00","dateModified":"2026-05-15T17:47:53+00:00","breadcrumb":{"@id":"https:\/\/staging.elkaminante.com.uy\/paquetes\/riu-negril-all-inclusive\/#breadcrumb"},"inLanguage":"en-US","potentialAction":[{"@type":"ReadAction","target":["https:\/\/staging.elkaminante.com.uy\/paquetes\/riu-negril-all-inclusive\/"]}]},{"@type":"ImageObject","inLanguage":"en-US","@id":"https:\/\/staging.elkaminante.com.uy\/paquetes\/riu-negril-all-inclusive\/#primaryimage","url":"https:\/\/staging.elkaminante.com.uy\/wp-content\/uploads\/2025\/06\/PAQ230.webp","contentUrl":"https:\/\/staging.elkaminante.com.uy\/wp-content\/uploads\/2025\/06\/PAQ230.webp","width":800,"height":457},{"@type":"BreadcrumbList","@id":"https:\/\/staging.elkaminante.com.uy\/paquetes\/riu-negril-all-inclusive\/#breadcrumb","itemListElement":[{"@type":"ListItem","position":1,"name":"Inicio","item":"https:\/\/staging.elkaminante.com.uy\/en\/"},{"@type":"ListItem","position":2,"name":"Viajes por el mundo","item":"https:\/\/staging.elkaminante.com.uy\/en\/paquetes\/"},{"@type":"ListItem","position":3,"name":"RIU Negril All Inclusive"}]},{"@type":"WebSite","@id":"https:\/\/staging.elkaminante.com.uy\/#website","url":"https:\/\/staging.elkaminante.com.uy\/","name":"El Kaminante","description":"Viajes &amp; Turismo","publisher":{"@id":"https:\/\/staging.elkaminante.com.uy\/#organization"},"potentialAction":[{"@type":"SearchAction","target":{"@type":"EntryPoint","urlTemplate":"https:\/\/staging.elkaminante.com.uy\/?s={search_term_string}"},"query-input":{"@type":"PropertyValueSpecification","valueRequired":true,"valueName":"search_term_string"}}],"inLanguage":"en-US"},{"@type":"Organization","@id":"https:\/\/staging.elkaminante.com.uy\/#organization","name":"El Kaminante","url":"https:\/\/staging.elkaminante.com.uy\/","logo":{"@type":"ImageObject","inLanguage":"en-US","@id":"https:\/\/staging.elkaminante.com.uy\/#\/schema\/logo\/image\/","url":"https:\/\/staging.elkaminante.com.uy\/wp-content\/uploads\/2025\/02\/logo-elkaminante-blanco.svg","contentUrl":"https:\/\/staging.elkaminante.com.uy\/wp-content\/uploads\/2025\/02\/logo-elkaminante-blanco.svg","caption":"El Kaminante"},"image":{"@id":"https:\/\/staging.elkaminante.com.uy\/#\/schema\/logo\/image\/"}}]}},"_links":{"self":[{"href":"https:\/\/staging.elkaminante.com.uy\/en\/wp-json\/wp\/v2\/product\/10229","targetHints":{"allow":["GET"]}}],"collection":[{"href":"https:\/\/staging.elkaminante.com.uy\/en\/wp-json\/wp\/v2\/product"}],"about":[{"href":"https:\/\/staging.elkaminante.com.uy\/en\/wp-json\/wp\/v2\/types\/product"}],"wp:featuredmedia":[{"embeddable":true,"href":"https:\/\/staging.elkaminante.com.uy\/en\/wp-json\/wp\/v2\/media\/10227"}],"wp:attachment":[{"href":"https:\/\/staging.elkaminante.com.uy\/en\/wp-json\/wp\/v2\/media?parent=10229"}],"wp:term":[{"taxonomy":"product_brand","embeddable":true,"href":"https:\/\/staging.elkaminante.com.uy\/en\/wp-json\/wp\/v2\/product_brand?post=10229"},{"taxonomy":"product_cat","embeddable":true,"href":"https:\/\/staging.elkaminante.com.uy\/en\/wp-json\/wp\/v2\/product_cat?post=10229"},{"taxonomy":"product_tag","embeddable":true,"href":"https:\/\/staging.elkaminante.com.uy\/en\/wp-json\/wp\/v2\/product_tag?post=10229"}],"curies":[{"name":"wp","href":"https:\/\/api.w.org\/{rel}","templated":true}]}}