{"id":10172,"date":"2025-06-16T20:06:27","date_gmt":"2025-06-16T23:06:27","guid":{"rendered":"https:\/\/elkaminante.com.uy\/paquetes\/sudafrica-y-zambia-circuito\/"},"modified":"2026-05-15T14:47:52","modified_gmt":"2026-05-15T17:47:52","slug":"sudafrica-y-zambia-circuito","status":"publish","type":"product","link":"https:\/\/staging.elkaminante.com.uy\/en\/paquetes\/sudafrica-y-zambia-circuito\/","title":{"rendered":"Sud\u00e1frica y Zambia \/ Circuito"},"content":{"rendered":"","protected":false},"excerpt":{"rendered":"<p>Hacer turismo en <b>Sud\u00e1frica<\/b> es viajar hasta un destino de diversidad en todos los sentidos. Conocido como el pa\u00eds del arco iris por su mezcla cultural, \u00e9tnica y natural, existen miles de lugares tur\u00edsticos de Sud\u00e1frica que le sorprender\u00e1n. El Parque Kruger, el \u2018rey de los parques naturales\u2019 del pa\u00eds. Esta reserva mantiene un delicado equilibrio ecol\u00f3gico debido a la protecci\u00f3n de la que ha sido objeto. En sus 19.000 kil\u00f3metros cuadrados se encuentran ejemplares de todas las especies africanas, incluidos los \u2018cinco grandes\u2019: leones, leopardos, b\u00fafalos, elefantes y rinocerontes; y una riqueza de especies vegetales como pocos lugares del planeta.<\/p>\n<p><b>Informaci\u00f3n Importante<\/b>: Para turistas procedentes de Argentina, Brasil, Colombia, Paraguay, Venezuela y otros; se les requerir\u00e1 presentar el certificado internacional de vacunaci\u00f3n contra la fiebre amarilla al ingresar al pa\u00eds. Vea aqu\u00ed el listado completo de pa\u00edses que requieren el certificado de vacunaci\u00f3n.<\/p>\n","protected":false},"featured_media":10170,"template":"","meta":{"_acf_changed":false,"inline_featured_image":false},"product_brand":[],"product_cat":[28,1579],"product_tag":[432,2645,2647,64,558,2139,1634,2534,62,2544,879,245,3760,65,434,433,2646,61,431,716,439,3390,436,435,63],"class_list":{"0":"post-10172","1":"product","2":"type-product","3":"status-publish","4":"has-post-thumbnail","6":"product_cat-paquetes","7":"product_cat-uruguay","8":"product_tag-africa","9":"product_tag-area-parque-kruger","10":"product_tag-ciudad-del-cabo-y-cataratas-victoria","11":"product_tag-desayuno","12":"product_tag-en-junio","13":"product_tag-en-sudafrica","14":"product_tag-exhotico","15":"product_tag-exotico","16":"product_tag-exoticos","17":"product_tag-johannesburgo","18":"product_tag-julio","19":"product_tag-junio","20":"product_tag-junio-julio-2026","21":"product_tag-no-aplica","22":"product_tag-paquetes-a-africa","23":"product_tag-paquetes-a-sudafrica","24":"product_tag-pretoria","25":"product_tag-sin-destino","26":"product_tag-sudafrica","27":"product_tag-sudafrica-en-junio","28":"product_tag-sudafrica-en-sudafrica","29":"product_tag-sudafrica-y-zambia-circuito","30":"product_tag-viajes-a-africa","31":"product_tag-viajes-a-sudafrica","32":"product_tag-vuelo-y-circuito","33":"entry","34":"has-media","36":"first","37":"instock","38":"shipping-taxable","39":"purchasable","40":"product-type-simple"},"acf":[],"yoast_head":"<!-- This site is optimized with the Yoast SEO plugin v27.6 - https:\/\/yoast.com\/product\/yoast-seo-wordpress\/ -->\n<title>Sud\u00e1frica y Zambia \/ Circuito - El Kaminante<\/title>\n<meta name=\"robots\" content=\"noindex, follow, max-snippet:-1, max-image-preview:large, max-video-preview:-1\" \/>\n<meta property=\"og:locale\" content=\"en_US\" \/>\n<meta property=\"og:type\" content=\"article\" \/>\n<meta property=\"og:title\" content=\"Sud\u00e1frica y Zambia \/ Circuito - El Kaminante\" \/>\n<meta property=\"og:description\" content=\"Hacer turismo en Sud\u00e1frica es viajar hasta un destino de diversidad en todos los sentidos. Conocido como el pa\u00eds del arco iris por su mezcla cultural, \u00e9tnica y natural, existen miles de lugares tur\u00edsticos de Sud\u00e1frica que le sorprender\u00e1n. El Parque Kruger, el \u2018rey de los parques naturales\u2019 del pa\u00eds. Esta reserva mantiene un delicado equilibrio ecol\u00f3gico debido a la protecci\u00f3n de la que ha sido objeto. En sus 19.000 kil\u00f3metros cuadrados se encuentran ejemplares de todas las especies africanas, incluidos los \u2018cinco grandes\u2019: leones, leopardos, b\u00fafalos, elefantes y rinocerontes; y una riqueza de especies vegetales como pocos lugares del planeta.Informaci\u00f3n Importante: Para turistas procedentes de Argentina, Brasil, Colombia, Paraguay, Venezuela y otros; se les requerir\u00e1 presentar el certificado internacional de vacunaci\u00f3n contra la fiebre amarilla al ingresar al pa\u00eds. Vea aqu\u00ed el listado completo de pa\u00edses que requieren el certificado de vacunaci\u00f3n.\" \/>\n<meta property=\"og:url\" content=\"https:\/\/staging.elkaminante.com.uy\/paquetes\/sudafrica-y-zambia-circuito\/\" \/>\n<meta property=\"og:site_name\" content=\"El Kaminante\" \/>\n<meta property=\"article:modified_time\" content=\"2026-05-15T17:47:52+00:00\" \/>\n<meta property=\"og:image\" content=\"https:\/\/staging.elkaminante.com.uy\/wp-content\/uploads\/2025\/06\/PAQ214.webp\" \/>\n\t<meta property=\"og:image:width\" content=\"800\" \/>\n\t<meta property=\"og:image:height\" content=\"457\" \/>\n\t<meta property=\"og:image:type\" content=\"image\/webp\" \/>\n<meta name=\"twitter:card\" content=\"summary_large_image\" \/>\n<script type=\"application\/ld+json\" class=\"yoast-schema-graph\">{\"@context\":\"https:\\\/\\\/schema.org\",\"@graph\":[{\"@type\":\"WebPage\",\"@id\":\"https:\\\/\\\/staging.elkaminante.com.uy\\\/paquetes\\\/sudafrica-y-zambia-circuito\\\/\",\"url\":\"https:\\\/\\\/staging.elkaminante.com.uy\\\/paquetes\\\/sudafrica-y-zambia-circuito\\\/\",\"name\":\"Sud\u00e1frica y Zambia \\\/ Circuito - El Kaminante\",\"isPartOf\":{\"@id\":\"https:\\\/\\\/staging.elkaminante.com.uy\\\/#website\"},\"primaryImageOfPage\":{\"@id\":\"https:\\\/\\\/staging.elkaminante.com.uy\\\/paquetes\\\/sudafrica-y-zambia-circuito\\\/#primaryimage\"},\"image\":{\"@id\":\"https:\\\/\\\/staging.elkaminante.com.uy\\\/paquetes\\\/sudafrica-y-zambia-circuito\\\/#primaryimage\"},\"thumbnailUrl\":\"https:\\\/\\\/staging.elkaminante.com.uy\\\/wp-content\\\/uploads\\\/2025\\\/06\\\/PAQ214.webp\",\"datePublished\":\"2025-06-16T23:06:27+00:00\",\"dateModified\":\"2026-05-15T17:47:52+00:00\",\"breadcrumb\":{\"@id\":\"https:\\\/\\\/staging.elkaminante.com.uy\\\/paquetes\\\/sudafrica-y-zambia-circuito\\\/#breadcrumb\"},\"inLanguage\":\"en-US\",\"potentialAction\":[{\"@type\":\"ReadAction\",\"target\":[\"https:\\\/\\\/staging.elkaminante.com.uy\\\/paquetes\\\/sudafrica-y-zambia-circuito\\\/\"]}]},{\"@type\":\"ImageObject\",\"inLanguage\":\"en-US\",\"@id\":\"https:\\\/\\\/staging.elkaminante.com.uy\\\/paquetes\\\/sudafrica-y-zambia-circuito\\\/#primaryimage\",\"url\":\"https:\\\/\\\/staging.elkaminante.com.uy\\\/wp-content\\\/uploads\\\/2025\\\/06\\\/PAQ214.webp\",\"contentUrl\":\"https:\\\/\\\/staging.elkaminante.com.uy\\\/wp-content\\\/uploads\\\/2025\\\/06\\\/PAQ214.webp\",\"width\":800,\"height\":457},{\"@type\":\"BreadcrumbList\",\"@id\":\"https:\\\/\\\/staging.elkaminante.com.uy\\\/paquetes\\\/sudafrica-y-zambia-circuito\\\/#breadcrumb\",\"itemListElement\":[{\"@type\":\"ListItem\",\"position\":1,\"name\":\"Inicio\",\"item\":\"https:\\\/\\\/staging.elkaminante.com.uy\\\/en\\\/\"},{\"@type\":\"ListItem\",\"position\":2,\"name\":\"Viajes por el mundo\",\"item\":\"https:\\\/\\\/staging.elkaminante.com.uy\\\/en\\\/paquetes\\\/\"},{\"@type\":\"ListItem\",\"position\":3,\"name\":\"Sud\u00e1frica y Zambia \\\/ Circuito\"}]},{\"@type\":\"WebSite\",\"@id\":\"https:\\\/\\\/staging.elkaminante.com.uy\\\/#website\",\"url\":\"https:\\\/\\\/staging.elkaminante.com.uy\\\/\",\"name\":\"El Kaminante\",\"description\":\"Viajes &amp; Turismo\",\"publisher\":{\"@id\":\"https:\\\/\\\/staging.elkaminante.com.uy\\\/#organization\"},\"potentialAction\":[{\"@type\":\"SearchAction\",\"target\":{\"@type\":\"EntryPoint\",\"urlTemplate\":\"https:\\\/\\\/staging.elkaminante.com.uy\\\/?s={search_term_string}\"},\"query-input\":{\"@type\":\"PropertyValueSpecification\",\"valueRequired\":true,\"valueName\":\"search_term_string\"}}],\"inLanguage\":\"en-US\"},{\"@type\":\"Organization\",\"@id\":\"https:\\\/\\\/staging.elkaminante.com.uy\\\/#organization\",\"name\":\"El Kaminante\",\"url\":\"https:\\\/\\\/staging.elkaminante.com.uy\\\/\",\"logo\":{\"@type\":\"ImageObject\",\"inLanguage\":\"en-US\",\"@id\":\"https:\\\/\\\/staging.elkaminante.com.uy\\\/#\\\/schema\\\/logo\\\/image\\\/\",\"url\":\"https:\\\/\\\/staging.elkaminante.com.uy\\\/wp-content\\\/uploads\\\/2025\\\/02\\\/logo-elkaminante-blanco.svg\",\"contentUrl\":\"https:\\\/\\\/staging.elkaminante.com.uy\\\/wp-content\\\/uploads\\\/2025\\\/02\\\/logo-elkaminante-blanco.svg\",\"caption\":\"El Kaminante\"},\"image\":{\"@id\":\"https:\\\/\\\/staging.elkaminante.com.uy\\\/#\\\/schema\\\/logo\\\/image\\\/\"}}]}<\/script>\n<!-- \/ Yoast SEO plugin. -->","yoast_head_json":{"title":"Sud\u00e1frica y Zambia \/ Circuito - El Kaminante","robots":{"index":"noindex","follow":"follow","max-snippet":"max-snippet:-1","max-image-preview":"max-image-preview:large","max-video-preview":"max-video-preview:-1"},"og_locale":"en_US","og_type":"article","og_title":"Sud\u00e1frica y Zambia \/ Circuito - El Kaminante","og_description":"Hacer turismo en Sud\u00e1frica es viajar hasta un destino de diversidad en todos los sentidos. Conocido como el pa\u00eds del arco iris por su mezcla cultural, \u00e9tnica y natural, existen miles de lugares tur\u00edsticos de Sud\u00e1frica que le sorprender\u00e1n. El Parque Kruger, el \u2018rey de los parques naturales\u2019 del pa\u00eds. Esta reserva mantiene un delicado equilibrio ecol\u00f3gico debido a la protecci\u00f3n de la que ha sido objeto. En sus 19.000 kil\u00f3metros cuadrados se encuentran ejemplares de todas las especies africanas, incluidos los \u2018cinco grandes\u2019: leones, leopardos, b\u00fafalos, elefantes y rinocerontes; y una riqueza de especies vegetales como pocos lugares del planeta.Informaci\u00f3n Importante: Para turistas procedentes de Argentina, Brasil, Colombia, Paraguay, Venezuela y otros; se les requerir\u00e1 presentar el certificado internacional de vacunaci\u00f3n contra la fiebre amarilla al ingresar al pa\u00eds. Vea aqu\u00ed el listado completo de pa\u00edses que requieren el certificado de vacunaci\u00f3n.","og_url":"https:\/\/staging.elkaminante.com.uy\/paquetes\/sudafrica-y-zambia-circuito\/","og_site_name":"El Kaminante","article_modified_time":"2026-05-15T17:47:52+00:00","og_image":[{"width":800,"height":457,"url":"https:\/\/staging.elkaminante.com.uy\/wp-content\/uploads\/2025\/06\/PAQ214.webp","type":"image\/webp"}],"twitter_card":"summary_large_image","schema":{"@context":"https:\/\/schema.org","@graph":[{"@type":"WebPage","@id":"https:\/\/staging.elkaminante.com.uy\/paquetes\/sudafrica-y-zambia-circuito\/","url":"https:\/\/staging.elkaminante.com.uy\/paquetes\/sudafrica-y-zambia-circuito\/","name":"Sud\u00e1frica y Zambia \/ Circuito - El Kaminante","isPartOf":{"@id":"https:\/\/staging.elkaminante.com.uy\/#website"},"primaryImageOfPage":{"@id":"https:\/\/staging.elkaminante.com.uy\/paquetes\/sudafrica-y-zambia-circuito\/#primaryimage"},"image":{"@id":"https:\/\/staging.elkaminante.com.uy\/paquetes\/sudafrica-y-zambia-circuito\/#primaryimage"},"thumbnailUrl":"https:\/\/staging.elkaminante.com.uy\/wp-content\/uploads\/2025\/06\/PAQ214.webp","datePublished":"2025-06-16T23:06:27+00:00","dateModified":"2026-05-15T17:47:52+00:00","breadcrumb":{"@id":"https:\/\/staging.elkaminante.com.uy\/paquetes\/sudafrica-y-zambia-circuito\/#breadcrumb"},"inLanguage":"en-US","potentialAction":[{"@type":"ReadAction","target":["https:\/\/staging.elkaminante.com.uy\/paquetes\/sudafrica-y-zambia-circuito\/"]}]},{"@type":"ImageObject","inLanguage":"en-US","@id":"https:\/\/staging.elkaminante.com.uy\/paquetes\/sudafrica-y-zambia-circuito\/#primaryimage","url":"https:\/\/staging.elkaminante.com.uy\/wp-content\/uploads\/2025\/06\/PAQ214.webp","contentUrl":"https:\/\/staging.elkaminante.com.uy\/wp-content\/uploads\/2025\/06\/PAQ214.webp","width":800,"height":457},{"@type":"BreadcrumbList","@id":"https:\/\/staging.elkaminante.com.uy\/paquetes\/sudafrica-y-zambia-circuito\/#breadcrumb","itemListElement":[{"@type":"ListItem","position":1,"name":"Inicio","item":"https:\/\/staging.elkaminante.com.uy\/en\/"},{"@type":"ListItem","position":2,"name":"Viajes por el mundo","item":"https:\/\/staging.elkaminante.com.uy\/en\/paquetes\/"},{"@type":"ListItem","position":3,"name":"Sud\u00e1frica y Zambia \/ Circuito"}]},{"@type":"WebSite","@id":"https:\/\/staging.elkaminante.com.uy\/#website","url":"https:\/\/staging.elkaminante.com.uy\/","name":"El Kaminante","description":"Viajes &amp; Turismo","publisher":{"@id":"https:\/\/staging.elkaminante.com.uy\/#organization"},"potentialAction":[{"@type":"SearchAction","target":{"@type":"EntryPoint","urlTemplate":"https:\/\/staging.elkaminante.com.uy\/?s={search_term_string}"},"query-input":{"@type":"PropertyValueSpecification","valueRequired":true,"valueName":"search_term_string"}}],"inLanguage":"en-US"},{"@type":"Organization","@id":"https:\/\/staging.elkaminante.com.uy\/#organization","name":"El Kaminante","url":"https:\/\/staging.elkaminante.com.uy\/","logo":{"@type":"ImageObject","inLanguage":"en-US","@id":"https:\/\/staging.elkaminante.com.uy\/#\/schema\/logo\/image\/","url":"https:\/\/staging.elkaminante.com.uy\/wp-content\/uploads\/2025\/02\/logo-elkaminante-blanco.svg","contentUrl":"https:\/\/staging.elkaminante.com.uy\/wp-content\/uploads\/2025\/02\/logo-elkaminante-blanco.svg","caption":"El Kaminante"},"image":{"@id":"https:\/\/staging.elkaminante.com.uy\/#\/schema\/logo\/image\/"}}]}},"_links":{"self":[{"href":"https:\/\/staging.elkaminante.com.uy\/en\/wp-json\/wp\/v2\/product\/10172","targetHints":{"allow":["GET"]}}],"collection":[{"href":"https:\/\/staging.elkaminante.com.uy\/en\/wp-json\/wp\/v2\/product"}],"about":[{"href":"https:\/\/staging.elkaminante.com.uy\/en\/wp-json\/wp\/v2\/types\/product"}],"wp:featuredmedia":[{"embeddable":true,"href":"https:\/\/staging.elkaminante.com.uy\/en\/wp-json\/wp\/v2\/media\/10170"}],"wp:attachment":[{"href":"https:\/\/staging.elkaminante.com.uy\/en\/wp-json\/wp\/v2\/media?parent=10172"}],"wp:term":[{"taxonomy":"product_brand","embeddable":true,"href":"https:\/\/staging.elkaminante.com.uy\/en\/wp-json\/wp\/v2\/product_brand?post=10172"},{"taxonomy":"product_cat","embeddable":true,"href":"https:\/\/staging.elkaminante.com.uy\/en\/wp-json\/wp\/v2\/product_cat?post=10172"},{"taxonomy":"product_tag","embeddable":true,"href":"https:\/\/staging.elkaminante.com.uy\/en\/wp-json\/wp\/v2\/product_tag?post=10172"}],"curies":[{"name":"wp","href":"https:\/\/api.w.org\/{rel}","templated":true}]}}