{"id":10087,"date":"2025-06-16T20:05:18","date_gmt":"2025-06-16T23:05:18","guid":{"rendered":"https:\/\/elkaminante.com.uy\/paquetes\/porto-seguro-all-inclusive\/"},"modified":"2026-05-15T14:47:49","modified_gmt":"2026-05-15T17:47:49","slug":"porto-seguro-all-inclusive","status":"publish","type":"product","link":"https:\/\/staging.elkaminante.com.uy\/en\/paquetes\/porto-seguro-all-inclusive\/","title":{"rendered":"Porto Seguro All Inclusive"},"content":{"rendered":"","protected":false},"excerpt":{"rendered":"<p>En el extremo sur del estado de Bah\u00eda encontramos la ciudad de <b>Porto Seguro<\/b>. Tiene hasta 85 km de playas con arena fina y blanca y en su norte encontramos todas las infraestructuras posibles. Un recorrido turistico recomendado es visitar lugares como Cabralia, Trancoso y Coroa Vermelha, donde pueden dar un paseo en barco o bucear, as\u00ed como disfrutar de mercados locales en el centro de las ciudades para encantarse con las artesan\u00edas en coco y la guaran\u00e1 en polvo. Adem\u00e1s, no solo vistas y paisajes, este destino es famoso por sus fiestas interminables a la luz de la luna y su m\u00fasica sensual y caracter\u00edstica. Un espect\u00e1culo que no te pod\u00e9s perder es el de capoeira, que a pesar de ser un baile creado por los africanos, los verdaderos especialistas son los brasileros ya que su f\u00edsico escultural y sus movimientos \u00fanicos les hacen ser los m\u00e1s id\u00f3neos.<\/p>\n","protected":false},"featured_media":10085,"template":"","meta":{"_acf_changed":false,"inline_featured_image":false},"product_brand":[],"product_cat":[28,1579],"product_tag":[173,88,35,1578,642,2054,1610,2198,879,3293,65,91,90,638,637,3376,61,89,2953,1092,2952,93,92,639,119],"class_list":{"0":"post-10087","1":"product","2":"type-product","3":"status-publish","4":"has-post-thumbnail","6":"product_cat-paquetes","7":"product_cat-uruguay","8":"product_tag-all-inclusive","9":"product_tag-america-del-sur","10":"product_tag-brasil","11":"product_tag-brasil-en-julio","12":"product_tag-brasil-en-porto-seguro","13":"product_tag-en-brasil","14":"product_tag-en-julio","15":"product_tag-en-porto-seguro","16":"product_tag-julio","17":"product_tag-julio-2026all-inclusive","18":"product_tag-no-aplica","19":"product_tag-paquetes-a-america-del-sur","20":"product_tag-paquetes-a-brasil","21":"product_tag-paquetes-a-porto-seguro","22":"product_tag-porto-seguro","23":"product_tag-porto-seguro-all-inclusive","24":"product_tag-sin-destino","25":"product_tag-sudamerica","26":"product_tag-vacaciones-de-invierno","27":"product_tag-vacaciones-de-julio","28":"product_tag-vacaciones-julio","29":"product_tag-viajes-a-america-del-sur","30":"product_tag-viajes-a-brasil","31":"product_tag-viajes-a-porto-seguro","32":"product_tag-vuelo-y-hotel","33":"entry","34":"has-media","36":"first","37":"instock","38":"shipping-taxable","39":"purchasable","40":"product-type-simple"},"acf":[],"yoast_head":"<!-- This site is optimized with the Yoast SEO plugin v27.6 - https:\/\/yoast.com\/product\/yoast-seo-wordpress\/ -->\n<title>Porto Seguro All Inclusive - El Kaminante<\/title>\n<meta name=\"robots\" content=\"noindex, follow, max-snippet:-1, max-image-preview:large, max-video-preview:-1\" \/>\n<meta property=\"og:locale\" content=\"en_US\" \/>\n<meta property=\"og:type\" content=\"article\" \/>\n<meta property=\"og:title\" content=\"Porto Seguro All Inclusive - El Kaminante\" \/>\n<meta property=\"og:description\" content=\"En el extremo sur del estado de Bah\u00eda encontramos la ciudad de Porto Seguro. Tiene hasta 85 km de playas con arena fina y blanca y en su norte encontramos todas las infraestructuras posibles. Un recorrido turistico recomendado es visitar lugares como Cabralia, Trancoso y Coroa Vermelha, donde pueden dar un paseo en barco o bucear, as\u00ed como disfrutar de mercados locales en el centro de las ciudades para encantarse con las artesan\u00edas en coco y la guaran\u00e1 en polvo. Adem\u00e1s, no solo vistas y paisajes, este destino es famoso por sus fiestas interminables a la luz de la luna y su m\u00fasica sensual y caracter\u00edstica. Un espect\u00e1culo que no te pod\u00e9s perder es el de capoeira, que a pesar de ser un baile creado por los africanos, los verdaderos especialistas son los brasileros ya que su f\u00edsico escultural y sus movimientos \u00fanicos les hacen ser los m\u00e1s id\u00f3neos.\" \/>\n<meta property=\"og:url\" content=\"https:\/\/staging.elkaminante.com.uy\/paquetes\/porto-seguro-all-inclusive\/\" \/>\n<meta property=\"og:site_name\" content=\"El Kaminante\" \/>\n<meta property=\"article:modified_time\" content=\"2026-05-15T17:47:49+00:00\" \/>\n<meta property=\"og:image\" content=\"https:\/\/staging.elkaminante.com.uy\/wp-content\/uploads\/2025\/06\/PAQ192.webp\" \/>\n\t<meta property=\"og:image:width\" content=\"800\" \/>\n\t<meta property=\"og:image:height\" content=\"457\" \/>\n\t<meta property=\"og:image:type\" content=\"image\/webp\" \/>\n<meta name=\"twitter:card\" content=\"summary_large_image\" \/>\n<script type=\"application\/ld+json\" class=\"yoast-schema-graph\">{\"@context\":\"https:\\\/\\\/schema.org\",\"@graph\":[{\"@type\":\"WebPage\",\"@id\":\"https:\\\/\\\/staging.elkaminante.com.uy\\\/paquetes\\\/porto-seguro-all-inclusive\\\/\",\"url\":\"https:\\\/\\\/staging.elkaminante.com.uy\\\/paquetes\\\/porto-seguro-all-inclusive\\\/\",\"name\":\"Porto Seguro All Inclusive - El Kaminante\",\"isPartOf\":{\"@id\":\"https:\\\/\\\/staging.elkaminante.com.uy\\\/#website\"},\"primaryImageOfPage\":{\"@id\":\"https:\\\/\\\/staging.elkaminante.com.uy\\\/paquetes\\\/porto-seguro-all-inclusive\\\/#primaryimage\"},\"image\":{\"@id\":\"https:\\\/\\\/staging.elkaminante.com.uy\\\/paquetes\\\/porto-seguro-all-inclusive\\\/#primaryimage\"},\"thumbnailUrl\":\"https:\\\/\\\/staging.elkaminante.com.uy\\\/wp-content\\\/uploads\\\/2025\\\/06\\\/PAQ192.webp\",\"datePublished\":\"2025-06-16T23:05:18+00:00\",\"dateModified\":\"2026-05-15T17:47:49+00:00\",\"breadcrumb\":{\"@id\":\"https:\\\/\\\/staging.elkaminante.com.uy\\\/paquetes\\\/porto-seguro-all-inclusive\\\/#breadcrumb\"},\"inLanguage\":\"en-US\",\"potentialAction\":[{\"@type\":\"ReadAction\",\"target\":[\"https:\\\/\\\/staging.elkaminante.com.uy\\\/paquetes\\\/porto-seguro-all-inclusive\\\/\"]}]},{\"@type\":\"ImageObject\",\"inLanguage\":\"en-US\",\"@id\":\"https:\\\/\\\/staging.elkaminante.com.uy\\\/paquetes\\\/porto-seguro-all-inclusive\\\/#primaryimage\",\"url\":\"https:\\\/\\\/staging.elkaminante.com.uy\\\/wp-content\\\/uploads\\\/2025\\\/06\\\/PAQ192.webp\",\"contentUrl\":\"https:\\\/\\\/staging.elkaminante.com.uy\\\/wp-content\\\/uploads\\\/2025\\\/06\\\/PAQ192.webp\",\"width\":800,\"height\":457},{\"@type\":\"BreadcrumbList\",\"@id\":\"https:\\\/\\\/staging.elkaminante.com.uy\\\/paquetes\\\/porto-seguro-all-inclusive\\\/#breadcrumb\",\"itemListElement\":[{\"@type\":\"ListItem\",\"position\":1,\"name\":\"Inicio\",\"item\":\"https:\\\/\\\/staging.elkaminante.com.uy\\\/en\\\/\"},{\"@type\":\"ListItem\",\"position\":2,\"name\":\"Viajes por el mundo\",\"item\":\"https:\\\/\\\/staging.elkaminante.com.uy\\\/en\\\/paquetes\\\/\"},{\"@type\":\"ListItem\",\"position\":3,\"name\":\"Porto Seguro All Inclusive\"}]},{\"@type\":\"WebSite\",\"@id\":\"https:\\\/\\\/staging.elkaminante.com.uy\\\/#website\",\"url\":\"https:\\\/\\\/staging.elkaminante.com.uy\\\/\",\"name\":\"El Kaminante\",\"description\":\"Viajes &amp; Turismo\",\"publisher\":{\"@id\":\"https:\\\/\\\/staging.elkaminante.com.uy\\\/#organization\"},\"potentialAction\":[{\"@type\":\"SearchAction\",\"target\":{\"@type\":\"EntryPoint\",\"urlTemplate\":\"https:\\\/\\\/staging.elkaminante.com.uy\\\/?s={search_term_string}\"},\"query-input\":{\"@type\":\"PropertyValueSpecification\",\"valueRequired\":true,\"valueName\":\"search_term_string\"}}],\"inLanguage\":\"en-US\"},{\"@type\":\"Organization\",\"@id\":\"https:\\\/\\\/staging.elkaminante.com.uy\\\/#organization\",\"name\":\"El Kaminante\",\"url\":\"https:\\\/\\\/staging.elkaminante.com.uy\\\/\",\"logo\":{\"@type\":\"ImageObject\",\"inLanguage\":\"en-US\",\"@id\":\"https:\\\/\\\/staging.elkaminante.com.uy\\\/#\\\/schema\\\/logo\\\/image\\\/\",\"url\":\"https:\\\/\\\/staging.elkaminante.com.uy\\\/wp-content\\\/uploads\\\/2025\\\/02\\\/logo-elkaminante-blanco.svg\",\"contentUrl\":\"https:\\\/\\\/staging.elkaminante.com.uy\\\/wp-content\\\/uploads\\\/2025\\\/02\\\/logo-elkaminante-blanco.svg\",\"caption\":\"El Kaminante\"},\"image\":{\"@id\":\"https:\\\/\\\/staging.elkaminante.com.uy\\\/#\\\/schema\\\/logo\\\/image\\\/\"}}]}<\/script>\n<!-- \/ Yoast SEO plugin. -->","yoast_head_json":{"title":"Porto Seguro All Inclusive - El Kaminante","robots":{"index":"noindex","follow":"follow","max-snippet":"max-snippet:-1","max-image-preview":"max-image-preview:large","max-video-preview":"max-video-preview:-1"},"og_locale":"en_US","og_type":"article","og_title":"Porto Seguro All Inclusive - El Kaminante","og_description":"En el extremo sur del estado de Bah\u00eda encontramos la ciudad de Porto Seguro. Tiene hasta 85 km de playas con arena fina y blanca y en su norte encontramos todas las infraestructuras posibles. Un recorrido turistico recomendado es visitar lugares como Cabralia, Trancoso y Coroa Vermelha, donde pueden dar un paseo en barco o bucear, as\u00ed como disfrutar de mercados locales en el centro de las ciudades para encantarse con las artesan\u00edas en coco y la guaran\u00e1 en polvo. Adem\u00e1s, no solo vistas y paisajes, este destino es famoso por sus fiestas interminables a la luz de la luna y su m\u00fasica sensual y caracter\u00edstica. Un espect\u00e1culo que no te pod\u00e9s perder es el de capoeira, que a pesar de ser un baile creado por los africanos, los verdaderos especialistas son los brasileros ya que su f\u00edsico escultural y sus movimientos \u00fanicos les hacen ser los m\u00e1s id\u00f3neos.","og_url":"https:\/\/staging.elkaminante.com.uy\/paquetes\/porto-seguro-all-inclusive\/","og_site_name":"El Kaminante","article_modified_time":"2026-05-15T17:47:49+00:00","og_image":[{"width":800,"height":457,"url":"https:\/\/staging.elkaminante.com.uy\/wp-content\/uploads\/2025\/06\/PAQ192.webp","type":"image\/webp"}],"twitter_card":"summary_large_image","schema":{"@context":"https:\/\/schema.org","@graph":[{"@type":"WebPage","@id":"https:\/\/staging.elkaminante.com.uy\/paquetes\/porto-seguro-all-inclusive\/","url":"https:\/\/staging.elkaminante.com.uy\/paquetes\/porto-seguro-all-inclusive\/","name":"Porto Seguro All Inclusive - El Kaminante","isPartOf":{"@id":"https:\/\/staging.elkaminante.com.uy\/#website"},"primaryImageOfPage":{"@id":"https:\/\/staging.elkaminante.com.uy\/paquetes\/porto-seguro-all-inclusive\/#primaryimage"},"image":{"@id":"https:\/\/staging.elkaminante.com.uy\/paquetes\/porto-seguro-all-inclusive\/#primaryimage"},"thumbnailUrl":"https:\/\/staging.elkaminante.com.uy\/wp-content\/uploads\/2025\/06\/PAQ192.webp","datePublished":"2025-06-16T23:05:18+00:00","dateModified":"2026-05-15T17:47:49+00:00","breadcrumb":{"@id":"https:\/\/staging.elkaminante.com.uy\/paquetes\/porto-seguro-all-inclusive\/#breadcrumb"},"inLanguage":"en-US","potentialAction":[{"@type":"ReadAction","target":["https:\/\/staging.elkaminante.com.uy\/paquetes\/porto-seguro-all-inclusive\/"]}]},{"@type":"ImageObject","inLanguage":"en-US","@id":"https:\/\/staging.elkaminante.com.uy\/paquetes\/porto-seguro-all-inclusive\/#primaryimage","url":"https:\/\/staging.elkaminante.com.uy\/wp-content\/uploads\/2025\/06\/PAQ192.webp","contentUrl":"https:\/\/staging.elkaminante.com.uy\/wp-content\/uploads\/2025\/06\/PAQ192.webp","width":800,"height":457},{"@type":"BreadcrumbList","@id":"https:\/\/staging.elkaminante.com.uy\/paquetes\/porto-seguro-all-inclusive\/#breadcrumb","itemListElement":[{"@type":"ListItem","position":1,"name":"Inicio","item":"https:\/\/staging.elkaminante.com.uy\/en\/"},{"@type":"ListItem","position":2,"name":"Viajes por el mundo","item":"https:\/\/staging.elkaminante.com.uy\/en\/paquetes\/"},{"@type":"ListItem","position":3,"name":"Porto Seguro All Inclusive"}]},{"@type":"WebSite","@id":"https:\/\/staging.elkaminante.com.uy\/#website","url":"https:\/\/staging.elkaminante.com.uy\/","name":"El Kaminante","description":"Viajes &amp; Turismo","publisher":{"@id":"https:\/\/staging.elkaminante.com.uy\/#organization"},"potentialAction":[{"@type":"SearchAction","target":{"@type":"EntryPoint","urlTemplate":"https:\/\/staging.elkaminante.com.uy\/?s={search_term_string}"},"query-input":{"@type":"PropertyValueSpecification","valueRequired":true,"valueName":"search_term_string"}}],"inLanguage":"en-US"},{"@type":"Organization","@id":"https:\/\/staging.elkaminante.com.uy\/#organization","name":"El Kaminante","url":"https:\/\/staging.elkaminante.com.uy\/","logo":{"@type":"ImageObject","inLanguage":"en-US","@id":"https:\/\/staging.elkaminante.com.uy\/#\/schema\/logo\/image\/","url":"https:\/\/staging.elkaminante.com.uy\/wp-content\/uploads\/2025\/02\/logo-elkaminante-blanco.svg","contentUrl":"https:\/\/staging.elkaminante.com.uy\/wp-content\/uploads\/2025\/02\/logo-elkaminante-blanco.svg","caption":"El Kaminante"},"image":{"@id":"https:\/\/staging.elkaminante.com.uy\/#\/schema\/logo\/image\/"}}]}},"_links":{"self":[{"href":"https:\/\/staging.elkaminante.com.uy\/en\/wp-json\/wp\/v2\/product\/10087","targetHints":{"allow":["GET"]}}],"collection":[{"href":"https:\/\/staging.elkaminante.com.uy\/en\/wp-json\/wp\/v2\/product"}],"about":[{"href":"https:\/\/staging.elkaminante.com.uy\/en\/wp-json\/wp\/v2\/types\/product"}],"wp:featuredmedia":[{"embeddable":true,"href":"https:\/\/staging.elkaminante.com.uy\/en\/wp-json\/wp\/v2\/media\/10085"}],"wp:attachment":[{"href":"https:\/\/staging.elkaminante.com.uy\/en\/wp-json\/wp\/v2\/media?parent=10087"}],"wp:term":[{"taxonomy":"product_brand","embeddable":true,"href":"https:\/\/staging.elkaminante.com.uy\/en\/wp-json\/wp\/v2\/product_brand?post=10087"},{"taxonomy":"product_cat","embeddable":true,"href":"https:\/\/staging.elkaminante.com.uy\/en\/wp-json\/wp\/v2\/product_cat?post=10087"},{"taxonomy":"product_tag","embeddable":true,"href":"https:\/\/staging.elkaminante.com.uy\/en\/wp-json\/wp\/v2\/product_tag?post=10087"}],"curies":[{"name":"wp","href":"https:\/\/api.w.org\/{rel}","templated":true}]}}